{"id":273,"date":"2017-11-06T22:07:40","date_gmt":"2017-11-06T21:07:40","guid":{"rendered":"https:\/\/www.sani-spa.fr\/collection\/?page_id=273"},"modified":"2022-03-11T15:17:06","modified_gmt":"2022-03-11T14:17:06","slug":"contact","status":"publish","type":"page","link":"https:\/\/www.sani-spa.fr\/collection\/contact\/","title":{"rendered":"Contact"},"content":{"rendered":"<p>Utilisez le formulaire ci-dessous pour toute question relative \u00e0 la <strong>boutique en ligne Sani Spa Collection<\/strong> ou \u00e0 une commande effectu\u00e9e sur celle-ci.<\/p>\n<p>Pour une demande de devis ou pour toute question concernant la r\u00e9paration ou l&#8217;entretien de votre spa, contactez-nous par t\u00e9l\u00e9phone au <strong><a href=\"tel:+33362021055\">+33 (0)3 62 02 10 55\u00a0<\/a><\/strong> (9h-12h \/ 14h-18h) ou utilisez le <strong><a href=\"https:\/\/www.sani-spa.fr\/contact\/\" target=\"_blank\" rel=\"noopener\">formulaire de contact Sani Spa en cliquant ici<\/a><\/strong>.<\/p>\n\n<div class=\"wpcf7 no-js\" id=\"wpcf7-f272-o1\" lang=\"fr-FR\" dir=\"ltr\" data-wpcf7-id=\"272\">\n<div class=\"screen-reader-response\"><p role=\"status\" aria-live=\"polite\" aria-atomic=\"true\"><\/p> <ul><\/ul><\/div>\n<form action=\"\/collection\/wp-json\/wp\/v2\/pages\/273#wpcf7-f272-o1\" method=\"post\" class=\"wpcf7-form init\" aria-label=\"Formulaire de contact\" enctype=\"multipart\/form-data\" novalidate=\"novalidate\" data-status=\"init\">\n<fieldset class=\"hidden-fields-container\"><input type=\"hidden\" name=\"_wpcf7\" value=\"272\" \/><input type=\"hidden\" name=\"_wpcf7_version\" value=\"6.1.5\" \/><input type=\"hidden\" name=\"_wpcf7_locale\" value=\"fr_FR\" \/><input type=\"hidden\" name=\"_wpcf7_unit_tag\" value=\"wpcf7-f272-o1\" \/><input type=\"hidden\" name=\"_wpcf7_container_post\" value=\"0\" \/><input type=\"hidden\" name=\"_wpcf7_posted_data_hash\" value=\"\" \/><input type=\"hidden\" name=\"_wpcf7_recaptcha_response\" value=\"\" \/>\n<\/fieldset>\n<p>Nom *\n<\/p>\n<p><span class=\"wpcf7-form-control-wrap\" data-name=\"your-lastname\"><input size=\"40\" maxlength=\"400\" class=\"wpcf7-form-control wpcf7-text wpcf7-validates-as-required\" aria-required=\"true\" aria-invalid=\"false\" value=\"\" type=\"text\" name=\"your-lastname\" \/><\/span>\n<\/p>\n<p>Pr\u00e9nom *\n<\/p>\n<p><span class=\"wpcf7-form-control-wrap\" data-name=\"your-firstname\"><input size=\"40\" maxlength=\"400\" class=\"wpcf7-form-control wpcf7-text wpcf7-validates-as-required\" aria-required=\"true\" aria-invalid=\"false\" value=\"\" type=\"text\" name=\"your-firstname\" \/><\/span>\n<\/p>\n<p>Adresse e-mail *\n<\/p>\n<p><span class=\"wpcf7-form-control-wrap\" data-name=\"your-email\"><input size=\"40\" maxlength=\"400\" class=\"wpcf7-form-control wpcf7-email wpcf7-validates-as-required wpcf7-text wpcf7-validates-as-email\" aria-required=\"true\" aria-invalid=\"false\" value=\"\" type=\"email\" name=\"your-email\" \/><\/span>\n<\/p>\n<p>T\u00e9l\u00e9phone *\n<\/p>\n<p><span class=\"wpcf7-form-control-wrap\" data-name=\"your-phone\"><input size=\"40\" maxlength=\"400\" class=\"wpcf7-form-control wpcf7-text wpcf7-validates-as-required\" aria-required=\"true\" aria-invalid=\"false\" value=\"\" type=\"text\" name=\"your-phone\" \/><\/span>\n<\/p>\n<p>Adresse\n<\/p>\n<p><span class=\"wpcf7-form-control-wrap\" data-name=\"your-address\"><input size=\"40\" maxlength=\"400\" class=\"wpcf7-form-control wpcf7-text\" aria-invalid=\"false\" value=\"\" type=\"text\" name=\"your-address\" \/><\/span>\n<\/p>\n<p>Code postal\n<\/p>\n<p><span class=\"wpcf7-form-control-wrap\" data-name=\"your-postcode\"><input size=\"40\" maxlength=\"400\" class=\"wpcf7-form-control wpcf7-text\" aria-invalid=\"false\" value=\"\" type=\"text\" name=\"your-postcode\" \/><\/span>\n<\/p>\n<p>Ville\n<\/p>\n<p><span class=\"wpcf7-form-control-wrap\" data-name=\"your-city\"><input size=\"40\" maxlength=\"400\" class=\"wpcf7-form-control wpcf7-text\" aria-invalid=\"false\" value=\"\" type=\"text\" name=\"your-city\" \/><\/span>\n<\/p>\n<p>Pays\n<\/p>\n<p><span class=\"wpcf7-form-control-wrap\" data-name=\"your-country\"><input size=\"40\" maxlength=\"400\" class=\"wpcf7-form-control wpcf7-text\" aria-invalid=\"false\" value=\"\" type=\"text\" name=\"your-country\" \/><\/span>\n<\/p>\n<p>Message *\n<\/p>\n<p><span class=\"wpcf7-form-control-wrap\" data-name=\"your-message\"><textarea cols=\"40\" rows=\"10\" maxlength=\"2000\" class=\"wpcf7-form-control wpcf7-textarea wpcf7-validates-as-required\" aria-required=\"true\" aria-invalid=\"false\" name=\"your-message\"><\/textarea><\/span>\n<\/p>\n<p>Joindre un fichier<br \/>\n<span class=\"wpcf7-form-control-wrap\" data-name=\"file-636\"><input size=\"40\" class=\"wpcf7-form-control wpcf7-file\" accept=\".jpg,.jpeg,.png,.bmp,.gif,.pdf,.doc,.docx,.rtf,.txt,.xls,.xlsx\" aria-invalid=\"false\" type=\"file\" name=\"file-636\" \/><\/span>\n<\/p>\n<p><input class=\"wpcf7-form-control wpcf7-submit has-spinner\" type=\"submit\" value=\"Envoyer\" \/>\n<\/p>\n<p><em>* Champs obligatoires<\/em>\n<\/p><p style=\"display: none !important;\" class=\"akismet-fields-container\" data-prefix=\"_wpcf7_ak_\"><label>&#916;<textarea name=\"_wpcf7_ak_hp_textarea\" cols=\"45\" rows=\"8\" maxlength=\"100\"><\/textarea><\/label><input type=\"hidden\" id=\"ak_js_1\" name=\"_wpcf7_ak_js\" value=\"92\"\/><script>document.getElementById( \"ak_js_1\" ).setAttribute( \"value\", ( new Date() ).getTime() );<\/script><\/p><div class=\"wpcf7-response-output\" aria-hidden=\"true\"><\/div>\n<\/form>\n<\/div>\n\n","protected":false},"excerpt":{"rendered":"<p>Utilisez le formulaire ci-dessous pour toute question relative \u00e0 la boutique en ligne Sani Spa Collection ou \u00e0 une commande effectu\u00e9e sur celle-ci. Pour une demande de devis ou pour toute question concernant la r\u00e9paration ou l&#8217;entretien de votre spa, contactez-nous par t\u00e9l\u00e9phone au +33 (0)3 62 02 10 55\u00a0 (9h-12h \/ 14h-18h) ou utilisez [&hellip;]<\/p>\n","protected":false},"author":2,"featured_media":0,"parent":0,"menu_order":0,"comment_status":"closed","ping_status":"closed","template":"","meta":{"footnotes":""},"class_list":["post-273","page","type-page","status-publish","hentry"],"yoast_head":"<!-- This site is optimized with the Yoast SEO plugin v27.0 - https:\/\/yoast.com\/product\/yoast-seo-wordpress\/ -->\n<title>Contact | Sani Spa Collection<\/title>\n<meta name=\"robots\" content=\"index, follow, max-snippet:-1, max-image-preview:large, max-video-preview:-1\" \/>\n<link rel=\"canonical\" href=\"https:\/\/www.sani-spa.fr\/collection\/contact\/\" \/>\n<meta property=\"og:locale\" content=\"fr_FR\" \/>\n<meta property=\"og:type\" content=\"article\" \/>\n<meta property=\"og:title\" content=\"Contact | Sani Spa Collection\" \/>\n<meta property=\"og:description\" content=\"Utilisez le formulaire ci-dessous pour toute question relative \u00e0 la boutique en ligne Sani Spa Collection ou \u00e0 une commande effectu\u00e9e sur celle-ci. Pour une demande de devis ou pour toute question concernant la r\u00e9paration ou l&#8217;entretien de votre spa, contactez-nous par t\u00e9l\u00e9phone au +33 (0)3 62 02 10 55\u00a0 (9h-12h \/ 14h-18h) ou utilisez [&hellip;]\" \/>\n<meta property=\"og:url\" content=\"https:\/\/www.sani-spa.fr\/collection\/contact\/\" \/>\n<meta property=\"og:site_name\" content=\"Sani Spa Collection\" \/>\n<meta property=\"article:publisher\" content=\"https:\/\/www.facebook.com\/sarlsanispa\" \/>\n<meta property=\"article:modified_time\" content=\"2022-03-11T14:17:06+00:00\" \/>\n<meta name=\"twitter:card\" content=\"summary_large_image\" \/>\n<script type=\"application\/ld+json\" class=\"yoast-schema-graph\">{\"@context\":\"https:\/\/schema.org\",\"@graph\":[{\"@type\":\"WebPage\",\"@id\":\"https:\/\/www.sani-spa.fr\/collection\/contact\/\",\"url\":\"https:\/\/www.sani-spa.fr\/collection\/contact\/\",\"name\":\"Contact | Sani Spa Collection\",\"isPartOf\":{\"@id\":\"https:\/\/www.sani-spa.fr\/collection\/#website\"},\"datePublished\":\"2017-11-06T21:07:40+00:00\",\"dateModified\":\"2022-03-11T14:17:06+00:00\",\"breadcrumb\":{\"@id\":\"https:\/\/www.sani-spa.fr\/collection\/contact\/#breadcrumb\"},\"inLanguage\":\"fr-FR\",\"potentialAction\":[{\"@type\":\"ReadAction\",\"target\":[\"https:\/\/www.sani-spa.fr\/collection\/contact\/\"]}]},{\"@type\":\"BreadcrumbList\",\"@id\":\"https:\/\/www.sani-spa.fr\/collection\/contact\/#breadcrumb\",\"itemListElement\":[{\"@type\":\"ListItem\",\"position\":1,\"name\":\"Accueil\",\"item\":\"https:\/\/www.sani-spa.fr\/collection\/\"},{\"@type\":\"ListItem\",\"position\":2,\"name\":\"Contact\"}]},{\"@type\":\"WebSite\",\"@id\":\"https:\/\/www.sani-spa.fr\/collection\/#website\",\"url\":\"https:\/\/www.sani-spa.fr\/collection\/\",\"name\":\"Sani Spa Collection\",\"description\":\"Boutique spas &amp; accessoires spa\",\"publisher\":{\"@id\":\"https:\/\/www.sani-spa.fr\/collection\/#organization\"},\"potentialAction\":[{\"@type\":\"SearchAction\",\"target\":{\"@type\":\"EntryPoint\",\"urlTemplate\":\"https:\/\/www.sani-spa.fr\/collection\/?s={search_term_string}\"},\"query-input\":{\"@type\":\"PropertyValueSpecification\",\"valueRequired\":true,\"valueName\":\"search_term_string\"}}],\"inLanguage\":\"fr-FR\"},{\"@type\":\"Organization\",\"@id\":\"https:\/\/www.sani-spa.fr\/collection\/#organization\",\"name\":\"Sani Spa Collection\",\"url\":\"https:\/\/www.sani-spa.fr\/collection\/\",\"logo\":{\"@type\":\"ImageObject\",\"inLanguage\":\"fr-FR\",\"@id\":\"https:\/\/www.sani-spa.fr\/collection\/#\/schema\/logo\/image\/\",\"url\":\"https:\/\/www.sani-spa.fr\/collection\/wp-collection\/uploads\/2017\/10\/logo-sani-spa-collection.png\",\"contentUrl\":\"https:\/\/www.sani-spa.fr\/collection\/wp-collection\/uploads\/2017\/10\/logo-sani-spa-collection.png\",\"width\":231,\"height\":54,\"caption\":\"Sani Spa Collection\"},\"image\":{\"@id\":\"https:\/\/www.sani-spa.fr\/collection\/#\/schema\/logo\/image\/\"},\"sameAs\":[\"https:\/\/www.facebook.com\/sarlsanispa\"]}]}<\/script>\n<!-- \/ Yoast SEO plugin. -->","yoast_head_json":{"title":"Contact | Sani Spa Collection","robots":{"index":"index","follow":"follow","max-snippet":"max-snippet:-1","max-image-preview":"max-image-preview:large","max-video-preview":"max-video-preview:-1"},"canonical":"https:\/\/www.sani-spa.fr\/collection\/contact\/","og_locale":"fr_FR","og_type":"article","og_title":"Contact | Sani Spa Collection","og_description":"Utilisez le formulaire ci-dessous pour toute question relative \u00e0 la boutique en ligne Sani Spa Collection ou \u00e0 une commande effectu\u00e9e sur celle-ci. Pour une demande de devis ou pour toute question concernant la r\u00e9paration ou l&#8217;entretien de votre spa, contactez-nous par t\u00e9l\u00e9phone au +33 (0)3 62 02 10 55\u00a0 (9h-12h \/ 14h-18h) ou utilisez [&hellip;]","og_url":"https:\/\/www.sani-spa.fr\/collection\/contact\/","og_site_name":"Sani Spa Collection","article_publisher":"https:\/\/www.facebook.com\/sarlsanispa","article_modified_time":"2022-03-11T14:17:06+00:00","twitter_card":"summary_large_image","schema":{"@context":"https:\/\/schema.org","@graph":[{"@type":"WebPage","@id":"https:\/\/www.sani-spa.fr\/collection\/contact\/","url":"https:\/\/www.sani-spa.fr\/collection\/contact\/","name":"Contact | Sani Spa Collection","isPartOf":{"@id":"https:\/\/www.sani-spa.fr\/collection\/#website"},"datePublished":"2017-11-06T21:07:40+00:00","dateModified":"2022-03-11T14:17:06+00:00","breadcrumb":{"@id":"https:\/\/www.sani-spa.fr\/collection\/contact\/#breadcrumb"},"inLanguage":"fr-FR","potentialAction":[{"@type":"ReadAction","target":["https:\/\/www.sani-spa.fr\/collection\/contact\/"]}]},{"@type":"BreadcrumbList","@id":"https:\/\/www.sani-spa.fr\/collection\/contact\/#breadcrumb","itemListElement":[{"@type":"ListItem","position":1,"name":"Accueil","item":"https:\/\/www.sani-spa.fr\/collection\/"},{"@type":"ListItem","position":2,"name":"Contact"}]},{"@type":"WebSite","@id":"https:\/\/www.sani-spa.fr\/collection\/#website","url":"https:\/\/www.sani-spa.fr\/collection\/","name":"Sani Spa Collection","description":"Boutique spas &amp; accessoires spa","publisher":{"@id":"https:\/\/www.sani-spa.fr\/collection\/#organization"},"potentialAction":[{"@type":"SearchAction","target":{"@type":"EntryPoint","urlTemplate":"https:\/\/www.sani-spa.fr\/collection\/?s={search_term_string}"},"query-input":{"@type":"PropertyValueSpecification","valueRequired":true,"valueName":"search_term_string"}}],"inLanguage":"fr-FR"},{"@type":"Organization","@id":"https:\/\/www.sani-spa.fr\/collection\/#organization","name":"Sani Spa Collection","url":"https:\/\/www.sani-spa.fr\/collection\/","logo":{"@type":"ImageObject","inLanguage":"fr-FR","@id":"https:\/\/www.sani-spa.fr\/collection\/#\/schema\/logo\/image\/","url":"https:\/\/www.sani-spa.fr\/collection\/wp-collection\/uploads\/2017\/10\/logo-sani-spa-collection.png","contentUrl":"https:\/\/www.sani-spa.fr\/collection\/wp-collection\/uploads\/2017\/10\/logo-sani-spa-collection.png","width":231,"height":54,"caption":"Sani Spa Collection"},"image":{"@id":"https:\/\/www.sani-spa.fr\/collection\/#\/schema\/logo\/image\/"},"sameAs":["https:\/\/www.facebook.com\/sarlsanispa"]}]}},"jetpack_sharing_enabled":true,"_links":{"self":[{"href":"https:\/\/www.sani-spa.fr\/collection\/wp-json\/wp\/v2\/pages\/273","targetHints":{"allow":["GET"]}}],"collection":[{"href":"https:\/\/www.sani-spa.fr\/collection\/wp-json\/wp\/v2\/pages"}],"about":[{"href":"https:\/\/www.sani-spa.fr\/collection\/wp-json\/wp\/v2\/types\/page"}],"author":[{"embeddable":true,"href":"https:\/\/www.sani-spa.fr\/collection\/wp-json\/wp\/v2\/users\/2"}],"replies":[{"embeddable":true,"href":"https:\/\/www.sani-spa.fr\/collection\/wp-json\/wp\/v2\/comments?post=273"}],"version-history":[{"count":0,"href":"https:\/\/www.sani-spa.fr\/collection\/wp-json\/wp\/v2\/pages\/273\/revisions"}],"wp:attachment":[{"href":"https:\/\/www.sani-spa.fr\/collection\/wp-json\/wp\/v2\/media?parent=273"}],"curies":[{"name":"wp","href":"https:\/\/api.w.org\/{rel}","templated":true}]}}