{"id":3838,"date":"2024-10-08T00:05:36","date_gmt":"2024-10-07T22:05:36","guid":{"rendered":"https:\/\/www.sani-spa.fr\/collection\/?page_id=3838"},"modified":"2024-10-08T00:05:36","modified_gmt":"2024-10-07T22:05:36","slug":"filtres-entretien-spas-coast-spas","status":"publish","type":"page","link":"https:\/\/www.sani-spa.fr\/collection\/filtres-entretien-spas-coast-spas\/","title":{"rendered":"Sani Spa : Sp\u00e9cialiste de la r\u00e9paration et de l&#8217;entretien de spas Coast Spas"},"content":{"rendered":"<p><strong>Sani Spa : Sp\u00e9cialiste de la r\u00e9paration et de l&#8217;entretien de spas Coast Spas<\/strong><\/p>\n<p>Depuis la liquidation judiciaire de Coast Spas France, de nombreux propri\u00e9taires de spas se retrouvent sans solution. <strong>Sani Spa<\/strong> est l\u00e0 pour aider. Nous proposons des services de r\u00e9paration et d\u2019entretien sp\u00e9cialis\u00e9s pour les <strong>spas Coast Spas<\/strong>. Notre boutique en ligne est \u00e0 votre disposition pour acheter des produits, accessoires et filtres.<\/p>\n<h3>Filtres pour spas Coast Spas : Un choix complet pour un entretien optimal<\/h3>\n<p>Le filtre est essentiel pour maintenir votre spa en parfait \u00e9tat. <strong>Sani Spa<\/strong> propose une large gamme de filtres adapt\u00e9s \u00e0 diff\u00e9rents mod\u00e8les de spas Coast Spas :<\/p>\n<ul>\n<li><a href=\"https:\/\/www.sani-spa.fr\/collection\/produit\/filtre-coast-spas-76\/\"><strong>Filtre 76 cm<\/strong>\u00a0<\/a><\/li>\n<li><a href=\"https:\/\/www.sani-spa.fr\/collection\/produit\/filtre-54-coast-spas\/\"><strong>Filtre 54 cm<\/strong>\u00a0<\/a><\/li>\n<li><a href=\"https:\/\/www.sani-spa.fr\/collection\/produit\/filtre-spa-33cm-coast-spas\/\"><strong>Filtre 33 cm<\/strong>\u00a0<\/a><\/li>\n<li><a href=\"https:\/\/www.sani-spa.fr\/collection\/produit\/filtre-60-coast-spas\/\"><strong>Filtre 60 cm<\/strong>\u00a0<\/a><\/li>\n<li><a href=\"https:\/\/www.sani-spa.fr\/collection\/produit\/filtre-coast-spas-omega\/\"><strong>Filtre pour spa Omega<\/strong><\/a> : Compatible avec les spas Omega<\/li>\n<\/ul>\n<h3>Votre solution apr\u00e8s la fermeture de Coast Spas France<\/h3>\n<p>Suite \u00e0 la fermeture de Coast Spas France, <strong>Sani Spa<\/strong> est devenu un partenaire de confiance. Que ce soit pour des pi\u00e8ces de rechange ou des conseils d\u2019entretien, notre boutique en ligne offre tout ce dont vous avez besoin. Nous mettons \u00e0 disposition des produits de haute qualit\u00e9 compatibles avec les spas Coast Spas, pour prolonger la dur\u00e9e de vie de votre \u00e9quipement.<\/p>\n<hr \/>\n<p><strong>Sani Spa<\/strong>, c\u2019est la garantie d\u2019un entretien professionnel et d\u2019un large choix de <strong>filtres et accessoires<\/strong> pour spas Coast Spas, le tout disponible en ligne pour vous accompagner au mieux dans l\u2019utilisation de votre spa.<\/p>\n<p>&nbsp;<\/p>\n","protected":false},"excerpt":{"rendered":"<p>Sani Spa : Sp\u00e9cialiste de la r\u00e9paration et de l&#8217;entretien de spas Coast Spas Depuis la liquidation judiciaire de Coast Spas France, de nombreux propri\u00e9taires de spas se retrouvent sans solution. Sani Spa est l\u00e0 pour aider. Nous proposons des services de r\u00e9paration et d\u2019entretien sp\u00e9cialis\u00e9s pour les spas Coast Spas. Notre boutique en ligne [&hellip;]<\/p>\n","protected":false},"author":4,"featured_media":3746,"parent":0,"menu_order":0,"comment_status":"closed","ping_status":"closed","template":"","meta":{"footnotes":""},"class_list":["post-3838","page","type-page","status-publish","has-post-thumbnail","hentry"],"yoast_head":"<!-- This site is optimized with the Yoast SEO plugin v27.0 - https:\/\/yoast.com\/product\/yoast-seo-wordpress\/ -->\n<title>Sani Spa - Entretien de Spas Coast Spas | Filtres et Accessoires<\/title>\n<meta name=\"description\" content=\"Sani Spa, sp\u00e9cialiste des spas Coast Spas, propose une large gamme de filtres. Boutique en ligne avec produits et accessoires adapt\u00e9s.\" \/>\n<meta name=\"robots\" content=\"index, follow, max-snippet:-1, max-image-preview:large, max-video-preview:-1\" \/>\n<link rel=\"canonical\" href=\"https:\/\/www.sani-spa.fr\/collection\/filtres-entretien-spas-coast-spas\/\" \/>\n<meta property=\"og:locale\" content=\"fr_FR\" \/>\n<meta property=\"og:type\" content=\"article\" \/>\n<meta property=\"og:title\" content=\"Sani Spa - Entretien de Spas Coast Spas | Filtres et Accessoires\" \/>\n<meta property=\"og:description\" content=\"Sani Spa, sp\u00e9cialiste des spas Coast Spas, propose une large gamme de filtres. Boutique en ligne avec produits et accessoires adapt\u00e9s.\" \/>\n<meta property=\"og:url\" content=\"https:\/\/www.sani-spa.fr\/collection\/filtres-entretien-spas-coast-spas\/\" \/>\n<meta property=\"og:site_name\" content=\"Sani Spa Collection\" \/>\n<meta property=\"article:publisher\" content=\"https:\/\/www.facebook.com\/sarlsanispa\" \/>\n<meta property=\"og:image\" content=\"http:\/\/www.sani-spa.fr\/collection\/wp-collection\/uploads\/2024\/08\/Coast-Spas-Logo2.jpg\" \/>\n\t<meta property=\"og:image:width\" content=\"432\" \/>\n\t<meta property=\"og:image:height\" content=\"288\" \/>\n\t<meta property=\"og:image:type\" content=\"image\/jpeg\" \/>\n<meta name=\"twitter:card\" content=\"summary_large_image\" \/>\n<meta name=\"twitter:label1\" content=\"Dur\u00e9e de lecture estim\u00e9e\" \/>\n\t<meta name=\"twitter:data1\" content=\"2 minutes\" \/>\n<script type=\"application\/ld+json\" class=\"yoast-schema-graph\">{\"@context\":\"https:\/\/schema.org\",\"@graph\":[{\"@type\":\"WebPage\",\"@id\":\"https:\/\/www.sani-spa.fr\/collection\/filtres-entretien-spas-coast-spas\/\",\"url\":\"https:\/\/www.sani-spa.fr\/collection\/filtres-entretien-spas-coast-spas\/\",\"name\":\"Sani Spa - Entretien de Spas Coast Spas | Filtres et Accessoires\",\"isPartOf\":{\"@id\":\"https:\/\/www.sani-spa.fr\/collection\/#website\"},\"primaryImageOfPage\":{\"@id\":\"https:\/\/www.sani-spa.fr\/collection\/filtres-entretien-spas-coast-spas\/#primaryimage\"},\"image\":{\"@id\":\"https:\/\/www.sani-spa.fr\/collection\/filtres-entretien-spas-coast-spas\/#primaryimage\"},\"thumbnailUrl\":\"https:\/\/www.sani-spa.fr\/collection\/wp-collection\/uploads\/2024\/08\/Coast-Spas-Logo2.jpg\",\"datePublished\":\"2024-10-07T22:05:36+00:00\",\"description\":\"Sani Spa, sp\u00e9cialiste des spas Coast Spas, propose une large gamme de filtres. Boutique en ligne avec produits et accessoires adapt\u00e9s.\",\"breadcrumb\":{\"@id\":\"https:\/\/www.sani-spa.fr\/collection\/filtres-entretien-spas-coast-spas\/#breadcrumb\"},\"inLanguage\":\"fr-FR\",\"potentialAction\":[{\"@type\":\"ReadAction\",\"target\":[\"https:\/\/www.sani-spa.fr\/collection\/filtres-entretien-spas-coast-spas\/\"]}]},{\"@type\":\"ImageObject\",\"inLanguage\":\"fr-FR\",\"@id\":\"https:\/\/www.sani-spa.fr\/collection\/filtres-entretien-spas-coast-spas\/#primaryimage\",\"url\":\"https:\/\/www.sani-spa.fr\/collection\/wp-collection\/uploads\/2024\/08\/Coast-Spas-Logo2.jpg\",\"contentUrl\":\"https:\/\/www.sani-spa.fr\/collection\/wp-collection\/uploads\/2024\/08\/Coast-Spas-Logo2.jpg\",\"width\":432,\"height\":288},{\"@type\":\"BreadcrumbList\",\"@id\":\"https:\/\/www.sani-spa.fr\/collection\/filtres-entretien-spas-coast-spas\/#breadcrumb\",\"itemListElement\":[{\"@type\":\"ListItem\",\"position\":1,\"name\":\"Accueil\",\"item\":\"https:\/\/www.sani-spa.fr\/collection\/\"},{\"@type\":\"ListItem\",\"position\":2,\"name\":\"Sani Spa : Sp\u00e9cialiste de la r\u00e9paration et de l&#8217;entretien de spas Coast Spas\"}]},{\"@type\":\"WebSite\",\"@id\":\"https:\/\/www.sani-spa.fr\/collection\/#website\",\"url\":\"https:\/\/www.sani-spa.fr\/collection\/\",\"name\":\"Sani Spa Collection\",\"description\":\"Boutique spas &amp; accessoires spa\",\"publisher\":{\"@id\":\"https:\/\/www.sani-spa.fr\/collection\/#organization\"},\"potentialAction\":[{\"@type\":\"SearchAction\",\"target\":{\"@type\":\"EntryPoint\",\"urlTemplate\":\"https:\/\/www.sani-spa.fr\/collection\/?s={search_term_string}\"},\"query-input\":{\"@type\":\"PropertyValueSpecification\",\"valueRequired\":true,\"valueName\":\"search_term_string\"}}],\"inLanguage\":\"fr-FR\"},{\"@type\":\"Organization\",\"@id\":\"https:\/\/www.sani-spa.fr\/collection\/#organization\",\"name\":\"Sani Spa Collection\",\"url\":\"https:\/\/www.sani-spa.fr\/collection\/\",\"logo\":{\"@type\":\"ImageObject\",\"inLanguage\":\"fr-FR\",\"@id\":\"https:\/\/www.sani-spa.fr\/collection\/#\/schema\/logo\/image\/\",\"url\":\"https:\/\/www.sani-spa.fr\/collection\/wp-collection\/uploads\/2017\/10\/logo-sani-spa-collection.png\",\"contentUrl\":\"https:\/\/www.sani-spa.fr\/collection\/wp-collection\/uploads\/2017\/10\/logo-sani-spa-collection.png\",\"width\":231,\"height\":54,\"caption\":\"Sani Spa Collection\"},\"image\":{\"@id\":\"https:\/\/www.sani-spa.fr\/collection\/#\/schema\/logo\/image\/\"},\"sameAs\":[\"https:\/\/www.facebook.com\/sarlsanispa\"]}]}<\/script>\n<!-- \/ Yoast SEO plugin. -->","yoast_head_json":{"title":"Sani Spa - Entretien de Spas Coast Spas | Filtres et Accessoires","description":"Sani Spa, sp\u00e9cialiste des spas Coast Spas, propose une large gamme de filtres. Boutique en ligne avec produits et accessoires adapt\u00e9s.","robots":{"index":"index","follow":"follow","max-snippet":"max-snippet:-1","max-image-preview":"max-image-preview:large","max-video-preview":"max-video-preview:-1"},"canonical":"https:\/\/www.sani-spa.fr\/collection\/filtres-entretien-spas-coast-spas\/","og_locale":"fr_FR","og_type":"article","og_title":"Sani Spa - Entretien de Spas Coast Spas | Filtres et Accessoires","og_description":"Sani Spa, sp\u00e9cialiste des spas Coast Spas, propose une large gamme de filtres. Boutique en ligne avec produits et accessoires adapt\u00e9s.","og_url":"https:\/\/www.sani-spa.fr\/collection\/filtres-entretien-spas-coast-spas\/","og_site_name":"Sani Spa Collection","article_publisher":"https:\/\/www.facebook.com\/sarlsanispa","og_image":[{"width":432,"height":288,"url":"http:\/\/www.sani-spa.fr\/collection\/wp-collection\/uploads\/2024\/08\/Coast-Spas-Logo2.jpg","type":"image\/jpeg"}],"twitter_card":"summary_large_image","twitter_misc":{"Dur\u00e9e de lecture estim\u00e9e":"2 minutes"},"schema":{"@context":"https:\/\/schema.org","@graph":[{"@type":"WebPage","@id":"https:\/\/www.sani-spa.fr\/collection\/filtres-entretien-spas-coast-spas\/","url":"https:\/\/www.sani-spa.fr\/collection\/filtres-entretien-spas-coast-spas\/","name":"Sani Spa - Entretien de Spas Coast Spas | Filtres et Accessoires","isPartOf":{"@id":"https:\/\/www.sani-spa.fr\/collection\/#website"},"primaryImageOfPage":{"@id":"https:\/\/www.sani-spa.fr\/collection\/filtres-entretien-spas-coast-spas\/#primaryimage"},"image":{"@id":"https:\/\/www.sani-spa.fr\/collection\/filtres-entretien-spas-coast-spas\/#primaryimage"},"thumbnailUrl":"https:\/\/www.sani-spa.fr\/collection\/wp-collection\/uploads\/2024\/08\/Coast-Spas-Logo2.jpg","datePublished":"2024-10-07T22:05:36+00:00","description":"Sani Spa, sp\u00e9cialiste des spas Coast Spas, propose une large gamme de filtres. Boutique en ligne avec produits et accessoires adapt\u00e9s.","breadcrumb":{"@id":"https:\/\/www.sani-spa.fr\/collection\/filtres-entretien-spas-coast-spas\/#breadcrumb"},"inLanguage":"fr-FR","potentialAction":[{"@type":"ReadAction","target":["https:\/\/www.sani-spa.fr\/collection\/filtres-entretien-spas-coast-spas\/"]}]},{"@type":"ImageObject","inLanguage":"fr-FR","@id":"https:\/\/www.sani-spa.fr\/collection\/filtres-entretien-spas-coast-spas\/#primaryimage","url":"https:\/\/www.sani-spa.fr\/collection\/wp-collection\/uploads\/2024\/08\/Coast-Spas-Logo2.jpg","contentUrl":"https:\/\/www.sani-spa.fr\/collection\/wp-collection\/uploads\/2024\/08\/Coast-Spas-Logo2.jpg","width":432,"height":288},{"@type":"BreadcrumbList","@id":"https:\/\/www.sani-spa.fr\/collection\/filtres-entretien-spas-coast-spas\/#breadcrumb","itemListElement":[{"@type":"ListItem","position":1,"name":"Accueil","item":"https:\/\/www.sani-spa.fr\/collection\/"},{"@type":"ListItem","position":2,"name":"Sani Spa : Sp\u00e9cialiste de la r\u00e9paration et de l&#8217;entretien de spas Coast Spas"}]},{"@type":"WebSite","@id":"https:\/\/www.sani-spa.fr\/collection\/#website","url":"https:\/\/www.sani-spa.fr\/collection\/","name":"Sani Spa Collection","description":"Boutique spas &amp; accessoires spa","publisher":{"@id":"https:\/\/www.sani-spa.fr\/collection\/#organization"},"potentialAction":[{"@type":"SearchAction","target":{"@type":"EntryPoint","urlTemplate":"https:\/\/www.sani-spa.fr\/collection\/?s={search_term_string}"},"query-input":{"@type":"PropertyValueSpecification","valueRequired":true,"valueName":"search_term_string"}}],"inLanguage":"fr-FR"},{"@type":"Organization","@id":"https:\/\/www.sani-spa.fr\/collection\/#organization","name":"Sani Spa Collection","url":"https:\/\/www.sani-spa.fr\/collection\/","logo":{"@type":"ImageObject","inLanguage":"fr-FR","@id":"https:\/\/www.sani-spa.fr\/collection\/#\/schema\/logo\/image\/","url":"https:\/\/www.sani-spa.fr\/collection\/wp-collection\/uploads\/2017\/10\/logo-sani-spa-collection.png","contentUrl":"https:\/\/www.sani-spa.fr\/collection\/wp-collection\/uploads\/2017\/10\/logo-sani-spa-collection.png","width":231,"height":54,"caption":"Sani Spa Collection"},"image":{"@id":"https:\/\/www.sani-spa.fr\/collection\/#\/schema\/logo\/image\/"},"sameAs":["https:\/\/www.facebook.com\/sarlsanispa"]}]}},"jetpack_sharing_enabled":true,"_links":{"self":[{"href":"https:\/\/www.sani-spa.fr\/collection\/wp-json\/wp\/v2\/pages\/3838","targetHints":{"allow":["GET"]}}],"collection":[{"href":"https:\/\/www.sani-spa.fr\/collection\/wp-json\/wp\/v2\/pages"}],"about":[{"href":"https:\/\/www.sani-spa.fr\/collection\/wp-json\/wp\/v2\/types\/page"}],"author":[{"embeddable":true,"href":"https:\/\/www.sani-spa.fr\/collection\/wp-json\/wp\/v2\/users\/4"}],"replies":[{"embeddable":true,"href":"https:\/\/www.sani-spa.fr\/collection\/wp-json\/wp\/v2\/comments?post=3838"}],"version-history":[{"count":1,"href":"https:\/\/www.sani-spa.fr\/collection\/wp-json\/wp\/v2\/pages\/3838\/revisions"}],"predecessor-version":[{"id":3839,"href":"https:\/\/www.sani-spa.fr\/collection\/wp-json\/wp\/v2\/pages\/3838\/revisions\/3839"}],"wp:featuredmedia":[{"embeddable":true,"href":"https:\/\/www.sani-spa.fr\/collection\/wp-json\/wp\/v2\/media\/3746"}],"wp:attachment":[{"href":"https:\/\/www.sani-spa.fr\/collection\/wp-json\/wp\/v2\/media?parent=3838"}],"curies":[{"name":"wp","href":"https:\/\/api.w.org\/{rel}","templated":true}]}}