{"id":3849,"date":"2024-10-08T00:36:28","date_gmt":"2024-10-07T22:36:28","guid":{"rendered":"https:\/\/www.sani-spa.fr\/collection\/?page_id=3849"},"modified":"2024-10-08T00:36:28","modified_gmt":"2024-10-07T22:36:28","slug":"sani-spa-reparation-et-entretien-de-spas-coast-spas-a-lyon-et-en-rhone-alpes","status":"publish","type":"page","link":"https:\/\/www.sani-spa.fr\/collection\/sani-spa-reparation-et-entretien-de-spas-coast-spas-a-lyon-et-en-rhone-alpes\/","title":{"rendered":"Sani Spa : R\u00e9paration et entretien de spas Coast Spas \u00e0 Lyon et en Rh\u00f4ne-Alpes"},"content":{"rendered":"<h4><strong>Sani Spa : R\u00e9paration et entretien de spas Coast Spas \u00e0 Lyon et en Rh\u00f4ne-Alpes<\/strong><\/h4>\n<p>Pour les propri\u00e9taires de spas <strong>Coast Spas<\/strong> \u00e0 <strong>Lyon, Mont\u00e9limar, Valence<\/strong> et dans toute la r\u00e9gion Rh\u00f4ne-Alpes, <strong>Sani Spa<\/strong>est votre sp\u00e9cialiste en r\u00e9paration et entretien. Suite \u00e0 la fermeture de Coast Spas France, notre \u00e9quipe qualifi\u00e9e est pr\u00eate \u00e0 intervenir pour vous offrir un service sur mesure, quel que soit votre mod\u00e8le de spa.<\/p>\n<p>De plus, notre <strong>boutique en ligne<\/strong> propose les filtres suivants :<\/p>\n<ul>\n<li><a href=\"https:\/\/www.sani-spa.fr\/collection\/produit\/filtre-coast-spas-76\/\"><strong>Filtre 76 cm<\/strong><\/a><\/li>\n<li><a href=\"https:\/\/www.sani-spa.fr\/collection\/produit\/filtre-54-coast-spas\/\"><strong>Filtre 54 cm<\/strong><\/a><\/li>\n<li><a href=\"https:\/\/www.sani-spa.fr\/collection\/produit\/filtre-spa-33cm-coast-spas\/\"><strong>Filtre 33 cm<\/strong><\/a><\/li>\n<li><a href=\"https:\/\/www.sani-spa.fr\/collection\/produit\/filtre-60-coast-spas\/\"><strong>Filtre 60 cm<\/strong><\/a><\/li>\n<li><a href=\"https:\/\/www.sani-spa.fr\/collection\/produit\/filtre-coast-spas-omega\/\"><strong>Filtre pour spa Omega<\/strong><\/a><\/li>\n<\/ul>\n<p>O\u00f9 que vous soyez en Rh\u00f4ne-Alpes, faites appel \u00e0 <strong>Sani Spa<\/strong> pour un service fiable et efficace.<\/p>\n","protected":false},"excerpt":{"rendered":"<p>Sani Spa : R\u00e9paration et entretien de spas Coast Spas \u00e0 Lyon et en Rh\u00f4ne-Alpes Pour les propri\u00e9taires de spas Coast Spas \u00e0 Lyon, Mont\u00e9limar, Valence et dans toute la r\u00e9gion Rh\u00f4ne-Alpes, Sani Spaest votre sp\u00e9cialiste en r\u00e9paration et entretien. Suite \u00e0 la fermeture de Coast Spas France, notre \u00e9quipe qualifi\u00e9e est pr\u00eate \u00e0 intervenir [&hellip;]<\/p>\n","protected":false},"author":4,"featured_media":3746,"parent":0,"menu_order":0,"comment_status":"closed","ping_status":"closed","template":"","meta":{"footnotes":""},"class_list":["post-3849","page","type-page","status-publish","has-post-thumbnail","hentry"],"yoast_head":"<!-- This site is optimized with the Yoast SEO plugin v27.0 - https:\/\/yoast.com\/product\/yoast-seo-wordpress\/ -->\n<title>R\u00e9paration et entretien de spas Coast Spas Lyon et Rh\u00f4ne-Alpes<\/title>\n<meta name=\"description\" content=\"R\u00e9paration et entretien de spas Coast Spas \u00e0 Lyon, Mont\u00e9limar et Valence. Filtres (76 cm, 54 cm, 33 cm, 60 cm, Omega) disponibles en ligne.R\" \/>\n<meta name=\"robots\" content=\"index, follow, max-snippet:-1, max-image-preview:large, max-video-preview:-1\" \/>\n<link rel=\"canonical\" href=\"https:\/\/www.sani-spa.fr\/collection\/sani-spa-reparation-et-entretien-de-spas-coast-spas-a-lyon-et-en-rhone-alpes\/\" \/>\n<meta property=\"og:locale\" content=\"fr_FR\" \/>\n<meta property=\"og:type\" content=\"article\" \/>\n<meta property=\"og:title\" content=\"R\u00e9paration et entretien de spas Coast Spas Lyon et Rh\u00f4ne-Alpes\" \/>\n<meta property=\"og:description\" content=\"R\u00e9paration et entretien de spas Coast Spas \u00e0 Lyon, Mont\u00e9limar et Valence. Filtres (76 cm, 54 cm, 33 cm, 60 cm, Omega) disponibles en ligne.R\" \/>\n<meta property=\"og:url\" content=\"https:\/\/www.sani-spa.fr\/collection\/sani-spa-reparation-et-entretien-de-spas-coast-spas-a-lyon-et-en-rhone-alpes\/\" \/>\n<meta property=\"og:site_name\" content=\"Sani Spa Collection\" \/>\n<meta property=\"article:publisher\" content=\"https:\/\/www.facebook.com\/sarlsanispa\" \/>\n<meta property=\"og:image\" content=\"http:\/\/www.sani-spa.fr\/collection\/wp-collection\/uploads\/2024\/08\/Coast-Spas-Logo2.jpg\" \/>\n\t<meta property=\"og:image:width\" content=\"432\" \/>\n\t<meta property=\"og:image:height\" content=\"288\" \/>\n\t<meta property=\"og:image:type\" content=\"image\/jpeg\" \/>\n<meta name=\"twitter:card\" content=\"summary_large_image\" \/>\n<meta name=\"twitter:label1\" content=\"Dur\u00e9e de lecture estim\u00e9e\" \/>\n\t<meta name=\"twitter:data1\" content=\"1 minute\" \/>\n<script type=\"application\/ld+json\" class=\"yoast-schema-graph\">{\"@context\":\"https:\/\/schema.org\",\"@graph\":[{\"@type\":\"WebPage\",\"@id\":\"https:\/\/www.sani-spa.fr\/collection\/sani-spa-reparation-et-entretien-de-spas-coast-spas-a-lyon-et-en-rhone-alpes\/\",\"url\":\"https:\/\/www.sani-spa.fr\/collection\/sani-spa-reparation-et-entretien-de-spas-coast-spas-a-lyon-et-en-rhone-alpes\/\",\"name\":\"R\u00e9paration et entretien de spas Coast Spas Lyon et Rh\u00f4ne-Alpes\",\"isPartOf\":{\"@id\":\"https:\/\/www.sani-spa.fr\/collection\/#website\"},\"primaryImageOfPage\":{\"@id\":\"https:\/\/www.sani-spa.fr\/collection\/sani-spa-reparation-et-entretien-de-spas-coast-spas-a-lyon-et-en-rhone-alpes\/#primaryimage\"},\"image\":{\"@id\":\"https:\/\/www.sani-spa.fr\/collection\/sani-spa-reparation-et-entretien-de-spas-coast-spas-a-lyon-et-en-rhone-alpes\/#primaryimage\"},\"thumbnailUrl\":\"https:\/\/www.sani-spa.fr\/collection\/wp-collection\/uploads\/2024\/08\/Coast-Spas-Logo2.jpg\",\"datePublished\":\"2024-10-07T22:36:28+00:00\",\"description\":\"R\u00e9paration et entretien de spas Coast Spas \u00e0 Lyon, Mont\u00e9limar et Valence. Filtres (76 cm, 54 cm, 33 cm, 60 cm, Omega) disponibles en ligne.R\",\"breadcrumb\":{\"@id\":\"https:\/\/www.sani-spa.fr\/collection\/sani-spa-reparation-et-entretien-de-spas-coast-spas-a-lyon-et-en-rhone-alpes\/#breadcrumb\"},\"inLanguage\":\"fr-FR\",\"potentialAction\":[{\"@type\":\"ReadAction\",\"target\":[\"https:\/\/www.sani-spa.fr\/collection\/sani-spa-reparation-et-entretien-de-spas-coast-spas-a-lyon-et-en-rhone-alpes\/\"]}]},{\"@type\":\"ImageObject\",\"inLanguage\":\"fr-FR\",\"@id\":\"https:\/\/www.sani-spa.fr\/collection\/sani-spa-reparation-et-entretien-de-spas-coast-spas-a-lyon-et-en-rhone-alpes\/#primaryimage\",\"url\":\"https:\/\/www.sani-spa.fr\/collection\/wp-collection\/uploads\/2024\/08\/Coast-Spas-Logo2.jpg\",\"contentUrl\":\"https:\/\/www.sani-spa.fr\/collection\/wp-collection\/uploads\/2024\/08\/Coast-Spas-Logo2.jpg\",\"width\":432,\"height\":288},{\"@type\":\"BreadcrumbList\",\"@id\":\"https:\/\/www.sani-spa.fr\/collection\/sani-spa-reparation-et-entretien-de-spas-coast-spas-a-lyon-et-en-rhone-alpes\/#breadcrumb\",\"itemListElement\":[{\"@type\":\"ListItem\",\"position\":1,\"name\":\"Accueil\",\"item\":\"https:\/\/www.sani-spa.fr\/collection\/\"},{\"@type\":\"ListItem\",\"position\":2,\"name\":\"Sani Spa : R\u00e9paration et entretien de spas Coast Spas \u00e0 Lyon et en Rh\u00f4ne-Alpes\"}]},{\"@type\":\"WebSite\",\"@id\":\"https:\/\/www.sani-spa.fr\/collection\/#website\",\"url\":\"https:\/\/www.sani-spa.fr\/collection\/\",\"name\":\"Sani Spa Collection\",\"description\":\"Boutique spas &amp; accessoires spa\",\"publisher\":{\"@id\":\"https:\/\/www.sani-spa.fr\/collection\/#organization\"},\"potentialAction\":[{\"@type\":\"SearchAction\",\"target\":{\"@type\":\"EntryPoint\",\"urlTemplate\":\"https:\/\/www.sani-spa.fr\/collection\/?s={search_term_string}\"},\"query-input\":{\"@type\":\"PropertyValueSpecification\",\"valueRequired\":true,\"valueName\":\"search_term_string\"}}],\"inLanguage\":\"fr-FR\"},{\"@type\":\"Organization\",\"@id\":\"https:\/\/www.sani-spa.fr\/collection\/#organization\",\"name\":\"Sani Spa Collection\",\"url\":\"https:\/\/www.sani-spa.fr\/collection\/\",\"logo\":{\"@type\":\"ImageObject\",\"inLanguage\":\"fr-FR\",\"@id\":\"https:\/\/www.sani-spa.fr\/collection\/#\/schema\/logo\/image\/\",\"url\":\"https:\/\/www.sani-spa.fr\/collection\/wp-collection\/uploads\/2017\/10\/logo-sani-spa-collection.png\",\"contentUrl\":\"https:\/\/www.sani-spa.fr\/collection\/wp-collection\/uploads\/2017\/10\/logo-sani-spa-collection.png\",\"width\":231,\"height\":54,\"caption\":\"Sani Spa Collection\"},\"image\":{\"@id\":\"https:\/\/www.sani-spa.fr\/collection\/#\/schema\/logo\/image\/\"},\"sameAs\":[\"https:\/\/www.facebook.com\/sarlsanispa\"]}]}<\/script>\n<!-- \/ Yoast SEO plugin. -->","yoast_head_json":{"title":"R\u00e9paration et entretien de spas Coast Spas Lyon et Rh\u00f4ne-Alpes","description":"R\u00e9paration et entretien de spas Coast Spas \u00e0 Lyon, Mont\u00e9limar et Valence. Filtres (76 cm, 54 cm, 33 cm, 60 cm, Omega) disponibles en ligne.R","robots":{"index":"index","follow":"follow","max-snippet":"max-snippet:-1","max-image-preview":"max-image-preview:large","max-video-preview":"max-video-preview:-1"},"canonical":"https:\/\/www.sani-spa.fr\/collection\/sani-spa-reparation-et-entretien-de-spas-coast-spas-a-lyon-et-en-rhone-alpes\/","og_locale":"fr_FR","og_type":"article","og_title":"R\u00e9paration et entretien de spas Coast Spas Lyon et Rh\u00f4ne-Alpes","og_description":"R\u00e9paration et entretien de spas Coast Spas \u00e0 Lyon, Mont\u00e9limar et Valence. Filtres (76 cm, 54 cm, 33 cm, 60 cm, Omega) disponibles en ligne.R","og_url":"https:\/\/www.sani-spa.fr\/collection\/sani-spa-reparation-et-entretien-de-spas-coast-spas-a-lyon-et-en-rhone-alpes\/","og_site_name":"Sani Spa Collection","article_publisher":"https:\/\/www.facebook.com\/sarlsanispa","og_image":[{"width":432,"height":288,"url":"http:\/\/www.sani-spa.fr\/collection\/wp-collection\/uploads\/2024\/08\/Coast-Spas-Logo2.jpg","type":"image\/jpeg"}],"twitter_card":"summary_large_image","twitter_misc":{"Dur\u00e9e de lecture estim\u00e9e":"1 minute"},"schema":{"@context":"https:\/\/schema.org","@graph":[{"@type":"WebPage","@id":"https:\/\/www.sani-spa.fr\/collection\/sani-spa-reparation-et-entretien-de-spas-coast-spas-a-lyon-et-en-rhone-alpes\/","url":"https:\/\/www.sani-spa.fr\/collection\/sani-spa-reparation-et-entretien-de-spas-coast-spas-a-lyon-et-en-rhone-alpes\/","name":"R\u00e9paration et entretien de spas Coast Spas Lyon et Rh\u00f4ne-Alpes","isPartOf":{"@id":"https:\/\/www.sani-spa.fr\/collection\/#website"},"primaryImageOfPage":{"@id":"https:\/\/www.sani-spa.fr\/collection\/sani-spa-reparation-et-entretien-de-spas-coast-spas-a-lyon-et-en-rhone-alpes\/#primaryimage"},"image":{"@id":"https:\/\/www.sani-spa.fr\/collection\/sani-spa-reparation-et-entretien-de-spas-coast-spas-a-lyon-et-en-rhone-alpes\/#primaryimage"},"thumbnailUrl":"https:\/\/www.sani-spa.fr\/collection\/wp-collection\/uploads\/2024\/08\/Coast-Spas-Logo2.jpg","datePublished":"2024-10-07T22:36:28+00:00","description":"R\u00e9paration et entretien de spas Coast Spas \u00e0 Lyon, Mont\u00e9limar et Valence. Filtres (76 cm, 54 cm, 33 cm, 60 cm, Omega) disponibles en ligne.R","breadcrumb":{"@id":"https:\/\/www.sani-spa.fr\/collection\/sani-spa-reparation-et-entretien-de-spas-coast-spas-a-lyon-et-en-rhone-alpes\/#breadcrumb"},"inLanguage":"fr-FR","potentialAction":[{"@type":"ReadAction","target":["https:\/\/www.sani-spa.fr\/collection\/sani-spa-reparation-et-entretien-de-spas-coast-spas-a-lyon-et-en-rhone-alpes\/"]}]},{"@type":"ImageObject","inLanguage":"fr-FR","@id":"https:\/\/www.sani-spa.fr\/collection\/sani-spa-reparation-et-entretien-de-spas-coast-spas-a-lyon-et-en-rhone-alpes\/#primaryimage","url":"https:\/\/www.sani-spa.fr\/collection\/wp-collection\/uploads\/2024\/08\/Coast-Spas-Logo2.jpg","contentUrl":"https:\/\/www.sani-spa.fr\/collection\/wp-collection\/uploads\/2024\/08\/Coast-Spas-Logo2.jpg","width":432,"height":288},{"@type":"BreadcrumbList","@id":"https:\/\/www.sani-spa.fr\/collection\/sani-spa-reparation-et-entretien-de-spas-coast-spas-a-lyon-et-en-rhone-alpes\/#breadcrumb","itemListElement":[{"@type":"ListItem","position":1,"name":"Accueil","item":"https:\/\/www.sani-spa.fr\/collection\/"},{"@type":"ListItem","position":2,"name":"Sani Spa : R\u00e9paration et entretien de spas Coast Spas \u00e0 Lyon et en Rh\u00f4ne-Alpes"}]},{"@type":"WebSite","@id":"https:\/\/www.sani-spa.fr\/collection\/#website","url":"https:\/\/www.sani-spa.fr\/collection\/","name":"Sani Spa Collection","description":"Boutique spas &amp; accessoires spa","publisher":{"@id":"https:\/\/www.sani-spa.fr\/collection\/#organization"},"potentialAction":[{"@type":"SearchAction","target":{"@type":"EntryPoint","urlTemplate":"https:\/\/www.sani-spa.fr\/collection\/?s={search_term_string}"},"query-input":{"@type":"PropertyValueSpecification","valueRequired":true,"valueName":"search_term_string"}}],"inLanguage":"fr-FR"},{"@type":"Organization","@id":"https:\/\/www.sani-spa.fr\/collection\/#organization","name":"Sani Spa Collection","url":"https:\/\/www.sani-spa.fr\/collection\/","logo":{"@type":"ImageObject","inLanguage":"fr-FR","@id":"https:\/\/www.sani-spa.fr\/collection\/#\/schema\/logo\/image\/","url":"https:\/\/www.sani-spa.fr\/collection\/wp-collection\/uploads\/2017\/10\/logo-sani-spa-collection.png","contentUrl":"https:\/\/www.sani-spa.fr\/collection\/wp-collection\/uploads\/2017\/10\/logo-sani-spa-collection.png","width":231,"height":54,"caption":"Sani Spa Collection"},"image":{"@id":"https:\/\/www.sani-spa.fr\/collection\/#\/schema\/logo\/image\/"},"sameAs":["https:\/\/www.facebook.com\/sarlsanispa"]}]}},"jetpack_sharing_enabled":true,"_links":{"self":[{"href":"https:\/\/www.sani-spa.fr\/collection\/wp-json\/wp\/v2\/pages\/3849","targetHints":{"allow":["GET"]}}],"collection":[{"href":"https:\/\/www.sani-spa.fr\/collection\/wp-json\/wp\/v2\/pages"}],"about":[{"href":"https:\/\/www.sani-spa.fr\/collection\/wp-json\/wp\/v2\/types\/page"}],"author":[{"embeddable":true,"href":"https:\/\/www.sani-spa.fr\/collection\/wp-json\/wp\/v2\/users\/4"}],"replies":[{"embeddable":true,"href":"https:\/\/www.sani-spa.fr\/collection\/wp-json\/wp\/v2\/comments?post=3849"}],"version-history":[{"count":1,"href":"https:\/\/www.sani-spa.fr\/collection\/wp-json\/wp\/v2\/pages\/3849\/revisions"}],"predecessor-version":[{"id":3850,"href":"https:\/\/www.sani-spa.fr\/collection\/wp-json\/wp\/v2\/pages\/3849\/revisions\/3850"}],"wp:featuredmedia":[{"embeddable":true,"href":"https:\/\/www.sani-spa.fr\/collection\/wp-json\/wp\/v2\/media\/3746"}],"wp:attachment":[{"href":"https:\/\/www.sani-spa.fr\/collection\/wp-json\/wp\/v2\/media?parent=3849"}],"curies":[{"name":"wp","href":"https:\/\/api.w.org\/{rel}","templated":true}]}}