{"id":1048,"date":"2020-03-25T16:07:18","date_gmt":"2020-03-25T15:07:18","guid":{"rendered":"https:\/\/www.sani-spa.fr\/collection\/?post_type=product&#038;p=1048"},"modified":"2025-05-12T09:50:37","modified_gmt":"2025-05-12T07:50:37","slug":"anti-calcaire-hth-1l","status":"publish","type":"product","link":"https:\/\/www.sani-spa.fr\/collection\/produit\/anti-calcaire-hth-1l\/","title":{"rendered":"Anti-Calcaire HTH 1L"},"content":{"rendered":"<p>&nbsp;<\/p>\n<p><span id=\"titreProduitChimique\">AVERTISSEMENT RELATIF \u00c0 L&#8217;UTILISATION DE PRODUITS CHIMIQUES :<\/span><\/p>\n<p><strong>ATTENTION, l&#8217;utilisation de produits chimiques est soumise \u00e0 des pr\u00e9cautions particuli\u00e8res sp\u00e9cifi\u00e9es sur leur notice d&#8217;utilisation.<\/strong><br \/>\nVous ne courrez aucun danger si vous respectez les conseils d&#8217;utilisation du fabricant.<br \/>\nN\u00e9anmoins, si vous ne respectez pas les indications de s\u00e9curit\u00e9 sp\u00e9cifi\u00e9es sur la notice, vous vous exposez \u00e0 des risques sanitaires potentiellement importants et pouvant \u00eatre dangereux.<\/p>\n<p><strong>Pr\u00e9cautions d&#8217;utilisation :<\/strong><\/p>\n<ul>\n<li>Il est imp\u00e9ratif de tenir ces produits hors de la port\u00e9e des enfants.<\/li>\n<li>Il est conseill\u00e9 de porter un masque et des gants de protection lorsque vous manipulez des produits chimiques.<\/li>\n<li>En cas de contact avec les yeux, rincer abondamment \u00e0 l&#8217;eau clair.<\/li>\n<li>Lavez vous les mains apr\u00e8s chaque utilisation.<\/li>\n<\/ul>\n","protected":false},"excerpt":{"rendered":"<p>Anti-Calcaire HTH 1L<\/p>\n<p>-Permet de pr\u00e9venir et de contenir le calcaire pr\u00e9sent dans votre eau.<\/p>\n<p>-Evite les d\u00e9p\u00f4ts de calcaire sur les parois et la tuyauterie<\/p>\n<p>-Non moussant<\/p>\n<p>-Se dissout imm\u00e9diatement<\/p>\n<p>-Reste efficace peu importe le produit de d\u00e9sinfection utilis\u00e9e (brome, chlore, oxyg\u00e8ne actif)<\/p>\n<p>&nbsp;<\/p>\n<p>&nbsp;<\/p>\n","protected":false},"featured_media":4299,"comment_status":"open","ping_status":"closed","template":"","meta":[],"product_brand":[],"product_cat":[33,56,73,80],"product_tag":[],"class_list":{"0":"post-1048","1":"product","2":"type-product","3":"status-publish","4":"has-post-thumbnail","6":"product_cat-produits-dentretien","7":"product_cat-au-detail","8":"product_cat-anti-calcaire","9":"product_cat-produits-dentretien-only-spa","10":"product_shipping_class-produits","12":"first","13":"instock","14":"taxable","15":"shipping-taxable","16":"purchasable","17":"product-type-simple"},"yoast_head":"<!-- This site is optimized with the Yoast SEO plugin v27.0 - https:\/\/yoast.com\/product\/yoast-seo-wordpress\/ -->\n<title>Anti-Calcaire HTH 1L | Sani Spa Collection<\/title>\n<meta name=\"description\" content=\"Pr\u00e9venez les d\u00e9p\u00f4ts calcaires dans votre spa avec HTH Spa Anti-Calcaire : non moussant, sans phosphates et compatible avec tous types de spas.\" \/>\n<meta name=\"robots\" content=\"index, follow, max-snippet:-1, max-image-preview:large, max-video-preview:-1\" \/>\n<link rel=\"canonical\" href=\"https:\/\/www.sani-spa.fr\/collection\/produit\/anti-calcaire-hth-1l\/\" \/>\n<meta property=\"og:locale\" content=\"fr_FR\" \/>\n<meta property=\"og:type\" content=\"article\" \/>\n<meta property=\"og:title\" content=\"Anti-Calcaire HTH 1L | Sani Spa Collection\" \/>\n<meta property=\"og:description\" content=\"Pr\u00e9venez les d\u00e9p\u00f4ts calcaires dans votre spa avec HTH Spa Anti-Calcaire : non moussant, sans phosphates et compatible avec tous types de spas.\" \/>\n<meta property=\"og:url\" content=\"https:\/\/www.sani-spa.fr\/collection\/produit\/anti-calcaire-hth-1l\/\" \/>\n<meta property=\"og:site_name\" content=\"Sani Spa Collection\" \/>\n<meta property=\"article:publisher\" content=\"https:\/\/www.facebook.com\/sarlsanispa\" \/>\n<meta property=\"article:modified_time\" content=\"2025-05-12T07:50:37+00:00\" \/>\n<meta property=\"og:image\" content=\"http:\/\/www.sani-spa.fr\/collection\/wp-collection\/uploads\/2020\/03\/hth-spa-anti-calcaire.jpg\" \/>\n\t<meta property=\"og:image:width\" content=\"1400\" \/>\n\t<meta property=\"og:image:height\" content=\"1400\" \/>\n\t<meta property=\"og:image:type\" content=\"image\/jpeg\" \/>\n<meta name=\"twitter:card\" content=\"summary_large_image\" \/>\n<meta name=\"twitter:label1\" content=\"Dur\u00e9e de lecture estim\u00e9e\" \/>\n\t<meta name=\"twitter:data1\" content=\"1 minute\" \/>\n<script type=\"application\/ld+json\" class=\"yoast-schema-graph\">{\"@context\":\"https:\/\/schema.org\",\"@graph\":[{\"@type\":\"WebPage\",\"@id\":\"https:\/\/www.sani-spa.fr\/collection\/produit\/anti-calcaire-hth-1l\/\",\"url\":\"https:\/\/www.sani-spa.fr\/collection\/produit\/anti-calcaire-hth-1l\/\",\"name\":\"Anti-Calcaire HTH 1L | Sani Spa Collection\",\"isPartOf\":{\"@id\":\"https:\/\/www.sani-spa.fr\/collection\/#website\"},\"primaryImageOfPage\":{\"@id\":\"https:\/\/www.sani-spa.fr\/collection\/produit\/anti-calcaire-hth-1l\/#primaryimage\"},\"image\":{\"@id\":\"https:\/\/www.sani-spa.fr\/collection\/produit\/anti-calcaire-hth-1l\/#primaryimage\"},\"thumbnailUrl\":\"https:\/\/www.sani-spa.fr\/collection\/wp-collection\/uploads\/2020\/03\/hth-spa-anti-calcaire.jpg\",\"datePublished\":\"2020-03-25T15:07:18+00:00\",\"dateModified\":\"2025-05-12T07:50:37+00:00\",\"description\":\"Pr\u00e9venez les d\u00e9p\u00f4ts calcaires dans votre spa avec HTH Spa Anti-Calcaire : non moussant, sans phosphates et compatible avec tous types de spas.\",\"breadcrumb\":{\"@id\":\"https:\/\/www.sani-spa.fr\/collection\/produit\/anti-calcaire-hth-1l\/#breadcrumb\"},\"inLanguage\":\"fr-FR\",\"potentialAction\":[{\"@type\":\"ReadAction\",\"target\":[\"https:\/\/www.sani-spa.fr\/collection\/produit\/anti-calcaire-hth-1l\/\"]}]},{\"@type\":\"ImageObject\",\"inLanguage\":\"fr-FR\",\"@id\":\"https:\/\/www.sani-spa.fr\/collection\/produit\/anti-calcaire-hth-1l\/#primaryimage\",\"url\":\"https:\/\/www.sani-spa.fr\/collection\/wp-collection\/uploads\/2020\/03\/hth-spa-anti-calcaire.jpg\",\"contentUrl\":\"https:\/\/www.sani-spa.fr\/collection\/wp-collection\/uploads\/2020\/03\/hth-spa-anti-calcaire.jpg\",\"width\":1400,\"height\":1400},{\"@type\":\"BreadcrumbList\",\"@id\":\"https:\/\/www.sani-spa.fr\/collection\/produit\/anti-calcaire-hth-1l\/#breadcrumb\",\"itemListElement\":[{\"@type\":\"ListItem\",\"position\":1,\"name\":\"Accueil\",\"item\":\"https:\/\/www.sani-spa.fr\/collection\/\"},{\"@type\":\"ListItem\",\"position\":2,\"name\":\"Sani Spa CollectionPi\u00e8ces D\u00e9tach\u00e9es &amp; Accessoires pour Spas\",\"item\":\"https:\/\/www.sani-spa.fr\/collection\/\"},{\"@type\":\"ListItem\",\"position\":3,\"name\":\"Anti-Calcaire HTH 1L\"}]},{\"@type\":\"WebSite\",\"@id\":\"https:\/\/www.sani-spa.fr\/collection\/#website\",\"url\":\"https:\/\/www.sani-spa.fr\/collection\/\",\"name\":\"Sani Spa Collection\",\"description\":\"Boutique spas &amp; accessoires spa\",\"publisher\":{\"@id\":\"https:\/\/www.sani-spa.fr\/collection\/#organization\"},\"potentialAction\":[{\"@type\":\"SearchAction\",\"target\":{\"@type\":\"EntryPoint\",\"urlTemplate\":\"https:\/\/www.sani-spa.fr\/collection\/?s={search_term_string}\"},\"query-input\":{\"@type\":\"PropertyValueSpecification\",\"valueRequired\":true,\"valueName\":\"search_term_string\"}}],\"inLanguage\":\"fr-FR\"},{\"@type\":\"Organization\",\"@id\":\"https:\/\/www.sani-spa.fr\/collection\/#organization\",\"name\":\"Sani Spa Collection\",\"url\":\"https:\/\/www.sani-spa.fr\/collection\/\",\"logo\":{\"@type\":\"ImageObject\",\"inLanguage\":\"fr-FR\",\"@id\":\"https:\/\/www.sani-spa.fr\/collection\/#\/schema\/logo\/image\/\",\"url\":\"https:\/\/www.sani-spa.fr\/collection\/wp-collection\/uploads\/2017\/10\/logo-sani-spa-collection.png\",\"contentUrl\":\"https:\/\/www.sani-spa.fr\/collection\/wp-collection\/uploads\/2017\/10\/logo-sani-spa-collection.png\",\"width\":231,\"height\":54,\"caption\":\"Sani Spa Collection\"},\"image\":{\"@id\":\"https:\/\/www.sani-spa.fr\/collection\/#\/schema\/logo\/image\/\"},\"sameAs\":[\"https:\/\/www.facebook.com\/sarlsanispa\"]}]}<\/script>\n<!-- \/ Yoast SEO plugin. -->","yoast_head_json":{"title":"Anti-Calcaire HTH 1L | Sani Spa Collection","description":"Pr\u00e9venez les d\u00e9p\u00f4ts calcaires dans votre spa avec HTH Spa Anti-Calcaire : non moussant, sans phosphates et compatible avec tous types de spas.","robots":{"index":"index","follow":"follow","max-snippet":"max-snippet:-1","max-image-preview":"max-image-preview:large","max-video-preview":"max-video-preview:-1"},"canonical":"https:\/\/www.sani-spa.fr\/collection\/produit\/anti-calcaire-hth-1l\/","og_locale":"fr_FR","og_type":"article","og_title":"Anti-Calcaire HTH 1L | Sani Spa Collection","og_description":"Pr\u00e9venez les d\u00e9p\u00f4ts calcaires dans votre spa avec HTH Spa Anti-Calcaire : non moussant, sans phosphates et compatible avec tous types de spas.","og_url":"https:\/\/www.sani-spa.fr\/collection\/produit\/anti-calcaire-hth-1l\/","og_site_name":"Sani Spa Collection","article_publisher":"https:\/\/www.facebook.com\/sarlsanispa","article_modified_time":"2025-05-12T07:50:37+00:00","og_image":[{"width":1400,"height":1400,"url":"http:\/\/www.sani-spa.fr\/collection\/wp-collection\/uploads\/2020\/03\/hth-spa-anti-calcaire.jpg","type":"image\/jpeg"}],"twitter_card":"summary_large_image","twitter_misc":{"Dur\u00e9e de lecture estim\u00e9e":"1 minute"},"schema":{"@context":"https:\/\/schema.org","@graph":[{"@type":"WebPage","@id":"https:\/\/www.sani-spa.fr\/collection\/produit\/anti-calcaire-hth-1l\/","url":"https:\/\/www.sani-spa.fr\/collection\/produit\/anti-calcaire-hth-1l\/","name":"Anti-Calcaire HTH 1L | Sani Spa Collection","isPartOf":{"@id":"https:\/\/www.sani-spa.fr\/collection\/#website"},"primaryImageOfPage":{"@id":"https:\/\/www.sani-spa.fr\/collection\/produit\/anti-calcaire-hth-1l\/#primaryimage"},"image":{"@id":"https:\/\/www.sani-spa.fr\/collection\/produit\/anti-calcaire-hth-1l\/#primaryimage"},"thumbnailUrl":"https:\/\/www.sani-spa.fr\/collection\/wp-collection\/uploads\/2020\/03\/hth-spa-anti-calcaire.jpg","datePublished":"2020-03-25T15:07:18+00:00","dateModified":"2025-05-12T07:50:37+00:00","description":"Pr\u00e9venez les d\u00e9p\u00f4ts calcaires dans votre spa avec HTH Spa Anti-Calcaire : non moussant, sans phosphates et compatible avec tous types de spas.","breadcrumb":{"@id":"https:\/\/www.sani-spa.fr\/collection\/produit\/anti-calcaire-hth-1l\/#breadcrumb"},"inLanguage":"fr-FR","potentialAction":[{"@type":"ReadAction","target":["https:\/\/www.sani-spa.fr\/collection\/produit\/anti-calcaire-hth-1l\/"]}]},{"@type":"ImageObject","inLanguage":"fr-FR","@id":"https:\/\/www.sani-spa.fr\/collection\/produit\/anti-calcaire-hth-1l\/#primaryimage","url":"https:\/\/www.sani-spa.fr\/collection\/wp-collection\/uploads\/2020\/03\/hth-spa-anti-calcaire.jpg","contentUrl":"https:\/\/www.sani-spa.fr\/collection\/wp-collection\/uploads\/2020\/03\/hth-spa-anti-calcaire.jpg","width":1400,"height":1400},{"@type":"BreadcrumbList","@id":"https:\/\/www.sani-spa.fr\/collection\/produit\/anti-calcaire-hth-1l\/#breadcrumb","itemListElement":[{"@type":"ListItem","position":1,"name":"Accueil","item":"https:\/\/www.sani-spa.fr\/collection\/"},{"@type":"ListItem","position":2,"name":"Sani Spa CollectionPi\u00e8ces D\u00e9tach\u00e9es &amp; Accessoires pour Spas","item":"https:\/\/www.sani-spa.fr\/collection\/"},{"@type":"ListItem","position":3,"name":"Anti-Calcaire HTH 1L"}]},{"@type":"WebSite","@id":"https:\/\/www.sani-spa.fr\/collection\/#website","url":"https:\/\/www.sani-spa.fr\/collection\/","name":"Sani Spa Collection","description":"Boutique spas &amp; accessoires spa","publisher":{"@id":"https:\/\/www.sani-spa.fr\/collection\/#organization"},"potentialAction":[{"@type":"SearchAction","target":{"@type":"EntryPoint","urlTemplate":"https:\/\/www.sani-spa.fr\/collection\/?s={search_term_string}"},"query-input":{"@type":"PropertyValueSpecification","valueRequired":true,"valueName":"search_term_string"}}],"inLanguage":"fr-FR"},{"@type":"Organization","@id":"https:\/\/www.sani-spa.fr\/collection\/#organization","name":"Sani Spa Collection","url":"https:\/\/www.sani-spa.fr\/collection\/","logo":{"@type":"ImageObject","inLanguage":"fr-FR","@id":"https:\/\/www.sani-spa.fr\/collection\/#\/schema\/logo\/image\/","url":"https:\/\/www.sani-spa.fr\/collection\/wp-collection\/uploads\/2017\/10\/logo-sani-spa-collection.png","contentUrl":"https:\/\/www.sani-spa.fr\/collection\/wp-collection\/uploads\/2017\/10\/logo-sani-spa-collection.png","width":231,"height":54,"caption":"Sani Spa Collection"},"image":{"@id":"https:\/\/www.sani-spa.fr\/collection\/#\/schema\/logo\/image\/"},"sameAs":["https:\/\/www.facebook.com\/sarlsanispa"]}]}},"jetpack_sharing_enabled":true,"_links":{"self":[{"href":"https:\/\/www.sani-spa.fr\/collection\/wp-json\/wp\/v2\/product\/1048","targetHints":{"allow":["GET"]}}],"collection":[{"href":"https:\/\/www.sani-spa.fr\/collection\/wp-json\/wp\/v2\/product"}],"about":[{"href":"https:\/\/www.sani-spa.fr\/collection\/wp-json\/wp\/v2\/types\/product"}],"replies":[{"embeddable":true,"href":"https:\/\/www.sani-spa.fr\/collection\/wp-json\/wp\/v2\/comments?post=1048"}],"wp:featuredmedia":[{"embeddable":true,"href":"https:\/\/www.sani-spa.fr\/collection\/wp-json\/wp\/v2\/media\/4299"}],"wp:attachment":[{"href":"https:\/\/www.sani-spa.fr\/collection\/wp-json\/wp\/v2\/media?parent=1048"}],"wp:term":[{"taxonomy":"product_brand","embeddable":true,"href":"https:\/\/www.sani-spa.fr\/collection\/wp-json\/wp\/v2\/product_brand?post=1048"},{"taxonomy":"product_cat","embeddable":true,"href":"https:\/\/www.sani-spa.fr\/collection\/wp-json\/wp\/v2\/product_cat?post=1048"},{"taxonomy":"product_tag","embeddable":true,"href":"https:\/\/www.sani-spa.fr\/collection\/wp-json\/wp\/v2\/product_tag?post=1048"}],"curies":[{"name":"wp","href":"https:\/\/api.w.org\/{rel}","templated":true}]}}