{"id":1056,"date":"2020-03-25T16:29:05","date_gmt":"2020-03-25T15:29:05","guid":{"rendered":"https:\/\/www.sani-spa.fr\/collection\/?post_type=product&#038;p=1056"},"modified":"2025-03-12T11:57:12","modified_gmt":"2025-03-12T10:57:12","slug":"o-care-desinfection","status":"publish","type":"product","link":"https:\/\/www.sani-spa.fr\/collection\/produit\/o-care-desinfection\/","title":{"rendered":"O-Care d\u00e9sinfection"},"content":{"rendered":"<p><strong>O Care permet de lutter contre le biofilm<\/strong><\/p>\n<p>Avantages<\/p>\n<ul>\n<li>Utilisation simple<\/li>\n<li>Efficace<\/li>\n<li>Agr\u00e9able<\/li>\n<\/ul>\n<p>Utilisez les produits biocides avec pr\u00e9caution.<br \/>\nAvant toute utilisation, lisez l&#8217;\u00e9tiquette et les informations concernant le produit.<br \/>\nPeut \u00eatre Dangereux. Respecter les pr\u00e9cautions d&#8217;emploi<\/p>\n<p>Mais que fait exactement le traitement de d\u00e9sinfection pour spa O-Care :<\/p>\n<ul>\n<li>Il supprime et emp\u00eache la formation du biofilm<\/li>\n<li>Il r\u00e9duit de 78% la quantit\u00e9 de produits chimique \u00e0 ajouter \u00e0 l&#8217;eau de votre spa<\/li>\n<li>Il offre un traitement de d\u00e9sinfection doux et sans odeur<\/li>\n<li>N&#8217;est pas agressif pour la peau<\/li>\n<li>Il permet d&#8217;\u00e9viter une usure pr\u00e9matur\u00e9e des \u00e9l\u00e9ments internes de votre spa tel que le r\u00e9sistance de chauffe, les pompes, les diff\u00e9rents joints et la tuyauterie.<\/li>\n<li>Il permet l&#8217;\u00e9quilibre du PH.<\/li>\n<li><b>Il est n\u00e9cessaire d&#8217;utiliser r\u00e9guli\u00e8rement un chlore actif additionnel pour \u00e9liminer les algues r\u00e9calcitrantes<\/b><\/li>\n<\/ul>\n","protected":false},"excerpt":{"rendered":"<h2>Traitement de d\u00e9sinfection avec Naturel O-Care<\/h2>\n<p>Pour tout les utilisateurs de spas, bien-souvent, le traitement de d\u00e9sinfection de l&#8217;eau d&#8217;un spa peut \u00eatre compliqu\u00e9.<br \/>\nD&#8217;un c\u00f4t\u00e9 nous recherchons l&#8217;efficacit\u00e9 et de l\u2019autre nous cherchons \u00e9galement \u00e0 ce que le traitement soit le plus naturel possible , sans odeurs et tr\u00e8s simple pratique.<br \/>\nIl peut \u00eatre difficile d&#8217;allier efficacit\u00e9 et respect de peau.<\/p>\n<p>O-Care vous propose donc un traitement efficace vous permettant de r\u00e9duire de pr\u00e8s de <b>78% votre consommation en produits chimiques<\/b> et ainsi donc pr\u00e9server vos muqueuses et votre peau.<\/p>\n<p>Le traitement est tr\u00e8s simple \u00e0 mettre en place et une application gratuite est \u00e9galement \u00e0 votre disposition pour vous accompagner dans le traitement de l&#8217;eau de votre spa avec O-Care.<\/p>\n<p>Le traitement O-Care est \u00e0 r\u00e9aliser une fois par semaine. En moyenne, un pack dure de <b>3 \u00e0 5 mois<\/b><\/p>\n<p><b>Le Pack se compose de \u00a0:<\/b><\/p>\n<ul>\n<li>2 Litre de solution 1<\/li>\n<li>2 Litre de solution 2<\/li>\n<li>1 gobelet doseur<\/li>\n<li>1 Manuel d&#8217;utilisation<\/li>\n<\/ul>\n","protected":false},"featured_media":1057,"comment_status":"open","ping_status":"closed","template":"","meta":[],"product_brand":[],"product_cat":[33,55,78,80],"product_tag":[],"class_list":{"0":"post-1056","1":"product","2":"type-product","3":"status-publish","4":"has-post-thumbnail","6":"product_cat-produits-dentretien","7":"product_cat-kit-complet","8":"product_cat-only-spa","9":"product_cat-produits-dentretien-only-spa","10":"product_shipping_class-kit-produits","12":"first","13":"instock","14":"taxable","15":"shipping-taxable","16":"purchasable","17":"product-type-simple"},"yoast_head":"<!-- This site is optimized with the Yoast SEO plugin v27.0 - https:\/\/yoast.com\/product\/yoast-seo-wordpress\/ -->\n<title>O-Care d\u00e9sinfection | Sani Spa Collection<\/title>\n<meta name=\"robots\" content=\"index, follow, max-snippet:-1, max-image-preview:large, max-video-preview:-1\" \/>\n<link rel=\"canonical\" href=\"https:\/\/www.sani-spa.fr\/collection\/produit\/o-care-desinfection\/\" \/>\n<meta property=\"og:locale\" content=\"fr_FR\" \/>\n<meta property=\"og:type\" content=\"article\" \/>\n<meta property=\"og:title\" content=\"O-Care d\u00e9sinfection | Sani Spa Collection\" \/>\n<meta property=\"og:description\" content=\"Traitement de d\u00e9sinfection avec Naturel O-Care Pour tout les utilisateurs de spas, bien-souvent, le traitement de d\u00e9sinfection de l&#039;eau d&#039;un spa peut \u00eatre compliqu\u00e9. D&#039;un c\u00f4t\u00e9 nous recherchons l&#039;efficacit\u00e9 et de l\u2019autre nous cherchons \u00e9galement \u00e0 ce que le traitement soit le plus naturel possible , sans odeurs et tr\u00e8s simple pratique. Il peut \u00eatre difficile d&#039;allier efficacit\u00e9 et respect de peau.  O-Care vous propose donc un traitement efficace vous permettant de r\u00e9duire de pr\u00e8s de 78% votre consommation en produits chimiques et ainsi donc pr\u00e9server vos muqueuses et votre peau.  Le traitement est tr\u00e8s simple \u00e0 mettre en place et une application gratuite est \u00e9galement \u00e0 votre disposition pour vous accompagner dans le traitement de l&#039;eau de votre spa avec O-Care.  Le traitement O-Care est \u00e0 r\u00e9aliser une fois par semaine. En moyenne, un pack dure de 3 \u00e0 5 mois  Le Pack se compose de \u00a0:   2 Litre de solution 1  2 Litre de solution 2  1 gobelet doseur  1 Manuel d&#039;utilisation\" \/>\n<meta property=\"og:url\" content=\"https:\/\/www.sani-spa.fr\/collection\/produit\/o-care-desinfection\/\" \/>\n<meta property=\"og:site_name\" content=\"Sani Spa Collection\" \/>\n<meta property=\"article:publisher\" content=\"https:\/\/www.facebook.com\/sarlsanispa\" \/>\n<meta property=\"article:modified_time\" content=\"2025-03-12T10:57:12+00:00\" \/>\n<meta property=\"og:image\" content=\"https:\/\/www.sani-spa.fr\/collection\/wp-collection\/uploads\/2020\/03\/ocare.jpg\" \/>\n\t<meta property=\"og:image:width\" content=\"440\" \/>\n\t<meta property=\"og:image:height\" content=\"440\" \/>\n\t<meta property=\"og:image:type\" content=\"image\/jpeg\" \/>\n<meta name=\"twitter:card\" content=\"summary_large_image\" \/>\n<meta name=\"twitter:label1\" content=\"Dur\u00e9e de lecture estim\u00e9e\" \/>\n\t<meta name=\"twitter:data1\" content=\"1 minute\" \/>\n<script type=\"application\/ld+json\" class=\"yoast-schema-graph\">{\"@context\":\"https:\/\/schema.org\",\"@graph\":[{\"@type\":\"WebPage\",\"@id\":\"https:\/\/www.sani-spa.fr\/collection\/produit\/o-care-desinfection\/\",\"url\":\"https:\/\/www.sani-spa.fr\/collection\/produit\/o-care-desinfection\/\",\"name\":\"O-Care d\u00e9sinfection | Sani Spa Collection\",\"isPartOf\":{\"@id\":\"https:\/\/www.sani-spa.fr\/collection\/#website\"},\"primaryImageOfPage\":{\"@id\":\"https:\/\/www.sani-spa.fr\/collection\/produit\/o-care-desinfection\/#primaryimage\"},\"image\":{\"@id\":\"https:\/\/www.sani-spa.fr\/collection\/produit\/o-care-desinfection\/#primaryimage\"},\"thumbnailUrl\":\"https:\/\/www.sani-spa.fr\/collection\/wp-collection\/uploads\/2020\/03\/ocare.jpg\",\"datePublished\":\"2020-03-25T15:29:05+00:00\",\"dateModified\":\"2025-03-12T10:57:12+00:00\",\"breadcrumb\":{\"@id\":\"https:\/\/www.sani-spa.fr\/collection\/produit\/o-care-desinfection\/#breadcrumb\"},\"inLanguage\":\"fr-FR\",\"potentialAction\":[{\"@type\":\"ReadAction\",\"target\":[\"https:\/\/www.sani-spa.fr\/collection\/produit\/o-care-desinfection\/\"]}]},{\"@type\":\"ImageObject\",\"inLanguage\":\"fr-FR\",\"@id\":\"https:\/\/www.sani-spa.fr\/collection\/produit\/o-care-desinfection\/#primaryimage\",\"url\":\"https:\/\/www.sani-spa.fr\/collection\/wp-collection\/uploads\/2020\/03\/ocare.jpg\",\"contentUrl\":\"https:\/\/www.sani-spa.fr\/collection\/wp-collection\/uploads\/2020\/03\/ocare.jpg\",\"width\":440,\"height\":440},{\"@type\":\"BreadcrumbList\",\"@id\":\"https:\/\/www.sani-spa.fr\/collection\/produit\/o-care-desinfection\/#breadcrumb\",\"itemListElement\":[{\"@type\":\"ListItem\",\"position\":1,\"name\":\"Accueil\",\"item\":\"https:\/\/www.sani-spa.fr\/collection\/\"},{\"@type\":\"ListItem\",\"position\":2,\"name\":\"Sani Spa CollectionPi\u00e8ces D\u00e9tach\u00e9es &amp; Accessoires pour Spas\",\"item\":\"https:\/\/www.sani-spa.fr\/collection\/\"},{\"@type\":\"ListItem\",\"position\":3,\"name\":\"O-Care d\u00e9sinfection\"}]},{\"@type\":\"WebSite\",\"@id\":\"https:\/\/www.sani-spa.fr\/collection\/#website\",\"url\":\"https:\/\/www.sani-spa.fr\/collection\/\",\"name\":\"Sani Spa Collection\",\"description\":\"Boutique spas &amp; accessoires spa\",\"publisher\":{\"@id\":\"https:\/\/www.sani-spa.fr\/collection\/#organization\"},\"potentialAction\":[{\"@type\":\"SearchAction\",\"target\":{\"@type\":\"EntryPoint\",\"urlTemplate\":\"https:\/\/www.sani-spa.fr\/collection\/?s={search_term_string}\"},\"query-input\":{\"@type\":\"PropertyValueSpecification\",\"valueRequired\":true,\"valueName\":\"search_term_string\"}}],\"inLanguage\":\"fr-FR\"},{\"@type\":\"Organization\",\"@id\":\"https:\/\/www.sani-spa.fr\/collection\/#organization\",\"name\":\"Sani Spa Collection\",\"url\":\"https:\/\/www.sani-spa.fr\/collection\/\",\"logo\":{\"@type\":\"ImageObject\",\"inLanguage\":\"fr-FR\",\"@id\":\"https:\/\/www.sani-spa.fr\/collection\/#\/schema\/logo\/image\/\",\"url\":\"https:\/\/www.sani-spa.fr\/collection\/wp-collection\/uploads\/2017\/10\/logo-sani-spa-collection.png\",\"contentUrl\":\"https:\/\/www.sani-spa.fr\/collection\/wp-collection\/uploads\/2017\/10\/logo-sani-spa-collection.png\",\"width\":231,\"height\":54,\"caption\":\"Sani Spa Collection\"},\"image\":{\"@id\":\"https:\/\/www.sani-spa.fr\/collection\/#\/schema\/logo\/image\/\"},\"sameAs\":[\"https:\/\/www.facebook.com\/sarlsanispa\"]}]}<\/script>\n<!-- \/ Yoast SEO plugin. -->","yoast_head_json":{"title":"O-Care d\u00e9sinfection | Sani Spa Collection","robots":{"index":"index","follow":"follow","max-snippet":"max-snippet:-1","max-image-preview":"max-image-preview:large","max-video-preview":"max-video-preview:-1"},"canonical":"https:\/\/www.sani-spa.fr\/collection\/produit\/o-care-desinfection\/","og_locale":"fr_FR","og_type":"article","og_title":"O-Care d\u00e9sinfection | Sani Spa Collection","og_description":"Traitement de d\u00e9sinfection avec Naturel O-Care Pour tout les utilisateurs de spas, bien-souvent, le traitement de d\u00e9sinfection de l'eau d'un spa peut \u00eatre compliqu\u00e9. D'un c\u00f4t\u00e9 nous recherchons l'efficacit\u00e9 et de l\u2019autre nous cherchons \u00e9galement \u00e0 ce que le traitement soit le plus naturel possible , sans odeurs et tr\u00e8s simple pratique. Il peut \u00eatre difficile d'allier efficacit\u00e9 et respect de peau.  O-Care vous propose donc un traitement efficace vous permettant de r\u00e9duire de pr\u00e8s de 78% votre consommation en produits chimiques et ainsi donc pr\u00e9server vos muqueuses et votre peau.  Le traitement est tr\u00e8s simple \u00e0 mettre en place et une application gratuite est \u00e9galement \u00e0 votre disposition pour vous accompagner dans le traitement de l'eau de votre spa avec O-Care.  Le traitement O-Care est \u00e0 r\u00e9aliser une fois par semaine. En moyenne, un pack dure de 3 \u00e0 5 mois  Le Pack se compose de \u00a0:   2 Litre de solution 1  2 Litre de solution 2  1 gobelet doseur  1 Manuel d'utilisation","og_url":"https:\/\/www.sani-spa.fr\/collection\/produit\/o-care-desinfection\/","og_site_name":"Sani Spa Collection","article_publisher":"https:\/\/www.facebook.com\/sarlsanispa","article_modified_time":"2025-03-12T10:57:12+00:00","og_image":[{"width":440,"height":440,"url":"https:\/\/www.sani-spa.fr\/collection\/wp-collection\/uploads\/2020\/03\/ocare.jpg","type":"image\/jpeg"}],"twitter_card":"summary_large_image","twitter_misc":{"Dur\u00e9e de lecture estim\u00e9e":"1 minute"},"schema":{"@context":"https:\/\/schema.org","@graph":[{"@type":"WebPage","@id":"https:\/\/www.sani-spa.fr\/collection\/produit\/o-care-desinfection\/","url":"https:\/\/www.sani-spa.fr\/collection\/produit\/o-care-desinfection\/","name":"O-Care d\u00e9sinfection | Sani Spa Collection","isPartOf":{"@id":"https:\/\/www.sani-spa.fr\/collection\/#website"},"primaryImageOfPage":{"@id":"https:\/\/www.sani-spa.fr\/collection\/produit\/o-care-desinfection\/#primaryimage"},"image":{"@id":"https:\/\/www.sani-spa.fr\/collection\/produit\/o-care-desinfection\/#primaryimage"},"thumbnailUrl":"https:\/\/www.sani-spa.fr\/collection\/wp-collection\/uploads\/2020\/03\/ocare.jpg","datePublished":"2020-03-25T15:29:05+00:00","dateModified":"2025-03-12T10:57:12+00:00","breadcrumb":{"@id":"https:\/\/www.sani-spa.fr\/collection\/produit\/o-care-desinfection\/#breadcrumb"},"inLanguage":"fr-FR","potentialAction":[{"@type":"ReadAction","target":["https:\/\/www.sani-spa.fr\/collection\/produit\/o-care-desinfection\/"]}]},{"@type":"ImageObject","inLanguage":"fr-FR","@id":"https:\/\/www.sani-spa.fr\/collection\/produit\/o-care-desinfection\/#primaryimage","url":"https:\/\/www.sani-spa.fr\/collection\/wp-collection\/uploads\/2020\/03\/ocare.jpg","contentUrl":"https:\/\/www.sani-spa.fr\/collection\/wp-collection\/uploads\/2020\/03\/ocare.jpg","width":440,"height":440},{"@type":"BreadcrumbList","@id":"https:\/\/www.sani-spa.fr\/collection\/produit\/o-care-desinfection\/#breadcrumb","itemListElement":[{"@type":"ListItem","position":1,"name":"Accueil","item":"https:\/\/www.sani-spa.fr\/collection\/"},{"@type":"ListItem","position":2,"name":"Sani Spa CollectionPi\u00e8ces D\u00e9tach\u00e9es &amp; Accessoires pour Spas","item":"https:\/\/www.sani-spa.fr\/collection\/"},{"@type":"ListItem","position":3,"name":"O-Care d\u00e9sinfection"}]},{"@type":"WebSite","@id":"https:\/\/www.sani-spa.fr\/collection\/#website","url":"https:\/\/www.sani-spa.fr\/collection\/","name":"Sani Spa Collection","description":"Boutique spas &amp; accessoires spa","publisher":{"@id":"https:\/\/www.sani-spa.fr\/collection\/#organization"},"potentialAction":[{"@type":"SearchAction","target":{"@type":"EntryPoint","urlTemplate":"https:\/\/www.sani-spa.fr\/collection\/?s={search_term_string}"},"query-input":{"@type":"PropertyValueSpecification","valueRequired":true,"valueName":"search_term_string"}}],"inLanguage":"fr-FR"},{"@type":"Organization","@id":"https:\/\/www.sani-spa.fr\/collection\/#organization","name":"Sani Spa Collection","url":"https:\/\/www.sani-spa.fr\/collection\/","logo":{"@type":"ImageObject","inLanguage":"fr-FR","@id":"https:\/\/www.sani-spa.fr\/collection\/#\/schema\/logo\/image\/","url":"https:\/\/www.sani-spa.fr\/collection\/wp-collection\/uploads\/2017\/10\/logo-sani-spa-collection.png","contentUrl":"https:\/\/www.sani-spa.fr\/collection\/wp-collection\/uploads\/2017\/10\/logo-sani-spa-collection.png","width":231,"height":54,"caption":"Sani Spa Collection"},"image":{"@id":"https:\/\/www.sani-spa.fr\/collection\/#\/schema\/logo\/image\/"},"sameAs":["https:\/\/www.facebook.com\/sarlsanispa"]}]}},"jetpack_sharing_enabled":true,"_links":{"self":[{"href":"https:\/\/www.sani-spa.fr\/collection\/wp-json\/wp\/v2\/product\/1056","targetHints":{"allow":["GET"]}}],"collection":[{"href":"https:\/\/www.sani-spa.fr\/collection\/wp-json\/wp\/v2\/product"}],"about":[{"href":"https:\/\/www.sani-spa.fr\/collection\/wp-json\/wp\/v2\/types\/product"}],"replies":[{"embeddable":true,"href":"https:\/\/www.sani-spa.fr\/collection\/wp-json\/wp\/v2\/comments?post=1056"}],"wp:featuredmedia":[{"embeddable":true,"href":"https:\/\/www.sani-spa.fr\/collection\/wp-json\/wp\/v2\/media\/1057"}],"wp:attachment":[{"href":"https:\/\/www.sani-spa.fr\/collection\/wp-json\/wp\/v2\/media?parent=1056"}],"wp:term":[{"taxonomy":"product_brand","embeddable":true,"href":"https:\/\/www.sani-spa.fr\/collection\/wp-json\/wp\/v2\/product_brand?post=1056"},{"taxonomy":"product_cat","embeddable":true,"href":"https:\/\/www.sani-spa.fr\/collection\/wp-json\/wp\/v2\/product_cat?post=1056"},{"taxonomy":"product_tag","embeddable":true,"href":"https:\/\/www.sani-spa.fr\/collection\/wp-json\/wp\/v2\/product_tag?post=1056"}],"curies":[{"name":"wp","href":"https:\/\/api.w.org\/{rel}","templated":true}]}}