{"id":1161,"date":"2020-03-26T14:21:52","date_gmt":"2020-03-26T13:21:52","guid":{"rendered":"https:\/\/www.sani-spa.fr\/collection\/?post_type=product&#038;p=1161"},"modified":"2024-06-14T01:02:02","modified_gmt":"2024-06-13T23:02:02","slug":"rechauffeur-gecko-mspa-36kw","status":"publish","type":"product","link":"https:\/\/www.sani-spa.fr\/collection\/produit\/rechauffeur-gecko-mspa-36kw\/","title":{"rendered":"R\u00e9chauffeur Gecko MSPA 3kw"},"content":{"rendered":"<p>Garantie 2 ans<\/p>\n<p>&nbsp;<\/p>\n<p>R\u00e9chauffeur que l&#8217;on retrouve sur beaucoup de Spas de fabrication Canadienne et Am\u00e9ricaine<\/p>\n","protected":false},"excerpt":{"rendered":"<p>R\u00e9chauffeur Gecko 3,6kw \u00a0pour boitier de contr\u00f4le Gecko MSPA<\/p>\n<p><a href=\"https:\/\/www.sani-spa.fr\/collection\/produit\/pressostat-gecko\/\">Pressostat<\/a>\u00a0(d\u00e9tecteur de d\u00e9bit) \u00a0inclus<\/p>\n<p>Ce r\u00e9chauffeur se raccorde sur une tuyauterie 2&#8243;(pouces) soit 60mm ext\u00e9rieur<\/p>\n<p>Il est livr\u00e9 avec les bagues de serrages et les joints.<\/p>\n<p>&nbsp;<\/p>\n","protected":false},"featured_media":1164,"comment_status":"open","ping_status":"closed","template":"","meta":[],"product_brand":[],"product_cat":[18,28,37,107],"product_tag":[],"class_list":{"0":"post-1161","1":"product","2":"type-product","3":"status-publish","4":"has-post-thumbnail","6":"product_cat-pieces-detachees","7":"product_cat-rechauffeur-pour-spa","8":"product_cat-gecko","9":"product_cat-rechauffeurs-coast-spas","10":"product_shipping_class-rechauffeur","12":"first","13":"instock","14":"taxable","15":"shipping-taxable","16":"purchasable","17":"product-type-simple"},"yoast_head":"<!-- This site is optimized with the Yoast SEO plugin v27.0 - https:\/\/yoast.com\/product\/yoast-seo-wordpress\/ -->\n<title>R\u00e9chauffeur Gecko MSPA 3kw | Sani Spa Collection<\/title>\n<meta name=\"robots\" content=\"index, follow, max-snippet:-1, max-image-preview:large, max-video-preview:-1\" \/>\n<link rel=\"canonical\" href=\"https:\/\/www.sani-spa.fr\/collection\/produit\/rechauffeur-gecko-mspa-36kw\/\" \/>\n<meta property=\"og:locale\" content=\"fr_FR\" \/>\n<meta property=\"og:type\" content=\"article\" \/>\n<meta property=\"og:title\" content=\"R\u00e9chauffeur Gecko MSPA 3kw | Sani Spa Collection\" \/>\n<meta property=\"og:description\" content=\"R\u00e9chauffeur Gecko 3,6kw \u00a0pour boitier de contr\u00f4le Gecko MSPA  Pressostat\u00a0(d\u00e9tecteur de d\u00e9bit) \u00a0inclus  Ce r\u00e9chauffeur se raccorde sur une tuyauterie 2&quot;(pouces) soit 60mm ext\u00e9rieur  Il est livr\u00e9 avec les bagues de serrages et les joints.  &nbsp;\" \/>\n<meta property=\"og:url\" content=\"https:\/\/www.sani-spa.fr\/collection\/produit\/rechauffeur-gecko-mspa-36kw\/\" \/>\n<meta property=\"og:site_name\" content=\"Sani Spa Collection\" \/>\n<meta property=\"article:publisher\" content=\"https:\/\/www.facebook.com\/sarlsanispa\" \/>\n<meta property=\"article:modified_time\" content=\"2024-06-13T23:02:02+00:00\" \/>\n<meta property=\"og:image\" content=\"http:\/\/www.sani-spa.fr\/collection\/wp-collection\/uploads\/2020\/03\/GECKO_3.6KW_FLOW_THRU_HEATER_MSPA__50734.1557324199.jpg\" \/>\n\t<meta property=\"og:image:width\" content=\"608\" \/>\n\t<meta property=\"og:image:height\" content=\"503\" \/>\n\t<meta property=\"og:image:type\" content=\"image\/jpeg\" \/>\n<meta name=\"twitter:card\" content=\"summary_large_image\" \/>\n<meta name=\"twitter:label1\" content=\"Dur\u00e9e de lecture estim\u00e9e\" \/>\n\t<meta name=\"twitter:data1\" content=\"1 minute\" \/>\n<script type=\"application\/ld+json\" class=\"yoast-schema-graph\">{\"@context\":\"https:\/\/schema.org\",\"@graph\":[{\"@type\":\"WebPage\",\"@id\":\"https:\/\/www.sani-spa.fr\/collection\/produit\/rechauffeur-gecko-mspa-36kw\/\",\"url\":\"https:\/\/www.sani-spa.fr\/collection\/produit\/rechauffeur-gecko-mspa-36kw\/\",\"name\":\"R\u00e9chauffeur Gecko MSPA 3kw | Sani Spa Collection\",\"isPartOf\":{\"@id\":\"https:\/\/www.sani-spa.fr\/collection\/#website\"},\"primaryImageOfPage\":{\"@id\":\"https:\/\/www.sani-spa.fr\/collection\/produit\/rechauffeur-gecko-mspa-36kw\/#primaryimage\"},\"image\":{\"@id\":\"https:\/\/www.sani-spa.fr\/collection\/produit\/rechauffeur-gecko-mspa-36kw\/#primaryimage\"},\"thumbnailUrl\":\"https:\/\/www.sani-spa.fr\/collection\/wp-collection\/uploads\/2020\/03\/GECKO_3.6KW_FLOW_THRU_HEATER_MSPA__50734.1557324199.jpg\",\"datePublished\":\"2020-03-26T13:21:52+00:00\",\"dateModified\":\"2024-06-13T23:02:02+00:00\",\"breadcrumb\":{\"@id\":\"https:\/\/www.sani-spa.fr\/collection\/produit\/rechauffeur-gecko-mspa-36kw\/#breadcrumb\"},\"inLanguage\":\"fr-FR\",\"potentialAction\":[{\"@type\":\"ReadAction\",\"target\":[\"https:\/\/www.sani-spa.fr\/collection\/produit\/rechauffeur-gecko-mspa-36kw\/\"]}]},{\"@type\":\"ImageObject\",\"inLanguage\":\"fr-FR\",\"@id\":\"https:\/\/www.sani-spa.fr\/collection\/produit\/rechauffeur-gecko-mspa-36kw\/#primaryimage\",\"url\":\"https:\/\/www.sani-spa.fr\/collection\/wp-collection\/uploads\/2020\/03\/GECKO_3.6KW_FLOW_THRU_HEATER_MSPA__50734.1557324199.jpg\",\"contentUrl\":\"https:\/\/www.sani-spa.fr\/collection\/wp-collection\/uploads\/2020\/03\/GECKO_3.6KW_FLOW_THRU_HEATER_MSPA__50734.1557324199.jpg\",\"width\":608,\"height\":503},{\"@type\":\"BreadcrumbList\",\"@id\":\"https:\/\/www.sani-spa.fr\/collection\/produit\/rechauffeur-gecko-mspa-36kw\/#breadcrumb\",\"itemListElement\":[{\"@type\":\"ListItem\",\"position\":1,\"name\":\"Accueil\",\"item\":\"https:\/\/www.sani-spa.fr\/collection\/\"},{\"@type\":\"ListItem\",\"position\":2,\"name\":\"Sani Spa CollectionPi\u00e8ces D\u00e9tach\u00e9es &amp; Accessoires pour Spas\",\"item\":\"https:\/\/www.sani-spa.fr\/collection\/\"},{\"@type\":\"ListItem\",\"position\":3,\"name\":\"R\u00e9chauffeur Gecko MSPA 3kw\"}]},{\"@type\":\"WebSite\",\"@id\":\"https:\/\/www.sani-spa.fr\/collection\/#website\",\"url\":\"https:\/\/www.sani-spa.fr\/collection\/\",\"name\":\"Sani Spa Collection\",\"description\":\"Boutique spas &amp; accessoires spa\",\"publisher\":{\"@id\":\"https:\/\/www.sani-spa.fr\/collection\/#organization\"},\"potentialAction\":[{\"@type\":\"SearchAction\",\"target\":{\"@type\":\"EntryPoint\",\"urlTemplate\":\"https:\/\/www.sani-spa.fr\/collection\/?s={search_term_string}\"},\"query-input\":{\"@type\":\"PropertyValueSpecification\",\"valueRequired\":true,\"valueName\":\"search_term_string\"}}],\"inLanguage\":\"fr-FR\"},{\"@type\":\"Organization\",\"@id\":\"https:\/\/www.sani-spa.fr\/collection\/#organization\",\"name\":\"Sani Spa Collection\",\"url\":\"https:\/\/www.sani-spa.fr\/collection\/\",\"logo\":{\"@type\":\"ImageObject\",\"inLanguage\":\"fr-FR\",\"@id\":\"https:\/\/www.sani-spa.fr\/collection\/#\/schema\/logo\/image\/\",\"url\":\"https:\/\/www.sani-spa.fr\/collection\/wp-collection\/uploads\/2017\/10\/logo-sani-spa-collection.png\",\"contentUrl\":\"https:\/\/www.sani-spa.fr\/collection\/wp-collection\/uploads\/2017\/10\/logo-sani-spa-collection.png\",\"width\":231,\"height\":54,\"caption\":\"Sani Spa Collection\"},\"image\":{\"@id\":\"https:\/\/www.sani-spa.fr\/collection\/#\/schema\/logo\/image\/\"},\"sameAs\":[\"https:\/\/www.facebook.com\/sarlsanispa\"]}]}<\/script>\n<!-- \/ Yoast SEO plugin. -->","yoast_head_json":{"title":"R\u00e9chauffeur Gecko MSPA 3kw | Sani Spa Collection","robots":{"index":"index","follow":"follow","max-snippet":"max-snippet:-1","max-image-preview":"max-image-preview:large","max-video-preview":"max-video-preview:-1"},"canonical":"https:\/\/www.sani-spa.fr\/collection\/produit\/rechauffeur-gecko-mspa-36kw\/","og_locale":"fr_FR","og_type":"article","og_title":"R\u00e9chauffeur Gecko MSPA 3kw | Sani Spa Collection","og_description":"R\u00e9chauffeur Gecko 3,6kw \u00a0pour boitier de contr\u00f4le Gecko MSPA  Pressostat\u00a0(d\u00e9tecteur de d\u00e9bit) \u00a0inclus  Ce r\u00e9chauffeur se raccorde sur une tuyauterie 2\"(pouces) soit 60mm ext\u00e9rieur  Il est livr\u00e9 avec les bagues de serrages et les joints.  &nbsp;","og_url":"https:\/\/www.sani-spa.fr\/collection\/produit\/rechauffeur-gecko-mspa-36kw\/","og_site_name":"Sani Spa Collection","article_publisher":"https:\/\/www.facebook.com\/sarlsanispa","article_modified_time":"2024-06-13T23:02:02+00:00","og_image":[{"width":608,"height":503,"url":"http:\/\/www.sani-spa.fr\/collection\/wp-collection\/uploads\/2020\/03\/GECKO_3.6KW_FLOW_THRU_HEATER_MSPA__50734.1557324199.jpg","type":"image\/jpeg"}],"twitter_card":"summary_large_image","twitter_misc":{"Dur\u00e9e de lecture estim\u00e9e":"1 minute"},"schema":{"@context":"https:\/\/schema.org","@graph":[{"@type":"WebPage","@id":"https:\/\/www.sani-spa.fr\/collection\/produit\/rechauffeur-gecko-mspa-36kw\/","url":"https:\/\/www.sani-spa.fr\/collection\/produit\/rechauffeur-gecko-mspa-36kw\/","name":"R\u00e9chauffeur Gecko MSPA 3kw | Sani Spa Collection","isPartOf":{"@id":"https:\/\/www.sani-spa.fr\/collection\/#website"},"primaryImageOfPage":{"@id":"https:\/\/www.sani-spa.fr\/collection\/produit\/rechauffeur-gecko-mspa-36kw\/#primaryimage"},"image":{"@id":"https:\/\/www.sani-spa.fr\/collection\/produit\/rechauffeur-gecko-mspa-36kw\/#primaryimage"},"thumbnailUrl":"https:\/\/www.sani-spa.fr\/collection\/wp-collection\/uploads\/2020\/03\/GECKO_3.6KW_FLOW_THRU_HEATER_MSPA__50734.1557324199.jpg","datePublished":"2020-03-26T13:21:52+00:00","dateModified":"2024-06-13T23:02:02+00:00","breadcrumb":{"@id":"https:\/\/www.sani-spa.fr\/collection\/produit\/rechauffeur-gecko-mspa-36kw\/#breadcrumb"},"inLanguage":"fr-FR","potentialAction":[{"@type":"ReadAction","target":["https:\/\/www.sani-spa.fr\/collection\/produit\/rechauffeur-gecko-mspa-36kw\/"]}]},{"@type":"ImageObject","inLanguage":"fr-FR","@id":"https:\/\/www.sani-spa.fr\/collection\/produit\/rechauffeur-gecko-mspa-36kw\/#primaryimage","url":"https:\/\/www.sani-spa.fr\/collection\/wp-collection\/uploads\/2020\/03\/GECKO_3.6KW_FLOW_THRU_HEATER_MSPA__50734.1557324199.jpg","contentUrl":"https:\/\/www.sani-spa.fr\/collection\/wp-collection\/uploads\/2020\/03\/GECKO_3.6KW_FLOW_THRU_HEATER_MSPA__50734.1557324199.jpg","width":608,"height":503},{"@type":"BreadcrumbList","@id":"https:\/\/www.sani-spa.fr\/collection\/produit\/rechauffeur-gecko-mspa-36kw\/#breadcrumb","itemListElement":[{"@type":"ListItem","position":1,"name":"Accueil","item":"https:\/\/www.sani-spa.fr\/collection\/"},{"@type":"ListItem","position":2,"name":"Sani Spa CollectionPi\u00e8ces D\u00e9tach\u00e9es &amp; Accessoires pour Spas","item":"https:\/\/www.sani-spa.fr\/collection\/"},{"@type":"ListItem","position":3,"name":"R\u00e9chauffeur Gecko MSPA 3kw"}]},{"@type":"WebSite","@id":"https:\/\/www.sani-spa.fr\/collection\/#website","url":"https:\/\/www.sani-spa.fr\/collection\/","name":"Sani Spa Collection","description":"Boutique spas &amp; accessoires spa","publisher":{"@id":"https:\/\/www.sani-spa.fr\/collection\/#organization"},"potentialAction":[{"@type":"SearchAction","target":{"@type":"EntryPoint","urlTemplate":"https:\/\/www.sani-spa.fr\/collection\/?s={search_term_string}"},"query-input":{"@type":"PropertyValueSpecification","valueRequired":true,"valueName":"search_term_string"}}],"inLanguage":"fr-FR"},{"@type":"Organization","@id":"https:\/\/www.sani-spa.fr\/collection\/#organization","name":"Sani Spa Collection","url":"https:\/\/www.sani-spa.fr\/collection\/","logo":{"@type":"ImageObject","inLanguage":"fr-FR","@id":"https:\/\/www.sani-spa.fr\/collection\/#\/schema\/logo\/image\/","url":"https:\/\/www.sani-spa.fr\/collection\/wp-collection\/uploads\/2017\/10\/logo-sani-spa-collection.png","contentUrl":"https:\/\/www.sani-spa.fr\/collection\/wp-collection\/uploads\/2017\/10\/logo-sani-spa-collection.png","width":231,"height":54,"caption":"Sani Spa Collection"},"image":{"@id":"https:\/\/www.sani-spa.fr\/collection\/#\/schema\/logo\/image\/"},"sameAs":["https:\/\/www.facebook.com\/sarlsanispa"]}]}},"jetpack_sharing_enabled":true,"_links":{"self":[{"href":"https:\/\/www.sani-spa.fr\/collection\/wp-json\/wp\/v2\/product\/1161","targetHints":{"allow":["GET"]}}],"collection":[{"href":"https:\/\/www.sani-spa.fr\/collection\/wp-json\/wp\/v2\/product"}],"about":[{"href":"https:\/\/www.sani-spa.fr\/collection\/wp-json\/wp\/v2\/types\/product"}],"replies":[{"embeddable":true,"href":"https:\/\/www.sani-spa.fr\/collection\/wp-json\/wp\/v2\/comments?post=1161"}],"wp:featuredmedia":[{"embeddable":true,"href":"https:\/\/www.sani-spa.fr\/collection\/wp-json\/wp\/v2\/media\/1164"}],"wp:attachment":[{"href":"https:\/\/www.sani-spa.fr\/collection\/wp-json\/wp\/v2\/media?parent=1161"}],"wp:term":[{"taxonomy":"product_brand","embeddable":true,"href":"https:\/\/www.sani-spa.fr\/collection\/wp-json\/wp\/v2\/product_brand?post=1161"},{"taxonomy":"product_cat","embeddable":true,"href":"https:\/\/www.sani-spa.fr\/collection\/wp-json\/wp\/v2\/product_cat?post=1161"},{"taxonomy":"product_tag","embeddable":true,"href":"https:\/\/www.sani-spa.fr\/collection\/wp-json\/wp\/v2\/product_tag?post=1161"}],"curies":[{"name":"wp","href":"https:\/\/api.w.org\/{rel}","templated":true}]}}