{"id":1166,"date":"2020-03-26T14:38:47","date_gmt":"2020-03-26T13:38:47","guid":{"rendered":"https:\/\/www.sani-spa.fr\/collection\/?post_type=product&#038;p=1166"},"modified":"2026-04-24T13:02:09","modified_gmt":"2026-04-24T11:02:09","slug":"rechaufeur-gecko-in-therm-2kw-4kw","status":"publish","type":"product","link":"https:\/\/www.sani-spa.fr\/collection\/produit\/rechaufeur-gecko-in-therm-2kw-4kw\/","title":{"rendered":"R\u00e9chaufeur Gecko In.therm  2kw \/ 4kw"},"content":{"rendered":"<p><u>Dimensions du produit<\/u>:<\/p>\n<p>Largeur 275 mm<br \/>\nProfondeur 185 mm<br \/>\nHauteur 52 mm<\/p>\n<p>D\u00e9bit minimum requis de la pompe de circulation est de 66 litres par minute<\/p>\n","protected":false},"excerpt":{"rendered":"<p>Le r\u00e9chauffeur Gecko In.Therm dispose d&#8217;un syst\u00e8me intelligent et autonome de gestion de chauffe de l&#8217;eau. Il est \u00e9quip\u00e9 d&#8217;une sonde de temp\u00e9rature qui permet de d\u00e9tecter le d\u00e9bit d&#8217;eau et adapte automatiquement la puissance de chauffage. Cette fonction permet de prolonger la dur\u00e9e de vie de la r\u00e9sistance. Aucun r\u00e9glage n&#8217;est n\u00e9cessaire.<\/p>\n<p>&nbsp;<\/p>\n<p>La version de puissance 3,8kw a \u00e9t\u00e9 remplacer par la version 4kw<\/p>\n","protected":false},"featured_media":1169,"comment_status":"open","ping_status":"closed","template":"","meta":[],"product_brand":[],"product_cat":[18,28,37],"product_tag":[],"class_list":{"0":"post-1166","1":"product","2":"type-product","3":"status-publish","4":"has-post-thumbnail","6":"product_cat-pieces-detachees","7":"product_cat-rechauffeur-pour-spa","8":"product_cat-gecko","9":"product_shipping_class-rechauffeur","11":"first","12":"instock","13":"taxable","14":"shipping-taxable","15":"purchasable","16":"product-type-variable"},"yoast_head":"<!-- This site is optimized with the Yoast SEO plugin v27.0 - https:\/\/yoast.com\/product\/yoast-seo-wordpress\/ -->\n<title>R\u00e9chaufeur Gecko In.therm 2kw \/ 4kw | Sani Spa Collection<\/title>\n<meta name=\"robots\" content=\"index, follow, max-snippet:-1, max-image-preview:large, max-video-preview:-1\" \/>\n<link rel=\"canonical\" href=\"https:\/\/www.sani-spa.fr\/collection\/produit\/rechaufeur-gecko-in-therm-2kw-4kw\/\" \/>\n<meta property=\"og:locale\" content=\"fr_FR\" \/>\n<meta property=\"og:type\" content=\"article\" \/>\n<meta property=\"og:title\" content=\"R\u00e9chaufeur Gecko In.therm 2kw \/ 4kw | Sani Spa Collection\" \/>\n<meta property=\"og:description\" content=\"Le r\u00e9chauffeur Gecko In.Therm dispose d&#039;un syst\u00e8me intelligent et autonome de gestion de chauffe de l&#039;eau. Il est \u00e9quip\u00e9 d&#039;une sonde de temp\u00e9rature qui permet de d\u00e9tecter le d\u00e9bit d&#039;eau et adapte automatiquement la puissance de chauffage. Cette fonction permet de prolonger la dur\u00e9e de vie de la r\u00e9sistance. Aucun r\u00e9glage n&#039;est n\u00e9cessaire.  &nbsp;  La version de puissance 3,8kw a \u00e9t\u00e9 remplacer par la version 4kw\" \/>\n<meta property=\"og:url\" content=\"https:\/\/www.sani-spa.fr\/collection\/produit\/rechaufeur-gecko-in-therm-2kw-4kw\/\" \/>\n<meta property=\"og:site_name\" content=\"Sani Spa Collection\" \/>\n<meta property=\"article:publisher\" content=\"https:\/\/www.facebook.com\/sarlsanispa\" \/>\n<meta property=\"article:modified_time\" content=\"2026-04-24T11:02:09+00:00\" \/>\n<meta property=\"og:image\" content=\"http:\/\/www.sani-spa.fr\/collection\/wp-collection\/uploads\/2020\/03\/heatintherm.jpg\" \/>\n\t<meta property=\"og:image:width\" content=\"468\" \/>\n\t<meta property=\"og:image:height\" content=\"468\" \/>\n\t<meta property=\"og:image:type\" content=\"image\/jpeg\" \/>\n<meta name=\"twitter:card\" content=\"summary_large_image\" \/>\n<meta name=\"twitter:label1\" content=\"Dur\u00e9e de lecture estim\u00e9e\" \/>\n\t<meta name=\"twitter:data1\" content=\"1 minute\" \/>\n<script type=\"application\/ld+json\" class=\"yoast-schema-graph\">{\"@context\":\"https:\/\/schema.org\",\"@graph\":[{\"@type\":\"WebPage\",\"@id\":\"https:\/\/www.sani-spa.fr\/collection\/produit\/rechaufeur-gecko-in-therm-2kw-4kw\/\",\"url\":\"https:\/\/www.sani-spa.fr\/collection\/produit\/rechaufeur-gecko-in-therm-2kw-4kw\/\",\"name\":\"R\u00e9chaufeur Gecko In.therm 2kw \/ 4kw | Sani Spa Collection\",\"isPartOf\":{\"@id\":\"https:\/\/www.sani-spa.fr\/collection\/#website\"},\"primaryImageOfPage\":{\"@id\":\"https:\/\/www.sani-spa.fr\/collection\/produit\/rechaufeur-gecko-in-therm-2kw-4kw\/#primaryimage\"},\"image\":{\"@id\":\"https:\/\/www.sani-spa.fr\/collection\/produit\/rechaufeur-gecko-in-therm-2kw-4kw\/#primaryimage\"},\"thumbnailUrl\":\"https:\/\/www.sani-spa.fr\/collection\/wp-collection\/uploads\/2020\/03\/heatintherm.jpg\",\"datePublished\":\"2020-03-26T13:38:47+00:00\",\"dateModified\":\"2026-04-24T11:02:09+00:00\",\"breadcrumb\":{\"@id\":\"https:\/\/www.sani-spa.fr\/collection\/produit\/rechaufeur-gecko-in-therm-2kw-4kw\/#breadcrumb\"},\"inLanguage\":\"fr-FR\",\"potentialAction\":[{\"@type\":\"ReadAction\",\"target\":[\"https:\/\/www.sani-spa.fr\/collection\/produit\/rechaufeur-gecko-in-therm-2kw-4kw\/\"]}]},{\"@type\":\"ImageObject\",\"inLanguage\":\"fr-FR\",\"@id\":\"https:\/\/www.sani-spa.fr\/collection\/produit\/rechaufeur-gecko-in-therm-2kw-4kw\/#primaryimage\",\"url\":\"https:\/\/www.sani-spa.fr\/collection\/wp-collection\/uploads\/2020\/03\/heatintherm.jpg\",\"contentUrl\":\"https:\/\/www.sani-spa.fr\/collection\/wp-collection\/uploads\/2020\/03\/heatintherm.jpg\",\"width\":468,\"height\":468},{\"@type\":\"BreadcrumbList\",\"@id\":\"https:\/\/www.sani-spa.fr\/collection\/produit\/rechaufeur-gecko-in-therm-2kw-4kw\/#breadcrumb\",\"itemListElement\":[{\"@type\":\"ListItem\",\"position\":1,\"name\":\"Accueil\",\"item\":\"https:\/\/www.sani-spa.fr\/collection\/\"},{\"@type\":\"ListItem\",\"position\":2,\"name\":\"Sani Spa CollectionPi\u00e8ces D\u00e9tach\u00e9es &amp; Accessoires pour Spas\",\"item\":\"https:\/\/www.sani-spa.fr\/collection\/\"},{\"@type\":\"ListItem\",\"position\":3,\"name\":\"R\u00e9chaufeur Gecko In.therm 2kw \/ 4kw\"}]},{\"@type\":\"WebSite\",\"@id\":\"https:\/\/www.sani-spa.fr\/collection\/#website\",\"url\":\"https:\/\/www.sani-spa.fr\/collection\/\",\"name\":\"Sani Spa Collection\",\"description\":\"Boutique spas &amp; accessoires spa\",\"publisher\":{\"@id\":\"https:\/\/www.sani-spa.fr\/collection\/#organization\"},\"potentialAction\":[{\"@type\":\"SearchAction\",\"target\":{\"@type\":\"EntryPoint\",\"urlTemplate\":\"https:\/\/www.sani-spa.fr\/collection\/?s={search_term_string}\"},\"query-input\":{\"@type\":\"PropertyValueSpecification\",\"valueRequired\":true,\"valueName\":\"search_term_string\"}}],\"inLanguage\":\"fr-FR\"},{\"@type\":\"Organization\",\"@id\":\"https:\/\/www.sani-spa.fr\/collection\/#organization\",\"name\":\"Sani Spa Collection\",\"url\":\"https:\/\/www.sani-spa.fr\/collection\/\",\"logo\":{\"@type\":\"ImageObject\",\"inLanguage\":\"fr-FR\",\"@id\":\"https:\/\/www.sani-spa.fr\/collection\/#\/schema\/logo\/image\/\",\"url\":\"https:\/\/www.sani-spa.fr\/collection\/wp-collection\/uploads\/2017\/10\/logo-sani-spa-collection.png\",\"contentUrl\":\"https:\/\/www.sani-spa.fr\/collection\/wp-collection\/uploads\/2017\/10\/logo-sani-spa-collection.png\",\"width\":231,\"height\":54,\"caption\":\"Sani Spa Collection\"},\"image\":{\"@id\":\"https:\/\/www.sani-spa.fr\/collection\/#\/schema\/logo\/image\/\"},\"sameAs\":[\"https:\/\/www.facebook.com\/sarlsanispa\"]}]}<\/script>\n<!-- \/ Yoast SEO plugin. -->","yoast_head_json":{"title":"R\u00e9chaufeur Gecko In.therm 2kw \/ 4kw | Sani Spa Collection","robots":{"index":"index","follow":"follow","max-snippet":"max-snippet:-1","max-image-preview":"max-image-preview:large","max-video-preview":"max-video-preview:-1"},"canonical":"https:\/\/www.sani-spa.fr\/collection\/produit\/rechaufeur-gecko-in-therm-2kw-4kw\/","og_locale":"fr_FR","og_type":"article","og_title":"R\u00e9chaufeur Gecko In.therm 2kw \/ 4kw | Sani Spa Collection","og_description":"Le r\u00e9chauffeur Gecko In.Therm dispose d'un syst\u00e8me intelligent et autonome de gestion de chauffe de l'eau. Il est \u00e9quip\u00e9 d'une sonde de temp\u00e9rature qui permet de d\u00e9tecter le d\u00e9bit d'eau et adapte automatiquement la puissance de chauffage. Cette fonction permet de prolonger la dur\u00e9e de vie de la r\u00e9sistance. Aucun r\u00e9glage n'est n\u00e9cessaire.  &nbsp;  La version de puissance 3,8kw a \u00e9t\u00e9 remplacer par la version 4kw","og_url":"https:\/\/www.sani-spa.fr\/collection\/produit\/rechaufeur-gecko-in-therm-2kw-4kw\/","og_site_name":"Sani Spa Collection","article_publisher":"https:\/\/www.facebook.com\/sarlsanispa","article_modified_time":"2026-04-24T11:02:09+00:00","og_image":[{"width":468,"height":468,"url":"http:\/\/www.sani-spa.fr\/collection\/wp-collection\/uploads\/2020\/03\/heatintherm.jpg","type":"image\/jpeg"}],"twitter_card":"summary_large_image","twitter_misc":{"Dur\u00e9e de lecture estim\u00e9e":"1 minute"},"schema":{"@context":"https:\/\/schema.org","@graph":[{"@type":"WebPage","@id":"https:\/\/www.sani-spa.fr\/collection\/produit\/rechaufeur-gecko-in-therm-2kw-4kw\/","url":"https:\/\/www.sani-spa.fr\/collection\/produit\/rechaufeur-gecko-in-therm-2kw-4kw\/","name":"R\u00e9chaufeur Gecko In.therm 2kw \/ 4kw | Sani Spa Collection","isPartOf":{"@id":"https:\/\/www.sani-spa.fr\/collection\/#website"},"primaryImageOfPage":{"@id":"https:\/\/www.sani-spa.fr\/collection\/produit\/rechaufeur-gecko-in-therm-2kw-4kw\/#primaryimage"},"image":{"@id":"https:\/\/www.sani-spa.fr\/collection\/produit\/rechaufeur-gecko-in-therm-2kw-4kw\/#primaryimage"},"thumbnailUrl":"https:\/\/www.sani-spa.fr\/collection\/wp-collection\/uploads\/2020\/03\/heatintherm.jpg","datePublished":"2020-03-26T13:38:47+00:00","dateModified":"2026-04-24T11:02:09+00:00","breadcrumb":{"@id":"https:\/\/www.sani-spa.fr\/collection\/produit\/rechaufeur-gecko-in-therm-2kw-4kw\/#breadcrumb"},"inLanguage":"fr-FR","potentialAction":[{"@type":"ReadAction","target":["https:\/\/www.sani-spa.fr\/collection\/produit\/rechaufeur-gecko-in-therm-2kw-4kw\/"]}]},{"@type":"ImageObject","inLanguage":"fr-FR","@id":"https:\/\/www.sani-spa.fr\/collection\/produit\/rechaufeur-gecko-in-therm-2kw-4kw\/#primaryimage","url":"https:\/\/www.sani-spa.fr\/collection\/wp-collection\/uploads\/2020\/03\/heatintherm.jpg","contentUrl":"https:\/\/www.sani-spa.fr\/collection\/wp-collection\/uploads\/2020\/03\/heatintherm.jpg","width":468,"height":468},{"@type":"BreadcrumbList","@id":"https:\/\/www.sani-spa.fr\/collection\/produit\/rechaufeur-gecko-in-therm-2kw-4kw\/#breadcrumb","itemListElement":[{"@type":"ListItem","position":1,"name":"Accueil","item":"https:\/\/www.sani-spa.fr\/collection\/"},{"@type":"ListItem","position":2,"name":"Sani Spa CollectionPi\u00e8ces D\u00e9tach\u00e9es &amp; Accessoires pour Spas","item":"https:\/\/www.sani-spa.fr\/collection\/"},{"@type":"ListItem","position":3,"name":"R\u00e9chaufeur Gecko In.therm 2kw \/ 4kw"}]},{"@type":"WebSite","@id":"https:\/\/www.sani-spa.fr\/collection\/#website","url":"https:\/\/www.sani-spa.fr\/collection\/","name":"Sani Spa Collection","description":"Boutique spas &amp; accessoires spa","publisher":{"@id":"https:\/\/www.sani-spa.fr\/collection\/#organization"},"potentialAction":[{"@type":"SearchAction","target":{"@type":"EntryPoint","urlTemplate":"https:\/\/www.sani-spa.fr\/collection\/?s={search_term_string}"},"query-input":{"@type":"PropertyValueSpecification","valueRequired":true,"valueName":"search_term_string"}}],"inLanguage":"fr-FR"},{"@type":"Organization","@id":"https:\/\/www.sani-spa.fr\/collection\/#organization","name":"Sani Spa Collection","url":"https:\/\/www.sani-spa.fr\/collection\/","logo":{"@type":"ImageObject","inLanguage":"fr-FR","@id":"https:\/\/www.sani-spa.fr\/collection\/#\/schema\/logo\/image\/","url":"https:\/\/www.sani-spa.fr\/collection\/wp-collection\/uploads\/2017\/10\/logo-sani-spa-collection.png","contentUrl":"https:\/\/www.sani-spa.fr\/collection\/wp-collection\/uploads\/2017\/10\/logo-sani-spa-collection.png","width":231,"height":54,"caption":"Sani Spa Collection"},"image":{"@id":"https:\/\/www.sani-spa.fr\/collection\/#\/schema\/logo\/image\/"},"sameAs":["https:\/\/www.facebook.com\/sarlsanispa"]}]}},"jetpack_sharing_enabled":true,"_links":{"self":[{"href":"https:\/\/www.sani-spa.fr\/collection\/wp-json\/wp\/v2\/product\/1166","targetHints":{"allow":["GET"]}}],"collection":[{"href":"https:\/\/www.sani-spa.fr\/collection\/wp-json\/wp\/v2\/product"}],"about":[{"href":"https:\/\/www.sani-spa.fr\/collection\/wp-json\/wp\/v2\/types\/product"}],"replies":[{"embeddable":true,"href":"https:\/\/www.sani-spa.fr\/collection\/wp-json\/wp\/v2\/comments?post=1166"}],"wp:featuredmedia":[{"embeddable":true,"href":"https:\/\/www.sani-spa.fr\/collection\/wp-json\/wp\/v2\/media\/1169"}],"wp:attachment":[{"href":"https:\/\/www.sani-spa.fr\/collection\/wp-json\/wp\/v2\/media?parent=1166"}],"wp:term":[{"taxonomy":"product_brand","embeddable":true,"href":"https:\/\/www.sani-spa.fr\/collection\/wp-json\/wp\/v2\/product_brand?post=1166"},{"taxonomy":"product_cat","embeddable":true,"href":"https:\/\/www.sani-spa.fr\/collection\/wp-json\/wp\/v2\/product_cat?post=1166"},{"taxonomy":"product_tag","embeddable":true,"href":"https:\/\/www.sani-spa.fr\/collection\/wp-json\/wp\/v2\/product_tag?post=1166"}],"curies":[{"name":"wp","href":"https:\/\/api.w.org\/{rel}","templated":true}]}}