{"id":1193,"date":"2020-03-27T12:32:57","date_gmt":"2020-03-27T11:32:57","guid":{"rendered":"https:\/\/www.sani-spa.fr\/collection\/?post_type=product&#038;p=1193"},"modified":"2024-03-27T10:26:21","modified_gmt":"2024-03-27T09:26:21","slug":"platine-balboa-gl2000-m3","status":"publish","type":"product","link":"https:\/\/www.sani-spa.fr\/collection\/produit\/platine-balboa-gl2000-m3\/","title":{"rendered":"Platine Balboa GL2000 M3"},"content":{"rendered":"<ul>\n<li>Platine gestion Balboa GL2000 M3<\/li>\n<\/ul>\n<p>Compatible avec les claviers de commande suivants :<\/p>\n<p><a href=\"https:\/\/www.sani-spa.fr\/collection\/produit\/clavier-balboa-ml900\/\">ML900<\/a> \/ <a href=\"https:\/\/www.sani-spa.fr\/collection\/produit\/clavier-balboa-ml700\/\">ML700<\/a> \/ <a href=\"https:\/\/www.sani-spa.fr\/collection\/produit\/clavier-de-controle-balboa-ml551\/\">ML551\u00a0<\/a><\/p>\n<p>Retrouvez le <a href=\"https:\/\/www.sani-spa.fr\/collection\/produit\/boitier-de-controle-rechauffeur-gl2000-m3\/\">Boitier de contr\u00f4le complet GL2000 M3\u00a0<\/a><\/p>\n<p>Garantie 1 An<\/p>\n","protected":false},"excerpt":{"rendered":"<p><strong>Remplacer par la r\u00e9f\u00e9rence <a href=\"https:\/\/www.sani-spa.fr\/collection\/produit\/boitier-de-controle-rechauffeur-gl2001-m3-copie\/\">GL2001<\/a><\/strong><\/p>\n<p>Cette platine de commande peut supporter :<\/p>\n<ul>\n<li>1 Pompe de circulation<\/li>\n<li>1 Pompe de massage bi-vitesses<\/li>\n<li>1 pompe de massage 1 vitesse<\/li>\n<li>1 Blower<\/li>\n<li>1 projecteur led multicolor<\/li>\n<li>Horloge en temps r\u00e9el avec m\u00e9moire en cas de coupure de courant<\/li>\n<li>LED synchronis\u00e9 ModEFX&#x2122;<\/li>\n<li>1 <a href=\"https:\/\/www.sani-spa.fr\/collection\/produit\/rechauffeur-balboa-3kw\/\">r\u00e9chauffeur 3Kw<\/a><\/li>\n<\/ul>\n<p>Les notices d&#8217;utilisation et de programmation sont t\u00e9l\u00e9chargeable en cliquant sur le lien suivant:<\/p>\n<p><a href=\"http:\/\/www.balboawatergroup.com\/Technical-Data-Sheets#\">NOTICE DE CONFIGURATION BOITIER<\/a> \u00a0\/ <a href=\"http:\/\/www.balboawatergroup.com\/Topside-Spa-Panels\">NOTICE CLAVIER DE CONTROLE\u00a0<\/a><\/p>\n","protected":false},"featured_media":1194,"comment_status":"open","ping_status":"closed","template":"","meta":[],"product_brand":[],"product_cat":[18,27,46],"product_tag":[],"class_list":{"0":"post-1193","1":"product","2":"type-product","3":"status-publish","4":"has-post-thumbnail","6":"product_cat-pieces-detachees","7":"product_cat-boitier-controle","8":"product_cat-platines-de-gestion","9":"product_shipping_class-cartes-mere","11":"first","12":"outofstock","13":"taxable","14":"shipping-taxable","15":"purchasable","16":"product-type-simple"},"yoast_head":"<!-- This site is optimized with the Yoast SEO plugin v27.0 - https:\/\/yoast.com\/product\/yoast-seo-wordpress\/ -->\n<title>Platine Balboa GL2000 M3 | Sani Spa Collection<\/title>\n<meta name=\"robots\" content=\"index, follow, max-snippet:-1, max-image-preview:large, max-video-preview:-1\" \/>\n<link rel=\"canonical\" href=\"https:\/\/www.sani-spa.fr\/collection\/produit\/platine-balboa-gl2000-m3\/\" \/>\n<meta property=\"og:locale\" content=\"fr_FR\" \/>\n<meta property=\"og:type\" content=\"article\" \/>\n<meta property=\"og:title\" content=\"Platine Balboa GL2000 M3 | Sani Spa Collection\" \/>\n<meta property=\"og:description\" content=\"Remplacer par la r\u00e9f\u00e9rence GL2001  Cette platine de commande peut supporter :   1 Pompe de circulation  1 Pompe de massage bi-vitesses  1 pompe de massage 1 vitesse  1 Blower  1 projecteur led multicolor  Horloge en temps r\u00e9el avec m\u00e9moire en cas de coupure de courant  LED synchronis\u00e9 ModEFX&#x2122;  1 r\u00e9chauffeur 3Kw  Les notices d&#039;utilisation et de programmation sont t\u00e9l\u00e9chargeable en cliquant sur le lien suivant:  NOTICE DE CONFIGURATION BOITIER \u00a0\/ NOTICE CLAVIER DE CONTROLE\u00a0\" \/>\n<meta property=\"og:url\" content=\"https:\/\/www.sani-spa.fr\/collection\/produit\/platine-balboa-gl2000-m3\/\" \/>\n<meta property=\"og:site_name\" content=\"Sani Spa Collection\" \/>\n<meta property=\"article:publisher\" content=\"https:\/\/www.facebook.com\/sarlsanispa\" \/>\n<meta property=\"article:modified_time\" content=\"2024-03-27T09:26:21+00:00\" \/>\n<meta property=\"og:image\" content=\"http:\/\/www.sani-spa.fr\/collection\/wp-collection\/uploads\/2020\/03\/1169-carte-mere-balboa-gl2000-m3-1-im-600x480.jpg\" \/>\n\t<meta property=\"og:image:width\" content=\"600\" \/>\n\t<meta property=\"og:image:height\" content=\"480\" \/>\n\t<meta property=\"og:image:type\" content=\"image\/jpeg\" \/>\n<meta name=\"twitter:card\" content=\"summary_large_image\" \/>\n<meta name=\"twitter:label1\" content=\"Dur\u00e9e de lecture estim\u00e9e\" \/>\n\t<meta name=\"twitter:data1\" content=\"1 minute\" \/>\n<script type=\"application\/ld+json\" class=\"yoast-schema-graph\">{\"@context\":\"https:\/\/schema.org\",\"@graph\":[{\"@type\":\"WebPage\",\"@id\":\"https:\/\/www.sani-spa.fr\/collection\/produit\/platine-balboa-gl2000-m3\/\",\"url\":\"https:\/\/www.sani-spa.fr\/collection\/produit\/platine-balboa-gl2000-m3\/\",\"name\":\"Platine Balboa GL2000 M3 | Sani Spa Collection\",\"isPartOf\":{\"@id\":\"https:\/\/www.sani-spa.fr\/collection\/#website\"},\"primaryImageOfPage\":{\"@id\":\"https:\/\/www.sani-spa.fr\/collection\/produit\/platine-balboa-gl2000-m3\/#primaryimage\"},\"image\":{\"@id\":\"https:\/\/www.sani-spa.fr\/collection\/produit\/platine-balboa-gl2000-m3\/#primaryimage\"},\"thumbnailUrl\":\"https:\/\/www.sani-spa.fr\/collection\/wp-collection\/uploads\/2020\/03\/1169-carte-mere-balboa-gl2000-m3-1-im-600x480.jpg\",\"datePublished\":\"2020-03-27T11:32:57+00:00\",\"dateModified\":\"2024-03-27T09:26:21+00:00\",\"breadcrumb\":{\"@id\":\"https:\/\/www.sani-spa.fr\/collection\/produit\/platine-balboa-gl2000-m3\/#breadcrumb\"},\"inLanguage\":\"fr-FR\",\"potentialAction\":[{\"@type\":\"ReadAction\",\"target\":[\"https:\/\/www.sani-spa.fr\/collection\/produit\/platine-balboa-gl2000-m3\/\"]}]},{\"@type\":\"ImageObject\",\"inLanguage\":\"fr-FR\",\"@id\":\"https:\/\/www.sani-spa.fr\/collection\/produit\/platine-balboa-gl2000-m3\/#primaryimage\",\"url\":\"https:\/\/www.sani-spa.fr\/collection\/wp-collection\/uploads\/2020\/03\/1169-carte-mere-balboa-gl2000-m3-1-im-600x480.jpg\",\"contentUrl\":\"https:\/\/www.sani-spa.fr\/collection\/wp-collection\/uploads\/2020\/03\/1169-carte-mere-balboa-gl2000-m3-1-im-600x480.jpg\",\"width\":600,\"height\":480},{\"@type\":\"BreadcrumbList\",\"@id\":\"https:\/\/www.sani-spa.fr\/collection\/produit\/platine-balboa-gl2000-m3\/#breadcrumb\",\"itemListElement\":[{\"@type\":\"ListItem\",\"position\":1,\"name\":\"Accueil\",\"item\":\"https:\/\/www.sani-spa.fr\/collection\/\"},{\"@type\":\"ListItem\",\"position\":2,\"name\":\"Sani Spa CollectionPi\u00e8ces D\u00e9tach\u00e9es &amp; Accessoires pour Spas\",\"item\":\"https:\/\/www.sani-spa.fr\/collection\/\"},{\"@type\":\"ListItem\",\"position\":3,\"name\":\"Platine Balboa GL2000 M3\"}]},{\"@type\":\"WebSite\",\"@id\":\"https:\/\/www.sani-spa.fr\/collection\/#website\",\"url\":\"https:\/\/www.sani-spa.fr\/collection\/\",\"name\":\"Sani Spa Collection\",\"description\":\"Boutique spas &amp; accessoires spa\",\"publisher\":{\"@id\":\"https:\/\/www.sani-spa.fr\/collection\/#organization\"},\"potentialAction\":[{\"@type\":\"SearchAction\",\"target\":{\"@type\":\"EntryPoint\",\"urlTemplate\":\"https:\/\/www.sani-spa.fr\/collection\/?s={search_term_string}\"},\"query-input\":{\"@type\":\"PropertyValueSpecification\",\"valueRequired\":true,\"valueName\":\"search_term_string\"}}],\"inLanguage\":\"fr-FR\"},{\"@type\":\"Organization\",\"@id\":\"https:\/\/www.sani-spa.fr\/collection\/#organization\",\"name\":\"Sani Spa Collection\",\"url\":\"https:\/\/www.sani-spa.fr\/collection\/\",\"logo\":{\"@type\":\"ImageObject\",\"inLanguage\":\"fr-FR\",\"@id\":\"https:\/\/www.sani-spa.fr\/collection\/#\/schema\/logo\/image\/\",\"url\":\"https:\/\/www.sani-spa.fr\/collection\/wp-collection\/uploads\/2017\/10\/logo-sani-spa-collection.png\",\"contentUrl\":\"https:\/\/www.sani-spa.fr\/collection\/wp-collection\/uploads\/2017\/10\/logo-sani-spa-collection.png\",\"width\":231,\"height\":54,\"caption\":\"Sani Spa Collection\"},\"image\":{\"@id\":\"https:\/\/www.sani-spa.fr\/collection\/#\/schema\/logo\/image\/\"},\"sameAs\":[\"https:\/\/www.facebook.com\/sarlsanispa\"]}]}<\/script>\n<!-- \/ Yoast SEO plugin. -->","yoast_head_json":{"title":"Platine Balboa GL2000 M3 | Sani Spa Collection","robots":{"index":"index","follow":"follow","max-snippet":"max-snippet:-1","max-image-preview":"max-image-preview:large","max-video-preview":"max-video-preview:-1"},"canonical":"https:\/\/www.sani-spa.fr\/collection\/produit\/platine-balboa-gl2000-m3\/","og_locale":"fr_FR","og_type":"article","og_title":"Platine Balboa GL2000 M3 | Sani Spa Collection","og_description":"Remplacer par la r\u00e9f\u00e9rence GL2001  Cette platine de commande peut supporter :   1 Pompe de circulation  1 Pompe de massage bi-vitesses  1 pompe de massage 1 vitesse  1 Blower  1 projecteur led multicolor  Horloge en temps r\u00e9el avec m\u00e9moire en cas de coupure de courant  LED synchronis\u00e9 ModEFX&#x2122;  1 r\u00e9chauffeur 3Kw  Les notices d'utilisation et de programmation sont t\u00e9l\u00e9chargeable en cliquant sur le lien suivant:  NOTICE DE CONFIGURATION BOITIER \u00a0\/ NOTICE CLAVIER DE CONTROLE\u00a0","og_url":"https:\/\/www.sani-spa.fr\/collection\/produit\/platine-balboa-gl2000-m3\/","og_site_name":"Sani Spa Collection","article_publisher":"https:\/\/www.facebook.com\/sarlsanispa","article_modified_time":"2024-03-27T09:26:21+00:00","og_image":[{"width":600,"height":480,"url":"http:\/\/www.sani-spa.fr\/collection\/wp-collection\/uploads\/2020\/03\/1169-carte-mere-balboa-gl2000-m3-1-im-600x480.jpg","type":"image\/jpeg"}],"twitter_card":"summary_large_image","twitter_misc":{"Dur\u00e9e de lecture estim\u00e9e":"1 minute"},"schema":{"@context":"https:\/\/schema.org","@graph":[{"@type":"WebPage","@id":"https:\/\/www.sani-spa.fr\/collection\/produit\/platine-balboa-gl2000-m3\/","url":"https:\/\/www.sani-spa.fr\/collection\/produit\/platine-balboa-gl2000-m3\/","name":"Platine Balboa GL2000 M3 | Sani Spa Collection","isPartOf":{"@id":"https:\/\/www.sani-spa.fr\/collection\/#website"},"primaryImageOfPage":{"@id":"https:\/\/www.sani-spa.fr\/collection\/produit\/platine-balboa-gl2000-m3\/#primaryimage"},"image":{"@id":"https:\/\/www.sani-spa.fr\/collection\/produit\/platine-balboa-gl2000-m3\/#primaryimage"},"thumbnailUrl":"https:\/\/www.sani-spa.fr\/collection\/wp-collection\/uploads\/2020\/03\/1169-carte-mere-balboa-gl2000-m3-1-im-600x480.jpg","datePublished":"2020-03-27T11:32:57+00:00","dateModified":"2024-03-27T09:26:21+00:00","breadcrumb":{"@id":"https:\/\/www.sani-spa.fr\/collection\/produit\/platine-balboa-gl2000-m3\/#breadcrumb"},"inLanguage":"fr-FR","potentialAction":[{"@type":"ReadAction","target":["https:\/\/www.sani-spa.fr\/collection\/produit\/platine-balboa-gl2000-m3\/"]}]},{"@type":"ImageObject","inLanguage":"fr-FR","@id":"https:\/\/www.sani-spa.fr\/collection\/produit\/platine-balboa-gl2000-m3\/#primaryimage","url":"https:\/\/www.sani-spa.fr\/collection\/wp-collection\/uploads\/2020\/03\/1169-carte-mere-balboa-gl2000-m3-1-im-600x480.jpg","contentUrl":"https:\/\/www.sani-spa.fr\/collection\/wp-collection\/uploads\/2020\/03\/1169-carte-mere-balboa-gl2000-m3-1-im-600x480.jpg","width":600,"height":480},{"@type":"BreadcrumbList","@id":"https:\/\/www.sani-spa.fr\/collection\/produit\/platine-balboa-gl2000-m3\/#breadcrumb","itemListElement":[{"@type":"ListItem","position":1,"name":"Accueil","item":"https:\/\/www.sani-spa.fr\/collection\/"},{"@type":"ListItem","position":2,"name":"Sani Spa CollectionPi\u00e8ces D\u00e9tach\u00e9es &amp; Accessoires pour Spas","item":"https:\/\/www.sani-spa.fr\/collection\/"},{"@type":"ListItem","position":3,"name":"Platine Balboa GL2000 M3"}]},{"@type":"WebSite","@id":"https:\/\/www.sani-spa.fr\/collection\/#website","url":"https:\/\/www.sani-spa.fr\/collection\/","name":"Sani Spa Collection","description":"Boutique spas &amp; accessoires spa","publisher":{"@id":"https:\/\/www.sani-spa.fr\/collection\/#organization"},"potentialAction":[{"@type":"SearchAction","target":{"@type":"EntryPoint","urlTemplate":"https:\/\/www.sani-spa.fr\/collection\/?s={search_term_string}"},"query-input":{"@type":"PropertyValueSpecification","valueRequired":true,"valueName":"search_term_string"}}],"inLanguage":"fr-FR"},{"@type":"Organization","@id":"https:\/\/www.sani-spa.fr\/collection\/#organization","name":"Sani Spa Collection","url":"https:\/\/www.sani-spa.fr\/collection\/","logo":{"@type":"ImageObject","inLanguage":"fr-FR","@id":"https:\/\/www.sani-spa.fr\/collection\/#\/schema\/logo\/image\/","url":"https:\/\/www.sani-spa.fr\/collection\/wp-collection\/uploads\/2017\/10\/logo-sani-spa-collection.png","contentUrl":"https:\/\/www.sani-spa.fr\/collection\/wp-collection\/uploads\/2017\/10\/logo-sani-spa-collection.png","width":231,"height":54,"caption":"Sani Spa Collection"},"image":{"@id":"https:\/\/www.sani-spa.fr\/collection\/#\/schema\/logo\/image\/"},"sameAs":["https:\/\/www.facebook.com\/sarlsanispa"]}]}},"jetpack_sharing_enabled":true,"_links":{"self":[{"href":"https:\/\/www.sani-spa.fr\/collection\/wp-json\/wp\/v2\/product\/1193","targetHints":{"allow":["GET"]}}],"collection":[{"href":"https:\/\/www.sani-spa.fr\/collection\/wp-json\/wp\/v2\/product"}],"about":[{"href":"https:\/\/www.sani-spa.fr\/collection\/wp-json\/wp\/v2\/types\/product"}],"replies":[{"embeddable":true,"href":"https:\/\/www.sani-spa.fr\/collection\/wp-json\/wp\/v2\/comments?post=1193"}],"wp:featuredmedia":[{"embeddable":true,"href":"https:\/\/www.sani-spa.fr\/collection\/wp-json\/wp\/v2\/media\/1194"}],"wp:attachment":[{"href":"https:\/\/www.sani-spa.fr\/collection\/wp-json\/wp\/v2\/media?parent=1193"}],"wp:term":[{"taxonomy":"product_brand","embeddable":true,"href":"https:\/\/www.sani-spa.fr\/collection\/wp-json\/wp\/v2\/product_brand?post=1193"},{"taxonomy":"product_cat","embeddable":true,"href":"https:\/\/www.sani-spa.fr\/collection\/wp-json\/wp\/v2\/product_cat?post=1193"},{"taxonomy":"product_tag","embeddable":true,"href":"https:\/\/www.sani-spa.fr\/collection\/wp-json\/wp\/v2\/product_tag?post=1193"}],"curies":[{"name":"wp","href":"https:\/\/api.w.org\/{rel}","templated":true}]}}