{"id":1205,"date":"2020-03-27T12:58:28","date_gmt":"2020-03-27T11:58:28","guid":{"rendered":"https:\/\/www.sani-spa.fr\/collection\/?post_type=product&#038;p=1205"},"modified":"2024-06-14T00:59:07","modified_gmt":"2024-06-13T22:59:07","slug":"boitier-de-controle-balboa-gs501z","status":"publish","type":"product","link":"https:\/\/www.sani-spa.fr\/collection\/produit\/boitier-de-controle-balboa-gs501z\/","title":{"rendered":"Boitier de Contr\u00f4le Balboa GS501Z + R\u00e9chauffeur"},"content":{"rendered":"<p>Boitier de contr\u00f4le Balboa GS501Z. \u00c9quip\u00e9 d&#8217;un <a href=\"https:\/\/www.sani-spa.fr\/collection\/produit\/rechauffeur-balboa-3kw\/\">r\u00e9chauffeur de 3Kw<\/a><\/p>\n<p>Dimensions du coffret : 26,82 x\u00a031,14 x 11,68 cm<\/p>\n<p>Puissance : 230 volts<\/p>\n<p>Garante 2 ans<\/p>\n","protected":false},"excerpt":{"rendered":"<p>Ce boitier de commande balboa g\u00e8re et peut supporter :<\/p>\n<ul>\n<li><a href=\"https:\/\/www.sani-spa.fr\/collection\/categorie-produit\/pieces-detachees\/pompes-circulation\/\">1 pompe de circulation 24H<\/a><\/li>\n<li>1 pompe bi-vitesses<\/li>\n<li><a href=\"https:\/\/www.sani-spa.fr\/collection\/categorie-produit\/pieces-detachees\/blower\/\">1 blower<\/a> ou une seconde pompe 1 vitesse (apr\u00e8s modification du c\u00e2blage nous consulter)<\/li>\n<li><a href=\"https:\/\/www.sani-spa.fr\/collection\/categorie-produit\/pieces-detachees\/ozonateur\/\">1 Ozonateur<\/a><\/li>\n<li>1 R\u00e9chauffeur\u00a03Kw (Sondes de temp\u00e9ratures M7 brevet\u00e9s)<\/li>\n<\/ul>\n<p>Compatible avec les claviers de commande suivants:<br \/>\n<a href=\"https:\/\/www.sani-spa.fr\/collection\/produit\/clavier-balboa-vl200\/\">VL200<\/a>\/ VL240 \/ <a href=\"https:\/\/www.sani-spa.fr\/collection\/produit\/clavier-balboa-vl260\/\">VL2620<\/a> \/ VL400 \/ VL401 \/ VL402 \/ VL403 \/\u00a0<a href=\"https:\/\/www.sani-spa.fr\/collection\/produit\/clavier-de-controle-balboa-vl404\/\">VL404<\/a> \/ VL406<\/p>\n","protected":false},"featured_media":1206,"comment_status":"open","ping_status":"closed","template":"","meta":[],"product_brand":[],"product_cat":[18,27,44],"product_tag":[],"class_list":{"0":"post-1205","1":"product","2":"type-product","3":"status-publish","4":"has-post-thumbnail","6":"product_cat-pieces-detachees","7":"product_cat-boitier-controle","8":"product_cat-packs-complets","9":"product_shipping_class-boitier-de-controle-complet","11":"first","12":"instock","13":"taxable","14":"shipping-taxable","15":"purchasable","16":"product-type-simple"},"yoast_head":"<!-- This site is optimized with the Yoast SEO plugin v27.0 - https:\/\/yoast.com\/product\/yoast-seo-wordpress\/ -->\n<title>Boitier de Contr\u00f4le Balboa GS501Z + R\u00e9chauffeur | Sani Spa Collection<\/title>\n<meta name=\"robots\" content=\"index, follow, max-snippet:-1, max-image-preview:large, max-video-preview:-1\" \/>\n<link rel=\"canonical\" href=\"https:\/\/www.sani-spa.fr\/collection\/produit\/boitier-de-controle-balboa-gs501z\/\" \/>\n<meta property=\"og:locale\" content=\"fr_FR\" \/>\n<meta property=\"og:type\" content=\"article\" \/>\n<meta property=\"og:title\" content=\"Boitier de Contr\u00f4le Balboa GS501Z + R\u00e9chauffeur | Sani Spa Collection\" \/>\n<meta property=\"og:description\" content=\"Ce boitier de commande balboa g\u00e8re et peut supporter :   1 pompe de circulation 24H  1 pompe bi-vitesses  1 blower ou une seconde pompe 1 vitesse (apr\u00e8s modification du c\u00e2blage nous consulter)  1 Ozonateur  1 R\u00e9chauffeur\u00a03Kw (Sondes de temp\u00e9ratures M7 brevet\u00e9s)  Compatible avec les claviers de commande suivants: VL200\/ VL240 \/ VL2620 \/ VL400 \/ VL401 \/ VL402 \/ VL403 \/\u00a0VL404 \/ VL406\" \/>\n<meta property=\"og:url\" content=\"https:\/\/www.sani-spa.fr\/collection\/produit\/boitier-de-controle-balboa-gs501z\/\" \/>\n<meta property=\"og:site_name\" content=\"Sani Spa Collection\" \/>\n<meta property=\"article:publisher\" content=\"https:\/\/www.facebook.com\/sarlsanispa\" \/>\n<meta property=\"article:modified_time\" content=\"2024-06-13T22:59:07+00:00\" \/>\n<meta property=\"og:image\" content=\"http:\/\/www.sani-spa.fr\/collection\/wp-collection\/uploads\/2020\/03\/1719-Systeme-de-controle-Balboa-GS-1.jpg\" \/>\n\t<meta property=\"og:image:width\" content=\"1000\" \/>\n\t<meta property=\"og:image:height\" content=\"800\" \/>\n\t<meta property=\"og:image:type\" content=\"image\/jpeg\" \/>\n<meta name=\"twitter:card\" content=\"summary_large_image\" \/>\n<meta name=\"twitter:label1\" content=\"Dur\u00e9e de lecture estim\u00e9e\" \/>\n\t<meta name=\"twitter:data1\" content=\"1 minute\" \/>\n<script type=\"application\/ld+json\" class=\"yoast-schema-graph\">{\"@context\":\"https:\/\/schema.org\",\"@graph\":[{\"@type\":\"WebPage\",\"@id\":\"https:\/\/www.sani-spa.fr\/collection\/produit\/boitier-de-controle-balboa-gs501z\/\",\"url\":\"https:\/\/www.sani-spa.fr\/collection\/produit\/boitier-de-controle-balboa-gs501z\/\",\"name\":\"Boitier de Contr\u00f4le Balboa GS501Z + R\u00e9chauffeur | Sani Spa Collection\",\"isPartOf\":{\"@id\":\"https:\/\/www.sani-spa.fr\/collection\/#website\"},\"primaryImageOfPage\":{\"@id\":\"https:\/\/www.sani-spa.fr\/collection\/produit\/boitier-de-controle-balboa-gs501z\/#primaryimage\"},\"image\":{\"@id\":\"https:\/\/www.sani-spa.fr\/collection\/produit\/boitier-de-controle-balboa-gs501z\/#primaryimage\"},\"thumbnailUrl\":\"https:\/\/www.sani-spa.fr\/collection\/wp-collection\/uploads\/2020\/03\/1719-Systeme-de-controle-Balboa-GS-1.jpg\",\"datePublished\":\"2020-03-27T11:58:28+00:00\",\"dateModified\":\"2024-06-13T22:59:07+00:00\",\"breadcrumb\":{\"@id\":\"https:\/\/www.sani-spa.fr\/collection\/produit\/boitier-de-controle-balboa-gs501z\/#breadcrumb\"},\"inLanguage\":\"fr-FR\",\"potentialAction\":[{\"@type\":\"ReadAction\",\"target\":[\"https:\/\/www.sani-spa.fr\/collection\/produit\/boitier-de-controle-balboa-gs501z\/\"]}]},{\"@type\":\"ImageObject\",\"inLanguage\":\"fr-FR\",\"@id\":\"https:\/\/www.sani-spa.fr\/collection\/produit\/boitier-de-controle-balboa-gs501z\/#primaryimage\",\"url\":\"https:\/\/www.sani-spa.fr\/collection\/wp-collection\/uploads\/2020\/03\/1719-Systeme-de-controle-Balboa-GS-1.jpg\",\"contentUrl\":\"https:\/\/www.sani-spa.fr\/collection\/wp-collection\/uploads\/2020\/03\/1719-Systeme-de-controle-Balboa-GS-1.jpg\",\"width\":1000,\"height\":800},{\"@type\":\"BreadcrumbList\",\"@id\":\"https:\/\/www.sani-spa.fr\/collection\/produit\/boitier-de-controle-balboa-gs501z\/#breadcrumb\",\"itemListElement\":[{\"@type\":\"ListItem\",\"position\":1,\"name\":\"Accueil\",\"item\":\"https:\/\/www.sani-spa.fr\/collection\/\"},{\"@type\":\"ListItem\",\"position\":2,\"name\":\"Sani Spa CollectionPi\u00e8ces D\u00e9tach\u00e9es &amp; Accessoires pour Spas\",\"item\":\"https:\/\/www.sani-spa.fr\/collection\/\"},{\"@type\":\"ListItem\",\"position\":3,\"name\":\"Boitier de Contr\u00f4le Balboa GS501Z + R\u00e9chauffeur\"}]},{\"@type\":\"WebSite\",\"@id\":\"https:\/\/www.sani-spa.fr\/collection\/#website\",\"url\":\"https:\/\/www.sani-spa.fr\/collection\/\",\"name\":\"Sani Spa Collection\",\"description\":\"Boutique spas &amp; accessoires spa\",\"publisher\":{\"@id\":\"https:\/\/www.sani-spa.fr\/collection\/#organization\"},\"potentialAction\":[{\"@type\":\"SearchAction\",\"target\":{\"@type\":\"EntryPoint\",\"urlTemplate\":\"https:\/\/www.sani-spa.fr\/collection\/?s={search_term_string}\"},\"query-input\":{\"@type\":\"PropertyValueSpecification\",\"valueRequired\":true,\"valueName\":\"search_term_string\"}}],\"inLanguage\":\"fr-FR\"},{\"@type\":\"Organization\",\"@id\":\"https:\/\/www.sani-spa.fr\/collection\/#organization\",\"name\":\"Sani Spa Collection\",\"url\":\"https:\/\/www.sani-spa.fr\/collection\/\",\"logo\":{\"@type\":\"ImageObject\",\"inLanguage\":\"fr-FR\",\"@id\":\"https:\/\/www.sani-spa.fr\/collection\/#\/schema\/logo\/image\/\",\"url\":\"https:\/\/www.sani-spa.fr\/collection\/wp-collection\/uploads\/2017\/10\/logo-sani-spa-collection.png\",\"contentUrl\":\"https:\/\/www.sani-spa.fr\/collection\/wp-collection\/uploads\/2017\/10\/logo-sani-spa-collection.png\",\"width\":231,\"height\":54,\"caption\":\"Sani Spa Collection\"},\"image\":{\"@id\":\"https:\/\/www.sani-spa.fr\/collection\/#\/schema\/logo\/image\/\"},\"sameAs\":[\"https:\/\/www.facebook.com\/sarlsanispa\"]}]}<\/script>\n<!-- \/ Yoast SEO plugin. -->","yoast_head_json":{"title":"Boitier de Contr\u00f4le Balboa GS501Z + R\u00e9chauffeur | Sani Spa Collection","robots":{"index":"index","follow":"follow","max-snippet":"max-snippet:-1","max-image-preview":"max-image-preview:large","max-video-preview":"max-video-preview:-1"},"canonical":"https:\/\/www.sani-spa.fr\/collection\/produit\/boitier-de-controle-balboa-gs501z\/","og_locale":"fr_FR","og_type":"article","og_title":"Boitier de Contr\u00f4le Balboa GS501Z + R\u00e9chauffeur | Sani Spa Collection","og_description":"Ce boitier de commande balboa g\u00e8re et peut supporter :   1 pompe de circulation 24H  1 pompe bi-vitesses  1 blower ou une seconde pompe 1 vitesse (apr\u00e8s modification du c\u00e2blage nous consulter)  1 Ozonateur  1 R\u00e9chauffeur\u00a03Kw (Sondes de temp\u00e9ratures M7 brevet\u00e9s)  Compatible avec les claviers de commande suivants: VL200\/ VL240 \/ VL2620 \/ VL400 \/ VL401 \/ VL402 \/ VL403 \/\u00a0VL404 \/ VL406","og_url":"https:\/\/www.sani-spa.fr\/collection\/produit\/boitier-de-controle-balboa-gs501z\/","og_site_name":"Sani Spa Collection","article_publisher":"https:\/\/www.facebook.com\/sarlsanispa","article_modified_time":"2024-06-13T22:59:07+00:00","og_image":[{"width":1000,"height":800,"url":"http:\/\/www.sani-spa.fr\/collection\/wp-collection\/uploads\/2020\/03\/1719-Systeme-de-controle-Balboa-GS-1.jpg","type":"image\/jpeg"}],"twitter_card":"summary_large_image","twitter_misc":{"Dur\u00e9e de lecture estim\u00e9e":"1 minute"},"schema":{"@context":"https:\/\/schema.org","@graph":[{"@type":"WebPage","@id":"https:\/\/www.sani-spa.fr\/collection\/produit\/boitier-de-controle-balboa-gs501z\/","url":"https:\/\/www.sani-spa.fr\/collection\/produit\/boitier-de-controle-balboa-gs501z\/","name":"Boitier de Contr\u00f4le Balboa GS501Z + R\u00e9chauffeur | Sani Spa Collection","isPartOf":{"@id":"https:\/\/www.sani-spa.fr\/collection\/#website"},"primaryImageOfPage":{"@id":"https:\/\/www.sani-spa.fr\/collection\/produit\/boitier-de-controle-balboa-gs501z\/#primaryimage"},"image":{"@id":"https:\/\/www.sani-spa.fr\/collection\/produit\/boitier-de-controle-balboa-gs501z\/#primaryimage"},"thumbnailUrl":"https:\/\/www.sani-spa.fr\/collection\/wp-collection\/uploads\/2020\/03\/1719-Systeme-de-controle-Balboa-GS-1.jpg","datePublished":"2020-03-27T11:58:28+00:00","dateModified":"2024-06-13T22:59:07+00:00","breadcrumb":{"@id":"https:\/\/www.sani-spa.fr\/collection\/produit\/boitier-de-controle-balboa-gs501z\/#breadcrumb"},"inLanguage":"fr-FR","potentialAction":[{"@type":"ReadAction","target":["https:\/\/www.sani-spa.fr\/collection\/produit\/boitier-de-controle-balboa-gs501z\/"]}]},{"@type":"ImageObject","inLanguage":"fr-FR","@id":"https:\/\/www.sani-spa.fr\/collection\/produit\/boitier-de-controle-balboa-gs501z\/#primaryimage","url":"https:\/\/www.sani-spa.fr\/collection\/wp-collection\/uploads\/2020\/03\/1719-Systeme-de-controle-Balboa-GS-1.jpg","contentUrl":"https:\/\/www.sani-spa.fr\/collection\/wp-collection\/uploads\/2020\/03\/1719-Systeme-de-controle-Balboa-GS-1.jpg","width":1000,"height":800},{"@type":"BreadcrumbList","@id":"https:\/\/www.sani-spa.fr\/collection\/produit\/boitier-de-controle-balboa-gs501z\/#breadcrumb","itemListElement":[{"@type":"ListItem","position":1,"name":"Accueil","item":"https:\/\/www.sani-spa.fr\/collection\/"},{"@type":"ListItem","position":2,"name":"Sani Spa CollectionPi\u00e8ces D\u00e9tach\u00e9es &amp; Accessoires pour Spas","item":"https:\/\/www.sani-spa.fr\/collection\/"},{"@type":"ListItem","position":3,"name":"Boitier de Contr\u00f4le Balboa GS501Z + R\u00e9chauffeur"}]},{"@type":"WebSite","@id":"https:\/\/www.sani-spa.fr\/collection\/#website","url":"https:\/\/www.sani-spa.fr\/collection\/","name":"Sani Spa Collection","description":"Boutique spas &amp; accessoires spa","publisher":{"@id":"https:\/\/www.sani-spa.fr\/collection\/#organization"},"potentialAction":[{"@type":"SearchAction","target":{"@type":"EntryPoint","urlTemplate":"https:\/\/www.sani-spa.fr\/collection\/?s={search_term_string}"},"query-input":{"@type":"PropertyValueSpecification","valueRequired":true,"valueName":"search_term_string"}}],"inLanguage":"fr-FR"},{"@type":"Organization","@id":"https:\/\/www.sani-spa.fr\/collection\/#organization","name":"Sani Spa Collection","url":"https:\/\/www.sani-spa.fr\/collection\/","logo":{"@type":"ImageObject","inLanguage":"fr-FR","@id":"https:\/\/www.sani-spa.fr\/collection\/#\/schema\/logo\/image\/","url":"https:\/\/www.sani-spa.fr\/collection\/wp-collection\/uploads\/2017\/10\/logo-sani-spa-collection.png","contentUrl":"https:\/\/www.sani-spa.fr\/collection\/wp-collection\/uploads\/2017\/10\/logo-sani-spa-collection.png","width":231,"height":54,"caption":"Sani Spa Collection"},"image":{"@id":"https:\/\/www.sani-spa.fr\/collection\/#\/schema\/logo\/image\/"},"sameAs":["https:\/\/www.facebook.com\/sarlsanispa"]}]}},"jetpack_sharing_enabled":true,"_links":{"self":[{"href":"https:\/\/www.sani-spa.fr\/collection\/wp-json\/wp\/v2\/product\/1205","targetHints":{"allow":["GET"]}}],"collection":[{"href":"https:\/\/www.sani-spa.fr\/collection\/wp-json\/wp\/v2\/product"}],"about":[{"href":"https:\/\/www.sani-spa.fr\/collection\/wp-json\/wp\/v2\/types\/product"}],"replies":[{"embeddable":true,"href":"https:\/\/www.sani-spa.fr\/collection\/wp-json\/wp\/v2\/comments?post=1205"}],"wp:featuredmedia":[{"embeddable":true,"href":"https:\/\/www.sani-spa.fr\/collection\/wp-json\/wp\/v2\/media\/1206"}],"wp:attachment":[{"href":"https:\/\/www.sani-spa.fr\/collection\/wp-json\/wp\/v2\/media?parent=1205"}],"wp:term":[{"taxonomy":"product_brand","embeddable":true,"href":"https:\/\/www.sani-spa.fr\/collection\/wp-json\/wp\/v2\/product_brand?post=1205"},{"taxonomy":"product_cat","embeddable":true,"href":"https:\/\/www.sani-spa.fr\/collection\/wp-json\/wp\/v2\/product_cat?post=1205"},{"taxonomy":"product_tag","embeddable":true,"href":"https:\/\/www.sani-spa.fr\/collection\/wp-json\/wp\/v2\/product_tag?post=1205"}],"curies":[{"name":"wp","href":"https:\/\/api.w.org\/{rel}","templated":true}]}}