{"id":1286,"date":"2020-03-29T12:45:42","date_gmt":"2020-03-29T10:45:42","guid":{"rendered":"https:\/\/www.sani-spa.fr\/collection\/?post_type=product&#038;p=1286"},"modified":"2020-06-22T21:23:01","modified_gmt":"2020-06-22T19:23:01","slug":"pompe-de-circulation-ja100-lx-whirlpool","status":"publish","type":"product","link":"https:\/\/www.sani-spa.fr\/collection\/produit\/pompe-de-circulation-ja100-lx-whirlpool\/","title":{"rendered":"Pompe de Circulation JA100 LX Whirlpool"},"content":{"rendered":"<p>LX Whirlpool JA100 \u00a0<strong>REMPLACEE PAR POMPE JA120<\/strong><\/p>\n<ul>\n<li><a href=\"https:\/\/www.sani-spa.fr\/collection\/categorie-produit\/pieces-detachees\/pompes-circulation\/\">Pompe de circulation<\/a> JA120 pour spa &#8211; 1 HP &#8211; 750 watts &#8211; 300 litres \/ min<\/li>\n<\/ul>\n<p>Voir photo sch\u00e9ma pour caract\u00e9ristiques techniques et dimensions<\/p>\n<p>Ch\u00e2ssis moteur en aluminium pour une plus grande r\u00e9sistance<br \/>\n<span id=\"result_box\" lang=\"fr\"><span class=\"hps\" title=\"Cliquer ici pour voir d'autres traductions\">Turbine<\/span> <span class=\"hps\" title=\"Cliquer ici pour voir d'autres traductions\">haute<\/span> <span class=\"hps\" title=\"Cliquer ici pour voir d'autres traductions\">renforc\u00e9e<\/span><br \/>\n<span title=\"Cliquer ici pour voir d'autres traductions\">Pompe<\/span> <span class=\"hps\" title=\"Cliquer ici pour voir d'autres traductions\">monophas\u00e9e<\/span> <span class=\"hps\" title=\"Cliquer ici pour voir d'autres traductions\">disposant d&#8217;une protection<\/span> <span class=\"hps\" title=\"Cliquer ici pour voir d'autres traductions\">de surcharge<\/span> <span class=\"hps\" title=\"Cliquer ici pour voir d'autres traductions\">thermique.<\/span><\/span><br \/>\n<span id=\"result_box\" lang=\"fr\">Cette pompe est pr\u00e9sente sur de nombreux spas.\u00a0<\/span><br \/>\n<span id=\"result_box\" lang=\"fr\"><span class=\"hps\" title=\"Cliquer ici pour voir d'autres traductions\">Il est possible de raccorder un bouton<\/span> <span class=\"hps\" title=\"Cliquer ici pour voir d'autres traductions\">pneumatique <\/span><span class=\"hps\" title=\"Cliquer ici pour voir d'autres traductions\">pour les spas qui ne poss\u00e8dent pas de boitier de contr\u00f4le \u00e9lectronique.<\/span><\/span><\/p>\n<p>&nbsp;<\/p>\n<p>Garantie 1 An<\/p>\n","protected":false},"excerpt":{"rendered":"<p>&nbsp;<\/p>\n<p><b>Livr\u00e9 avec raccords de sortie 1&#8221; 1\/2 (48 mm int\u00e9rieur)<\/b><br \/>\nVous pouvez \u00e9galement r\u00e9utiliser vos anciens raccords de tuyauterie si ceux-ci sont encore utilisables.<\/p>\n<p><b>Possibilit\u00e9 de\u00a0s\u00e9lectionner votre c\u00e2ble de connexion avec prise AMP ou J&amp;J\u00a0<\/b><\/p>\n<p>Vous pouvez \u00a0aussi r\u00e9utiliser votre ancien c\u00e2ble afin de connecter la nouvelle pompe.<\/p>\n<p>AMP \u00a0 \u00a0 \u00a0 \u00a0 \u00a0 \u00a0 \u00a0 \u00a0 \u00a0 \u00a0 \u00a0 \u00a0 \u00a0J&amp;J<\/p>\n<p><img decoding=\"async\" class=\"size-full wp-image-760 alignleft\" src=\"https:\/\/www.sani-spa.fr\/collection\/wp-collection\/uploads\/2019\/08\/image-8.png\" alt=\"\" width=\"110\" height=\"110\" srcset=\"https:\/\/www.sani-spa.fr\/collection\/wp-collection\/uploads\/2019\/08\/image-8.png 110w, https:\/\/www.sani-spa.fr\/collection\/wp-collection\/uploads\/2019\/08\/image-8-100x100.png 100w\" sizes=\"(max-width: 110px) 100vw, 110px\" \/><\/p>\n<p><img decoding=\"async\" class=\"size-large wp-image-761 alignleft\" src=\"https:\/\/www.sani-spa.fr\/collection\/wp-collection\/uploads\/2019\/08\/image-9.png\" alt=\"\" width=\"110\" height=\"110\" srcset=\"https:\/\/www.sani-spa.fr\/collection\/wp-collection\/uploads\/2019\/08\/image-9.png 110w, https:\/\/www.sani-spa.fr\/collection\/wp-collection\/uploads\/2019\/08\/image-9-100x100.png 100w\" sizes=\"(max-width: 110px) 100vw, 110px\" \/><\/p>\n<p>&nbsp;<\/p>\n<p>&nbsp;<\/p>\n<p>&nbsp;<\/p>\n<p>&nbsp;<\/p>\n","protected":false},"featured_media":762,"comment_status":"open","ping_status":"closed","template":"","meta":[],"product_brand":[],"product_cat":[18,25],"product_tag":[],"class_list":{"0":"post-1286","1":"product","2":"type-product","3":"status-publish","4":"has-post-thumbnail","6":"product_cat-pieces-detachees","7":"product_cat-pompes-circulation","8":"product_shipping_class-pompes-de-circulation","10":"first","11":"instock","12":"taxable","13":"shipping-taxable","14":"purchasable","15":"product-type-variable"},"yoast_head":"<!-- This site is optimized with the Yoast SEO plugin v27.0 - https:\/\/yoast.com\/product\/yoast-seo-wordpress\/ -->\n<title>Pompe de Circulation JA100 LX Whirlpool | Sani Spa Collection<\/title>\n<meta name=\"robots\" content=\"index, follow, max-snippet:-1, max-image-preview:large, max-video-preview:-1\" \/>\n<link rel=\"canonical\" href=\"https:\/\/www.sani-spa.fr\/collection\/produit\/pompe-de-circulation-ja100-lx-whirlpool\/\" \/>\n<meta property=\"og:locale\" content=\"fr_FR\" \/>\n<meta property=\"og:type\" content=\"article\" \/>\n<meta property=\"og:title\" content=\"Pompe de Circulation JA100 LX Whirlpool | Sani Spa Collection\" \/>\n<meta property=\"og:description\" content=\"&nbsp;  Livr\u00e9 avec raccords de sortie 1&#039;&#039; 1\/2 (48 mm int\u00e9rieur) Vous pouvez \u00e9galement r\u00e9utiliser vos anciens raccords de tuyauterie si ceux-ci sont encore utilisables.  Possibilit\u00e9 de\u00a0s\u00e9lectionner votre c\u00e2ble de connexion avec prise AMP ou J&amp;J\u00a0  Vous pouvez \u00a0aussi r\u00e9utiliser votre ancien c\u00e2ble afin de connecter la nouvelle pompe.  AMP \u00a0 \u00a0 \u00a0 \u00a0 \u00a0 \u00a0 \u00a0 \u00a0 \u00a0 \u00a0 \u00a0 \u00a0 \u00a0J&amp;J      &nbsp;  &nbsp;  &nbsp;  &nbsp;\" \/>\n<meta property=\"og:url\" content=\"https:\/\/www.sani-spa.fr\/collection\/produit\/pompe-de-circulation-ja100-lx-whirlpool\/\" \/>\n<meta property=\"og:site_name\" content=\"Sani Spa Collection\" \/>\n<meta property=\"article:publisher\" content=\"https:\/\/www.facebook.com\/sarlsanispa\" \/>\n<meta property=\"article:modified_time\" content=\"2020-06-22T19:23:01+00:00\" \/>\n<meta property=\"og:image\" content=\"https:\/\/www.sani-spa.fr\/collection\/wp-collection\/uploads\/2019\/08\/JA50.jpg\" \/>\n\t<meta property=\"og:image:width\" content=\"1500\" \/>\n\t<meta property=\"og:image:height\" content=\"1500\" \/>\n\t<meta property=\"og:image:type\" content=\"image\/jpeg\" \/>\n<meta name=\"twitter:card\" content=\"summary_large_image\" \/>\n<script type=\"application\/ld+json\" class=\"yoast-schema-graph\">{\"@context\":\"https:\/\/schema.org\",\"@graph\":[{\"@type\":\"WebPage\",\"@id\":\"https:\/\/www.sani-spa.fr\/collection\/produit\/pompe-de-circulation-ja100-lx-whirlpool\/\",\"url\":\"https:\/\/www.sani-spa.fr\/collection\/produit\/pompe-de-circulation-ja100-lx-whirlpool\/\",\"name\":\"Pompe de Circulation JA100 LX Whirlpool | Sani Spa Collection\",\"isPartOf\":{\"@id\":\"https:\/\/www.sani-spa.fr\/collection\/#website\"},\"primaryImageOfPage\":{\"@id\":\"https:\/\/www.sani-spa.fr\/collection\/produit\/pompe-de-circulation-ja100-lx-whirlpool\/#primaryimage\"},\"image\":{\"@id\":\"https:\/\/www.sani-spa.fr\/collection\/produit\/pompe-de-circulation-ja100-lx-whirlpool\/#primaryimage\"},\"thumbnailUrl\":\"https:\/\/www.sani-spa.fr\/collection\/wp-collection\/uploads\/2019\/08\/JA50.jpg\",\"datePublished\":\"2020-03-29T10:45:42+00:00\",\"dateModified\":\"2020-06-22T19:23:01+00:00\",\"breadcrumb\":{\"@id\":\"https:\/\/www.sani-spa.fr\/collection\/produit\/pompe-de-circulation-ja100-lx-whirlpool\/#breadcrumb\"},\"inLanguage\":\"fr-FR\",\"potentialAction\":[{\"@type\":\"ReadAction\",\"target\":[\"https:\/\/www.sani-spa.fr\/collection\/produit\/pompe-de-circulation-ja100-lx-whirlpool\/\"]}]},{\"@type\":\"ImageObject\",\"inLanguage\":\"fr-FR\",\"@id\":\"https:\/\/www.sani-spa.fr\/collection\/produit\/pompe-de-circulation-ja100-lx-whirlpool\/#primaryimage\",\"url\":\"https:\/\/www.sani-spa.fr\/collection\/wp-collection\/uploads\/2019\/08\/JA50.jpg\",\"contentUrl\":\"https:\/\/www.sani-spa.fr\/collection\/wp-collection\/uploads\/2019\/08\/JA50.jpg\",\"width\":1500,\"height\":1500},{\"@type\":\"BreadcrumbList\",\"@id\":\"https:\/\/www.sani-spa.fr\/collection\/produit\/pompe-de-circulation-ja100-lx-whirlpool\/#breadcrumb\",\"itemListElement\":[{\"@type\":\"ListItem\",\"position\":1,\"name\":\"Accueil\",\"item\":\"https:\/\/www.sani-spa.fr\/collection\/\"},{\"@type\":\"ListItem\",\"position\":2,\"name\":\"Sani Spa CollectionPi\u00e8ces D\u00e9tach\u00e9es &amp; Accessoires pour Spas\",\"item\":\"https:\/\/www.sani-spa.fr\/collection\/\"},{\"@type\":\"ListItem\",\"position\":3,\"name\":\"Pompe de Circulation JA100 LX Whirlpool\"}]},{\"@type\":\"WebSite\",\"@id\":\"https:\/\/www.sani-spa.fr\/collection\/#website\",\"url\":\"https:\/\/www.sani-spa.fr\/collection\/\",\"name\":\"Sani Spa Collection\",\"description\":\"Boutique spas &amp; accessoires spa\",\"publisher\":{\"@id\":\"https:\/\/www.sani-spa.fr\/collection\/#organization\"},\"potentialAction\":[{\"@type\":\"SearchAction\",\"target\":{\"@type\":\"EntryPoint\",\"urlTemplate\":\"https:\/\/www.sani-spa.fr\/collection\/?s={search_term_string}\"},\"query-input\":{\"@type\":\"PropertyValueSpecification\",\"valueRequired\":true,\"valueName\":\"search_term_string\"}}],\"inLanguage\":\"fr-FR\"},{\"@type\":\"Organization\",\"@id\":\"https:\/\/www.sani-spa.fr\/collection\/#organization\",\"name\":\"Sani Spa Collection\",\"url\":\"https:\/\/www.sani-spa.fr\/collection\/\",\"logo\":{\"@type\":\"ImageObject\",\"inLanguage\":\"fr-FR\",\"@id\":\"https:\/\/www.sani-spa.fr\/collection\/#\/schema\/logo\/image\/\",\"url\":\"https:\/\/www.sani-spa.fr\/collection\/wp-collection\/uploads\/2017\/10\/logo-sani-spa-collection.png\",\"contentUrl\":\"https:\/\/www.sani-spa.fr\/collection\/wp-collection\/uploads\/2017\/10\/logo-sani-spa-collection.png\",\"width\":231,\"height\":54,\"caption\":\"Sani Spa Collection\"},\"image\":{\"@id\":\"https:\/\/www.sani-spa.fr\/collection\/#\/schema\/logo\/image\/\"},\"sameAs\":[\"https:\/\/www.facebook.com\/sarlsanispa\"]}]}<\/script>\n<!-- \/ Yoast SEO plugin. -->","yoast_head_json":{"title":"Pompe de Circulation JA100 LX Whirlpool | Sani Spa Collection","robots":{"index":"index","follow":"follow","max-snippet":"max-snippet:-1","max-image-preview":"max-image-preview:large","max-video-preview":"max-video-preview:-1"},"canonical":"https:\/\/www.sani-spa.fr\/collection\/produit\/pompe-de-circulation-ja100-lx-whirlpool\/","og_locale":"fr_FR","og_type":"article","og_title":"Pompe de Circulation JA100 LX Whirlpool | Sani Spa Collection","og_description":"&nbsp;  Livr\u00e9 avec raccords de sortie 1'' 1\/2 (48 mm int\u00e9rieur) Vous pouvez \u00e9galement r\u00e9utiliser vos anciens raccords de tuyauterie si ceux-ci sont encore utilisables.  Possibilit\u00e9 de\u00a0s\u00e9lectionner votre c\u00e2ble de connexion avec prise AMP ou J&amp;J\u00a0  Vous pouvez \u00a0aussi r\u00e9utiliser votre ancien c\u00e2ble afin de connecter la nouvelle pompe.  AMP \u00a0 \u00a0 \u00a0 \u00a0 \u00a0 \u00a0 \u00a0 \u00a0 \u00a0 \u00a0 \u00a0 \u00a0 \u00a0J&amp;J      &nbsp;  &nbsp;  &nbsp;  &nbsp;","og_url":"https:\/\/www.sani-spa.fr\/collection\/produit\/pompe-de-circulation-ja100-lx-whirlpool\/","og_site_name":"Sani Spa Collection","article_publisher":"https:\/\/www.facebook.com\/sarlsanispa","article_modified_time":"2020-06-22T19:23:01+00:00","og_image":[{"width":1500,"height":1500,"url":"https:\/\/www.sani-spa.fr\/collection\/wp-collection\/uploads\/2019\/08\/JA50.jpg","type":"image\/jpeg"}],"twitter_card":"summary_large_image","schema":{"@context":"https:\/\/schema.org","@graph":[{"@type":"WebPage","@id":"https:\/\/www.sani-spa.fr\/collection\/produit\/pompe-de-circulation-ja100-lx-whirlpool\/","url":"https:\/\/www.sani-spa.fr\/collection\/produit\/pompe-de-circulation-ja100-lx-whirlpool\/","name":"Pompe de Circulation JA100 LX Whirlpool | Sani Spa Collection","isPartOf":{"@id":"https:\/\/www.sani-spa.fr\/collection\/#website"},"primaryImageOfPage":{"@id":"https:\/\/www.sani-spa.fr\/collection\/produit\/pompe-de-circulation-ja100-lx-whirlpool\/#primaryimage"},"image":{"@id":"https:\/\/www.sani-spa.fr\/collection\/produit\/pompe-de-circulation-ja100-lx-whirlpool\/#primaryimage"},"thumbnailUrl":"https:\/\/www.sani-spa.fr\/collection\/wp-collection\/uploads\/2019\/08\/JA50.jpg","datePublished":"2020-03-29T10:45:42+00:00","dateModified":"2020-06-22T19:23:01+00:00","breadcrumb":{"@id":"https:\/\/www.sani-spa.fr\/collection\/produit\/pompe-de-circulation-ja100-lx-whirlpool\/#breadcrumb"},"inLanguage":"fr-FR","potentialAction":[{"@type":"ReadAction","target":["https:\/\/www.sani-spa.fr\/collection\/produit\/pompe-de-circulation-ja100-lx-whirlpool\/"]}]},{"@type":"ImageObject","inLanguage":"fr-FR","@id":"https:\/\/www.sani-spa.fr\/collection\/produit\/pompe-de-circulation-ja100-lx-whirlpool\/#primaryimage","url":"https:\/\/www.sani-spa.fr\/collection\/wp-collection\/uploads\/2019\/08\/JA50.jpg","contentUrl":"https:\/\/www.sani-spa.fr\/collection\/wp-collection\/uploads\/2019\/08\/JA50.jpg","width":1500,"height":1500},{"@type":"BreadcrumbList","@id":"https:\/\/www.sani-spa.fr\/collection\/produit\/pompe-de-circulation-ja100-lx-whirlpool\/#breadcrumb","itemListElement":[{"@type":"ListItem","position":1,"name":"Accueil","item":"https:\/\/www.sani-spa.fr\/collection\/"},{"@type":"ListItem","position":2,"name":"Sani Spa CollectionPi\u00e8ces D\u00e9tach\u00e9es &amp; Accessoires pour Spas","item":"https:\/\/www.sani-spa.fr\/collection\/"},{"@type":"ListItem","position":3,"name":"Pompe de Circulation JA100 LX Whirlpool"}]},{"@type":"WebSite","@id":"https:\/\/www.sani-spa.fr\/collection\/#website","url":"https:\/\/www.sani-spa.fr\/collection\/","name":"Sani Spa Collection","description":"Boutique spas &amp; accessoires spa","publisher":{"@id":"https:\/\/www.sani-spa.fr\/collection\/#organization"},"potentialAction":[{"@type":"SearchAction","target":{"@type":"EntryPoint","urlTemplate":"https:\/\/www.sani-spa.fr\/collection\/?s={search_term_string}"},"query-input":{"@type":"PropertyValueSpecification","valueRequired":true,"valueName":"search_term_string"}}],"inLanguage":"fr-FR"},{"@type":"Organization","@id":"https:\/\/www.sani-spa.fr\/collection\/#organization","name":"Sani Spa Collection","url":"https:\/\/www.sani-spa.fr\/collection\/","logo":{"@type":"ImageObject","inLanguage":"fr-FR","@id":"https:\/\/www.sani-spa.fr\/collection\/#\/schema\/logo\/image\/","url":"https:\/\/www.sani-spa.fr\/collection\/wp-collection\/uploads\/2017\/10\/logo-sani-spa-collection.png","contentUrl":"https:\/\/www.sani-spa.fr\/collection\/wp-collection\/uploads\/2017\/10\/logo-sani-spa-collection.png","width":231,"height":54,"caption":"Sani Spa Collection"},"image":{"@id":"https:\/\/www.sani-spa.fr\/collection\/#\/schema\/logo\/image\/"},"sameAs":["https:\/\/www.facebook.com\/sarlsanispa"]}]}},"jetpack_sharing_enabled":true,"_links":{"self":[{"href":"https:\/\/www.sani-spa.fr\/collection\/wp-json\/wp\/v2\/product\/1286","targetHints":{"allow":["GET"]}}],"collection":[{"href":"https:\/\/www.sani-spa.fr\/collection\/wp-json\/wp\/v2\/product"}],"about":[{"href":"https:\/\/www.sani-spa.fr\/collection\/wp-json\/wp\/v2\/types\/product"}],"replies":[{"embeddable":true,"href":"https:\/\/www.sani-spa.fr\/collection\/wp-json\/wp\/v2\/comments?post=1286"}],"wp:featuredmedia":[{"embeddable":true,"href":"https:\/\/www.sani-spa.fr\/collection\/wp-json\/wp\/v2\/media\/762"}],"wp:attachment":[{"href":"https:\/\/www.sani-spa.fr\/collection\/wp-json\/wp\/v2\/media?parent=1286"}],"wp:term":[{"taxonomy":"product_brand","embeddable":true,"href":"https:\/\/www.sani-spa.fr\/collection\/wp-json\/wp\/v2\/product_brand?post=1286"},{"taxonomy":"product_cat","embeddable":true,"href":"https:\/\/www.sani-spa.fr\/collection\/wp-json\/wp\/v2\/product_cat?post=1286"},{"taxonomy":"product_tag","embeddable":true,"href":"https:\/\/www.sani-spa.fr\/collection\/wp-json\/wp\/v2\/product_tag?post=1286"}],"curies":[{"name":"wp","href":"https:\/\/api.w.org\/{rel}","templated":true}]}}