{"id":1302,"date":"2020-03-29T13:32:41","date_gmt":"2020-03-29T11:32:41","guid":{"rendered":"https:\/\/www.sani-spa.fr\/collection\/?post_type=product&#038;p=1302"},"modified":"2020-04-04T00:38:25","modified_gmt":"2020-04-03T22:38:25","slug":"carte-mere-balboa-gs510sz","status":"publish","type":"product","link":"https:\/\/www.sani-spa.fr\/collection\/produit\/carte-mere-balboa-gs510sz\/","title":{"rendered":"Carte M\u00e8re BALBOA GS510SZ"},"content":{"rendered":"<p>Compatible avec les boitiers de contr\u00f4le Balboa <a href=\"https:\/\/www.sani-spa.fr\/collection\/produit\/carte-mere-balboa-gs510sz\/\">GS510SZ<\/a><\/p>\n<p><strong>Compatible avec les claviers de contr\u00f4les ci dessous :\u00a0<\/strong><\/p>\n<p><a href=\"https:\/\/www.sani-spa.fr\/collection\/produit\/clavier-de-controle-balboa-vl701s\/\">VL701S<\/a> et VL702S<\/p>\n<p>Garantie 1 an<\/p>\n","protected":false},"excerpt":{"rendered":"<p>La carte m\u00e8re Balboa GS510SZ peut g\u00e9rer :<\/p>\n<ul>\n<li>1 pompe de massage mono ou bi-vitesse<\/li>\n<li>1 pompe de massage mono-vitesse (un pont de jonction est n\u00e9cessaire livr\u00e9 avec )<\/li>\n<li>1 pompe de circulation 24 heures<\/li>\n<li>1 blower (souffleur d&#8217;air) (platine d&#8217;extension n\u00e9cessaire)<\/li>\n<li>1 ozonateur<\/li>\n<li>Projecteur led<\/li>\n<li>Un syst\u00e8me audio<\/li>\n<\/ul>\n","protected":false},"featured_media":1180,"comment_status":"open","ping_status":"closed","template":"","meta":[],"product_brand":[],"product_cat":[18,27,46],"product_tag":[],"class_list":{"0":"post-1302","1":"product","2":"type-product","3":"status-publish","4":"has-post-thumbnail","6":"product_cat-pieces-detachees","7":"product_cat-boitier-controle","8":"product_cat-platines-de-gestion","9":"product_shipping_class-cartes-mere","11":"first","12":"instock","13":"taxable","14":"shipping-taxable","15":"purchasable","16":"product-type-simple"},"yoast_head":"<!-- This site is optimized with the Yoast SEO plugin v27.0 - https:\/\/yoast.com\/product\/yoast-seo-wordpress\/ -->\n<title>Carte M\u00e8re BALBOA GS510SZ | Sani Spa Collection<\/title>\n<meta name=\"robots\" content=\"index, follow, max-snippet:-1, max-image-preview:large, max-video-preview:-1\" \/>\n<link rel=\"canonical\" href=\"https:\/\/www.sani-spa.fr\/collection\/produit\/carte-mere-balboa-gs510sz\/\" \/>\n<meta property=\"og:locale\" content=\"fr_FR\" \/>\n<meta property=\"og:type\" content=\"article\" \/>\n<meta property=\"og:title\" content=\"Carte M\u00e8re BALBOA GS510SZ | Sani Spa Collection\" \/>\n<meta property=\"og:description\" content=\"La carte m\u00e8re Balboa GS510SZ peut g\u00e9rer :   1 pompe de massage mono ou bi-vitesse  1 pompe de massage mono-vitesse (un pont de jonction est n\u00e9cessaire livr\u00e9 avec )  1 pompe de circulation 24 heures  1 blower (souffleur d&#039;air) (platine d&#039;extension n\u00e9cessaire)  1 ozonateur  Projecteur led  Un syst\u00e8me audio\" \/>\n<meta property=\"og:url\" content=\"https:\/\/www.sani-spa.fr\/collection\/produit\/carte-mere-balboa-gs510sz\/\" \/>\n<meta property=\"og:site_name\" content=\"Sani Spa Collection\" \/>\n<meta property=\"article:publisher\" content=\"https:\/\/www.facebook.com\/sarlsanispa\" \/>\n<meta property=\"article:modified_time\" content=\"2020-04-03T22:38:25+00:00\" \/>\n<meta property=\"og:image\" content=\"http:\/\/www.sani-spa.fr\/collection\/wp-collection\/uploads\/2020\/03\/1587-carte-mere-balboa-gs501z-1-im-600x480.jpg\" \/>\n\t<meta property=\"og:image:width\" content=\"600\" \/>\n\t<meta property=\"og:image:height\" content=\"480\" \/>\n\t<meta property=\"og:image:type\" content=\"image\/jpeg\" \/>\n<meta name=\"twitter:card\" content=\"summary_large_image\" \/>\n<script type=\"application\/ld+json\" class=\"yoast-schema-graph\">{\"@context\":\"https:\/\/schema.org\",\"@graph\":[{\"@type\":\"WebPage\",\"@id\":\"https:\/\/www.sani-spa.fr\/collection\/produit\/carte-mere-balboa-gs510sz\/\",\"url\":\"https:\/\/www.sani-spa.fr\/collection\/produit\/carte-mere-balboa-gs510sz\/\",\"name\":\"Carte M\u00e8re BALBOA GS510SZ | Sani Spa Collection\",\"isPartOf\":{\"@id\":\"https:\/\/www.sani-spa.fr\/collection\/#website\"},\"primaryImageOfPage\":{\"@id\":\"https:\/\/www.sani-spa.fr\/collection\/produit\/carte-mere-balboa-gs510sz\/#primaryimage\"},\"image\":{\"@id\":\"https:\/\/www.sani-spa.fr\/collection\/produit\/carte-mere-balboa-gs510sz\/#primaryimage\"},\"thumbnailUrl\":\"https:\/\/www.sani-spa.fr\/collection\/wp-collection\/uploads\/2020\/03\/1587-carte-mere-balboa-gs501z-1-im-600x480.jpg\",\"datePublished\":\"2020-03-29T11:32:41+00:00\",\"dateModified\":\"2020-04-03T22:38:25+00:00\",\"breadcrumb\":{\"@id\":\"https:\/\/www.sani-spa.fr\/collection\/produit\/carte-mere-balboa-gs510sz\/#breadcrumb\"},\"inLanguage\":\"fr-FR\",\"potentialAction\":[{\"@type\":\"ReadAction\",\"target\":[\"https:\/\/www.sani-spa.fr\/collection\/produit\/carte-mere-balboa-gs510sz\/\"]}]},{\"@type\":\"ImageObject\",\"inLanguage\":\"fr-FR\",\"@id\":\"https:\/\/www.sani-spa.fr\/collection\/produit\/carte-mere-balboa-gs510sz\/#primaryimage\",\"url\":\"https:\/\/www.sani-spa.fr\/collection\/wp-collection\/uploads\/2020\/03\/1587-carte-mere-balboa-gs501z-1-im-600x480.jpg\",\"contentUrl\":\"https:\/\/www.sani-spa.fr\/collection\/wp-collection\/uploads\/2020\/03\/1587-carte-mere-balboa-gs501z-1-im-600x480.jpg\",\"width\":600,\"height\":480},{\"@type\":\"BreadcrumbList\",\"@id\":\"https:\/\/www.sani-spa.fr\/collection\/produit\/carte-mere-balboa-gs510sz\/#breadcrumb\",\"itemListElement\":[{\"@type\":\"ListItem\",\"position\":1,\"name\":\"Accueil\",\"item\":\"https:\/\/www.sani-spa.fr\/collection\/\"},{\"@type\":\"ListItem\",\"position\":2,\"name\":\"Sani Spa CollectionPi\u00e8ces D\u00e9tach\u00e9es &amp; Accessoires pour Spas\",\"item\":\"https:\/\/www.sani-spa.fr\/collection\/\"},{\"@type\":\"ListItem\",\"position\":3,\"name\":\"Carte M\u00e8re BALBOA GS510SZ\"}]},{\"@type\":\"WebSite\",\"@id\":\"https:\/\/www.sani-spa.fr\/collection\/#website\",\"url\":\"https:\/\/www.sani-spa.fr\/collection\/\",\"name\":\"Sani Spa Collection\",\"description\":\"Boutique spas &amp; accessoires spa\",\"publisher\":{\"@id\":\"https:\/\/www.sani-spa.fr\/collection\/#organization\"},\"potentialAction\":[{\"@type\":\"SearchAction\",\"target\":{\"@type\":\"EntryPoint\",\"urlTemplate\":\"https:\/\/www.sani-spa.fr\/collection\/?s={search_term_string}\"},\"query-input\":{\"@type\":\"PropertyValueSpecification\",\"valueRequired\":true,\"valueName\":\"search_term_string\"}}],\"inLanguage\":\"fr-FR\"},{\"@type\":\"Organization\",\"@id\":\"https:\/\/www.sani-spa.fr\/collection\/#organization\",\"name\":\"Sani Spa Collection\",\"url\":\"https:\/\/www.sani-spa.fr\/collection\/\",\"logo\":{\"@type\":\"ImageObject\",\"inLanguage\":\"fr-FR\",\"@id\":\"https:\/\/www.sani-spa.fr\/collection\/#\/schema\/logo\/image\/\",\"url\":\"https:\/\/www.sani-spa.fr\/collection\/wp-collection\/uploads\/2017\/10\/logo-sani-spa-collection.png\",\"contentUrl\":\"https:\/\/www.sani-spa.fr\/collection\/wp-collection\/uploads\/2017\/10\/logo-sani-spa-collection.png\",\"width\":231,\"height\":54,\"caption\":\"Sani Spa Collection\"},\"image\":{\"@id\":\"https:\/\/www.sani-spa.fr\/collection\/#\/schema\/logo\/image\/\"},\"sameAs\":[\"https:\/\/www.facebook.com\/sarlsanispa\"]}]}<\/script>\n<!-- \/ Yoast SEO plugin. -->","yoast_head_json":{"title":"Carte M\u00e8re BALBOA GS510SZ | Sani Spa Collection","robots":{"index":"index","follow":"follow","max-snippet":"max-snippet:-1","max-image-preview":"max-image-preview:large","max-video-preview":"max-video-preview:-1"},"canonical":"https:\/\/www.sani-spa.fr\/collection\/produit\/carte-mere-balboa-gs510sz\/","og_locale":"fr_FR","og_type":"article","og_title":"Carte M\u00e8re BALBOA GS510SZ | Sani Spa Collection","og_description":"La carte m\u00e8re Balboa GS510SZ peut g\u00e9rer :   1 pompe de massage mono ou bi-vitesse  1 pompe de massage mono-vitesse (un pont de jonction est n\u00e9cessaire livr\u00e9 avec )  1 pompe de circulation 24 heures  1 blower (souffleur d'air) (platine d'extension n\u00e9cessaire)  1 ozonateur  Projecteur led  Un syst\u00e8me audio","og_url":"https:\/\/www.sani-spa.fr\/collection\/produit\/carte-mere-balboa-gs510sz\/","og_site_name":"Sani Spa Collection","article_publisher":"https:\/\/www.facebook.com\/sarlsanispa","article_modified_time":"2020-04-03T22:38:25+00:00","og_image":[{"width":600,"height":480,"url":"http:\/\/www.sani-spa.fr\/collection\/wp-collection\/uploads\/2020\/03\/1587-carte-mere-balboa-gs501z-1-im-600x480.jpg","type":"image\/jpeg"}],"twitter_card":"summary_large_image","schema":{"@context":"https:\/\/schema.org","@graph":[{"@type":"WebPage","@id":"https:\/\/www.sani-spa.fr\/collection\/produit\/carte-mere-balboa-gs510sz\/","url":"https:\/\/www.sani-spa.fr\/collection\/produit\/carte-mere-balboa-gs510sz\/","name":"Carte M\u00e8re BALBOA GS510SZ | Sani Spa Collection","isPartOf":{"@id":"https:\/\/www.sani-spa.fr\/collection\/#website"},"primaryImageOfPage":{"@id":"https:\/\/www.sani-spa.fr\/collection\/produit\/carte-mere-balboa-gs510sz\/#primaryimage"},"image":{"@id":"https:\/\/www.sani-spa.fr\/collection\/produit\/carte-mere-balboa-gs510sz\/#primaryimage"},"thumbnailUrl":"https:\/\/www.sani-spa.fr\/collection\/wp-collection\/uploads\/2020\/03\/1587-carte-mere-balboa-gs501z-1-im-600x480.jpg","datePublished":"2020-03-29T11:32:41+00:00","dateModified":"2020-04-03T22:38:25+00:00","breadcrumb":{"@id":"https:\/\/www.sani-spa.fr\/collection\/produit\/carte-mere-balboa-gs510sz\/#breadcrumb"},"inLanguage":"fr-FR","potentialAction":[{"@type":"ReadAction","target":["https:\/\/www.sani-spa.fr\/collection\/produit\/carte-mere-balboa-gs510sz\/"]}]},{"@type":"ImageObject","inLanguage":"fr-FR","@id":"https:\/\/www.sani-spa.fr\/collection\/produit\/carte-mere-balboa-gs510sz\/#primaryimage","url":"https:\/\/www.sani-spa.fr\/collection\/wp-collection\/uploads\/2020\/03\/1587-carte-mere-balboa-gs501z-1-im-600x480.jpg","contentUrl":"https:\/\/www.sani-spa.fr\/collection\/wp-collection\/uploads\/2020\/03\/1587-carte-mere-balboa-gs501z-1-im-600x480.jpg","width":600,"height":480},{"@type":"BreadcrumbList","@id":"https:\/\/www.sani-spa.fr\/collection\/produit\/carte-mere-balboa-gs510sz\/#breadcrumb","itemListElement":[{"@type":"ListItem","position":1,"name":"Accueil","item":"https:\/\/www.sani-spa.fr\/collection\/"},{"@type":"ListItem","position":2,"name":"Sani Spa CollectionPi\u00e8ces D\u00e9tach\u00e9es &amp; Accessoires pour Spas","item":"https:\/\/www.sani-spa.fr\/collection\/"},{"@type":"ListItem","position":3,"name":"Carte M\u00e8re BALBOA GS510SZ"}]},{"@type":"WebSite","@id":"https:\/\/www.sani-spa.fr\/collection\/#website","url":"https:\/\/www.sani-spa.fr\/collection\/","name":"Sani Spa Collection","description":"Boutique spas &amp; accessoires spa","publisher":{"@id":"https:\/\/www.sani-spa.fr\/collection\/#organization"},"potentialAction":[{"@type":"SearchAction","target":{"@type":"EntryPoint","urlTemplate":"https:\/\/www.sani-spa.fr\/collection\/?s={search_term_string}"},"query-input":{"@type":"PropertyValueSpecification","valueRequired":true,"valueName":"search_term_string"}}],"inLanguage":"fr-FR"},{"@type":"Organization","@id":"https:\/\/www.sani-spa.fr\/collection\/#organization","name":"Sani Spa Collection","url":"https:\/\/www.sani-spa.fr\/collection\/","logo":{"@type":"ImageObject","inLanguage":"fr-FR","@id":"https:\/\/www.sani-spa.fr\/collection\/#\/schema\/logo\/image\/","url":"https:\/\/www.sani-spa.fr\/collection\/wp-collection\/uploads\/2017\/10\/logo-sani-spa-collection.png","contentUrl":"https:\/\/www.sani-spa.fr\/collection\/wp-collection\/uploads\/2017\/10\/logo-sani-spa-collection.png","width":231,"height":54,"caption":"Sani Spa Collection"},"image":{"@id":"https:\/\/www.sani-spa.fr\/collection\/#\/schema\/logo\/image\/"},"sameAs":["https:\/\/www.facebook.com\/sarlsanispa"]}]}},"jetpack_sharing_enabled":true,"_links":{"self":[{"href":"https:\/\/www.sani-spa.fr\/collection\/wp-json\/wp\/v2\/product\/1302","targetHints":{"allow":["GET"]}}],"collection":[{"href":"https:\/\/www.sani-spa.fr\/collection\/wp-json\/wp\/v2\/product"}],"about":[{"href":"https:\/\/www.sani-spa.fr\/collection\/wp-json\/wp\/v2\/types\/product"}],"replies":[{"embeddable":true,"href":"https:\/\/www.sani-spa.fr\/collection\/wp-json\/wp\/v2\/comments?post=1302"}],"wp:featuredmedia":[{"embeddable":true,"href":"https:\/\/www.sani-spa.fr\/collection\/wp-json\/wp\/v2\/media\/1180"}],"wp:attachment":[{"href":"https:\/\/www.sani-spa.fr\/collection\/wp-json\/wp\/v2\/media?parent=1302"}],"wp:term":[{"taxonomy":"product_brand","embeddable":true,"href":"https:\/\/www.sani-spa.fr\/collection\/wp-json\/wp\/v2\/product_brand?post=1302"},{"taxonomy":"product_cat","embeddable":true,"href":"https:\/\/www.sani-spa.fr\/collection\/wp-json\/wp\/v2\/product_cat?post=1302"},{"taxonomy":"product_tag","embeddable":true,"href":"https:\/\/www.sani-spa.fr\/collection\/wp-json\/wp\/v2\/product_tag?post=1302"}],"curies":[{"name":"wp","href":"https:\/\/api.w.org\/{rel}","templated":true}]}}