{"id":1377,"date":"2020-03-30T03:19:17","date_gmt":"2020-03-30T01:19:17","guid":{"rendered":"https:\/\/www.sani-spa.fr\/collection\/?post_type=product&#038;p=1377"},"modified":"2022-11-29T14:57:38","modified_gmt":"2022-11-29T13:57:38","slug":"lampe-uv-pp-i-uv-22","status":"publish","type":"product","link":"https:\/\/www.sani-spa.fr\/collection\/produit\/lampe-uv-pp-i-uv-22\/","title":{"rendered":"Lampe UV PP-I UV-22"},"content":{"rendered":"<p><b>Raccord 1&#8243; non inclut dans ce kit<\/b><\/p>\n<ul>\n<li><b>Pi\u00e8ce n\u00b01 : PG135<\/b> Bague d&#8217;\u00e9tanch\u00e9it\u00e9 du ballast<\/li>\n<li><b>Pi\u00e8ce n\u00b02 : A02<\/b> Bague union aluminium entre le ballast et la chambre<\/li>\n<li><b>Pi\u00e8ce n\u00b03 : 4P80<\/b> Fiche de connexion 4 pin \u00e0 l&#8217;ampoule<\/li>\n<li><b>Pi\u00e8ce n\u00b04 : T515<\/b> Ampoule UV 15W<\/li>\n<li><b>Pi\u00e8ce n\u00b05 : 21735<\/b> Joint d&#8217;\u00e9tanch\u00e9it\u00e9<\/li>\n<li><b>pi\u00e8ce n\u00b06 : t245350 <\/b>Tube quartz<\/li>\n<li><b>Pi\u00e8ce n\u00b07 : ST635345<\/b> Chambre de d\u00e9sinfection UV<\/li>\n<li><b>Pi\u00e8ce n\u00b08 : 1002<\/b> Clip de fixation<\/li>\n<li><b>Pi\u00e8ce n\u00b07 : UV-22-anti-water-cover <\/b>Ballast nouvelle g\u00e9n\u00e9ration<img fetchpriority=\"high\" decoding=\"async\" class=\"aligncenter size-full wp-image-1378\" src=\"https:\/\/www.sani-spa.fr\/collection\/wp-collection\/uploads\/2020\/03\/image-6.png\" alt=\"\" width=\"950\" height=\"400\" srcset=\"https:\/\/www.sani-spa.fr\/collection\/wp-collection\/uploads\/2020\/03\/image-6.png 950w, https:\/\/www.sani-spa.fr\/collection\/wp-collection\/uploads\/2020\/03\/image-6-416x175.png 416w, https:\/\/www.sani-spa.fr\/collection\/wp-collection\/uploads\/2020\/03\/image-6-300x126.png 300w, https:\/\/www.sani-spa.fr\/collection\/wp-collection\/uploads\/2020\/03\/image-6-768x323.png 768w\" sizes=\"(max-width: 950px) 100vw, 950px\" \/><\/li>\n<\/ul>\n<p>&nbsp;<\/p>\n<table style=\"height: 157px;\" border=\"1\" width=\"720\" cellspacing=\"0\" cellpadding=\"5\" align=\"\">\n<tbody>\n<tr align=\"center\" valign=\"middle\" bgcolor=\"#585858\">\n<td>Mod\u00e8le<\/td>\n<td>D\u00e9bit (l\/min)<\/td>\n<td>Dimension du Quartz<\/td>\n<td>Entr\u00e9e et sortie<\/td>\n<td>Mod\u00e8le d&#8217;ampoule<\/td>\n<td>Ballast<\/td>\n<\/tr>\n<tr align=\"center\" valign=\"top\" bgcolor=\"#B6B6B6\">\n<td>PP-I UV-22<\/td>\n<td>22.6<\/td>\n<td>Diam\u00e8tre 24.5mm \/ Longueur : 350mm<\/td>\n<td>1&#8243;<\/td>\n<td>T515<\/td>\n<td>UV-22<br \/>\n220-240V<\/td>\n<\/tr>\n<tr>\n<td align=\"center\"><\/td>\n<td align=\"center\"><\/td>\n<td align=\"center\"><\/td>\n<td align=\"center\"><\/td>\n<td align=\"center\"><\/td>\n<td align=\"center\"><\/td>\n<\/tr>\n<tr>\n<td align=\"center\"><\/td>\n<td align=\"center\"><\/td>\n<td align=\"center\"><\/td>\n<td align=\"center\"><\/td>\n<td align=\"center\"><\/td>\n<td align=\"center\"><\/td>\n<\/tr>\n<\/tbody>\n<\/table>\n<p>&nbsp;<\/p>\n","protected":false},"excerpt":{"rendered":"<p>La Lampe UV permet une d\u00e9sinfection optimale de l&#8217;eau mais aussi\u00a0naturelle et automatique.<\/p>\n<p>La dur\u00e9e de vie moyenne d&#8217;une ampoule UV est de 9000 heures (environ 1-2 ans selon le fonctionnement)<br \/>\nLa dur\u00e9e de vie du tube Quartz : 2-3 ans ( \u00e0 nettoyer une fois par an)<\/p>\n<p><b>Dimensions de la chambre :<\/b><\/p>\n<ul>\n<li>Longueur sans ballast : 345mm<\/li>\n<li>Longueur avec ballast : 420mm<\/li>\n<li>Diam\u00e8tre : 64mm<\/li>\n<li>Pas de vis de raccordement : 33mm<\/li>\n<\/ul>\n<p>Garantie 1 an<\/p>\n","protected":false},"featured_media":1379,"comment_status":"open","ping_status":"closed","template":"","meta":[],"product_brand":[],"product_cat":[32],"product_tag":[],"class_list":{"0":"post-1377","1":"product","2":"type-product","3":"status-publish","4":"has-post-thumbnail","6":"product_cat-accessoires","7":"product_shipping_class-pompes-de-circulation","9":"first","10":"instock","11":"taxable","12":"shipping-taxable","13":"purchasable","14":"product-type-simple"},"yoast_head":"<!-- This site is optimized with the Yoast SEO plugin v27.0 - https:\/\/yoast.com\/product\/yoast-seo-wordpress\/ -->\n<title>Lampe UV PP-I UV-22 | Sani Spa Collection<\/title>\n<meta name=\"robots\" content=\"index, follow, max-snippet:-1, max-image-preview:large, max-video-preview:-1\" \/>\n<link rel=\"canonical\" href=\"https:\/\/www.sani-spa.fr\/collection\/produit\/lampe-uv-pp-i-uv-22\/\" \/>\n<meta property=\"og:locale\" content=\"fr_FR\" \/>\n<meta property=\"og:type\" content=\"article\" \/>\n<meta property=\"og:title\" content=\"Lampe UV PP-I UV-22 | Sani Spa Collection\" \/>\n<meta property=\"og:description\" content=\"La Lampe UV permet une d\u00e9sinfection optimale de l&#039;eau mais aussi\u00a0naturelle et automatique.  La dur\u00e9e de vie moyenne d&#039;une ampoule UV est de 9000 heures (environ 1-2 ans selon le fonctionnement) La dur\u00e9e de vie du tube Quartz : 2-3 ans ( \u00e0 nettoyer une fois par an)  Dimensions de la chambre :   Longueur sans ballast : 345mm  Longueur avec ballast : 420mm  Diam\u00e8tre : 64mm  Pas de vis de raccordement : 33mm  Garantie 1 an\" \/>\n<meta property=\"og:url\" content=\"https:\/\/www.sani-spa.fr\/collection\/produit\/lampe-uv-pp-i-uv-22\/\" \/>\n<meta property=\"og:site_name\" content=\"Sani Spa Collection\" \/>\n<meta property=\"article:publisher\" content=\"https:\/\/www.facebook.com\/sarlsanispa\" \/>\n<meta property=\"article:modified_time\" content=\"2022-11-29T13:57:38+00:00\" \/>\n<meta property=\"og:image\" content=\"https:\/\/www.sani-spa.fr\/collection\/wp-collection\/uploads\/2020\/03\/lampeuv.png\" \/>\n\t<meta property=\"og:image:width\" content=\"600\" \/>\n\t<meta property=\"og:image:height\" content=\"480\" \/>\n\t<meta property=\"og:image:type\" content=\"image\/png\" \/>\n<meta name=\"twitter:card\" content=\"summary_large_image\" \/>\n<meta name=\"twitter:label1\" content=\"Dur\u00e9e de lecture estim\u00e9e\" \/>\n\t<meta name=\"twitter:data1\" content=\"1 minute\" \/>\n<script type=\"application\/ld+json\" class=\"yoast-schema-graph\">{\"@context\":\"https:\/\/schema.org\",\"@graph\":[{\"@type\":\"WebPage\",\"@id\":\"https:\/\/www.sani-spa.fr\/collection\/produit\/lampe-uv-pp-i-uv-22\/\",\"url\":\"https:\/\/www.sani-spa.fr\/collection\/produit\/lampe-uv-pp-i-uv-22\/\",\"name\":\"Lampe UV PP-I UV-22 | Sani Spa Collection\",\"isPartOf\":{\"@id\":\"https:\/\/www.sani-spa.fr\/collection\/#website\"},\"primaryImageOfPage\":{\"@id\":\"https:\/\/www.sani-spa.fr\/collection\/produit\/lampe-uv-pp-i-uv-22\/#primaryimage\"},\"image\":{\"@id\":\"https:\/\/www.sani-spa.fr\/collection\/produit\/lampe-uv-pp-i-uv-22\/#primaryimage\"},\"thumbnailUrl\":\"https:\/\/www.sani-spa.fr\/collection\/wp-collection\/uploads\/2020\/03\/lampeuv.png\",\"datePublished\":\"2020-03-30T01:19:17+00:00\",\"dateModified\":\"2022-11-29T13:57:38+00:00\",\"breadcrumb\":{\"@id\":\"https:\/\/www.sani-spa.fr\/collection\/produit\/lampe-uv-pp-i-uv-22\/#breadcrumb\"},\"inLanguage\":\"fr-FR\",\"potentialAction\":[{\"@type\":\"ReadAction\",\"target\":[\"https:\/\/www.sani-spa.fr\/collection\/produit\/lampe-uv-pp-i-uv-22\/\"]}]},{\"@type\":\"ImageObject\",\"inLanguage\":\"fr-FR\",\"@id\":\"https:\/\/www.sani-spa.fr\/collection\/produit\/lampe-uv-pp-i-uv-22\/#primaryimage\",\"url\":\"https:\/\/www.sani-spa.fr\/collection\/wp-collection\/uploads\/2020\/03\/lampeuv.png\",\"contentUrl\":\"https:\/\/www.sani-spa.fr\/collection\/wp-collection\/uploads\/2020\/03\/lampeuv.png\",\"width\":600,\"height\":480},{\"@type\":\"BreadcrumbList\",\"@id\":\"https:\/\/www.sani-spa.fr\/collection\/produit\/lampe-uv-pp-i-uv-22\/#breadcrumb\",\"itemListElement\":[{\"@type\":\"ListItem\",\"position\":1,\"name\":\"Accueil\",\"item\":\"https:\/\/www.sani-spa.fr\/collection\/\"},{\"@type\":\"ListItem\",\"position\":2,\"name\":\"Sani Spa CollectionPi\u00e8ces D\u00e9tach\u00e9es &amp; Accessoires pour Spas\",\"item\":\"https:\/\/www.sani-spa.fr\/collection\/\"},{\"@type\":\"ListItem\",\"position\":3,\"name\":\"Lampe UV PP-I UV-22\"}]},{\"@type\":\"WebSite\",\"@id\":\"https:\/\/www.sani-spa.fr\/collection\/#website\",\"url\":\"https:\/\/www.sani-spa.fr\/collection\/\",\"name\":\"Sani Spa Collection\",\"description\":\"Boutique spas &amp; accessoires spa\",\"publisher\":{\"@id\":\"https:\/\/www.sani-spa.fr\/collection\/#organization\"},\"potentialAction\":[{\"@type\":\"SearchAction\",\"target\":{\"@type\":\"EntryPoint\",\"urlTemplate\":\"https:\/\/www.sani-spa.fr\/collection\/?s={search_term_string}\"},\"query-input\":{\"@type\":\"PropertyValueSpecification\",\"valueRequired\":true,\"valueName\":\"search_term_string\"}}],\"inLanguage\":\"fr-FR\"},{\"@type\":\"Organization\",\"@id\":\"https:\/\/www.sani-spa.fr\/collection\/#organization\",\"name\":\"Sani Spa Collection\",\"url\":\"https:\/\/www.sani-spa.fr\/collection\/\",\"logo\":{\"@type\":\"ImageObject\",\"inLanguage\":\"fr-FR\",\"@id\":\"https:\/\/www.sani-spa.fr\/collection\/#\/schema\/logo\/image\/\",\"url\":\"https:\/\/www.sani-spa.fr\/collection\/wp-collection\/uploads\/2017\/10\/logo-sani-spa-collection.png\",\"contentUrl\":\"https:\/\/www.sani-spa.fr\/collection\/wp-collection\/uploads\/2017\/10\/logo-sani-spa-collection.png\",\"width\":231,\"height\":54,\"caption\":\"Sani Spa Collection\"},\"image\":{\"@id\":\"https:\/\/www.sani-spa.fr\/collection\/#\/schema\/logo\/image\/\"},\"sameAs\":[\"https:\/\/www.facebook.com\/sarlsanispa\"]}]}<\/script>\n<!-- \/ Yoast SEO plugin. -->","yoast_head_json":{"title":"Lampe UV PP-I UV-22 | Sani Spa Collection","robots":{"index":"index","follow":"follow","max-snippet":"max-snippet:-1","max-image-preview":"max-image-preview:large","max-video-preview":"max-video-preview:-1"},"canonical":"https:\/\/www.sani-spa.fr\/collection\/produit\/lampe-uv-pp-i-uv-22\/","og_locale":"fr_FR","og_type":"article","og_title":"Lampe UV PP-I UV-22 | Sani Spa Collection","og_description":"La Lampe UV permet une d\u00e9sinfection optimale de l'eau mais aussi\u00a0naturelle et automatique.  La dur\u00e9e de vie moyenne d'une ampoule UV est de 9000 heures (environ 1-2 ans selon le fonctionnement) La dur\u00e9e de vie du tube Quartz : 2-3 ans ( \u00e0 nettoyer une fois par an)  Dimensions de la chambre :   Longueur sans ballast : 345mm  Longueur avec ballast : 420mm  Diam\u00e8tre : 64mm  Pas de vis de raccordement : 33mm  Garantie 1 an","og_url":"https:\/\/www.sani-spa.fr\/collection\/produit\/lampe-uv-pp-i-uv-22\/","og_site_name":"Sani Spa Collection","article_publisher":"https:\/\/www.facebook.com\/sarlsanispa","article_modified_time":"2022-11-29T13:57:38+00:00","og_image":[{"width":600,"height":480,"url":"https:\/\/www.sani-spa.fr\/collection\/wp-collection\/uploads\/2020\/03\/lampeuv.png","type":"image\/png"}],"twitter_card":"summary_large_image","twitter_misc":{"Dur\u00e9e de lecture estim\u00e9e":"1 minute"},"schema":{"@context":"https:\/\/schema.org","@graph":[{"@type":"WebPage","@id":"https:\/\/www.sani-spa.fr\/collection\/produit\/lampe-uv-pp-i-uv-22\/","url":"https:\/\/www.sani-spa.fr\/collection\/produit\/lampe-uv-pp-i-uv-22\/","name":"Lampe UV PP-I UV-22 | Sani Spa Collection","isPartOf":{"@id":"https:\/\/www.sani-spa.fr\/collection\/#website"},"primaryImageOfPage":{"@id":"https:\/\/www.sani-spa.fr\/collection\/produit\/lampe-uv-pp-i-uv-22\/#primaryimage"},"image":{"@id":"https:\/\/www.sani-spa.fr\/collection\/produit\/lampe-uv-pp-i-uv-22\/#primaryimage"},"thumbnailUrl":"https:\/\/www.sani-spa.fr\/collection\/wp-collection\/uploads\/2020\/03\/lampeuv.png","datePublished":"2020-03-30T01:19:17+00:00","dateModified":"2022-11-29T13:57:38+00:00","breadcrumb":{"@id":"https:\/\/www.sani-spa.fr\/collection\/produit\/lampe-uv-pp-i-uv-22\/#breadcrumb"},"inLanguage":"fr-FR","potentialAction":[{"@type":"ReadAction","target":["https:\/\/www.sani-spa.fr\/collection\/produit\/lampe-uv-pp-i-uv-22\/"]}]},{"@type":"ImageObject","inLanguage":"fr-FR","@id":"https:\/\/www.sani-spa.fr\/collection\/produit\/lampe-uv-pp-i-uv-22\/#primaryimage","url":"https:\/\/www.sani-spa.fr\/collection\/wp-collection\/uploads\/2020\/03\/lampeuv.png","contentUrl":"https:\/\/www.sani-spa.fr\/collection\/wp-collection\/uploads\/2020\/03\/lampeuv.png","width":600,"height":480},{"@type":"BreadcrumbList","@id":"https:\/\/www.sani-spa.fr\/collection\/produit\/lampe-uv-pp-i-uv-22\/#breadcrumb","itemListElement":[{"@type":"ListItem","position":1,"name":"Accueil","item":"https:\/\/www.sani-spa.fr\/collection\/"},{"@type":"ListItem","position":2,"name":"Sani Spa CollectionPi\u00e8ces D\u00e9tach\u00e9es &amp; Accessoires pour Spas","item":"https:\/\/www.sani-spa.fr\/collection\/"},{"@type":"ListItem","position":3,"name":"Lampe UV PP-I UV-22"}]},{"@type":"WebSite","@id":"https:\/\/www.sani-spa.fr\/collection\/#website","url":"https:\/\/www.sani-spa.fr\/collection\/","name":"Sani Spa Collection","description":"Boutique spas &amp; accessoires spa","publisher":{"@id":"https:\/\/www.sani-spa.fr\/collection\/#organization"},"potentialAction":[{"@type":"SearchAction","target":{"@type":"EntryPoint","urlTemplate":"https:\/\/www.sani-spa.fr\/collection\/?s={search_term_string}"},"query-input":{"@type":"PropertyValueSpecification","valueRequired":true,"valueName":"search_term_string"}}],"inLanguage":"fr-FR"},{"@type":"Organization","@id":"https:\/\/www.sani-spa.fr\/collection\/#organization","name":"Sani Spa Collection","url":"https:\/\/www.sani-spa.fr\/collection\/","logo":{"@type":"ImageObject","inLanguage":"fr-FR","@id":"https:\/\/www.sani-spa.fr\/collection\/#\/schema\/logo\/image\/","url":"https:\/\/www.sani-spa.fr\/collection\/wp-collection\/uploads\/2017\/10\/logo-sani-spa-collection.png","contentUrl":"https:\/\/www.sani-spa.fr\/collection\/wp-collection\/uploads\/2017\/10\/logo-sani-spa-collection.png","width":231,"height":54,"caption":"Sani Spa Collection"},"image":{"@id":"https:\/\/www.sani-spa.fr\/collection\/#\/schema\/logo\/image\/"},"sameAs":["https:\/\/www.facebook.com\/sarlsanispa"]}]}},"jetpack_sharing_enabled":true,"_links":{"self":[{"href":"https:\/\/www.sani-spa.fr\/collection\/wp-json\/wp\/v2\/product\/1377","targetHints":{"allow":["GET"]}}],"collection":[{"href":"https:\/\/www.sani-spa.fr\/collection\/wp-json\/wp\/v2\/product"}],"about":[{"href":"https:\/\/www.sani-spa.fr\/collection\/wp-json\/wp\/v2\/types\/product"}],"replies":[{"embeddable":true,"href":"https:\/\/www.sani-spa.fr\/collection\/wp-json\/wp\/v2\/comments?post=1377"}],"wp:featuredmedia":[{"embeddable":true,"href":"https:\/\/www.sani-spa.fr\/collection\/wp-json\/wp\/v2\/media\/1379"}],"wp:attachment":[{"href":"https:\/\/www.sani-spa.fr\/collection\/wp-json\/wp\/v2\/media?parent=1377"}],"wp:term":[{"taxonomy":"product_brand","embeddable":true,"href":"https:\/\/www.sani-spa.fr\/collection\/wp-json\/wp\/v2\/product_brand?post=1377"},{"taxonomy":"product_cat","embeddable":true,"href":"https:\/\/www.sani-spa.fr\/collection\/wp-json\/wp\/v2\/product_cat?post=1377"},{"taxonomy":"product_tag","embeddable":true,"href":"https:\/\/www.sani-spa.fr\/collection\/wp-json\/wp\/v2\/product_tag?post=1377"}],"curies":[{"name":"wp","href":"https:\/\/api.w.org\/{rel}","templated":true}]}}