{"id":1380,"date":"2020-03-30T03:26:57","date_gmt":"2020-03-30T01:26:57","guid":{"rendered":"https:\/\/www.sani-spa.fr\/collection\/?post_type=product&#038;p=1380"},"modified":"2022-11-29T14:57:09","modified_gmt":"2022-11-29T13:57:09","slug":"module-wifi-gecko-in-touch2","status":"publish","type":"product","link":"https:\/\/www.sani-spa.fr\/collection\/produit\/module-wifi-gecko-in-touch2\/","title":{"rendered":"Module Wifi Gecko In.Touch2"},"content":{"rendered":"<div><b>Installation du kit : <\/b><\/div>\n<div>\n<ul>\n<li>Installation de l&#8217;\u00e9metteur \/ r\u00e9cepteur du spa : connectez le c\u00e2ble IN.LINK fourni dans le kit \u00e0 votre \u00e9metteur, connectez ensuite l&#8217;autre extr\u00e9mit\u00e9 directement sur votre boitier de contr\u00f4le sur le port CO. L&#8217;\u00e9metteur \/ r\u00e9cepteur doit \u00eatre positionn\u00e9 sur la jupe du spa \u00e0 une distance minimale de 30cm de toutes pi\u00e8ces m\u00e9tallique afin d&#8217;\u00e9viter les interf\u00e9rences.<\/li>\n<li>Installation de l&#8217;\u00e9metteur \/ r\u00e9cepteur c\u00f4t\u00e9 maison : Connectez le c\u00e2ble ethernet fourni au routeur de votre maison (box internet). Connectez ensuite l&#8217;extr\u00e9mit\u00e9 directement sur le r\u00e9cepteur. Branchez ensuite l&#8217;alimentation \u00e0 une alimentation en 220V.<\/li>\n<li>T\u00e9l\u00e9chargez ensuite l&#8217;application sur votre smartphone. Les deux \u00e9metteurs s&#8217;appaire facilement gr\u00e2ce au bouton d&#8217;appairage<\/li>\n<\/ul>\n<p>Garantie 1 An<\/p>\n<\/div>\n","protected":false},"excerpt":{"rendered":"<p><strong>Module Wifi complet IN.Touch 2 GECKO<\/strong><\/p>\n<div>Ce module Wifi vous permet de piloter votre spa \u00e0 distance via une application mobile gr\u00e2ce \u00e0 deux \u00e9metteurs radios connect\u00e9s. Ces deux \u00e9metteurs connectent le spa \u00e0 internet et transmettent des ondes qui ont trois fois (Pr\u00e8s de 90 m\u00e8tres) la port\u00e9 d&#8217;ondes wifi standard pour vous permettre d&#8217;\u00eatre connect\u00e9 depuis n&#8217;importe o\u00f9.<\/div>\n<div><\/div>\n<div>Grace \u00e0 ces \u00e9metteur et une application Android ou IOS, vous transformez votre smartphone en v\u00e9ritable t\u00e9l\u00e9commande pour le contr\u00f4le complet de votre spa.<\/div>\n<div>Prenez notamment le contr\u00f4le sur les cycles de filtration, la temp\u00e9rature, les changement de modes ainsi que l&#8217;ensemble des organes de votre spa.<\/div>\n<div><\/div>\n<div>\n<p><b>Composition du kit : <\/b><\/p>\n<ul>\n<li>2 \u00e9metteurs + r\u00e9cepteurs Wifi<\/li>\n<li>Un c\u00e2ble Ethernet (0.90m) pour brancher a votre routeur<\/li>\n<li>Un c\u00e2ble de connexion in.link pour brancher l&#8217;\u00e9metteur\/r\u00e9cepteur du spa<\/li>\n<li>Une prise secteur d&#8217;alimentation de l&#8217;\u00e9metteur situ\u00e9 pr\u00e8s du routeur<\/li>\n<\/ul>\n<\/div>\n","protected":false},"featured_media":1381,"comment_status":"open","ping_status":"closed","template":"","meta":[],"product_brand":[],"product_cat":[40,32,17],"product_tag":[],"class_list":{"0":"post-1380","1":"product","2":"type-product","3":"status-publish","4":"has-post-thumbnail","6":"product_cat-gecko-boitier-controle","7":"product_cat-accessoires","8":"product_cat-accessoires-spas","9":"product_shipping_class-claviers","11":"first","12":"instock","13":"taxable","14":"shipping-taxable","15":"purchasable","16":"product-type-simple"},"yoast_head":"<!-- This site is optimized with the Yoast SEO plugin v27.0 - https:\/\/yoast.com\/product\/yoast-seo-wordpress\/ -->\n<title>Module Wifi Gecko In.Touch2 | Sani Spa Collection<\/title>\n<meta name=\"robots\" content=\"index, follow, max-snippet:-1, max-image-preview:large, max-video-preview:-1\" \/>\n<link rel=\"canonical\" href=\"https:\/\/www.sani-spa.fr\/collection\/produit\/module-wifi-gecko-in-touch2\/\" \/>\n<meta property=\"og:locale\" content=\"fr_FR\" \/>\n<meta property=\"og:type\" content=\"article\" \/>\n<meta property=\"og:title\" content=\"Module Wifi Gecko In.Touch2 | Sani Spa Collection\" \/>\n<meta property=\"og:description\" content=\"Module Wifi complet IN.Touch 2 GECKO Ce module Wifi vous permet de piloter votre spa \u00e0 distance via une application mobile gr\u00e2ce \u00e0 deux \u00e9metteurs radios connect\u00e9s. Ces deux \u00e9metteurs connectent le spa \u00e0 internet et transmettent des ondes qui ont trois fois (Pr\u00e8s de 90 m\u00e8tres) la port\u00e9 d&#039;ondes wifi standard pour vous permettre d&#039;\u00eatre connect\u00e9 depuis n&#039;importe o\u00f9.  Grace \u00e0 ces \u00e9metteur et une application Android ou IOS, vous transformez votre smartphone en v\u00e9ritable t\u00e9l\u00e9commande pour le contr\u00f4le complet de votre spa. Prenez notamment le contr\u00f4le sur les cycles de filtration, la temp\u00e9rature, les changement de modes ainsi que l&#039;ensemble des organes de votre spa.    Composition du kit :    2 \u00e9metteurs + r\u00e9cepteurs Wifi  Un c\u00e2ble Ethernet (0.90m) pour brancher a votre routeur  Un c\u00e2ble de connexion in.link pour brancher l&#039;\u00e9metteur\/r\u00e9cepteur du spa  Une prise secteur d&#039;alimentation de l&#039;\u00e9metteur situ\u00e9 pr\u00e8s du routeur\" \/>\n<meta property=\"og:url\" content=\"https:\/\/www.sani-spa.fr\/collection\/produit\/module-wifi-gecko-in-touch2\/\" \/>\n<meta property=\"og:site_name\" content=\"Sani Spa Collection\" \/>\n<meta property=\"article:publisher\" content=\"https:\/\/www.facebook.com\/sarlsanispa\" \/>\n<meta property=\"article:modified_time\" content=\"2022-11-29T13:57:09+00:00\" \/>\n<meta property=\"og:image\" content=\"http:\/\/www.sani-spa.fr\/collection\/wp-collection\/uploads\/2020\/03\/wifi-gecko-.jpg\" \/>\n\t<meta property=\"og:image:width\" content=\"1000\" \/>\n\t<meta property=\"og:image:height\" content=\"800\" \/>\n\t<meta property=\"og:image:type\" content=\"image\/jpeg\" \/>\n<meta name=\"twitter:card\" content=\"summary_large_image\" \/>\n<meta name=\"twitter:label1\" content=\"Dur\u00e9e de lecture estim\u00e9e\" \/>\n\t<meta name=\"twitter:data1\" content=\"1 minute\" \/>\n<script type=\"application\/ld+json\" class=\"yoast-schema-graph\">{\"@context\":\"https:\/\/schema.org\",\"@graph\":[{\"@type\":\"WebPage\",\"@id\":\"https:\/\/www.sani-spa.fr\/collection\/produit\/module-wifi-gecko-in-touch2\/\",\"url\":\"https:\/\/www.sani-spa.fr\/collection\/produit\/module-wifi-gecko-in-touch2\/\",\"name\":\"Module Wifi Gecko In.Touch2 | Sani Spa Collection\",\"isPartOf\":{\"@id\":\"https:\/\/www.sani-spa.fr\/collection\/#website\"},\"primaryImageOfPage\":{\"@id\":\"https:\/\/www.sani-spa.fr\/collection\/produit\/module-wifi-gecko-in-touch2\/#primaryimage\"},\"image\":{\"@id\":\"https:\/\/www.sani-spa.fr\/collection\/produit\/module-wifi-gecko-in-touch2\/#primaryimage\"},\"thumbnailUrl\":\"https:\/\/www.sani-spa.fr\/collection\/wp-collection\/uploads\/2020\/03\/wifi-gecko-.jpg\",\"datePublished\":\"2020-03-30T01:26:57+00:00\",\"dateModified\":\"2022-11-29T13:57:09+00:00\",\"breadcrumb\":{\"@id\":\"https:\/\/www.sani-spa.fr\/collection\/produit\/module-wifi-gecko-in-touch2\/#breadcrumb\"},\"inLanguage\":\"fr-FR\",\"potentialAction\":[{\"@type\":\"ReadAction\",\"target\":[\"https:\/\/www.sani-spa.fr\/collection\/produit\/module-wifi-gecko-in-touch2\/\"]}]},{\"@type\":\"ImageObject\",\"inLanguage\":\"fr-FR\",\"@id\":\"https:\/\/www.sani-spa.fr\/collection\/produit\/module-wifi-gecko-in-touch2\/#primaryimage\",\"url\":\"https:\/\/www.sani-spa.fr\/collection\/wp-collection\/uploads\/2020\/03\/wifi-gecko-.jpg\",\"contentUrl\":\"https:\/\/www.sani-spa.fr\/collection\/wp-collection\/uploads\/2020\/03\/wifi-gecko-.jpg\",\"width\":1000,\"height\":800},{\"@type\":\"BreadcrumbList\",\"@id\":\"https:\/\/www.sani-spa.fr\/collection\/produit\/module-wifi-gecko-in-touch2\/#breadcrumb\",\"itemListElement\":[{\"@type\":\"ListItem\",\"position\":1,\"name\":\"Accueil\",\"item\":\"https:\/\/www.sani-spa.fr\/collection\/\"},{\"@type\":\"ListItem\",\"position\":2,\"name\":\"Sani Spa CollectionPi\u00e8ces D\u00e9tach\u00e9es &amp; Accessoires pour Spas\",\"item\":\"https:\/\/www.sani-spa.fr\/collection\/\"},{\"@type\":\"ListItem\",\"position\":3,\"name\":\"Module Wifi Gecko In.Touch2\"}]},{\"@type\":\"WebSite\",\"@id\":\"https:\/\/www.sani-spa.fr\/collection\/#website\",\"url\":\"https:\/\/www.sani-spa.fr\/collection\/\",\"name\":\"Sani Spa Collection\",\"description\":\"Boutique spas &amp; accessoires spa\",\"publisher\":{\"@id\":\"https:\/\/www.sani-spa.fr\/collection\/#organization\"},\"potentialAction\":[{\"@type\":\"SearchAction\",\"target\":{\"@type\":\"EntryPoint\",\"urlTemplate\":\"https:\/\/www.sani-spa.fr\/collection\/?s={search_term_string}\"},\"query-input\":{\"@type\":\"PropertyValueSpecification\",\"valueRequired\":true,\"valueName\":\"search_term_string\"}}],\"inLanguage\":\"fr-FR\"},{\"@type\":\"Organization\",\"@id\":\"https:\/\/www.sani-spa.fr\/collection\/#organization\",\"name\":\"Sani Spa Collection\",\"url\":\"https:\/\/www.sani-spa.fr\/collection\/\",\"logo\":{\"@type\":\"ImageObject\",\"inLanguage\":\"fr-FR\",\"@id\":\"https:\/\/www.sani-spa.fr\/collection\/#\/schema\/logo\/image\/\",\"url\":\"https:\/\/www.sani-spa.fr\/collection\/wp-collection\/uploads\/2017\/10\/logo-sani-spa-collection.png\",\"contentUrl\":\"https:\/\/www.sani-spa.fr\/collection\/wp-collection\/uploads\/2017\/10\/logo-sani-spa-collection.png\",\"width\":231,\"height\":54,\"caption\":\"Sani Spa Collection\"},\"image\":{\"@id\":\"https:\/\/www.sani-spa.fr\/collection\/#\/schema\/logo\/image\/\"},\"sameAs\":[\"https:\/\/www.facebook.com\/sarlsanispa\"]}]}<\/script>\n<!-- \/ Yoast SEO plugin. -->","yoast_head_json":{"title":"Module Wifi Gecko In.Touch2 | Sani Spa Collection","robots":{"index":"index","follow":"follow","max-snippet":"max-snippet:-1","max-image-preview":"max-image-preview:large","max-video-preview":"max-video-preview:-1"},"canonical":"https:\/\/www.sani-spa.fr\/collection\/produit\/module-wifi-gecko-in-touch2\/","og_locale":"fr_FR","og_type":"article","og_title":"Module Wifi Gecko In.Touch2 | Sani Spa Collection","og_description":"Module Wifi complet IN.Touch 2 GECKO Ce module Wifi vous permet de piloter votre spa \u00e0 distance via une application mobile gr\u00e2ce \u00e0 deux \u00e9metteurs radios connect\u00e9s. Ces deux \u00e9metteurs connectent le spa \u00e0 internet et transmettent des ondes qui ont trois fois (Pr\u00e8s de 90 m\u00e8tres) la port\u00e9 d'ondes wifi standard pour vous permettre d'\u00eatre connect\u00e9 depuis n'importe o\u00f9.  Grace \u00e0 ces \u00e9metteur et une application Android ou IOS, vous transformez votre smartphone en v\u00e9ritable t\u00e9l\u00e9commande pour le contr\u00f4le complet de votre spa. Prenez notamment le contr\u00f4le sur les cycles de filtration, la temp\u00e9rature, les changement de modes ainsi que l'ensemble des organes de votre spa.    Composition du kit :    2 \u00e9metteurs + r\u00e9cepteurs Wifi  Un c\u00e2ble Ethernet (0.90m) pour brancher a votre routeur  Un c\u00e2ble de connexion in.link pour brancher l'\u00e9metteur\/r\u00e9cepteur du spa  Une prise secteur d'alimentation de l'\u00e9metteur situ\u00e9 pr\u00e8s du routeur","og_url":"https:\/\/www.sani-spa.fr\/collection\/produit\/module-wifi-gecko-in-touch2\/","og_site_name":"Sani Spa Collection","article_publisher":"https:\/\/www.facebook.com\/sarlsanispa","article_modified_time":"2022-11-29T13:57:09+00:00","og_image":[{"width":1000,"height":800,"url":"http:\/\/www.sani-spa.fr\/collection\/wp-collection\/uploads\/2020\/03\/wifi-gecko-.jpg","type":"image\/jpeg"}],"twitter_card":"summary_large_image","twitter_misc":{"Dur\u00e9e de lecture estim\u00e9e":"1 minute"},"schema":{"@context":"https:\/\/schema.org","@graph":[{"@type":"WebPage","@id":"https:\/\/www.sani-spa.fr\/collection\/produit\/module-wifi-gecko-in-touch2\/","url":"https:\/\/www.sani-spa.fr\/collection\/produit\/module-wifi-gecko-in-touch2\/","name":"Module Wifi Gecko In.Touch2 | Sani Spa Collection","isPartOf":{"@id":"https:\/\/www.sani-spa.fr\/collection\/#website"},"primaryImageOfPage":{"@id":"https:\/\/www.sani-spa.fr\/collection\/produit\/module-wifi-gecko-in-touch2\/#primaryimage"},"image":{"@id":"https:\/\/www.sani-spa.fr\/collection\/produit\/module-wifi-gecko-in-touch2\/#primaryimage"},"thumbnailUrl":"https:\/\/www.sani-spa.fr\/collection\/wp-collection\/uploads\/2020\/03\/wifi-gecko-.jpg","datePublished":"2020-03-30T01:26:57+00:00","dateModified":"2022-11-29T13:57:09+00:00","breadcrumb":{"@id":"https:\/\/www.sani-spa.fr\/collection\/produit\/module-wifi-gecko-in-touch2\/#breadcrumb"},"inLanguage":"fr-FR","potentialAction":[{"@type":"ReadAction","target":["https:\/\/www.sani-spa.fr\/collection\/produit\/module-wifi-gecko-in-touch2\/"]}]},{"@type":"ImageObject","inLanguage":"fr-FR","@id":"https:\/\/www.sani-spa.fr\/collection\/produit\/module-wifi-gecko-in-touch2\/#primaryimage","url":"https:\/\/www.sani-spa.fr\/collection\/wp-collection\/uploads\/2020\/03\/wifi-gecko-.jpg","contentUrl":"https:\/\/www.sani-spa.fr\/collection\/wp-collection\/uploads\/2020\/03\/wifi-gecko-.jpg","width":1000,"height":800},{"@type":"BreadcrumbList","@id":"https:\/\/www.sani-spa.fr\/collection\/produit\/module-wifi-gecko-in-touch2\/#breadcrumb","itemListElement":[{"@type":"ListItem","position":1,"name":"Accueil","item":"https:\/\/www.sani-spa.fr\/collection\/"},{"@type":"ListItem","position":2,"name":"Sani Spa CollectionPi\u00e8ces D\u00e9tach\u00e9es &amp; Accessoires pour Spas","item":"https:\/\/www.sani-spa.fr\/collection\/"},{"@type":"ListItem","position":3,"name":"Module Wifi Gecko In.Touch2"}]},{"@type":"WebSite","@id":"https:\/\/www.sani-spa.fr\/collection\/#website","url":"https:\/\/www.sani-spa.fr\/collection\/","name":"Sani Spa Collection","description":"Boutique spas &amp; accessoires spa","publisher":{"@id":"https:\/\/www.sani-spa.fr\/collection\/#organization"},"potentialAction":[{"@type":"SearchAction","target":{"@type":"EntryPoint","urlTemplate":"https:\/\/www.sani-spa.fr\/collection\/?s={search_term_string}"},"query-input":{"@type":"PropertyValueSpecification","valueRequired":true,"valueName":"search_term_string"}}],"inLanguage":"fr-FR"},{"@type":"Organization","@id":"https:\/\/www.sani-spa.fr\/collection\/#organization","name":"Sani Spa Collection","url":"https:\/\/www.sani-spa.fr\/collection\/","logo":{"@type":"ImageObject","inLanguage":"fr-FR","@id":"https:\/\/www.sani-spa.fr\/collection\/#\/schema\/logo\/image\/","url":"https:\/\/www.sani-spa.fr\/collection\/wp-collection\/uploads\/2017\/10\/logo-sani-spa-collection.png","contentUrl":"https:\/\/www.sani-spa.fr\/collection\/wp-collection\/uploads\/2017\/10\/logo-sani-spa-collection.png","width":231,"height":54,"caption":"Sani Spa Collection"},"image":{"@id":"https:\/\/www.sani-spa.fr\/collection\/#\/schema\/logo\/image\/"},"sameAs":["https:\/\/www.facebook.com\/sarlsanispa"]}]}},"jetpack_sharing_enabled":true,"_links":{"self":[{"href":"https:\/\/www.sani-spa.fr\/collection\/wp-json\/wp\/v2\/product\/1380","targetHints":{"allow":["GET"]}}],"collection":[{"href":"https:\/\/www.sani-spa.fr\/collection\/wp-json\/wp\/v2\/product"}],"about":[{"href":"https:\/\/www.sani-spa.fr\/collection\/wp-json\/wp\/v2\/types\/product"}],"replies":[{"embeddable":true,"href":"https:\/\/www.sani-spa.fr\/collection\/wp-json\/wp\/v2\/comments?post=1380"}],"wp:featuredmedia":[{"embeddable":true,"href":"https:\/\/www.sani-spa.fr\/collection\/wp-json\/wp\/v2\/media\/1381"}],"wp:attachment":[{"href":"https:\/\/www.sani-spa.fr\/collection\/wp-json\/wp\/v2\/media?parent=1380"}],"wp:term":[{"taxonomy":"product_brand","embeddable":true,"href":"https:\/\/www.sani-spa.fr\/collection\/wp-json\/wp\/v2\/product_brand?post=1380"},{"taxonomy":"product_cat","embeddable":true,"href":"https:\/\/www.sani-spa.fr\/collection\/wp-json\/wp\/v2\/product_cat?post=1380"},{"taxonomy":"product_tag","embeddable":true,"href":"https:\/\/www.sani-spa.fr\/collection\/wp-json\/wp\/v2\/product_tag?post=1380"}],"curies":[{"name":"wp","href":"https:\/\/api.w.org\/{rel}","templated":true}]}}