{"id":1388,"date":"2020-03-30T13:24:12","date_gmt":"2020-03-30T11:24:12","guid":{"rendered":"https:\/\/www.sani-spa.fr\/collection\/?post_type=product&#038;p=1388"},"modified":"2024-06-14T01:13:53","modified_gmt":"2024-06-13T23:13:53","slug":"bague-de-serrage-2-pour-rechauffeur-gecko","status":"publish","type":"product","link":"https:\/\/www.sani-spa.fr\/collection\/produit\/bague-de-serrage-2-pour-rechauffeur-gecko\/","title":{"rendered":"Bague de serrage 2&#8243; pour r\u00e9chauffeur gecko"},"content":{"rendered":"<p>Bague de serrage 2&#8243; pour <a href=\"https:\/\/www.sani-spa.fr\/collection\/produit\/rechauffeur-gecko-mspa-36kw\/\">r\u00e9chauffeur<\/a><\/p>\n<p>&nbsp;<\/p>\n<p>&nbsp;<\/p>\n","protected":false},"excerpt":{"rendered":"<div><b>Caract\u00e9ristiques :\u00a0<\/b><\/div>\n<div><\/div>\n<div>Compatible pour les <a href=\"https:\/\/www.sani-spa.fr\/collection\/produit\/rechauffeur-gecko-mspa-36kw\/\">r\u00e9chauffeurs<\/a> de diam\u00e8tre ext\u00e9rieur 60 mm<\/div>\n<div>Diam\u00e8tre int\u00e9rieur du pas de vis de la bague de serrage : 76 mm<\/div>\n<div>Diam\u00e8tre ext\u00e9rieur du pas de vis du raccord associ\u00e9 \u00e0 la bague de serrage: 76 mm<\/div>\n<div>\n<div><a href=\"https:\/\/www.sani-spa.fr\/collection\/produit\/joints-pour-rechauffeur-2\/\">Joint pour bague de r\u00e9chauffeur 2&#8243;\u00a0<\/a><\/div>\n<\/div>\n","protected":false},"featured_media":1389,"comment_status":"open","ping_status":"closed","template":"","meta":[],"product_brand":[],"product_cat":[28,37,53,107],"product_tag":[],"class_list":{"0":"post-1388","1":"product","2":"type-product","3":"status-publish","4":"has-post-thumbnail","6":"product_cat-rechauffeur-pour-spa","7":"product_cat-gecko","8":"product_cat-tuyauterie-2","9":"product_cat-rechauffeurs-coast-spas","10":"product_shipping_class-consomables","12":"first","13":"instock","14":"taxable","15":"shipping-taxable","16":"purchasable","17":"product-type-simple"},"yoast_head":"<!-- This site is optimized with the Yoast SEO plugin v27.0 - https:\/\/yoast.com\/product\/yoast-seo-wordpress\/ -->\n<title>Bague de serrage 2&quot; pour r\u00e9chauffeur gecko | Sani Spa Collection<\/title>\n<meta name=\"robots\" content=\"index, follow, max-snippet:-1, max-image-preview:large, max-video-preview:-1\" \/>\n<link rel=\"canonical\" href=\"https:\/\/www.sani-spa.fr\/collection\/produit\/bague-de-serrage-2-pour-rechauffeur-gecko\/\" \/>\n<meta property=\"og:locale\" content=\"fr_FR\" \/>\n<meta property=\"og:type\" content=\"article\" \/>\n<meta property=\"og:title\" content=\"Bague de serrage 2&quot; pour r\u00e9chauffeur gecko | Sani Spa Collection\" \/>\n<meta property=\"og:description\" content=\"Caract\u00e9ristiques :\u00a0  Compatible pour les r\u00e9chauffeurs de diam\u00e8tre ext\u00e9rieur 60 mm Diam\u00e8tre int\u00e9rieur du pas de vis de la bague de serrage : 76 mm Diam\u00e8tre ext\u00e9rieur du pas de vis du raccord associ\u00e9 \u00e0 la bague de serrage: 76 mm  Joint pour bague de r\u00e9chauffeur 2&quot;\u00a0\" \/>\n<meta property=\"og:url\" content=\"https:\/\/www.sani-spa.fr\/collection\/produit\/bague-de-serrage-2-pour-rechauffeur-gecko\/\" \/>\n<meta property=\"og:site_name\" content=\"Sani Spa Collection\" \/>\n<meta property=\"article:publisher\" content=\"https:\/\/www.facebook.com\/sarlsanispa\" \/>\n<meta property=\"article:modified_time\" content=\"2024-06-13T23:13:53+00:00\" \/>\n<meta property=\"og:image\" content=\"http:\/\/www.sani-spa.fr\/collection\/wp-collection\/uploads\/2020\/03\/bague-de-serrage-.jpg\" \/>\n\t<meta property=\"og:image:width\" content=\"1000\" \/>\n\t<meta property=\"og:image:height\" content=\"800\" \/>\n\t<meta property=\"og:image:type\" content=\"image\/jpeg\" \/>\n<meta name=\"twitter:card\" content=\"summary_large_image\" \/>\n<meta name=\"twitter:label1\" content=\"Dur\u00e9e de lecture estim\u00e9e\" \/>\n\t<meta name=\"twitter:data1\" content=\"1 minute\" \/>\n<script type=\"application\/ld+json\" class=\"yoast-schema-graph\">{\"@context\":\"https:\/\/schema.org\",\"@graph\":[{\"@type\":\"WebPage\",\"@id\":\"https:\/\/www.sani-spa.fr\/collection\/produit\/bague-de-serrage-2-pour-rechauffeur-gecko\/\",\"url\":\"https:\/\/www.sani-spa.fr\/collection\/produit\/bague-de-serrage-2-pour-rechauffeur-gecko\/\",\"name\":\"Bague de serrage 2\\\" pour r\u00e9chauffeur gecko | Sani Spa Collection\",\"isPartOf\":{\"@id\":\"https:\/\/www.sani-spa.fr\/collection\/#website\"},\"primaryImageOfPage\":{\"@id\":\"https:\/\/www.sani-spa.fr\/collection\/produit\/bague-de-serrage-2-pour-rechauffeur-gecko\/#primaryimage\"},\"image\":{\"@id\":\"https:\/\/www.sani-spa.fr\/collection\/produit\/bague-de-serrage-2-pour-rechauffeur-gecko\/#primaryimage\"},\"thumbnailUrl\":\"https:\/\/www.sani-spa.fr\/collection\/wp-collection\/uploads\/2020\/03\/bague-de-serrage-.jpg\",\"datePublished\":\"2020-03-30T11:24:12+00:00\",\"dateModified\":\"2024-06-13T23:13:53+00:00\",\"breadcrumb\":{\"@id\":\"https:\/\/www.sani-spa.fr\/collection\/produit\/bague-de-serrage-2-pour-rechauffeur-gecko\/#breadcrumb\"},\"inLanguage\":\"fr-FR\",\"potentialAction\":[{\"@type\":\"ReadAction\",\"target\":[\"https:\/\/www.sani-spa.fr\/collection\/produit\/bague-de-serrage-2-pour-rechauffeur-gecko\/\"]}]},{\"@type\":\"ImageObject\",\"inLanguage\":\"fr-FR\",\"@id\":\"https:\/\/www.sani-spa.fr\/collection\/produit\/bague-de-serrage-2-pour-rechauffeur-gecko\/#primaryimage\",\"url\":\"https:\/\/www.sani-spa.fr\/collection\/wp-collection\/uploads\/2020\/03\/bague-de-serrage-.jpg\",\"contentUrl\":\"https:\/\/www.sani-spa.fr\/collection\/wp-collection\/uploads\/2020\/03\/bague-de-serrage-.jpg\",\"width\":1000,\"height\":800},{\"@type\":\"BreadcrumbList\",\"@id\":\"https:\/\/www.sani-spa.fr\/collection\/produit\/bague-de-serrage-2-pour-rechauffeur-gecko\/#breadcrumb\",\"itemListElement\":[{\"@type\":\"ListItem\",\"position\":1,\"name\":\"Accueil\",\"item\":\"https:\/\/www.sani-spa.fr\/collection\/\"},{\"@type\":\"ListItem\",\"position\":2,\"name\":\"Sani Spa CollectionPi\u00e8ces D\u00e9tach\u00e9es &amp; Accessoires pour Spas\",\"item\":\"https:\/\/www.sani-spa.fr\/collection\/\"},{\"@type\":\"ListItem\",\"position\":3,\"name\":\"Bague de serrage 2&#8243; pour r\u00e9chauffeur gecko\"}]},{\"@type\":\"WebSite\",\"@id\":\"https:\/\/www.sani-spa.fr\/collection\/#website\",\"url\":\"https:\/\/www.sani-spa.fr\/collection\/\",\"name\":\"Sani Spa Collection\",\"description\":\"Boutique spas &amp; accessoires spa\",\"publisher\":{\"@id\":\"https:\/\/www.sani-spa.fr\/collection\/#organization\"},\"potentialAction\":[{\"@type\":\"SearchAction\",\"target\":{\"@type\":\"EntryPoint\",\"urlTemplate\":\"https:\/\/www.sani-spa.fr\/collection\/?s={search_term_string}\"},\"query-input\":{\"@type\":\"PropertyValueSpecification\",\"valueRequired\":true,\"valueName\":\"search_term_string\"}}],\"inLanguage\":\"fr-FR\"},{\"@type\":\"Organization\",\"@id\":\"https:\/\/www.sani-spa.fr\/collection\/#organization\",\"name\":\"Sani Spa Collection\",\"url\":\"https:\/\/www.sani-spa.fr\/collection\/\",\"logo\":{\"@type\":\"ImageObject\",\"inLanguage\":\"fr-FR\",\"@id\":\"https:\/\/www.sani-spa.fr\/collection\/#\/schema\/logo\/image\/\",\"url\":\"https:\/\/www.sani-spa.fr\/collection\/wp-collection\/uploads\/2017\/10\/logo-sani-spa-collection.png\",\"contentUrl\":\"https:\/\/www.sani-spa.fr\/collection\/wp-collection\/uploads\/2017\/10\/logo-sani-spa-collection.png\",\"width\":231,\"height\":54,\"caption\":\"Sani Spa Collection\"},\"image\":{\"@id\":\"https:\/\/www.sani-spa.fr\/collection\/#\/schema\/logo\/image\/\"},\"sameAs\":[\"https:\/\/www.facebook.com\/sarlsanispa\"]}]}<\/script>\n<!-- \/ Yoast SEO plugin. -->","yoast_head_json":{"title":"Bague de serrage 2\" pour r\u00e9chauffeur gecko | Sani Spa Collection","robots":{"index":"index","follow":"follow","max-snippet":"max-snippet:-1","max-image-preview":"max-image-preview:large","max-video-preview":"max-video-preview:-1"},"canonical":"https:\/\/www.sani-spa.fr\/collection\/produit\/bague-de-serrage-2-pour-rechauffeur-gecko\/","og_locale":"fr_FR","og_type":"article","og_title":"Bague de serrage 2\" pour r\u00e9chauffeur gecko | Sani Spa Collection","og_description":"Caract\u00e9ristiques :\u00a0  Compatible pour les r\u00e9chauffeurs de diam\u00e8tre ext\u00e9rieur 60 mm Diam\u00e8tre int\u00e9rieur du pas de vis de la bague de serrage : 76 mm Diam\u00e8tre ext\u00e9rieur du pas de vis du raccord associ\u00e9 \u00e0 la bague de serrage: 76 mm  Joint pour bague de r\u00e9chauffeur 2\"\u00a0","og_url":"https:\/\/www.sani-spa.fr\/collection\/produit\/bague-de-serrage-2-pour-rechauffeur-gecko\/","og_site_name":"Sani Spa Collection","article_publisher":"https:\/\/www.facebook.com\/sarlsanispa","article_modified_time":"2024-06-13T23:13:53+00:00","og_image":[{"width":1000,"height":800,"url":"http:\/\/www.sani-spa.fr\/collection\/wp-collection\/uploads\/2020\/03\/bague-de-serrage-.jpg","type":"image\/jpeg"}],"twitter_card":"summary_large_image","twitter_misc":{"Dur\u00e9e de lecture estim\u00e9e":"1 minute"},"schema":{"@context":"https:\/\/schema.org","@graph":[{"@type":"WebPage","@id":"https:\/\/www.sani-spa.fr\/collection\/produit\/bague-de-serrage-2-pour-rechauffeur-gecko\/","url":"https:\/\/www.sani-spa.fr\/collection\/produit\/bague-de-serrage-2-pour-rechauffeur-gecko\/","name":"Bague de serrage 2\" pour r\u00e9chauffeur gecko | Sani Spa Collection","isPartOf":{"@id":"https:\/\/www.sani-spa.fr\/collection\/#website"},"primaryImageOfPage":{"@id":"https:\/\/www.sani-spa.fr\/collection\/produit\/bague-de-serrage-2-pour-rechauffeur-gecko\/#primaryimage"},"image":{"@id":"https:\/\/www.sani-spa.fr\/collection\/produit\/bague-de-serrage-2-pour-rechauffeur-gecko\/#primaryimage"},"thumbnailUrl":"https:\/\/www.sani-spa.fr\/collection\/wp-collection\/uploads\/2020\/03\/bague-de-serrage-.jpg","datePublished":"2020-03-30T11:24:12+00:00","dateModified":"2024-06-13T23:13:53+00:00","breadcrumb":{"@id":"https:\/\/www.sani-spa.fr\/collection\/produit\/bague-de-serrage-2-pour-rechauffeur-gecko\/#breadcrumb"},"inLanguage":"fr-FR","potentialAction":[{"@type":"ReadAction","target":["https:\/\/www.sani-spa.fr\/collection\/produit\/bague-de-serrage-2-pour-rechauffeur-gecko\/"]}]},{"@type":"ImageObject","inLanguage":"fr-FR","@id":"https:\/\/www.sani-spa.fr\/collection\/produit\/bague-de-serrage-2-pour-rechauffeur-gecko\/#primaryimage","url":"https:\/\/www.sani-spa.fr\/collection\/wp-collection\/uploads\/2020\/03\/bague-de-serrage-.jpg","contentUrl":"https:\/\/www.sani-spa.fr\/collection\/wp-collection\/uploads\/2020\/03\/bague-de-serrage-.jpg","width":1000,"height":800},{"@type":"BreadcrumbList","@id":"https:\/\/www.sani-spa.fr\/collection\/produit\/bague-de-serrage-2-pour-rechauffeur-gecko\/#breadcrumb","itemListElement":[{"@type":"ListItem","position":1,"name":"Accueil","item":"https:\/\/www.sani-spa.fr\/collection\/"},{"@type":"ListItem","position":2,"name":"Sani Spa CollectionPi\u00e8ces D\u00e9tach\u00e9es &amp; Accessoires pour Spas","item":"https:\/\/www.sani-spa.fr\/collection\/"},{"@type":"ListItem","position":3,"name":"Bague de serrage 2&#8243; pour r\u00e9chauffeur gecko"}]},{"@type":"WebSite","@id":"https:\/\/www.sani-spa.fr\/collection\/#website","url":"https:\/\/www.sani-spa.fr\/collection\/","name":"Sani Spa Collection","description":"Boutique spas &amp; accessoires spa","publisher":{"@id":"https:\/\/www.sani-spa.fr\/collection\/#organization"},"potentialAction":[{"@type":"SearchAction","target":{"@type":"EntryPoint","urlTemplate":"https:\/\/www.sani-spa.fr\/collection\/?s={search_term_string}"},"query-input":{"@type":"PropertyValueSpecification","valueRequired":true,"valueName":"search_term_string"}}],"inLanguage":"fr-FR"},{"@type":"Organization","@id":"https:\/\/www.sani-spa.fr\/collection\/#organization","name":"Sani Spa Collection","url":"https:\/\/www.sani-spa.fr\/collection\/","logo":{"@type":"ImageObject","inLanguage":"fr-FR","@id":"https:\/\/www.sani-spa.fr\/collection\/#\/schema\/logo\/image\/","url":"https:\/\/www.sani-spa.fr\/collection\/wp-collection\/uploads\/2017\/10\/logo-sani-spa-collection.png","contentUrl":"https:\/\/www.sani-spa.fr\/collection\/wp-collection\/uploads\/2017\/10\/logo-sani-spa-collection.png","width":231,"height":54,"caption":"Sani Spa Collection"},"image":{"@id":"https:\/\/www.sani-spa.fr\/collection\/#\/schema\/logo\/image\/"},"sameAs":["https:\/\/www.facebook.com\/sarlsanispa"]}]}},"jetpack_sharing_enabled":true,"_links":{"self":[{"href":"https:\/\/www.sani-spa.fr\/collection\/wp-json\/wp\/v2\/product\/1388","targetHints":{"allow":["GET"]}}],"collection":[{"href":"https:\/\/www.sani-spa.fr\/collection\/wp-json\/wp\/v2\/product"}],"about":[{"href":"https:\/\/www.sani-spa.fr\/collection\/wp-json\/wp\/v2\/types\/product"}],"replies":[{"embeddable":true,"href":"https:\/\/www.sani-spa.fr\/collection\/wp-json\/wp\/v2\/comments?post=1388"}],"wp:featuredmedia":[{"embeddable":true,"href":"https:\/\/www.sani-spa.fr\/collection\/wp-json\/wp\/v2\/media\/1389"}],"wp:attachment":[{"href":"https:\/\/www.sani-spa.fr\/collection\/wp-json\/wp\/v2\/media?parent=1388"}],"wp:term":[{"taxonomy":"product_brand","embeddable":true,"href":"https:\/\/www.sani-spa.fr\/collection\/wp-json\/wp\/v2\/product_brand?post=1388"},{"taxonomy":"product_cat","embeddable":true,"href":"https:\/\/www.sani-spa.fr\/collection\/wp-json\/wp\/v2\/product_cat?post=1388"},{"taxonomy":"product_tag","embeddable":true,"href":"https:\/\/www.sani-spa.fr\/collection\/wp-json\/wp\/v2\/product_tag?post=1388"}],"curies":[{"name":"wp","href":"https:\/\/api.w.org\/{rel}","templated":true}]}}