{"id":1419,"date":"2020-04-01T14:17:24","date_gmt":"2020-04-01T12:17:24","guid":{"rendered":"https:\/\/www.sani-spa.fr\/collection\/?post_type=product&#038;p=1419"},"modified":"2022-11-23T17:26:50","modified_gmt":"2022-11-23T16:26:50","slug":"chlore-lent-1kg-ocecis","status":"publish","type":"product","link":"https:\/\/www.sani-spa.fr\/collection\/produit\/chlore-lent-1kg-ocecis\/","title":{"rendered":"Chlore Lent 1kg Ocecis"},"content":{"rendered":"<p>Retrouvez \u00e9galement notre <a href=\"https:\/\/www.sani-spa.fr\/collection\/produit\/kit-chlore-ocedis\/\"><strong>Kit Chlore complet\u00a0<\/strong><\/a><\/p>\n<p><span id=\"titreProduitChimique\">AVERTISSEMENT RELATIF \u00c0 L&#8217;UTILISATION DE PRODUITS CHIMIQUES :<\/span><\/p>\n<p><strong>ATTENTION, l&#8217;utilisation de produits chimiques est soumise \u00e0 des pr\u00e9cautions particuli\u00e8res sp\u00e9cifi\u00e9es sur leur notice d&#8217;utilisation.<\/strong><br \/>\nVous ne courrez aucun danger si vous respectez les conseils d&#8217;utilisation du fabricant.<br \/>\nN\u00e9anmoins, si vous ne respectez pas les indications de s\u00e9curit\u00e9 sp\u00e9cifi\u00e9es sur la notice, vous vous exposez \u00e0 des risques sanitaires potentiellement importants et pouvant \u00eatre dangereux.<\/p>\n<p><strong>Pr\u00e9cautions d&#8217;utilisation :<\/strong><\/p>\n<ul>\n<li>Il est imp\u00e9ratif de tenir ces produits hors de la port\u00e9e des enfants.<\/li>\n<li>Il est conseill\u00e9 de porter un masque et des gants de protection lorsque vous manipulez des produits chimiques.<\/li>\n<li>En cas de contact avec les yeux, rincer abondamment \u00e0 l&#8217;eau clair.<\/li>\n<li>Il est important de se lavez vous les mains apr\u00e8s chaque utilisation.<\/li>\n<\/ul>\n","protected":false},"excerpt":{"rendered":"<p>Pot de 1kg chlore sous forme de galet de 20g teneur en chlrore 90%<\/p>\n<p>La d\u00e9sinfection de l&#8217;eau via le chlore est la plus efficace. En effet le chlore permet l&#8217;\u00e9limination des algues, champignon ou toutes autres bact\u00e9ries pouvant se d\u00e9velopper dans une eau chaude.<\/p>\n<p>Traitement quotidien : 1 galet de 20g\/m3 toutes les semaines (\u00e0 ajuster en fonction de la fr\u00e9quence d&#8217;utilisation du volume d&#8217;eau)<\/p>\n","protected":false},"featured_media":1420,"comment_status":"open","ping_status":"closed","template":"","meta":[],"product_brand":[],"product_cat":[33,56,71,78,80],"product_tag":[],"class_list":{"0":"post-1419","1":"product","2":"type-product","3":"status-publish","4":"has-post-thumbnail","6":"product_cat-produits-dentretien","7":"product_cat-au-detail","8":"product_cat-desinfection-de-leau-de-votre-spa","9":"product_cat-only-spa","10":"product_cat-produits-dentretien-only-spa","11":"product_shipping_class-produits","13":"first","14":"instock","15":"taxable","16":"shipping-taxable","17":"purchasable","18":"product-type-simple"},"yoast_head":"<!-- This site is optimized with the Yoast SEO plugin v27.0 - https:\/\/yoast.com\/product\/yoast-seo-wordpress\/ -->\n<title>Chlore Lent 1kg Ocecis | Sani Spa Collection<\/title>\n<meta name=\"robots\" content=\"index, follow, max-snippet:-1, max-image-preview:large, max-video-preview:-1\" \/>\n<link rel=\"canonical\" href=\"https:\/\/www.sani-spa.fr\/collection\/produit\/chlore-lent-1kg-ocecis\/\" \/>\n<meta property=\"og:locale\" content=\"fr_FR\" \/>\n<meta property=\"og:type\" content=\"article\" \/>\n<meta property=\"og:title\" content=\"Chlore Lent 1kg Ocecis | Sani Spa Collection\" \/>\n<meta property=\"og:description\" content=\"Pot de 1kg chlore sous forme de galet de 20g teneur en chlrore 90%  La d\u00e9sinfection de l&#039;eau via le chlore est la plus efficace. En effet le chlore permet l&#039;\u00e9limination des algues, champignon ou toutes autres bact\u00e9ries pouvant se d\u00e9velopper dans une eau chaude.  Traitement quotidien : 1 galet de 20g\/m3 toutes les semaines (\u00e0 ajuster en fonction de la fr\u00e9quence d&#039;utilisation du volume d&#039;eau)\" \/>\n<meta property=\"og:url\" content=\"https:\/\/www.sani-spa.fr\/collection\/produit\/chlore-lent-1kg-ocecis\/\" \/>\n<meta property=\"og:site_name\" content=\"Sani Spa Collection\" \/>\n<meta property=\"article:publisher\" content=\"https:\/\/www.facebook.com\/sarlsanispa\" \/>\n<meta property=\"article:modified_time\" content=\"2022-11-23T16:26:50+00:00\" \/>\n<meta property=\"og:image\" content=\"http:\/\/www.sani-spa.fr\/collection\/wp-collection\/uploads\/2020\/04\/chlore-ocedis-1kg-.png\" \/>\n\t<meta property=\"og:image:width\" content=\"440\" \/>\n\t<meta property=\"og:image:height\" content=\"440\" \/>\n\t<meta property=\"og:image:type\" content=\"image\/png\" \/>\n<meta name=\"twitter:card\" content=\"summary_large_image\" \/>\n<meta name=\"twitter:label1\" content=\"Dur\u00e9e de lecture estim\u00e9e\" \/>\n\t<meta name=\"twitter:data1\" content=\"1 minute\" \/>\n<script type=\"application\/ld+json\" class=\"yoast-schema-graph\">{\"@context\":\"https:\/\/schema.org\",\"@graph\":[{\"@type\":\"WebPage\",\"@id\":\"https:\/\/www.sani-spa.fr\/collection\/produit\/chlore-lent-1kg-ocecis\/\",\"url\":\"https:\/\/www.sani-spa.fr\/collection\/produit\/chlore-lent-1kg-ocecis\/\",\"name\":\"Chlore Lent 1kg Ocecis | Sani Spa Collection\",\"isPartOf\":{\"@id\":\"https:\/\/www.sani-spa.fr\/collection\/#website\"},\"primaryImageOfPage\":{\"@id\":\"https:\/\/www.sani-spa.fr\/collection\/produit\/chlore-lent-1kg-ocecis\/#primaryimage\"},\"image\":{\"@id\":\"https:\/\/www.sani-spa.fr\/collection\/produit\/chlore-lent-1kg-ocecis\/#primaryimage\"},\"thumbnailUrl\":\"https:\/\/www.sani-spa.fr\/collection\/wp-collection\/uploads\/2020\/04\/chlore-ocedis-1kg-.png\",\"datePublished\":\"2020-04-01T12:17:24+00:00\",\"dateModified\":\"2022-11-23T16:26:50+00:00\",\"breadcrumb\":{\"@id\":\"https:\/\/www.sani-spa.fr\/collection\/produit\/chlore-lent-1kg-ocecis\/#breadcrumb\"},\"inLanguage\":\"fr-FR\",\"potentialAction\":[{\"@type\":\"ReadAction\",\"target\":[\"https:\/\/www.sani-spa.fr\/collection\/produit\/chlore-lent-1kg-ocecis\/\"]}]},{\"@type\":\"ImageObject\",\"inLanguage\":\"fr-FR\",\"@id\":\"https:\/\/www.sani-spa.fr\/collection\/produit\/chlore-lent-1kg-ocecis\/#primaryimage\",\"url\":\"https:\/\/www.sani-spa.fr\/collection\/wp-collection\/uploads\/2020\/04\/chlore-ocedis-1kg-.png\",\"contentUrl\":\"https:\/\/www.sani-spa.fr\/collection\/wp-collection\/uploads\/2020\/04\/chlore-ocedis-1kg-.png\",\"width\":440,\"height\":440},{\"@type\":\"BreadcrumbList\",\"@id\":\"https:\/\/www.sani-spa.fr\/collection\/produit\/chlore-lent-1kg-ocecis\/#breadcrumb\",\"itemListElement\":[{\"@type\":\"ListItem\",\"position\":1,\"name\":\"Accueil\",\"item\":\"https:\/\/www.sani-spa.fr\/collection\/\"},{\"@type\":\"ListItem\",\"position\":2,\"name\":\"Sani Spa CollectionPi\u00e8ces D\u00e9tach\u00e9es &amp; Accessoires pour Spas\",\"item\":\"https:\/\/www.sani-spa.fr\/collection\/\"},{\"@type\":\"ListItem\",\"position\":3,\"name\":\"Chlore Lent 1kg Ocecis\"}]},{\"@type\":\"WebSite\",\"@id\":\"https:\/\/www.sani-spa.fr\/collection\/#website\",\"url\":\"https:\/\/www.sani-spa.fr\/collection\/\",\"name\":\"Sani Spa Collection\",\"description\":\"Boutique spas &amp; accessoires spa\",\"publisher\":{\"@id\":\"https:\/\/www.sani-spa.fr\/collection\/#organization\"},\"potentialAction\":[{\"@type\":\"SearchAction\",\"target\":{\"@type\":\"EntryPoint\",\"urlTemplate\":\"https:\/\/www.sani-spa.fr\/collection\/?s={search_term_string}\"},\"query-input\":{\"@type\":\"PropertyValueSpecification\",\"valueRequired\":true,\"valueName\":\"search_term_string\"}}],\"inLanguage\":\"fr-FR\"},{\"@type\":\"Organization\",\"@id\":\"https:\/\/www.sani-spa.fr\/collection\/#organization\",\"name\":\"Sani Spa Collection\",\"url\":\"https:\/\/www.sani-spa.fr\/collection\/\",\"logo\":{\"@type\":\"ImageObject\",\"inLanguage\":\"fr-FR\",\"@id\":\"https:\/\/www.sani-spa.fr\/collection\/#\/schema\/logo\/image\/\",\"url\":\"https:\/\/www.sani-spa.fr\/collection\/wp-collection\/uploads\/2017\/10\/logo-sani-spa-collection.png\",\"contentUrl\":\"https:\/\/www.sani-spa.fr\/collection\/wp-collection\/uploads\/2017\/10\/logo-sani-spa-collection.png\",\"width\":231,\"height\":54,\"caption\":\"Sani Spa Collection\"},\"image\":{\"@id\":\"https:\/\/www.sani-spa.fr\/collection\/#\/schema\/logo\/image\/\"},\"sameAs\":[\"https:\/\/www.facebook.com\/sarlsanispa\"]}]}<\/script>\n<!-- \/ Yoast SEO plugin. -->","yoast_head_json":{"title":"Chlore Lent 1kg Ocecis | Sani Spa Collection","robots":{"index":"index","follow":"follow","max-snippet":"max-snippet:-1","max-image-preview":"max-image-preview:large","max-video-preview":"max-video-preview:-1"},"canonical":"https:\/\/www.sani-spa.fr\/collection\/produit\/chlore-lent-1kg-ocecis\/","og_locale":"fr_FR","og_type":"article","og_title":"Chlore Lent 1kg Ocecis | Sani Spa Collection","og_description":"Pot de 1kg chlore sous forme de galet de 20g teneur en chlrore 90%  La d\u00e9sinfection de l'eau via le chlore est la plus efficace. En effet le chlore permet l'\u00e9limination des algues, champignon ou toutes autres bact\u00e9ries pouvant se d\u00e9velopper dans une eau chaude.  Traitement quotidien : 1 galet de 20g\/m3 toutes les semaines (\u00e0 ajuster en fonction de la fr\u00e9quence d'utilisation du volume d'eau)","og_url":"https:\/\/www.sani-spa.fr\/collection\/produit\/chlore-lent-1kg-ocecis\/","og_site_name":"Sani Spa Collection","article_publisher":"https:\/\/www.facebook.com\/sarlsanispa","article_modified_time":"2022-11-23T16:26:50+00:00","og_image":[{"width":440,"height":440,"url":"http:\/\/www.sani-spa.fr\/collection\/wp-collection\/uploads\/2020\/04\/chlore-ocedis-1kg-.png","type":"image\/png"}],"twitter_card":"summary_large_image","twitter_misc":{"Dur\u00e9e de lecture estim\u00e9e":"1 minute"},"schema":{"@context":"https:\/\/schema.org","@graph":[{"@type":"WebPage","@id":"https:\/\/www.sani-spa.fr\/collection\/produit\/chlore-lent-1kg-ocecis\/","url":"https:\/\/www.sani-spa.fr\/collection\/produit\/chlore-lent-1kg-ocecis\/","name":"Chlore Lent 1kg Ocecis | Sani Spa Collection","isPartOf":{"@id":"https:\/\/www.sani-spa.fr\/collection\/#website"},"primaryImageOfPage":{"@id":"https:\/\/www.sani-spa.fr\/collection\/produit\/chlore-lent-1kg-ocecis\/#primaryimage"},"image":{"@id":"https:\/\/www.sani-spa.fr\/collection\/produit\/chlore-lent-1kg-ocecis\/#primaryimage"},"thumbnailUrl":"https:\/\/www.sani-spa.fr\/collection\/wp-collection\/uploads\/2020\/04\/chlore-ocedis-1kg-.png","datePublished":"2020-04-01T12:17:24+00:00","dateModified":"2022-11-23T16:26:50+00:00","breadcrumb":{"@id":"https:\/\/www.sani-spa.fr\/collection\/produit\/chlore-lent-1kg-ocecis\/#breadcrumb"},"inLanguage":"fr-FR","potentialAction":[{"@type":"ReadAction","target":["https:\/\/www.sani-spa.fr\/collection\/produit\/chlore-lent-1kg-ocecis\/"]}]},{"@type":"ImageObject","inLanguage":"fr-FR","@id":"https:\/\/www.sani-spa.fr\/collection\/produit\/chlore-lent-1kg-ocecis\/#primaryimage","url":"https:\/\/www.sani-spa.fr\/collection\/wp-collection\/uploads\/2020\/04\/chlore-ocedis-1kg-.png","contentUrl":"https:\/\/www.sani-spa.fr\/collection\/wp-collection\/uploads\/2020\/04\/chlore-ocedis-1kg-.png","width":440,"height":440},{"@type":"BreadcrumbList","@id":"https:\/\/www.sani-spa.fr\/collection\/produit\/chlore-lent-1kg-ocecis\/#breadcrumb","itemListElement":[{"@type":"ListItem","position":1,"name":"Accueil","item":"https:\/\/www.sani-spa.fr\/collection\/"},{"@type":"ListItem","position":2,"name":"Sani Spa CollectionPi\u00e8ces D\u00e9tach\u00e9es &amp; Accessoires pour Spas","item":"https:\/\/www.sani-spa.fr\/collection\/"},{"@type":"ListItem","position":3,"name":"Chlore Lent 1kg Ocecis"}]},{"@type":"WebSite","@id":"https:\/\/www.sani-spa.fr\/collection\/#website","url":"https:\/\/www.sani-spa.fr\/collection\/","name":"Sani Spa Collection","description":"Boutique spas &amp; accessoires spa","publisher":{"@id":"https:\/\/www.sani-spa.fr\/collection\/#organization"},"potentialAction":[{"@type":"SearchAction","target":{"@type":"EntryPoint","urlTemplate":"https:\/\/www.sani-spa.fr\/collection\/?s={search_term_string}"},"query-input":{"@type":"PropertyValueSpecification","valueRequired":true,"valueName":"search_term_string"}}],"inLanguage":"fr-FR"},{"@type":"Organization","@id":"https:\/\/www.sani-spa.fr\/collection\/#organization","name":"Sani Spa Collection","url":"https:\/\/www.sani-spa.fr\/collection\/","logo":{"@type":"ImageObject","inLanguage":"fr-FR","@id":"https:\/\/www.sani-spa.fr\/collection\/#\/schema\/logo\/image\/","url":"https:\/\/www.sani-spa.fr\/collection\/wp-collection\/uploads\/2017\/10\/logo-sani-spa-collection.png","contentUrl":"https:\/\/www.sani-spa.fr\/collection\/wp-collection\/uploads\/2017\/10\/logo-sani-spa-collection.png","width":231,"height":54,"caption":"Sani Spa Collection"},"image":{"@id":"https:\/\/www.sani-spa.fr\/collection\/#\/schema\/logo\/image\/"},"sameAs":["https:\/\/www.facebook.com\/sarlsanispa"]}]}},"jetpack_sharing_enabled":true,"_links":{"self":[{"href":"https:\/\/www.sani-spa.fr\/collection\/wp-json\/wp\/v2\/product\/1419","targetHints":{"allow":["GET"]}}],"collection":[{"href":"https:\/\/www.sani-spa.fr\/collection\/wp-json\/wp\/v2\/product"}],"about":[{"href":"https:\/\/www.sani-spa.fr\/collection\/wp-json\/wp\/v2\/types\/product"}],"replies":[{"embeddable":true,"href":"https:\/\/www.sani-spa.fr\/collection\/wp-json\/wp\/v2\/comments?post=1419"}],"wp:featuredmedia":[{"embeddable":true,"href":"https:\/\/www.sani-spa.fr\/collection\/wp-json\/wp\/v2\/media\/1420"}],"wp:attachment":[{"href":"https:\/\/www.sani-spa.fr\/collection\/wp-json\/wp\/v2\/media?parent=1419"}],"wp:term":[{"taxonomy":"product_brand","embeddable":true,"href":"https:\/\/www.sani-spa.fr\/collection\/wp-json\/wp\/v2\/product_brand?post=1419"},{"taxonomy":"product_cat","embeddable":true,"href":"https:\/\/www.sani-spa.fr\/collection\/wp-json\/wp\/v2\/product_cat?post=1419"},{"taxonomy":"product_tag","embeddable":true,"href":"https:\/\/www.sani-spa.fr\/collection\/wp-json\/wp\/v2\/product_tag?post=1419"}],"curies":[{"name":"wp","href":"https:\/\/api.w.org\/{rel}","templated":true}]}}