{"id":1454,"date":"2020-04-01T15:15:23","date_gmt":"2020-04-01T13:15:23","guid":{"rendered":"https:\/\/www.sani-spa.fr\/collection\/?post_type=product&#038;p=1454"},"modified":"2023-05-14T13:17:15","modified_gmt":"2023-05-14T11:17:15","slug":"huiles-essentielles-velours-de-spa-fleurs-doranger","status":"publish","type":"product","link":"https:\/\/www.sani-spa.fr\/collection\/produit\/huiles-essentielles-velours-de-spa-fleurs-doranger\/","title":{"rendered":"Huiles Essentielles Velours de Spa Fleurs d&#8217;Oranger"},"content":{"rendered":"<p>La gamme Parfum de Velours a \u00e9t\u00e9 con\u00e7u sp\u00e9cifiquement pour le spa. Il n&#8217;abime et n&#8217;encrasse en aucun cas vos canalisations et vos filtres.<\/p>\n<p>Il est important tout de m\u00eame de respecter le dosage indiqu\u00e9.<\/p>\n","protected":false},"excerpt":{"rendered":"<div id=\"tab-two\" class=\"tab-pane active\">\n<p>\u00c9vacuez tout votre Stresse en Optant pour le parfum d&#8217;huiles essentielles de fleur d&#8217;oranger.<\/p>\n<p><strong>Utilisation:<\/strong><\/p>\n<p>Parfaitement soluble dans l&#8217;eau, versez 2 \u00e0 3 bouchons directement dans l&#8217;eau de votre spa (pour un spa d&#8217;une contenance moyenne de 1500 litres).<\/p>\n<\/div>\n<div class=\"liresuite\">Contenance du flacon : 250mL<\/div>\n","protected":false},"featured_media":1451,"comment_status":"open","ping_status":"closed","template":"","meta":[],"product_brand":[],"product_cat":[33,56,57,82],"product_tag":[],"class_list":{"0":"post-1454","1":"product","2":"type-product","3":"status-publish","4":"has-post-thumbnail","6":"product_cat-produits-dentretien","7":"product_cat-au-detail","8":"product_cat-senteurs","9":"product_cat-senteurs-et-parfums-only-spa","10":"product_shipping_class-produits","12":"first","13":"instock","14":"taxable","15":"shipping-taxable","16":"purchasable","17":"product-type-simple"},"yoast_head":"<!-- This site is optimized with the Yoast SEO plugin v27.0 - https:\/\/yoast.com\/product\/yoast-seo-wordpress\/ -->\n<title>Huiles Essentielles Velours de Spa Fleurs d&#039;Oranger | Sani Spa Collection<\/title>\n<meta name=\"robots\" content=\"index, follow, max-snippet:-1, max-image-preview:large, max-video-preview:-1\" \/>\n<link rel=\"canonical\" href=\"https:\/\/www.sani-spa.fr\/collection\/produit\/huiles-essentielles-velours-de-spa-fleurs-doranger\/\" \/>\n<meta property=\"og:locale\" content=\"fr_FR\" \/>\n<meta property=\"og:type\" content=\"article\" \/>\n<meta property=\"og:title\" content=\"Huiles Essentielles Velours de Spa Fleurs d&#039;Oranger | Sani Spa Collection\" \/>\n<meta property=\"og:description\" content=\"\u00c9vacuez tout votre Stresse en Optant pour le parfum d&#039;huiles essentielles de fleur d&#039;oranger.  Utilisation:  Parfaitement soluble dans l&#039;eau, versez 2 \u00e0 3 bouchons directement dans l&#039;eau de votre spa (pour un spa d&#039;une contenance moyenne de 1500 litres).   Contenance du flacon : 250mL\" \/>\n<meta property=\"og:url\" content=\"https:\/\/www.sani-spa.fr\/collection\/produit\/huiles-essentielles-velours-de-spa-fleurs-doranger\/\" \/>\n<meta property=\"og:site_name\" content=\"Sani Spa Collection\" \/>\n<meta property=\"article:publisher\" content=\"https:\/\/www.facebook.com\/sarlsanispa\" \/>\n<meta property=\"article:modified_time\" content=\"2023-05-14T11:17:15+00:00\" \/>\n<meta property=\"og:image\" content=\"http:\/\/www.sani-spa.fr\/collection\/wp-collection\/uploads\/2020\/04\/spa_bien-etre_VELOURS-DE-SPA-3828.jpg\" \/>\n\t<meta property=\"og:image:width\" content=\"370\" \/>\n\t<meta property=\"og:image:height\" content=\"394\" \/>\n\t<meta property=\"og:image:type\" content=\"image\/jpeg\" \/>\n<meta name=\"twitter:card\" content=\"summary_large_image\" \/>\n<script type=\"application\/ld+json\" class=\"yoast-schema-graph\">{\"@context\":\"https:\/\/schema.org\",\"@graph\":[{\"@type\":\"WebPage\",\"@id\":\"https:\/\/www.sani-spa.fr\/collection\/produit\/huiles-essentielles-velours-de-spa-fleurs-doranger\/\",\"url\":\"https:\/\/www.sani-spa.fr\/collection\/produit\/huiles-essentielles-velours-de-spa-fleurs-doranger\/\",\"name\":\"Huiles Essentielles Velours de Spa Fleurs d'Oranger | Sani Spa Collection\",\"isPartOf\":{\"@id\":\"https:\/\/www.sani-spa.fr\/collection\/#website\"},\"primaryImageOfPage\":{\"@id\":\"https:\/\/www.sani-spa.fr\/collection\/produit\/huiles-essentielles-velours-de-spa-fleurs-doranger\/#primaryimage\"},\"image\":{\"@id\":\"https:\/\/www.sani-spa.fr\/collection\/produit\/huiles-essentielles-velours-de-spa-fleurs-doranger\/#primaryimage\"},\"thumbnailUrl\":\"https:\/\/www.sani-spa.fr\/collection\/wp-collection\/uploads\/2020\/04\/spa_bien-etre_VELOURS-DE-SPA-3828.jpg\",\"datePublished\":\"2020-04-01T13:15:23+00:00\",\"dateModified\":\"2023-05-14T11:17:15+00:00\",\"breadcrumb\":{\"@id\":\"https:\/\/www.sani-spa.fr\/collection\/produit\/huiles-essentielles-velours-de-spa-fleurs-doranger\/#breadcrumb\"},\"inLanguage\":\"fr-FR\",\"potentialAction\":[{\"@type\":\"ReadAction\",\"target\":[\"https:\/\/www.sani-spa.fr\/collection\/produit\/huiles-essentielles-velours-de-spa-fleurs-doranger\/\"]}]},{\"@type\":\"ImageObject\",\"inLanguage\":\"fr-FR\",\"@id\":\"https:\/\/www.sani-spa.fr\/collection\/produit\/huiles-essentielles-velours-de-spa-fleurs-doranger\/#primaryimage\",\"url\":\"https:\/\/www.sani-spa.fr\/collection\/wp-collection\/uploads\/2020\/04\/spa_bien-etre_VELOURS-DE-SPA-3828.jpg\",\"contentUrl\":\"https:\/\/www.sani-spa.fr\/collection\/wp-collection\/uploads\/2020\/04\/spa_bien-etre_VELOURS-DE-SPA-3828.jpg\",\"width\":370,\"height\":394},{\"@type\":\"BreadcrumbList\",\"@id\":\"https:\/\/www.sani-spa.fr\/collection\/produit\/huiles-essentielles-velours-de-spa-fleurs-doranger\/#breadcrumb\",\"itemListElement\":[{\"@type\":\"ListItem\",\"position\":1,\"name\":\"Accueil\",\"item\":\"https:\/\/www.sani-spa.fr\/collection\/\"},{\"@type\":\"ListItem\",\"position\":2,\"name\":\"Sani Spa CollectionPi\u00e8ces D\u00e9tach\u00e9es &amp; Accessoires pour Spas\",\"item\":\"https:\/\/www.sani-spa.fr\/collection\/\"},{\"@type\":\"ListItem\",\"position\":3,\"name\":\"Huiles Essentielles Velours de Spa Fleurs d&#8217;Oranger\"}]},{\"@type\":\"WebSite\",\"@id\":\"https:\/\/www.sani-spa.fr\/collection\/#website\",\"url\":\"https:\/\/www.sani-spa.fr\/collection\/\",\"name\":\"Sani Spa Collection\",\"description\":\"Boutique spas &amp; accessoires spa\",\"publisher\":{\"@id\":\"https:\/\/www.sani-spa.fr\/collection\/#organization\"},\"potentialAction\":[{\"@type\":\"SearchAction\",\"target\":{\"@type\":\"EntryPoint\",\"urlTemplate\":\"https:\/\/www.sani-spa.fr\/collection\/?s={search_term_string}\"},\"query-input\":{\"@type\":\"PropertyValueSpecification\",\"valueRequired\":true,\"valueName\":\"search_term_string\"}}],\"inLanguage\":\"fr-FR\"},{\"@type\":\"Organization\",\"@id\":\"https:\/\/www.sani-spa.fr\/collection\/#organization\",\"name\":\"Sani Spa Collection\",\"url\":\"https:\/\/www.sani-spa.fr\/collection\/\",\"logo\":{\"@type\":\"ImageObject\",\"inLanguage\":\"fr-FR\",\"@id\":\"https:\/\/www.sani-spa.fr\/collection\/#\/schema\/logo\/image\/\",\"url\":\"https:\/\/www.sani-spa.fr\/collection\/wp-collection\/uploads\/2017\/10\/logo-sani-spa-collection.png\",\"contentUrl\":\"https:\/\/www.sani-spa.fr\/collection\/wp-collection\/uploads\/2017\/10\/logo-sani-spa-collection.png\",\"width\":231,\"height\":54,\"caption\":\"Sani Spa Collection\"},\"image\":{\"@id\":\"https:\/\/www.sani-spa.fr\/collection\/#\/schema\/logo\/image\/\"},\"sameAs\":[\"https:\/\/www.facebook.com\/sarlsanispa\"]}]}<\/script>\n<!-- \/ Yoast SEO plugin. -->","yoast_head_json":{"title":"Huiles Essentielles Velours de Spa Fleurs d'Oranger | Sani Spa Collection","robots":{"index":"index","follow":"follow","max-snippet":"max-snippet:-1","max-image-preview":"max-image-preview:large","max-video-preview":"max-video-preview:-1"},"canonical":"https:\/\/www.sani-spa.fr\/collection\/produit\/huiles-essentielles-velours-de-spa-fleurs-doranger\/","og_locale":"fr_FR","og_type":"article","og_title":"Huiles Essentielles Velours de Spa Fleurs d'Oranger | Sani Spa Collection","og_description":"\u00c9vacuez tout votre Stresse en Optant pour le parfum d'huiles essentielles de fleur d'oranger.  Utilisation:  Parfaitement soluble dans l'eau, versez 2 \u00e0 3 bouchons directement dans l'eau de votre spa (pour un spa d'une contenance moyenne de 1500 litres).   Contenance du flacon : 250mL","og_url":"https:\/\/www.sani-spa.fr\/collection\/produit\/huiles-essentielles-velours-de-spa-fleurs-doranger\/","og_site_name":"Sani Spa Collection","article_publisher":"https:\/\/www.facebook.com\/sarlsanispa","article_modified_time":"2023-05-14T11:17:15+00:00","og_image":[{"width":370,"height":394,"url":"http:\/\/www.sani-spa.fr\/collection\/wp-collection\/uploads\/2020\/04\/spa_bien-etre_VELOURS-DE-SPA-3828.jpg","type":"image\/jpeg"}],"twitter_card":"summary_large_image","schema":{"@context":"https:\/\/schema.org","@graph":[{"@type":"WebPage","@id":"https:\/\/www.sani-spa.fr\/collection\/produit\/huiles-essentielles-velours-de-spa-fleurs-doranger\/","url":"https:\/\/www.sani-spa.fr\/collection\/produit\/huiles-essentielles-velours-de-spa-fleurs-doranger\/","name":"Huiles Essentielles Velours de Spa Fleurs d'Oranger | Sani Spa Collection","isPartOf":{"@id":"https:\/\/www.sani-spa.fr\/collection\/#website"},"primaryImageOfPage":{"@id":"https:\/\/www.sani-spa.fr\/collection\/produit\/huiles-essentielles-velours-de-spa-fleurs-doranger\/#primaryimage"},"image":{"@id":"https:\/\/www.sani-spa.fr\/collection\/produit\/huiles-essentielles-velours-de-spa-fleurs-doranger\/#primaryimage"},"thumbnailUrl":"https:\/\/www.sani-spa.fr\/collection\/wp-collection\/uploads\/2020\/04\/spa_bien-etre_VELOURS-DE-SPA-3828.jpg","datePublished":"2020-04-01T13:15:23+00:00","dateModified":"2023-05-14T11:17:15+00:00","breadcrumb":{"@id":"https:\/\/www.sani-spa.fr\/collection\/produit\/huiles-essentielles-velours-de-spa-fleurs-doranger\/#breadcrumb"},"inLanguage":"fr-FR","potentialAction":[{"@type":"ReadAction","target":["https:\/\/www.sani-spa.fr\/collection\/produit\/huiles-essentielles-velours-de-spa-fleurs-doranger\/"]}]},{"@type":"ImageObject","inLanguage":"fr-FR","@id":"https:\/\/www.sani-spa.fr\/collection\/produit\/huiles-essentielles-velours-de-spa-fleurs-doranger\/#primaryimage","url":"https:\/\/www.sani-spa.fr\/collection\/wp-collection\/uploads\/2020\/04\/spa_bien-etre_VELOURS-DE-SPA-3828.jpg","contentUrl":"https:\/\/www.sani-spa.fr\/collection\/wp-collection\/uploads\/2020\/04\/spa_bien-etre_VELOURS-DE-SPA-3828.jpg","width":370,"height":394},{"@type":"BreadcrumbList","@id":"https:\/\/www.sani-spa.fr\/collection\/produit\/huiles-essentielles-velours-de-spa-fleurs-doranger\/#breadcrumb","itemListElement":[{"@type":"ListItem","position":1,"name":"Accueil","item":"https:\/\/www.sani-spa.fr\/collection\/"},{"@type":"ListItem","position":2,"name":"Sani Spa CollectionPi\u00e8ces D\u00e9tach\u00e9es &amp; Accessoires pour Spas","item":"https:\/\/www.sani-spa.fr\/collection\/"},{"@type":"ListItem","position":3,"name":"Huiles Essentielles Velours de Spa Fleurs d&#8217;Oranger"}]},{"@type":"WebSite","@id":"https:\/\/www.sani-spa.fr\/collection\/#website","url":"https:\/\/www.sani-spa.fr\/collection\/","name":"Sani Spa Collection","description":"Boutique spas &amp; accessoires spa","publisher":{"@id":"https:\/\/www.sani-spa.fr\/collection\/#organization"},"potentialAction":[{"@type":"SearchAction","target":{"@type":"EntryPoint","urlTemplate":"https:\/\/www.sani-spa.fr\/collection\/?s={search_term_string}"},"query-input":{"@type":"PropertyValueSpecification","valueRequired":true,"valueName":"search_term_string"}}],"inLanguage":"fr-FR"},{"@type":"Organization","@id":"https:\/\/www.sani-spa.fr\/collection\/#organization","name":"Sani Spa Collection","url":"https:\/\/www.sani-spa.fr\/collection\/","logo":{"@type":"ImageObject","inLanguage":"fr-FR","@id":"https:\/\/www.sani-spa.fr\/collection\/#\/schema\/logo\/image\/","url":"https:\/\/www.sani-spa.fr\/collection\/wp-collection\/uploads\/2017\/10\/logo-sani-spa-collection.png","contentUrl":"https:\/\/www.sani-spa.fr\/collection\/wp-collection\/uploads\/2017\/10\/logo-sani-spa-collection.png","width":231,"height":54,"caption":"Sani Spa Collection"},"image":{"@id":"https:\/\/www.sani-spa.fr\/collection\/#\/schema\/logo\/image\/"},"sameAs":["https:\/\/www.facebook.com\/sarlsanispa"]}]}},"jetpack_sharing_enabled":true,"_links":{"self":[{"href":"https:\/\/www.sani-spa.fr\/collection\/wp-json\/wp\/v2\/product\/1454","targetHints":{"allow":["GET"]}}],"collection":[{"href":"https:\/\/www.sani-spa.fr\/collection\/wp-json\/wp\/v2\/product"}],"about":[{"href":"https:\/\/www.sani-spa.fr\/collection\/wp-json\/wp\/v2\/types\/product"}],"replies":[{"embeddable":true,"href":"https:\/\/www.sani-spa.fr\/collection\/wp-json\/wp\/v2\/comments?post=1454"}],"wp:featuredmedia":[{"embeddable":true,"href":"https:\/\/www.sani-spa.fr\/collection\/wp-json\/wp\/v2\/media\/1451"}],"wp:attachment":[{"href":"https:\/\/www.sani-spa.fr\/collection\/wp-json\/wp\/v2\/media?parent=1454"}],"wp:term":[{"taxonomy":"product_brand","embeddable":true,"href":"https:\/\/www.sani-spa.fr\/collection\/wp-json\/wp\/v2\/product_brand?post=1454"},{"taxonomy":"product_cat","embeddable":true,"href":"https:\/\/www.sani-spa.fr\/collection\/wp-json\/wp\/v2\/product_cat?post=1454"},{"taxonomy":"product_tag","embeddable":true,"href":"https:\/\/www.sani-spa.fr\/collection\/wp-json\/wp\/v2\/product_tag?post=1454"}],"curies":[{"name":"wp","href":"https:\/\/api.w.org\/{rel}","templated":true}]}}