{"id":1724,"date":"2020-04-06T17:16:01","date_gmt":"2020-04-06T15:16:01","guid":{"rendered":"https:\/\/www.sani-spa.fr\/collection\/?post_type=product&#038;p=1724"},"modified":"2022-11-29T14:46:11","modified_gmt":"2022-11-29T13:46:11","slug":"boitier-de-controle-kl8300-pour-spa","status":"publish","type":"product","link":"https:\/\/www.sani-spa.fr\/collection\/produit\/boitier-de-controle-kl8300-pour-spa\/","title":{"rendered":"Boitier de contr\u00f4le KL8300 pour spa"},"content":{"rendered":"<p>Boitier de contr\u00f4le Ethink KL8300 B26A<\/p>\n<p>Ce boitier de contr\u00f4le peut accueillir :<\/p>\n<ul>\n<li>Jusque 3 pompes de massage<\/li>\n<li><a href=\"https:\/\/www.sani-spa.fr\/collection\/categorie-produit\/pieces-detachees\/pompes-circulation\/\">1 pompe de circulation<\/a><\/li>\n<li><a href=\"https:\/\/www.sani-spa.fr\/collection\/categorie-produit\/pieces-detachees\/blower\/\">1 Blower<\/a><\/li>\n<li>1 ozonateur 220-240v<\/li>\n<li>Syst\u00e8me d&#8217;\u00e9clairage LED Ethink ou LED Jazzi<\/li>\n<li><a href=\"https:\/\/www.sani-spa.fr\/collection\/categorie-produit\/pieces-detachees\/rechauffeur-pour-spa\/lx-whirlpool\/\">2 R\u00e9chauffeurs de 3kw en 220v<\/a><\/li>\n<\/ul>\n<p>Garantie 1 an<\/p>\n","protected":false},"excerpt":{"rendered":"<p>Boitier de contr\u00f4le Ethink KL8300 ou B26A<\/p>\n<p>Tr\u00e8s pr\u00e9sent sur les spas de fabrication asiatique<\/p>\n<p>Les sondes de temp\u00e9rature et de niveau d&#8217;eau sont incluses avec le boitier.<\/p>\n<p><a href=\"https:\/\/www.sani-spa.fr\/collection\/produit\/clavier-de-controle-kl8-3ah\/\">Clavier disponible ici\u00a0<\/a><\/p>\n<p style=\"text-align: left;\">Les trois types de connexion d&#8217;\u00e9clairage sont \u00e9galement fournies (JAZZI \/ Universelle \/ Ethink)<\/p>\n[caption id=\"attachment_1727\" align=\"alignleft\" width=\"100\"]<img decoding=\"async\" class=\"wp-image-1727 \" src=\"https:\/\/www.sani-spa.fr\/collection\/wp-collection\/uploads\/2020\/04\/jazzi-ethink-150.jpg\" alt=\"\" width=\"100\" height=\"100\" srcset=\"https:\/\/www.sani-spa.fr\/collection\/wp-collection\/uploads\/2020\/04\/jazzi-ethink-150.jpg 150w, https:\/\/www.sani-spa.fr\/collection\/wp-collection\/uploads\/2020\/04\/jazzi-ethink-150-100x100.jpg 100w\" sizes=\"(max-width: 100px) 100vw, 100px\" \/> JAZZI[\/caption]\n[caption id=\"attachment_1728\" align=\"alignleft\" width=\"100\"]<img decoding=\"async\" class=\"wp-image-1728\" src=\"https:\/\/www.sani-spa.fr\/collection\/wp-collection\/uploads\/2020\/04\/conection-led-ethink.jpg\" alt=\"\" width=\"100\" height=\"100\" srcset=\"https:\/\/www.sani-spa.fr\/collection\/wp-collection\/uploads\/2020\/04\/conection-led-ethink.jpg 800w, https:\/\/www.sani-spa.fr\/collection\/wp-collection\/uploads\/2020\/04\/conection-led-ethink-324x324.jpg 324w, https:\/\/www.sani-spa.fr\/collection\/wp-collection\/uploads\/2020\/04\/conection-led-ethink-100x100.jpg 100w, https:\/\/www.sani-spa.fr\/collection\/wp-collection\/uploads\/2020\/04\/conection-led-ethink-416x416.jpg 416w, https:\/\/www.sani-spa.fr\/collection\/wp-collection\/uploads\/2020\/04\/conection-led-ethink-150x150.jpg 150w, https:\/\/www.sani-spa.fr\/collection\/wp-collection\/uploads\/2020\/04\/conection-led-ethink-300x300.jpg 300w, https:\/\/www.sani-spa.fr\/collection\/wp-collection\/uploads\/2020\/04\/conection-led-ethink-768x768.jpg 768w, https:\/\/www.sani-spa.fr\/collection\/wp-collection\/uploads\/2020\/04\/conection-led-ethink-180x180.jpg 180w, https:\/\/www.sani-spa.fr\/collection\/wp-collection\/uploads\/2020\/04\/conection-led-ethink-600x600.jpg 600w\" sizes=\"(max-width: 100px) 100vw, 100px\" \/> ETHINK[\/caption]\n[caption id=\"attachment_1729\" align=\"alignleft\" width=\"101\"]<img decoding=\"async\" class=\"wp-image-1729 \" src=\"https:\/\/www.sani-spa.fr\/collection\/wp-collection\/uploads\/2020\/04\/universelle-ethink-150.jpg\" alt=\"\" width=\"101\" height=\"101\" srcset=\"https:\/\/www.sani-spa.fr\/collection\/wp-collection\/uploads\/2020\/04\/universelle-ethink-150.jpg 150w, https:\/\/www.sani-spa.fr\/collection\/wp-collection\/uploads\/2020\/04\/universelle-ethink-150-100x100.jpg 100w\" sizes=\"(max-width: 101px) 100vw, 101px\" \/> UNIVERSELLE[\/caption]\n","protected":false},"featured_media":1722,"comment_status":"open","ping_status":"closed","template":"","meta":[],"product_brand":[],"product_cat":[27,69],"product_tag":[],"class_list":{"0":"post-1724","1":"product","2":"type-product","3":"status-publish","4":"has-post-thumbnail","6":"product_cat-boitier-controle","7":"product_cat-autres-boitiers","8":"product_shipping_class-pack-de-controle","10":"first","11":"instock","12":"taxable","13":"shipping-taxable","14":"purchasable","15":"product-type-simple"},"yoast_head":"<!-- This site is optimized with the Yoast SEO plugin v27.0 - https:\/\/yoast.com\/product\/yoast-seo-wordpress\/ -->\n<title>Boitier de contr\u00f4le KL8300 pour spa | Sani Spa Collection<\/title>\n<meta name=\"robots\" content=\"index, follow, max-snippet:-1, max-image-preview:large, max-video-preview:-1\" \/>\n<link rel=\"canonical\" href=\"https:\/\/www.sani-spa.fr\/collection\/produit\/boitier-de-controle-kl8300-pour-spa\/\" \/>\n<meta property=\"og:locale\" content=\"fr_FR\" \/>\n<meta property=\"og:type\" content=\"article\" \/>\n<meta property=\"og:title\" content=\"Boitier de contr\u00f4le KL8300 pour spa | Sani Spa Collection\" \/>\n<meta property=\"og:description\" content=\"Boitier de contr\u00f4le Ethink KL8300 ou B26A  Tr\u00e8s pr\u00e9sent sur les spas de fabrication asiatique  Les sondes de temp\u00e9rature et de niveau d&#039;eau sont incluses avec le boitier.  Clavier disponible ici\u00a0 Les trois types de connexion d&#039;\u00e9clairage sont \u00e9galement fournies (JAZZI \/ Universelle \/ Ethink)\" \/>\n<meta property=\"og:url\" content=\"https:\/\/www.sani-spa.fr\/collection\/produit\/boitier-de-controle-kl8300-pour-spa\/\" \/>\n<meta property=\"og:site_name\" content=\"Sani Spa Collection\" \/>\n<meta property=\"article:publisher\" content=\"https:\/\/www.facebook.com\/sarlsanispa\" \/>\n<meta property=\"article:modified_time\" content=\"2022-11-29T13:46:11+00:00\" \/>\n<meta property=\"og:image\" content=\"https:\/\/www.sani-spa.fr\/collection\/wp-collection\/uploads\/2020\/04\/kl8-800x800-2.jpg\" \/>\n\t<meta property=\"og:image:width\" content=\"300\" \/>\n\t<meta property=\"og:image:height\" content=\"300\" \/>\n\t<meta property=\"og:image:type\" content=\"image\/jpeg\" \/>\n<meta name=\"twitter:card\" content=\"summary_large_image\" \/>\n<script type=\"application\/ld+json\" class=\"yoast-schema-graph\">{\"@context\":\"https:\/\/schema.org\",\"@graph\":[{\"@type\":\"WebPage\",\"@id\":\"https:\/\/www.sani-spa.fr\/collection\/produit\/boitier-de-controle-kl8300-pour-spa\/\",\"url\":\"https:\/\/www.sani-spa.fr\/collection\/produit\/boitier-de-controle-kl8300-pour-spa\/\",\"name\":\"Boitier de contr\u00f4le KL8300 pour spa | Sani Spa Collection\",\"isPartOf\":{\"@id\":\"https:\/\/www.sani-spa.fr\/collection\/#website\"},\"primaryImageOfPage\":{\"@id\":\"https:\/\/www.sani-spa.fr\/collection\/produit\/boitier-de-controle-kl8300-pour-spa\/#primaryimage\"},\"image\":{\"@id\":\"https:\/\/www.sani-spa.fr\/collection\/produit\/boitier-de-controle-kl8300-pour-spa\/#primaryimage\"},\"thumbnailUrl\":\"https:\/\/www.sani-spa.fr\/collection\/wp-collection\/uploads\/2020\/04\/kl8-800x800-2.jpg\",\"datePublished\":\"2020-04-06T15:16:01+00:00\",\"dateModified\":\"2022-11-29T13:46:11+00:00\",\"breadcrumb\":{\"@id\":\"https:\/\/www.sani-spa.fr\/collection\/produit\/boitier-de-controle-kl8300-pour-spa\/#breadcrumb\"},\"inLanguage\":\"fr-FR\",\"potentialAction\":[{\"@type\":\"ReadAction\",\"target\":[\"https:\/\/www.sani-spa.fr\/collection\/produit\/boitier-de-controle-kl8300-pour-spa\/\"]}]},{\"@type\":\"ImageObject\",\"inLanguage\":\"fr-FR\",\"@id\":\"https:\/\/www.sani-spa.fr\/collection\/produit\/boitier-de-controle-kl8300-pour-spa\/#primaryimage\",\"url\":\"https:\/\/www.sani-spa.fr\/collection\/wp-collection\/uploads\/2020\/04\/kl8-800x800-2.jpg\",\"contentUrl\":\"https:\/\/www.sani-spa.fr\/collection\/wp-collection\/uploads\/2020\/04\/kl8-800x800-2.jpg\",\"width\":300,\"height\":300},{\"@type\":\"BreadcrumbList\",\"@id\":\"https:\/\/www.sani-spa.fr\/collection\/produit\/boitier-de-controle-kl8300-pour-spa\/#breadcrumb\",\"itemListElement\":[{\"@type\":\"ListItem\",\"position\":1,\"name\":\"Accueil\",\"item\":\"https:\/\/www.sani-spa.fr\/collection\/\"},{\"@type\":\"ListItem\",\"position\":2,\"name\":\"Sani Spa CollectionPi\u00e8ces D\u00e9tach\u00e9es &amp; Accessoires pour Spas\",\"item\":\"https:\/\/www.sani-spa.fr\/collection\/\"},{\"@type\":\"ListItem\",\"position\":3,\"name\":\"Boitier de contr\u00f4le KL8300 pour spa\"}]},{\"@type\":\"WebSite\",\"@id\":\"https:\/\/www.sani-spa.fr\/collection\/#website\",\"url\":\"https:\/\/www.sani-spa.fr\/collection\/\",\"name\":\"Sani Spa Collection\",\"description\":\"Boutique spas &amp; accessoires spa\",\"publisher\":{\"@id\":\"https:\/\/www.sani-spa.fr\/collection\/#organization\"},\"potentialAction\":[{\"@type\":\"SearchAction\",\"target\":{\"@type\":\"EntryPoint\",\"urlTemplate\":\"https:\/\/www.sani-spa.fr\/collection\/?s={search_term_string}\"},\"query-input\":{\"@type\":\"PropertyValueSpecification\",\"valueRequired\":true,\"valueName\":\"search_term_string\"}}],\"inLanguage\":\"fr-FR\"},{\"@type\":\"Organization\",\"@id\":\"https:\/\/www.sani-spa.fr\/collection\/#organization\",\"name\":\"Sani Spa Collection\",\"url\":\"https:\/\/www.sani-spa.fr\/collection\/\",\"logo\":{\"@type\":\"ImageObject\",\"inLanguage\":\"fr-FR\",\"@id\":\"https:\/\/www.sani-spa.fr\/collection\/#\/schema\/logo\/image\/\",\"url\":\"https:\/\/www.sani-spa.fr\/collection\/wp-collection\/uploads\/2017\/10\/logo-sani-spa-collection.png\",\"contentUrl\":\"https:\/\/www.sani-spa.fr\/collection\/wp-collection\/uploads\/2017\/10\/logo-sani-spa-collection.png\",\"width\":231,\"height\":54,\"caption\":\"Sani Spa Collection\"},\"image\":{\"@id\":\"https:\/\/www.sani-spa.fr\/collection\/#\/schema\/logo\/image\/\"},\"sameAs\":[\"https:\/\/www.facebook.com\/sarlsanispa\"]}]}<\/script>\n<!-- \/ Yoast SEO plugin. -->","yoast_head_json":{"title":"Boitier de contr\u00f4le KL8300 pour spa | Sani Spa Collection","robots":{"index":"index","follow":"follow","max-snippet":"max-snippet:-1","max-image-preview":"max-image-preview:large","max-video-preview":"max-video-preview:-1"},"canonical":"https:\/\/www.sani-spa.fr\/collection\/produit\/boitier-de-controle-kl8300-pour-spa\/","og_locale":"fr_FR","og_type":"article","og_title":"Boitier de contr\u00f4le KL8300 pour spa | Sani Spa Collection","og_description":"Boitier de contr\u00f4le Ethink KL8300 ou B26A  Tr\u00e8s pr\u00e9sent sur les spas de fabrication asiatique  Les sondes de temp\u00e9rature et de niveau d'eau sont incluses avec le boitier.  Clavier disponible ici\u00a0 Les trois types de connexion d'\u00e9clairage sont \u00e9galement fournies (JAZZI \/ Universelle \/ Ethink)","og_url":"https:\/\/www.sani-spa.fr\/collection\/produit\/boitier-de-controle-kl8300-pour-spa\/","og_site_name":"Sani Spa Collection","article_publisher":"https:\/\/www.facebook.com\/sarlsanispa","article_modified_time":"2022-11-29T13:46:11+00:00","og_image":[{"width":300,"height":300,"url":"https:\/\/www.sani-spa.fr\/collection\/wp-collection\/uploads\/2020\/04\/kl8-800x800-2.jpg","type":"image\/jpeg"}],"twitter_card":"summary_large_image","schema":{"@context":"https:\/\/schema.org","@graph":[{"@type":"WebPage","@id":"https:\/\/www.sani-spa.fr\/collection\/produit\/boitier-de-controle-kl8300-pour-spa\/","url":"https:\/\/www.sani-spa.fr\/collection\/produit\/boitier-de-controle-kl8300-pour-spa\/","name":"Boitier de contr\u00f4le KL8300 pour spa | Sani Spa Collection","isPartOf":{"@id":"https:\/\/www.sani-spa.fr\/collection\/#website"},"primaryImageOfPage":{"@id":"https:\/\/www.sani-spa.fr\/collection\/produit\/boitier-de-controle-kl8300-pour-spa\/#primaryimage"},"image":{"@id":"https:\/\/www.sani-spa.fr\/collection\/produit\/boitier-de-controle-kl8300-pour-spa\/#primaryimage"},"thumbnailUrl":"https:\/\/www.sani-spa.fr\/collection\/wp-collection\/uploads\/2020\/04\/kl8-800x800-2.jpg","datePublished":"2020-04-06T15:16:01+00:00","dateModified":"2022-11-29T13:46:11+00:00","breadcrumb":{"@id":"https:\/\/www.sani-spa.fr\/collection\/produit\/boitier-de-controle-kl8300-pour-spa\/#breadcrumb"},"inLanguage":"fr-FR","potentialAction":[{"@type":"ReadAction","target":["https:\/\/www.sani-spa.fr\/collection\/produit\/boitier-de-controle-kl8300-pour-spa\/"]}]},{"@type":"ImageObject","inLanguage":"fr-FR","@id":"https:\/\/www.sani-spa.fr\/collection\/produit\/boitier-de-controle-kl8300-pour-spa\/#primaryimage","url":"https:\/\/www.sani-spa.fr\/collection\/wp-collection\/uploads\/2020\/04\/kl8-800x800-2.jpg","contentUrl":"https:\/\/www.sani-spa.fr\/collection\/wp-collection\/uploads\/2020\/04\/kl8-800x800-2.jpg","width":300,"height":300},{"@type":"BreadcrumbList","@id":"https:\/\/www.sani-spa.fr\/collection\/produit\/boitier-de-controle-kl8300-pour-spa\/#breadcrumb","itemListElement":[{"@type":"ListItem","position":1,"name":"Accueil","item":"https:\/\/www.sani-spa.fr\/collection\/"},{"@type":"ListItem","position":2,"name":"Sani Spa CollectionPi\u00e8ces D\u00e9tach\u00e9es &amp; Accessoires pour Spas","item":"https:\/\/www.sani-spa.fr\/collection\/"},{"@type":"ListItem","position":3,"name":"Boitier de contr\u00f4le KL8300 pour spa"}]},{"@type":"WebSite","@id":"https:\/\/www.sani-spa.fr\/collection\/#website","url":"https:\/\/www.sani-spa.fr\/collection\/","name":"Sani Spa Collection","description":"Boutique spas &amp; accessoires spa","publisher":{"@id":"https:\/\/www.sani-spa.fr\/collection\/#organization"},"potentialAction":[{"@type":"SearchAction","target":{"@type":"EntryPoint","urlTemplate":"https:\/\/www.sani-spa.fr\/collection\/?s={search_term_string}"},"query-input":{"@type":"PropertyValueSpecification","valueRequired":true,"valueName":"search_term_string"}}],"inLanguage":"fr-FR"},{"@type":"Organization","@id":"https:\/\/www.sani-spa.fr\/collection\/#organization","name":"Sani Spa Collection","url":"https:\/\/www.sani-spa.fr\/collection\/","logo":{"@type":"ImageObject","inLanguage":"fr-FR","@id":"https:\/\/www.sani-spa.fr\/collection\/#\/schema\/logo\/image\/","url":"https:\/\/www.sani-spa.fr\/collection\/wp-collection\/uploads\/2017\/10\/logo-sani-spa-collection.png","contentUrl":"https:\/\/www.sani-spa.fr\/collection\/wp-collection\/uploads\/2017\/10\/logo-sani-spa-collection.png","width":231,"height":54,"caption":"Sani Spa Collection"},"image":{"@id":"https:\/\/www.sani-spa.fr\/collection\/#\/schema\/logo\/image\/"},"sameAs":["https:\/\/www.facebook.com\/sarlsanispa"]}]}},"jetpack_sharing_enabled":true,"_links":{"self":[{"href":"https:\/\/www.sani-spa.fr\/collection\/wp-json\/wp\/v2\/product\/1724","targetHints":{"allow":["GET"]}}],"collection":[{"href":"https:\/\/www.sani-spa.fr\/collection\/wp-json\/wp\/v2\/product"}],"about":[{"href":"https:\/\/www.sani-spa.fr\/collection\/wp-json\/wp\/v2\/types\/product"}],"replies":[{"embeddable":true,"href":"https:\/\/www.sani-spa.fr\/collection\/wp-json\/wp\/v2\/comments?post=1724"}],"wp:featuredmedia":[{"embeddable":true,"href":"https:\/\/www.sani-spa.fr\/collection\/wp-json\/wp\/v2\/media\/1722"}],"wp:attachment":[{"href":"https:\/\/www.sani-spa.fr\/collection\/wp-json\/wp\/v2\/media?parent=1724"}],"wp:term":[{"taxonomy":"product_brand","embeddable":true,"href":"https:\/\/www.sani-spa.fr\/collection\/wp-json\/wp\/v2\/product_brand?post=1724"},{"taxonomy":"product_cat","embeddable":true,"href":"https:\/\/www.sani-spa.fr\/collection\/wp-json\/wp\/v2\/product_cat?post=1724"},{"taxonomy":"product_tag","embeddable":true,"href":"https:\/\/www.sani-spa.fr\/collection\/wp-json\/wp\/v2\/product_tag?post=1724"}],"curies":[{"name":"wp","href":"https:\/\/api.w.org\/{rel}","templated":true}]}}