{"id":1754,"date":"2020-04-06T20:32:59","date_gmt":"2020-04-06T18:32:59","guid":{"rendered":"https:\/\/www.sani-spa.fr\/collection\/?post_type=product&#038;p=1754"},"modified":"2022-11-29T14:44:32","modified_gmt":"2022-11-29T13:44:32","slug":"turbine-pour-pompe-lx-whirlpool-wp-lp-diametre-116mm","status":"publish","type":"product","link":"https:\/\/www.sani-spa.fr\/collection\/produit\/turbine-pour-pompe-lx-whirlpool-wp-lp-diametre-116mm\/","title":{"rendered":"Turbine pour pompe LX Whirlpool WP\/LP Diam\u00e8tre 118mm"},"content":{"rendered":"<p>Turbine pour pompe LX Whirlpool de gamme WP et LP<\/p>\n<p>La bague d&#8217;usure est vivement conseill\u00e9e mais n&#8217;est pas obligatoire. Celle ci permet une usure moins rapide de la turbine.<\/p>\n<p><strong>Retrouvez nos <a href=\"https:\/\/www.sani-spa.fr\/collection\/produit\/pompe-de-massage-bi-vitesse-wp300ii-3hp\/\">Pompes<\/a> ainsi que nos <a href=\"https:\/\/www.sani-spa.fr\/collection\/produit\/corps-de-pompe-lx-serie-wp-et-lp\/\">Corps de pompe<\/a> LX Whirlpool\u00a0<\/strong><\/p>\n","protected":false},"excerpt":{"rendered":"<p>Turbine pour pompe LX Whirlpool compatible avec la gamme WP et LP<\/p>\n<p>Diam\u00e8tre ext\u00e9rieur : 118mm<br \/>\nDisponible avec ou sans la bague d&#8217;usure<\/p>\n","protected":false},"featured_media":1756,"comment_status":"open","ping_status":"closed","template":"","meta":[],"product_brand":[],"product_cat":[35],"product_tag":[],"class_list":{"0":"post-1754","1":"product","2":"type-product","3":"status-publish","4":"has-post-thumbnail","6":"product_cat-pieces-pour-pompes-de-spas","7":"product_shipping_class-consomables","9":"first","10":"outofstock","11":"taxable","12":"shipping-taxable","13":"purchasable","14":"product-type-variable"},"yoast_head":"<!-- This site is optimized with the Yoast SEO plugin v27.0 - https:\/\/yoast.com\/product\/yoast-seo-wordpress\/ -->\n<title>Turbine pour pompe LX Whirlpool WP\/LP Diam\u00e8tre 118mm | Sani Spa Collection<\/title>\n<meta name=\"robots\" content=\"index, follow, max-snippet:-1, max-image-preview:large, max-video-preview:-1\" \/>\n<link rel=\"canonical\" href=\"https:\/\/www.sani-spa.fr\/collection\/produit\/turbine-pour-pompe-lx-whirlpool-wp-lp-diametre-116mm\/\" \/>\n<meta property=\"og:locale\" content=\"fr_FR\" \/>\n<meta property=\"og:type\" content=\"article\" \/>\n<meta property=\"og:title\" content=\"Turbine pour pompe LX Whirlpool WP\/LP Diam\u00e8tre 118mm | Sani Spa Collection\" \/>\n<meta property=\"og:description\" content=\"Turbine pour pompe LX Whirlpool compatible avec la gamme WP et LP  Diam\u00e8tre ext\u00e9rieur : 118mm Disponible avec ou sans la bague d&#039;usure\" \/>\n<meta property=\"og:url\" content=\"https:\/\/www.sani-spa.fr\/collection\/produit\/turbine-pour-pompe-lx-whirlpool-wp-lp-diametre-116mm\/\" \/>\n<meta property=\"og:site_name\" content=\"Sani Spa Collection\" \/>\n<meta property=\"article:publisher\" content=\"https:\/\/www.facebook.com\/sarlsanispa\" \/>\n<meta property=\"article:modified_time\" content=\"2022-11-29T13:44:32+00:00\" \/>\n<meta property=\"og:image\" content=\"https:\/\/www.sani-spa.fr\/collection\/wp-collection\/uploads\/2020\/04\/lxsp-wp300-lp300-1.jpg\" \/>\n\t<meta property=\"og:image:width\" content=\"500\" \/>\n\t<meta property=\"og:image:height\" content=\"500\" \/>\n\t<meta property=\"og:image:type\" content=\"image\/jpeg\" \/>\n<meta name=\"twitter:card\" content=\"summary_large_image\" \/>\n<script type=\"application\/ld+json\" class=\"yoast-schema-graph\">{\"@context\":\"https:\/\/schema.org\",\"@graph\":[{\"@type\":\"WebPage\",\"@id\":\"https:\/\/www.sani-spa.fr\/collection\/produit\/turbine-pour-pompe-lx-whirlpool-wp-lp-diametre-116mm\/\",\"url\":\"https:\/\/www.sani-spa.fr\/collection\/produit\/turbine-pour-pompe-lx-whirlpool-wp-lp-diametre-116mm\/\",\"name\":\"Turbine pour pompe LX Whirlpool WP\/LP Diam\u00e8tre 118mm | Sani Spa Collection\",\"isPartOf\":{\"@id\":\"https:\/\/www.sani-spa.fr\/collection\/#website\"},\"primaryImageOfPage\":{\"@id\":\"https:\/\/www.sani-spa.fr\/collection\/produit\/turbine-pour-pompe-lx-whirlpool-wp-lp-diametre-116mm\/#primaryimage\"},\"image\":{\"@id\":\"https:\/\/www.sani-spa.fr\/collection\/produit\/turbine-pour-pompe-lx-whirlpool-wp-lp-diametre-116mm\/#primaryimage\"},\"thumbnailUrl\":\"https:\/\/www.sani-spa.fr\/collection\/wp-collection\/uploads\/2020\/04\/lxsp-wp300-lp300-1.jpg\",\"datePublished\":\"2020-04-06T18:32:59+00:00\",\"dateModified\":\"2022-11-29T13:44:32+00:00\",\"breadcrumb\":{\"@id\":\"https:\/\/www.sani-spa.fr\/collection\/produit\/turbine-pour-pompe-lx-whirlpool-wp-lp-diametre-116mm\/#breadcrumb\"},\"inLanguage\":\"fr-FR\",\"potentialAction\":[{\"@type\":\"ReadAction\",\"target\":[\"https:\/\/www.sani-spa.fr\/collection\/produit\/turbine-pour-pompe-lx-whirlpool-wp-lp-diametre-116mm\/\"]}]},{\"@type\":\"ImageObject\",\"inLanguage\":\"fr-FR\",\"@id\":\"https:\/\/www.sani-spa.fr\/collection\/produit\/turbine-pour-pompe-lx-whirlpool-wp-lp-diametre-116mm\/#primaryimage\",\"url\":\"https:\/\/www.sani-spa.fr\/collection\/wp-collection\/uploads\/2020\/04\/lxsp-wp300-lp300-1.jpg\",\"contentUrl\":\"https:\/\/www.sani-spa.fr\/collection\/wp-collection\/uploads\/2020\/04\/lxsp-wp300-lp300-1.jpg\",\"width\":500,\"height\":500},{\"@type\":\"BreadcrumbList\",\"@id\":\"https:\/\/www.sani-spa.fr\/collection\/produit\/turbine-pour-pompe-lx-whirlpool-wp-lp-diametre-116mm\/#breadcrumb\",\"itemListElement\":[{\"@type\":\"ListItem\",\"position\":1,\"name\":\"Accueil\",\"item\":\"https:\/\/www.sani-spa.fr\/collection\/\"},{\"@type\":\"ListItem\",\"position\":2,\"name\":\"Sani Spa CollectionPi\u00e8ces D\u00e9tach\u00e9es &amp; Accessoires pour Spas\",\"item\":\"https:\/\/www.sani-spa.fr\/collection\/\"},{\"@type\":\"ListItem\",\"position\":3,\"name\":\"Turbine pour pompe LX Whirlpool WP\/LP Diam\u00e8tre 118mm\"}]},{\"@type\":\"WebSite\",\"@id\":\"https:\/\/www.sani-spa.fr\/collection\/#website\",\"url\":\"https:\/\/www.sani-spa.fr\/collection\/\",\"name\":\"Sani Spa Collection\",\"description\":\"Boutique spas &amp; accessoires spa\",\"publisher\":{\"@id\":\"https:\/\/www.sani-spa.fr\/collection\/#organization\"},\"potentialAction\":[{\"@type\":\"SearchAction\",\"target\":{\"@type\":\"EntryPoint\",\"urlTemplate\":\"https:\/\/www.sani-spa.fr\/collection\/?s={search_term_string}\"},\"query-input\":{\"@type\":\"PropertyValueSpecification\",\"valueRequired\":true,\"valueName\":\"search_term_string\"}}],\"inLanguage\":\"fr-FR\"},{\"@type\":\"Organization\",\"@id\":\"https:\/\/www.sani-spa.fr\/collection\/#organization\",\"name\":\"Sani Spa Collection\",\"url\":\"https:\/\/www.sani-spa.fr\/collection\/\",\"logo\":{\"@type\":\"ImageObject\",\"inLanguage\":\"fr-FR\",\"@id\":\"https:\/\/www.sani-spa.fr\/collection\/#\/schema\/logo\/image\/\",\"url\":\"https:\/\/www.sani-spa.fr\/collection\/wp-collection\/uploads\/2017\/10\/logo-sani-spa-collection.png\",\"contentUrl\":\"https:\/\/www.sani-spa.fr\/collection\/wp-collection\/uploads\/2017\/10\/logo-sani-spa-collection.png\",\"width\":231,\"height\":54,\"caption\":\"Sani Spa Collection\"},\"image\":{\"@id\":\"https:\/\/www.sani-spa.fr\/collection\/#\/schema\/logo\/image\/\"},\"sameAs\":[\"https:\/\/www.facebook.com\/sarlsanispa\"]}]}<\/script>\n<!-- \/ Yoast SEO plugin. -->","yoast_head_json":{"title":"Turbine pour pompe LX Whirlpool WP\/LP Diam\u00e8tre 118mm | Sani Spa Collection","robots":{"index":"index","follow":"follow","max-snippet":"max-snippet:-1","max-image-preview":"max-image-preview:large","max-video-preview":"max-video-preview:-1"},"canonical":"https:\/\/www.sani-spa.fr\/collection\/produit\/turbine-pour-pompe-lx-whirlpool-wp-lp-diametre-116mm\/","og_locale":"fr_FR","og_type":"article","og_title":"Turbine pour pompe LX Whirlpool WP\/LP Diam\u00e8tre 118mm | Sani Spa Collection","og_description":"Turbine pour pompe LX Whirlpool compatible avec la gamme WP et LP  Diam\u00e8tre ext\u00e9rieur : 118mm Disponible avec ou sans la bague d'usure","og_url":"https:\/\/www.sani-spa.fr\/collection\/produit\/turbine-pour-pompe-lx-whirlpool-wp-lp-diametre-116mm\/","og_site_name":"Sani Spa Collection","article_publisher":"https:\/\/www.facebook.com\/sarlsanispa","article_modified_time":"2022-11-29T13:44:32+00:00","og_image":[{"width":500,"height":500,"url":"https:\/\/www.sani-spa.fr\/collection\/wp-collection\/uploads\/2020\/04\/lxsp-wp300-lp300-1.jpg","type":"image\/jpeg"}],"twitter_card":"summary_large_image","schema":{"@context":"https:\/\/schema.org","@graph":[{"@type":"WebPage","@id":"https:\/\/www.sani-spa.fr\/collection\/produit\/turbine-pour-pompe-lx-whirlpool-wp-lp-diametre-116mm\/","url":"https:\/\/www.sani-spa.fr\/collection\/produit\/turbine-pour-pompe-lx-whirlpool-wp-lp-diametre-116mm\/","name":"Turbine pour pompe LX Whirlpool WP\/LP Diam\u00e8tre 118mm | Sani Spa Collection","isPartOf":{"@id":"https:\/\/www.sani-spa.fr\/collection\/#website"},"primaryImageOfPage":{"@id":"https:\/\/www.sani-spa.fr\/collection\/produit\/turbine-pour-pompe-lx-whirlpool-wp-lp-diametre-116mm\/#primaryimage"},"image":{"@id":"https:\/\/www.sani-spa.fr\/collection\/produit\/turbine-pour-pompe-lx-whirlpool-wp-lp-diametre-116mm\/#primaryimage"},"thumbnailUrl":"https:\/\/www.sani-spa.fr\/collection\/wp-collection\/uploads\/2020\/04\/lxsp-wp300-lp300-1.jpg","datePublished":"2020-04-06T18:32:59+00:00","dateModified":"2022-11-29T13:44:32+00:00","breadcrumb":{"@id":"https:\/\/www.sani-spa.fr\/collection\/produit\/turbine-pour-pompe-lx-whirlpool-wp-lp-diametre-116mm\/#breadcrumb"},"inLanguage":"fr-FR","potentialAction":[{"@type":"ReadAction","target":["https:\/\/www.sani-spa.fr\/collection\/produit\/turbine-pour-pompe-lx-whirlpool-wp-lp-diametre-116mm\/"]}]},{"@type":"ImageObject","inLanguage":"fr-FR","@id":"https:\/\/www.sani-spa.fr\/collection\/produit\/turbine-pour-pompe-lx-whirlpool-wp-lp-diametre-116mm\/#primaryimage","url":"https:\/\/www.sani-spa.fr\/collection\/wp-collection\/uploads\/2020\/04\/lxsp-wp300-lp300-1.jpg","contentUrl":"https:\/\/www.sani-spa.fr\/collection\/wp-collection\/uploads\/2020\/04\/lxsp-wp300-lp300-1.jpg","width":500,"height":500},{"@type":"BreadcrumbList","@id":"https:\/\/www.sani-spa.fr\/collection\/produit\/turbine-pour-pompe-lx-whirlpool-wp-lp-diametre-116mm\/#breadcrumb","itemListElement":[{"@type":"ListItem","position":1,"name":"Accueil","item":"https:\/\/www.sani-spa.fr\/collection\/"},{"@type":"ListItem","position":2,"name":"Sani Spa CollectionPi\u00e8ces D\u00e9tach\u00e9es &amp; Accessoires pour Spas","item":"https:\/\/www.sani-spa.fr\/collection\/"},{"@type":"ListItem","position":3,"name":"Turbine pour pompe LX Whirlpool WP\/LP Diam\u00e8tre 118mm"}]},{"@type":"WebSite","@id":"https:\/\/www.sani-spa.fr\/collection\/#website","url":"https:\/\/www.sani-spa.fr\/collection\/","name":"Sani Spa Collection","description":"Boutique spas &amp; accessoires spa","publisher":{"@id":"https:\/\/www.sani-spa.fr\/collection\/#organization"},"potentialAction":[{"@type":"SearchAction","target":{"@type":"EntryPoint","urlTemplate":"https:\/\/www.sani-spa.fr\/collection\/?s={search_term_string}"},"query-input":{"@type":"PropertyValueSpecification","valueRequired":true,"valueName":"search_term_string"}}],"inLanguage":"fr-FR"},{"@type":"Organization","@id":"https:\/\/www.sani-spa.fr\/collection\/#organization","name":"Sani Spa Collection","url":"https:\/\/www.sani-spa.fr\/collection\/","logo":{"@type":"ImageObject","inLanguage":"fr-FR","@id":"https:\/\/www.sani-spa.fr\/collection\/#\/schema\/logo\/image\/","url":"https:\/\/www.sani-spa.fr\/collection\/wp-collection\/uploads\/2017\/10\/logo-sani-spa-collection.png","contentUrl":"https:\/\/www.sani-spa.fr\/collection\/wp-collection\/uploads\/2017\/10\/logo-sani-spa-collection.png","width":231,"height":54,"caption":"Sani Spa Collection"},"image":{"@id":"https:\/\/www.sani-spa.fr\/collection\/#\/schema\/logo\/image\/"},"sameAs":["https:\/\/www.facebook.com\/sarlsanispa"]}]}},"jetpack_sharing_enabled":true,"_links":{"self":[{"href":"https:\/\/www.sani-spa.fr\/collection\/wp-json\/wp\/v2\/product\/1754","targetHints":{"allow":["GET"]}}],"collection":[{"href":"https:\/\/www.sani-spa.fr\/collection\/wp-json\/wp\/v2\/product"}],"about":[{"href":"https:\/\/www.sani-spa.fr\/collection\/wp-json\/wp\/v2\/types\/product"}],"replies":[{"embeddable":true,"href":"https:\/\/www.sani-spa.fr\/collection\/wp-json\/wp\/v2\/comments?post=1754"}],"wp:featuredmedia":[{"embeddable":true,"href":"https:\/\/www.sani-spa.fr\/collection\/wp-json\/wp\/v2\/media\/1756"}],"wp:attachment":[{"href":"https:\/\/www.sani-spa.fr\/collection\/wp-json\/wp\/v2\/media?parent=1754"}],"wp:term":[{"taxonomy":"product_brand","embeddable":true,"href":"https:\/\/www.sani-spa.fr\/collection\/wp-json\/wp\/v2\/product_brand?post=1754"},{"taxonomy":"product_cat","embeddable":true,"href":"https:\/\/www.sani-spa.fr\/collection\/wp-json\/wp\/v2\/product_cat?post=1754"},{"taxonomy":"product_tag","embeddable":true,"href":"https:\/\/www.sani-spa.fr\/collection\/wp-json\/wp\/v2\/product_tag?post=1754"}],"curies":[{"name":"wp","href":"https:\/\/api.w.org\/{rel}","templated":true}]}}