{"id":1778,"date":"2020-04-09T22:49:17","date_gmt":"2020-04-09T20:49:17","guid":{"rendered":"https:\/\/www.sani-spa.fr\/collection\/?post_type=product&#038;p=1778"},"modified":"2022-11-29T14:43:36","modified_gmt":"2022-11-29T13:43:36","slug":"pompe-de-circulation-laing-e14","status":"publish","type":"product","link":"https:\/\/www.sani-spa.fr\/collection\/produit\/pompe-de-circulation-laing-e14\/","title":{"rendered":"Pompe de circulation Laing E14"},"content":{"rendered":"<p>Pompe de circulation Laing E14 pouvant fonctionner 24\/24H<br \/>\n1\/8HP<\/p>\n<ul>\n<li>Pompe de circulation \u00c9lectromagn\u00e9tique (dur\u00e9e de vie augmenter et bruit fortement att\u00e9nu\u00e9)<\/li>\n<li>Peut fonctionner 24\/24h sans aucune incidence sur la dur\u00e9e de vie du moteur<\/li>\n<li>Diam\u00e8tre d&#8217;aspiration et de refoulement de 1.5&#8221; (48 mm) pour une performance de circulation accrue<\/li>\n<li>La pompe la plus silencieuse du march\u00e9<\/li>\n<li>D\u00e9tecteur de surchauffe avec d\u00e9clencheur thermique pour pr\u00e9server la dur\u00e9e de vie du moteur<\/li>\n<li>Compact, s&#8217;adapte dans les spas avec peu de place dans la partie technique<\/li>\n<\/ul>\n","protected":false},"excerpt":{"rendered":"<p>Pompe de circulation Laing E14 &#8211; 1\/8HP pouvant fonctionner 24\/24H &#8211; 115W-220 &#8211; 230V 60\/50Hz<\/p>\n<p><strong>\u00a0Systeme ECM<\/strong>( syst\u00e8me \u00e9lectromagn\u00e9tique)<br \/>\nLa pompe la plus silencieuse du march\u00e9<br \/>\nEntr\u00e9e (aspiration) et sortie (refoulement) de pompe en 1.5&#8243; (48mm)<\/p>\n<p>Pr\u00e9-c\u00e2bl\u00e9e avec une <a href=\"https:\/\/www.sani-spa.fr\/collection\/produit\/cable-et-prise-amp-pour-pompe-bi-vitesse-copie\/\">prise AMP<\/a><\/p>\n<p>&nbsp;<\/p>\n","protected":false},"featured_media":1779,"comment_status":"open","ping_status":"closed","template":"","meta":[],"product_brand":[],"product_cat":[25],"product_tag":[],"class_list":{"0":"post-1778","1":"product","2":"type-product","3":"status-publish","4":"has-post-thumbnail","6":"product_cat-pompes-circulation","7":"product_shipping_class-pompes-de-circulation","9":"first","10":"instock","11":"taxable","12":"shipping-taxable","13":"purchasable","14":"product-type-simple"},"yoast_head":"<!-- This site is optimized with the Yoast SEO plugin v27.0 - https:\/\/yoast.com\/product\/yoast-seo-wordpress\/ -->\n<title>Pompe de circulation Laing E14 | Sani Spa Collection<\/title>\n<meta name=\"robots\" content=\"index, follow, max-snippet:-1, max-image-preview:large, max-video-preview:-1\" \/>\n<link rel=\"canonical\" href=\"https:\/\/www.sani-spa.fr\/collection\/produit\/pompe-de-circulation-laing-e14\/\" \/>\n<meta property=\"og:locale\" content=\"fr_FR\" \/>\n<meta property=\"og:type\" content=\"article\" \/>\n<meta property=\"og:title\" content=\"Pompe de circulation Laing E14 | Sani Spa Collection\" \/>\n<meta property=\"og:description\" content=\"Pompe de circulation Laing E14 - 1\/8HP pouvant fonctionner 24\/24H - 115W-220 - 230V 60\/50Hz  \u00a0Systeme ECM( syst\u00e8me \u00e9lectromagn\u00e9tique) La pompe la plus silencieuse du march\u00e9 Entr\u00e9e (aspiration) et sortie (refoulement) de pompe en 1.5&quot; (48mm)  Pr\u00e9-c\u00e2bl\u00e9e avec une prise AMP  &nbsp;\" \/>\n<meta property=\"og:url\" content=\"https:\/\/www.sani-spa.fr\/collection\/produit\/pompe-de-circulation-laing-e14\/\" \/>\n<meta property=\"og:site_name\" content=\"Sani Spa Collection\" \/>\n<meta property=\"article:publisher\" content=\"https:\/\/www.facebook.com\/sarlsanispa\" \/>\n<meta property=\"article:modified_time\" content=\"2022-11-29T13:43:36+00:00\" \/>\n<meta property=\"og:image\" content=\"https:\/\/www.sani-spa.fr\/collection\/wp-collection\/uploads\/2020\/04\/e14.jpg\" \/>\n\t<meta property=\"og:image:width\" content=\"600\" \/>\n\t<meta property=\"og:image:height\" content=\"480\" \/>\n\t<meta property=\"og:image:type\" content=\"image\/jpeg\" \/>\n<meta name=\"twitter:card\" content=\"summary_large_image\" \/>\n<script type=\"application\/ld+json\" class=\"yoast-schema-graph\">{\"@context\":\"https:\/\/schema.org\",\"@graph\":[{\"@type\":\"WebPage\",\"@id\":\"https:\/\/www.sani-spa.fr\/collection\/produit\/pompe-de-circulation-laing-e14\/\",\"url\":\"https:\/\/www.sani-spa.fr\/collection\/produit\/pompe-de-circulation-laing-e14\/\",\"name\":\"Pompe de circulation Laing E14 | Sani Spa Collection\",\"isPartOf\":{\"@id\":\"https:\/\/www.sani-spa.fr\/collection\/#website\"},\"primaryImageOfPage\":{\"@id\":\"https:\/\/www.sani-spa.fr\/collection\/produit\/pompe-de-circulation-laing-e14\/#primaryimage\"},\"image\":{\"@id\":\"https:\/\/www.sani-spa.fr\/collection\/produit\/pompe-de-circulation-laing-e14\/#primaryimage\"},\"thumbnailUrl\":\"https:\/\/www.sani-spa.fr\/collection\/wp-collection\/uploads\/2020\/04\/e14.jpg\",\"datePublished\":\"2020-04-09T20:49:17+00:00\",\"dateModified\":\"2022-11-29T13:43:36+00:00\",\"breadcrumb\":{\"@id\":\"https:\/\/www.sani-spa.fr\/collection\/produit\/pompe-de-circulation-laing-e14\/#breadcrumb\"},\"inLanguage\":\"fr-FR\",\"potentialAction\":[{\"@type\":\"ReadAction\",\"target\":[\"https:\/\/www.sani-spa.fr\/collection\/produit\/pompe-de-circulation-laing-e14\/\"]}]},{\"@type\":\"ImageObject\",\"inLanguage\":\"fr-FR\",\"@id\":\"https:\/\/www.sani-spa.fr\/collection\/produit\/pompe-de-circulation-laing-e14\/#primaryimage\",\"url\":\"https:\/\/www.sani-spa.fr\/collection\/wp-collection\/uploads\/2020\/04\/e14.jpg\",\"contentUrl\":\"https:\/\/www.sani-spa.fr\/collection\/wp-collection\/uploads\/2020\/04\/e14.jpg\",\"width\":600,\"height\":480},{\"@type\":\"BreadcrumbList\",\"@id\":\"https:\/\/www.sani-spa.fr\/collection\/produit\/pompe-de-circulation-laing-e14\/#breadcrumb\",\"itemListElement\":[{\"@type\":\"ListItem\",\"position\":1,\"name\":\"Accueil\",\"item\":\"https:\/\/www.sani-spa.fr\/collection\/\"},{\"@type\":\"ListItem\",\"position\":2,\"name\":\"Sani Spa CollectionPi\u00e8ces D\u00e9tach\u00e9es &amp; Accessoires pour Spas\",\"item\":\"https:\/\/www.sani-spa.fr\/collection\/\"},{\"@type\":\"ListItem\",\"position\":3,\"name\":\"Pompe de circulation Laing E14\"}]},{\"@type\":\"WebSite\",\"@id\":\"https:\/\/www.sani-spa.fr\/collection\/#website\",\"url\":\"https:\/\/www.sani-spa.fr\/collection\/\",\"name\":\"Sani Spa Collection\",\"description\":\"Boutique spas &amp; accessoires spa\",\"publisher\":{\"@id\":\"https:\/\/www.sani-spa.fr\/collection\/#organization\"},\"potentialAction\":[{\"@type\":\"SearchAction\",\"target\":{\"@type\":\"EntryPoint\",\"urlTemplate\":\"https:\/\/www.sani-spa.fr\/collection\/?s={search_term_string}\"},\"query-input\":{\"@type\":\"PropertyValueSpecification\",\"valueRequired\":true,\"valueName\":\"search_term_string\"}}],\"inLanguage\":\"fr-FR\"},{\"@type\":\"Organization\",\"@id\":\"https:\/\/www.sani-spa.fr\/collection\/#organization\",\"name\":\"Sani Spa Collection\",\"url\":\"https:\/\/www.sani-spa.fr\/collection\/\",\"logo\":{\"@type\":\"ImageObject\",\"inLanguage\":\"fr-FR\",\"@id\":\"https:\/\/www.sani-spa.fr\/collection\/#\/schema\/logo\/image\/\",\"url\":\"https:\/\/www.sani-spa.fr\/collection\/wp-collection\/uploads\/2017\/10\/logo-sani-spa-collection.png\",\"contentUrl\":\"https:\/\/www.sani-spa.fr\/collection\/wp-collection\/uploads\/2017\/10\/logo-sani-spa-collection.png\",\"width\":231,\"height\":54,\"caption\":\"Sani Spa Collection\"},\"image\":{\"@id\":\"https:\/\/www.sani-spa.fr\/collection\/#\/schema\/logo\/image\/\"},\"sameAs\":[\"https:\/\/www.facebook.com\/sarlsanispa\"]}]}<\/script>\n<!-- \/ Yoast SEO plugin. -->","yoast_head_json":{"title":"Pompe de circulation Laing E14 | Sani Spa Collection","robots":{"index":"index","follow":"follow","max-snippet":"max-snippet:-1","max-image-preview":"max-image-preview:large","max-video-preview":"max-video-preview:-1"},"canonical":"https:\/\/www.sani-spa.fr\/collection\/produit\/pompe-de-circulation-laing-e14\/","og_locale":"fr_FR","og_type":"article","og_title":"Pompe de circulation Laing E14 | Sani Spa Collection","og_description":"Pompe de circulation Laing E14 - 1\/8HP pouvant fonctionner 24\/24H - 115W-220 - 230V 60\/50Hz  \u00a0Systeme ECM( syst\u00e8me \u00e9lectromagn\u00e9tique) La pompe la plus silencieuse du march\u00e9 Entr\u00e9e (aspiration) et sortie (refoulement) de pompe en 1.5\" (48mm)  Pr\u00e9-c\u00e2bl\u00e9e avec une prise AMP  &nbsp;","og_url":"https:\/\/www.sani-spa.fr\/collection\/produit\/pompe-de-circulation-laing-e14\/","og_site_name":"Sani Spa Collection","article_publisher":"https:\/\/www.facebook.com\/sarlsanispa","article_modified_time":"2022-11-29T13:43:36+00:00","og_image":[{"width":600,"height":480,"url":"https:\/\/www.sani-spa.fr\/collection\/wp-collection\/uploads\/2020\/04\/e14.jpg","type":"image\/jpeg"}],"twitter_card":"summary_large_image","schema":{"@context":"https:\/\/schema.org","@graph":[{"@type":"WebPage","@id":"https:\/\/www.sani-spa.fr\/collection\/produit\/pompe-de-circulation-laing-e14\/","url":"https:\/\/www.sani-spa.fr\/collection\/produit\/pompe-de-circulation-laing-e14\/","name":"Pompe de circulation Laing E14 | Sani Spa Collection","isPartOf":{"@id":"https:\/\/www.sani-spa.fr\/collection\/#website"},"primaryImageOfPage":{"@id":"https:\/\/www.sani-spa.fr\/collection\/produit\/pompe-de-circulation-laing-e14\/#primaryimage"},"image":{"@id":"https:\/\/www.sani-spa.fr\/collection\/produit\/pompe-de-circulation-laing-e14\/#primaryimage"},"thumbnailUrl":"https:\/\/www.sani-spa.fr\/collection\/wp-collection\/uploads\/2020\/04\/e14.jpg","datePublished":"2020-04-09T20:49:17+00:00","dateModified":"2022-11-29T13:43:36+00:00","breadcrumb":{"@id":"https:\/\/www.sani-spa.fr\/collection\/produit\/pompe-de-circulation-laing-e14\/#breadcrumb"},"inLanguage":"fr-FR","potentialAction":[{"@type":"ReadAction","target":["https:\/\/www.sani-spa.fr\/collection\/produit\/pompe-de-circulation-laing-e14\/"]}]},{"@type":"ImageObject","inLanguage":"fr-FR","@id":"https:\/\/www.sani-spa.fr\/collection\/produit\/pompe-de-circulation-laing-e14\/#primaryimage","url":"https:\/\/www.sani-spa.fr\/collection\/wp-collection\/uploads\/2020\/04\/e14.jpg","contentUrl":"https:\/\/www.sani-spa.fr\/collection\/wp-collection\/uploads\/2020\/04\/e14.jpg","width":600,"height":480},{"@type":"BreadcrumbList","@id":"https:\/\/www.sani-spa.fr\/collection\/produit\/pompe-de-circulation-laing-e14\/#breadcrumb","itemListElement":[{"@type":"ListItem","position":1,"name":"Accueil","item":"https:\/\/www.sani-spa.fr\/collection\/"},{"@type":"ListItem","position":2,"name":"Sani Spa CollectionPi\u00e8ces D\u00e9tach\u00e9es &amp; Accessoires pour Spas","item":"https:\/\/www.sani-spa.fr\/collection\/"},{"@type":"ListItem","position":3,"name":"Pompe de circulation Laing E14"}]},{"@type":"WebSite","@id":"https:\/\/www.sani-spa.fr\/collection\/#website","url":"https:\/\/www.sani-spa.fr\/collection\/","name":"Sani Spa Collection","description":"Boutique spas &amp; accessoires spa","publisher":{"@id":"https:\/\/www.sani-spa.fr\/collection\/#organization"},"potentialAction":[{"@type":"SearchAction","target":{"@type":"EntryPoint","urlTemplate":"https:\/\/www.sani-spa.fr\/collection\/?s={search_term_string}"},"query-input":{"@type":"PropertyValueSpecification","valueRequired":true,"valueName":"search_term_string"}}],"inLanguage":"fr-FR"},{"@type":"Organization","@id":"https:\/\/www.sani-spa.fr\/collection\/#organization","name":"Sani Spa Collection","url":"https:\/\/www.sani-spa.fr\/collection\/","logo":{"@type":"ImageObject","inLanguage":"fr-FR","@id":"https:\/\/www.sani-spa.fr\/collection\/#\/schema\/logo\/image\/","url":"https:\/\/www.sani-spa.fr\/collection\/wp-collection\/uploads\/2017\/10\/logo-sani-spa-collection.png","contentUrl":"https:\/\/www.sani-spa.fr\/collection\/wp-collection\/uploads\/2017\/10\/logo-sani-spa-collection.png","width":231,"height":54,"caption":"Sani Spa Collection"},"image":{"@id":"https:\/\/www.sani-spa.fr\/collection\/#\/schema\/logo\/image\/"},"sameAs":["https:\/\/www.facebook.com\/sarlsanispa"]}]}},"jetpack_sharing_enabled":true,"_links":{"self":[{"href":"https:\/\/www.sani-spa.fr\/collection\/wp-json\/wp\/v2\/product\/1778","targetHints":{"allow":["GET"]}}],"collection":[{"href":"https:\/\/www.sani-spa.fr\/collection\/wp-json\/wp\/v2\/product"}],"about":[{"href":"https:\/\/www.sani-spa.fr\/collection\/wp-json\/wp\/v2\/types\/product"}],"replies":[{"embeddable":true,"href":"https:\/\/www.sani-spa.fr\/collection\/wp-json\/wp\/v2\/comments?post=1778"}],"wp:featuredmedia":[{"embeddable":true,"href":"https:\/\/www.sani-spa.fr\/collection\/wp-json\/wp\/v2\/media\/1779"}],"wp:attachment":[{"href":"https:\/\/www.sani-spa.fr\/collection\/wp-json\/wp\/v2\/media?parent=1778"}],"wp:term":[{"taxonomy":"product_brand","embeddable":true,"href":"https:\/\/www.sani-spa.fr\/collection\/wp-json\/wp\/v2\/product_brand?post=1778"},{"taxonomy":"product_cat","embeddable":true,"href":"https:\/\/www.sani-spa.fr\/collection\/wp-json\/wp\/v2\/product_cat?post=1778"},{"taxonomy":"product_tag","embeddable":true,"href":"https:\/\/www.sani-spa.fr\/collection\/wp-json\/wp\/v2\/product_tag?post=1778"}],"curies":[{"name":"wp","href":"https:\/\/api.w.org\/{rel}","templated":true}]}}