{"id":1794,"date":"2020-04-09T23:28:17","date_gmt":"2020-04-09T21:28:17","guid":{"rendered":"https:\/\/www.sani-spa.fr\/collection\/?post_type=product&#038;p=1794"},"modified":"2022-11-29T14:42:58","modified_gmt":"2022-11-29T13:42:58","slug":"pompe-de-circulaiton-lx-whirlpool-we14","status":"publish","type":"product","link":"https:\/\/www.sani-spa.fr\/collection\/produit\/pompe-de-circulaiton-lx-whirlpool-we14\/","title":{"rendered":"Pompe de circulaiton LX Whirlpool WE14"},"content":{"rendered":"<p><b>Caract\u00e9ristiques technique : <\/b><\/p>\n<ul>\n<li>Puissance : 180 W<\/li>\n<li>Intensit\u00e9 : 0,8 A<\/li>\n<li>D\u00e9bit maximal : 150 litres\/minute<\/li>\n<\/ul>\n<p><b>Dimensions :<br \/>\n<\/b><\/p>\n<ul>\n<li>Longueur : 250 mm<\/li>\n<li>Largeur : 154 mm<\/li>\n<li>Hauteur : 163 mm<\/li>\n<\/ul>\n<p><b>Raccordements tuyauterie :<\/b><br \/>\nRaccords union avec pas de vis 1,5&#8243; (62mm)<\/p>\n<p>Cette pompe peut \u00e9ventuellement intervenir en remplacement d&#8217;une pompe <a href=\"https:\/\/www.sani-spa.fr\/collection\/produit\/pompe-de-circulation-laing-e14\/\">LAING E14<\/a><\/p>\n","protected":false},"excerpt":{"rendered":"<p>Pompe de circulation pour spa &#8211; 0,25 HP &#8211;\u00a0 (faible consommation)<br \/>\n150 Litres \/ min \/ Pr\u00e9-c\u00e2bl\u00e9 avec une prise AMP<\/p>\n<p>L&#8217;aspiration et le refoulement sont identiques \u00e0 la pompe LAING E14<\/p>\n<p>Raccords union m\u00e2les 1,5&#8243; (62mm).<\/p>\n","protected":false},"featured_media":1797,"comment_status":"open","ping_status":"closed","template":"","meta":[],"product_brand":[],"product_cat":[25],"product_tag":[],"class_list":{"0":"post-1794","1":"product","2":"type-product","3":"status-publish","4":"has-post-thumbnail","6":"product_cat-pompes-circulation","7":"product_shipping_class-pompes-de-circulation","9":"first","10":"instock","11":"taxable","12":"shipping-taxable","13":"purchasable","14":"product-type-simple"},"yoast_head":"<!-- This site is optimized with the Yoast SEO plugin v27.0 - https:\/\/yoast.com\/product\/yoast-seo-wordpress\/ -->\n<title>Pompe de circulaiton LX Whirlpool WE14 | Sani Spa Collection<\/title>\n<meta name=\"robots\" content=\"index, follow, max-snippet:-1, max-image-preview:large, max-video-preview:-1\" \/>\n<link rel=\"canonical\" href=\"https:\/\/www.sani-spa.fr\/collection\/produit\/pompe-de-circulaiton-lx-whirlpool-we14\/\" \/>\n<meta property=\"og:locale\" content=\"fr_FR\" \/>\n<meta property=\"og:type\" content=\"article\" \/>\n<meta property=\"og:title\" content=\"Pompe de circulaiton LX Whirlpool WE14 | Sani Spa Collection\" \/>\n<meta property=\"og:description\" content=\"Pompe de circulation pour spa - 0,25 HP -\u00a0 (faible consommation) 150 Litres \/ min \/ Pr\u00e9-c\u00e2bl\u00e9 avec une prise AMP  L&#039;aspiration et le refoulement sont identiques \u00e0 la pompe LAING E14  Raccords union m\u00e2les 1,5&quot; (62mm).\" \/>\n<meta property=\"og:url\" content=\"https:\/\/www.sani-spa.fr\/collection\/produit\/pompe-de-circulaiton-lx-whirlpool-we14\/\" \/>\n<meta property=\"og:site_name\" content=\"Sani Spa Collection\" \/>\n<meta property=\"article:publisher\" content=\"https:\/\/www.facebook.com\/sarlsanispa\" \/>\n<meta property=\"article:modified_time\" content=\"2022-11-29T13:42:58+00:00\" \/>\n<meta property=\"og:image\" content=\"https:\/\/www.sani-spa.fr\/collection\/wp-collection\/uploads\/2020\/04\/800x800-we14-1.jpg\" \/>\n\t<meta property=\"og:image:width\" content=\"428\" \/>\n\t<meta property=\"og:image:height\" content=\"428\" \/>\n\t<meta property=\"og:image:type\" content=\"image\/jpeg\" \/>\n<meta name=\"twitter:card\" content=\"summary_large_image\" \/>\n<script type=\"application\/ld+json\" class=\"yoast-schema-graph\">{\"@context\":\"https:\/\/schema.org\",\"@graph\":[{\"@type\":\"WebPage\",\"@id\":\"https:\/\/www.sani-spa.fr\/collection\/produit\/pompe-de-circulaiton-lx-whirlpool-we14\/\",\"url\":\"https:\/\/www.sani-spa.fr\/collection\/produit\/pompe-de-circulaiton-lx-whirlpool-we14\/\",\"name\":\"Pompe de circulaiton LX Whirlpool WE14 | Sani Spa Collection\",\"isPartOf\":{\"@id\":\"https:\/\/www.sani-spa.fr\/collection\/#website\"},\"primaryImageOfPage\":{\"@id\":\"https:\/\/www.sani-spa.fr\/collection\/produit\/pompe-de-circulaiton-lx-whirlpool-we14\/#primaryimage\"},\"image\":{\"@id\":\"https:\/\/www.sani-spa.fr\/collection\/produit\/pompe-de-circulaiton-lx-whirlpool-we14\/#primaryimage\"},\"thumbnailUrl\":\"https:\/\/www.sani-spa.fr\/collection\/wp-collection\/uploads\/2020\/04\/800x800-we14-1.jpg\",\"datePublished\":\"2020-04-09T21:28:17+00:00\",\"dateModified\":\"2022-11-29T13:42:58+00:00\",\"breadcrumb\":{\"@id\":\"https:\/\/www.sani-spa.fr\/collection\/produit\/pompe-de-circulaiton-lx-whirlpool-we14\/#breadcrumb\"},\"inLanguage\":\"fr-FR\",\"potentialAction\":[{\"@type\":\"ReadAction\",\"target\":[\"https:\/\/www.sani-spa.fr\/collection\/produit\/pompe-de-circulaiton-lx-whirlpool-we14\/\"]}]},{\"@type\":\"ImageObject\",\"inLanguage\":\"fr-FR\",\"@id\":\"https:\/\/www.sani-spa.fr\/collection\/produit\/pompe-de-circulaiton-lx-whirlpool-we14\/#primaryimage\",\"url\":\"https:\/\/www.sani-spa.fr\/collection\/wp-collection\/uploads\/2020\/04\/800x800-we14-1.jpg\",\"contentUrl\":\"https:\/\/www.sani-spa.fr\/collection\/wp-collection\/uploads\/2020\/04\/800x800-we14-1.jpg\",\"width\":428,\"height\":428},{\"@type\":\"BreadcrumbList\",\"@id\":\"https:\/\/www.sani-spa.fr\/collection\/produit\/pompe-de-circulaiton-lx-whirlpool-we14\/#breadcrumb\",\"itemListElement\":[{\"@type\":\"ListItem\",\"position\":1,\"name\":\"Accueil\",\"item\":\"https:\/\/www.sani-spa.fr\/collection\/\"},{\"@type\":\"ListItem\",\"position\":2,\"name\":\"Sani Spa CollectionPi\u00e8ces D\u00e9tach\u00e9es &amp; Accessoires pour Spas\",\"item\":\"https:\/\/www.sani-spa.fr\/collection\/\"},{\"@type\":\"ListItem\",\"position\":3,\"name\":\"Pompe de circulaiton LX Whirlpool WE14\"}]},{\"@type\":\"WebSite\",\"@id\":\"https:\/\/www.sani-spa.fr\/collection\/#website\",\"url\":\"https:\/\/www.sani-spa.fr\/collection\/\",\"name\":\"Sani Spa Collection\",\"description\":\"Boutique spas &amp; accessoires spa\",\"publisher\":{\"@id\":\"https:\/\/www.sani-spa.fr\/collection\/#organization\"},\"potentialAction\":[{\"@type\":\"SearchAction\",\"target\":{\"@type\":\"EntryPoint\",\"urlTemplate\":\"https:\/\/www.sani-spa.fr\/collection\/?s={search_term_string}\"},\"query-input\":{\"@type\":\"PropertyValueSpecification\",\"valueRequired\":true,\"valueName\":\"search_term_string\"}}],\"inLanguage\":\"fr-FR\"},{\"@type\":\"Organization\",\"@id\":\"https:\/\/www.sani-spa.fr\/collection\/#organization\",\"name\":\"Sani Spa Collection\",\"url\":\"https:\/\/www.sani-spa.fr\/collection\/\",\"logo\":{\"@type\":\"ImageObject\",\"inLanguage\":\"fr-FR\",\"@id\":\"https:\/\/www.sani-spa.fr\/collection\/#\/schema\/logo\/image\/\",\"url\":\"https:\/\/www.sani-spa.fr\/collection\/wp-collection\/uploads\/2017\/10\/logo-sani-spa-collection.png\",\"contentUrl\":\"https:\/\/www.sani-spa.fr\/collection\/wp-collection\/uploads\/2017\/10\/logo-sani-spa-collection.png\",\"width\":231,\"height\":54,\"caption\":\"Sani Spa Collection\"},\"image\":{\"@id\":\"https:\/\/www.sani-spa.fr\/collection\/#\/schema\/logo\/image\/\"},\"sameAs\":[\"https:\/\/www.facebook.com\/sarlsanispa\"]}]}<\/script>\n<!-- \/ Yoast SEO plugin. -->","yoast_head_json":{"title":"Pompe de circulaiton LX Whirlpool WE14 | Sani Spa Collection","robots":{"index":"index","follow":"follow","max-snippet":"max-snippet:-1","max-image-preview":"max-image-preview:large","max-video-preview":"max-video-preview:-1"},"canonical":"https:\/\/www.sani-spa.fr\/collection\/produit\/pompe-de-circulaiton-lx-whirlpool-we14\/","og_locale":"fr_FR","og_type":"article","og_title":"Pompe de circulaiton LX Whirlpool WE14 | Sani Spa Collection","og_description":"Pompe de circulation pour spa - 0,25 HP -\u00a0 (faible consommation) 150 Litres \/ min \/ Pr\u00e9-c\u00e2bl\u00e9 avec une prise AMP  L'aspiration et le refoulement sont identiques \u00e0 la pompe LAING E14  Raccords union m\u00e2les 1,5\" (62mm).","og_url":"https:\/\/www.sani-spa.fr\/collection\/produit\/pompe-de-circulaiton-lx-whirlpool-we14\/","og_site_name":"Sani Spa Collection","article_publisher":"https:\/\/www.facebook.com\/sarlsanispa","article_modified_time":"2022-11-29T13:42:58+00:00","og_image":[{"width":428,"height":428,"url":"https:\/\/www.sani-spa.fr\/collection\/wp-collection\/uploads\/2020\/04\/800x800-we14-1.jpg","type":"image\/jpeg"}],"twitter_card":"summary_large_image","schema":{"@context":"https:\/\/schema.org","@graph":[{"@type":"WebPage","@id":"https:\/\/www.sani-spa.fr\/collection\/produit\/pompe-de-circulaiton-lx-whirlpool-we14\/","url":"https:\/\/www.sani-spa.fr\/collection\/produit\/pompe-de-circulaiton-lx-whirlpool-we14\/","name":"Pompe de circulaiton LX Whirlpool WE14 | Sani Spa Collection","isPartOf":{"@id":"https:\/\/www.sani-spa.fr\/collection\/#website"},"primaryImageOfPage":{"@id":"https:\/\/www.sani-spa.fr\/collection\/produit\/pompe-de-circulaiton-lx-whirlpool-we14\/#primaryimage"},"image":{"@id":"https:\/\/www.sani-spa.fr\/collection\/produit\/pompe-de-circulaiton-lx-whirlpool-we14\/#primaryimage"},"thumbnailUrl":"https:\/\/www.sani-spa.fr\/collection\/wp-collection\/uploads\/2020\/04\/800x800-we14-1.jpg","datePublished":"2020-04-09T21:28:17+00:00","dateModified":"2022-11-29T13:42:58+00:00","breadcrumb":{"@id":"https:\/\/www.sani-spa.fr\/collection\/produit\/pompe-de-circulaiton-lx-whirlpool-we14\/#breadcrumb"},"inLanguage":"fr-FR","potentialAction":[{"@type":"ReadAction","target":["https:\/\/www.sani-spa.fr\/collection\/produit\/pompe-de-circulaiton-lx-whirlpool-we14\/"]}]},{"@type":"ImageObject","inLanguage":"fr-FR","@id":"https:\/\/www.sani-spa.fr\/collection\/produit\/pompe-de-circulaiton-lx-whirlpool-we14\/#primaryimage","url":"https:\/\/www.sani-spa.fr\/collection\/wp-collection\/uploads\/2020\/04\/800x800-we14-1.jpg","contentUrl":"https:\/\/www.sani-spa.fr\/collection\/wp-collection\/uploads\/2020\/04\/800x800-we14-1.jpg","width":428,"height":428},{"@type":"BreadcrumbList","@id":"https:\/\/www.sani-spa.fr\/collection\/produit\/pompe-de-circulaiton-lx-whirlpool-we14\/#breadcrumb","itemListElement":[{"@type":"ListItem","position":1,"name":"Accueil","item":"https:\/\/www.sani-spa.fr\/collection\/"},{"@type":"ListItem","position":2,"name":"Sani Spa CollectionPi\u00e8ces D\u00e9tach\u00e9es &amp; Accessoires pour Spas","item":"https:\/\/www.sani-spa.fr\/collection\/"},{"@type":"ListItem","position":3,"name":"Pompe de circulaiton LX Whirlpool WE14"}]},{"@type":"WebSite","@id":"https:\/\/www.sani-spa.fr\/collection\/#website","url":"https:\/\/www.sani-spa.fr\/collection\/","name":"Sani Spa Collection","description":"Boutique spas &amp; accessoires spa","publisher":{"@id":"https:\/\/www.sani-spa.fr\/collection\/#organization"},"potentialAction":[{"@type":"SearchAction","target":{"@type":"EntryPoint","urlTemplate":"https:\/\/www.sani-spa.fr\/collection\/?s={search_term_string}"},"query-input":{"@type":"PropertyValueSpecification","valueRequired":true,"valueName":"search_term_string"}}],"inLanguage":"fr-FR"},{"@type":"Organization","@id":"https:\/\/www.sani-spa.fr\/collection\/#organization","name":"Sani Spa Collection","url":"https:\/\/www.sani-spa.fr\/collection\/","logo":{"@type":"ImageObject","inLanguage":"fr-FR","@id":"https:\/\/www.sani-spa.fr\/collection\/#\/schema\/logo\/image\/","url":"https:\/\/www.sani-spa.fr\/collection\/wp-collection\/uploads\/2017\/10\/logo-sani-spa-collection.png","contentUrl":"https:\/\/www.sani-spa.fr\/collection\/wp-collection\/uploads\/2017\/10\/logo-sani-spa-collection.png","width":231,"height":54,"caption":"Sani Spa Collection"},"image":{"@id":"https:\/\/www.sani-spa.fr\/collection\/#\/schema\/logo\/image\/"},"sameAs":["https:\/\/www.facebook.com\/sarlsanispa"]}]}},"jetpack_sharing_enabled":true,"_links":{"self":[{"href":"https:\/\/www.sani-spa.fr\/collection\/wp-json\/wp\/v2\/product\/1794","targetHints":{"allow":["GET"]}}],"collection":[{"href":"https:\/\/www.sani-spa.fr\/collection\/wp-json\/wp\/v2\/product"}],"about":[{"href":"https:\/\/www.sani-spa.fr\/collection\/wp-json\/wp\/v2\/types\/product"}],"replies":[{"embeddable":true,"href":"https:\/\/www.sani-spa.fr\/collection\/wp-json\/wp\/v2\/comments?post=1794"}],"wp:featuredmedia":[{"embeddable":true,"href":"https:\/\/www.sani-spa.fr\/collection\/wp-json\/wp\/v2\/media\/1797"}],"wp:attachment":[{"href":"https:\/\/www.sani-spa.fr\/collection\/wp-json\/wp\/v2\/media?parent=1794"}],"wp:term":[{"taxonomy":"product_brand","embeddable":true,"href":"https:\/\/www.sani-spa.fr\/collection\/wp-json\/wp\/v2\/product_brand?post=1794"},{"taxonomy":"product_cat","embeddable":true,"href":"https:\/\/www.sani-spa.fr\/collection\/wp-json\/wp\/v2\/product_cat?post=1794"},{"taxonomy":"product_tag","embeddable":true,"href":"https:\/\/www.sani-spa.fr\/collection\/wp-json\/wp\/v2\/product_tag?post=1794"}],"curies":[{"name":"wp","href":"https:\/\/api.w.org\/{rel}","templated":true}]}}