{"id":1799,"date":"2020-04-10T10:14:49","date_gmt":"2020-04-10T08:14:49","guid":{"rendered":"https:\/\/www.sani-spa.fr\/collection\/?post_type=product&#038;p=1799"},"modified":"2022-11-29T14:42:44","modified_gmt":"2022-11-29T13:42:44","slug":"oxygene-actif-1kg-ocedis","status":"publish","type":"product","link":"https:\/\/www.sani-spa.fr\/collection\/produit\/oxygene-actif-1kg-ocedis\/","title":{"rendered":"Oxyg\u00e8ne Actif 1kg Ocedis"},"content":{"rendered":"<h3>Mode d&#8217;emploi :<\/h3>\n<p>Mettre 1 pastille oxyg\u00e8ne actif pour 2m3 d&#8217;eau directement dans le dans un flotteur ou dans le skimmer, il ne doit pas y avoir de baigneurs dans le bassin. Laisser se dissoudre la pastille (20 minutes environ), avant la baignade. Si pr\u00e9sence d&#8217;algues, n&#8217;h\u00e9sitez pas \u00e0 doubler la dose.<\/p>\n<p>&nbsp;<\/p>\n<p>&nbsp;<\/p>\n<p><span id=\"titreProduitChimique\">AVERTISSEMENT RELATIF \u00c0 L&#8217;UTILISATION DE PRODUITS CHIMIQUES :<\/span><\/p>\n<p><strong>ATTENTION, l&#8217;utilisation de produits chimiques est soumise \u00e0 des pr\u00e9cautions particuli\u00e8res sp\u00e9cifi\u00e9es sur leur notice d&#8217;utilisation.<\/strong><br \/>\nVous ne courrez aucun danger si vous respectez les conseils d&#8217;utilisation du fabricant.<br \/>\nN\u00e9anmoins, si vous ne respectez pas les indications de s\u00e9curit\u00e9 sp\u00e9cifi\u00e9es sur la notice, vous vous exposez \u00e0 des risques sanitaires potentiellement importants et pouvant \u00eatre dangereux.<\/p>\n<p><strong>Pr\u00e9cautions d&#8217;utilisation :<\/strong><\/p>\n<ul>\n<li>Il est imp\u00e9ratif de tenir ces produits hors de la port\u00e9e des enfants.<\/li>\n<li>Il est conseill\u00e9 de porter un masque et des gants de protection lorsque vous manipulez des produits chimiques.<\/li>\n<li>En cas de contact avec les yeux, rincer abondamment \u00e0 l&#8217;eau clair.<\/li>\n<li>Il est important de se lavez vous les mains apr\u00e8s chaque utilisation.<\/li>\n<\/ul>\n","protected":false},"excerpt":{"rendered":"<p>Pot d&#8217;Oxyg\u00e8ne Actif de 1kg pour d\u00e9sinfection de l&#8217;eau<\/p>\n<p><strong>L&#8217;avantage de l&#8217;Oxyg\u00e8ne Actif \u00a0:\u00a0<\/strong><\/p>\n<p>-Inodore<\/p>\n<p>-N&#8217;est pas agressif pour la peau \u00a0et se dissout lentement dans l&#8217;eau sans cr\u00e9er de r\u00e9sidu.<\/p>\n<p>-Capacit\u00e9 de d\u00e9sinfection rapide quelque soit le taux de PH\u00a0(98 % \u00e0 pH 7,0 et encore 75 % \u00e0 pH 8,2).<\/p>\n<p>La d\u00e9sinfection de l&#8217;eau via l&#8217;Oxyg\u00e8ne est fortement recommand\u00e9e pour les eaux chauff\u00e9es \u00e0 plus de 27\u00b0.<\/p>\n","protected":false},"featured_media":1800,"comment_status":"open","ping_status":"closed","template":"","meta":[],"product_brand":[],"product_cat":[33,56,71,80],"product_tag":[],"class_list":{"0":"post-1799","1":"product","2":"type-product","3":"status-publish","4":"has-post-thumbnail","6":"product_cat-produits-dentretien","7":"product_cat-au-detail","8":"product_cat-desinfection-de-leau-de-votre-spa","9":"product_cat-produits-dentretien-only-spa","10":"product_shipping_class-produits","12":"first","13":"instock","14":"taxable","15":"shipping-taxable","16":"purchasable","17":"product-type-simple"},"yoast_head":"<!-- This site is optimized with the Yoast SEO plugin v27.0 - https:\/\/yoast.com\/product\/yoast-seo-wordpress\/ -->\n<title>Oxyg\u00e8ne Actif 1kg Ocedis | Sani Spa Collection<\/title>\n<meta name=\"robots\" content=\"index, follow, max-snippet:-1, max-image-preview:large, max-video-preview:-1\" \/>\n<link rel=\"canonical\" href=\"https:\/\/www.sani-spa.fr\/collection\/produit\/oxygene-actif-1kg-ocedis\/\" \/>\n<meta property=\"og:locale\" content=\"fr_FR\" \/>\n<meta property=\"og:type\" content=\"article\" \/>\n<meta property=\"og:title\" content=\"Oxyg\u00e8ne Actif 1kg Ocedis | Sani Spa Collection\" \/>\n<meta property=\"og:description\" content=\"Pot d&#039;Oxyg\u00e8ne Actif de 1kg pour d\u00e9sinfection de l&#039;eau  L&#039;avantage de l&#039;Oxyg\u00e8ne Actif \u00a0:\u00a0  -Inodore  -N&#039;est pas agressif pour la peau \u00a0et se dissout lentement dans l&#039;eau sans cr\u00e9er de r\u00e9sidu.  -Capacit\u00e9 de d\u00e9sinfection rapide quelque soit le taux de PH\u00a0(98 % \u00e0 pH 7,0 et encore 75 % \u00e0 pH 8,2).  La d\u00e9sinfection de l&#039;eau via l&#039;Oxyg\u00e8ne est fortement recommand\u00e9e pour les eaux chauff\u00e9es \u00e0 plus de 27\u00b0.\" \/>\n<meta property=\"og:url\" content=\"https:\/\/www.sani-spa.fr\/collection\/produit\/oxygene-actif-1kg-ocedis\/\" \/>\n<meta property=\"og:site_name\" content=\"Sani Spa Collection\" \/>\n<meta property=\"article:publisher\" content=\"https:\/\/www.facebook.com\/sarlsanispa\" \/>\n<meta property=\"article:modified_time\" content=\"2022-11-29T13:42:44+00:00\" \/>\n<meta property=\"og:image\" content=\"https:\/\/www.sani-spa.fr\/collection\/wp-collection\/uploads\/2020\/04\/traitement-spa-oxygene-actif-oxy-actif-ocedis-gamme-o-spa-pot-1kg.jpg\" \/>\n\t<meta property=\"og:image:width\" content=\"320\" \/>\n\t<meta property=\"og:image:height\" content=\"240\" \/>\n\t<meta property=\"og:image:type\" content=\"image\/jpeg\" \/>\n<meta name=\"twitter:card\" content=\"summary_large_image\" \/>\n<meta name=\"twitter:label1\" content=\"Dur\u00e9e de lecture estim\u00e9e\" \/>\n\t<meta name=\"twitter:data1\" content=\"1 minute\" \/>\n<script type=\"application\/ld+json\" class=\"yoast-schema-graph\">{\"@context\":\"https:\/\/schema.org\",\"@graph\":[{\"@type\":\"WebPage\",\"@id\":\"https:\/\/www.sani-spa.fr\/collection\/produit\/oxygene-actif-1kg-ocedis\/\",\"url\":\"https:\/\/www.sani-spa.fr\/collection\/produit\/oxygene-actif-1kg-ocedis\/\",\"name\":\"Oxyg\u00e8ne Actif 1kg Ocedis | Sani Spa Collection\",\"isPartOf\":{\"@id\":\"https:\/\/www.sani-spa.fr\/collection\/#website\"},\"primaryImageOfPage\":{\"@id\":\"https:\/\/www.sani-spa.fr\/collection\/produit\/oxygene-actif-1kg-ocedis\/#primaryimage\"},\"image\":{\"@id\":\"https:\/\/www.sani-spa.fr\/collection\/produit\/oxygene-actif-1kg-ocedis\/#primaryimage\"},\"thumbnailUrl\":\"https:\/\/www.sani-spa.fr\/collection\/wp-collection\/uploads\/2020\/04\/traitement-spa-oxygene-actif-oxy-actif-ocedis-gamme-o-spa-pot-1kg.jpg\",\"datePublished\":\"2020-04-10T08:14:49+00:00\",\"dateModified\":\"2022-11-29T13:42:44+00:00\",\"breadcrumb\":{\"@id\":\"https:\/\/www.sani-spa.fr\/collection\/produit\/oxygene-actif-1kg-ocedis\/#breadcrumb\"},\"inLanguage\":\"fr-FR\",\"potentialAction\":[{\"@type\":\"ReadAction\",\"target\":[\"https:\/\/www.sani-spa.fr\/collection\/produit\/oxygene-actif-1kg-ocedis\/\"]}]},{\"@type\":\"ImageObject\",\"inLanguage\":\"fr-FR\",\"@id\":\"https:\/\/www.sani-spa.fr\/collection\/produit\/oxygene-actif-1kg-ocedis\/#primaryimage\",\"url\":\"https:\/\/www.sani-spa.fr\/collection\/wp-collection\/uploads\/2020\/04\/traitement-spa-oxygene-actif-oxy-actif-ocedis-gamme-o-spa-pot-1kg.jpg\",\"contentUrl\":\"https:\/\/www.sani-spa.fr\/collection\/wp-collection\/uploads\/2020\/04\/traitement-spa-oxygene-actif-oxy-actif-ocedis-gamme-o-spa-pot-1kg.jpg\",\"width\":320,\"height\":240},{\"@type\":\"BreadcrumbList\",\"@id\":\"https:\/\/www.sani-spa.fr\/collection\/produit\/oxygene-actif-1kg-ocedis\/#breadcrumb\",\"itemListElement\":[{\"@type\":\"ListItem\",\"position\":1,\"name\":\"Accueil\",\"item\":\"https:\/\/www.sani-spa.fr\/collection\/\"},{\"@type\":\"ListItem\",\"position\":2,\"name\":\"Sani Spa CollectionPi\u00e8ces D\u00e9tach\u00e9es &amp; Accessoires pour Spas\",\"item\":\"https:\/\/www.sani-spa.fr\/collection\/\"},{\"@type\":\"ListItem\",\"position\":3,\"name\":\"Oxyg\u00e8ne Actif 1kg Ocedis\"}]},{\"@type\":\"WebSite\",\"@id\":\"https:\/\/www.sani-spa.fr\/collection\/#website\",\"url\":\"https:\/\/www.sani-spa.fr\/collection\/\",\"name\":\"Sani Spa Collection\",\"description\":\"Boutique spas &amp; accessoires spa\",\"publisher\":{\"@id\":\"https:\/\/www.sani-spa.fr\/collection\/#organization\"},\"potentialAction\":[{\"@type\":\"SearchAction\",\"target\":{\"@type\":\"EntryPoint\",\"urlTemplate\":\"https:\/\/www.sani-spa.fr\/collection\/?s={search_term_string}\"},\"query-input\":{\"@type\":\"PropertyValueSpecification\",\"valueRequired\":true,\"valueName\":\"search_term_string\"}}],\"inLanguage\":\"fr-FR\"},{\"@type\":\"Organization\",\"@id\":\"https:\/\/www.sani-spa.fr\/collection\/#organization\",\"name\":\"Sani Spa Collection\",\"url\":\"https:\/\/www.sani-spa.fr\/collection\/\",\"logo\":{\"@type\":\"ImageObject\",\"inLanguage\":\"fr-FR\",\"@id\":\"https:\/\/www.sani-spa.fr\/collection\/#\/schema\/logo\/image\/\",\"url\":\"https:\/\/www.sani-spa.fr\/collection\/wp-collection\/uploads\/2017\/10\/logo-sani-spa-collection.png\",\"contentUrl\":\"https:\/\/www.sani-spa.fr\/collection\/wp-collection\/uploads\/2017\/10\/logo-sani-spa-collection.png\",\"width\":231,\"height\":54,\"caption\":\"Sani Spa Collection\"},\"image\":{\"@id\":\"https:\/\/www.sani-spa.fr\/collection\/#\/schema\/logo\/image\/\"},\"sameAs\":[\"https:\/\/www.facebook.com\/sarlsanispa\"]}]}<\/script>\n<!-- \/ Yoast SEO plugin. -->","yoast_head_json":{"title":"Oxyg\u00e8ne Actif 1kg Ocedis | Sani Spa Collection","robots":{"index":"index","follow":"follow","max-snippet":"max-snippet:-1","max-image-preview":"max-image-preview:large","max-video-preview":"max-video-preview:-1"},"canonical":"https:\/\/www.sani-spa.fr\/collection\/produit\/oxygene-actif-1kg-ocedis\/","og_locale":"fr_FR","og_type":"article","og_title":"Oxyg\u00e8ne Actif 1kg Ocedis | Sani Spa Collection","og_description":"Pot d'Oxyg\u00e8ne Actif de 1kg pour d\u00e9sinfection de l'eau  L'avantage de l'Oxyg\u00e8ne Actif \u00a0:\u00a0  -Inodore  -N'est pas agressif pour la peau \u00a0et se dissout lentement dans l'eau sans cr\u00e9er de r\u00e9sidu.  -Capacit\u00e9 de d\u00e9sinfection rapide quelque soit le taux de PH\u00a0(98 % \u00e0 pH 7,0 et encore 75 % \u00e0 pH 8,2).  La d\u00e9sinfection de l'eau via l'Oxyg\u00e8ne est fortement recommand\u00e9e pour les eaux chauff\u00e9es \u00e0 plus de 27\u00b0.","og_url":"https:\/\/www.sani-spa.fr\/collection\/produit\/oxygene-actif-1kg-ocedis\/","og_site_name":"Sani Spa Collection","article_publisher":"https:\/\/www.facebook.com\/sarlsanispa","article_modified_time":"2022-11-29T13:42:44+00:00","og_image":[{"width":320,"height":240,"url":"https:\/\/www.sani-spa.fr\/collection\/wp-collection\/uploads\/2020\/04\/traitement-spa-oxygene-actif-oxy-actif-ocedis-gamme-o-spa-pot-1kg.jpg","type":"image\/jpeg"}],"twitter_card":"summary_large_image","twitter_misc":{"Dur\u00e9e de lecture estim\u00e9e":"1 minute"},"schema":{"@context":"https:\/\/schema.org","@graph":[{"@type":"WebPage","@id":"https:\/\/www.sani-spa.fr\/collection\/produit\/oxygene-actif-1kg-ocedis\/","url":"https:\/\/www.sani-spa.fr\/collection\/produit\/oxygene-actif-1kg-ocedis\/","name":"Oxyg\u00e8ne Actif 1kg Ocedis | Sani Spa Collection","isPartOf":{"@id":"https:\/\/www.sani-spa.fr\/collection\/#website"},"primaryImageOfPage":{"@id":"https:\/\/www.sani-spa.fr\/collection\/produit\/oxygene-actif-1kg-ocedis\/#primaryimage"},"image":{"@id":"https:\/\/www.sani-spa.fr\/collection\/produit\/oxygene-actif-1kg-ocedis\/#primaryimage"},"thumbnailUrl":"https:\/\/www.sani-spa.fr\/collection\/wp-collection\/uploads\/2020\/04\/traitement-spa-oxygene-actif-oxy-actif-ocedis-gamme-o-spa-pot-1kg.jpg","datePublished":"2020-04-10T08:14:49+00:00","dateModified":"2022-11-29T13:42:44+00:00","breadcrumb":{"@id":"https:\/\/www.sani-spa.fr\/collection\/produit\/oxygene-actif-1kg-ocedis\/#breadcrumb"},"inLanguage":"fr-FR","potentialAction":[{"@type":"ReadAction","target":["https:\/\/www.sani-spa.fr\/collection\/produit\/oxygene-actif-1kg-ocedis\/"]}]},{"@type":"ImageObject","inLanguage":"fr-FR","@id":"https:\/\/www.sani-spa.fr\/collection\/produit\/oxygene-actif-1kg-ocedis\/#primaryimage","url":"https:\/\/www.sani-spa.fr\/collection\/wp-collection\/uploads\/2020\/04\/traitement-spa-oxygene-actif-oxy-actif-ocedis-gamme-o-spa-pot-1kg.jpg","contentUrl":"https:\/\/www.sani-spa.fr\/collection\/wp-collection\/uploads\/2020\/04\/traitement-spa-oxygene-actif-oxy-actif-ocedis-gamme-o-spa-pot-1kg.jpg","width":320,"height":240},{"@type":"BreadcrumbList","@id":"https:\/\/www.sani-spa.fr\/collection\/produit\/oxygene-actif-1kg-ocedis\/#breadcrumb","itemListElement":[{"@type":"ListItem","position":1,"name":"Accueil","item":"https:\/\/www.sani-spa.fr\/collection\/"},{"@type":"ListItem","position":2,"name":"Sani Spa CollectionPi\u00e8ces D\u00e9tach\u00e9es &amp; Accessoires pour Spas","item":"https:\/\/www.sani-spa.fr\/collection\/"},{"@type":"ListItem","position":3,"name":"Oxyg\u00e8ne Actif 1kg Ocedis"}]},{"@type":"WebSite","@id":"https:\/\/www.sani-spa.fr\/collection\/#website","url":"https:\/\/www.sani-spa.fr\/collection\/","name":"Sani Spa Collection","description":"Boutique spas &amp; accessoires spa","publisher":{"@id":"https:\/\/www.sani-spa.fr\/collection\/#organization"},"potentialAction":[{"@type":"SearchAction","target":{"@type":"EntryPoint","urlTemplate":"https:\/\/www.sani-spa.fr\/collection\/?s={search_term_string}"},"query-input":{"@type":"PropertyValueSpecification","valueRequired":true,"valueName":"search_term_string"}}],"inLanguage":"fr-FR"},{"@type":"Organization","@id":"https:\/\/www.sani-spa.fr\/collection\/#organization","name":"Sani Spa Collection","url":"https:\/\/www.sani-spa.fr\/collection\/","logo":{"@type":"ImageObject","inLanguage":"fr-FR","@id":"https:\/\/www.sani-spa.fr\/collection\/#\/schema\/logo\/image\/","url":"https:\/\/www.sani-spa.fr\/collection\/wp-collection\/uploads\/2017\/10\/logo-sani-spa-collection.png","contentUrl":"https:\/\/www.sani-spa.fr\/collection\/wp-collection\/uploads\/2017\/10\/logo-sani-spa-collection.png","width":231,"height":54,"caption":"Sani Spa Collection"},"image":{"@id":"https:\/\/www.sani-spa.fr\/collection\/#\/schema\/logo\/image\/"},"sameAs":["https:\/\/www.facebook.com\/sarlsanispa"]}]}},"jetpack_sharing_enabled":true,"_links":{"self":[{"href":"https:\/\/www.sani-spa.fr\/collection\/wp-json\/wp\/v2\/product\/1799","targetHints":{"allow":["GET"]}}],"collection":[{"href":"https:\/\/www.sani-spa.fr\/collection\/wp-json\/wp\/v2\/product"}],"about":[{"href":"https:\/\/www.sani-spa.fr\/collection\/wp-json\/wp\/v2\/types\/product"}],"replies":[{"embeddable":true,"href":"https:\/\/www.sani-spa.fr\/collection\/wp-json\/wp\/v2\/comments?post=1799"}],"wp:featuredmedia":[{"embeddable":true,"href":"https:\/\/www.sani-spa.fr\/collection\/wp-json\/wp\/v2\/media\/1800"}],"wp:attachment":[{"href":"https:\/\/www.sani-spa.fr\/collection\/wp-json\/wp\/v2\/media?parent=1799"}],"wp:term":[{"taxonomy":"product_brand","embeddable":true,"href":"https:\/\/www.sani-spa.fr\/collection\/wp-json\/wp\/v2\/product_brand?post=1799"},{"taxonomy":"product_cat","embeddable":true,"href":"https:\/\/www.sani-spa.fr\/collection\/wp-json\/wp\/v2\/product_cat?post=1799"},{"taxonomy":"product_tag","embeddable":true,"href":"https:\/\/www.sani-spa.fr\/collection\/wp-json\/wp\/v2\/product_tag?post=1799"}],"curies":[{"name":"wp","href":"https:\/\/api.w.org\/{rel}","templated":true}]}}