{"id":2594,"date":"2022-03-10T14:02:48","date_gmt":"2022-03-10T13:02:48","guid":{"rendered":"https:\/\/www.sani-spa.fr\/collection\/?post_type=product&#038;p=2594"},"modified":"2025-05-12T09:39:02","modified_gmt":"2025-05-12T07:39:02","slug":"ph-moins-2kg-hth","status":"publish","type":"product","link":"https:\/\/www.sani-spa.fr\/collection\/produit\/ph-moins-2kg-hth\/","title":{"rendered":"PH Moins 2kg HTH"},"content":{"rendered":"<p><strong>PH moins &#8211; HTH<\/strong><br \/>\nPermet de diminuer le PH et l&#8217;alcalinit\u00e9 de l&#8217;eau de votre spa<\/p>\n<p>Un bon r\u00e9glage du pH est n\u00e9cessaire pour avoir un bon \u00e9quilibre de l&#8217;eau. Le pH est bien trop souvent n\u00e9glig\u00e9 dans le cadre du traitement des eaux de spas, pourtant il est\u00a0essentiel\u00a0pour \u00e9viter de nombreux d\u00e9sagr\u00e9ments tels que un potentiel d\u00e9veloppement d&#8217;algues, une irritation des yeux et de la peau, une eau trouble. De plus il facilitera \u00e9galement l&#8217;action du d\u00e9sinfectant, du floculant et des autres produits de traitement, con\u00e7us pour agir de fa\u00e7on\u00a0optimale \u00e0 pH neutre\u00a0(le plus proche de 7,0).<\/p>\n<p>&#8211; Ne g\u00e9n\u00e8re pas d&#8217;ions chlorures<br \/>\n&#8211; Compatible \u00e0 l&#8217;\u00e9tat dissous, avec les d\u00e9sinfectants et auxiliaires de traitement employ\u00e9s en spa.<br \/>\n&#8211; Compatible avec tout \u00e9quipement de filtration<br \/>\n&#8211; Poudre \u00e0 dissolution rapide sans r\u00e9sidu<br \/>\n&#8211; Doseur int\u00e9gr\u00e9<br \/>\n&#8211; Poids net : 2kg<br \/>\n&#8211; Non moussant aux dosages recommand\u00e9s en spa.<\/p>\n<p><b>Pr\u00e9voir environ 15g pour un spa de 1000L pour descendre de 0.2 unit\u00e9 de PH<\/b><\/p>\n","protected":false},"excerpt":{"rendered":"<h1 class=\"product-name\">PH Moins<\/h1>\n<div class=\"product-desc wysiwyg mb-3 mb-md-5\"><strong>PH moins 1,5Kg &#8211; OCEDIS<\/strong><br \/>\nPermet de diminuer le PH et l&#8217;alcalinit\u00e9 de l&#8217;eau de votre spa<br \/>\nPoudre \u00e0 Dissolution rapide<br \/>\nBoite de 1.5 kg<\/div>\n<div class=\"product-actions\">\n<div class=\"product-attributes\">\n<form id=\"buy_block\" action=\"https:\/\/www.boospa.net\/fr\/panier\" method=\"post\">\n<div class=\"row bottom-xxs\"><\/div>\n<\/form>\n<\/div>\n<\/div>\n","protected":false},"featured_media":4295,"comment_status":"open","ping_status":"closed","template":"","meta":[],"product_brand":[],"product_cat":[33,56,72,78,80],"product_tag":[],"class_list":{"0":"post-2594","1":"product","2":"type-product","3":"status-publish","4":"has-post-thumbnail","6":"product_cat-produits-dentretien","7":"product_cat-au-detail","8":"product_cat-ph-de-leau","9":"product_cat-only-spa","10":"product_cat-produits-dentretien-only-spa","12":"first","13":"instock","14":"taxable","15":"shipping-taxable","16":"purchasable","17":"product-type-simple"},"yoast_head":"<!-- This site is optimized with the Yoast SEO plugin v27.0 - https:\/\/yoast.com\/product\/yoast-seo-wordpress\/ -->\n<title>PH Moins 2kg HTH | Sani Spa Collection<\/title>\n<meta name=\"description\" content=\"Parfait pour remonter et r\u00e9guler le PH de l&#039;eau de votre spa. PH plus HTH \/ Sanispa Collection. Livraison sou 48 \u00e0 72 heures !\" \/>\n<meta name=\"robots\" content=\"index, follow, max-snippet:-1, max-image-preview:large, max-video-preview:-1\" \/>\n<link rel=\"canonical\" href=\"https:\/\/www.sani-spa.fr\/collection\/produit\/ph-moins-2kg-hth\/\" \/>\n<meta property=\"og:locale\" content=\"fr_FR\" \/>\n<meta property=\"og:type\" content=\"article\" \/>\n<meta property=\"og:title\" content=\"PH Moins 2kg HTH | Sani Spa Collection\" \/>\n<meta property=\"og:description\" content=\"Parfait pour remonter et r\u00e9guler le PH de l&#039;eau de votre spa. PH plus HTH \/ Sanispa Collection. Livraison sou 48 \u00e0 72 heures !\" \/>\n<meta property=\"og:url\" content=\"https:\/\/www.sani-spa.fr\/collection\/produit\/ph-moins-2kg-hth\/\" \/>\n<meta property=\"og:site_name\" content=\"Sani Spa Collection\" \/>\n<meta property=\"article:publisher\" content=\"https:\/\/www.facebook.com\/sarlsanispa\" \/>\n<meta property=\"article:modified_time\" content=\"2025-05-12T07:39:02+00:00\" \/>\n<meta property=\"og:image\" content=\"http:\/\/www.sani-spa.fr\/collection\/wp-collection\/uploads\/2022\/03\/hth-spa-ph-moins.jpg\" \/>\n\t<meta property=\"og:image:width\" content=\"1400\" \/>\n\t<meta property=\"og:image:height\" content=\"1400\" \/>\n\t<meta property=\"og:image:type\" content=\"image\/jpeg\" \/>\n<meta name=\"twitter:card\" content=\"summary_large_image\" \/>\n<meta name=\"twitter:label1\" content=\"Dur\u00e9e de lecture estim\u00e9e\" \/>\n\t<meta name=\"twitter:data1\" content=\"2 minutes\" \/>\n<script type=\"application\/ld+json\" class=\"yoast-schema-graph\">{\"@context\":\"https:\/\/schema.org\",\"@graph\":[{\"@type\":\"WebPage\",\"@id\":\"https:\/\/www.sani-spa.fr\/collection\/produit\/ph-moins-2kg-hth\/\",\"url\":\"https:\/\/www.sani-spa.fr\/collection\/produit\/ph-moins-2kg-hth\/\",\"name\":\"PH Moins 2kg HTH | Sani Spa Collection\",\"isPartOf\":{\"@id\":\"https:\/\/www.sani-spa.fr\/collection\/#website\"},\"primaryImageOfPage\":{\"@id\":\"https:\/\/www.sani-spa.fr\/collection\/produit\/ph-moins-2kg-hth\/#primaryimage\"},\"image\":{\"@id\":\"https:\/\/www.sani-spa.fr\/collection\/produit\/ph-moins-2kg-hth\/#primaryimage\"},\"thumbnailUrl\":\"https:\/\/www.sani-spa.fr\/collection\/wp-collection\/uploads\/2022\/03\/hth-spa-ph-moins.jpg\",\"datePublished\":\"2022-03-10T13:02:48+00:00\",\"dateModified\":\"2025-05-12T07:39:02+00:00\",\"description\":\"Parfait pour remonter et r\u00e9guler le PH de l'eau de votre spa. PH plus HTH \/ Sanispa Collection. Livraison sou 48 \u00e0 72 heures !\",\"breadcrumb\":{\"@id\":\"https:\/\/www.sani-spa.fr\/collection\/produit\/ph-moins-2kg-hth\/#breadcrumb\"},\"inLanguage\":\"fr-FR\",\"potentialAction\":[{\"@type\":\"ReadAction\",\"target\":[\"https:\/\/www.sani-spa.fr\/collection\/produit\/ph-moins-2kg-hth\/\"]}]},{\"@type\":\"ImageObject\",\"inLanguage\":\"fr-FR\",\"@id\":\"https:\/\/www.sani-spa.fr\/collection\/produit\/ph-moins-2kg-hth\/#primaryimage\",\"url\":\"https:\/\/www.sani-spa.fr\/collection\/wp-collection\/uploads\/2022\/03\/hth-spa-ph-moins.jpg\",\"contentUrl\":\"https:\/\/www.sani-spa.fr\/collection\/wp-collection\/uploads\/2022\/03\/hth-spa-ph-moins.jpg\",\"width\":1400,\"height\":1400},{\"@type\":\"BreadcrumbList\",\"@id\":\"https:\/\/www.sani-spa.fr\/collection\/produit\/ph-moins-2kg-hth\/#breadcrumb\",\"itemListElement\":[{\"@type\":\"ListItem\",\"position\":1,\"name\":\"Accueil\",\"item\":\"https:\/\/www.sani-spa.fr\/collection\/\"},{\"@type\":\"ListItem\",\"position\":2,\"name\":\"Sani Spa CollectionPi\u00e8ces D\u00e9tach\u00e9es &amp; Accessoires pour Spas\",\"item\":\"https:\/\/www.sani-spa.fr\/collection\/\"},{\"@type\":\"ListItem\",\"position\":3,\"name\":\"PH Moins 2kg HTH\"}]},{\"@type\":\"WebSite\",\"@id\":\"https:\/\/www.sani-spa.fr\/collection\/#website\",\"url\":\"https:\/\/www.sani-spa.fr\/collection\/\",\"name\":\"Sani Spa Collection\",\"description\":\"Boutique spas &amp; accessoires spa\",\"publisher\":{\"@id\":\"https:\/\/www.sani-spa.fr\/collection\/#organization\"},\"potentialAction\":[{\"@type\":\"SearchAction\",\"target\":{\"@type\":\"EntryPoint\",\"urlTemplate\":\"https:\/\/www.sani-spa.fr\/collection\/?s={search_term_string}\"},\"query-input\":{\"@type\":\"PropertyValueSpecification\",\"valueRequired\":true,\"valueName\":\"search_term_string\"}}],\"inLanguage\":\"fr-FR\"},{\"@type\":\"Organization\",\"@id\":\"https:\/\/www.sani-spa.fr\/collection\/#organization\",\"name\":\"Sani Spa Collection\",\"url\":\"https:\/\/www.sani-spa.fr\/collection\/\",\"logo\":{\"@type\":\"ImageObject\",\"inLanguage\":\"fr-FR\",\"@id\":\"https:\/\/www.sani-spa.fr\/collection\/#\/schema\/logo\/image\/\",\"url\":\"https:\/\/www.sani-spa.fr\/collection\/wp-collection\/uploads\/2017\/10\/logo-sani-spa-collection.png\",\"contentUrl\":\"https:\/\/www.sani-spa.fr\/collection\/wp-collection\/uploads\/2017\/10\/logo-sani-spa-collection.png\",\"width\":231,\"height\":54,\"caption\":\"Sani Spa Collection\"},\"image\":{\"@id\":\"https:\/\/www.sani-spa.fr\/collection\/#\/schema\/logo\/image\/\"},\"sameAs\":[\"https:\/\/www.facebook.com\/sarlsanispa\"]}]}<\/script>\n<!-- \/ Yoast SEO plugin. -->","yoast_head_json":{"title":"PH Moins 2kg HTH | Sani Spa Collection","description":"Parfait pour remonter et r\u00e9guler le PH de l'eau de votre spa. PH plus HTH \/ Sanispa Collection. Livraison sou 48 \u00e0 72 heures !","robots":{"index":"index","follow":"follow","max-snippet":"max-snippet:-1","max-image-preview":"max-image-preview:large","max-video-preview":"max-video-preview:-1"},"canonical":"https:\/\/www.sani-spa.fr\/collection\/produit\/ph-moins-2kg-hth\/","og_locale":"fr_FR","og_type":"article","og_title":"PH Moins 2kg HTH | Sani Spa Collection","og_description":"Parfait pour remonter et r\u00e9guler le PH de l'eau de votre spa. PH plus HTH \/ Sanispa Collection. Livraison sou 48 \u00e0 72 heures !","og_url":"https:\/\/www.sani-spa.fr\/collection\/produit\/ph-moins-2kg-hth\/","og_site_name":"Sani Spa Collection","article_publisher":"https:\/\/www.facebook.com\/sarlsanispa","article_modified_time":"2025-05-12T07:39:02+00:00","og_image":[{"width":1400,"height":1400,"url":"http:\/\/www.sani-spa.fr\/collection\/wp-collection\/uploads\/2022\/03\/hth-spa-ph-moins.jpg","type":"image\/jpeg"}],"twitter_card":"summary_large_image","twitter_misc":{"Dur\u00e9e de lecture estim\u00e9e":"2 minutes"},"schema":{"@context":"https:\/\/schema.org","@graph":[{"@type":"WebPage","@id":"https:\/\/www.sani-spa.fr\/collection\/produit\/ph-moins-2kg-hth\/","url":"https:\/\/www.sani-spa.fr\/collection\/produit\/ph-moins-2kg-hth\/","name":"PH Moins 2kg HTH | Sani Spa Collection","isPartOf":{"@id":"https:\/\/www.sani-spa.fr\/collection\/#website"},"primaryImageOfPage":{"@id":"https:\/\/www.sani-spa.fr\/collection\/produit\/ph-moins-2kg-hth\/#primaryimage"},"image":{"@id":"https:\/\/www.sani-spa.fr\/collection\/produit\/ph-moins-2kg-hth\/#primaryimage"},"thumbnailUrl":"https:\/\/www.sani-spa.fr\/collection\/wp-collection\/uploads\/2022\/03\/hth-spa-ph-moins.jpg","datePublished":"2022-03-10T13:02:48+00:00","dateModified":"2025-05-12T07:39:02+00:00","description":"Parfait pour remonter et r\u00e9guler le PH de l'eau de votre spa. PH plus HTH \/ Sanispa Collection. Livraison sou 48 \u00e0 72 heures !","breadcrumb":{"@id":"https:\/\/www.sani-spa.fr\/collection\/produit\/ph-moins-2kg-hth\/#breadcrumb"},"inLanguage":"fr-FR","potentialAction":[{"@type":"ReadAction","target":["https:\/\/www.sani-spa.fr\/collection\/produit\/ph-moins-2kg-hth\/"]}]},{"@type":"ImageObject","inLanguage":"fr-FR","@id":"https:\/\/www.sani-spa.fr\/collection\/produit\/ph-moins-2kg-hth\/#primaryimage","url":"https:\/\/www.sani-spa.fr\/collection\/wp-collection\/uploads\/2022\/03\/hth-spa-ph-moins.jpg","contentUrl":"https:\/\/www.sani-spa.fr\/collection\/wp-collection\/uploads\/2022\/03\/hth-spa-ph-moins.jpg","width":1400,"height":1400},{"@type":"BreadcrumbList","@id":"https:\/\/www.sani-spa.fr\/collection\/produit\/ph-moins-2kg-hth\/#breadcrumb","itemListElement":[{"@type":"ListItem","position":1,"name":"Accueil","item":"https:\/\/www.sani-spa.fr\/collection\/"},{"@type":"ListItem","position":2,"name":"Sani Spa CollectionPi\u00e8ces D\u00e9tach\u00e9es &amp; Accessoires pour Spas","item":"https:\/\/www.sani-spa.fr\/collection\/"},{"@type":"ListItem","position":3,"name":"PH Moins 2kg HTH"}]},{"@type":"WebSite","@id":"https:\/\/www.sani-spa.fr\/collection\/#website","url":"https:\/\/www.sani-spa.fr\/collection\/","name":"Sani Spa Collection","description":"Boutique spas &amp; accessoires spa","publisher":{"@id":"https:\/\/www.sani-spa.fr\/collection\/#organization"},"potentialAction":[{"@type":"SearchAction","target":{"@type":"EntryPoint","urlTemplate":"https:\/\/www.sani-spa.fr\/collection\/?s={search_term_string}"},"query-input":{"@type":"PropertyValueSpecification","valueRequired":true,"valueName":"search_term_string"}}],"inLanguage":"fr-FR"},{"@type":"Organization","@id":"https:\/\/www.sani-spa.fr\/collection\/#organization","name":"Sani Spa Collection","url":"https:\/\/www.sani-spa.fr\/collection\/","logo":{"@type":"ImageObject","inLanguage":"fr-FR","@id":"https:\/\/www.sani-spa.fr\/collection\/#\/schema\/logo\/image\/","url":"https:\/\/www.sani-spa.fr\/collection\/wp-collection\/uploads\/2017\/10\/logo-sani-spa-collection.png","contentUrl":"https:\/\/www.sani-spa.fr\/collection\/wp-collection\/uploads\/2017\/10\/logo-sani-spa-collection.png","width":231,"height":54,"caption":"Sani Spa Collection"},"image":{"@id":"https:\/\/www.sani-spa.fr\/collection\/#\/schema\/logo\/image\/"},"sameAs":["https:\/\/www.facebook.com\/sarlsanispa"]}]}},"jetpack_sharing_enabled":true,"_links":{"self":[{"href":"https:\/\/www.sani-spa.fr\/collection\/wp-json\/wp\/v2\/product\/2594","targetHints":{"allow":["GET"]}}],"collection":[{"href":"https:\/\/www.sani-spa.fr\/collection\/wp-json\/wp\/v2\/product"}],"about":[{"href":"https:\/\/www.sani-spa.fr\/collection\/wp-json\/wp\/v2\/types\/product"}],"replies":[{"embeddable":true,"href":"https:\/\/www.sani-spa.fr\/collection\/wp-json\/wp\/v2\/comments?post=2594"}],"wp:featuredmedia":[{"embeddable":true,"href":"https:\/\/www.sani-spa.fr\/collection\/wp-json\/wp\/v2\/media\/4295"}],"wp:attachment":[{"href":"https:\/\/www.sani-spa.fr\/collection\/wp-json\/wp\/v2\/media?parent=2594"}],"wp:term":[{"taxonomy":"product_brand","embeddable":true,"href":"https:\/\/www.sani-spa.fr\/collection\/wp-json\/wp\/v2\/product_brand?post=2594"},{"taxonomy":"product_cat","embeddable":true,"href":"https:\/\/www.sani-spa.fr\/collection\/wp-json\/wp\/v2\/product_cat?post=2594"},{"taxonomy":"product_tag","embeddable":true,"href":"https:\/\/www.sani-spa.fr\/collection\/wp-json\/wp\/v2\/product_tag?post=2594"}],"curies":[{"name":"wp","href":"https:\/\/api.w.org\/{rel}","templated":true}]}}