{"id":2727,"date":"2022-05-21T13:37:17","date_gmt":"2022-05-21T11:37:17","guid":{"rendered":"https:\/\/www.sani-spa.fr\/collection\/?post_type=product&#038;p=2727"},"modified":"2024-09-05T22:05:45","modified_gmt":"2024-09-05T20:05:45","slug":"nettoyant-canalisation-spatime-1l","status":"publish","type":"product","link":"https:\/\/www.sani-spa.fr\/collection\/produit\/nettoyant-canalisation-spatime-1l\/","title":{"rendered":"Nettoyant Canalisation Spatime 1L"},"content":{"rendered":"<h2>SPATIME &#8211; Nettoyant canalisation 1L<\/h2>\n<p>Permet de <b>d\u00e9sinfecter et de nettoyer<\/b>\u00a0votre spa en profondeur (canalisations). Les granul\u00e9s agissent dans les endroits les plus difficiles d&#8217;acc\u00e8s.<\/p>\n<p>Ce nettoyant canalisation permet <b>d&#8217;\u00e9liminer<\/b> le biofilm et les pellicules d&#8217;huile ou de savon form\u00e9s \u00e0 la <b>surface de l&#8217;eau et dans les canalisations.<\/b><br \/>\nIl sert \u00e9galement en <b>pr\u00e9vention<\/b> de la formation d&#8217;odeurs d\u00e9sagr\u00e9ables.<br \/>\nLes impuret\u00e9s qui se forment dans les spas ont une tendance particuli\u00e8re \u00e0 stagner dans les canalisations et sont difficiles \u00e0 \u00e9liminer. Il est recommand\u00e9 par cons\u00e9quent d&#8217;effectuer un <b>nettoyage int\u00e9gral du syst\u00e8me hydraulique au moins une fois par an<\/b>, soit tous les 2 \u00e0 3 remplissages de votre spa.<\/p>\n<p><b>Utilisation <\/b>:<br \/>\nAjoutez 200g de nettoyant canalisation SPATIME pour 1000 litres d&#8217;eau dans le pr\u00e9filtre. Si votre Spa n&#8217;est pas \u00e9quip\u00e9 d&#8217;un pr\u00e9filtre, diluez pr\u00e9alablement les 200 g de granul\u00e9s dans un r\u00e9cipient rempli de 5 litres d&#8217;eau. Versez la dilution obtenue dans l&#8217;eau du bassin. Faites fonctionner la pompe de filtration pendant environ 5 minutes. Laissez agir pendant 1 heure environ, puis faites \u00e0 nouveau circuler l&#8217;eau bri\u00e8vement. Videz, rincez le spa et le remplissez le d&#8217;eau neuve.<\/p>\n","protected":false},"excerpt":{"rendered":"<h1 class=\"product-name\">Spatime &#8211; Nettoyant canalisations spa<\/h1>\n<div class=\"product-desc wysiwyg mb-3 mb-md-5\">SPATIME &#8211; <strong>Nettoyant \/ d\u00e9sinfectant des canalisations de spas<\/strong><br \/>\nPermet de <strong>nettoyer la tuyauterie de votre spa<\/strong><br \/>\nA utiliser \u00e0 chaque vidange et au premier remplissage de votre spa<br \/>\n<b>Poids net : <\/b>1kg<br \/>\n200 g\/m3 \u00e0 chaque nettoyage<\/div>\n","protected":false},"featured_media":3779,"comment_status":"open","ping_status":"closed","template":"","meta":[],"product_brand":[],"product_cat":[33,56,71],"product_tag":[],"class_list":{"0":"post-2727","1":"product","2":"type-product","3":"status-publish","4":"has-post-thumbnail","6":"product_cat-produits-dentretien","7":"product_cat-au-detail","8":"product_cat-desinfection-de-leau-de-votre-spa","9":"product_shipping_class-produits","11":"first","12":"instock","13":"taxable","14":"shipping-taxable","15":"purchasable","16":"product-type-simple"},"yoast_head":"<!-- This site is optimized with the Yoast SEO plugin v27.0 - https:\/\/yoast.com\/product\/yoast-seo-wordpress\/ -->\n<title>Nettoyant Canalisation Spatime 1L | Sani Spa Collection<\/title>\n<meta name=\"robots\" content=\"index, follow, max-snippet:-1, max-image-preview:large, max-video-preview:-1\" \/>\n<link rel=\"canonical\" href=\"https:\/\/www.sani-spa.fr\/collection\/produit\/nettoyant-canalisation-spatime-1l\/\" \/>\n<meta property=\"og:locale\" content=\"fr_FR\" \/>\n<meta property=\"og:type\" content=\"article\" \/>\n<meta property=\"og:title\" content=\"Nettoyant Canalisation Spatime 1L | Sani Spa Collection\" \/>\n<meta property=\"og:description\" content=\"Spatime - Nettoyant canalisations spa SPATIME - Nettoyant \/ d\u00e9sinfectant des canalisations de spas Permet de nettoyer la tuyauterie de votre spa A utiliser \u00e0 chaque vidange et au premier remplissage de votre spa Poids net : 1kg 200 g\/m3 \u00e0 chaque nettoyage\" \/>\n<meta property=\"og:url\" content=\"https:\/\/www.sani-spa.fr\/collection\/produit\/nettoyant-canalisation-spatime-1l\/\" \/>\n<meta property=\"og:site_name\" content=\"Sani Spa Collection\" \/>\n<meta property=\"article:publisher\" content=\"https:\/\/www.facebook.com\/sarlsanispa\" \/>\n<meta property=\"article:modified_time\" content=\"2024-09-05T20:05:45+00:00\" \/>\n<meta property=\"og:image\" content=\"http:\/\/www.sani-spa.fr\/collection\/wp-collection\/uploads\/2022\/05\/spatime-nettoyant-canalisations-spa.jpg\" \/>\n\t<meta property=\"og:image:width\" content=\"1400\" \/>\n\t<meta property=\"og:image:height\" content=\"1400\" \/>\n\t<meta property=\"og:image:type\" content=\"image\/jpeg\" \/>\n<meta name=\"twitter:card\" content=\"summary_large_image\" \/>\n<meta name=\"twitter:label1\" content=\"Dur\u00e9e de lecture estim\u00e9e\" \/>\n\t<meta name=\"twitter:data1\" content=\"2 minutes\" \/>\n<script type=\"application\/ld+json\" class=\"yoast-schema-graph\">{\"@context\":\"https:\/\/schema.org\",\"@graph\":[{\"@type\":\"WebPage\",\"@id\":\"https:\/\/www.sani-spa.fr\/collection\/produit\/nettoyant-canalisation-spatime-1l\/\",\"url\":\"https:\/\/www.sani-spa.fr\/collection\/produit\/nettoyant-canalisation-spatime-1l\/\",\"name\":\"Nettoyant Canalisation Spatime 1L | Sani Spa Collection\",\"isPartOf\":{\"@id\":\"https:\/\/www.sani-spa.fr\/collection\/#website\"},\"primaryImageOfPage\":{\"@id\":\"https:\/\/www.sani-spa.fr\/collection\/produit\/nettoyant-canalisation-spatime-1l\/#primaryimage\"},\"image\":{\"@id\":\"https:\/\/www.sani-spa.fr\/collection\/produit\/nettoyant-canalisation-spatime-1l\/#primaryimage\"},\"thumbnailUrl\":\"https:\/\/www.sani-spa.fr\/collection\/wp-collection\/uploads\/2022\/05\/spatime-nettoyant-canalisations-spa.jpg\",\"datePublished\":\"2022-05-21T11:37:17+00:00\",\"dateModified\":\"2024-09-05T20:05:45+00:00\",\"breadcrumb\":{\"@id\":\"https:\/\/www.sani-spa.fr\/collection\/produit\/nettoyant-canalisation-spatime-1l\/#breadcrumb\"},\"inLanguage\":\"fr-FR\",\"potentialAction\":[{\"@type\":\"ReadAction\",\"target\":[\"https:\/\/www.sani-spa.fr\/collection\/produit\/nettoyant-canalisation-spatime-1l\/\"]}]},{\"@type\":\"ImageObject\",\"inLanguage\":\"fr-FR\",\"@id\":\"https:\/\/www.sani-spa.fr\/collection\/produit\/nettoyant-canalisation-spatime-1l\/#primaryimage\",\"url\":\"https:\/\/www.sani-spa.fr\/collection\/wp-collection\/uploads\/2022\/05\/spatime-nettoyant-canalisations-spa.jpg\",\"contentUrl\":\"https:\/\/www.sani-spa.fr\/collection\/wp-collection\/uploads\/2022\/05\/spatime-nettoyant-canalisations-spa.jpg\",\"width\":1400,\"height\":1400},{\"@type\":\"BreadcrumbList\",\"@id\":\"https:\/\/www.sani-spa.fr\/collection\/produit\/nettoyant-canalisation-spatime-1l\/#breadcrumb\",\"itemListElement\":[{\"@type\":\"ListItem\",\"position\":1,\"name\":\"Accueil\",\"item\":\"https:\/\/www.sani-spa.fr\/collection\/\"},{\"@type\":\"ListItem\",\"position\":2,\"name\":\"Sani Spa CollectionPi\u00e8ces D\u00e9tach\u00e9es &amp; Accessoires pour Spas\",\"item\":\"https:\/\/www.sani-spa.fr\/collection\/\"},{\"@type\":\"ListItem\",\"position\":3,\"name\":\"Nettoyant Canalisation Spatime 1L\"}]},{\"@type\":\"WebSite\",\"@id\":\"https:\/\/www.sani-spa.fr\/collection\/#website\",\"url\":\"https:\/\/www.sani-spa.fr\/collection\/\",\"name\":\"Sani Spa Collection\",\"description\":\"Boutique spas &amp; accessoires spa\",\"publisher\":{\"@id\":\"https:\/\/www.sani-spa.fr\/collection\/#organization\"},\"potentialAction\":[{\"@type\":\"SearchAction\",\"target\":{\"@type\":\"EntryPoint\",\"urlTemplate\":\"https:\/\/www.sani-spa.fr\/collection\/?s={search_term_string}\"},\"query-input\":{\"@type\":\"PropertyValueSpecification\",\"valueRequired\":true,\"valueName\":\"search_term_string\"}}],\"inLanguage\":\"fr-FR\"},{\"@type\":\"Organization\",\"@id\":\"https:\/\/www.sani-spa.fr\/collection\/#organization\",\"name\":\"Sani Spa Collection\",\"url\":\"https:\/\/www.sani-spa.fr\/collection\/\",\"logo\":{\"@type\":\"ImageObject\",\"inLanguage\":\"fr-FR\",\"@id\":\"https:\/\/www.sani-spa.fr\/collection\/#\/schema\/logo\/image\/\",\"url\":\"https:\/\/www.sani-spa.fr\/collection\/wp-collection\/uploads\/2017\/10\/logo-sani-spa-collection.png\",\"contentUrl\":\"https:\/\/www.sani-spa.fr\/collection\/wp-collection\/uploads\/2017\/10\/logo-sani-spa-collection.png\",\"width\":231,\"height\":54,\"caption\":\"Sani Spa Collection\"},\"image\":{\"@id\":\"https:\/\/www.sani-spa.fr\/collection\/#\/schema\/logo\/image\/\"},\"sameAs\":[\"https:\/\/www.facebook.com\/sarlsanispa\"]}]}<\/script>\n<!-- \/ Yoast SEO plugin. -->","yoast_head_json":{"title":"Nettoyant Canalisation Spatime 1L | Sani Spa Collection","robots":{"index":"index","follow":"follow","max-snippet":"max-snippet:-1","max-image-preview":"max-image-preview:large","max-video-preview":"max-video-preview:-1"},"canonical":"https:\/\/www.sani-spa.fr\/collection\/produit\/nettoyant-canalisation-spatime-1l\/","og_locale":"fr_FR","og_type":"article","og_title":"Nettoyant Canalisation Spatime 1L | Sani Spa Collection","og_description":"Spatime - Nettoyant canalisations spa SPATIME - Nettoyant \/ d\u00e9sinfectant des canalisations de spas Permet de nettoyer la tuyauterie de votre spa A utiliser \u00e0 chaque vidange et au premier remplissage de votre spa Poids net : 1kg 200 g\/m3 \u00e0 chaque nettoyage","og_url":"https:\/\/www.sani-spa.fr\/collection\/produit\/nettoyant-canalisation-spatime-1l\/","og_site_name":"Sani Spa Collection","article_publisher":"https:\/\/www.facebook.com\/sarlsanispa","article_modified_time":"2024-09-05T20:05:45+00:00","og_image":[{"width":1400,"height":1400,"url":"http:\/\/www.sani-spa.fr\/collection\/wp-collection\/uploads\/2022\/05\/spatime-nettoyant-canalisations-spa.jpg","type":"image\/jpeg"}],"twitter_card":"summary_large_image","twitter_misc":{"Dur\u00e9e de lecture estim\u00e9e":"2 minutes"},"schema":{"@context":"https:\/\/schema.org","@graph":[{"@type":"WebPage","@id":"https:\/\/www.sani-spa.fr\/collection\/produit\/nettoyant-canalisation-spatime-1l\/","url":"https:\/\/www.sani-spa.fr\/collection\/produit\/nettoyant-canalisation-spatime-1l\/","name":"Nettoyant Canalisation Spatime 1L | Sani Spa Collection","isPartOf":{"@id":"https:\/\/www.sani-spa.fr\/collection\/#website"},"primaryImageOfPage":{"@id":"https:\/\/www.sani-spa.fr\/collection\/produit\/nettoyant-canalisation-spatime-1l\/#primaryimage"},"image":{"@id":"https:\/\/www.sani-spa.fr\/collection\/produit\/nettoyant-canalisation-spatime-1l\/#primaryimage"},"thumbnailUrl":"https:\/\/www.sani-spa.fr\/collection\/wp-collection\/uploads\/2022\/05\/spatime-nettoyant-canalisations-spa.jpg","datePublished":"2022-05-21T11:37:17+00:00","dateModified":"2024-09-05T20:05:45+00:00","breadcrumb":{"@id":"https:\/\/www.sani-spa.fr\/collection\/produit\/nettoyant-canalisation-spatime-1l\/#breadcrumb"},"inLanguage":"fr-FR","potentialAction":[{"@type":"ReadAction","target":["https:\/\/www.sani-spa.fr\/collection\/produit\/nettoyant-canalisation-spatime-1l\/"]}]},{"@type":"ImageObject","inLanguage":"fr-FR","@id":"https:\/\/www.sani-spa.fr\/collection\/produit\/nettoyant-canalisation-spatime-1l\/#primaryimage","url":"https:\/\/www.sani-spa.fr\/collection\/wp-collection\/uploads\/2022\/05\/spatime-nettoyant-canalisations-spa.jpg","contentUrl":"https:\/\/www.sani-spa.fr\/collection\/wp-collection\/uploads\/2022\/05\/spatime-nettoyant-canalisations-spa.jpg","width":1400,"height":1400},{"@type":"BreadcrumbList","@id":"https:\/\/www.sani-spa.fr\/collection\/produit\/nettoyant-canalisation-spatime-1l\/#breadcrumb","itemListElement":[{"@type":"ListItem","position":1,"name":"Accueil","item":"https:\/\/www.sani-spa.fr\/collection\/"},{"@type":"ListItem","position":2,"name":"Sani Spa CollectionPi\u00e8ces D\u00e9tach\u00e9es &amp; Accessoires pour Spas","item":"https:\/\/www.sani-spa.fr\/collection\/"},{"@type":"ListItem","position":3,"name":"Nettoyant Canalisation Spatime 1L"}]},{"@type":"WebSite","@id":"https:\/\/www.sani-spa.fr\/collection\/#website","url":"https:\/\/www.sani-spa.fr\/collection\/","name":"Sani Spa Collection","description":"Boutique spas &amp; accessoires spa","publisher":{"@id":"https:\/\/www.sani-spa.fr\/collection\/#organization"},"potentialAction":[{"@type":"SearchAction","target":{"@type":"EntryPoint","urlTemplate":"https:\/\/www.sani-spa.fr\/collection\/?s={search_term_string}"},"query-input":{"@type":"PropertyValueSpecification","valueRequired":true,"valueName":"search_term_string"}}],"inLanguage":"fr-FR"},{"@type":"Organization","@id":"https:\/\/www.sani-spa.fr\/collection\/#organization","name":"Sani Spa Collection","url":"https:\/\/www.sani-spa.fr\/collection\/","logo":{"@type":"ImageObject","inLanguage":"fr-FR","@id":"https:\/\/www.sani-spa.fr\/collection\/#\/schema\/logo\/image\/","url":"https:\/\/www.sani-spa.fr\/collection\/wp-collection\/uploads\/2017\/10\/logo-sani-spa-collection.png","contentUrl":"https:\/\/www.sani-spa.fr\/collection\/wp-collection\/uploads\/2017\/10\/logo-sani-spa-collection.png","width":231,"height":54,"caption":"Sani Spa Collection"},"image":{"@id":"https:\/\/www.sani-spa.fr\/collection\/#\/schema\/logo\/image\/"},"sameAs":["https:\/\/www.facebook.com\/sarlsanispa"]}]}},"jetpack_sharing_enabled":true,"_links":{"self":[{"href":"https:\/\/www.sani-spa.fr\/collection\/wp-json\/wp\/v2\/product\/2727","targetHints":{"allow":["GET"]}}],"collection":[{"href":"https:\/\/www.sani-spa.fr\/collection\/wp-json\/wp\/v2\/product"}],"about":[{"href":"https:\/\/www.sani-spa.fr\/collection\/wp-json\/wp\/v2\/types\/product"}],"replies":[{"embeddable":true,"href":"https:\/\/www.sani-spa.fr\/collection\/wp-json\/wp\/v2\/comments?post=2727"}],"wp:featuredmedia":[{"embeddable":true,"href":"https:\/\/www.sani-spa.fr\/collection\/wp-json\/wp\/v2\/media\/3779"}],"wp:attachment":[{"href":"https:\/\/www.sani-spa.fr\/collection\/wp-json\/wp\/v2\/media?parent=2727"}],"wp:term":[{"taxonomy":"product_brand","embeddable":true,"href":"https:\/\/www.sani-spa.fr\/collection\/wp-json\/wp\/v2\/product_brand?post=2727"},{"taxonomy":"product_cat","embeddable":true,"href":"https:\/\/www.sani-spa.fr\/collection\/wp-json\/wp\/v2\/product_cat?post=2727"},{"taxonomy":"product_tag","embeddable":true,"href":"https:\/\/www.sani-spa.fr\/collection\/wp-json\/wp\/v2\/product_tag?post=2727"}],"curies":[{"name":"wp","href":"https:\/\/api.w.org\/{rel}","templated":true}]}}