{"id":3041,"date":"2023-02-21T13:45:34","date_gmt":"2023-02-21T12:45:34","guid":{"rendered":"https:\/\/www.sani-spa.fr\/collection\/?post_type=product&#038;p=3041"},"modified":"2025-07-10T13:56:37","modified_gmt":"2025-07-10T11:56:37","slug":"filtre-spa-60401","status":"publish","type":"product","link":"https:\/\/www.sani-spa.fr\/collection\/produit\/filtre-spa-60401\/","title":{"rendered":"Filtre Spa 60401"},"content":{"rendered":"<p><strong>Filtre 60401 \u00e0 visser pour spa.\u00a0<\/strong><strong>Compatible avec plusieurs marques.\u00a0<\/strong><\/p>\n<div id=\"ResumeItem\">\n<div class=\"texte_catalogue\">Diam\u00e8tre ext\u00e9rieur : 148mm<br \/>\nLongeur : 205mm<br \/>\nHaut : Poign\u00e9e<br \/>\nBas : pas de vis SAE 1&#8221;1\/2 (38mm diam. int\u00e9rieur \/ 47mm diam. ext\u00e9rieur)<\/div>\n<div><\/div>\n<div><\/div>\n<div class=\"texte_catalogue\">Le filtre est disponible en version BlueWater filtration. La mati\u00e8re utilis\u00e9e dans la fabrication de ce filtre a \u00e9t\u00e9 <strong>sp\u00e9cialement trait\u00e9<\/strong> pour effectuer une action <strong>anti-microbienne<\/strong>. La capacit\u00e9 de filtration est ainsi renforc\u00e9e pour une <strong>qualit\u00e9 d&#8217;eau sup\u00e9rieure<\/strong> \u00e0 celle filtr\u00e9e par un filtre classique.<\/div>\n<\/div>\n<div><\/div>\n<div><img decoding=\"async\" class=\"size-full wp-image-787 aligncenter\" src=\"https:\/\/www.sani-spa.fr\/collection\/wp-collection\/uploads\/2019\/08\/image-13.png\" alt=\"\" width=\"300\" height=\"117\" \/><\/div>\n<div><\/div>\n<div><\/div>\n","protected":false},"excerpt":{"rendered":"<p>Filtre \u00e0 visser pour spa, voir liste ci dessous des mod\u00e8les compatibles :<\/p>\n<ul>\n<li>Vendom<\/li>\n<li>Only Spa<\/li>\n<li>Bluelagoon<\/li>\n<li>Univers Spas<\/li>\n<li>Alina Spa<\/li>\n<li>Be Spa<\/li>\n<li>Quality Spa<\/li>\n<li>Autres<\/li>\n<\/ul>\n","protected":false},"featured_media":788,"comment_status":"open","ping_status":"closed","template":"","meta":[],"product_brand":[],"product_cat":[96],"product_tag":[],"class_list":{"0":"post-3041","1":"product","2":"type-product","3":"status-publish","4":"has-post-thumbnail","6":"product_cat-filtre-pour-spa-multi-marques","7":"product_shipping_class-filtres","9":"first","10":"instock","11":"taxable","12":"shipping-taxable","13":"purchasable","14":"product-type-simple"},"yoast_head":"<!-- This site is optimized with the Yoast SEO plugin v27.0 - https:\/\/yoast.com\/product\/yoast-seo-wordpress\/ -->\n<title>Filtre Spa 60401 | Sani Spa Collection<\/title>\n<meta name=\"description\" content=\"Filtre spa 60401 compatible avec \u00e9norm\u00e9ment de marques de spas de fabrication chinoise et am\u00e9ricaine ou canadienne. Filtration optimale.\" \/>\n<meta name=\"robots\" content=\"index, follow, max-snippet:-1, max-image-preview:large, max-video-preview:-1\" \/>\n<link rel=\"canonical\" href=\"https:\/\/www.sani-spa.fr\/collection\/produit\/filtre-spa-60401\/\" \/>\n<meta property=\"og:locale\" content=\"fr_FR\" \/>\n<meta property=\"og:type\" content=\"article\" \/>\n<meta property=\"og:title\" content=\"Filtre Spa 60401 | Sani Spa Collection\" \/>\n<meta property=\"og:description\" content=\"Filtre spa 60401 compatible avec \u00e9norm\u00e9ment de marques de spas de fabrication chinoise et am\u00e9ricaine ou canadienne. Filtration optimale.\" \/>\n<meta property=\"og:url\" content=\"https:\/\/www.sani-spa.fr\/collection\/produit\/filtre-spa-60401\/\" \/>\n<meta property=\"og:site_name\" content=\"Sani Spa Collection\" \/>\n<meta property=\"article:publisher\" content=\"https:\/\/www.facebook.com\/sarlsanispa\" \/>\n<meta property=\"article:modified_time\" content=\"2025-07-10T11:56:37+00:00\" \/>\n<meta property=\"og:image\" content=\"http:\/\/www.sani-spa.fr\/collection\/wp-collection\/uploads\/2019\/08\/filtre-anti-bacterien-pour-spa-60401-6ch-940-pww50-fc-0359-P-2829210-9511767_1.jpg\" \/>\n\t<meta property=\"og:image:width\" content=\"470\" \/>\n\t<meta property=\"og:image:height\" content=\"470\" \/>\n\t<meta property=\"og:image:type\" content=\"image\/jpeg\" \/>\n<meta name=\"twitter:card\" content=\"summary_large_image\" \/>\n<meta name=\"twitter:label1\" content=\"Dur\u00e9e de lecture estim\u00e9e\" \/>\n\t<meta name=\"twitter:data1\" content=\"1 minute\" \/>\n<script type=\"application\/ld+json\" class=\"yoast-schema-graph\">{\"@context\":\"https:\/\/schema.org\",\"@graph\":[{\"@type\":\"WebPage\",\"@id\":\"https:\/\/www.sani-spa.fr\/collection\/produit\/filtre-spa-60401\/\",\"url\":\"https:\/\/www.sani-spa.fr\/collection\/produit\/filtre-spa-60401\/\",\"name\":\"Filtre Spa 60401 | Sani Spa Collection\",\"isPartOf\":{\"@id\":\"https:\/\/www.sani-spa.fr\/collection\/#website\"},\"primaryImageOfPage\":{\"@id\":\"https:\/\/www.sani-spa.fr\/collection\/produit\/filtre-spa-60401\/#primaryimage\"},\"image\":{\"@id\":\"https:\/\/www.sani-spa.fr\/collection\/produit\/filtre-spa-60401\/#primaryimage\"},\"thumbnailUrl\":\"https:\/\/www.sani-spa.fr\/collection\/wp-collection\/uploads\/2019\/08\/filtre-anti-bacterien-pour-spa-60401-6ch-940-pww50-fc-0359-P-2829210-9511767_1.jpg\",\"datePublished\":\"2023-02-21T12:45:34+00:00\",\"dateModified\":\"2025-07-10T11:56:37+00:00\",\"description\":\"Filtre spa 60401 compatible avec \u00e9norm\u00e9ment de marques de spas de fabrication chinoise et am\u00e9ricaine ou canadienne. Filtration optimale.\",\"breadcrumb\":{\"@id\":\"https:\/\/www.sani-spa.fr\/collection\/produit\/filtre-spa-60401\/#breadcrumb\"},\"inLanguage\":\"fr-FR\",\"potentialAction\":[{\"@type\":\"ReadAction\",\"target\":[\"https:\/\/www.sani-spa.fr\/collection\/produit\/filtre-spa-60401\/\"]}]},{\"@type\":\"ImageObject\",\"inLanguage\":\"fr-FR\",\"@id\":\"https:\/\/www.sani-spa.fr\/collection\/produit\/filtre-spa-60401\/#primaryimage\",\"url\":\"https:\/\/www.sani-spa.fr\/collection\/wp-collection\/uploads\/2019\/08\/filtre-anti-bacterien-pour-spa-60401-6ch-940-pww50-fc-0359-P-2829210-9511767_1.jpg\",\"contentUrl\":\"https:\/\/www.sani-spa.fr\/collection\/wp-collection\/uploads\/2019\/08\/filtre-anti-bacterien-pour-spa-60401-6ch-940-pww50-fc-0359-P-2829210-9511767_1.jpg\",\"width\":470,\"height\":470},{\"@type\":\"BreadcrumbList\",\"@id\":\"https:\/\/www.sani-spa.fr\/collection\/produit\/filtre-spa-60401\/#breadcrumb\",\"itemListElement\":[{\"@type\":\"ListItem\",\"position\":1,\"name\":\"Accueil\",\"item\":\"https:\/\/www.sani-spa.fr\/collection\/\"},{\"@type\":\"ListItem\",\"position\":2,\"name\":\"Sani Spa CollectionPi\u00e8ces D\u00e9tach\u00e9es &amp; Accessoires pour Spas\",\"item\":\"https:\/\/www.sani-spa.fr\/collection\/\"},{\"@type\":\"ListItem\",\"position\":3,\"name\":\"Filtre Spa 60401\"}]},{\"@type\":\"WebSite\",\"@id\":\"https:\/\/www.sani-spa.fr\/collection\/#website\",\"url\":\"https:\/\/www.sani-spa.fr\/collection\/\",\"name\":\"Sani Spa Collection\",\"description\":\"Boutique spas &amp; accessoires spa\",\"publisher\":{\"@id\":\"https:\/\/www.sani-spa.fr\/collection\/#organization\"},\"potentialAction\":[{\"@type\":\"SearchAction\",\"target\":{\"@type\":\"EntryPoint\",\"urlTemplate\":\"https:\/\/www.sani-spa.fr\/collection\/?s={search_term_string}\"},\"query-input\":{\"@type\":\"PropertyValueSpecification\",\"valueRequired\":true,\"valueName\":\"search_term_string\"}}],\"inLanguage\":\"fr-FR\"},{\"@type\":\"Organization\",\"@id\":\"https:\/\/www.sani-spa.fr\/collection\/#organization\",\"name\":\"Sani Spa Collection\",\"url\":\"https:\/\/www.sani-spa.fr\/collection\/\",\"logo\":{\"@type\":\"ImageObject\",\"inLanguage\":\"fr-FR\",\"@id\":\"https:\/\/www.sani-spa.fr\/collection\/#\/schema\/logo\/image\/\",\"url\":\"https:\/\/www.sani-spa.fr\/collection\/wp-collection\/uploads\/2017\/10\/logo-sani-spa-collection.png\",\"contentUrl\":\"https:\/\/www.sani-spa.fr\/collection\/wp-collection\/uploads\/2017\/10\/logo-sani-spa-collection.png\",\"width\":231,\"height\":54,\"caption\":\"Sani Spa Collection\"},\"image\":{\"@id\":\"https:\/\/www.sani-spa.fr\/collection\/#\/schema\/logo\/image\/\"},\"sameAs\":[\"https:\/\/www.facebook.com\/sarlsanispa\"]}]}<\/script>\n<!-- \/ Yoast SEO plugin. -->","yoast_head_json":{"title":"Filtre Spa 60401 | Sani Spa Collection","description":"Filtre spa 60401 compatible avec \u00e9norm\u00e9ment de marques de spas de fabrication chinoise et am\u00e9ricaine ou canadienne. Filtration optimale.","robots":{"index":"index","follow":"follow","max-snippet":"max-snippet:-1","max-image-preview":"max-image-preview:large","max-video-preview":"max-video-preview:-1"},"canonical":"https:\/\/www.sani-spa.fr\/collection\/produit\/filtre-spa-60401\/","og_locale":"fr_FR","og_type":"article","og_title":"Filtre Spa 60401 | Sani Spa Collection","og_description":"Filtre spa 60401 compatible avec \u00e9norm\u00e9ment de marques de spas de fabrication chinoise et am\u00e9ricaine ou canadienne. Filtration optimale.","og_url":"https:\/\/www.sani-spa.fr\/collection\/produit\/filtre-spa-60401\/","og_site_name":"Sani Spa Collection","article_publisher":"https:\/\/www.facebook.com\/sarlsanispa","article_modified_time":"2025-07-10T11:56:37+00:00","og_image":[{"width":470,"height":470,"url":"http:\/\/www.sani-spa.fr\/collection\/wp-collection\/uploads\/2019\/08\/filtre-anti-bacterien-pour-spa-60401-6ch-940-pww50-fc-0359-P-2829210-9511767_1.jpg","type":"image\/jpeg"}],"twitter_card":"summary_large_image","twitter_misc":{"Dur\u00e9e de lecture estim\u00e9e":"1 minute"},"schema":{"@context":"https:\/\/schema.org","@graph":[{"@type":"WebPage","@id":"https:\/\/www.sani-spa.fr\/collection\/produit\/filtre-spa-60401\/","url":"https:\/\/www.sani-spa.fr\/collection\/produit\/filtre-spa-60401\/","name":"Filtre Spa 60401 | Sani Spa Collection","isPartOf":{"@id":"https:\/\/www.sani-spa.fr\/collection\/#website"},"primaryImageOfPage":{"@id":"https:\/\/www.sani-spa.fr\/collection\/produit\/filtre-spa-60401\/#primaryimage"},"image":{"@id":"https:\/\/www.sani-spa.fr\/collection\/produit\/filtre-spa-60401\/#primaryimage"},"thumbnailUrl":"https:\/\/www.sani-spa.fr\/collection\/wp-collection\/uploads\/2019\/08\/filtre-anti-bacterien-pour-spa-60401-6ch-940-pww50-fc-0359-P-2829210-9511767_1.jpg","datePublished":"2023-02-21T12:45:34+00:00","dateModified":"2025-07-10T11:56:37+00:00","description":"Filtre spa 60401 compatible avec \u00e9norm\u00e9ment de marques de spas de fabrication chinoise et am\u00e9ricaine ou canadienne. Filtration optimale.","breadcrumb":{"@id":"https:\/\/www.sani-spa.fr\/collection\/produit\/filtre-spa-60401\/#breadcrumb"},"inLanguage":"fr-FR","potentialAction":[{"@type":"ReadAction","target":["https:\/\/www.sani-spa.fr\/collection\/produit\/filtre-spa-60401\/"]}]},{"@type":"ImageObject","inLanguage":"fr-FR","@id":"https:\/\/www.sani-spa.fr\/collection\/produit\/filtre-spa-60401\/#primaryimage","url":"https:\/\/www.sani-spa.fr\/collection\/wp-collection\/uploads\/2019\/08\/filtre-anti-bacterien-pour-spa-60401-6ch-940-pww50-fc-0359-P-2829210-9511767_1.jpg","contentUrl":"https:\/\/www.sani-spa.fr\/collection\/wp-collection\/uploads\/2019\/08\/filtre-anti-bacterien-pour-spa-60401-6ch-940-pww50-fc-0359-P-2829210-9511767_1.jpg","width":470,"height":470},{"@type":"BreadcrumbList","@id":"https:\/\/www.sani-spa.fr\/collection\/produit\/filtre-spa-60401\/#breadcrumb","itemListElement":[{"@type":"ListItem","position":1,"name":"Accueil","item":"https:\/\/www.sani-spa.fr\/collection\/"},{"@type":"ListItem","position":2,"name":"Sani Spa CollectionPi\u00e8ces D\u00e9tach\u00e9es &amp; Accessoires pour Spas","item":"https:\/\/www.sani-spa.fr\/collection\/"},{"@type":"ListItem","position":3,"name":"Filtre Spa 60401"}]},{"@type":"WebSite","@id":"https:\/\/www.sani-spa.fr\/collection\/#website","url":"https:\/\/www.sani-spa.fr\/collection\/","name":"Sani Spa Collection","description":"Boutique spas &amp; accessoires spa","publisher":{"@id":"https:\/\/www.sani-spa.fr\/collection\/#organization"},"potentialAction":[{"@type":"SearchAction","target":{"@type":"EntryPoint","urlTemplate":"https:\/\/www.sani-spa.fr\/collection\/?s={search_term_string}"},"query-input":{"@type":"PropertyValueSpecification","valueRequired":true,"valueName":"search_term_string"}}],"inLanguage":"fr-FR"},{"@type":"Organization","@id":"https:\/\/www.sani-spa.fr\/collection\/#organization","name":"Sani Spa Collection","url":"https:\/\/www.sani-spa.fr\/collection\/","logo":{"@type":"ImageObject","inLanguage":"fr-FR","@id":"https:\/\/www.sani-spa.fr\/collection\/#\/schema\/logo\/image\/","url":"https:\/\/www.sani-spa.fr\/collection\/wp-collection\/uploads\/2017\/10\/logo-sani-spa-collection.png","contentUrl":"https:\/\/www.sani-spa.fr\/collection\/wp-collection\/uploads\/2017\/10\/logo-sani-spa-collection.png","width":231,"height":54,"caption":"Sani Spa Collection"},"image":{"@id":"https:\/\/www.sani-spa.fr\/collection\/#\/schema\/logo\/image\/"},"sameAs":["https:\/\/www.facebook.com\/sarlsanispa"]}]}},"jetpack_sharing_enabled":true,"_links":{"self":[{"href":"https:\/\/www.sani-spa.fr\/collection\/wp-json\/wp\/v2\/product\/3041","targetHints":{"allow":["GET"]}}],"collection":[{"href":"https:\/\/www.sani-spa.fr\/collection\/wp-json\/wp\/v2\/product"}],"about":[{"href":"https:\/\/www.sani-spa.fr\/collection\/wp-json\/wp\/v2\/types\/product"}],"replies":[{"embeddable":true,"href":"https:\/\/www.sani-spa.fr\/collection\/wp-json\/wp\/v2\/comments?post=3041"}],"wp:featuredmedia":[{"embeddable":true,"href":"https:\/\/www.sani-spa.fr\/collection\/wp-json\/wp\/v2\/media\/788"}],"wp:attachment":[{"href":"https:\/\/www.sani-spa.fr\/collection\/wp-json\/wp\/v2\/media?parent=3041"}],"wp:term":[{"taxonomy":"product_brand","embeddable":true,"href":"https:\/\/www.sani-spa.fr\/collection\/wp-json\/wp\/v2\/product_brand?post=3041"},{"taxonomy":"product_cat","embeddable":true,"href":"https:\/\/www.sani-spa.fr\/collection\/wp-json\/wp\/v2\/product_cat?post=3041"},{"taxonomy":"product_tag","embeddable":true,"href":"https:\/\/www.sani-spa.fr\/collection\/wp-json\/wp\/v2\/product_tag?post=3041"}],"curies":[{"name":"wp","href":"https:\/\/api.w.org\/{rel}","templated":true}]}}