{"id":3115,"date":"2023-04-14T13:22:05","date_gmt":"2023-04-14T11:22:05","guid":{"rendered":"https:\/\/www.sani-spa.fr\/collection\/?post_type=product&#038;p=3115"},"modified":"2023-04-14T13:33:52","modified_gmt":"2023-04-14T11:33:52","slug":"filtre-ouvert-spa-alina","status":"publish","type":"product","link":"https:\/\/www.sani-spa.fr\/collection\/produit\/filtre-ouvert-spa-alina\/","title":{"rendered":"Filtre ouvert spa Alina"},"content":{"rendered":"<p>Filtre ouvert pour les spas de marque Alina : (voir listes des mod\u00e8les de spas compatibles ci dessous)<\/p>\n<p>Diam\u00e8tre ext\u00e9rieur : 125mm<br \/>\nLongueur : 338mm<br \/>\nHaut : Ouverture de 54mm<br \/>\nBas : Ouverture de 54mm<\/p>\n<p>Le filtre est disponible en version BlueWater filtration. La mati\u00e8re utilis\u00e9e dans la fabrication de ce filtre a \u00e9t\u00e9 <strong>sp\u00e9cialement trait\u00e9<\/strong> pour effectuer une action <strong>anti-microbienne<\/strong>. La capacit\u00e9 de filtration est ainsi renforc\u00e9e pour une <strong>qualit\u00e9 d\u2019eau sup\u00e9rieure<\/strong> \u00e0 celle filtr\u00e9e par un filtre classique.<\/p>\n<p><img decoding=\"async\" class=\"size-full wp-image-787 aligncenter\" src=\"https:\/\/www.sani-spa.fr\/collection\/wp-collection\/uploads\/2019\/08\/image-13.png\" alt=\"\" width=\"300\" height=\"117\" \/><\/p>\n","protected":false},"excerpt":{"rendered":"<p>Liste des mod\u00e8les de Alina Spa compatibles :<\/p>\n<ul>\n<li>Barbades (cot\u00e9 massage)<\/li>\n<li>Aruba<\/li>\n<li>Bora Bora<\/li>\n<li>Born\u00e9o<\/li>\n<li>Cancun<\/li>\n<li>Fuerteventura<\/li>\n<li>Grenade<\/li>\n<li>Hawa\u00ef<\/li>\n<li>Honolulu<\/li>\n<li>La Palma<\/li>\n<li>Malaga<\/li>\n<li>Majorques<\/li>\n<li>Manille (avant 2021)<\/li>\n<li>Palaos<\/li>\n<li>Palawan<\/li>\n<\/ul>\n<p>&nbsp;<\/p>\n","protected":false},"featured_media":3117,"comment_status":"open","ping_status":"closed","template":"","meta":[],"product_brand":[],"product_cat":[31,98],"product_tag":[],"class_list":{"0":"post-3115","1":"product","2":"type-product","3":"status-publish","4":"has-post-thumbnail","6":"product_cat-filtres","7":"product_cat-spa-alina","8":"product_shipping_class-filtres","10":"first","11":"instock","12":"taxable","13":"shipping-taxable","14":"purchasable","15":"product-type-variable"},"yoast_head":"<!-- This site is optimized with the Yoast SEO plugin v27.0 - https:\/\/yoast.com\/product\/yoast-seo-wordpress\/ -->\n<title>Filtre ouvert spa Alina | Sani Spa Collection<\/title>\n<meta name=\"robots\" content=\"index, follow, max-snippet:-1, max-image-preview:large, max-video-preview:-1\" \/>\n<link rel=\"canonical\" href=\"https:\/\/www.sani-spa.fr\/collection\/produit\/filtre-ouvert-spa-alina\/\" \/>\n<meta property=\"og:locale\" content=\"fr_FR\" \/>\n<meta property=\"og:type\" content=\"article\" \/>\n<meta property=\"og:title\" content=\"Filtre ouvert spa Alina | Sani Spa Collection\" \/>\n<meta property=\"og:description\" content=\"Liste des mod\u00e8les de Alina Spa compatibles :   Barbades (cot\u00e9 massage)  Aruba  Bora Bora  Born\u00e9o  Cancun  Fuerteventura  Grenade  Hawa\u00ef  Honolulu  La Palma  Malaga  Majorques  Manille (avant 2021)  Palaos  Palawan  &nbsp;\" \/>\n<meta property=\"og:url\" content=\"https:\/\/www.sani-spa.fr\/collection\/produit\/filtre-ouvert-spa-alina\/\" \/>\n<meta property=\"og:site_name\" content=\"Sani Spa Collection\" \/>\n<meta property=\"article:publisher\" content=\"https:\/\/www.facebook.com\/sarlsanispa\" \/>\n<meta property=\"article:modified_time\" content=\"2023-04-14T11:33:52+00:00\" \/>\n<meta property=\"og:image\" content=\"http:\/\/www.sani-spa.fr\/collection\/wp-collection\/uploads\/2023\/04\/filtre33alinawhite.jpeg\" \/>\n\t<meta property=\"og:image:width\" content=\"1400\" \/>\n\t<meta property=\"og:image:height\" content=\"1400\" \/>\n\t<meta property=\"og:image:type\" content=\"image\/jpeg\" \/>\n<meta name=\"twitter:card\" content=\"summary_large_image\" \/>\n<script type=\"application\/ld+json\" class=\"yoast-schema-graph\">{\"@context\":\"https:\/\/schema.org\",\"@graph\":[{\"@type\":\"WebPage\",\"@id\":\"https:\/\/www.sani-spa.fr\/collection\/produit\/filtre-ouvert-spa-alina\/\",\"url\":\"https:\/\/www.sani-spa.fr\/collection\/produit\/filtre-ouvert-spa-alina\/\",\"name\":\"Filtre ouvert spa Alina | Sani Spa Collection\",\"isPartOf\":{\"@id\":\"https:\/\/www.sani-spa.fr\/collection\/#website\"},\"primaryImageOfPage\":{\"@id\":\"https:\/\/www.sani-spa.fr\/collection\/produit\/filtre-ouvert-spa-alina\/#primaryimage\"},\"image\":{\"@id\":\"https:\/\/www.sani-spa.fr\/collection\/produit\/filtre-ouvert-spa-alina\/#primaryimage\"},\"thumbnailUrl\":\"https:\/\/www.sani-spa.fr\/collection\/wp-collection\/uploads\/2023\/04\/filtre33alinawhite.jpeg\",\"datePublished\":\"2023-04-14T11:22:05+00:00\",\"dateModified\":\"2023-04-14T11:33:52+00:00\",\"breadcrumb\":{\"@id\":\"https:\/\/www.sani-spa.fr\/collection\/produit\/filtre-ouvert-spa-alina\/#breadcrumb\"},\"inLanguage\":\"fr-FR\",\"potentialAction\":[{\"@type\":\"ReadAction\",\"target\":[\"https:\/\/www.sani-spa.fr\/collection\/produit\/filtre-ouvert-spa-alina\/\"]}]},{\"@type\":\"ImageObject\",\"inLanguage\":\"fr-FR\",\"@id\":\"https:\/\/www.sani-spa.fr\/collection\/produit\/filtre-ouvert-spa-alina\/#primaryimage\",\"url\":\"https:\/\/www.sani-spa.fr\/collection\/wp-collection\/uploads\/2023\/04\/filtre33alinawhite.jpeg\",\"contentUrl\":\"https:\/\/www.sani-spa.fr\/collection\/wp-collection\/uploads\/2023\/04\/filtre33alinawhite.jpeg\",\"width\":1400,\"height\":1400},{\"@type\":\"BreadcrumbList\",\"@id\":\"https:\/\/www.sani-spa.fr\/collection\/produit\/filtre-ouvert-spa-alina\/#breadcrumb\",\"itemListElement\":[{\"@type\":\"ListItem\",\"position\":1,\"name\":\"Accueil\",\"item\":\"https:\/\/www.sani-spa.fr\/collection\/\"},{\"@type\":\"ListItem\",\"position\":2,\"name\":\"Sani Spa CollectionPi\u00e8ces D\u00e9tach\u00e9es &amp; Accessoires pour Spas\",\"item\":\"https:\/\/www.sani-spa.fr\/collection\/\"},{\"@type\":\"ListItem\",\"position\":3,\"name\":\"Filtre ouvert spa Alina\"}]},{\"@type\":\"WebSite\",\"@id\":\"https:\/\/www.sani-spa.fr\/collection\/#website\",\"url\":\"https:\/\/www.sani-spa.fr\/collection\/\",\"name\":\"Sani Spa Collection\",\"description\":\"Boutique spas &amp; accessoires spa\",\"publisher\":{\"@id\":\"https:\/\/www.sani-spa.fr\/collection\/#organization\"},\"potentialAction\":[{\"@type\":\"SearchAction\",\"target\":{\"@type\":\"EntryPoint\",\"urlTemplate\":\"https:\/\/www.sani-spa.fr\/collection\/?s={search_term_string}\"},\"query-input\":{\"@type\":\"PropertyValueSpecification\",\"valueRequired\":true,\"valueName\":\"search_term_string\"}}],\"inLanguage\":\"fr-FR\"},{\"@type\":\"Organization\",\"@id\":\"https:\/\/www.sani-spa.fr\/collection\/#organization\",\"name\":\"Sani Spa Collection\",\"url\":\"https:\/\/www.sani-spa.fr\/collection\/\",\"logo\":{\"@type\":\"ImageObject\",\"inLanguage\":\"fr-FR\",\"@id\":\"https:\/\/www.sani-spa.fr\/collection\/#\/schema\/logo\/image\/\",\"url\":\"https:\/\/www.sani-spa.fr\/collection\/wp-collection\/uploads\/2017\/10\/logo-sani-spa-collection.png\",\"contentUrl\":\"https:\/\/www.sani-spa.fr\/collection\/wp-collection\/uploads\/2017\/10\/logo-sani-spa-collection.png\",\"width\":231,\"height\":54,\"caption\":\"Sani Spa Collection\"},\"image\":{\"@id\":\"https:\/\/www.sani-spa.fr\/collection\/#\/schema\/logo\/image\/\"},\"sameAs\":[\"https:\/\/www.facebook.com\/sarlsanispa\"]}]}<\/script>\n<!-- \/ Yoast SEO plugin. -->","yoast_head_json":{"title":"Filtre ouvert spa Alina | Sani Spa Collection","robots":{"index":"index","follow":"follow","max-snippet":"max-snippet:-1","max-image-preview":"max-image-preview:large","max-video-preview":"max-video-preview:-1"},"canonical":"https:\/\/www.sani-spa.fr\/collection\/produit\/filtre-ouvert-spa-alina\/","og_locale":"fr_FR","og_type":"article","og_title":"Filtre ouvert spa Alina | Sani Spa Collection","og_description":"Liste des mod\u00e8les de Alina Spa compatibles :   Barbades (cot\u00e9 massage)  Aruba  Bora Bora  Born\u00e9o  Cancun  Fuerteventura  Grenade  Hawa\u00ef  Honolulu  La Palma  Malaga  Majorques  Manille (avant 2021)  Palaos  Palawan  &nbsp;","og_url":"https:\/\/www.sani-spa.fr\/collection\/produit\/filtre-ouvert-spa-alina\/","og_site_name":"Sani Spa Collection","article_publisher":"https:\/\/www.facebook.com\/sarlsanispa","article_modified_time":"2023-04-14T11:33:52+00:00","og_image":[{"width":1400,"height":1400,"url":"http:\/\/www.sani-spa.fr\/collection\/wp-collection\/uploads\/2023\/04\/filtre33alinawhite.jpeg","type":"image\/jpeg"}],"twitter_card":"summary_large_image","schema":{"@context":"https:\/\/schema.org","@graph":[{"@type":"WebPage","@id":"https:\/\/www.sani-spa.fr\/collection\/produit\/filtre-ouvert-spa-alina\/","url":"https:\/\/www.sani-spa.fr\/collection\/produit\/filtre-ouvert-spa-alina\/","name":"Filtre ouvert spa Alina | Sani Spa Collection","isPartOf":{"@id":"https:\/\/www.sani-spa.fr\/collection\/#website"},"primaryImageOfPage":{"@id":"https:\/\/www.sani-spa.fr\/collection\/produit\/filtre-ouvert-spa-alina\/#primaryimage"},"image":{"@id":"https:\/\/www.sani-spa.fr\/collection\/produit\/filtre-ouvert-spa-alina\/#primaryimage"},"thumbnailUrl":"https:\/\/www.sani-spa.fr\/collection\/wp-collection\/uploads\/2023\/04\/filtre33alinawhite.jpeg","datePublished":"2023-04-14T11:22:05+00:00","dateModified":"2023-04-14T11:33:52+00:00","breadcrumb":{"@id":"https:\/\/www.sani-spa.fr\/collection\/produit\/filtre-ouvert-spa-alina\/#breadcrumb"},"inLanguage":"fr-FR","potentialAction":[{"@type":"ReadAction","target":["https:\/\/www.sani-spa.fr\/collection\/produit\/filtre-ouvert-spa-alina\/"]}]},{"@type":"ImageObject","inLanguage":"fr-FR","@id":"https:\/\/www.sani-spa.fr\/collection\/produit\/filtre-ouvert-spa-alina\/#primaryimage","url":"https:\/\/www.sani-spa.fr\/collection\/wp-collection\/uploads\/2023\/04\/filtre33alinawhite.jpeg","contentUrl":"https:\/\/www.sani-spa.fr\/collection\/wp-collection\/uploads\/2023\/04\/filtre33alinawhite.jpeg","width":1400,"height":1400},{"@type":"BreadcrumbList","@id":"https:\/\/www.sani-spa.fr\/collection\/produit\/filtre-ouvert-spa-alina\/#breadcrumb","itemListElement":[{"@type":"ListItem","position":1,"name":"Accueil","item":"https:\/\/www.sani-spa.fr\/collection\/"},{"@type":"ListItem","position":2,"name":"Sani Spa CollectionPi\u00e8ces D\u00e9tach\u00e9es &amp; Accessoires pour Spas","item":"https:\/\/www.sani-spa.fr\/collection\/"},{"@type":"ListItem","position":3,"name":"Filtre ouvert spa Alina"}]},{"@type":"WebSite","@id":"https:\/\/www.sani-spa.fr\/collection\/#website","url":"https:\/\/www.sani-spa.fr\/collection\/","name":"Sani Spa Collection","description":"Boutique spas &amp; accessoires spa","publisher":{"@id":"https:\/\/www.sani-spa.fr\/collection\/#organization"},"potentialAction":[{"@type":"SearchAction","target":{"@type":"EntryPoint","urlTemplate":"https:\/\/www.sani-spa.fr\/collection\/?s={search_term_string}"},"query-input":{"@type":"PropertyValueSpecification","valueRequired":true,"valueName":"search_term_string"}}],"inLanguage":"fr-FR"},{"@type":"Organization","@id":"https:\/\/www.sani-spa.fr\/collection\/#organization","name":"Sani Spa Collection","url":"https:\/\/www.sani-spa.fr\/collection\/","logo":{"@type":"ImageObject","inLanguage":"fr-FR","@id":"https:\/\/www.sani-spa.fr\/collection\/#\/schema\/logo\/image\/","url":"https:\/\/www.sani-spa.fr\/collection\/wp-collection\/uploads\/2017\/10\/logo-sani-spa-collection.png","contentUrl":"https:\/\/www.sani-spa.fr\/collection\/wp-collection\/uploads\/2017\/10\/logo-sani-spa-collection.png","width":231,"height":54,"caption":"Sani Spa Collection"},"image":{"@id":"https:\/\/www.sani-spa.fr\/collection\/#\/schema\/logo\/image\/"},"sameAs":["https:\/\/www.facebook.com\/sarlsanispa"]}]}},"jetpack_sharing_enabled":true,"_links":{"self":[{"href":"https:\/\/www.sani-spa.fr\/collection\/wp-json\/wp\/v2\/product\/3115","targetHints":{"allow":["GET"]}}],"collection":[{"href":"https:\/\/www.sani-spa.fr\/collection\/wp-json\/wp\/v2\/product"}],"about":[{"href":"https:\/\/www.sani-spa.fr\/collection\/wp-json\/wp\/v2\/types\/product"}],"replies":[{"embeddable":true,"href":"https:\/\/www.sani-spa.fr\/collection\/wp-json\/wp\/v2\/comments?post=3115"}],"wp:featuredmedia":[{"embeddable":true,"href":"https:\/\/www.sani-spa.fr\/collection\/wp-json\/wp\/v2\/media\/3117"}],"wp:attachment":[{"href":"https:\/\/www.sani-spa.fr\/collection\/wp-json\/wp\/v2\/media?parent=3115"}],"wp:term":[{"taxonomy":"product_brand","embeddable":true,"href":"https:\/\/www.sani-spa.fr\/collection\/wp-json\/wp\/v2\/product_brand?post=3115"},{"taxonomy":"product_cat","embeddable":true,"href":"https:\/\/www.sani-spa.fr\/collection\/wp-json\/wp\/v2\/product_cat?post=3115"},{"taxonomy":"product_tag","embeddable":true,"href":"https:\/\/www.sani-spa.fr\/collection\/wp-json\/wp\/v2\/product_tag?post=3115"}],"curies":[{"name":"wp","href":"https:\/\/api.w.org\/{rel}","templated":true}]}}