{"id":3496,"date":"2024-03-15T10:33:40","date_gmt":"2024-03-15T09:33:40","guid":{"rendered":"https:\/\/www.sani-spa.fr\/collection\/?post_type=product&#038;p=3496"},"modified":"2024-09-05T22:13:42","modified_gmt":"2024-09-05T20:13:42","slug":"cartouche-filtrante","status":"publish","type":"product","link":"https:\/\/www.sani-spa.fr\/collection\/produit\/cartouche-filtrante\/","title":{"rendered":"Cartouche Filtrante"},"content":{"rendered":"<table width=\"990\" cellspacing=\"0\" cellpadding=\"0\" align=\"\">\n<tbody>\n<tr>\n<td><strong>Cartouche de remplissage de spa\u00a0<\/strong><\/p>\n<p>Pour une eau pure qui ravira votre spa !<\/td>\n<\/tr>\n<tr>\n<td>\n<h3>Description de la cartouche filtrante<\/h3>\n<div align=\"justify\">\n<p>Le syst\u00e8me de cartouche filtrante Pure-Stream fonctionne gr\u00e2ce \u00e0 des r\u00e9sines d&#8217;\u00e9change ionique qui substituent les ions de calcium et de magn\u00e9sium pr\u00e9sents dans l&#8217;eau dure par des ions de sodium.Ce proc\u00e9d\u00e9 \u00e9limine le calcium et le magn\u00e9sium de l&#8217;eau source, laissant le calcaire en suspension dans l&#8217;eau filtr\u00e9e, ce qui emp\u00eache son d\u00e9p\u00f4t sur les \u00e9quipements et les surfaces, pr\u00e9servant ainsi le bon fonctionnement interne du spa.<\/p>\n<p>Le dispositif se fixe facilement \u00e0 l&#8217;extr\u00e9mit\u00e9 du tuyau d&#8217;arrosage, filtrant le calcium et le magn\u00e9sium au passage de l&#8217;eau lors du remplissage du spa. Pure-Stream est compatible avec tous les traitements d&#8217;eau traditionnels et peut \u00eatre utilis\u00e9 pour environ 6 \u00e0 8 remplissages, couvrant un volume moyen de 1000 litres d&#8217;eau.<\/p>\n<\/div>\n<\/td>\n<\/tr>\n<tr>\n<td>\n<h3>Utilisation de la cartouche de pr\u00e9-filtration &#8220;Pure-Stream Darlly&#8221;<\/h3>\n<div class=\"relative flex w-full flex-col agent-turn\">\n<div class=\"flex-col gap-1 md:gap-3\">\n<div class=\"flex flex-grow flex-col max-w-full\">\n<div class=\"min-h-[20px] text-message flex flex-col items-start gap-3 whitespace-pre-wrap break-words [.text-message+&amp;]:mt-5 overflow-x-auto\" data-message-author-role=\"assistant\" data-message-id=\"0902f28d-6fdd-45dd-8fbf-366682e73364\">\n<div class=\"markdown prose w-full break-words dark:prose-invert light\">\n<ol>\n<li>Connectez votre tuyau d&#8217;arrosage \u00e0 l&#8217;extr\u00e9mit\u00e9 de la cartouche Pure-Stream \u00e0 l&#8217;aide de l&#8217;embout fourni.<\/li>\n<li>Remplissez votre spa en maintenant un d\u00e9bit moyen pour une filtration optimale.<\/li>\n<li>Replacez le bouchon sur votre cartouche PURE STREAM, en veillant \u00e0 ce qu&#8217;elle reste humide entre deux remplissages.<\/li>\n<\/ol>\n<\/div>\n<\/div>\n<\/div>\n<\/div>\n<\/div>\n<\/td>\n<\/tr>\n<\/tbody>\n<\/table>\n","protected":false},"excerpt":{"rendered":"<h1 class=\"product-name\">Cartouche filtrante pour remplissage<\/h1>\n<div class=\"product-desc wysiwyg mb-3 mb-md-5\"><strong>Cartouche filtrante &#8220;PURE STREAM&#8221;<\/strong><br \/>\nPermet une filtration optimale de l&#8217;eau lors du remplissage de votre spa.<br \/>\nFiltre les particules fines, le calcaire et les m\u00e9taux. Permet jusqu&#8217;\u00e0 6-8 remplissages.<\/div>\n<div class=\"product-actions\">\n<div class=\"product-attributes\">\n<div class=\"row bottom-xxs\"><\/div>\n<\/div>\n<\/div>\n","protected":false},"featured_media":3780,"comment_status":"open","ping_status":"closed","template":"","meta":[],"product_brand":[],"product_cat":[17,33,73,71,31,98,100,95,96,94,104,80,79,81],"product_tag":[],"class_list":{"0":"post-3496","1":"product","2":"type-product","3":"status-publish","4":"has-post-thumbnail","6":"product_cat-accessoires-spas","7":"product_cat-produits-dentretien","8":"product_cat-anti-calcaire","9":"product_cat-desinfection-de-leau-de-votre-spa","10":"product_cat-filtres","11":"product_cat-spa-alina","12":"product_cat-canadian-spa","13":"product_cat-filtres-coast-spas","14":"product_cat-filtre-pour-spa-multi-marques","15":"product_cat-filtres-pour-spa-vendom","16":"product_cat-filtres-coast-spas-coast-spas","17":"product_cat-produits-dentretien-only-spa","18":"product_cat-filtres-only-spa","19":"product_cat-accessoires-only-spa","21":"first","22":"instock","23":"taxable","24":"shipping-taxable","25":"purchasable","26":"product-type-simple"},"yoast_head":"<!-- This site is optimized with the Yoast SEO plugin v27.0 - https:\/\/yoast.com\/product\/yoast-seo-wordpress\/ -->\n<title>Cartouche Filtrante | Sani Spa Collection<\/title>\n<meta name=\"robots\" content=\"index, follow, max-snippet:-1, max-image-preview:large, max-video-preview:-1\" \/>\n<link rel=\"canonical\" href=\"https:\/\/www.sani-spa.fr\/collection\/produit\/cartouche-filtrante\/\" \/>\n<meta property=\"og:locale\" content=\"fr_FR\" \/>\n<meta property=\"og:type\" content=\"article\" \/>\n<meta property=\"og:title\" content=\"Cartouche Filtrante | Sani Spa Collection\" \/>\n<meta property=\"og:description\" content=\"Cartouche filtrante pour remplissage Cartouche filtrante &quot;PURE STREAM&quot; Permet une filtration optimale de l&#039;eau lors du remplissage de votre spa. Filtre les particules fines, le calcaire et les m\u00e9taux. Permet jusqu&#039;\u00e0 6-8 remplissages.\" \/>\n<meta property=\"og:url\" content=\"https:\/\/www.sani-spa.fr\/collection\/produit\/cartouche-filtrante\/\" \/>\n<meta property=\"og:site_name\" content=\"Sani Spa Collection\" \/>\n<meta property=\"article:publisher\" content=\"https:\/\/www.facebook.com\/sarlsanispa\" \/>\n<meta property=\"article:modified_time\" content=\"2024-09-05T20:13:42+00:00\" \/>\n<meta property=\"og:image\" content=\"http:\/\/www.sani-spa.fr\/collection\/wp-collection\/uploads\/2024\/03\/cartouche-purestream.jpeg\" \/>\n\t<meta property=\"og:image:width\" content=\"800\" \/>\n\t<meta property=\"og:image:height\" content=\"800\" \/>\n\t<meta property=\"og:image:type\" content=\"image\/jpeg\" \/>\n<meta name=\"twitter:card\" content=\"summary_large_image\" \/>\n<meta name=\"twitter:label1\" content=\"Dur\u00e9e de lecture estim\u00e9e\" \/>\n\t<meta name=\"twitter:data1\" content=\"2 minutes\" \/>\n<script type=\"application\/ld+json\" class=\"yoast-schema-graph\">{\"@context\":\"https:\/\/schema.org\",\"@graph\":[{\"@type\":\"WebPage\",\"@id\":\"https:\/\/www.sani-spa.fr\/collection\/produit\/cartouche-filtrante\/\",\"url\":\"https:\/\/www.sani-spa.fr\/collection\/produit\/cartouche-filtrante\/\",\"name\":\"Cartouche Filtrante | Sani Spa Collection\",\"isPartOf\":{\"@id\":\"https:\/\/www.sani-spa.fr\/collection\/#website\"},\"primaryImageOfPage\":{\"@id\":\"https:\/\/www.sani-spa.fr\/collection\/produit\/cartouche-filtrante\/#primaryimage\"},\"image\":{\"@id\":\"https:\/\/www.sani-spa.fr\/collection\/produit\/cartouche-filtrante\/#primaryimage\"},\"thumbnailUrl\":\"https:\/\/www.sani-spa.fr\/collection\/wp-collection\/uploads\/2024\/03\/cartouche-purestream.jpeg\",\"datePublished\":\"2024-03-15T09:33:40+00:00\",\"dateModified\":\"2024-09-05T20:13:42+00:00\",\"breadcrumb\":{\"@id\":\"https:\/\/www.sani-spa.fr\/collection\/produit\/cartouche-filtrante\/#breadcrumb\"},\"inLanguage\":\"fr-FR\",\"potentialAction\":[{\"@type\":\"ReadAction\",\"target\":[\"https:\/\/www.sani-spa.fr\/collection\/produit\/cartouche-filtrante\/\"]}]},{\"@type\":\"ImageObject\",\"inLanguage\":\"fr-FR\",\"@id\":\"https:\/\/www.sani-spa.fr\/collection\/produit\/cartouche-filtrante\/#primaryimage\",\"url\":\"https:\/\/www.sani-spa.fr\/collection\/wp-collection\/uploads\/2024\/03\/cartouche-purestream.jpeg\",\"contentUrl\":\"https:\/\/www.sani-spa.fr\/collection\/wp-collection\/uploads\/2024\/03\/cartouche-purestream.jpeg\",\"width\":800,\"height\":800,\"caption\":\"xr:d:DAF_fTciY2g:4,j:3778941740443242089,t:24031413\"},{\"@type\":\"BreadcrumbList\",\"@id\":\"https:\/\/www.sani-spa.fr\/collection\/produit\/cartouche-filtrante\/#breadcrumb\",\"itemListElement\":[{\"@type\":\"ListItem\",\"position\":1,\"name\":\"Accueil\",\"item\":\"https:\/\/www.sani-spa.fr\/collection\/\"},{\"@type\":\"ListItem\",\"position\":2,\"name\":\"Sani Spa CollectionPi\u00e8ces D\u00e9tach\u00e9es &amp; Accessoires pour Spas\",\"item\":\"https:\/\/www.sani-spa.fr\/collection\/\"},{\"@type\":\"ListItem\",\"position\":3,\"name\":\"Cartouche Filtrante\"}]},{\"@type\":\"WebSite\",\"@id\":\"https:\/\/www.sani-spa.fr\/collection\/#website\",\"url\":\"https:\/\/www.sani-spa.fr\/collection\/\",\"name\":\"Sani Spa Collection\",\"description\":\"Boutique spas &amp; accessoires spa\",\"publisher\":{\"@id\":\"https:\/\/www.sani-spa.fr\/collection\/#organization\"},\"potentialAction\":[{\"@type\":\"SearchAction\",\"target\":{\"@type\":\"EntryPoint\",\"urlTemplate\":\"https:\/\/www.sani-spa.fr\/collection\/?s={search_term_string}\"},\"query-input\":{\"@type\":\"PropertyValueSpecification\",\"valueRequired\":true,\"valueName\":\"search_term_string\"}}],\"inLanguage\":\"fr-FR\"},{\"@type\":\"Organization\",\"@id\":\"https:\/\/www.sani-spa.fr\/collection\/#organization\",\"name\":\"Sani Spa Collection\",\"url\":\"https:\/\/www.sani-spa.fr\/collection\/\",\"logo\":{\"@type\":\"ImageObject\",\"inLanguage\":\"fr-FR\",\"@id\":\"https:\/\/www.sani-spa.fr\/collection\/#\/schema\/logo\/image\/\",\"url\":\"https:\/\/www.sani-spa.fr\/collection\/wp-collection\/uploads\/2017\/10\/logo-sani-spa-collection.png\",\"contentUrl\":\"https:\/\/www.sani-spa.fr\/collection\/wp-collection\/uploads\/2017\/10\/logo-sani-spa-collection.png\",\"width\":231,\"height\":54,\"caption\":\"Sani Spa Collection\"},\"image\":{\"@id\":\"https:\/\/www.sani-spa.fr\/collection\/#\/schema\/logo\/image\/\"},\"sameAs\":[\"https:\/\/www.facebook.com\/sarlsanispa\"]}]}<\/script>\n<!-- \/ Yoast SEO plugin. -->","yoast_head_json":{"title":"Cartouche Filtrante | Sani Spa Collection","robots":{"index":"index","follow":"follow","max-snippet":"max-snippet:-1","max-image-preview":"max-image-preview:large","max-video-preview":"max-video-preview:-1"},"canonical":"https:\/\/www.sani-spa.fr\/collection\/produit\/cartouche-filtrante\/","og_locale":"fr_FR","og_type":"article","og_title":"Cartouche Filtrante | Sani Spa Collection","og_description":"Cartouche filtrante pour remplissage Cartouche filtrante \"PURE STREAM\" Permet une filtration optimale de l'eau lors du remplissage de votre spa. Filtre les particules fines, le calcaire et les m\u00e9taux. Permet jusqu'\u00e0 6-8 remplissages.","og_url":"https:\/\/www.sani-spa.fr\/collection\/produit\/cartouche-filtrante\/","og_site_name":"Sani Spa Collection","article_publisher":"https:\/\/www.facebook.com\/sarlsanispa","article_modified_time":"2024-09-05T20:13:42+00:00","og_image":[{"width":800,"height":800,"url":"http:\/\/www.sani-spa.fr\/collection\/wp-collection\/uploads\/2024\/03\/cartouche-purestream.jpeg","type":"image\/jpeg"}],"twitter_card":"summary_large_image","twitter_misc":{"Dur\u00e9e de lecture estim\u00e9e":"2 minutes"},"schema":{"@context":"https:\/\/schema.org","@graph":[{"@type":"WebPage","@id":"https:\/\/www.sani-spa.fr\/collection\/produit\/cartouche-filtrante\/","url":"https:\/\/www.sani-spa.fr\/collection\/produit\/cartouche-filtrante\/","name":"Cartouche Filtrante | Sani Spa Collection","isPartOf":{"@id":"https:\/\/www.sani-spa.fr\/collection\/#website"},"primaryImageOfPage":{"@id":"https:\/\/www.sani-spa.fr\/collection\/produit\/cartouche-filtrante\/#primaryimage"},"image":{"@id":"https:\/\/www.sani-spa.fr\/collection\/produit\/cartouche-filtrante\/#primaryimage"},"thumbnailUrl":"https:\/\/www.sani-spa.fr\/collection\/wp-collection\/uploads\/2024\/03\/cartouche-purestream.jpeg","datePublished":"2024-03-15T09:33:40+00:00","dateModified":"2024-09-05T20:13:42+00:00","breadcrumb":{"@id":"https:\/\/www.sani-spa.fr\/collection\/produit\/cartouche-filtrante\/#breadcrumb"},"inLanguage":"fr-FR","potentialAction":[{"@type":"ReadAction","target":["https:\/\/www.sani-spa.fr\/collection\/produit\/cartouche-filtrante\/"]}]},{"@type":"ImageObject","inLanguage":"fr-FR","@id":"https:\/\/www.sani-spa.fr\/collection\/produit\/cartouche-filtrante\/#primaryimage","url":"https:\/\/www.sani-spa.fr\/collection\/wp-collection\/uploads\/2024\/03\/cartouche-purestream.jpeg","contentUrl":"https:\/\/www.sani-spa.fr\/collection\/wp-collection\/uploads\/2024\/03\/cartouche-purestream.jpeg","width":800,"height":800,"caption":"xr:d:DAF_fTciY2g:4,j:3778941740443242089,t:24031413"},{"@type":"BreadcrumbList","@id":"https:\/\/www.sani-spa.fr\/collection\/produit\/cartouche-filtrante\/#breadcrumb","itemListElement":[{"@type":"ListItem","position":1,"name":"Accueil","item":"https:\/\/www.sani-spa.fr\/collection\/"},{"@type":"ListItem","position":2,"name":"Sani Spa CollectionPi\u00e8ces D\u00e9tach\u00e9es &amp; Accessoires pour Spas","item":"https:\/\/www.sani-spa.fr\/collection\/"},{"@type":"ListItem","position":3,"name":"Cartouche Filtrante"}]},{"@type":"WebSite","@id":"https:\/\/www.sani-spa.fr\/collection\/#website","url":"https:\/\/www.sani-spa.fr\/collection\/","name":"Sani Spa Collection","description":"Boutique spas &amp; accessoires spa","publisher":{"@id":"https:\/\/www.sani-spa.fr\/collection\/#organization"},"potentialAction":[{"@type":"SearchAction","target":{"@type":"EntryPoint","urlTemplate":"https:\/\/www.sani-spa.fr\/collection\/?s={search_term_string}"},"query-input":{"@type":"PropertyValueSpecification","valueRequired":true,"valueName":"search_term_string"}}],"inLanguage":"fr-FR"},{"@type":"Organization","@id":"https:\/\/www.sani-spa.fr\/collection\/#organization","name":"Sani Spa Collection","url":"https:\/\/www.sani-spa.fr\/collection\/","logo":{"@type":"ImageObject","inLanguage":"fr-FR","@id":"https:\/\/www.sani-spa.fr\/collection\/#\/schema\/logo\/image\/","url":"https:\/\/www.sani-spa.fr\/collection\/wp-collection\/uploads\/2017\/10\/logo-sani-spa-collection.png","contentUrl":"https:\/\/www.sani-spa.fr\/collection\/wp-collection\/uploads\/2017\/10\/logo-sani-spa-collection.png","width":231,"height":54,"caption":"Sani Spa Collection"},"image":{"@id":"https:\/\/www.sani-spa.fr\/collection\/#\/schema\/logo\/image\/"},"sameAs":["https:\/\/www.facebook.com\/sarlsanispa"]}]}},"jetpack_sharing_enabled":true,"_links":{"self":[{"href":"https:\/\/www.sani-spa.fr\/collection\/wp-json\/wp\/v2\/product\/3496","targetHints":{"allow":["GET"]}}],"collection":[{"href":"https:\/\/www.sani-spa.fr\/collection\/wp-json\/wp\/v2\/product"}],"about":[{"href":"https:\/\/www.sani-spa.fr\/collection\/wp-json\/wp\/v2\/types\/product"}],"replies":[{"embeddable":true,"href":"https:\/\/www.sani-spa.fr\/collection\/wp-json\/wp\/v2\/comments?post=3496"}],"wp:featuredmedia":[{"embeddable":true,"href":"https:\/\/www.sani-spa.fr\/collection\/wp-json\/wp\/v2\/media\/3780"}],"wp:attachment":[{"href":"https:\/\/www.sani-spa.fr\/collection\/wp-json\/wp\/v2\/media?parent=3496"}],"wp:term":[{"taxonomy":"product_brand","embeddable":true,"href":"https:\/\/www.sani-spa.fr\/collection\/wp-json\/wp\/v2\/product_brand?post=3496"},{"taxonomy":"product_cat","embeddable":true,"href":"https:\/\/www.sani-spa.fr\/collection\/wp-json\/wp\/v2\/product_cat?post=3496"},{"taxonomy":"product_tag","embeddable":true,"href":"https:\/\/www.sani-spa.fr\/collection\/wp-json\/wp\/v2\/product_tag?post=3496"}],"curies":[{"name":"wp","href":"https:\/\/api.w.org\/{rel}","templated":true}]}}