{"id":3632,"date":"2024-06-14T00:43:50","date_gmt":"2024-06-13T22:43:50","guid":{"rendered":"https:\/\/www.sani-spa.fr\/collection\/?post_type=product&#038;p=3632"},"modified":"2024-06-14T00:45:16","modified_gmt":"2024-06-13T22:45:16","slug":"boitier-de-controle-balboa-bp2-coast-spas-avec-rechauffeur","status":"publish","type":"product","link":"https:\/\/www.sani-spa.fr\/collection\/produit\/boitier-de-controle-balboa-bp2-coast-spas-avec-rechauffeur\/","title":{"rendered":"Boitier de contr\u00f4le Balboa BP2 Coast Spas avec r\u00e9chauffeur"},"content":{"rendered":"<p><b>Claviers compatibles<\/b><br \/>\nTP400W, TP400T, <a href=\"https:\/\/www.sani-spa.fr\/collection\/produit\/clavier-de-commande-balboa-tp600\/\">TP600<\/a>, <a href=\"https:\/\/www.sani-spa.fr\/collection\/produit\/clavier-de-controle-balboa-tp800\/\">TP800<\/a>, <a href=\"https:\/\/www.sani-spa.fr\/collection\/produit\/clavier-de-controle-balboa-tp900\/\">TP900<\/a>, spaTouch<a href=\"https:\/\/www.sani-spa.fr\/collection\/produit\/clavier-de-commande-spatouch2-rectangle\/\"> rectangulaire<\/a>, ovale, <a href=\"https:\/\/www.sani-spa.fr\/collection\/produit\/clavier-de-commande-spatouch2-rectangle-copie\/\">version 2 trap\u00e9zo\u00efdale<\/a><\/p>\n<p><a href=\"https:\/\/www.sani-spa.fr\/collection\/produit\/1878\/\">R\u00e9chauffeur Balboa D\u00e9port\u00e9 \u00a0en 2 ou 3kw\u00a0<\/a><\/p>\n<p><b>Dimensions<\/b><\/p>\n<ul>\n<li>Hauteur : 221 mm<\/li>\n<li>Largeur du bo\u00eetier : 321 mm<\/li>\n<li>Largeur du r\u00e9chauffeur : 381 mm, sans les raccords<\/li>\n<li>Profondeur du bo\u00eetier : 71 mm<\/li>\n<li>Profondeur totale : 161 mm<\/li>\n<li>Raccord r\u00e9chauffeur : 2&#8243;<\/li>\n<\/ul>\n","protected":false},"excerpt":{"rendered":"<p>Le boitier Balboa BP2 Coast Spas peut g\u00e9rer :<\/p>\n<ul>\n<li>Une pompe de massage bi-vitesses (ou mono-vitesse en cas de pompe de circulation)<\/li>\n<li>Un syt\u00e8me d&#8217;\u00e9clairage<\/li>\n<li>Un syst\u00e8me audio<\/li>\n<li>Un ozonateur<\/li>\n<\/ul>\n<p>R\u00e9chauffeur 3 kw inclus<\/p>\n<p>Il est \u00e9galement possible d&#8217;ajouter une platine d&#8217;extension pour permettre la gestion d&#8217;une pompe ou d&#8217;un blower suppl\u00e9mentaire.<\/p>\n<p><a href=\"https:\/\/www.sani-spa.fr\/collection\/produit\/module-wifi-balboa\/\">L&#8217;option Wifi<\/a> s&#8217;int\u00e8gre \u00e9galement sur ce syt\u00e8me de gestion.<\/p>\n<p><b>Garantie<\/b><br \/>\n2 ans<\/p>\n<p>&nbsp;<\/p>\n","protected":false},"featured_media":1886,"comment_status":"open","ping_status":"closed","template":"","meta":[],"product_brand":[],"product_cat":[106],"product_tag":[],"class_list":{"0":"post-3632","1":"product","2":"type-product","3":"status-publish","4":"has-post-thumbnail","6":"product_cat-pack-de-gestion-coast-spas","7":"product_shipping_class-pack-de-controle","9":"first","10":"instock","11":"taxable","12":"shipping-taxable","13":"purchasable","14":"product-type-simple"},"yoast_head":"<!-- This site is optimized with the Yoast SEO plugin v27.0 - https:\/\/yoast.com\/product\/yoast-seo-wordpress\/ -->\n<title>Boitier de contr\u00f4le Balboa BP2 Coast Spas avec r\u00e9chauffeur | Sani Spa Collection<\/title>\n<meta name=\"robots\" content=\"index, follow, max-snippet:-1, max-image-preview:large, max-video-preview:-1\" \/>\n<link rel=\"canonical\" href=\"https:\/\/www.sani-spa.fr\/collection\/produit\/boitier-de-controle-balboa-bp2-coast-spas-avec-rechauffeur\/\" \/>\n<meta property=\"og:locale\" content=\"fr_FR\" \/>\n<meta property=\"og:type\" content=\"article\" \/>\n<meta property=\"og:title\" content=\"Boitier de contr\u00f4le Balboa BP2 Coast Spas avec r\u00e9chauffeur | Sani Spa Collection\" \/>\n<meta property=\"og:description\" content=\"Le boitier Balboa BP2 Coast Spas peut g\u00e9rer :   Une pompe de massage bi-vitesses (ou mono-vitesse en cas de pompe de circulation)  Un syt\u00e8me d&#039;\u00e9clairage  Un syst\u00e8me audio  Un ozonateur  R\u00e9chauffeur 3 kw inclus  Il est \u00e9galement possible d&#039;ajouter une platine d&#039;extension pour permettre la gestion d&#039;une pompe ou d&#039;un blower suppl\u00e9mentaire.  L&#039;option Wifi s&#039;int\u00e8gre \u00e9galement sur ce syt\u00e8me de gestion.  Garantie 2 ans  &nbsp;\" \/>\n<meta property=\"og:url\" content=\"https:\/\/www.sani-spa.fr\/collection\/produit\/boitier-de-controle-balboa-bp2-coast-spas-avec-rechauffeur\/\" \/>\n<meta property=\"og:site_name\" content=\"Sani Spa Collection\" \/>\n<meta property=\"article:publisher\" content=\"https:\/\/www.facebook.com\/sarlsanispa\" \/>\n<meta property=\"article:modified_time\" content=\"2024-06-13T22:45:16+00:00\" \/>\n<meta property=\"og:image\" content=\"http:\/\/www.sani-spa.fr\/collection\/wp-collection\/uploads\/2020\/05\/4514-systeme-de-controle-balboa-bp200-g1-1-im-600x480.jpg\" \/>\n\t<meta property=\"og:image:width\" content=\"600\" \/>\n\t<meta property=\"og:image:height\" content=\"480\" \/>\n\t<meta property=\"og:image:type\" content=\"image\/jpeg\" \/>\n<meta name=\"twitter:card\" content=\"summary_large_image\" \/>\n<meta name=\"twitter:label1\" content=\"Dur\u00e9e de lecture estim\u00e9e\" \/>\n\t<meta name=\"twitter:data1\" content=\"1 minute\" \/>\n<script type=\"application\/ld+json\" class=\"yoast-schema-graph\">{\"@context\":\"https:\/\/schema.org\",\"@graph\":[{\"@type\":\"WebPage\",\"@id\":\"https:\/\/www.sani-spa.fr\/collection\/produit\/boitier-de-controle-balboa-bp2-coast-spas-avec-rechauffeur\/\",\"url\":\"https:\/\/www.sani-spa.fr\/collection\/produit\/boitier-de-controle-balboa-bp2-coast-spas-avec-rechauffeur\/\",\"name\":\"Boitier de contr\u00f4le Balboa BP2 Coast Spas avec r\u00e9chauffeur | Sani Spa Collection\",\"isPartOf\":{\"@id\":\"https:\/\/www.sani-spa.fr\/collection\/#website\"},\"primaryImageOfPage\":{\"@id\":\"https:\/\/www.sani-spa.fr\/collection\/produit\/boitier-de-controle-balboa-bp2-coast-spas-avec-rechauffeur\/#primaryimage\"},\"image\":{\"@id\":\"https:\/\/www.sani-spa.fr\/collection\/produit\/boitier-de-controle-balboa-bp2-coast-spas-avec-rechauffeur\/#primaryimage\"},\"thumbnailUrl\":\"https:\/\/www.sani-spa.fr\/collection\/wp-collection\/uploads\/2020\/05\/4514-systeme-de-controle-balboa-bp200-g1-1-im-600x480.jpg\",\"datePublished\":\"2024-06-13T22:43:50+00:00\",\"dateModified\":\"2024-06-13T22:45:16+00:00\",\"breadcrumb\":{\"@id\":\"https:\/\/www.sani-spa.fr\/collection\/produit\/boitier-de-controle-balboa-bp2-coast-spas-avec-rechauffeur\/#breadcrumb\"},\"inLanguage\":\"fr-FR\",\"potentialAction\":[{\"@type\":\"ReadAction\",\"target\":[\"https:\/\/www.sani-spa.fr\/collection\/produit\/boitier-de-controle-balboa-bp2-coast-spas-avec-rechauffeur\/\"]}]},{\"@type\":\"ImageObject\",\"inLanguage\":\"fr-FR\",\"@id\":\"https:\/\/www.sani-spa.fr\/collection\/produit\/boitier-de-controle-balboa-bp2-coast-spas-avec-rechauffeur\/#primaryimage\",\"url\":\"https:\/\/www.sani-spa.fr\/collection\/wp-collection\/uploads\/2020\/05\/4514-systeme-de-controle-balboa-bp200-g1-1-im-600x480.jpg\",\"contentUrl\":\"https:\/\/www.sani-spa.fr\/collection\/wp-collection\/uploads\/2020\/05\/4514-systeme-de-controle-balboa-bp200-g1-1-im-600x480.jpg\",\"width\":600,\"height\":480},{\"@type\":\"BreadcrumbList\",\"@id\":\"https:\/\/www.sani-spa.fr\/collection\/produit\/boitier-de-controle-balboa-bp2-coast-spas-avec-rechauffeur\/#breadcrumb\",\"itemListElement\":[{\"@type\":\"ListItem\",\"position\":1,\"name\":\"Accueil\",\"item\":\"https:\/\/www.sani-spa.fr\/collection\/\"},{\"@type\":\"ListItem\",\"position\":2,\"name\":\"Sani Spa CollectionPi\u00e8ces D\u00e9tach\u00e9es &amp; Accessoires pour Spas\",\"item\":\"https:\/\/www.sani-spa.fr\/collection\/\"},{\"@type\":\"ListItem\",\"position\":3,\"name\":\"Boitier de contr\u00f4le Balboa BP2 Coast Spas avec r\u00e9chauffeur\"}]},{\"@type\":\"WebSite\",\"@id\":\"https:\/\/www.sani-spa.fr\/collection\/#website\",\"url\":\"https:\/\/www.sani-spa.fr\/collection\/\",\"name\":\"Sani Spa Collection\",\"description\":\"Boutique spas &amp; accessoires spa\",\"publisher\":{\"@id\":\"https:\/\/www.sani-spa.fr\/collection\/#organization\"},\"potentialAction\":[{\"@type\":\"SearchAction\",\"target\":{\"@type\":\"EntryPoint\",\"urlTemplate\":\"https:\/\/www.sani-spa.fr\/collection\/?s={search_term_string}\"},\"query-input\":{\"@type\":\"PropertyValueSpecification\",\"valueRequired\":true,\"valueName\":\"search_term_string\"}}],\"inLanguage\":\"fr-FR\"},{\"@type\":\"Organization\",\"@id\":\"https:\/\/www.sani-spa.fr\/collection\/#organization\",\"name\":\"Sani Spa Collection\",\"url\":\"https:\/\/www.sani-spa.fr\/collection\/\",\"logo\":{\"@type\":\"ImageObject\",\"inLanguage\":\"fr-FR\",\"@id\":\"https:\/\/www.sani-spa.fr\/collection\/#\/schema\/logo\/image\/\",\"url\":\"https:\/\/www.sani-spa.fr\/collection\/wp-collection\/uploads\/2017\/10\/logo-sani-spa-collection.png\",\"contentUrl\":\"https:\/\/www.sani-spa.fr\/collection\/wp-collection\/uploads\/2017\/10\/logo-sani-spa-collection.png\",\"width\":231,\"height\":54,\"caption\":\"Sani Spa Collection\"},\"image\":{\"@id\":\"https:\/\/www.sani-spa.fr\/collection\/#\/schema\/logo\/image\/\"},\"sameAs\":[\"https:\/\/www.facebook.com\/sarlsanispa\"]}]}<\/script>\n<!-- \/ Yoast SEO plugin. -->","yoast_head_json":{"title":"Boitier de contr\u00f4le Balboa BP2 Coast Spas avec r\u00e9chauffeur | Sani Spa Collection","robots":{"index":"index","follow":"follow","max-snippet":"max-snippet:-1","max-image-preview":"max-image-preview:large","max-video-preview":"max-video-preview:-1"},"canonical":"https:\/\/www.sani-spa.fr\/collection\/produit\/boitier-de-controle-balboa-bp2-coast-spas-avec-rechauffeur\/","og_locale":"fr_FR","og_type":"article","og_title":"Boitier de contr\u00f4le Balboa BP2 Coast Spas avec r\u00e9chauffeur | Sani Spa Collection","og_description":"Le boitier Balboa BP2 Coast Spas peut g\u00e9rer :   Une pompe de massage bi-vitesses (ou mono-vitesse en cas de pompe de circulation)  Un syt\u00e8me d'\u00e9clairage  Un syst\u00e8me audio  Un ozonateur  R\u00e9chauffeur 3 kw inclus  Il est \u00e9galement possible d'ajouter une platine d'extension pour permettre la gestion d'une pompe ou d'un blower suppl\u00e9mentaire.  L'option Wifi s'int\u00e8gre \u00e9galement sur ce syt\u00e8me de gestion.  Garantie 2 ans  &nbsp;","og_url":"https:\/\/www.sani-spa.fr\/collection\/produit\/boitier-de-controle-balboa-bp2-coast-spas-avec-rechauffeur\/","og_site_name":"Sani Spa Collection","article_publisher":"https:\/\/www.facebook.com\/sarlsanispa","article_modified_time":"2024-06-13T22:45:16+00:00","og_image":[{"width":600,"height":480,"url":"http:\/\/www.sani-spa.fr\/collection\/wp-collection\/uploads\/2020\/05\/4514-systeme-de-controle-balboa-bp200-g1-1-im-600x480.jpg","type":"image\/jpeg"}],"twitter_card":"summary_large_image","twitter_misc":{"Dur\u00e9e de lecture estim\u00e9e":"1 minute"},"schema":{"@context":"https:\/\/schema.org","@graph":[{"@type":"WebPage","@id":"https:\/\/www.sani-spa.fr\/collection\/produit\/boitier-de-controle-balboa-bp2-coast-spas-avec-rechauffeur\/","url":"https:\/\/www.sani-spa.fr\/collection\/produit\/boitier-de-controle-balboa-bp2-coast-spas-avec-rechauffeur\/","name":"Boitier de contr\u00f4le Balboa BP2 Coast Spas avec r\u00e9chauffeur | Sani Spa Collection","isPartOf":{"@id":"https:\/\/www.sani-spa.fr\/collection\/#website"},"primaryImageOfPage":{"@id":"https:\/\/www.sani-spa.fr\/collection\/produit\/boitier-de-controle-balboa-bp2-coast-spas-avec-rechauffeur\/#primaryimage"},"image":{"@id":"https:\/\/www.sani-spa.fr\/collection\/produit\/boitier-de-controle-balboa-bp2-coast-spas-avec-rechauffeur\/#primaryimage"},"thumbnailUrl":"https:\/\/www.sani-spa.fr\/collection\/wp-collection\/uploads\/2020\/05\/4514-systeme-de-controle-balboa-bp200-g1-1-im-600x480.jpg","datePublished":"2024-06-13T22:43:50+00:00","dateModified":"2024-06-13T22:45:16+00:00","breadcrumb":{"@id":"https:\/\/www.sani-spa.fr\/collection\/produit\/boitier-de-controle-balboa-bp2-coast-spas-avec-rechauffeur\/#breadcrumb"},"inLanguage":"fr-FR","potentialAction":[{"@type":"ReadAction","target":["https:\/\/www.sani-spa.fr\/collection\/produit\/boitier-de-controle-balboa-bp2-coast-spas-avec-rechauffeur\/"]}]},{"@type":"ImageObject","inLanguage":"fr-FR","@id":"https:\/\/www.sani-spa.fr\/collection\/produit\/boitier-de-controle-balboa-bp2-coast-spas-avec-rechauffeur\/#primaryimage","url":"https:\/\/www.sani-spa.fr\/collection\/wp-collection\/uploads\/2020\/05\/4514-systeme-de-controle-balboa-bp200-g1-1-im-600x480.jpg","contentUrl":"https:\/\/www.sani-spa.fr\/collection\/wp-collection\/uploads\/2020\/05\/4514-systeme-de-controle-balboa-bp200-g1-1-im-600x480.jpg","width":600,"height":480},{"@type":"BreadcrumbList","@id":"https:\/\/www.sani-spa.fr\/collection\/produit\/boitier-de-controle-balboa-bp2-coast-spas-avec-rechauffeur\/#breadcrumb","itemListElement":[{"@type":"ListItem","position":1,"name":"Accueil","item":"https:\/\/www.sani-spa.fr\/collection\/"},{"@type":"ListItem","position":2,"name":"Sani Spa CollectionPi\u00e8ces D\u00e9tach\u00e9es &amp; Accessoires pour Spas","item":"https:\/\/www.sani-spa.fr\/collection\/"},{"@type":"ListItem","position":3,"name":"Boitier de contr\u00f4le Balboa BP2 Coast Spas avec r\u00e9chauffeur"}]},{"@type":"WebSite","@id":"https:\/\/www.sani-spa.fr\/collection\/#website","url":"https:\/\/www.sani-spa.fr\/collection\/","name":"Sani Spa Collection","description":"Boutique spas &amp; accessoires spa","publisher":{"@id":"https:\/\/www.sani-spa.fr\/collection\/#organization"},"potentialAction":[{"@type":"SearchAction","target":{"@type":"EntryPoint","urlTemplate":"https:\/\/www.sani-spa.fr\/collection\/?s={search_term_string}"},"query-input":{"@type":"PropertyValueSpecification","valueRequired":true,"valueName":"search_term_string"}}],"inLanguage":"fr-FR"},{"@type":"Organization","@id":"https:\/\/www.sani-spa.fr\/collection\/#organization","name":"Sani Spa Collection","url":"https:\/\/www.sani-spa.fr\/collection\/","logo":{"@type":"ImageObject","inLanguage":"fr-FR","@id":"https:\/\/www.sani-spa.fr\/collection\/#\/schema\/logo\/image\/","url":"https:\/\/www.sani-spa.fr\/collection\/wp-collection\/uploads\/2017\/10\/logo-sani-spa-collection.png","contentUrl":"https:\/\/www.sani-spa.fr\/collection\/wp-collection\/uploads\/2017\/10\/logo-sani-spa-collection.png","width":231,"height":54,"caption":"Sani Spa Collection"},"image":{"@id":"https:\/\/www.sani-spa.fr\/collection\/#\/schema\/logo\/image\/"},"sameAs":["https:\/\/www.facebook.com\/sarlsanispa"]}]}},"jetpack_sharing_enabled":true,"_links":{"self":[{"href":"https:\/\/www.sani-spa.fr\/collection\/wp-json\/wp\/v2\/product\/3632","targetHints":{"allow":["GET"]}}],"collection":[{"href":"https:\/\/www.sani-spa.fr\/collection\/wp-json\/wp\/v2\/product"}],"about":[{"href":"https:\/\/www.sani-spa.fr\/collection\/wp-json\/wp\/v2\/types\/product"}],"replies":[{"embeddable":true,"href":"https:\/\/www.sani-spa.fr\/collection\/wp-json\/wp\/v2\/comments?post=3632"}],"wp:featuredmedia":[{"embeddable":true,"href":"https:\/\/www.sani-spa.fr\/collection\/wp-json\/wp\/v2\/media\/1886"}],"wp:attachment":[{"href":"https:\/\/www.sani-spa.fr\/collection\/wp-json\/wp\/v2\/media?parent=3632"}],"wp:term":[{"taxonomy":"product_brand","embeddable":true,"href":"https:\/\/www.sani-spa.fr\/collection\/wp-json\/wp\/v2\/product_brand?post=3632"},{"taxonomy":"product_cat","embeddable":true,"href":"https:\/\/www.sani-spa.fr\/collection\/wp-json\/wp\/v2\/product_cat?post=3632"},{"taxonomy":"product_tag","embeddable":true,"href":"https:\/\/www.sani-spa.fr\/collection\/wp-json\/wp\/v2\/product_tag?post=3632"}],"curies":[{"name":"wp","href":"https:\/\/api.w.org\/{rel}","templated":true}]}}