{"id":3636,"date":"2024-06-14T01:03:59","date_gmt":"2024-06-13T23:03:59","guid":{"rendered":"https:\/\/www.sani-spa.fr\/collection\/?post_type=product&#038;p=3636"},"modified":"2026-03-05T14:50:41","modified_gmt":"2026-03-05T13:50:41","slug":"rechauffeur-coast-spas-3-kw-pour-boitier-bp","status":"publish","type":"product","link":"https:\/\/www.sani-spa.fr\/collection\/produit\/rechauffeur-coast-spas-3-kw-pour-boitier-bp\/","title":{"rendered":"R\u00e9chauffeur 3 kw Coast Spas pour boitier BP"},"content":{"rendered":"<p>Le r\u00e9chauffeur balboa 3kw pour boitier Coast BP est dot\u00e9 d&#8217;un syst\u00e8me de connexion plug&amp;play, de plus il dispose \u00e9galement du syst\u00e8me de contr\u00f4le M7 pour le d\u00e9bit d&#8217;eau et la gestion de de la temp\u00e9rature.<\/p>\n<p>A diff\u00e9rence des r\u00e9chauffeurs balboa de gamme GS et GL celui ci se raccorde sur prise et non via fixation par languette cuivre et \u00e9crous.<\/p>\n<p>Il est compatible avec tous les syst\u00e8me BP :<\/p>\n<p class=\"product_title entry-title\"><a href=\"https:\/\/www.sani-spa.fr\/collection\/produit\/boitier-balboa-coast-spas-bp-avec-rechauffeur\/\"><strong>Boitier Balboa Coast Spas BP<\/strong><\/a><\/p>\n<p>Garantie constructeur 2 ans<\/p>\n","protected":false},"excerpt":{"rendered":"<p><strong>Puissance \u00e9lectrique :<\/strong><\/p>\n<p>3 Kw \/ 240 volts<\/p>\n<p><b>Dimensions <\/b><br \/>\nLongueur r\u00e9chauffeur sans unions : 381 mm<br \/>\nLongueur totale avec unions : 495 mm<br \/>\nDiam\u00e8tre int\u00e9rieur des raccords : 60 mm, pour tuyaux 2 pouces<\/p>\n<p>Capteurs M7 et raccords union fournis avec le r\u00e9chauffeur<\/p>\n<p>&nbsp;<\/p>\n","protected":false},"featured_media":1123,"comment_status":"open","ping_status":"closed","template":"","meta":[],"product_brand":[],"product_cat":[28,36,107],"product_tag":[],"class_list":{"0":"post-3636","1":"product","2":"type-product","3":"status-publish","4":"has-post-thumbnail","6":"product_cat-rechauffeur-pour-spa","7":"product_cat-balboa","8":"product_cat-rechauffeurs-coast-spas","9":"product_shipping_class-rechauffeur","11":"first","12":"instock","13":"taxable","14":"shipping-taxable","15":"purchasable","16":"product-type-simple"},"yoast_head":"<!-- This site is optimized with the Yoast SEO plugin v27.0 - https:\/\/yoast.com\/product\/yoast-seo-wordpress\/ -->\n<title>R\u00e9chauffeur Coast Spas 3 kW pour bo\u00eetier Balboa | Sani-Spa<\/title>\n<meta name=\"description\" content=\"R\u00e9chauffeur spa 3 kW Coast Spas compatible bo\u00eetier BP. Pi\u00e8ce d\u2019origine pour chauffage de spa. Disponible chez Sani-Spa avec assistance technique.\" \/>\n<meta name=\"robots\" content=\"index, follow, max-snippet:-1, max-image-preview:large, max-video-preview:-1\" \/>\n<link rel=\"canonical\" href=\"https:\/\/www.sani-spa.fr\/collection\/produit\/rechauffeur-coast-spas-3-kw-pour-boitier-bp\/\" \/>\n<meta property=\"og:locale\" content=\"fr_FR\" \/>\n<meta property=\"og:type\" content=\"article\" \/>\n<meta property=\"og:title\" content=\"R\u00e9chauffeur Coast Spas 3 kW pour bo\u00eetier Balboa | Sani-Spa\" \/>\n<meta property=\"og:description\" content=\"R\u00e9chauffeur spa 3 kW Coast Spas compatible bo\u00eetier BP. Pi\u00e8ce d\u2019origine pour chauffage de spa. Disponible chez Sani-Spa avec assistance technique.\" \/>\n<meta property=\"og:url\" content=\"https:\/\/www.sani-spa.fr\/collection\/produit\/rechauffeur-coast-spas-3-kw-pour-boitier-bp\/\" \/>\n<meta property=\"og:site_name\" content=\"Sani Spa Collection\" \/>\n<meta property=\"article:publisher\" content=\"https:\/\/www.facebook.com\/sarlsanispa\" \/>\n<meta property=\"article:modified_time\" content=\"2026-03-05T13:50:41+00:00\" \/>\n<meta property=\"og:image\" content=\"http:\/\/www.sani-spa.fr\/collection\/wp-collection\/uploads\/2020\/03\/balboa_bp_heater__14193.1552735469.jpg\" \/>\n\t<meta property=\"og:image:width\" content=\"1280\" \/>\n\t<meta property=\"og:image:height\" content=\"1280\" \/>\n\t<meta property=\"og:image:type\" content=\"image\/jpeg\" \/>\n<meta name=\"twitter:card\" content=\"summary_large_image\" \/>\n<meta name=\"twitter:label1\" content=\"Dur\u00e9e de lecture estim\u00e9e\" \/>\n\t<meta name=\"twitter:data1\" content=\"1 minute\" \/>\n<script type=\"application\/ld+json\" class=\"yoast-schema-graph\">{\"@context\":\"https:\/\/schema.org\",\"@graph\":[{\"@type\":\"WebPage\",\"@id\":\"https:\/\/www.sani-spa.fr\/collection\/produit\/rechauffeur-coast-spas-3-kw-pour-boitier-bp\/\",\"url\":\"https:\/\/www.sani-spa.fr\/collection\/produit\/rechauffeur-coast-spas-3-kw-pour-boitier-bp\/\",\"name\":\"R\u00e9chauffeur Coast Spas 3 kW pour bo\u00eetier Balboa | Sani-Spa\",\"isPartOf\":{\"@id\":\"https:\/\/www.sani-spa.fr\/collection\/#website\"},\"primaryImageOfPage\":{\"@id\":\"https:\/\/www.sani-spa.fr\/collection\/produit\/rechauffeur-coast-spas-3-kw-pour-boitier-bp\/#primaryimage\"},\"image\":{\"@id\":\"https:\/\/www.sani-spa.fr\/collection\/produit\/rechauffeur-coast-spas-3-kw-pour-boitier-bp\/#primaryimage\"},\"thumbnailUrl\":\"https:\/\/www.sani-spa.fr\/collection\/wp-collection\/uploads\/2020\/03\/balboa_bp_heater__14193.1552735469.jpg\",\"datePublished\":\"2024-06-13T23:03:59+00:00\",\"dateModified\":\"2026-03-05T13:50:41+00:00\",\"description\":\"R\u00e9chauffeur spa 3 kW Coast Spas compatible bo\u00eetier BP. Pi\u00e8ce d\u2019origine pour chauffage de spa. Disponible chez Sani-Spa avec assistance technique.\",\"breadcrumb\":{\"@id\":\"https:\/\/www.sani-spa.fr\/collection\/produit\/rechauffeur-coast-spas-3-kw-pour-boitier-bp\/#breadcrumb\"},\"inLanguage\":\"fr-FR\",\"potentialAction\":[{\"@type\":\"ReadAction\",\"target\":[\"https:\/\/www.sani-spa.fr\/collection\/produit\/rechauffeur-coast-spas-3-kw-pour-boitier-bp\/\"]}]},{\"@type\":\"ImageObject\",\"inLanguage\":\"fr-FR\",\"@id\":\"https:\/\/www.sani-spa.fr\/collection\/produit\/rechauffeur-coast-spas-3-kw-pour-boitier-bp\/#primaryimage\",\"url\":\"https:\/\/www.sani-spa.fr\/collection\/wp-collection\/uploads\/2020\/03\/balboa_bp_heater__14193.1552735469.jpg\",\"contentUrl\":\"https:\/\/www.sani-spa.fr\/collection\/wp-collection\/uploads\/2020\/03\/balboa_bp_heater__14193.1552735469.jpg\",\"width\":1280,\"height\":1280},{\"@type\":\"BreadcrumbList\",\"@id\":\"https:\/\/www.sani-spa.fr\/collection\/produit\/rechauffeur-coast-spas-3-kw-pour-boitier-bp\/#breadcrumb\",\"itemListElement\":[{\"@type\":\"ListItem\",\"position\":1,\"name\":\"Accueil\",\"item\":\"https:\/\/www.sani-spa.fr\/collection\/\"},{\"@type\":\"ListItem\",\"position\":2,\"name\":\"Sani Spa CollectionPi\u00e8ces D\u00e9tach\u00e9es &amp; Accessoires pour Spas\",\"item\":\"https:\/\/www.sani-spa.fr\/collection\/\"},{\"@type\":\"ListItem\",\"position\":3,\"name\":\"R\u00e9chauffeur 3 kw Coast Spas pour boitier BP\"}]},{\"@type\":\"WebSite\",\"@id\":\"https:\/\/www.sani-spa.fr\/collection\/#website\",\"url\":\"https:\/\/www.sani-spa.fr\/collection\/\",\"name\":\"Sani Spa Collection\",\"description\":\"Boutique spas &amp; accessoires spa\",\"publisher\":{\"@id\":\"https:\/\/www.sani-spa.fr\/collection\/#organization\"},\"potentialAction\":[{\"@type\":\"SearchAction\",\"target\":{\"@type\":\"EntryPoint\",\"urlTemplate\":\"https:\/\/www.sani-spa.fr\/collection\/?s={search_term_string}\"},\"query-input\":{\"@type\":\"PropertyValueSpecification\",\"valueRequired\":true,\"valueName\":\"search_term_string\"}}],\"inLanguage\":\"fr-FR\"},{\"@type\":\"Organization\",\"@id\":\"https:\/\/www.sani-spa.fr\/collection\/#organization\",\"name\":\"Sani Spa Collection\",\"url\":\"https:\/\/www.sani-spa.fr\/collection\/\",\"logo\":{\"@type\":\"ImageObject\",\"inLanguage\":\"fr-FR\",\"@id\":\"https:\/\/www.sani-spa.fr\/collection\/#\/schema\/logo\/image\/\",\"url\":\"https:\/\/www.sani-spa.fr\/collection\/wp-collection\/uploads\/2017\/10\/logo-sani-spa-collection.png\",\"contentUrl\":\"https:\/\/www.sani-spa.fr\/collection\/wp-collection\/uploads\/2017\/10\/logo-sani-spa-collection.png\",\"width\":231,\"height\":54,\"caption\":\"Sani Spa Collection\"},\"image\":{\"@id\":\"https:\/\/www.sani-spa.fr\/collection\/#\/schema\/logo\/image\/\"},\"sameAs\":[\"https:\/\/www.facebook.com\/sarlsanispa\"]}]}<\/script>\n<!-- \/ Yoast SEO plugin. -->","yoast_head_json":{"title":"R\u00e9chauffeur Coast Spas 3 kW pour bo\u00eetier Balboa | Sani-Spa","description":"R\u00e9chauffeur spa 3 kW Coast Spas compatible bo\u00eetier BP. Pi\u00e8ce d\u2019origine pour chauffage de spa. Disponible chez Sani-Spa avec assistance technique.","robots":{"index":"index","follow":"follow","max-snippet":"max-snippet:-1","max-image-preview":"max-image-preview:large","max-video-preview":"max-video-preview:-1"},"canonical":"https:\/\/www.sani-spa.fr\/collection\/produit\/rechauffeur-coast-spas-3-kw-pour-boitier-bp\/","og_locale":"fr_FR","og_type":"article","og_title":"R\u00e9chauffeur Coast Spas 3 kW pour bo\u00eetier Balboa | Sani-Spa","og_description":"R\u00e9chauffeur spa 3 kW Coast Spas compatible bo\u00eetier BP. Pi\u00e8ce d\u2019origine pour chauffage de spa. Disponible chez Sani-Spa avec assistance technique.","og_url":"https:\/\/www.sani-spa.fr\/collection\/produit\/rechauffeur-coast-spas-3-kw-pour-boitier-bp\/","og_site_name":"Sani Spa Collection","article_publisher":"https:\/\/www.facebook.com\/sarlsanispa","article_modified_time":"2026-03-05T13:50:41+00:00","og_image":[{"width":1280,"height":1280,"url":"http:\/\/www.sani-spa.fr\/collection\/wp-collection\/uploads\/2020\/03\/balboa_bp_heater__14193.1552735469.jpg","type":"image\/jpeg"}],"twitter_card":"summary_large_image","twitter_misc":{"Dur\u00e9e de lecture estim\u00e9e":"1 minute"},"schema":{"@context":"https:\/\/schema.org","@graph":[{"@type":"WebPage","@id":"https:\/\/www.sani-spa.fr\/collection\/produit\/rechauffeur-coast-spas-3-kw-pour-boitier-bp\/","url":"https:\/\/www.sani-spa.fr\/collection\/produit\/rechauffeur-coast-spas-3-kw-pour-boitier-bp\/","name":"R\u00e9chauffeur Coast Spas 3 kW pour bo\u00eetier Balboa | Sani-Spa","isPartOf":{"@id":"https:\/\/www.sani-spa.fr\/collection\/#website"},"primaryImageOfPage":{"@id":"https:\/\/www.sani-spa.fr\/collection\/produit\/rechauffeur-coast-spas-3-kw-pour-boitier-bp\/#primaryimage"},"image":{"@id":"https:\/\/www.sani-spa.fr\/collection\/produit\/rechauffeur-coast-spas-3-kw-pour-boitier-bp\/#primaryimage"},"thumbnailUrl":"https:\/\/www.sani-spa.fr\/collection\/wp-collection\/uploads\/2020\/03\/balboa_bp_heater__14193.1552735469.jpg","datePublished":"2024-06-13T23:03:59+00:00","dateModified":"2026-03-05T13:50:41+00:00","description":"R\u00e9chauffeur spa 3 kW Coast Spas compatible bo\u00eetier BP. Pi\u00e8ce d\u2019origine pour chauffage de spa. Disponible chez Sani-Spa avec assistance technique.","breadcrumb":{"@id":"https:\/\/www.sani-spa.fr\/collection\/produit\/rechauffeur-coast-spas-3-kw-pour-boitier-bp\/#breadcrumb"},"inLanguage":"fr-FR","potentialAction":[{"@type":"ReadAction","target":["https:\/\/www.sani-spa.fr\/collection\/produit\/rechauffeur-coast-spas-3-kw-pour-boitier-bp\/"]}]},{"@type":"ImageObject","inLanguage":"fr-FR","@id":"https:\/\/www.sani-spa.fr\/collection\/produit\/rechauffeur-coast-spas-3-kw-pour-boitier-bp\/#primaryimage","url":"https:\/\/www.sani-spa.fr\/collection\/wp-collection\/uploads\/2020\/03\/balboa_bp_heater__14193.1552735469.jpg","contentUrl":"https:\/\/www.sani-spa.fr\/collection\/wp-collection\/uploads\/2020\/03\/balboa_bp_heater__14193.1552735469.jpg","width":1280,"height":1280},{"@type":"BreadcrumbList","@id":"https:\/\/www.sani-spa.fr\/collection\/produit\/rechauffeur-coast-spas-3-kw-pour-boitier-bp\/#breadcrumb","itemListElement":[{"@type":"ListItem","position":1,"name":"Accueil","item":"https:\/\/www.sani-spa.fr\/collection\/"},{"@type":"ListItem","position":2,"name":"Sani Spa CollectionPi\u00e8ces D\u00e9tach\u00e9es &amp; Accessoires pour Spas","item":"https:\/\/www.sani-spa.fr\/collection\/"},{"@type":"ListItem","position":3,"name":"R\u00e9chauffeur 3 kw Coast Spas pour boitier BP"}]},{"@type":"WebSite","@id":"https:\/\/www.sani-spa.fr\/collection\/#website","url":"https:\/\/www.sani-spa.fr\/collection\/","name":"Sani Spa Collection","description":"Boutique spas &amp; accessoires spa","publisher":{"@id":"https:\/\/www.sani-spa.fr\/collection\/#organization"},"potentialAction":[{"@type":"SearchAction","target":{"@type":"EntryPoint","urlTemplate":"https:\/\/www.sani-spa.fr\/collection\/?s={search_term_string}"},"query-input":{"@type":"PropertyValueSpecification","valueRequired":true,"valueName":"search_term_string"}}],"inLanguage":"fr-FR"},{"@type":"Organization","@id":"https:\/\/www.sani-spa.fr\/collection\/#organization","name":"Sani Spa Collection","url":"https:\/\/www.sani-spa.fr\/collection\/","logo":{"@type":"ImageObject","inLanguage":"fr-FR","@id":"https:\/\/www.sani-spa.fr\/collection\/#\/schema\/logo\/image\/","url":"https:\/\/www.sani-spa.fr\/collection\/wp-collection\/uploads\/2017\/10\/logo-sani-spa-collection.png","contentUrl":"https:\/\/www.sani-spa.fr\/collection\/wp-collection\/uploads\/2017\/10\/logo-sani-spa-collection.png","width":231,"height":54,"caption":"Sani Spa Collection"},"image":{"@id":"https:\/\/www.sani-spa.fr\/collection\/#\/schema\/logo\/image\/"},"sameAs":["https:\/\/www.facebook.com\/sarlsanispa"]}]}},"jetpack_sharing_enabled":true,"_links":{"self":[{"href":"https:\/\/www.sani-spa.fr\/collection\/wp-json\/wp\/v2\/product\/3636","targetHints":{"allow":["GET"]}}],"collection":[{"href":"https:\/\/www.sani-spa.fr\/collection\/wp-json\/wp\/v2\/product"}],"about":[{"href":"https:\/\/www.sani-spa.fr\/collection\/wp-json\/wp\/v2\/types\/product"}],"replies":[{"embeddable":true,"href":"https:\/\/www.sani-spa.fr\/collection\/wp-json\/wp\/v2\/comments?post=3636"}],"wp:featuredmedia":[{"embeddable":true,"href":"https:\/\/www.sani-spa.fr\/collection\/wp-json\/wp\/v2\/media\/1123"}],"wp:attachment":[{"href":"https:\/\/www.sani-spa.fr\/collection\/wp-json\/wp\/v2\/media?parent=3636"}],"wp:term":[{"taxonomy":"product_brand","embeddable":true,"href":"https:\/\/www.sani-spa.fr\/collection\/wp-json\/wp\/v2\/product_brand?post=3636"},{"taxonomy":"product_cat","embeddable":true,"href":"https:\/\/www.sani-spa.fr\/collection\/wp-json\/wp\/v2\/product_cat?post=3636"},{"taxonomy":"product_tag","embeddable":true,"href":"https:\/\/www.sani-spa.fr\/collection\/wp-json\/wp\/v2\/product_tag?post=3636"}],"curies":[{"name":"wp","href":"https:\/\/api.w.org\/{rel}","templated":true}]}}