{"id":3638,"date":"2024-06-14T01:20:51","date_gmt":"2024-06-13T23:20:51","guid":{"rendered":"https:\/\/www.sani-spa.fr\/collection\/?post_type=product&#038;p=3638"},"modified":"2025-05-28T10:12:57","modified_gmt":"2025-05-28T08:12:57","slug":"vis-de-purge-couvercle-bloc-filtre-coast","status":"publish","type":"product","link":"https:\/\/www.sani-spa.fr\/collection\/produit\/vis-de-purge-couvercle-bloc-filtre-coast\/","title":{"rendered":"Vis de Purge Couvercle Bloc Filtre Coast"},"content":{"rendered":"<h3>Bouchon de Purge d&#8217;air + joint de <strong><a href=\"https:\/\/www.sani-spa.fr\/collection\/produit\/bague-de-couvercle-pour-bloc-filtre\/\">couvercle de bloc filtre<\/a><\/strong> Coast Spas<\/h3>\n","protected":false},"excerpt":{"rendered":"<h4 class=\"product-name\">Bouchon de purge d&#8217;air + joints torique pour syst\u00e8me de filtration \u00a0<strong><a href=\"https:\/\/www.sani-spa.fr\/collection\/produit\/bague-de-couvercle-pour-bloc-filtre\/\">couvercle de bloc filtre\u00a0<\/a><\/strong><\/h4>\n<p>Dimensions :<\/p>\n<div>\n<ul>\n<li>Longueur totale : 22mm<\/li>\n<li>Diam\u00c3\u00a8tre de pas de vis : 12mm<\/li>\n<li>Longueur pas de vis : 10mm<\/li>\n<\/ul>\n<p><a href=\"https:\/\/www.sani-spa.fr\/collection\/produit\/joint-vis-de-purge\/\"><b>Joint non inclus<\/b><\/a><\/p>\n<\/div>\n","protected":false},"featured_media":3639,"comment_status":"open","ping_status":"closed","template":"","meta":[],"product_brand":[],"product_cat":[109],"product_tag":[],"class_list":{"0":"post-3638","1":"product","2":"type-product","3":"status-publish","4":"has-post-thumbnail","6":"product_cat-accessoires-coast-spas","8":"first","9":"instock","10":"taxable","11":"shipping-taxable","12":"purchasable","13":"product-type-simple"},"yoast_head":"<!-- This site is optimized with the Yoast SEO plugin v27.0 - https:\/\/yoast.com\/product\/yoast-seo-wordpress\/ -->\n<title>Vis de Purge Couvercle Bloc Filtre Coast | Sani Spa Collection<\/title>\n<meta name=\"description\" content=\"Bouchon de purge et joint pour bloc filtre Coast Spas. Livraison partout en France sous 48 \u00e0 72 heures. Coast Spas \/ Sanispa\" \/>\n<meta name=\"robots\" content=\"index, follow, max-snippet:-1, max-image-preview:large, max-video-preview:-1\" \/>\n<link rel=\"canonical\" href=\"https:\/\/www.sani-spa.fr\/collection\/produit\/vis-de-purge-couvercle-bloc-filtre-coast\/\" \/>\n<meta property=\"og:locale\" content=\"fr_FR\" \/>\n<meta property=\"og:type\" content=\"article\" \/>\n<meta property=\"og:title\" content=\"Vis de Purge Couvercle Bloc Filtre Coast | Sani Spa Collection\" \/>\n<meta property=\"og:description\" content=\"Bouchon de purge et joint pour bloc filtre Coast Spas. Livraison partout en France sous 48 \u00e0 72 heures. Coast Spas \/ Sanispa\" \/>\n<meta property=\"og:url\" content=\"https:\/\/www.sani-spa.fr\/collection\/produit\/vis-de-purge-couvercle-bloc-filtre-coast\/\" \/>\n<meta property=\"og:site_name\" content=\"Sani Spa Collection\" \/>\n<meta property=\"article:publisher\" content=\"https:\/\/www.facebook.com\/sarlsanispa\" \/>\n<meta property=\"article:modified_time\" content=\"2025-05-28T08:12:57+00:00\" \/>\n<meta property=\"og:image\" content=\"http:\/\/www.sani-spa.fr\/collection\/wp-collection\/uploads\/2024\/06\/bouchon-purge-d-air-systeme-de-filtration-waterway-715-1001.jpg\" \/>\n\t<meta property=\"og:image:width\" content=\"1400\" \/>\n\t<meta property=\"og:image:height\" content=\"1400\" \/>\n\t<meta property=\"og:image:type\" content=\"image\/jpeg\" \/>\n<meta name=\"twitter:card\" content=\"summary_large_image\" \/>\n<meta name=\"twitter:label1\" content=\"Dur\u00e9e de lecture estim\u00e9e\" \/>\n\t<meta name=\"twitter:data1\" content=\"1 minute\" \/>\n<script type=\"application\/ld+json\" class=\"yoast-schema-graph\">{\"@context\":\"https:\/\/schema.org\",\"@graph\":[{\"@type\":\"WebPage\",\"@id\":\"https:\/\/www.sani-spa.fr\/collection\/produit\/vis-de-purge-couvercle-bloc-filtre-coast\/\",\"url\":\"https:\/\/www.sani-spa.fr\/collection\/produit\/vis-de-purge-couvercle-bloc-filtre-coast\/\",\"name\":\"Vis de Purge Couvercle Bloc Filtre Coast | Sani Spa Collection\",\"isPartOf\":{\"@id\":\"https:\/\/www.sani-spa.fr\/collection\/#website\"},\"primaryImageOfPage\":{\"@id\":\"https:\/\/www.sani-spa.fr\/collection\/produit\/vis-de-purge-couvercle-bloc-filtre-coast\/#primaryimage\"},\"image\":{\"@id\":\"https:\/\/www.sani-spa.fr\/collection\/produit\/vis-de-purge-couvercle-bloc-filtre-coast\/#primaryimage\"},\"thumbnailUrl\":\"https:\/\/www.sani-spa.fr\/collection\/wp-collection\/uploads\/2024\/06\/bouchon-purge-d-air-systeme-de-filtration-waterway-715-1001.jpg\",\"datePublished\":\"2024-06-13T23:20:51+00:00\",\"dateModified\":\"2025-05-28T08:12:57+00:00\",\"description\":\"Bouchon de purge et joint pour bloc filtre Coast Spas. Livraison partout en France sous 48 \u00e0 72 heures. Coast Spas \/ Sanispa\",\"breadcrumb\":{\"@id\":\"https:\/\/www.sani-spa.fr\/collection\/produit\/vis-de-purge-couvercle-bloc-filtre-coast\/#breadcrumb\"},\"inLanguage\":\"fr-FR\",\"potentialAction\":[{\"@type\":\"ReadAction\",\"target\":[\"https:\/\/www.sani-spa.fr\/collection\/produit\/vis-de-purge-couvercle-bloc-filtre-coast\/\"]}]},{\"@type\":\"ImageObject\",\"inLanguage\":\"fr-FR\",\"@id\":\"https:\/\/www.sani-spa.fr\/collection\/produit\/vis-de-purge-couvercle-bloc-filtre-coast\/#primaryimage\",\"url\":\"https:\/\/www.sani-spa.fr\/collection\/wp-collection\/uploads\/2024\/06\/bouchon-purge-d-air-systeme-de-filtration-waterway-715-1001.jpg\",\"contentUrl\":\"https:\/\/www.sani-spa.fr\/collection\/wp-collection\/uploads\/2024\/06\/bouchon-purge-d-air-systeme-de-filtration-waterway-715-1001.jpg\",\"width\":1400,\"height\":1400},{\"@type\":\"BreadcrumbList\",\"@id\":\"https:\/\/www.sani-spa.fr\/collection\/produit\/vis-de-purge-couvercle-bloc-filtre-coast\/#breadcrumb\",\"itemListElement\":[{\"@type\":\"ListItem\",\"position\":1,\"name\":\"Accueil\",\"item\":\"https:\/\/www.sani-spa.fr\/collection\/\"},{\"@type\":\"ListItem\",\"position\":2,\"name\":\"Sani Spa CollectionPi\u00e8ces D\u00e9tach\u00e9es &amp; Accessoires pour Spas\",\"item\":\"https:\/\/www.sani-spa.fr\/collection\/\"},{\"@type\":\"ListItem\",\"position\":3,\"name\":\"Vis de Purge Couvercle Bloc Filtre Coast\"}]},{\"@type\":\"WebSite\",\"@id\":\"https:\/\/www.sani-spa.fr\/collection\/#website\",\"url\":\"https:\/\/www.sani-spa.fr\/collection\/\",\"name\":\"Sani Spa Collection\",\"description\":\"Boutique spas &amp; accessoires spa\",\"publisher\":{\"@id\":\"https:\/\/www.sani-spa.fr\/collection\/#organization\"},\"potentialAction\":[{\"@type\":\"SearchAction\",\"target\":{\"@type\":\"EntryPoint\",\"urlTemplate\":\"https:\/\/www.sani-spa.fr\/collection\/?s={search_term_string}\"},\"query-input\":{\"@type\":\"PropertyValueSpecification\",\"valueRequired\":true,\"valueName\":\"search_term_string\"}}],\"inLanguage\":\"fr-FR\"},{\"@type\":\"Organization\",\"@id\":\"https:\/\/www.sani-spa.fr\/collection\/#organization\",\"name\":\"Sani Spa Collection\",\"url\":\"https:\/\/www.sani-spa.fr\/collection\/\",\"logo\":{\"@type\":\"ImageObject\",\"inLanguage\":\"fr-FR\",\"@id\":\"https:\/\/www.sani-spa.fr\/collection\/#\/schema\/logo\/image\/\",\"url\":\"https:\/\/www.sani-spa.fr\/collection\/wp-collection\/uploads\/2017\/10\/logo-sani-spa-collection.png\",\"contentUrl\":\"https:\/\/www.sani-spa.fr\/collection\/wp-collection\/uploads\/2017\/10\/logo-sani-spa-collection.png\",\"width\":231,\"height\":54,\"caption\":\"Sani Spa Collection\"},\"image\":{\"@id\":\"https:\/\/www.sani-spa.fr\/collection\/#\/schema\/logo\/image\/\"},\"sameAs\":[\"https:\/\/www.facebook.com\/sarlsanispa\"]}]}<\/script>\n<!-- \/ Yoast SEO plugin. -->","yoast_head_json":{"title":"Vis de Purge Couvercle Bloc Filtre Coast | Sani Spa Collection","description":"Bouchon de purge et joint pour bloc filtre Coast Spas. Livraison partout en France sous 48 \u00e0 72 heures. Coast Spas \/ Sanispa","robots":{"index":"index","follow":"follow","max-snippet":"max-snippet:-1","max-image-preview":"max-image-preview:large","max-video-preview":"max-video-preview:-1"},"canonical":"https:\/\/www.sani-spa.fr\/collection\/produit\/vis-de-purge-couvercle-bloc-filtre-coast\/","og_locale":"fr_FR","og_type":"article","og_title":"Vis de Purge Couvercle Bloc Filtre Coast | Sani Spa Collection","og_description":"Bouchon de purge et joint pour bloc filtre Coast Spas. Livraison partout en France sous 48 \u00e0 72 heures. Coast Spas \/ Sanispa","og_url":"https:\/\/www.sani-spa.fr\/collection\/produit\/vis-de-purge-couvercle-bloc-filtre-coast\/","og_site_name":"Sani Spa Collection","article_publisher":"https:\/\/www.facebook.com\/sarlsanispa","article_modified_time":"2025-05-28T08:12:57+00:00","og_image":[{"width":1400,"height":1400,"url":"http:\/\/www.sani-spa.fr\/collection\/wp-collection\/uploads\/2024\/06\/bouchon-purge-d-air-systeme-de-filtration-waterway-715-1001.jpg","type":"image\/jpeg"}],"twitter_card":"summary_large_image","twitter_misc":{"Dur\u00e9e de lecture estim\u00e9e":"1 minute"},"schema":{"@context":"https:\/\/schema.org","@graph":[{"@type":"WebPage","@id":"https:\/\/www.sani-spa.fr\/collection\/produit\/vis-de-purge-couvercle-bloc-filtre-coast\/","url":"https:\/\/www.sani-spa.fr\/collection\/produit\/vis-de-purge-couvercle-bloc-filtre-coast\/","name":"Vis de Purge Couvercle Bloc Filtre Coast | Sani Spa Collection","isPartOf":{"@id":"https:\/\/www.sani-spa.fr\/collection\/#website"},"primaryImageOfPage":{"@id":"https:\/\/www.sani-spa.fr\/collection\/produit\/vis-de-purge-couvercle-bloc-filtre-coast\/#primaryimage"},"image":{"@id":"https:\/\/www.sani-spa.fr\/collection\/produit\/vis-de-purge-couvercle-bloc-filtre-coast\/#primaryimage"},"thumbnailUrl":"https:\/\/www.sani-spa.fr\/collection\/wp-collection\/uploads\/2024\/06\/bouchon-purge-d-air-systeme-de-filtration-waterway-715-1001.jpg","datePublished":"2024-06-13T23:20:51+00:00","dateModified":"2025-05-28T08:12:57+00:00","description":"Bouchon de purge et joint pour bloc filtre Coast Spas. Livraison partout en France sous 48 \u00e0 72 heures. Coast Spas \/ Sanispa","breadcrumb":{"@id":"https:\/\/www.sani-spa.fr\/collection\/produit\/vis-de-purge-couvercle-bloc-filtre-coast\/#breadcrumb"},"inLanguage":"fr-FR","potentialAction":[{"@type":"ReadAction","target":["https:\/\/www.sani-spa.fr\/collection\/produit\/vis-de-purge-couvercle-bloc-filtre-coast\/"]}]},{"@type":"ImageObject","inLanguage":"fr-FR","@id":"https:\/\/www.sani-spa.fr\/collection\/produit\/vis-de-purge-couvercle-bloc-filtre-coast\/#primaryimage","url":"https:\/\/www.sani-spa.fr\/collection\/wp-collection\/uploads\/2024\/06\/bouchon-purge-d-air-systeme-de-filtration-waterway-715-1001.jpg","contentUrl":"https:\/\/www.sani-spa.fr\/collection\/wp-collection\/uploads\/2024\/06\/bouchon-purge-d-air-systeme-de-filtration-waterway-715-1001.jpg","width":1400,"height":1400},{"@type":"BreadcrumbList","@id":"https:\/\/www.sani-spa.fr\/collection\/produit\/vis-de-purge-couvercle-bloc-filtre-coast\/#breadcrumb","itemListElement":[{"@type":"ListItem","position":1,"name":"Accueil","item":"https:\/\/www.sani-spa.fr\/collection\/"},{"@type":"ListItem","position":2,"name":"Sani Spa CollectionPi\u00e8ces D\u00e9tach\u00e9es &amp; Accessoires pour Spas","item":"https:\/\/www.sani-spa.fr\/collection\/"},{"@type":"ListItem","position":3,"name":"Vis de Purge Couvercle Bloc Filtre Coast"}]},{"@type":"WebSite","@id":"https:\/\/www.sani-spa.fr\/collection\/#website","url":"https:\/\/www.sani-spa.fr\/collection\/","name":"Sani Spa Collection","description":"Boutique spas &amp; accessoires spa","publisher":{"@id":"https:\/\/www.sani-spa.fr\/collection\/#organization"},"potentialAction":[{"@type":"SearchAction","target":{"@type":"EntryPoint","urlTemplate":"https:\/\/www.sani-spa.fr\/collection\/?s={search_term_string}"},"query-input":{"@type":"PropertyValueSpecification","valueRequired":true,"valueName":"search_term_string"}}],"inLanguage":"fr-FR"},{"@type":"Organization","@id":"https:\/\/www.sani-spa.fr\/collection\/#organization","name":"Sani Spa Collection","url":"https:\/\/www.sani-spa.fr\/collection\/","logo":{"@type":"ImageObject","inLanguage":"fr-FR","@id":"https:\/\/www.sani-spa.fr\/collection\/#\/schema\/logo\/image\/","url":"https:\/\/www.sani-spa.fr\/collection\/wp-collection\/uploads\/2017\/10\/logo-sani-spa-collection.png","contentUrl":"https:\/\/www.sani-spa.fr\/collection\/wp-collection\/uploads\/2017\/10\/logo-sani-spa-collection.png","width":231,"height":54,"caption":"Sani Spa Collection"},"image":{"@id":"https:\/\/www.sani-spa.fr\/collection\/#\/schema\/logo\/image\/"},"sameAs":["https:\/\/www.facebook.com\/sarlsanispa"]}]}},"jetpack_sharing_enabled":true,"_links":{"self":[{"href":"https:\/\/www.sani-spa.fr\/collection\/wp-json\/wp\/v2\/product\/3638","targetHints":{"allow":["GET"]}}],"collection":[{"href":"https:\/\/www.sani-spa.fr\/collection\/wp-json\/wp\/v2\/product"}],"about":[{"href":"https:\/\/www.sani-spa.fr\/collection\/wp-json\/wp\/v2\/types\/product"}],"replies":[{"embeddable":true,"href":"https:\/\/www.sani-spa.fr\/collection\/wp-json\/wp\/v2\/comments?post=3638"}],"wp:featuredmedia":[{"embeddable":true,"href":"https:\/\/www.sani-spa.fr\/collection\/wp-json\/wp\/v2\/media\/3639"}],"wp:attachment":[{"href":"https:\/\/www.sani-spa.fr\/collection\/wp-json\/wp\/v2\/media?parent=3638"}],"wp:term":[{"taxonomy":"product_brand","embeddable":true,"href":"https:\/\/www.sani-spa.fr\/collection\/wp-json\/wp\/v2\/product_brand?post=3638"},{"taxonomy":"product_cat","embeddable":true,"href":"https:\/\/www.sani-spa.fr\/collection\/wp-json\/wp\/v2\/product_cat?post=3638"},{"taxonomy":"product_tag","embeddable":true,"href":"https:\/\/www.sani-spa.fr\/collection\/wp-json\/wp\/v2\/product_tag?post=3638"}],"curies":[{"name":"wp","href":"https:\/\/api.w.org\/{rel}","templated":true}]}}