{"id":3945,"date":"2024-11-27T21:15:06","date_gmt":"2024-11-27T20:15:06","guid":{"rendered":"https:\/\/www.sani-spa.fr\/collection\/?post_type=product&#038;p=3945"},"modified":"2024-12-31T11:49:17","modified_gmt":"2024-12-31T10:49:17","slug":"visite-de-controle-ile-de-france","status":"publish","type":"product","link":"https:\/\/www.sani-spa.fr\/collection\/produit\/visite-de-controle-ile-de-france\/","title":{"rendered":"Visite de Contr\u00f4le Ile de France"},"content":{"rendered":"<h3>Bonus :<\/h3>\n<ul>\n<li><strong>10% de remise imm\u00e9diate<\/strong> d\u00e8s 30\u20ac d&#8217;achat dans notre boutique en ligne ou sur les pi\u00e8ces n\u00e9cessitant un remplacement.<\/li>\n<li><strong>Code promo exclusif<\/strong> pour b\u00e9n\u00e9ficier de cette r\u00e9duction.<\/li>\n<\/ul>\n<p>Pr\u00e9servez votre spa et \u00e9vitez les mauvaises surprises cet hiver. Faites confiance \u00e0 notre expertise pour un entretien de qualit\u00e9.<\/p>\n<p><strong>R\u00e9servez d\u00e8s maintenant votre visite de contr\u00f4le pour un spa pr\u00eat \u00e0 affronter l\u2019hiver !<\/strong><\/p>\n","protected":false},"excerpt":{"rendered":"<p>Ne laissez pas l\u2019hiver endommager votre spa ! Offrez-lui un contr\u00f4le complet par nos techniciens qualifi\u00e9s, directement \u00e0 votre domicile.<\/p>\n<h3><strong>Ce service comprend :<\/strong><\/h3>\n<ul>\n<li><strong>V\u00e9rification des syst\u00e8mes de chauffage et de filtration<\/strong> : Assurez-vous que votre spa fonctionne parfaitement avant les temp\u00e9ratures froides.<\/li>\n<li><strong>V\u00e9rification et nettoyage des filtres<\/strong> : Prolongez la dur\u00e9e de vie de vos \u00e9quipements et am\u00e9liorez la qualit\u00e9 de l\u2019eau.<\/li>\n<li><strong>Remplacement des joints de r\u00e9chauffeur<\/strong> : Pr\u00e9vention des fuites et optimisation de la performance.<\/li>\n<li><strong>Diagnostic des \u00e9ventuelles pi\u00e8ces \u00e0 remplacer<\/strong> : Identifiez les probl\u00e8mes avant qu\u2019ils ne deviennent critiques.<\/li>\n<li><strong>Mise en mode hivernage si souhait\u00e9e : <\/strong>Programmation de votre spa en mode hiver pour r\u00e9duction de votre consommation \u00e9lectrique si non utilisation.<\/li>\n<\/ul>\n","protected":false},"featured_media":3960,"comment_status":"open","ping_status":"closed","template":"","meta":[],"product_brand":[],"product_cat":[99],"product_tag":[],"class_list":{"0":"post-3945","1":"product","2":"type-product","3":"status-publish","4":"has-post-thumbnail","6":"product_cat-visite-de-controle-spa","8":"first","9":"instock","10":"taxable","11":"shipping-taxable","12":"purchasable","13":"product-type-simple"},"yoast_head":"<!-- This site is optimized with the Yoast SEO plugin v27.0 - https:\/\/yoast.com\/product\/yoast-seo-wordpress\/ -->\n<title>Visite de Contr\u00f4le Ile de France | Sani Spa Collection<\/title>\n<meta name=\"description\" content=\"Visite de contr\u00f4le pr\u00e9ventive pour spa toutes marques Assurez-vous un hiver d\u00e9tendu pour vous et votre spa sur toute la r\u00e9gion \u00cele de France avec Sani Spa !\" \/>\n<meta name=\"robots\" content=\"index, follow, max-snippet:-1, max-image-preview:large, max-video-preview:-1\" \/>\n<link rel=\"canonical\" href=\"https:\/\/www.sani-spa.fr\/collection\/produit\/visite-de-controle-ile-de-france\/\" \/>\n<meta property=\"og:locale\" content=\"fr_FR\" \/>\n<meta property=\"og:type\" content=\"article\" \/>\n<meta property=\"og:title\" content=\"Visite de Contr\u00f4le Ile de France | Sani Spa Collection\" \/>\n<meta property=\"og:description\" content=\"Visite de contr\u00f4le pr\u00e9ventive pour spa toutes marques Assurez-vous un hiver d\u00e9tendu pour vous et votre spa sur toute la r\u00e9gion \u00cele de France avec Sani Spa !\" \/>\n<meta property=\"og:url\" content=\"https:\/\/www.sani-spa.fr\/collection\/produit\/visite-de-controle-ile-de-france\/\" \/>\n<meta property=\"og:site_name\" content=\"Sani Spa Collection\" \/>\n<meta property=\"article:publisher\" content=\"https:\/\/www.facebook.com\/sarlsanispa\" \/>\n<meta property=\"article:modified_time\" content=\"2024-12-31T10:49:17+00:00\" \/>\n<meta property=\"og:image\" content=\"https:\/\/www.sani-spa.fr\/collection\/wp-collection\/uploads\/2024\/11\/idf.jpeg\" \/>\n\t<meta property=\"og:image:width\" content=\"830\" \/>\n\t<meta property=\"og:image:height\" content=\"830\" \/>\n\t<meta property=\"og:image:type\" content=\"image\/jpeg\" \/>\n<meta name=\"twitter:card\" content=\"summary_large_image\" \/>\n<meta name=\"twitter:label1\" content=\"Dur\u00e9e de lecture estim\u00e9e\" \/>\n\t<meta name=\"twitter:data1\" content=\"1 minute\" \/>\n<script type=\"application\/ld+json\" class=\"yoast-schema-graph\">{\"@context\":\"https:\/\/schema.org\",\"@graph\":[{\"@type\":\"WebPage\",\"@id\":\"https:\/\/www.sani-spa.fr\/collection\/produit\/visite-de-controle-ile-de-france\/\",\"url\":\"https:\/\/www.sani-spa.fr\/collection\/produit\/visite-de-controle-ile-de-france\/\",\"name\":\"Visite de Contr\u00f4le Ile de France | Sani Spa Collection\",\"isPartOf\":{\"@id\":\"https:\/\/www.sani-spa.fr\/collection\/#website\"},\"primaryImageOfPage\":{\"@id\":\"https:\/\/www.sani-spa.fr\/collection\/produit\/visite-de-controle-ile-de-france\/#primaryimage\"},\"image\":{\"@id\":\"https:\/\/www.sani-spa.fr\/collection\/produit\/visite-de-controle-ile-de-france\/#primaryimage\"},\"thumbnailUrl\":\"https:\/\/www.sani-spa.fr\/collection\/wp-collection\/uploads\/2024\/11\/idf.jpeg\",\"datePublished\":\"2024-11-27T20:15:06+00:00\",\"dateModified\":\"2024-12-31T10:49:17+00:00\",\"description\":\"Visite de contr\u00f4le pr\u00e9ventive pour spa toutes marques Assurez-vous un hiver d\u00e9tendu pour vous et votre spa sur toute la r\u00e9gion \u00cele de France avec Sani Spa !\",\"breadcrumb\":{\"@id\":\"https:\/\/www.sani-spa.fr\/collection\/produit\/visite-de-controle-ile-de-france\/#breadcrumb\"},\"inLanguage\":\"fr-FR\",\"potentialAction\":[{\"@type\":\"ReadAction\",\"target\":[\"https:\/\/www.sani-spa.fr\/collection\/produit\/visite-de-controle-ile-de-france\/\"]}]},{\"@type\":\"ImageObject\",\"inLanguage\":\"fr-FR\",\"@id\":\"https:\/\/www.sani-spa.fr\/collection\/produit\/visite-de-controle-ile-de-france\/#primaryimage\",\"url\":\"https:\/\/www.sani-spa.fr\/collection\/wp-collection\/uploads\/2024\/11\/idf.jpeg\",\"contentUrl\":\"https:\/\/www.sani-spa.fr\/collection\/wp-collection\/uploads\/2024\/11\/idf.jpeg\",\"width\":830,\"height\":830},{\"@type\":\"BreadcrumbList\",\"@id\":\"https:\/\/www.sani-spa.fr\/collection\/produit\/visite-de-controle-ile-de-france\/#breadcrumb\",\"itemListElement\":[{\"@type\":\"ListItem\",\"position\":1,\"name\":\"Accueil\",\"item\":\"https:\/\/www.sani-spa.fr\/collection\/\"},{\"@type\":\"ListItem\",\"position\":2,\"name\":\"Sani Spa CollectionPi\u00e8ces D\u00e9tach\u00e9es &amp; Accessoires pour Spas\",\"item\":\"https:\/\/www.sani-spa.fr\/collection\/\"},{\"@type\":\"ListItem\",\"position\":3,\"name\":\"Visite de Contr\u00f4le Ile de France\"}]},{\"@type\":\"WebSite\",\"@id\":\"https:\/\/www.sani-spa.fr\/collection\/#website\",\"url\":\"https:\/\/www.sani-spa.fr\/collection\/\",\"name\":\"Sani Spa Collection\",\"description\":\"Boutique spas &amp; accessoires spa\",\"publisher\":{\"@id\":\"https:\/\/www.sani-spa.fr\/collection\/#organization\"},\"potentialAction\":[{\"@type\":\"SearchAction\",\"target\":{\"@type\":\"EntryPoint\",\"urlTemplate\":\"https:\/\/www.sani-spa.fr\/collection\/?s={search_term_string}\"},\"query-input\":{\"@type\":\"PropertyValueSpecification\",\"valueRequired\":true,\"valueName\":\"search_term_string\"}}],\"inLanguage\":\"fr-FR\"},{\"@type\":\"Organization\",\"@id\":\"https:\/\/www.sani-spa.fr\/collection\/#organization\",\"name\":\"Sani Spa Collection\",\"url\":\"https:\/\/www.sani-spa.fr\/collection\/\",\"logo\":{\"@type\":\"ImageObject\",\"inLanguage\":\"fr-FR\",\"@id\":\"https:\/\/www.sani-spa.fr\/collection\/#\/schema\/logo\/image\/\",\"url\":\"https:\/\/www.sani-spa.fr\/collection\/wp-collection\/uploads\/2017\/10\/logo-sani-spa-collection.png\",\"contentUrl\":\"https:\/\/www.sani-spa.fr\/collection\/wp-collection\/uploads\/2017\/10\/logo-sani-spa-collection.png\",\"width\":231,\"height\":54,\"caption\":\"Sani Spa Collection\"},\"image\":{\"@id\":\"https:\/\/www.sani-spa.fr\/collection\/#\/schema\/logo\/image\/\"},\"sameAs\":[\"https:\/\/www.facebook.com\/sarlsanispa\"]}]}<\/script>\n<!-- \/ Yoast SEO plugin. -->","yoast_head_json":{"title":"Visite de Contr\u00f4le Ile de France | Sani Spa Collection","description":"Visite de contr\u00f4le pr\u00e9ventive pour spa toutes marques Assurez-vous un hiver d\u00e9tendu pour vous et votre spa sur toute la r\u00e9gion \u00cele de France avec Sani Spa !","robots":{"index":"index","follow":"follow","max-snippet":"max-snippet:-1","max-image-preview":"max-image-preview:large","max-video-preview":"max-video-preview:-1"},"canonical":"https:\/\/www.sani-spa.fr\/collection\/produit\/visite-de-controle-ile-de-france\/","og_locale":"fr_FR","og_type":"article","og_title":"Visite de Contr\u00f4le Ile de France | Sani Spa Collection","og_description":"Visite de contr\u00f4le pr\u00e9ventive pour spa toutes marques Assurez-vous un hiver d\u00e9tendu pour vous et votre spa sur toute la r\u00e9gion \u00cele de France avec Sani Spa !","og_url":"https:\/\/www.sani-spa.fr\/collection\/produit\/visite-de-controle-ile-de-france\/","og_site_name":"Sani Spa Collection","article_publisher":"https:\/\/www.facebook.com\/sarlsanispa","article_modified_time":"2024-12-31T10:49:17+00:00","og_image":[{"width":830,"height":830,"url":"https:\/\/www.sani-spa.fr\/collection\/wp-collection\/uploads\/2024\/11\/idf.jpeg","type":"image\/jpeg"}],"twitter_card":"summary_large_image","twitter_misc":{"Dur\u00e9e de lecture estim\u00e9e":"1 minute"},"schema":{"@context":"https:\/\/schema.org","@graph":[{"@type":"WebPage","@id":"https:\/\/www.sani-spa.fr\/collection\/produit\/visite-de-controle-ile-de-france\/","url":"https:\/\/www.sani-spa.fr\/collection\/produit\/visite-de-controle-ile-de-france\/","name":"Visite de Contr\u00f4le Ile de France | Sani Spa Collection","isPartOf":{"@id":"https:\/\/www.sani-spa.fr\/collection\/#website"},"primaryImageOfPage":{"@id":"https:\/\/www.sani-spa.fr\/collection\/produit\/visite-de-controle-ile-de-france\/#primaryimage"},"image":{"@id":"https:\/\/www.sani-spa.fr\/collection\/produit\/visite-de-controle-ile-de-france\/#primaryimage"},"thumbnailUrl":"https:\/\/www.sani-spa.fr\/collection\/wp-collection\/uploads\/2024\/11\/idf.jpeg","datePublished":"2024-11-27T20:15:06+00:00","dateModified":"2024-12-31T10:49:17+00:00","description":"Visite de contr\u00f4le pr\u00e9ventive pour spa toutes marques Assurez-vous un hiver d\u00e9tendu pour vous et votre spa sur toute la r\u00e9gion \u00cele de France avec Sani Spa !","breadcrumb":{"@id":"https:\/\/www.sani-spa.fr\/collection\/produit\/visite-de-controle-ile-de-france\/#breadcrumb"},"inLanguage":"fr-FR","potentialAction":[{"@type":"ReadAction","target":["https:\/\/www.sani-spa.fr\/collection\/produit\/visite-de-controle-ile-de-france\/"]}]},{"@type":"ImageObject","inLanguage":"fr-FR","@id":"https:\/\/www.sani-spa.fr\/collection\/produit\/visite-de-controle-ile-de-france\/#primaryimage","url":"https:\/\/www.sani-spa.fr\/collection\/wp-collection\/uploads\/2024\/11\/idf.jpeg","contentUrl":"https:\/\/www.sani-spa.fr\/collection\/wp-collection\/uploads\/2024\/11\/idf.jpeg","width":830,"height":830},{"@type":"BreadcrumbList","@id":"https:\/\/www.sani-spa.fr\/collection\/produit\/visite-de-controle-ile-de-france\/#breadcrumb","itemListElement":[{"@type":"ListItem","position":1,"name":"Accueil","item":"https:\/\/www.sani-spa.fr\/collection\/"},{"@type":"ListItem","position":2,"name":"Sani Spa CollectionPi\u00e8ces D\u00e9tach\u00e9es &amp; Accessoires pour Spas","item":"https:\/\/www.sani-spa.fr\/collection\/"},{"@type":"ListItem","position":3,"name":"Visite de Contr\u00f4le Ile de France"}]},{"@type":"WebSite","@id":"https:\/\/www.sani-spa.fr\/collection\/#website","url":"https:\/\/www.sani-spa.fr\/collection\/","name":"Sani Spa Collection","description":"Boutique spas &amp; accessoires spa","publisher":{"@id":"https:\/\/www.sani-spa.fr\/collection\/#organization"},"potentialAction":[{"@type":"SearchAction","target":{"@type":"EntryPoint","urlTemplate":"https:\/\/www.sani-spa.fr\/collection\/?s={search_term_string}"},"query-input":{"@type":"PropertyValueSpecification","valueRequired":true,"valueName":"search_term_string"}}],"inLanguage":"fr-FR"},{"@type":"Organization","@id":"https:\/\/www.sani-spa.fr\/collection\/#organization","name":"Sani Spa Collection","url":"https:\/\/www.sani-spa.fr\/collection\/","logo":{"@type":"ImageObject","inLanguage":"fr-FR","@id":"https:\/\/www.sani-spa.fr\/collection\/#\/schema\/logo\/image\/","url":"https:\/\/www.sani-spa.fr\/collection\/wp-collection\/uploads\/2017\/10\/logo-sani-spa-collection.png","contentUrl":"https:\/\/www.sani-spa.fr\/collection\/wp-collection\/uploads\/2017\/10\/logo-sani-spa-collection.png","width":231,"height":54,"caption":"Sani Spa Collection"},"image":{"@id":"https:\/\/www.sani-spa.fr\/collection\/#\/schema\/logo\/image\/"},"sameAs":["https:\/\/www.facebook.com\/sarlsanispa"]}]}},"jetpack_sharing_enabled":true,"_links":{"self":[{"href":"https:\/\/www.sani-spa.fr\/collection\/wp-json\/wp\/v2\/product\/3945","targetHints":{"allow":["GET"]}}],"collection":[{"href":"https:\/\/www.sani-spa.fr\/collection\/wp-json\/wp\/v2\/product"}],"about":[{"href":"https:\/\/www.sani-spa.fr\/collection\/wp-json\/wp\/v2\/types\/product"}],"replies":[{"embeddable":true,"href":"https:\/\/www.sani-spa.fr\/collection\/wp-json\/wp\/v2\/comments?post=3945"}],"wp:featuredmedia":[{"embeddable":true,"href":"https:\/\/www.sani-spa.fr\/collection\/wp-json\/wp\/v2\/media\/3960"}],"wp:attachment":[{"href":"https:\/\/www.sani-spa.fr\/collection\/wp-json\/wp\/v2\/media?parent=3945"}],"wp:term":[{"taxonomy":"product_brand","embeddable":true,"href":"https:\/\/www.sani-spa.fr\/collection\/wp-json\/wp\/v2\/product_brand?post=3945"},{"taxonomy":"product_cat","embeddable":true,"href":"https:\/\/www.sani-spa.fr\/collection\/wp-json\/wp\/v2\/product_cat?post=3945"},{"taxonomy":"product_tag","embeddable":true,"href":"https:\/\/www.sani-spa.fr\/collection\/wp-json\/wp\/v2\/product_tag?post=3945"}],"curies":[{"name":"wp","href":"https:\/\/api.w.org\/{rel}","templated":true}]}}