{"id":4487,"date":"2025-08-08T12:05:43","date_gmt":"2025-08-08T10:05:43","guid":{"rendered":"https:\/\/www.sani-spa.fr\/collection\/?post_type=product&#038;p=4487"},"modified":"2025-08-08T12:06:18","modified_gmt":"2025-08-08T10:06:18","slug":"raccord-union-pompe-2","status":"publish","type":"product","link":"https:\/\/www.sani-spa.fr\/collection\/produit\/raccord-union-pompe-2\/","title":{"rendered":"Raccord union pompe 2&#8243;"},"content":{"rendered":"<p data-start=\"71\" data-end=\"232\"><strong data-start=\"71\" data-end=\"124\">Union 2&#8243; \u2013 Compatible pompes filtration &amp; massage<\/strong><br data-start=\"124\" data-end=\"127\" \/>Union de remplacement adaptable sur toutes les pompes de filtration et de massage de <strong data-start=\"212\" data-end=\"229\">m\u00eame diam\u00e8tre<\/strong>.<\/p>\n<ul data-start=\"234\" data-end=\"434\">\n<li data-start=\"234\" data-end=\"282\">\n<p data-start=\"236\" data-end=\"282\"><strong data-start=\"236\" data-end=\"272\">Diam\u00e8tre int\u00e9rieur du pas de vis<\/strong> : 75 mm<\/p>\n<\/li>\n<li data-start=\"283\" data-end=\"331\">\n<p data-start=\"285\" data-end=\"331\"><strong data-start=\"285\" data-end=\"321\">Diam\u00e8tre ext\u00e9rieur du pas de vis<\/strong> : 78 mm<\/p>\n<\/li>\n<li data-start=\"332\" data-end=\"394\">\n<p data-start=\"334\" data-end=\"394\"><strong data-start=\"334\" data-end=\"368\">Diam\u00e8tre de raccordement tuyau<\/strong> : 60 mm (pour tuyau 2&#8243;)<\/p>\n<\/li>\n<li data-start=\"395\" data-end=\"434\">\n<p data-start=\"397\" data-end=\"434\"><strong data-start=\"397\" data-end=\"411\">Livr\u00e9 avec<\/strong> : joint d&#8217;\u00e9tanch\u00e9it\u00e9<\/p>\n<\/li>\n<\/ul>\n<p data-start=\"436\" data-end=\"508\"><strong data-start=\"436\" data-end=\"452\">\u26a0\ufe0f Attention<\/strong> : non compatible avec les pompes <strong data-start=\"486\" data-end=\"493\">DXD<\/strong> et <strong data-start=\"497\" data-end=\"505\">ESPA<\/strong>.<\/p>\n","protected":false},"excerpt":{"rendered":"<p>Union 2&#8243; \u2013 Compatible pompes filtration &amp; massageUnion de remplacement adaptable sur toutes les pompes de filtration et de massage de m\u00eame diam\u00e8tre. Diam\u00e8tre int\u00e9rieur du pas de vis : 75 mm Diam\u00e8tre ext\u00e9rieur du pas de vis : 78 mm Diam\u00e8tre de raccordement tuyau : 60 mm (pour tuyau 2&#8243;) Livr\u00e9 avec : joint [&hellip;]<\/p>\n","protected":false},"featured_media":4488,"comment_status":"open","ping_status":"closed","template":"","meta":[],"product_brand":[],"product_cat":[49,53],"product_tag":[],"class_list":{"0":"post-4487","1":"product","2":"type-product","3":"status-publish","4":"has-post-thumbnail","6":"product_cat-pvc-et-tuyauterie","7":"product_cat-tuyauterie-2","9":"first","10":"instock","11":"taxable","12":"shipping-taxable","13":"purchasable","14":"product-type-simple"},"yoast_head":"<!-- This site is optimized with the Yoast SEO plugin v27.0 - https:\/\/yoast.com\/product\/yoast-seo-wordpress\/ -->\n<title>Raccord union pompe 2&quot; | Sani Spa Collection<\/title>\n<meta name=\"description\" content=\"Union 2&quot;Compatible avec toutes les pompes avec un diam\u00e8tre du pas de vis : 78 mmDiam\u00e8tre de raccordement tuyau : 60 m\u00e9m\u00e9 \/ Pompe Massage Spa\" \/>\n<meta name=\"robots\" content=\"index, follow, max-snippet:-1, max-image-preview:large, max-video-preview:-1\" \/>\n<link rel=\"canonical\" href=\"https:\/\/www.sani-spa.fr\/collection\/produit\/raccord-union-pompe-2\/\" \/>\n<meta property=\"og:locale\" content=\"fr_FR\" \/>\n<meta property=\"og:type\" content=\"article\" \/>\n<meta property=\"og:title\" content=\"Raccord union pompe 2&quot; | Sani Spa Collection\" \/>\n<meta property=\"og:description\" content=\"Union 2&quot;Compatible avec toutes les pompes avec un diam\u00e8tre du pas de vis : 78 mmDiam\u00e8tre de raccordement tuyau : 60 m\u00e9m\u00e9 \/ Pompe Massage Spa\" \/>\n<meta property=\"og:url\" content=\"https:\/\/www.sani-spa.fr\/collection\/produit\/raccord-union-pompe-2\/\" \/>\n<meta property=\"og:site_name\" content=\"Sani Spa Collection\" \/>\n<meta property=\"article:publisher\" content=\"https:\/\/www.facebook.com\/sarlsanispa\" \/>\n<meta property=\"article:modified_time\" content=\"2025-08-08T10:06:18+00:00\" \/>\n<meta property=\"og:image\" content=\"http:\/\/www.sani-spa.fr\/collection\/wp-collection\/uploads\/2025\/08\/union-pompe-2.jpg\" \/>\n\t<meta property=\"og:image:width\" content=\"1400\" \/>\n\t<meta property=\"og:image:height\" content=\"1400\" \/>\n\t<meta property=\"og:image:type\" content=\"image\/jpeg\" \/>\n<meta name=\"twitter:card\" content=\"summary_large_image\" \/>\n<meta name=\"twitter:label1\" content=\"Dur\u00e9e de lecture estim\u00e9e\" \/>\n\t<meta name=\"twitter:data1\" content=\"1 minute\" \/>\n<script type=\"application\/ld+json\" class=\"yoast-schema-graph\">{\"@context\":\"https:\/\/schema.org\",\"@graph\":[{\"@type\":\"WebPage\",\"@id\":\"https:\/\/www.sani-spa.fr\/collection\/produit\/raccord-union-pompe-2\/\",\"url\":\"https:\/\/www.sani-spa.fr\/collection\/produit\/raccord-union-pompe-2\/\",\"name\":\"Raccord union pompe 2\\\" | Sani Spa Collection\",\"isPartOf\":{\"@id\":\"https:\/\/www.sani-spa.fr\/collection\/#website\"},\"primaryImageOfPage\":{\"@id\":\"https:\/\/www.sani-spa.fr\/collection\/produit\/raccord-union-pompe-2\/#primaryimage\"},\"image\":{\"@id\":\"https:\/\/www.sani-spa.fr\/collection\/produit\/raccord-union-pompe-2\/#primaryimage\"},\"thumbnailUrl\":\"https:\/\/www.sani-spa.fr\/collection\/wp-collection\/uploads\/2025\/08\/union-pompe-2.jpg\",\"datePublished\":\"2025-08-08T10:05:43+00:00\",\"dateModified\":\"2025-08-08T10:06:18+00:00\",\"description\":\"Union 2\\\"Compatible avec toutes les pompes avec un diam\u00e8tre du pas de vis : 78 mmDiam\u00e8tre de raccordement tuyau : 60 m\u00e9m\u00e9 \/ Pompe Massage Spa\",\"breadcrumb\":{\"@id\":\"https:\/\/www.sani-spa.fr\/collection\/produit\/raccord-union-pompe-2\/#breadcrumb\"},\"inLanguage\":\"fr-FR\",\"potentialAction\":[{\"@type\":\"ReadAction\",\"target\":[\"https:\/\/www.sani-spa.fr\/collection\/produit\/raccord-union-pompe-2\/\"]}]},{\"@type\":\"ImageObject\",\"inLanguage\":\"fr-FR\",\"@id\":\"https:\/\/www.sani-spa.fr\/collection\/produit\/raccord-union-pompe-2\/#primaryimage\",\"url\":\"https:\/\/www.sani-spa.fr\/collection\/wp-collection\/uploads\/2025\/08\/union-pompe-2.jpg\",\"contentUrl\":\"https:\/\/www.sani-spa.fr\/collection\/wp-collection\/uploads\/2025\/08\/union-pompe-2.jpg\",\"width\":1400,\"height\":1400},{\"@type\":\"BreadcrumbList\",\"@id\":\"https:\/\/www.sani-spa.fr\/collection\/produit\/raccord-union-pompe-2\/#breadcrumb\",\"itemListElement\":[{\"@type\":\"ListItem\",\"position\":1,\"name\":\"Accueil\",\"item\":\"https:\/\/www.sani-spa.fr\/collection\/\"},{\"@type\":\"ListItem\",\"position\":2,\"name\":\"Sani Spa CollectionPi\u00e8ces D\u00e9tach\u00e9es &amp; Accessoires pour Spas\",\"item\":\"https:\/\/www.sani-spa.fr\/collection\/\"},{\"@type\":\"ListItem\",\"position\":3,\"name\":\"Raccord union pompe 2&#8243;\"}]},{\"@type\":\"WebSite\",\"@id\":\"https:\/\/www.sani-spa.fr\/collection\/#website\",\"url\":\"https:\/\/www.sani-spa.fr\/collection\/\",\"name\":\"Sani Spa Collection\",\"description\":\"Boutique spas &amp; accessoires spa\",\"publisher\":{\"@id\":\"https:\/\/www.sani-spa.fr\/collection\/#organization\"},\"potentialAction\":[{\"@type\":\"SearchAction\",\"target\":{\"@type\":\"EntryPoint\",\"urlTemplate\":\"https:\/\/www.sani-spa.fr\/collection\/?s={search_term_string}\"},\"query-input\":{\"@type\":\"PropertyValueSpecification\",\"valueRequired\":true,\"valueName\":\"search_term_string\"}}],\"inLanguage\":\"fr-FR\"},{\"@type\":\"Organization\",\"@id\":\"https:\/\/www.sani-spa.fr\/collection\/#organization\",\"name\":\"Sani Spa Collection\",\"url\":\"https:\/\/www.sani-spa.fr\/collection\/\",\"logo\":{\"@type\":\"ImageObject\",\"inLanguage\":\"fr-FR\",\"@id\":\"https:\/\/www.sani-spa.fr\/collection\/#\/schema\/logo\/image\/\",\"url\":\"https:\/\/www.sani-spa.fr\/collection\/wp-collection\/uploads\/2017\/10\/logo-sani-spa-collection.png\",\"contentUrl\":\"https:\/\/www.sani-spa.fr\/collection\/wp-collection\/uploads\/2017\/10\/logo-sani-spa-collection.png\",\"width\":231,\"height\":54,\"caption\":\"Sani Spa Collection\"},\"image\":{\"@id\":\"https:\/\/www.sani-spa.fr\/collection\/#\/schema\/logo\/image\/\"},\"sameAs\":[\"https:\/\/www.facebook.com\/sarlsanispa\"]}]}<\/script>\n<!-- \/ Yoast SEO plugin. -->","yoast_head_json":{"title":"Raccord union pompe 2\" | Sani Spa Collection","description":"Union 2\"Compatible avec toutes les pompes avec un diam\u00e8tre du pas de vis : 78 mmDiam\u00e8tre de raccordement tuyau : 60 m\u00e9m\u00e9 \/ Pompe Massage Spa","robots":{"index":"index","follow":"follow","max-snippet":"max-snippet:-1","max-image-preview":"max-image-preview:large","max-video-preview":"max-video-preview:-1"},"canonical":"https:\/\/www.sani-spa.fr\/collection\/produit\/raccord-union-pompe-2\/","og_locale":"fr_FR","og_type":"article","og_title":"Raccord union pompe 2\" | Sani Spa Collection","og_description":"Union 2\"Compatible avec toutes les pompes avec un diam\u00e8tre du pas de vis : 78 mmDiam\u00e8tre de raccordement tuyau : 60 m\u00e9m\u00e9 \/ Pompe Massage Spa","og_url":"https:\/\/www.sani-spa.fr\/collection\/produit\/raccord-union-pompe-2\/","og_site_name":"Sani Spa Collection","article_publisher":"https:\/\/www.facebook.com\/sarlsanispa","article_modified_time":"2025-08-08T10:06:18+00:00","og_image":[{"width":1400,"height":1400,"url":"http:\/\/www.sani-spa.fr\/collection\/wp-collection\/uploads\/2025\/08\/union-pompe-2.jpg","type":"image\/jpeg"}],"twitter_card":"summary_large_image","twitter_misc":{"Dur\u00e9e de lecture estim\u00e9e":"1 minute"},"schema":{"@context":"https:\/\/schema.org","@graph":[{"@type":"WebPage","@id":"https:\/\/www.sani-spa.fr\/collection\/produit\/raccord-union-pompe-2\/","url":"https:\/\/www.sani-spa.fr\/collection\/produit\/raccord-union-pompe-2\/","name":"Raccord union pompe 2\" | Sani Spa Collection","isPartOf":{"@id":"https:\/\/www.sani-spa.fr\/collection\/#website"},"primaryImageOfPage":{"@id":"https:\/\/www.sani-spa.fr\/collection\/produit\/raccord-union-pompe-2\/#primaryimage"},"image":{"@id":"https:\/\/www.sani-spa.fr\/collection\/produit\/raccord-union-pompe-2\/#primaryimage"},"thumbnailUrl":"https:\/\/www.sani-spa.fr\/collection\/wp-collection\/uploads\/2025\/08\/union-pompe-2.jpg","datePublished":"2025-08-08T10:05:43+00:00","dateModified":"2025-08-08T10:06:18+00:00","description":"Union 2\"Compatible avec toutes les pompes avec un diam\u00e8tre du pas de vis : 78 mmDiam\u00e8tre de raccordement tuyau : 60 m\u00e9m\u00e9 \/ Pompe Massage Spa","breadcrumb":{"@id":"https:\/\/www.sani-spa.fr\/collection\/produit\/raccord-union-pompe-2\/#breadcrumb"},"inLanguage":"fr-FR","potentialAction":[{"@type":"ReadAction","target":["https:\/\/www.sani-spa.fr\/collection\/produit\/raccord-union-pompe-2\/"]}]},{"@type":"ImageObject","inLanguage":"fr-FR","@id":"https:\/\/www.sani-spa.fr\/collection\/produit\/raccord-union-pompe-2\/#primaryimage","url":"https:\/\/www.sani-spa.fr\/collection\/wp-collection\/uploads\/2025\/08\/union-pompe-2.jpg","contentUrl":"https:\/\/www.sani-spa.fr\/collection\/wp-collection\/uploads\/2025\/08\/union-pompe-2.jpg","width":1400,"height":1400},{"@type":"BreadcrumbList","@id":"https:\/\/www.sani-spa.fr\/collection\/produit\/raccord-union-pompe-2\/#breadcrumb","itemListElement":[{"@type":"ListItem","position":1,"name":"Accueil","item":"https:\/\/www.sani-spa.fr\/collection\/"},{"@type":"ListItem","position":2,"name":"Sani Spa CollectionPi\u00e8ces D\u00e9tach\u00e9es &amp; Accessoires pour Spas","item":"https:\/\/www.sani-spa.fr\/collection\/"},{"@type":"ListItem","position":3,"name":"Raccord union pompe 2&#8243;"}]},{"@type":"WebSite","@id":"https:\/\/www.sani-spa.fr\/collection\/#website","url":"https:\/\/www.sani-spa.fr\/collection\/","name":"Sani Spa Collection","description":"Boutique spas &amp; accessoires spa","publisher":{"@id":"https:\/\/www.sani-spa.fr\/collection\/#organization"},"potentialAction":[{"@type":"SearchAction","target":{"@type":"EntryPoint","urlTemplate":"https:\/\/www.sani-spa.fr\/collection\/?s={search_term_string}"},"query-input":{"@type":"PropertyValueSpecification","valueRequired":true,"valueName":"search_term_string"}}],"inLanguage":"fr-FR"},{"@type":"Organization","@id":"https:\/\/www.sani-spa.fr\/collection\/#organization","name":"Sani Spa Collection","url":"https:\/\/www.sani-spa.fr\/collection\/","logo":{"@type":"ImageObject","inLanguage":"fr-FR","@id":"https:\/\/www.sani-spa.fr\/collection\/#\/schema\/logo\/image\/","url":"https:\/\/www.sani-spa.fr\/collection\/wp-collection\/uploads\/2017\/10\/logo-sani-spa-collection.png","contentUrl":"https:\/\/www.sani-spa.fr\/collection\/wp-collection\/uploads\/2017\/10\/logo-sani-spa-collection.png","width":231,"height":54,"caption":"Sani Spa Collection"},"image":{"@id":"https:\/\/www.sani-spa.fr\/collection\/#\/schema\/logo\/image\/"},"sameAs":["https:\/\/www.facebook.com\/sarlsanispa"]}]}},"jetpack_sharing_enabled":true,"_links":{"self":[{"href":"https:\/\/www.sani-spa.fr\/collection\/wp-json\/wp\/v2\/product\/4487","targetHints":{"allow":["GET"]}}],"collection":[{"href":"https:\/\/www.sani-spa.fr\/collection\/wp-json\/wp\/v2\/product"}],"about":[{"href":"https:\/\/www.sani-spa.fr\/collection\/wp-json\/wp\/v2\/types\/product"}],"replies":[{"embeddable":true,"href":"https:\/\/www.sani-spa.fr\/collection\/wp-json\/wp\/v2\/comments?post=4487"}],"wp:featuredmedia":[{"embeddable":true,"href":"https:\/\/www.sani-spa.fr\/collection\/wp-json\/wp\/v2\/media\/4488"}],"wp:attachment":[{"href":"https:\/\/www.sani-spa.fr\/collection\/wp-json\/wp\/v2\/media?parent=4487"}],"wp:term":[{"taxonomy":"product_brand","embeddable":true,"href":"https:\/\/www.sani-spa.fr\/collection\/wp-json\/wp\/v2\/product_brand?post=4487"},{"taxonomy":"product_cat","embeddable":true,"href":"https:\/\/www.sani-spa.fr\/collection\/wp-json\/wp\/v2\/product_cat?post=4487"},{"taxonomy":"product_tag","embeddable":true,"href":"https:\/\/www.sani-spa.fr\/collection\/wp-json\/wp\/v2\/product_tag?post=4487"}],"curies":[{"name":"wp","href":"https:\/\/api.w.org\/{rel}","templated":true}]}}