{"id":746,"date":"2019-08-14T22:56:41","date_gmt":"2019-08-14T20:56:41","guid":{"rendered":"https:\/\/www.sani-spa.fr\/collection\/?post_type=product&#038;p=746"},"modified":"2024-06-13T23:45:10","modified_gmt":"2024-06-13T21:45:10","slug":"clavier-de-commande-spatouch","status":"publish","type":"product","link":"https:\/\/www.sani-spa.fr\/collection\/produit\/clavier-de-commande-spatouch\/","title":{"rendered":"Clavier de commande SpaTouch 2e G\u00e9n\u00e9ration"},"content":{"rendered":"<p><b>Le clavier <strong>SpaTouch<\/strong>&#x2122;<strong> 2<\/strong>\u00a0est une version diff\u00e9rente du\u00a0<a href=\"https:\/\/www.sani-spa.fr\/collection\/produit\/clavier-de-commande-spatouch\/\"><strong>SpaTouch1<\/strong><\/a>&#x2122; de part ses dimensions et sa forme. Fabriqu\u00e9 par le plus grand \u00e9quipementier de pi\u00e8ces \u00e9lectroniques de spa BALBOA.<br \/>\nLui aussi 100% tactile, il int\u00e8gre une interface bien\u00a0<strong>plus ergonomique et plus ludique\u00a0<\/strong>que son\u00a0pr\u00e9d\u00e9cesseur.<br \/>\nLe spaTouch 2 apporte \u00e9galement des <strong>am\u00e9liorations de fiabilit\u00e9s<\/strong> du clavier ( un \u00e9cran plus r\u00e9sistant, une \u00e9tanch\u00e9it\u00e9 renforc\u00e9e)<br \/>\nIl est\u00a0propos\u00e9\u00a0en plusieurs formes pour s\u2019adapter \u00e0 n\u2019importe quel relief de votre coque acrylique.<br \/>\n<\/b><br \/>\nCompatible avec les boitiers de contr\u00f4le de la s\u00e9rie BP : <a href=\"https:\/\/www.sani-spa.fr\/collection\/produit\/boitier-balboa-bp2100g1-avec-rechauffeur\/\">BP2100<\/a> \/ <a href=\"https:\/\/www.sani-spa.fr\/collection\/produit\/carte-mere-balboa-bp6013-g2\/\">BP6013\u00a0<\/a><\/p>\n<p>Le clavier SpaTouch2 fonctionne avec les boitiers de contr\u00f4le Balboa de la gamme BP. Il fonctionnera parfaitement en remplacement d\u2019un clavier <a href=\"https:\/\/www.sani-spa.fr\/collection\/produit\/clavier-de-controle-balboa-tp800\/\">TP800<\/a> ou <a href=\"https:\/\/www.sani-spa.fr\/collection\/produit\/clavier-de-controle-balboa-tp900\/\">TP900<\/a>. L\u2019inconv\u00e9nient \u00a0en remplacement des claviers TP400 ou <a href=\"https:\/\/www.sani-spa.fr\/collection\/produit\/clavier-de-commande-balboa-tp600\/\">TP600<\/a>, il ne pourra offrir toutes ses possibilit\u00e9s de gestion.<\/p>\n<p>Utilisation simplifi\u00e9e directement via la navigation sur l\u2019\u00e9cran couleur<\/p>\n<p>Garantie 1 An<\/p>\n","protected":false},"excerpt":{"rendered":"<p><b><br \/>\n<strong>Caract\u00e9ristiques d\u00e9taill\u00e9es du clavier SpaTouch2<\/strong><\/b><\/p>\n<p><strong>Dimensions :<\/strong><\/p>\n<ul>\n<li>Longueur : 147mm<\/li>\n<li>Largeur : 107mm<\/li>\n<li>\u00c9cran 100% tactile &#8211; Couleurs &#8211; Sensation \u00e9cran vitr\u00e9 au touch\u00e9<\/li>\n<li>Clavier \u00e9tanche<\/li>\n<li>Ergonomie et utilisation simplifi\u00e9es<\/li>\n<li>Existe aussi en forme <a href=\"https:\/\/www.sani-spa.fr\/collection\/produit\/clavier-de-commande-spatouch2-rectangle\/\">rectangulaire<\/a>\u00a0ou <a href=\"https:\/\/www.sani-spa.fr\/collection\/produit\/clavier-de-commande-spatouch2-rectangle-copie\/\">trap\u00e9zoidale<\/a><\/li>\n<li>Compatible avec les syst\u00e8mes de contr\u00f4le de la s\u00e9rie BP BALBOA (voir ci dessous les syst\u00e8me compatibles)<\/li>\n<li>Prise de connexion BP (4 broches femelle)<\/li>\n<\/ul>\n<p>&nbsp;<\/p>\n<p>&nbsp;<\/p>\n<p>&nbsp;<\/p>\n<p>&nbsp;<\/p>\n<p>&nbsp;<\/p>\n<p>&nbsp;<\/p>\n","protected":false},"featured_media":1494,"comment_status":"open","ping_status":"closed","template":"","meta":[],"product_brand":[],"product_cat":[18,29,39,105],"product_tag":[],"class_list":{"0":"post-746","1":"product","2":"type-product","3":"status-publish","4":"has-post-thumbnail","6":"product_cat-pieces-detachees","7":"product_cat-clavier","8":"product_cat-balboa-clavier","9":"product_cat-claviers-de-controle-coast-spas","10":"product_shipping_class-claviers","12":"first","13":"instock","14":"taxable","15":"shipping-taxable","16":"purchasable","17":"product-type-simple"},"yoast_head":"<!-- This site is optimized with the Yoast SEO plugin v27.0 - https:\/\/yoast.com\/product\/yoast-seo-wordpress\/ -->\n<title>Clavier de commande SpaTouch 2e G\u00e9n\u00e9ration | Sani Spa Collection<\/title>\n<meta name=\"robots\" content=\"index, follow, max-snippet:-1, max-image-preview:large, max-video-preview:-1\" \/>\n<link rel=\"canonical\" href=\"https:\/\/www.sani-spa.fr\/collection\/produit\/clavier-de-commande-spatouch\/\" \/>\n<meta property=\"og:locale\" content=\"fr_FR\" \/>\n<meta property=\"og:type\" content=\"article\" \/>\n<meta property=\"og:title\" content=\"Clavier de commande SpaTouch 2e G\u00e9n\u00e9ration | Sani Spa Collection\" \/>\n<meta property=\"og:description\" content=\"Caract\u00e9ristiques d\u00e9taill\u00e9es du clavier SpaTouch2  Dimensions :   Longueur : 147mm  Largeur : 107mm  \u00c9cran 100% tactile - Couleurs - Sensation \u00e9cran vitr\u00e9 au touch\u00e9  Clavier \u00e9tanche  Ergonomie et utilisation simplifi\u00e9es  Existe aussi en forme rectangulaire\u00a0ou trap\u00e9zoidale  Compatible avec les syst\u00e8mes de contr\u00f4le de la s\u00e9rie BP BALBOA (voir ci dessous les syst\u00e8me compatibles)  Prise de connexion BP (4 broches femelle)  &nbsp;  &nbsp;  &nbsp;  &nbsp;  &nbsp;  &nbsp;\" \/>\n<meta property=\"og:url\" content=\"https:\/\/www.sani-spa.fr\/collection\/produit\/clavier-de-commande-spatouch\/\" \/>\n<meta property=\"og:site_name\" content=\"Sani Spa Collection\" \/>\n<meta property=\"article:publisher\" content=\"https:\/\/www.facebook.com\/sarlsanispa\" \/>\n<meta property=\"article:modified_time\" content=\"2024-06-13T21:45:10+00:00\" \/>\n<meta property=\"og:image\" content=\"http:\/\/www.sani-spa.fr\/collection\/wp-collection\/uploads\/2019\/08\/spatouch2-t-800-01-z.jpg\" \/>\n\t<meta property=\"og:image:width\" content=\"800\" \/>\n\t<meta property=\"og:image:height\" content=\"800\" \/>\n\t<meta property=\"og:image:type\" content=\"image\/jpeg\" \/>\n<meta name=\"twitter:card\" content=\"summary_large_image\" \/>\n<meta name=\"twitter:label1\" content=\"Dur\u00e9e de lecture estim\u00e9e\" \/>\n\t<meta name=\"twitter:data1\" content=\"1 minute\" \/>\n<script type=\"application\/ld+json\" class=\"yoast-schema-graph\">{\"@context\":\"https:\/\/schema.org\",\"@graph\":[{\"@type\":\"WebPage\",\"@id\":\"https:\/\/www.sani-spa.fr\/collection\/produit\/clavier-de-commande-spatouch\/\",\"url\":\"https:\/\/www.sani-spa.fr\/collection\/produit\/clavier-de-commande-spatouch\/\",\"name\":\"Clavier de commande SpaTouch 2e G\u00e9n\u00e9ration | Sani Spa Collection\",\"isPartOf\":{\"@id\":\"https:\/\/www.sani-spa.fr\/collection\/#website\"},\"primaryImageOfPage\":{\"@id\":\"https:\/\/www.sani-spa.fr\/collection\/produit\/clavier-de-commande-spatouch\/#primaryimage\"},\"image\":{\"@id\":\"https:\/\/www.sani-spa.fr\/collection\/produit\/clavier-de-commande-spatouch\/#primaryimage\"},\"thumbnailUrl\":\"https:\/\/www.sani-spa.fr\/collection\/wp-collection\/uploads\/2019\/08\/spatouch2-t-800-01-z.jpg\",\"datePublished\":\"2019-08-14T20:56:41+00:00\",\"dateModified\":\"2024-06-13T21:45:10+00:00\",\"breadcrumb\":{\"@id\":\"https:\/\/www.sani-spa.fr\/collection\/produit\/clavier-de-commande-spatouch\/#breadcrumb\"},\"inLanguage\":\"fr-FR\",\"potentialAction\":[{\"@type\":\"ReadAction\",\"target\":[\"https:\/\/www.sani-spa.fr\/collection\/produit\/clavier-de-commande-spatouch\/\"]}]},{\"@type\":\"ImageObject\",\"inLanguage\":\"fr-FR\",\"@id\":\"https:\/\/www.sani-spa.fr\/collection\/produit\/clavier-de-commande-spatouch\/#primaryimage\",\"url\":\"https:\/\/www.sani-spa.fr\/collection\/wp-collection\/uploads\/2019\/08\/spatouch2-t-800-01-z.jpg\",\"contentUrl\":\"https:\/\/www.sani-spa.fr\/collection\/wp-collection\/uploads\/2019\/08\/spatouch2-t-800-01-z.jpg\",\"width\":800,\"height\":800},{\"@type\":\"BreadcrumbList\",\"@id\":\"https:\/\/www.sani-spa.fr\/collection\/produit\/clavier-de-commande-spatouch\/#breadcrumb\",\"itemListElement\":[{\"@type\":\"ListItem\",\"position\":1,\"name\":\"Accueil\",\"item\":\"https:\/\/www.sani-spa.fr\/collection\/\"},{\"@type\":\"ListItem\",\"position\":2,\"name\":\"Sani Spa CollectionPi\u00e8ces D\u00e9tach\u00e9es &amp; Accessoires pour Spas\",\"item\":\"https:\/\/www.sani-spa.fr\/collection\/\"},{\"@type\":\"ListItem\",\"position\":3,\"name\":\"Clavier de commande SpaTouch 2e G\u00e9n\u00e9ration\"}]},{\"@type\":\"WebSite\",\"@id\":\"https:\/\/www.sani-spa.fr\/collection\/#website\",\"url\":\"https:\/\/www.sani-spa.fr\/collection\/\",\"name\":\"Sani Spa Collection\",\"description\":\"Boutique spas &amp; accessoires spa\",\"publisher\":{\"@id\":\"https:\/\/www.sani-spa.fr\/collection\/#organization\"},\"potentialAction\":[{\"@type\":\"SearchAction\",\"target\":{\"@type\":\"EntryPoint\",\"urlTemplate\":\"https:\/\/www.sani-spa.fr\/collection\/?s={search_term_string}\"},\"query-input\":{\"@type\":\"PropertyValueSpecification\",\"valueRequired\":true,\"valueName\":\"search_term_string\"}}],\"inLanguage\":\"fr-FR\"},{\"@type\":\"Organization\",\"@id\":\"https:\/\/www.sani-spa.fr\/collection\/#organization\",\"name\":\"Sani Spa Collection\",\"url\":\"https:\/\/www.sani-spa.fr\/collection\/\",\"logo\":{\"@type\":\"ImageObject\",\"inLanguage\":\"fr-FR\",\"@id\":\"https:\/\/www.sani-spa.fr\/collection\/#\/schema\/logo\/image\/\",\"url\":\"https:\/\/www.sani-spa.fr\/collection\/wp-collection\/uploads\/2017\/10\/logo-sani-spa-collection.png\",\"contentUrl\":\"https:\/\/www.sani-spa.fr\/collection\/wp-collection\/uploads\/2017\/10\/logo-sani-spa-collection.png\",\"width\":231,\"height\":54,\"caption\":\"Sani Spa Collection\"},\"image\":{\"@id\":\"https:\/\/www.sani-spa.fr\/collection\/#\/schema\/logo\/image\/\"},\"sameAs\":[\"https:\/\/www.facebook.com\/sarlsanispa\"]}]}<\/script>\n<!-- \/ Yoast SEO plugin. -->","yoast_head_json":{"title":"Clavier de commande SpaTouch 2e G\u00e9n\u00e9ration | Sani Spa Collection","robots":{"index":"index","follow":"follow","max-snippet":"max-snippet:-1","max-image-preview":"max-image-preview:large","max-video-preview":"max-video-preview:-1"},"canonical":"https:\/\/www.sani-spa.fr\/collection\/produit\/clavier-de-commande-spatouch\/","og_locale":"fr_FR","og_type":"article","og_title":"Clavier de commande SpaTouch 2e G\u00e9n\u00e9ration | Sani Spa Collection","og_description":"Caract\u00e9ristiques d\u00e9taill\u00e9es du clavier SpaTouch2  Dimensions :   Longueur : 147mm  Largeur : 107mm  \u00c9cran 100% tactile - Couleurs - Sensation \u00e9cran vitr\u00e9 au touch\u00e9  Clavier \u00e9tanche  Ergonomie et utilisation simplifi\u00e9es  Existe aussi en forme rectangulaire\u00a0ou trap\u00e9zoidale  Compatible avec les syst\u00e8mes de contr\u00f4le de la s\u00e9rie BP BALBOA (voir ci dessous les syst\u00e8me compatibles)  Prise de connexion BP (4 broches femelle)  &nbsp;  &nbsp;  &nbsp;  &nbsp;  &nbsp;  &nbsp;","og_url":"https:\/\/www.sani-spa.fr\/collection\/produit\/clavier-de-commande-spatouch\/","og_site_name":"Sani Spa Collection","article_publisher":"https:\/\/www.facebook.com\/sarlsanispa","article_modified_time":"2024-06-13T21:45:10+00:00","og_image":[{"width":800,"height":800,"url":"http:\/\/www.sani-spa.fr\/collection\/wp-collection\/uploads\/2019\/08\/spatouch2-t-800-01-z.jpg","type":"image\/jpeg"}],"twitter_card":"summary_large_image","twitter_misc":{"Dur\u00e9e de lecture estim\u00e9e":"1 minute"},"schema":{"@context":"https:\/\/schema.org","@graph":[{"@type":"WebPage","@id":"https:\/\/www.sani-spa.fr\/collection\/produit\/clavier-de-commande-spatouch\/","url":"https:\/\/www.sani-spa.fr\/collection\/produit\/clavier-de-commande-spatouch\/","name":"Clavier de commande SpaTouch 2e G\u00e9n\u00e9ration | Sani Spa Collection","isPartOf":{"@id":"https:\/\/www.sani-spa.fr\/collection\/#website"},"primaryImageOfPage":{"@id":"https:\/\/www.sani-spa.fr\/collection\/produit\/clavier-de-commande-spatouch\/#primaryimage"},"image":{"@id":"https:\/\/www.sani-spa.fr\/collection\/produit\/clavier-de-commande-spatouch\/#primaryimage"},"thumbnailUrl":"https:\/\/www.sani-spa.fr\/collection\/wp-collection\/uploads\/2019\/08\/spatouch2-t-800-01-z.jpg","datePublished":"2019-08-14T20:56:41+00:00","dateModified":"2024-06-13T21:45:10+00:00","breadcrumb":{"@id":"https:\/\/www.sani-spa.fr\/collection\/produit\/clavier-de-commande-spatouch\/#breadcrumb"},"inLanguage":"fr-FR","potentialAction":[{"@type":"ReadAction","target":["https:\/\/www.sani-spa.fr\/collection\/produit\/clavier-de-commande-spatouch\/"]}]},{"@type":"ImageObject","inLanguage":"fr-FR","@id":"https:\/\/www.sani-spa.fr\/collection\/produit\/clavier-de-commande-spatouch\/#primaryimage","url":"https:\/\/www.sani-spa.fr\/collection\/wp-collection\/uploads\/2019\/08\/spatouch2-t-800-01-z.jpg","contentUrl":"https:\/\/www.sani-spa.fr\/collection\/wp-collection\/uploads\/2019\/08\/spatouch2-t-800-01-z.jpg","width":800,"height":800},{"@type":"BreadcrumbList","@id":"https:\/\/www.sani-spa.fr\/collection\/produit\/clavier-de-commande-spatouch\/#breadcrumb","itemListElement":[{"@type":"ListItem","position":1,"name":"Accueil","item":"https:\/\/www.sani-spa.fr\/collection\/"},{"@type":"ListItem","position":2,"name":"Sani Spa CollectionPi\u00e8ces D\u00e9tach\u00e9es &amp; Accessoires pour Spas","item":"https:\/\/www.sani-spa.fr\/collection\/"},{"@type":"ListItem","position":3,"name":"Clavier de commande SpaTouch 2e G\u00e9n\u00e9ration"}]},{"@type":"WebSite","@id":"https:\/\/www.sani-spa.fr\/collection\/#website","url":"https:\/\/www.sani-spa.fr\/collection\/","name":"Sani Spa Collection","description":"Boutique spas &amp; accessoires spa","publisher":{"@id":"https:\/\/www.sani-spa.fr\/collection\/#organization"},"potentialAction":[{"@type":"SearchAction","target":{"@type":"EntryPoint","urlTemplate":"https:\/\/www.sani-spa.fr\/collection\/?s={search_term_string}"},"query-input":{"@type":"PropertyValueSpecification","valueRequired":true,"valueName":"search_term_string"}}],"inLanguage":"fr-FR"},{"@type":"Organization","@id":"https:\/\/www.sani-spa.fr\/collection\/#organization","name":"Sani Spa Collection","url":"https:\/\/www.sani-spa.fr\/collection\/","logo":{"@type":"ImageObject","inLanguage":"fr-FR","@id":"https:\/\/www.sani-spa.fr\/collection\/#\/schema\/logo\/image\/","url":"https:\/\/www.sani-spa.fr\/collection\/wp-collection\/uploads\/2017\/10\/logo-sani-spa-collection.png","contentUrl":"https:\/\/www.sani-spa.fr\/collection\/wp-collection\/uploads\/2017\/10\/logo-sani-spa-collection.png","width":231,"height":54,"caption":"Sani Spa Collection"},"image":{"@id":"https:\/\/www.sani-spa.fr\/collection\/#\/schema\/logo\/image\/"},"sameAs":["https:\/\/www.facebook.com\/sarlsanispa"]}]}},"jetpack_sharing_enabled":true,"_links":{"self":[{"href":"https:\/\/www.sani-spa.fr\/collection\/wp-json\/wp\/v2\/product\/746","targetHints":{"allow":["GET"]}}],"collection":[{"href":"https:\/\/www.sani-spa.fr\/collection\/wp-json\/wp\/v2\/product"}],"about":[{"href":"https:\/\/www.sani-spa.fr\/collection\/wp-json\/wp\/v2\/types\/product"}],"replies":[{"embeddable":true,"href":"https:\/\/www.sani-spa.fr\/collection\/wp-json\/wp\/v2\/comments?post=746"}],"wp:featuredmedia":[{"embeddable":true,"href":"https:\/\/www.sani-spa.fr\/collection\/wp-json\/wp\/v2\/media\/1494"}],"wp:attachment":[{"href":"https:\/\/www.sani-spa.fr\/collection\/wp-json\/wp\/v2\/media?parent=746"}],"wp:term":[{"taxonomy":"product_brand","embeddable":true,"href":"https:\/\/www.sani-spa.fr\/collection\/wp-json\/wp\/v2\/product_brand?post=746"},{"taxonomy":"product_cat","embeddable":true,"href":"https:\/\/www.sani-spa.fr\/collection\/wp-json\/wp\/v2\/product_cat?post=746"},{"taxonomy":"product_tag","embeddable":true,"href":"https:\/\/www.sani-spa.fr\/collection\/wp-json\/wp\/v2\/product_tag?post=746"}],"curies":[{"name":"wp","href":"https:\/\/api.w.org\/{rel}","templated":true}]}}