{"id":752,"date":"2019-08-14T23:07:16","date_gmt":"2019-08-14T21:07:16","guid":{"rendered":"https:\/\/www.sani-spa.fr\/collection\/?post_type=product&#038;p=752"},"modified":"2020-04-04T00:05:05","modified_gmt":"2020-04-03T22:05:05","slug":"pack-balboa-gs501zvl404","status":"publish","type":"product","link":"https:\/\/www.sani-spa.fr\/collection\/produit\/pack-balboa-gs501zvl404\/","title":{"rendered":"Pack Balboa Retrofit Kit GS501Z+VL404"},"content":{"rendered":"<div align=\"justify\">\n<p>Boitier de contr\u00f4le Balboa GS 501Z. \u00c9quip\u00e9 d\u2019un r\u00e9chauffeur de 3Kw<\/p>\n<p>Gr\u00e2ce au nouveau Kit de remplacement complet Balboa, il est d\u00e9sormais possible de remplacer des syst\u00e8mes de contr\u00f4les devenus v\u00e9tustes et obsol\u00e8tes. Choisir un kit de remplacement Balboa, c\u2019est s\u2019assurer un mat\u00e9riel de qualit\u00e9.<\/p>\n<p>Ce boitier de commande supporte :<\/p>\n<ul>\n<li>1 pompe de circulation 24h<\/li>\n<li>1 pompe bi-vitesses<\/li>\n<li>1 blower ou une seconde pompe 1 vitesse (apr\u00e8s modification du c\u00e2blage)<\/li>\n<li>1 Ozonateur<\/li>\n<li>1 R\u00e9chauffeur Balboa 3Kw<\/li>\n<\/ul>\n<p>Compatible avec les claviers de commande suivants:<br \/>\n<a href=\"https:\/\/www.sani-spa.fr\/collection\/produit\/clavier-balboa-vl200\/\">VL200<\/a> \/ VL240 \/ <a href=\"https:\/\/www.sani-spa.fr\/collection\/produit\/clavier-balboa-vl260\/\">VL260<\/a> \/ VL400 \/ VL401 \/VL402 \/\u00a0VL403 \/\u00a0<a href=\"https:\/\/www.sani-spa.fr\/collection\/produit\/clavier-de-controle-balboa-vl404\/\">VL404<\/a>\u00a0\/\u00a0VL406T \/\u00a0VL406U<\/p>\n<\/div>\n<div align=\"justify\"><\/div>\n<div align=\"justify\">Garantie 1 An<\/div>\n","protected":false},"excerpt":{"rendered":"<div class=\"woocommerce-product-details__short-description\">\n<p>Parfait pour remplacer un ancien syt\u00e8me de contr\u00f4le<\/p>\n<p><b>Le kit comprend :\u00a0<\/b><\/p>\n<ul>\n<li><b><\/b>Le syst\u00e8me de contr\u00f4le GS501Z et son r\u00e9chauffeur 3 kW M7<\/li>\n<li>Un clavier VL404 \u00e0 4 touches<\/li>\n<li>Une ampoule 2W, sa douille et un c\u00e2ble de 250 cm avec une prise AMP \u00e0 2 broches m\u00e2les<\/li>\n<li>2 c\u00e2bles avec prise AMP pour pompe mono-vitesse, blower ou ozonateur<\/li>\n<li>1 c\u00e2ble avec prise AMP pour pompe bi-vitesse<\/li>\n<\/ul>\n<p>&nbsp;<\/p>\n<ul>\n<li>Dimensions Coffret : 26,82 x 31,14 x 11,68 cm<\/li>\n<li>Puissance \u00e9lectrique : \u00a0230V<\/li>\n<li>Normes N \u2013 CE \u2013 CB<\/li>\n<\/ul>\n<\/div>\n","protected":false},"featured_media":755,"comment_status":"open","ping_status":"closed","template":"","meta":[],"product_brand":[],"product_cat":[18,27,48],"product_tag":[],"class_list":{"0":"post-752","1":"product","2":"type-product","3":"status-publish","4":"has-post-thumbnail","6":"product_cat-pieces-detachees","7":"product_cat-boitier-controle","8":"product_cat-retrofit-kit","9":"product_shipping_class-boitier-de-controle-complet","11":"first","12":"instock","13":"taxable","14":"shipping-taxable","15":"purchasable","16":"product-type-simple"},"yoast_head":"<!-- This site is optimized with the Yoast SEO plugin v27.0 - https:\/\/yoast.com\/product\/yoast-seo-wordpress\/ -->\n<title>Pack Balboa Retrofit Kit GS501Z+VL404 | Sani Spa Collection<\/title>\n<meta name=\"robots\" content=\"index, follow, max-snippet:-1, max-image-preview:large, max-video-preview:-1\" \/>\n<link rel=\"canonical\" href=\"https:\/\/www.sani-spa.fr\/collection\/produit\/pack-balboa-gs501zvl404\/\" \/>\n<meta property=\"og:locale\" content=\"fr_FR\" \/>\n<meta property=\"og:type\" content=\"article\" \/>\n<meta property=\"og:title\" content=\"Pack Balboa Retrofit Kit GS501Z+VL404 | Sani Spa Collection\" \/>\n<meta property=\"og:description\" content=\"Parfait pour remplacer un ancien syt\u00e8me de contr\u00f4le  Le kit comprend :\u00a0   Le syst\u00e8me de contr\u00f4le GS501Z et son r\u00e9chauffeur 3 kW M7  Un clavier VL404 \u00e0 4 touches  Une ampoule 2W, sa douille et un c\u00e2ble de 250 cm avec une prise AMP \u00e0 2 broches m\u00e2les  2 c\u00e2bles avec prise AMP pour pompe mono-vitesse, blower ou ozonateur  1 c\u00e2ble avec prise AMP pour pompe bi-vitesse  &nbsp;   Dimensions Coffret : 26,82 x 31,14 x 11,68 cm  Puissance \u00e9lectrique : \u00a0230V  Normes N \u2013 CE \u2013 CB\" \/>\n<meta property=\"og:url\" content=\"https:\/\/www.sani-spa.fr\/collection\/produit\/pack-balboa-gs501zvl404\/\" \/>\n<meta property=\"og:site_name\" content=\"Sani Spa Collection\" \/>\n<meta property=\"article:publisher\" content=\"https:\/\/www.facebook.com\/sarlsanispa\" \/>\n<meta property=\"article:modified_time\" content=\"2020-04-03T22:05:05+00:00\" \/>\n<meta property=\"og:image\" content=\"https:\/\/www.sani-spa.fr\/collection\/wp-collection\/uploads\/2019\/08\/pack-complet-gs501z-vl404-balboa-spa.jpg\" \/>\n\t<meta property=\"og:image:width\" content=\"400\" \/>\n\t<meta property=\"og:image:height\" content=\"400\" \/>\n\t<meta property=\"og:image:type\" content=\"image\/jpeg\" \/>\n<meta name=\"twitter:card\" content=\"summary_large_image\" \/>\n<meta name=\"twitter:label1\" content=\"Dur\u00e9e de lecture estim\u00e9e\" \/>\n\t<meta name=\"twitter:data1\" content=\"1 minute\" \/>\n<script type=\"application\/ld+json\" class=\"yoast-schema-graph\">{\"@context\":\"https:\/\/schema.org\",\"@graph\":[{\"@type\":\"WebPage\",\"@id\":\"https:\/\/www.sani-spa.fr\/collection\/produit\/pack-balboa-gs501zvl404\/\",\"url\":\"https:\/\/www.sani-spa.fr\/collection\/produit\/pack-balboa-gs501zvl404\/\",\"name\":\"Pack Balboa Retrofit Kit GS501Z+VL404 | Sani Spa Collection\",\"isPartOf\":{\"@id\":\"https:\/\/www.sani-spa.fr\/collection\/#website\"},\"primaryImageOfPage\":{\"@id\":\"https:\/\/www.sani-spa.fr\/collection\/produit\/pack-balboa-gs501zvl404\/#primaryimage\"},\"image\":{\"@id\":\"https:\/\/www.sani-spa.fr\/collection\/produit\/pack-balboa-gs501zvl404\/#primaryimage\"},\"thumbnailUrl\":\"https:\/\/www.sani-spa.fr\/collection\/wp-collection\/uploads\/2019\/08\/pack-complet-gs501z-vl404-balboa-spa.jpg\",\"datePublished\":\"2019-08-14T21:07:16+00:00\",\"dateModified\":\"2020-04-03T22:05:05+00:00\",\"breadcrumb\":{\"@id\":\"https:\/\/www.sani-spa.fr\/collection\/produit\/pack-balboa-gs501zvl404\/#breadcrumb\"},\"inLanguage\":\"fr-FR\",\"potentialAction\":[{\"@type\":\"ReadAction\",\"target\":[\"https:\/\/www.sani-spa.fr\/collection\/produit\/pack-balboa-gs501zvl404\/\"]}]},{\"@type\":\"ImageObject\",\"inLanguage\":\"fr-FR\",\"@id\":\"https:\/\/www.sani-spa.fr\/collection\/produit\/pack-balboa-gs501zvl404\/#primaryimage\",\"url\":\"https:\/\/www.sani-spa.fr\/collection\/wp-collection\/uploads\/2019\/08\/pack-complet-gs501z-vl404-balboa-spa.jpg\",\"contentUrl\":\"https:\/\/www.sani-spa.fr\/collection\/wp-collection\/uploads\/2019\/08\/pack-complet-gs501z-vl404-balboa-spa.jpg\",\"width\":400,\"height\":400},{\"@type\":\"BreadcrumbList\",\"@id\":\"https:\/\/www.sani-spa.fr\/collection\/produit\/pack-balboa-gs501zvl404\/#breadcrumb\",\"itemListElement\":[{\"@type\":\"ListItem\",\"position\":1,\"name\":\"Accueil\",\"item\":\"https:\/\/www.sani-spa.fr\/collection\/\"},{\"@type\":\"ListItem\",\"position\":2,\"name\":\"Sani Spa CollectionPi\u00e8ces D\u00e9tach\u00e9es &amp; Accessoires pour Spas\",\"item\":\"https:\/\/www.sani-spa.fr\/collection\/\"},{\"@type\":\"ListItem\",\"position\":3,\"name\":\"Pack Balboa Retrofit Kit GS501Z+VL404\"}]},{\"@type\":\"WebSite\",\"@id\":\"https:\/\/www.sani-spa.fr\/collection\/#website\",\"url\":\"https:\/\/www.sani-spa.fr\/collection\/\",\"name\":\"Sani Spa Collection\",\"description\":\"Boutique spas &amp; accessoires spa\",\"publisher\":{\"@id\":\"https:\/\/www.sani-spa.fr\/collection\/#organization\"},\"potentialAction\":[{\"@type\":\"SearchAction\",\"target\":{\"@type\":\"EntryPoint\",\"urlTemplate\":\"https:\/\/www.sani-spa.fr\/collection\/?s={search_term_string}\"},\"query-input\":{\"@type\":\"PropertyValueSpecification\",\"valueRequired\":true,\"valueName\":\"search_term_string\"}}],\"inLanguage\":\"fr-FR\"},{\"@type\":\"Organization\",\"@id\":\"https:\/\/www.sani-spa.fr\/collection\/#organization\",\"name\":\"Sani Spa Collection\",\"url\":\"https:\/\/www.sani-spa.fr\/collection\/\",\"logo\":{\"@type\":\"ImageObject\",\"inLanguage\":\"fr-FR\",\"@id\":\"https:\/\/www.sani-spa.fr\/collection\/#\/schema\/logo\/image\/\",\"url\":\"https:\/\/www.sani-spa.fr\/collection\/wp-collection\/uploads\/2017\/10\/logo-sani-spa-collection.png\",\"contentUrl\":\"https:\/\/www.sani-spa.fr\/collection\/wp-collection\/uploads\/2017\/10\/logo-sani-spa-collection.png\",\"width\":231,\"height\":54,\"caption\":\"Sani Spa Collection\"},\"image\":{\"@id\":\"https:\/\/www.sani-spa.fr\/collection\/#\/schema\/logo\/image\/\"},\"sameAs\":[\"https:\/\/www.facebook.com\/sarlsanispa\"]}]}<\/script>\n<!-- \/ Yoast SEO plugin. -->","yoast_head_json":{"title":"Pack Balboa Retrofit Kit GS501Z+VL404 | Sani Spa Collection","robots":{"index":"index","follow":"follow","max-snippet":"max-snippet:-1","max-image-preview":"max-image-preview:large","max-video-preview":"max-video-preview:-1"},"canonical":"https:\/\/www.sani-spa.fr\/collection\/produit\/pack-balboa-gs501zvl404\/","og_locale":"fr_FR","og_type":"article","og_title":"Pack Balboa Retrofit Kit GS501Z+VL404 | Sani Spa Collection","og_description":"Parfait pour remplacer un ancien syt\u00e8me de contr\u00f4le  Le kit comprend :\u00a0   Le syst\u00e8me de contr\u00f4le GS501Z et son r\u00e9chauffeur 3 kW M7  Un clavier VL404 \u00e0 4 touches  Une ampoule 2W, sa douille et un c\u00e2ble de 250 cm avec une prise AMP \u00e0 2 broches m\u00e2les  2 c\u00e2bles avec prise AMP pour pompe mono-vitesse, blower ou ozonateur  1 c\u00e2ble avec prise AMP pour pompe bi-vitesse  &nbsp;   Dimensions Coffret : 26,82 x 31,14 x 11,68 cm  Puissance \u00e9lectrique : \u00a0230V  Normes N \u2013 CE \u2013 CB","og_url":"https:\/\/www.sani-spa.fr\/collection\/produit\/pack-balboa-gs501zvl404\/","og_site_name":"Sani Spa Collection","article_publisher":"https:\/\/www.facebook.com\/sarlsanispa","article_modified_time":"2020-04-03T22:05:05+00:00","og_image":[{"width":400,"height":400,"url":"https:\/\/www.sani-spa.fr\/collection\/wp-collection\/uploads\/2019\/08\/pack-complet-gs501z-vl404-balboa-spa.jpg","type":"image\/jpeg"}],"twitter_card":"summary_large_image","twitter_misc":{"Dur\u00e9e de lecture estim\u00e9e":"1 minute"},"schema":{"@context":"https:\/\/schema.org","@graph":[{"@type":"WebPage","@id":"https:\/\/www.sani-spa.fr\/collection\/produit\/pack-balboa-gs501zvl404\/","url":"https:\/\/www.sani-spa.fr\/collection\/produit\/pack-balboa-gs501zvl404\/","name":"Pack Balboa Retrofit Kit GS501Z+VL404 | Sani Spa Collection","isPartOf":{"@id":"https:\/\/www.sani-spa.fr\/collection\/#website"},"primaryImageOfPage":{"@id":"https:\/\/www.sani-spa.fr\/collection\/produit\/pack-balboa-gs501zvl404\/#primaryimage"},"image":{"@id":"https:\/\/www.sani-spa.fr\/collection\/produit\/pack-balboa-gs501zvl404\/#primaryimage"},"thumbnailUrl":"https:\/\/www.sani-spa.fr\/collection\/wp-collection\/uploads\/2019\/08\/pack-complet-gs501z-vl404-balboa-spa.jpg","datePublished":"2019-08-14T21:07:16+00:00","dateModified":"2020-04-03T22:05:05+00:00","breadcrumb":{"@id":"https:\/\/www.sani-spa.fr\/collection\/produit\/pack-balboa-gs501zvl404\/#breadcrumb"},"inLanguage":"fr-FR","potentialAction":[{"@type":"ReadAction","target":["https:\/\/www.sani-spa.fr\/collection\/produit\/pack-balboa-gs501zvl404\/"]}]},{"@type":"ImageObject","inLanguage":"fr-FR","@id":"https:\/\/www.sani-spa.fr\/collection\/produit\/pack-balboa-gs501zvl404\/#primaryimage","url":"https:\/\/www.sani-spa.fr\/collection\/wp-collection\/uploads\/2019\/08\/pack-complet-gs501z-vl404-balboa-spa.jpg","contentUrl":"https:\/\/www.sani-spa.fr\/collection\/wp-collection\/uploads\/2019\/08\/pack-complet-gs501z-vl404-balboa-spa.jpg","width":400,"height":400},{"@type":"BreadcrumbList","@id":"https:\/\/www.sani-spa.fr\/collection\/produit\/pack-balboa-gs501zvl404\/#breadcrumb","itemListElement":[{"@type":"ListItem","position":1,"name":"Accueil","item":"https:\/\/www.sani-spa.fr\/collection\/"},{"@type":"ListItem","position":2,"name":"Sani Spa CollectionPi\u00e8ces D\u00e9tach\u00e9es &amp; Accessoires pour Spas","item":"https:\/\/www.sani-spa.fr\/collection\/"},{"@type":"ListItem","position":3,"name":"Pack Balboa Retrofit Kit GS501Z+VL404"}]},{"@type":"WebSite","@id":"https:\/\/www.sani-spa.fr\/collection\/#website","url":"https:\/\/www.sani-spa.fr\/collection\/","name":"Sani Spa Collection","description":"Boutique spas &amp; accessoires spa","publisher":{"@id":"https:\/\/www.sani-spa.fr\/collection\/#organization"},"potentialAction":[{"@type":"SearchAction","target":{"@type":"EntryPoint","urlTemplate":"https:\/\/www.sani-spa.fr\/collection\/?s={search_term_string}"},"query-input":{"@type":"PropertyValueSpecification","valueRequired":true,"valueName":"search_term_string"}}],"inLanguage":"fr-FR"},{"@type":"Organization","@id":"https:\/\/www.sani-spa.fr\/collection\/#organization","name":"Sani Spa Collection","url":"https:\/\/www.sani-spa.fr\/collection\/","logo":{"@type":"ImageObject","inLanguage":"fr-FR","@id":"https:\/\/www.sani-spa.fr\/collection\/#\/schema\/logo\/image\/","url":"https:\/\/www.sani-spa.fr\/collection\/wp-collection\/uploads\/2017\/10\/logo-sani-spa-collection.png","contentUrl":"https:\/\/www.sani-spa.fr\/collection\/wp-collection\/uploads\/2017\/10\/logo-sani-spa-collection.png","width":231,"height":54,"caption":"Sani Spa Collection"},"image":{"@id":"https:\/\/www.sani-spa.fr\/collection\/#\/schema\/logo\/image\/"},"sameAs":["https:\/\/www.facebook.com\/sarlsanispa"]}]}},"jetpack_sharing_enabled":true,"_links":{"self":[{"href":"https:\/\/www.sani-spa.fr\/collection\/wp-json\/wp\/v2\/product\/752","targetHints":{"allow":["GET"]}}],"collection":[{"href":"https:\/\/www.sani-spa.fr\/collection\/wp-json\/wp\/v2\/product"}],"about":[{"href":"https:\/\/www.sani-spa.fr\/collection\/wp-json\/wp\/v2\/types\/product"}],"replies":[{"embeddable":true,"href":"https:\/\/www.sani-spa.fr\/collection\/wp-json\/wp\/v2\/comments?post=752"}],"wp:featuredmedia":[{"embeddable":true,"href":"https:\/\/www.sani-spa.fr\/collection\/wp-json\/wp\/v2\/media\/755"}],"wp:attachment":[{"href":"https:\/\/www.sani-spa.fr\/collection\/wp-json\/wp\/v2\/media?parent=752"}],"wp:term":[{"taxonomy":"product_brand","embeddable":true,"href":"https:\/\/www.sani-spa.fr\/collection\/wp-json\/wp\/v2\/product_brand?post=752"},{"taxonomy":"product_cat","embeddable":true,"href":"https:\/\/www.sani-spa.fr\/collection\/wp-json\/wp\/v2\/product_cat?post=752"},{"taxonomy":"product_tag","embeddable":true,"href":"https:\/\/www.sani-spa.fr\/collection\/wp-json\/wp\/v2\/product_tag?post=752"}],"curies":[{"name":"wp","href":"https:\/\/api.w.org\/{rel}","templated":true}]}}