{"id":756,"date":"2019-08-14T23:17:27","date_gmt":"2019-08-14T21:17:27","guid":{"rendered":"https:\/\/www.sani-spa.fr\/collection\/?post_type=product&#038;p=756"},"modified":"2024-06-14T01:08:08","modified_gmt":"2024-06-13T23:08:08","slug":"rechauffeur-balboa-3kw","status":"publish","type":"product","link":"https:\/\/www.sani-spa.fr\/collection\/produit\/rechauffeur-balboa-3kw\/","title":{"rendered":"R\u00e9chauffeur Balboa 3kw GS\/GL"},"content":{"rendered":"<p>Le syst\u00e8me de contr\u00f4le M7 (Millenium 7) est une technologie brevet\u00e9e par Balboa. Ses <a href=\"https:\/\/www.sani-spa.fr\/collection\/produit\/sondes-balboa-m7-30cm\/\">sondes M7<\/a><br \/>\nplac\u00e9es \u00e0 l&#8217;int\u00e9rieur du r\u00e9chauffeur permettent de mesurer correctement le d\u00e9bit ainsi que la temp\u00e9rature de l&#8217;eau en continu. Les syst\u00e8mes utilisant cette technologie ont une dur\u00e9e de vie sup\u00e9rieure et sont plus fiable. Ces sondes sont fournies avec le r\u00e9chauffeur.<\/p>\n<p><b>\u00a0Les p<\/b><b>annes les plus fr\u00e9quentes sur les r\u00e9chauffeurs :<\/b><\/p>\n<ul>\n<li><a href=\"https:\/\/www.sani-spa.fr\/collection\/produit\/sondes-balboa-m7-30cm\/\">Sondes de temp\u00e9rature et de d\u00e9bit d&#8217;eau<\/a><\/li>\n<li>Surtension sur la r\u00e9sistance<\/li>\n<li>Surchauffe de la r\u00e9sistance<\/li>\n<li>R\u00e9sistance provoquant un court circuit<\/li>\n<\/ul>\n<p>Compatible avec tous les syst\u00e8mes de contr\u00f4le Balboa de gamme GS et GL :<\/p>\n<p><a href=\"https:\/\/www.sani-spa.fr\/collection\/produit\/boitier-de-controle-balboa-gs501z\/\">GS501Z<\/a> \/<a href=\"https:\/\/www.sani-spa.fr\/collection\/produit\/platine-balboa-gl2000-m3\/\"> GL2000<\/a> \/ <a href=\"https:\/\/www.sani-spa.fr\/collection\/produit\/boitier-de-controle-balboa-gs510dz\/\">GS510DZ<\/a> \/ <a href=\"https:\/\/www.sani-spa.fr\/collection\/produit\/carte-mere-balboa-gs510sz\/\">GS510SZ<\/a> \/ <a href=\"https:\/\/www.sani-spa.fr\/collection\/produit\/boitier-de-controle-rechauffeur-gl2001-m3-copie\/\">GL2001<\/a><\/p>\n<p>Garantie 2 ans<\/p>\n","protected":false},"excerpt":{"rendered":"<p>R\u00e9chauffeur BALBOA 3.0 kW 240V<br \/>\nCompatible avec les s\u00e9ries M7<\/p>\n<p>Le r\u00e9chauffeur se raccord directement sur une tuyauterie 2&#8243; (60mm ext\u00e9rieur)<br \/>\n<b>Les raccords union 2&#8243; sont fournis avec le r\u00e9chauffeur. <\/b><br \/>\nMais bien souvent vous pouvez r\u00e9utiliser les raccords pr\u00e9sents sur le spa.<\/p>\n<table border=\"0\" width=\"715\" cellspacing=\"0\" cellpadding=\"5\" align=\"\">\n<tbody>\n<tr>\n<td><img fetchpriority=\"high\" decoding=\"async\" src=\"https:\/\/www.boospa.net\/site\/medias\/placement-rechauffeur.jpg\" alt=\"Placement rechauffeur\" width=\"400\" height=\"267\" border=\"0\" hspace=\"0\" vspace=\"0\" \/><\/td>\n<td><\/td>\n<\/tr>\n<tr align=\"center\">\n<td><\/td>\n<\/tr>\n<\/tbody>\n<\/table>\n<p>&nbsp;<\/p>\n","protected":false},"featured_media":757,"comment_status":"open","ping_status":"closed","template":"","meta":[],"product_brand":[],"product_cat":[18,28,36],"product_tag":[],"class_list":{"0":"post-756","1":"product","2":"type-product","3":"status-publish","4":"has-post-thumbnail","6":"product_cat-pieces-detachees","7":"product_cat-rechauffeur-pour-spa","8":"product_cat-balboa","9":"product_shipping_class-rechauffeur","11":"first","12":"instock","13":"featured","14":"taxable","15":"shipping-taxable","16":"purchasable","17":"product-type-simple"},"yoast_head":"<!-- This site is optimized with the Yoast SEO plugin v27.0 - https:\/\/yoast.com\/product\/yoast-seo-wordpress\/ -->\n<title>R\u00e9chauffeur Balboa 3kw GS\/GL | Sani Spa Collection<\/title>\n<meta name=\"robots\" content=\"index, follow, max-snippet:-1, max-image-preview:large, max-video-preview:-1\" \/>\n<link rel=\"canonical\" href=\"https:\/\/www.sani-spa.fr\/collection\/produit\/rechauffeur-balboa-3kw\/\" \/>\n<meta property=\"og:locale\" content=\"fr_FR\" \/>\n<meta property=\"og:type\" content=\"article\" \/>\n<meta property=\"og:title\" content=\"R\u00e9chauffeur Balboa 3kw GS\/GL | Sani Spa Collection\" \/>\n<meta property=\"og:description\" content=\"R\u00e9chauffeur BALBOA 3.0 kW 240V Compatible avec les s\u00e9ries M7  Le r\u00e9chauffeur se raccord directement sur une tuyauterie 2&quot; (60mm ext\u00e9rieur) Les raccords union 2&quot; sont fournis avec le r\u00e9chauffeur.  Mais bien souvent vous pouvez r\u00e9utiliser les raccords pr\u00e9sents sur le spa.            &nbsp;\" \/>\n<meta property=\"og:url\" content=\"https:\/\/www.sani-spa.fr\/collection\/produit\/rechauffeur-balboa-3kw\/\" \/>\n<meta property=\"og:site_name\" content=\"Sani Spa Collection\" \/>\n<meta property=\"article:publisher\" content=\"https:\/\/www.facebook.com\/sarlsanispa\" \/>\n<meta property=\"article:modified_time\" content=\"2024-06-13T23:08:08+00:00\" \/>\n<meta property=\"og:image\" content=\"http:\/\/www.sani-spa.fr\/collection\/wp-collection\/uploads\/2019\/08\/rechauffeur-balboa.jpg\" \/>\n\t<meta property=\"og:image:width\" content=\"400\" \/>\n\t<meta property=\"og:image:height\" content=\"400\" \/>\n\t<meta property=\"og:image:type\" content=\"image\/jpeg\" \/>\n<meta name=\"twitter:card\" content=\"summary_large_image\" \/>\n<meta name=\"twitter:label1\" content=\"Dur\u00e9e de lecture estim\u00e9e\" \/>\n\t<meta name=\"twitter:data1\" content=\"1 minute\" \/>\n<script type=\"application\/ld+json\" class=\"yoast-schema-graph\">{\"@context\":\"https:\/\/schema.org\",\"@graph\":[{\"@type\":\"WebPage\",\"@id\":\"https:\/\/www.sani-spa.fr\/collection\/produit\/rechauffeur-balboa-3kw\/\",\"url\":\"https:\/\/www.sani-spa.fr\/collection\/produit\/rechauffeur-balboa-3kw\/\",\"name\":\"R\u00e9chauffeur Balboa 3kw GS\/GL | Sani Spa Collection\",\"isPartOf\":{\"@id\":\"https:\/\/www.sani-spa.fr\/collection\/#website\"},\"primaryImageOfPage\":{\"@id\":\"https:\/\/www.sani-spa.fr\/collection\/produit\/rechauffeur-balboa-3kw\/#primaryimage\"},\"image\":{\"@id\":\"https:\/\/www.sani-spa.fr\/collection\/produit\/rechauffeur-balboa-3kw\/#primaryimage\"},\"thumbnailUrl\":\"https:\/\/www.sani-spa.fr\/collection\/wp-collection\/uploads\/2019\/08\/rechauffeur-balboa.jpg\",\"datePublished\":\"2019-08-14T21:17:27+00:00\",\"dateModified\":\"2024-06-13T23:08:08+00:00\",\"breadcrumb\":{\"@id\":\"https:\/\/www.sani-spa.fr\/collection\/produit\/rechauffeur-balboa-3kw\/#breadcrumb\"},\"inLanguage\":\"fr-FR\",\"potentialAction\":[{\"@type\":\"ReadAction\",\"target\":[\"https:\/\/www.sani-spa.fr\/collection\/produit\/rechauffeur-balboa-3kw\/\"]}]},{\"@type\":\"ImageObject\",\"inLanguage\":\"fr-FR\",\"@id\":\"https:\/\/www.sani-spa.fr\/collection\/produit\/rechauffeur-balboa-3kw\/#primaryimage\",\"url\":\"https:\/\/www.sani-spa.fr\/collection\/wp-collection\/uploads\/2019\/08\/rechauffeur-balboa.jpg\",\"contentUrl\":\"https:\/\/www.sani-spa.fr\/collection\/wp-collection\/uploads\/2019\/08\/rechauffeur-balboa.jpg\",\"width\":400,\"height\":400},{\"@type\":\"BreadcrumbList\",\"@id\":\"https:\/\/www.sani-spa.fr\/collection\/produit\/rechauffeur-balboa-3kw\/#breadcrumb\",\"itemListElement\":[{\"@type\":\"ListItem\",\"position\":1,\"name\":\"Accueil\",\"item\":\"https:\/\/www.sani-spa.fr\/collection\/\"},{\"@type\":\"ListItem\",\"position\":2,\"name\":\"Sani Spa CollectionPi\u00e8ces D\u00e9tach\u00e9es &amp; Accessoires pour Spas\",\"item\":\"https:\/\/www.sani-spa.fr\/collection\/\"},{\"@type\":\"ListItem\",\"position\":3,\"name\":\"R\u00e9chauffeur Balboa 3kw GS\/GL\"}]},{\"@type\":\"WebSite\",\"@id\":\"https:\/\/www.sani-spa.fr\/collection\/#website\",\"url\":\"https:\/\/www.sani-spa.fr\/collection\/\",\"name\":\"Sani Spa Collection\",\"description\":\"Boutique spas &amp; accessoires spa\",\"publisher\":{\"@id\":\"https:\/\/www.sani-spa.fr\/collection\/#organization\"},\"potentialAction\":[{\"@type\":\"SearchAction\",\"target\":{\"@type\":\"EntryPoint\",\"urlTemplate\":\"https:\/\/www.sani-spa.fr\/collection\/?s={search_term_string}\"},\"query-input\":{\"@type\":\"PropertyValueSpecification\",\"valueRequired\":true,\"valueName\":\"search_term_string\"}}],\"inLanguage\":\"fr-FR\"},{\"@type\":\"Organization\",\"@id\":\"https:\/\/www.sani-spa.fr\/collection\/#organization\",\"name\":\"Sani Spa Collection\",\"url\":\"https:\/\/www.sani-spa.fr\/collection\/\",\"logo\":{\"@type\":\"ImageObject\",\"inLanguage\":\"fr-FR\",\"@id\":\"https:\/\/www.sani-spa.fr\/collection\/#\/schema\/logo\/image\/\",\"url\":\"https:\/\/www.sani-spa.fr\/collection\/wp-collection\/uploads\/2017\/10\/logo-sani-spa-collection.png\",\"contentUrl\":\"https:\/\/www.sani-spa.fr\/collection\/wp-collection\/uploads\/2017\/10\/logo-sani-spa-collection.png\",\"width\":231,\"height\":54,\"caption\":\"Sani Spa Collection\"},\"image\":{\"@id\":\"https:\/\/www.sani-spa.fr\/collection\/#\/schema\/logo\/image\/\"},\"sameAs\":[\"https:\/\/www.facebook.com\/sarlsanispa\"]}]}<\/script>\n<!-- \/ Yoast SEO plugin. -->","yoast_head_json":{"title":"R\u00e9chauffeur Balboa 3kw GS\/GL | Sani Spa Collection","robots":{"index":"index","follow":"follow","max-snippet":"max-snippet:-1","max-image-preview":"max-image-preview:large","max-video-preview":"max-video-preview:-1"},"canonical":"https:\/\/www.sani-spa.fr\/collection\/produit\/rechauffeur-balboa-3kw\/","og_locale":"fr_FR","og_type":"article","og_title":"R\u00e9chauffeur Balboa 3kw GS\/GL | Sani Spa Collection","og_description":"R\u00e9chauffeur BALBOA 3.0 kW 240V Compatible avec les s\u00e9ries M7  Le r\u00e9chauffeur se raccord directement sur une tuyauterie 2\" (60mm ext\u00e9rieur) Les raccords union 2\" sont fournis avec le r\u00e9chauffeur.  Mais bien souvent vous pouvez r\u00e9utiliser les raccords pr\u00e9sents sur le spa.            &nbsp;","og_url":"https:\/\/www.sani-spa.fr\/collection\/produit\/rechauffeur-balboa-3kw\/","og_site_name":"Sani Spa Collection","article_publisher":"https:\/\/www.facebook.com\/sarlsanispa","article_modified_time":"2024-06-13T23:08:08+00:00","og_image":[{"width":400,"height":400,"url":"http:\/\/www.sani-spa.fr\/collection\/wp-collection\/uploads\/2019\/08\/rechauffeur-balboa.jpg","type":"image\/jpeg"}],"twitter_card":"summary_large_image","twitter_misc":{"Dur\u00e9e de lecture estim\u00e9e":"1 minute"},"schema":{"@context":"https:\/\/schema.org","@graph":[{"@type":"WebPage","@id":"https:\/\/www.sani-spa.fr\/collection\/produit\/rechauffeur-balboa-3kw\/","url":"https:\/\/www.sani-spa.fr\/collection\/produit\/rechauffeur-balboa-3kw\/","name":"R\u00e9chauffeur Balboa 3kw GS\/GL | Sani Spa Collection","isPartOf":{"@id":"https:\/\/www.sani-spa.fr\/collection\/#website"},"primaryImageOfPage":{"@id":"https:\/\/www.sani-spa.fr\/collection\/produit\/rechauffeur-balboa-3kw\/#primaryimage"},"image":{"@id":"https:\/\/www.sani-spa.fr\/collection\/produit\/rechauffeur-balboa-3kw\/#primaryimage"},"thumbnailUrl":"https:\/\/www.sani-spa.fr\/collection\/wp-collection\/uploads\/2019\/08\/rechauffeur-balboa.jpg","datePublished":"2019-08-14T21:17:27+00:00","dateModified":"2024-06-13T23:08:08+00:00","breadcrumb":{"@id":"https:\/\/www.sani-spa.fr\/collection\/produit\/rechauffeur-balboa-3kw\/#breadcrumb"},"inLanguage":"fr-FR","potentialAction":[{"@type":"ReadAction","target":["https:\/\/www.sani-spa.fr\/collection\/produit\/rechauffeur-balboa-3kw\/"]}]},{"@type":"ImageObject","inLanguage":"fr-FR","@id":"https:\/\/www.sani-spa.fr\/collection\/produit\/rechauffeur-balboa-3kw\/#primaryimage","url":"https:\/\/www.sani-spa.fr\/collection\/wp-collection\/uploads\/2019\/08\/rechauffeur-balboa.jpg","contentUrl":"https:\/\/www.sani-spa.fr\/collection\/wp-collection\/uploads\/2019\/08\/rechauffeur-balboa.jpg","width":400,"height":400},{"@type":"BreadcrumbList","@id":"https:\/\/www.sani-spa.fr\/collection\/produit\/rechauffeur-balboa-3kw\/#breadcrumb","itemListElement":[{"@type":"ListItem","position":1,"name":"Accueil","item":"https:\/\/www.sani-spa.fr\/collection\/"},{"@type":"ListItem","position":2,"name":"Sani Spa CollectionPi\u00e8ces D\u00e9tach\u00e9es &amp; Accessoires pour Spas","item":"https:\/\/www.sani-spa.fr\/collection\/"},{"@type":"ListItem","position":3,"name":"R\u00e9chauffeur Balboa 3kw GS\/GL"}]},{"@type":"WebSite","@id":"https:\/\/www.sani-spa.fr\/collection\/#website","url":"https:\/\/www.sani-spa.fr\/collection\/","name":"Sani Spa Collection","description":"Boutique spas &amp; accessoires spa","publisher":{"@id":"https:\/\/www.sani-spa.fr\/collection\/#organization"},"potentialAction":[{"@type":"SearchAction","target":{"@type":"EntryPoint","urlTemplate":"https:\/\/www.sani-spa.fr\/collection\/?s={search_term_string}"},"query-input":{"@type":"PropertyValueSpecification","valueRequired":true,"valueName":"search_term_string"}}],"inLanguage":"fr-FR"},{"@type":"Organization","@id":"https:\/\/www.sani-spa.fr\/collection\/#organization","name":"Sani Spa Collection","url":"https:\/\/www.sani-spa.fr\/collection\/","logo":{"@type":"ImageObject","inLanguage":"fr-FR","@id":"https:\/\/www.sani-spa.fr\/collection\/#\/schema\/logo\/image\/","url":"https:\/\/www.sani-spa.fr\/collection\/wp-collection\/uploads\/2017\/10\/logo-sani-spa-collection.png","contentUrl":"https:\/\/www.sani-spa.fr\/collection\/wp-collection\/uploads\/2017\/10\/logo-sani-spa-collection.png","width":231,"height":54,"caption":"Sani Spa Collection"},"image":{"@id":"https:\/\/www.sani-spa.fr\/collection\/#\/schema\/logo\/image\/"},"sameAs":["https:\/\/www.facebook.com\/sarlsanispa"]}]}},"jetpack_sharing_enabled":true,"_links":{"self":[{"href":"https:\/\/www.sani-spa.fr\/collection\/wp-json\/wp\/v2\/product\/756","targetHints":{"allow":["GET"]}}],"collection":[{"href":"https:\/\/www.sani-spa.fr\/collection\/wp-json\/wp\/v2\/product"}],"about":[{"href":"https:\/\/www.sani-spa.fr\/collection\/wp-json\/wp\/v2\/types\/product"}],"replies":[{"embeddable":true,"href":"https:\/\/www.sani-spa.fr\/collection\/wp-json\/wp\/v2\/comments?post=756"}],"wp:featuredmedia":[{"embeddable":true,"href":"https:\/\/www.sani-spa.fr\/collection\/wp-json\/wp\/v2\/media\/757"}],"wp:attachment":[{"href":"https:\/\/www.sani-spa.fr\/collection\/wp-json\/wp\/v2\/media?parent=756"}],"wp:term":[{"taxonomy":"product_brand","embeddable":true,"href":"https:\/\/www.sani-spa.fr\/collection\/wp-json\/wp\/v2\/product_brand?post=756"},{"taxonomy":"product_cat","embeddable":true,"href":"https:\/\/www.sani-spa.fr\/collection\/wp-json\/wp\/v2\/product_cat?post=756"},{"taxonomy":"product_tag","embeddable":true,"href":"https:\/\/www.sani-spa.fr\/collection\/wp-json\/wp\/v2\/product_tag?post=756"}],"curies":[{"name":"wp","href":"https:\/\/api.w.org\/{rel}","templated":true}]}}