{"id":772,"date":"2019-08-14T23:41:57","date_gmt":"2019-08-14T21:41:57","guid":{"rendered":"https:\/\/www.sani-spa.fr\/collection\/?post_type=product&#038;p=772"},"modified":"2025-07-10T13:43:13","modified_gmt":"2025-07-10T11:43:13","slug":"pompe-de-circulation-dh-1","status":"publish","type":"product","link":"https:\/\/www.sani-spa.fr\/collection\/produit\/pompe-de-circulation-dh-1\/","title":{"rendered":"Pompe de Circulation DH.1"},"content":{"rendered":"<p><strong>Pompe de circulation DH1.0 Lx Whirlpool<\/strong><br \/>\n1 HP &#8211; 0.75 kW<\/p>\n<ul>\n<li>Con\u00e7u pour une performance et un flow optimal<\/li>\n<li>Norme \u00e9tanch\u00e9it\u00e9 IPX5<\/li>\n<li>D\u00e9tecteur de surchauffe thermique pour pr\u00e9server et augmenter la dur\u00e9e de vie du moteur<\/li>\n<li>\u00c9quip\u00e9 d&#8217;un condensateur (Permet l&#8217;allumage \/ le d\u00e9clenchement des pompes)<\/li>\n<li>Accr\u00e9ditation normes Europ\u00e9ennes et Am\u00e9ricaines<\/li>\n<li>Mat\u00e9riel adapt\u00e9 pour spas et piscine<\/li>\n<\/ul>\n<table border=\"1\" width=\"100%\" cellspacing=\"0\" cellpadding=\"5\" align=\"\">\n<tbody>\n<tr>\n<td>Mod\u00e8le<\/td>\n<td>D\u00e9bit Max (Q) en l\/min<\/td>\n<td>Hmax (m)<\/td>\n<td>Puissance<br \/>\nkW<\/td>\n<td>Puissance<br \/>\nHP<\/td>\n<td>Poids (kg)<\/td>\n<\/tr>\n<tr align=\"left\" valign=\"middle\" bgcolor=\"#DFDFDF\">\n<td align=\"center\">\u00a0DH1.0<\/td>\n<td align=\"center\">\u00a0340<\/td>\n<td align=\"center\">\u00a010.5<\/td>\n<td align=\"center\">\u00a00.75<\/td>\n<td align=\"center\">\u00a01.0<\/td>\n<td align=\"center\">\u00a09.5<\/td>\n<\/tr>\n<\/tbody>\n<\/table>\n<p>Garantie 1 An<\/p>\n","protected":false},"excerpt":{"rendered":"<div id=\"ResumeItem\">\n<div class=\"texte_catalogue\"><strong>Pompe de circulation DH1.0 Lx Whirlpool<\/strong><br \/>\n1 HP &#8211; 0.75 kW<br \/>\nCon\u00e7u pour une performance et un flow optimal<\/div>\n<\/div>\n<div id=\"AttachmentItem\"><\/div>\n<div><\/div>\n<div id=\"AttributItem\"><b>Livr\u00e9 avec raccords de sortie 1&#8221; 1\/2 (48 mm int\u00e9rieur)<\/b><br \/>\nVous pouvez \u00e9galement r\u00e9utiliser vos anciens raccords de tuyauterie si ceux-ci sont encore fonctionnels.<\/div>\n<div><\/div>\n<div><b>La pompe est livr\u00e9e avec c\u00e2ble de connexion sans prise.<\/b>\u00a0Vous pouvez conserver votre ancien c\u00e2ble afin de connecter cette nouvelle pompe.<\/div>\n<div><\/div>\n","protected":false},"featured_media":773,"comment_status":"open","ping_status":"closed","template":"","meta":[],"product_brand":[],"product_cat":[18,25],"product_tag":[],"class_list":{"0":"post-772","1":"product","2":"type-product","3":"status-publish","4":"has-post-thumbnail","6":"product_cat-pieces-detachees","7":"product_cat-pompes-circulation","8":"product_shipping_class-pompes-de-circulation","10":"first","11":"instock","12":"sale","13":"taxable","14":"shipping-taxable","15":"purchasable","16":"product-type-simple"},"yoast_head":"<!-- This site is optimized with the Yoast SEO plugin v27.0 - https:\/\/yoast.com\/product\/yoast-seo-wordpress\/ -->\n<title>Pompe de Circulation DH.1 | Sani Spa Collection<\/title>\n<meta name=\"description\" content=\"Pompe de circulation mod\u00e8le DH1 compatible avec beaucoup de marques de spas ou spas de nage. Livraison partout en France.\" \/>\n<meta name=\"robots\" content=\"index, follow, max-snippet:-1, max-image-preview:large, max-video-preview:-1\" \/>\n<link rel=\"canonical\" href=\"https:\/\/www.sani-spa.fr\/collection\/produit\/pompe-de-circulation-dh-1\/\" \/>\n<meta property=\"og:locale\" content=\"fr_FR\" \/>\n<meta property=\"og:type\" content=\"article\" \/>\n<meta property=\"og:title\" content=\"Pompe de Circulation DH.1 | Sani Spa Collection\" \/>\n<meta property=\"og:description\" content=\"Pompe de circulation mod\u00e8le DH1 compatible avec beaucoup de marques de spas ou spas de nage. Livraison partout en France.\" \/>\n<meta property=\"og:url\" content=\"https:\/\/www.sani-spa.fr\/collection\/produit\/pompe-de-circulation-dh-1\/\" \/>\n<meta property=\"og:site_name\" content=\"Sani Spa Collection\" \/>\n<meta property=\"article:publisher\" content=\"https:\/\/www.facebook.com\/sarlsanispa\" \/>\n<meta property=\"article:modified_time\" content=\"2025-07-10T11:43:13+00:00\" \/>\n<meta property=\"og:image\" content=\"http:\/\/www.sani-spa.fr\/collection\/wp-collection\/uploads\/2019\/08\/DH1.jpg\" \/>\n\t<meta property=\"og:image:width\" content=\"600\" \/>\n\t<meta property=\"og:image:height\" content=\"600\" \/>\n\t<meta property=\"og:image:type\" content=\"image\/jpeg\" \/>\n<meta name=\"twitter:card\" content=\"summary_large_image\" \/>\n<meta name=\"twitter:label1\" content=\"Dur\u00e9e de lecture estim\u00e9e\" \/>\n\t<meta name=\"twitter:data1\" content=\"1 minute\" \/>\n<script type=\"application\/ld+json\" class=\"yoast-schema-graph\">{\"@context\":\"https:\/\/schema.org\",\"@graph\":[{\"@type\":\"WebPage\",\"@id\":\"https:\/\/www.sani-spa.fr\/collection\/produit\/pompe-de-circulation-dh-1\/\",\"url\":\"https:\/\/www.sani-spa.fr\/collection\/produit\/pompe-de-circulation-dh-1\/\",\"name\":\"Pompe de Circulation DH.1 | Sani Spa Collection\",\"isPartOf\":{\"@id\":\"https:\/\/www.sani-spa.fr\/collection\/#website\"},\"primaryImageOfPage\":{\"@id\":\"https:\/\/www.sani-spa.fr\/collection\/produit\/pompe-de-circulation-dh-1\/#primaryimage\"},\"image\":{\"@id\":\"https:\/\/www.sani-spa.fr\/collection\/produit\/pompe-de-circulation-dh-1\/#primaryimage\"},\"thumbnailUrl\":\"https:\/\/www.sani-spa.fr\/collection\/wp-collection\/uploads\/2019\/08\/DH1.jpg\",\"datePublished\":\"2019-08-14T21:41:57+00:00\",\"dateModified\":\"2025-07-10T11:43:13+00:00\",\"description\":\"Pompe de circulation mod\u00e8le DH1 compatible avec beaucoup de marques de spas ou spas de nage. Livraison partout en France.\",\"breadcrumb\":{\"@id\":\"https:\/\/www.sani-spa.fr\/collection\/produit\/pompe-de-circulation-dh-1\/#breadcrumb\"},\"inLanguage\":\"fr-FR\",\"potentialAction\":[{\"@type\":\"ReadAction\",\"target\":[\"https:\/\/www.sani-spa.fr\/collection\/produit\/pompe-de-circulation-dh-1\/\"]}]},{\"@type\":\"ImageObject\",\"inLanguage\":\"fr-FR\",\"@id\":\"https:\/\/www.sani-spa.fr\/collection\/produit\/pompe-de-circulation-dh-1\/#primaryimage\",\"url\":\"https:\/\/www.sani-spa.fr\/collection\/wp-collection\/uploads\/2019\/08\/DH1.jpg\",\"contentUrl\":\"https:\/\/www.sani-spa.fr\/collection\/wp-collection\/uploads\/2019\/08\/DH1.jpg\",\"width\":600,\"height\":600},{\"@type\":\"BreadcrumbList\",\"@id\":\"https:\/\/www.sani-spa.fr\/collection\/produit\/pompe-de-circulation-dh-1\/#breadcrumb\",\"itemListElement\":[{\"@type\":\"ListItem\",\"position\":1,\"name\":\"Accueil\",\"item\":\"https:\/\/www.sani-spa.fr\/collection\/\"},{\"@type\":\"ListItem\",\"position\":2,\"name\":\"Sani Spa CollectionPi\u00e8ces D\u00e9tach\u00e9es &amp; Accessoires pour Spas\",\"item\":\"https:\/\/www.sani-spa.fr\/collection\/\"},{\"@type\":\"ListItem\",\"position\":3,\"name\":\"Pompe de Circulation DH.1\"}]},{\"@type\":\"WebSite\",\"@id\":\"https:\/\/www.sani-spa.fr\/collection\/#website\",\"url\":\"https:\/\/www.sani-spa.fr\/collection\/\",\"name\":\"Sani Spa Collection\",\"description\":\"Boutique spas &amp; accessoires spa\",\"publisher\":{\"@id\":\"https:\/\/www.sani-spa.fr\/collection\/#organization\"},\"potentialAction\":[{\"@type\":\"SearchAction\",\"target\":{\"@type\":\"EntryPoint\",\"urlTemplate\":\"https:\/\/www.sani-spa.fr\/collection\/?s={search_term_string}\"},\"query-input\":{\"@type\":\"PropertyValueSpecification\",\"valueRequired\":true,\"valueName\":\"search_term_string\"}}],\"inLanguage\":\"fr-FR\"},{\"@type\":\"Organization\",\"@id\":\"https:\/\/www.sani-spa.fr\/collection\/#organization\",\"name\":\"Sani Spa Collection\",\"url\":\"https:\/\/www.sani-spa.fr\/collection\/\",\"logo\":{\"@type\":\"ImageObject\",\"inLanguage\":\"fr-FR\",\"@id\":\"https:\/\/www.sani-spa.fr\/collection\/#\/schema\/logo\/image\/\",\"url\":\"https:\/\/www.sani-spa.fr\/collection\/wp-collection\/uploads\/2017\/10\/logo-sani-spa-collection.png\",\"contentUrl\":\"https:\/\/www.sani-spa.fr\/collection\/wp-collection\/uploads\/2017\/10\/logo-sani-spa-collection.png\",\"width\":231,\"height\":54,\"caption\":\"Sani Spa Collection\"},\"image\":{\"@id\":\"https:\/\/www.sani-spa.fr\/collection\/#\/schema\/logo\/image\/\"},\"sameAs\":[\"https:\/\/www.facebook.com\/sarlsanispa\"]}]}<\/script>\n<!-- \/ Yoast SEO plugin. -->","yoast_head_json":{"title":"Pompe de Circulation DH.1 | Sani Spa Collection","description":"Pompe de circulation mod\u00e8le DH1 compatible avec beaucoup de marques de spas ou spas de nage. Livraison partout en France.","robots":{"index":"index","follow":"follow","max-snippet":"max-snippet:-1","max-image-preview":"max-image-preview:large","max-video-preview":"max-video-preview:-1"},"canonical":"https:\/\/www.sani-spa.fr\/collection\/produit\/pompe-de-circulation-dh-1\/","og_locale":"fr_FR","og_type":"article","og_title":"Pompe de Circulation DH.1 | Sani Spa Collection","og_description":"Pompe de circulation mod\u00e8le DH1 compatible avec beaucoup de marques de spas ou spas de nage. Livraison partout en France.","og_url":"https:\/\/www.sani-spa.fr\/collection\/produit\/pompe-de-circulation-dh-1\/","og_site_name":"Sani Spa Collection","article_publisher":"https:\/\/www.facebook.com\/sarlsanispa","article_modified_time":"2025-07-10T11:43:13+00:00","og_image":[{"width":600,"height":600,"url":"http:\/\/www.sani-spa.fr\/collection\/wp-collection\/uploads\/2019\/08\/DH1.jpg","type":"image\/jpeg"}],"twitter_card":"summary_large_image","twitter_misc":{"Dur\u00e9e de lecture estim\u00e9e":"1 minute"},"schema":{"@context":"https:\/\/schema.org","@graph":[{"@type":"WebPage","@id":"https:\/\/www.sani-spa.fr\/collection\/produit\/pompe-de-circulation-dh-1\/","url":"https:\/\/www.sani-spa.fr\/collection\/produit\/pompe-de-circulation-dh-1\/","name":"Pompe de Circulation DH.1 | Sani Spa Collection","isPartOf":{"@id":"https:\/\/www.sani-spa.fr\/collection\/#website"},"primaryImageOfPage":{"@id":"https:\/\/www.sani-spa.fr\/collection\/produit\/pompe-de-circulation-dh-1\/#primaryimage"},"image":{"@id":"https:\/\/www.sani-spa.fr\/collection\/produit\/pompe-de-circulation-dh-1\/#primaryimage"},"thumbnailUrl":"https:\/\/www.sani-spa.fr\/collection\/wp-collection\/uploads\/2019\/08\/DH1.jpg","datePublished":"2019-08-14T21:41:57+00:00","dateModified":"2025-07-10T11:43:13+00:00","description":"Pompe de circulation mod\u00e8le DH1 compatible avec beaucoup de marques de spas ou spas de nage. Livraison partout en France.","breadcrumb":{"@id":"https:\/\/www.sani-spa.fr\/collection\/produit\/pompe-de-circulation-dh-1\/#breadcrumb"},"inLanguage":"fr-FR","potentialAction":[{"@type":"ReadAction","target":["https:\/\/www.sani-spa.fr\/collection\/produit\/pompe-de-circulation-dh-1\/"]}]},{"@type":"ImageObject","inLanguage":"fr-FR","@id":"https:\/\/www.sani-spa.fr\/collection\/produit\/pompe-de-circulation-dh-1\/#primaryimage","url":"https:\/\/www.sani-spa.fr\/collection\/wp-collection\/uploads\/2019\/08\/DH1.jpg","contentUrl":"https:\/\/www.sani-spa.fr\/collection\/wp-collection\/uploads\/2019\/08\/DH1.jpg","width":600,"height":600},{"@type":"BreadcrumbList","@id":"https:\/\/www.sani-spa.fr\/collection\/produit\/pompe-de-circulation-dh-1\/#breadcrumb","itemListElement":[{"@type":"ListItem","position":1,"name":"Accueil","item":"https:\/\/www.sani-spa.fr\/collection\/"},{"@type":"ListItem","position":2,"name":"Sani Spa CollectionPi\u00e8ces D\u00e9tach\u00e9es &amp; Accessoires pour Spas","item":"https:\/\/www.sani-spa.fr\/collection\/"},{"@type":"ListItem","position":3,"name":"Pompe de Circulation DH.1"}]},{"@type":"WebSite","@id":"https:\/\/www.sani-spa.fr\/collection\/#website","url":"https:\/\/www.sani-spa.fr\/collection\/","name":"Sani Spa Collection","description":"Boutique spas &amp; accessoires spa","publisher":{"@id":"https:\/\/www.sani-spa.fr\/collection\/#organization"},"potentialAction":[{"@type":"SearchAction","target":{"@type":"EntryPoint","urlTemplate":"https:\/\/www.sani-spa.fr\/collection\/?s={search_term_string}"},"query-input":{"@type":"PropertyValueSpecification","valueRequired":true,"valueName":"search_term_string"}}],"inLanguage":"fr-FR"},{"@type":"Organization","@id":"https:\/\/www.sani-spa.fr\/collection\/#organization","name":"Sani Spa Collection","url":"https:\/\/www.sani-spa.fr\/collection\/","logo":{"@type":"ImageObject","inLanguage":"fr-FR","@id":"https:\/\/www.sani-spa.fr\/collection\/#\/schema\/logo\/image\/","url":"https:\/\/www.sani-spa.fr\/collection\/wp-collection\/uploads\/2017\/10\/logo-sani-spa-collection.png","contentUrl":"https:\/\/www.sani-spa.fr\/collection\/wp-collection\/uploads\/2017\/10\/logo-sani-spa-collection.png","width":231,"height":54,"caption":"Sani Spa Collection"},"image":{"@id":"https:\/\/www.sani-spa.fr\/collection\/#\/schema\/logo\/image\/"},"sameAs":["https:\/\/www.facebook.com\/sarlsanispa"]}]}},"jetpack_sharing_enabled":true,"_links":{"self":[{"href":"https:\/\/www.sani-spa.fr\/collection\/wp-json\/wp\/v2\/product\/772","targetHints":{"allow":["GET"]}}],"collection":[{"href":"https:\/\/www.sani-spa.fr\/collection\/wp-json\/wp\/v2\/product"}],"about":[{"href":"https:\/\/www.sani-spa.fr\/collection\/wp-json\/wp\/v2\/types\/product"}],"replies":[{"embeddable":true,"href":"https:\/\/www.sani-spa.fr\/collection\/wp-json\/wp\/v2\/comments?post=772"}],"wp:featuredmedia":[{"embeddable":true,"href":"https:\/\/www.sani-spa.fr\/collection\/wp-json\/wp\/v2\/media\/773"}],"wp:attachment":[{"href":"https:\/\/www.sani-spa.fr\/collection\/wp-json\/wp\/v2\/media?parent=772"}],"wp:term":[{"taxonomy":"product_brand","embeddable":true,"href":"https:\/\/www.sani-spa.fr\/collection\/wp-json\/wp\/v2\/product_brand?post=772"},{"taxonomy":"product_cat","embeddable":true,"href":"https:\/\/www.sani-spa.fr\/collection\/wp-json\/wp\/v2\/product_cat?post=772"},{"taxonomy":"product_tag","embeddable":true,"href":"https:\/\/www.sani-spa.fr\/collection\/wp-json\/wp\/v2\/product_tag?post=772"}],"curies":[{"name":"wp","href":"https:\/\/api.w.org\/{rel}","templated":true}]}}