{"id":779,"date":"2019-08-15T00:16:42","date_gmt":"2019-08-14T22:16:42","guid":{"rendered":"https:\/\/www.sani-spa.fr\/collection\/?post_type=product&#038;p=779"},"modified":"2024-06-14T00:43:13","modified_gmt":"2024-06-13T22:43:13","slug":"boitier-balboa-bp2100g1-avec-rechauffeur","status":"publish","type":"product","link":"https:\/\/www.sani-spa.fr\/collection\/produit\/boitier-balboa-bp2100g1-avec-rechauffeur\/","title":{"rendered":"Boitier Balboa BP2100G1 avec R\u00e9chauffeur"},"content":{"rendered":"<p><b>Boitier Balboa BP2100G1 Compatbile pompe <\/b><strong>\u00e0<\/strong><b> chaleur CZM8 avec <a href=\"https:\/\/www.sani-spa.fr\/collection\/produit\/rechauffeur-balboa-3-kw-pour-boitier-bp\/\">R\u00e9chauffeur<\/a><\/b><\/p>\n<div><strong>\u00c9quip\u00e9 d&#8217;un r\u00e9chauffeur de 3kW ou 2kW<\/strong><\/div>\n<div><strong>Boitier de contr\u00f4le triphas\u00e9<\/strong><\/div>\n<div><\/div>\n<div><strong><a href=\"https:\/\/www.sani-spa.fr\/collection\/produit\/module-wifi-balboa\/\">Module WIFI<\/a> disponible pour le contr\u00f4le \u00e0 distance<\/strong><\/div>\n<p><strong>La s\u00e9rie BP de Balboa instruments int\u00e8gre un nouveau module de gestion \u00e9lectronique beaucoup plus performant.<br \/>\nCapable \u00e9galement de prendre en charge un <a href=\"https:\/\/www.sani-spa.fr\/collection\/produit\/rechauffeur-balboa-3-kw-pour-boitier-bp\/\">r\u00e9chauffeur<\/a> de plus de 3kW, Balboa Instrument a une fois de plus exprim\u00e9 son statut de leader dans la qualit\u00e9 de ces syst\u00e8mes de contr\u00f4les.<br \/>\nSon exceptionnelle souplesse de fonctions la place au rang des produits haut de gamme en termes de performances.<br \/>\nLa technologie de ses<a href=\"https:\/\/www.sani-spa.fr\/collection\/produit\/sondes-balboa-m7-30cm\/\"> sondes M7<\/a> a \u00e9t\u00e9 repens\u00e9e, dot\u00e9e\u00a0 maintenant d&#8217;un microprocesseur d\u00e9di\u00e9 \u00e0 la gestion de la temp\u00e9rature, celle-ci enclenchera directement la s\u00e9curit\u00e9 pour \u00e9viter toutes surchauffes \u00e9ventuelles.<\/strong><\/p>\n<p>&nbsp;<\/p>\n<table width=\"585\">\n<tbody>\n<tr>\n<td width=\"113\"><strong>Description<\/strong><\/td>\n<td width=\"76\"><strong>Pompe 1<\/strong><\/td>\n<td width=\"76\"><strong>Pompe 2\u00a0<\/strong><\/td>\n<td width=\"76\"><strong>Pompe 3\u00a0<\/strong><\/td>\n<td width=\"84\"><strong><a href=\"https:\/\/www.sani-spa.fr\/collection\/categorie-produit\/pieces-detachees\/pompes-circulation\/\">Pompe de circulation<\/a>\u00a0<\/strong><\/td>\n<td><strong><a href=\"https:\/\/www.sani-spa.fr\/collection\/categorie-produit\/pieces-detachees\/blower\/\">Blower<\/a>\u00a0<\/strong><\/td>\n<td width=\"90\"><strong>R\u00e9chauffeur<\/strong><\/td>\n<\/tr>\n<tr>\n<td width=\"113\">Syst\u00e8me BALBOA BP2100G1<\/td>\n<td width=\"76\">2 vitesses<\/td>\n<td width=\"76\">2 vitesses<\/td>\n<td width=\"76\">\u00a02 vitesses<\/td>\n<td width=\"84\">\u00a0220V<\/td>\n<td>\u00a0220V<\/td>\n<td width=\"90\">3.0 kW 230V 800inc<\/p>\n<p>2.0 kW 230V 800inc<\/td>\n<\/tr>\n<\/tbody>\n<\/table>\n<p>&nbsp;<\/p>\n<p><strong>Claviers compatibles : <a href=\"https:\/\/www.sani-spa.fr\/collection\/produit\/clavier-de-controle-balboa-tp800\/\">TP800<\/a>\/<a href=\"https:\/\/www.sani-spa.fr\/collection\/produit\/clavier-de-controle-balboa-tp900\/\">TP900<\/a>\/<a href=\"https:\/\/www.sani-spa.fr\/collection\/produit\/clavier-de-commande-balboa-tp600\/\">TP600<\/a>\/<a href=\"https:\/\/www.sani-spa.fr\/collection\/produit\/clavier-de-commande-spatouch\/\">SpaTouch<\/a><\/strong><\/p>\n<p><strong>\u00a0<\/strong><\/p>\n<p><strong>Garantie 1 An<\/strong><\/p>\n","protected":false},"excerpt":{"rendered":"<p><b>Boitier \u00e9lectronique triphas\u00e9 r\u00e9chauffeur BP2100G1<\/b><br \/>\nBoitier de contr\u00f4le triphas\u00e9 ou monophas\u00e9 (vois sch\u00e9mas)<\/p>\n<p>\u00c9quip\u00e9 d&#8217;un r\u00e9chauffeur de 3kW ou 2kW<br \/>\nModule WIFI disponible pour le contr\u00f4le \u00e0 distance<\/p>\n<p><b>NOUVELLES FONCTIONNALIT\u00c9S<\/b><\/p>\n<table style=\"height: 59px;\" width=\"1168\" cellspacing=\"0\" cellpadding=\"5\" align=\"\">\n<tbody>\n<tr>\n<td><i><i><b>Connexion du r\u00e9chauffeur \u00e0 la carte \u00e9lectronique simplifi\u00e9e et\u00a0<\/b><\/i><\/i><em><b style=\"font-family: inherit; font-size: inherit;\">Possibilit\u00e9 d&#8217;int\u00e9grer un module WI-FI pour le contr\u00f4le \u00e0 distance.<\/b><\/em><\/td>\n<\/tr>\n<\/tbody>\n<\/table>\n<p>&nbsp;<\/p>\n<p style=\"text-align: right;\"><img fetchpriority=\"high\" decoding=\"async\" class=\"wp-image-780 aligncenter\" src=\"https:\/\/www.sani-spa.fr\/collection\/wp-collection\/uploads\/2019\/08\/image-11.png\" alt=\"\" width=\"321\" height=\"321\" srcset=\"https:\/\/www.sani-spa.fr\/collection\/wp-collection\/uploads\/2019\/08\/image-11.png 400w, https:\/\/www.sani-spa.fr\/collection\/wp-collection\/uploads\/2019\/08\/image-11-324x324.png 324w, https:\/\/www.sani-spa.fr\/collection\/wp-collection\/uploads\/2019\/08\/image-11-100x100.png 100w, https:\/\/www.sani-spa.fr\/collection\/wp-collection\/uploads\/2019\/08\/image-11-150x150.png 150w, https:\/\/www.sani-spa.fr\/collection\/wp-collection\/uploads\/2019\/08\/image-11-300x300.png 300w, https:\/\/www.sani-spa.fr\/collection\/wp-collection\/uploads\/2019\/08\/image-11-180x180.png 180w\" sizes=\"(max-width: 321px) 100vw, 321px\" \/><br \/>\n<img decoding=\"async\" class=\"wp-image-781 aligncenter\" src=\"https:\/\/www.sani-spa.fr\/collection\/wp-collection\/uploads\/2019\/08\/image-12.png\" alt=\"\" width=\"669\" height=\"164\" srcset=\"https:\/\/www.sani-spa.fr\/collection\/wp-collection\/uploads\/2019\/08\/image-12.png 799w, https:\/\/www.sani-spa.fr\/collection\/wp-collection\/uploads\/2019\/08\/image-12-416x102.png 416w, https:\/\/www.sani-spa.fr\/collection\/wp-collection\/uploads\/2019\/08\/image-12-300x74.png 300w, https:\/\/www.sani-spa.fr\/collection\/wp-collection\/uploads\/2019\/08\/image-12-768x188.png 768w\" sizes=\"(max-width: 669px) 100vw, 669px\" \/><\/p>\n","protected":false},"featured_media":782,"comment_status":"open","ping_status":"closed","template":"","meta":[],"product_brand":[],"product_cat":[18,44],"product_tag":[],"class_list":{"0":"post-779","1":"product","2":"type-product","3":"status-publish","4":"has-post-thumbnail","6":"product_cat-pieces-detachees","7":"product_cat-packs-complets","8":"product_shipping_class-boitier-de-controle-complet","10":"first","11":"instock","12":"featured","13":"taxable","14":"shipping-taxable","15":"purchasable","16":"product-type-simple"},"yoast_head":"<!-- This site is optimized with the Yoast SEO plugin v27.0 - https:\/\/yoast.com\/product\/yoast-seo-wordpress\/ -->\n<title>Boitier Balboa BP2100G1 avec R\u00e9chauffeur | Sani Spa Collection<\/title>\n<meta name=\"robots\" content=\"index, follow, max-snippet:-1, max-image-preview:large, max-video-preview:-1\" \/>\n<link rel=\"canonical\" href=\"https:\/\/www.sani-spa.fr\/collection\/produit\/boitier-balboa-bp2100g1-avec-rechauffeur\/\" \/>\n<meta property=\"og:locale\" content=\"fr_FR\" \/>\n<meta property=\"og:type\" content=\"article\" \/>\n<meta property=\"og:title\" content=\"Boitier Balboa BP2100G1 avec R\u00e9chauffeur | Sani Spa Collection\" \/>\n<meta property=\"og:description\" content=\"Boitier \u00e9lectronique triphas\u00e9 r\u00e9chauffeur BP2100G1 Boitier de contr\u00f4le triphas\u00e9 ou monophas\u00e9 (vois sch\u00e9mas)  \u00c9quip\u00e9 d&#039;un r\u00e9chauffeur de 3kW ou 2kW Module WIFI disponible pour le contr\u00f4le \u00e0 distance  NOUVELLES FONCTIONNALIT\u00c9S    Connexion du r\u00e9chauffeur \u00e0 la carte \u00e9lectronique simplifi\u00e9e et\u00a0Possibilit\u00e9 d&#039;int\u00e9grer un module WI-FI pour le contr\u00f4le \u00e0 distance.    &nbsp;\" \/>\n<meta property=\"og:url\" content=\"https:\/\/www.sani-spa.fr\/collection\/produit\/boitier-balboa-bp2100g1-avec-rechauffeur\/\" \/>\n<meta property=\"og:site_name\" content=\"Sani Spa Collection\" \/>\n<meta property=\"article:publisher\" content=\"https:\/\/www.facebook.com\/sarlsanispa\" \/>\n<meta property=\"article:modified_time\" content=\"2024-06-13T22:43:13+00:00\" \/>\n<meta property=\"og:image\" content=\"http:\/\/www.sani-spa.fr\/collection\/wp-collection\/uploads\/2019\/08\/boitier-balboa-bp2100-z.jpg\" \/>\n\t<meta property=\"og:image:width\" content=\"600\" \/>\n\t<meta property=\"og:image:height\" content=\"600\" \/>\n\t<meta property=\"og:image:type\" content=\"image\/jpeg\" \/>\n<meta name=\"twitter:card\" content=\"summary_large_image\" \/>\n<meta name=\"twitter:label1\" content=\"Dur\u00e9e de lecture estim\u00e9e\" \/>\n\t<meta name=\"twitter:data1\" content=\"2 minutes\" \/>\n<script type=\"application\/ld+json\" class=\"yoast-schema-graph\">{\"@context\":\"https:\/\/schema.org\",\"@graph\":[{\"@type\":\"WebPage\",\"@id\":\"https:\/\/www.sani-spa.fr\/collection\/produit\/boitier-balboa-bp2100g1-avec-rechauffeur\/\",\"url\":\"https:\/\/www.sani-spa.fr\/collection\/produit\/boitier-balboa-bp2100g1-avec-rechauffeur\/\",\"name\":\"Boitier Balboa BP2100G1 avec R\u00e9chauffeur | Sani Spa Collection\",\"isPartOf\":{\"@id\":\"https:\/\/www.sani-spa.fr\/collection\/#website\"},\"primaryImageOfPage\":{\"@id\":\"https:\/\/www.sani-spa.fr\/collection\/produit\/boitier-balboa-bp2100g1-avec-rechauffeur\/#primaryimage\"},\"image\":{\"@id\":\"https:\/\/www.sani-spa.fr\/collection\/produit\/boitier-balboa-bp2100g1-avec-rechauffeur\/#primaryimage\"},\"thumbnailUrl\":\"https:\/\/www.sani-spa.fr\/collection\/wp-collection\/uploads\/2019\/08\/boitier-balboa-bp2100-z.jpg\",\"datePublished\":\"2019-08-14T22:16:42+00:00\",\"dateModified\":\"2024-06-13T22:43:13+00:00\",\"breadcrumb\":{\"@id\":\"https:\/\/www.sani-spa.fr\/collection\/produit\/boitier-balboa-bp2100g1-avec-rechauffeur\/#breadcrumb\"},\"inLanguage\":\"fr-FR\",\"potentialAction\":[{\"@type\":\"ReadAction\",\"target\":[\"https:\/\/www.sani-spa.fr\/collection\/produit\/boitier-balboa-bp2100g1-avec-rechauffeur\/\"]}]},{\"@type\":\"ImageObject\",\"inLanguage\":\"fr-FR\",\"@id\":\"https:\/\/www.sani-spa.fr\/collection\/produit\/boitier-balboa-bp2100g1-avec-rechauffeur\/#primaryimage\",\"url\":\"https:\/\/www.sani-spa.fr\/collection\/wp-collection\/uploads\/2019\/08\/boitier-balboa-bp2100-z.jpg\",\"contentUrl\":\"https:\/\/www.sani-spa.fr\/collection\/wp-collection\/uploads\/2019\/08\/boitier-balboa-bp2100-z.jpg\",\"width\":600,\"height\":600},{\"@type\":\"BreadcrumbList\",\"@id\":\"https:\/\/www.sani-spa.fr\/collection\/produit\/boitier-balboa-bp2100g1-avec-rechauffeur\/#breadcrumb\",\"itemListElement\":[{\"@type\":\"ListItem\",\"position\":1,\"name\":\"Accueil\",\"item\":\"https:\/\/www.sani-spa.fr\/collection\/\"},{\"@type\":\"ListItem\",\"position\":2,\"name\":\"Sani Spa CollectionPi\u00e8ces D\u00e9tach\u00e9es &amp; Accessoires pour Spas\",\"item\":\"https:\/\/www.sani-spa.fr\/collection\/\"},{\"@type\":\"ListItem\",\"position\":3,\"name\":\"Boitier Balboa BP2100G1 avec R\u00e9chauffeur\"}]},{\"@type\":\"WebSite\",\"@id\":\"https:\/\/www.sani-spa.fr\/collection\/#website\",\"url\":\"https:\/\/www.sani-spa.fr\/collection\/\",\"name\":\"Sani Spa Collection\",\"description\":\"Boutique spas &amp; accessoires spa\",\"publisher\":{\"@id\":\"https:\/\/www.sani-spa.fr\/collection\/#organization\"},\"potentialAction\":[{\"@type\":\"SearchAction\",\"target\":{\"@type\":\"EntryPoint\",\"urlTemplate\":\"https:\/\/www.sani-spa.fr\/collection\/?s={search_term_string}\"},\"query-input\":{\"@type\":\"PropertyValueSpecification\",\"valueRequired\":true,\"valueName\":\"search_term_string\"}}],\"inLanguage\":\"fr-FR\"},{\"@type\":\"Organization\",\"@id\":\"https:\/\/www.sani-spa.fr\/collection\/#organization\",\"name\":\"Sani Spa Collection\",\"url\":\"https:\/\/www.sani-spa.fr\/collection\/\",\"logo\":{\"@type\":\"ImageObject\",\"inLanguage\":\"fr-FR\",\"@id\":\"https:\/\/www.sani-spa.fr\/collection\/#\/schema\/logo\/image\/\",\"url\":\"https:\/\/www.sani-spa.fr\/collection\/wp-collection\/uploads\/2017\/10\/logo-sani-spa-collection.png\",\"contentUrl\":\"https:\/\/www.sani-spa.fr\/collection\/wp-collection\/uploads\/2017\/10\/logo-sani-spa-collection.png\",\"width\":231,\"height\":54,\"caption\":\"Sani Spa Collection\"},\"image\":{\"@id\":\"https:\/\/www.sani-spa.fr\/collection\/#\/schema\/logo\/image\/\"},\"sameAs\":[\"https:\/\/www.facebook.com\/sarlsanispa\"]}]}<\/script>\n<!-- \/ Yoast SEO plugin. -->","yoast_head_json":{"title":"Boitier Balboa BP2100G1 avec R\u00e9chauffeur | Sani Spa Collection","robots":{"index":"index","follow":"follow","max-snippet":"max-snippet:-1","max-image-preview":"max-image-preview:large","max-video-preview":"max-video-preview:-1"},"canonical":"https:\/\/www.sani-spa.fr\/collection\/produit\/boitier-balboa-bp2100g1-avec-rechauffeur\/","og_locale":"fr_FR","og_type":"article","og_title":"Boitier Balboa BP2100G1 avec R\u00e9chauffeur | Sani Spa Collection","og_description":"Boitier \u00e9lectronique triphas\u00e9 r\u00e9chauffeur BP2100G1 Boitier de contr\u00f4le triphas\u00e9 ou monophas\u00e9 (vois sch\u00e9mas)  \u00c9quip\u00e9 d'un r\u00e9chauffeur de 3kW ou 2kW Module WIFI disponible pour le contr\u00f4le \u00e0 distance  NOUVELLES FONCTIONNALIT\u00c9S    Connexion du r\u00e9chauffeur \u00e0 la carte \u00e9lectronique simplifi\u00e9e et\u00a0Possibilit\u00e9 d'int\u00e9grer un module WI-FI pour le contr\u00f4le \u00e0 distance.    &nbsp;","og_url":"https:\/\/www.sani-spa.fr\/collection\/produit\/boitier-balboa-bp2100g1-avec-rechauffeur\/","og_site_name":"Sani Spa Collection","article_publisher":"https:\/\/www.facebook.com\/sarlsanispa","article_modified_time":"2024-06-13T22:43:13+00:00","og_image":[{"width":600,"height":600,"url":"http:\/\/www.sani-spa.fr\/collection\/wp-collection\/uploads\/2019\/08\/boitier-balboa-bp2100-z.jpg","type":"image\/jpeg"}],"twitter_card":"summary_large_image","twitter_misc":{"Dur\u00e9e de lecture estim\u00e9e":"2 minutes"},"schema":{"@context":"https:\/\/schema.org","@graph":[{"@type":"WebPage","@id":"https:\/\/www.sani-spa.fr\/collection\/produit\/boitier-balboa-bp2100g1-avec-rechauffeur\/","url":"https:\/\/www.sani-spa.fr\/collection\/produit\/boitier-balboa-bp2100g1-avec-rechauffeur\/","name":"Boitier Balboa BP2100G1 avec R\u00e9chauffeur | Sani Spa Collection","isPartOf":{"@id":"https:\/\/www.sani-spa.fr\/collection\/#website"},"primaryImageOfPage":{"@id":"https:\/\/www.sani-spa.fr\/collection\/produit\/boitier-balboa-bp2100g1-avec-rechauffeur\/#primaryimage"},"image":{"@id":"https:\/\/www.sani-spa.fr\/collection\/produit\/boitier-balboa-bp2100g1-avec-rechauffeur\/#primaryimage"},"thumbnailUrl":"https:\/\/www.sani-spa.fr\/collection\/wp-collection\/uploads\/2019\/08\/boitier-balboa-bp2100-z.jpg","datePublished":"2019-08-14T22:16:42+00:00","dateModified":"2024-06-13T22:43:13+00:00","breadcrumb":{"@id":"https:\/\/www.sani-spa.fr\/collection\/produit\/boitier-balboa-bp2100g1-avec-rechauffeur\/#breadcrumb"},"inLanguage":"fr-FR","potentialAction":[{"@type":"ReadAction","target":["https:\/\/www.sani-spa.fr\/collection\/produit\/boitier-balboa-bp2100g1-avec-rechauffeur\/"]}]},{"@type":"ImageObject","inLanguage":"fr-FR","@id":"https:\/\/www.sani-spa.fr\/collection\/produit\/boitier-balboa-bp2100g1-avec-rechauffeur\/#primaryimage","url":"https:\/\/www.sani-spa.fr\/collection\/wp-collection\/uploads\/2019\/08\/boitier-balboa-bp2100-z.jpg","contentUrl":"https:\/\/www.sani-spa.fr\/collection\/wp-collection\/uploads\/2019\/08\/boitier-balboa-bp2100-z.jpg","width":600,"height":600},{"@type":"BreadcrumbList","@id":"https:\/\/www.sani-spa.fr\/collection\/produit\/boitier-balboa-bp2100g1-avec-rechauffeur\/#breadcrumb","itemListElement":[{"@type":"ListItem","position":1,"name":"Accueil","item":"https:\/\/www.sani-spa.fr\/collection\/"},{"@type":"ListItem","position":2,"name":"Sani Spa CollectionPi\u00e8ces D\u00e9tach\u00e9es &amp; Accessoires pour Spas","item":"https:\/\/www.sani-spa.fr\/collection\/"},{"@type":"ListItem","position":3,"name":"Boitier Balboa BP2100G1 avec R\u00e9chauffeur"}]},{"@type":"WebSite","@id":"https:\/\/www.sani-spa.fr\/collection\/#website","url":"https:\/\/www.sani-spa.fr\/collection\/","name":"Sani Spa Collection","description":"Boutique spas &amp; accessoires spa","publisher":{"@id":"https:\/\/www.sani-spa.fr\/collection\/#organization"},"potentialAction":[{"@type":"SearchAction","target":{"@type":"EntryPoint","urlTemplate":"https:\/\/www.sani-spa.fr\/collection\/?s={search_term_string}"},"query-input":{"@type":"PropertyValueSpecification","valueRequired":true,"valueName":"search_term_string"}}],"inLanguage":"fr-FR"},{"@type":"Organization","@id":"https:\/\/www.sani-spa.fr\/collection\/#organization","name":"Sani Spa Collection","url":"https:\/\/www.sani-spa.fr\/collection\/","logo":{"@type":"ImageObject","inLanguage":"fr-FR","@id":"https:\/\/www.sani-spa.fr\/collection\/#\/schema\/logo\/image\/","url":"https:\/\/www.sani-spa.fr\/collection\/wp-collection\/uploads\/2017\/10\/logo-sani-spa-collection.png","contentUrl":"https:\/\/www.sani-spa.fr\/collection\/wp-collection\/uploads\/2017\/10\/logo-sani-spa-collection.png","width":231,"height":54,"caption":"Sani Spa Collection"},"image":{"@id":"https:\/\/www.sani-spa.fr\/collection\/#\/schema\/logo\/image\/"},"sameAs":["https:\/\/www.facebook.com\/sarlsanispa"]}]}},"jetpack_sharing_enabled":true,"_links":{"self":[{"href":"https:\/\/www.sani-spa.fr\/collection\/wp-json\/wp\/v2\/product\/779","targetHints":{"allow":["GET"]}}],"collection":[{"href":"https:\/\/www.sani-spa.fr\/collection\/wp-json\/wp\/v2\/product"}],"about":[{"href":"https:\/\/www.sani-spa.fr\/collection\/wp-json\/wp\/v2\/types\/product"}],"replies":[{"embeddable":true,"href":"https:\/\/www.sani-spa.fr\/collection\/wp-json\/wp\/v2\/comments?post=779"}],"wp:featuredmedia":[{"embeddable":true,"href":"https:\/\/www.sani-spa.fr\/collection\/wp-json\/wp\/v2\/media\/782"}],"wp:attachment":[{"href":"https:\/\/www.sani-spa.fr\/collection\/wp-json\/wp\/v2\/media?parent=779"}],"wp:term":[{"taxonomy":"product_brand","embeddable":true,"href":"https:\/\/www.sani-spa.fr\/collection\/wp-json\/wp\/v2\/product_brand?post=779"},{"taxonomy":"product_cat","embeddable":true,"href":"https:\/\/www.sani-spa.fr\/collection\/wp-json\/wp\/v2\/product_cat?post=779"},{"taxonomy":"product_tag","embeddable":true,"href":"https:\/\/www.sani-spa.fr\/collection\/wp-json\/wp\/v2\/product_tag?post=779"}],"curies":[{"name":"wp","href":"https:\/\/api.w.org\/{rel}","templated":true}]}}