{"id":784,"date":"2019-08-15T00:24:36","date_gmt":"2019-08-14T22:24:36","guid":{"rendered":"https:\/\/www.sani-spa.fr\/collection\/?post_type=product&#038;p=784"},"modified":"2024-06-13T23:45:09","modified_gmt":"2024-06-13T21:45:09","slug":"module-wifi-balboa","status":"publish","type":"product","link":"https:\/\/www.sani-spa.fr\/collection\/produit\/module-wifi-balboa\/","title":{"rendered":"Module Wifi Balboa"},"content":{"rendered":"<table width=\"990\" cellspacing=\"0\" cellpadding=\"5\" align=\"\">\n<tbody>\n<tr>\n<td><b>1- RESTEZ CONNECT\u00c9<\/b><\/td>\n<\/tr>\n<\/tbody>\n<\/table>\n<p>&nbsp;<\/p>\n<table border=\"1\" width=\"100%\" cellspacing=\"0\" cellpadding=\"5\" align=\"\">\n<tbody>\n<tr>\n<td><img fetchpriority=\"high\" decoding=\"async\" src=\"https:\/\/www.boospa.net\/site\/medias\/400X400-bwa-schema.jpg\" alt=\"Schema wi-fi balboa\" width=\"250\" height=\"250\" border=\"0\" hspace=\"0\" vspace=\"0\" \/><\/td>\n<td>Acc\u00e9dez \u00e0 l&#8217;int\u00e9gralit\u00e9 des fonctions de votre spa n&#8217;importe o\u00f9 gr\u00e2ce \u00e0 votre connexion internet et \u00e0 l&#8217;application Balboa.<\/p>\n<ul>\n<li>D\u00e9marrage des pompes<\/li>\n<li>D\u00e9marrage de la filtration<\/li>\n<li>Contr\u00f4le de la temp\u00e9rature<\/li>\n<li>R\u00e9glage de vos cycles de filtration<\/li>\n<li>Changement de mode de programmation<\/li>\n<\/ul>\n<p>&nbsp;<\/p>\n<p>Un pilotage complet n&#8217;importe o\u00f9, n&#8217;importe quand !<\/td>\n<\/tr>\n<\/tbody>\n<\/table>\n<p>&nbsp;<\/p>\n<table border=\"0\" width=\"990\" cellspacing=\"0\" cellpadding=\"5\" align=\"\">\n<tbody>\n<tr>\n<td><b>2- UNE APPLICATION INTELLIGENTE<\/b><\/td>\n<\/tr>\n<\/tbody>\n<\/table>\n<p>&nbsp;<\/p>\n<table border=\"1\" width=\"100%\" cellspacing=\"0\" cellpadding=\"5\" align=\"\">\n<tbody>\n<tr>\n<td><img decoding=\"async\" src=\"https:\/\/www.boospa.net\/site\/medias\/300X300-bwa.jpg\" alt=\"Application bwa\" width=\"250\" height=\"250\" border=\"0\" \/><\/td>\n<td>Des menus intuitifs pour une utilisation extr\u00eamement simple de votre Spa.<\/p>\n<ul>\n<li>1- \u00c9cran de connexion au spa<\/li>\n<li>2- \u00c9cran principal<\/li>\n<li>3- Menu de contr\u00f4le<\/li>\n<li>4- Option de contr\u00f4le<\/li>\n<li>5- Contr\u00f4le de connexion Wi-Fi<\/li>\n<li>6- Programmation de votre horloge<\/li>\n<li>7- \u00c9cran de contr\u00f4le des cycles de filtration<\/li>\n<li>8- Programmation des heures de filtration<\/li>\n<\/ul>\n<\/td>\n<\/tr>\n<\/tbody>\n<\/table>\n<p>&nbsp;<\/p>\n<table width=\"100%\" cellspacing=\"0\" cellpadding=\"5\" align=\"\">\n<tbody>\n<tr>\n<td><b>3- UNE INSTALLATION SIMPLE ET RAPIDE<\/b><\/td>\n<\/tr>\n<\/tbody>\n<\/table>\n<p>&nbsp;<\/p>\n<table border=\"1\" width=\"100%\" cellspacing=\"0\" cellpadding=\"5\" align=\"\">\n<tbody>\n<tr>\n<td><img decoding=\"async\" src=\"https:\/\/www.boospa.net\/site\/medias\/wifi-bp-control-box.jpg\" alt=\"schema installation wi-fi\" width=\"400\" border=\"0\" hspace=\"0\" vspace=\"0\" \/><\/td>\n<td>\n<ul>\n<li>T\u00e9l\u00e9chargez l&#8217;application BALBOA<\/li>\n<li>Connectez le module Wi-Fi \u00e0 votre clavier <a href=\"https:\/\/www.sani-spa.fr\/collection\/produit\/clavier-de-commande-balboa-tp600\/\">TP600<\/a>\/<a href=\"https:\/\/www.sani-spa.fr\/collection\/produit\/clavier-de-controle-balboa-tp800\/\">TP800<\/a>\/<a href=\"https:\/\/www.sani-spa.fr\/collection\/produit\/clavier-de-controle-balboa-tp900\/\">TP900<\/a> et \u00e0 votre boitier de contr\u00f4le <a href=\"https:\/\/www.sani-spa.fr\/collection\/produit\/carte-mere-balboa-bp6013-g2\/\">BP6013<\/a>\/<a href=\"https:\/\/www.sani-spa.fr\/collection\/produit\/pack-balboa-retrofit-kit-bp2100tp800\/\">BP2100<\/a>.<\/li>\n<\/ul>\n<\/td>\n<\/tr>\n<\/tbody>\n<\/table>\n","protected":false},"excerpt":{"rendered":"<p><b>Module Wi-Fi Balboa<\/b><br \/>\nAyez le Contr\u00f4le de votre Spa \u00e0 distance avec l&#8217;option Wifi<br \/>\nCompatible avec les boitiers de contr\u00f4le de la s\u00e9rie BP<\/p>\n<p>Aide au param\u00e9trage :<a href=\"https:\/\/www.youtube.com\/watch?v=TW2hdibSscA\">https:\/\/www.youtube.com\/watch?v=TW2hdibSscA<\/a><\/p>\n<p>&nbsp;<\/p>\n<p>Garantie 1 An<\/p>\n<p>Compatible avec les boitiers de s\u00e9rie BP Balboa : (BP2100\/BP600\/BP6013\/BP200)<\/p>\n","protected":false},"featured_media":785,"comment_status":"open","ping_status":"closed","template":"","meta":[],"product_brand":[],"product_cat":[18,105],"product_tag":[],"class_list":{"0":"post-784","1":"product","2":"type-product","3":"status-publish","4":"has-post-thumbnail","6":"product_cat-pieces-detachees","7":"product_cat-claviers-de-controle-coast-spas","8":"product_shipping_class-accessoires","10":"first","11":"instock","12":"taxable","13":"shipping-taxable","14":"purchasable","15":"product-type-simple"},"yoast_head":"<!-- This site is optimized with the Yoast SEO plugin v27.0 - https:\/\/yoast.com\/product\/yoast-seo-wordpress\/ -->\n<title>Module Wifi Balboa | Sani Spa Collection<\/title>\n<meta name=\"robots\" content=\"index, follow, max-snippet:-1, max-image-preview:large, max-video-preview:-1\" \/>\n<link rel=\"canonical\" href=\"https:\/\/www.sani-spa.fr\/collection\/produit\/module-wifi-balboa\/\" \/>\n<meta property=\"og:locale\" content=\"fr_FR\" \/>\n<meta property=\"og:type\" content=\"article\" \/>\n<meta property=\"og:title\" content=\"Module Wifi Balboa | Sani Spa Collection\" \/>\n<meta property=\"og:description\" content=\"Module Wi-Fi Balboa Ayez le Contr\u00f4le de votre Spa \u00e0 distance avec l&#039;option Wifi Compatible avec les boitiers de contr\u00f4le de la s\u00e9rie BP  Aide au param\u00e9trage :https:\/\/www.youtube.com\/watch?v=TW2hdibSscA  &nbsp;  Garantie 1 An  Compatible avec les boitiers de s\u00e9rie BP Balboa : (BP2100\/BP600\/BP6013\/BP200)\" \/>\n<meta property=\"og:url\" content=\"https:\/\/www.sani-spa.fr\/collection\/produit\/module-wifi-balboa\/\" \/>\n<meta property=\"og:site_name\" content=\"Sani Spa Collection\" \/>\n<meta property=\"article:publisher\" content=\"https:\/\/www.facebook.com\/sarlsanispa\" \/>\n<meta property=\"article:modified_time\" content=\"2024-06-13T21:45:09+00:00\" \/>\n<meta property=\"og:image\" content=\"http:\/\/www.sani-spa.fr\/collection\/wp-collection\/uploads\/2019\/08\/module-wi-fi-balboa.jpg\" \/>\n\t<meta property=\"og:image:width\" content=\"800\" \/>\n\t<meta property=\"og:image:height\" content=\"800\" \/>\n\t<meta property=\"og:image:type\" content=\"image\/jpeg\" \/>\n<meta name=\"twitter:card\" content=\"summary_large_image\" \/>\n<meta name=\"twitter:label1\" content=\"Dur\u00e9e de lecture estim\u00e9e\" \/>\n\t<meta name=\"twitter:data1\" content=\"1 minute\" \/>\n<script type=\"application\/ld+json\" class=\"yoast-schema-graph\">{\"@context\":\"https:\/\/schema.org\",\"@graph\":[{\"@type\":\"WebPage\",\"@id\":\"https:\/\/www.sani-spa.fr\/collection\/produit\/module-wifi-balboa\/\",\"url\":\"https:\/\/www.sani-spa.fr\/collection\/produit\/module-wifi-balboa\/\",\"name\":\"Module Wifi Balboa | Sani Spa Collection\",\"isPartOf\":{\"@id\":\"https:\/\/www.sani-spa.fr\/collection\/#website\"},\"primaryImageOfPage\":{\"@id\":\"https:\/\/www.sani-spa.fr\/collection\/produit\/module-wifi-balboa\/#primaryimage\"},\"image\":{\"@id\":\"https:\/\/www.sani-spa.fr\/collection\/produit\/module-wifi-balboa\/#primaryimage\"},\"thumbnailUrl\":\"https:\/\/www.sani-spa.fr\/collection\/wp-collection\/uploads\/2019\/08\/module-wi-fi-balboa.jpg\",\"datePublished\":\"2019-08-14T22:24:36+00:00\",\"dateModified\":\"2024-06-13T21:45:09+00:00\",\"breadcrumb\":{\"@id\":\"https:\/\/www.sani-spa.fr\/collection\/produit\/module-wifi-balboa\/#breadcrumb\"},\"inLanguage\":\"fr-FR\",\"potentialAction\":[{\"@type\":\"ReadAction\",\"target\":[\"https:\/\/www.sani-spa.fr\/collection\/produit\/module-wifi-balboa\/\"]}]},{\"@type\":\"ImageObject\",\"inLanguage\":\"fr-FR\",\"@id\":\"https:\/\/www.sani-spa.fr\/collection\/produit\/module-wifi-balboa\/#primaryimage\",\"url\":\"https:\/\/www.sani-spa.fr\/collection\/wp-collection\/uploads\/2019\/08\/module-wi-fi-balboa.jpg\",\"contentUrl\":\"https:\/\/www.sani-spa.fr\/collection\/wp-collection\/uploads\/2019\/08\/module-wi-fi-balboa.jpg\",\"width\":800,\"height\":800},{\"@type\":\"BreadcrumbList\",\"@id\":\"https:\/\/www.sani-spa.fr\/collection\/produit\/module-wifi-balboa\/#breadcrumb\",\"itemListElement\":[{\"@type\":\"ListItem\",\"position\":1,\"name\":\"Accueil\",\"item\":\"https:\/\/www.sani-spa.fr\/collection\/\"},{\"@type\":\"ListItem\",\"position\":2,\"name\":\"Sani Spa CollectionPi\u00e8ces D\u00e9tach\u00e9es &amp; Accessoires pour Spas\",\"item\":\"https:\/\/www.sani-spa.fr\/collection\/\"},{\"@type\":\"ListItem\",\"position\":3,\"name\":\"Module Wifi Balboa\"}]},{\"@type\":\"WebSite\",\"@id\":\"https:\/\/www.sani-spa.fr\/collection\/#website\",\"url\":\"https:\/\/www.sani-spa.fr\/collection\/\",\"name\":\"Sani Spa Collection\",\"description\":\"Boutique spas &amp; accessoires spa\",\"publisher\":{\"@id\":\"https:\/\/www.sani-spa.fr\/collection\/#organization\"},\"potentialAction\":[{\"@type\":\"SearchAction\",\"target\":{\"@type\":\"EntryPoint\",\"urlTemplate\":\"https:\/\/www.sani-spa.fr\/collection\/?s={search_term_string}\"},\"query-input\":{\"@type\":\"PropertyValueSpecification\",\"valueRequired\":true,\"valueName\":\"search_term_string\"}}],\"inLanguage\":\"fr-FR\"},{\"@type\":\"Organization\",\"@id\":\"https:\/\/www.sani-spa.fr\/collection\/#organization\",\"name\":\"Sani Spa Collection\",\"url\":\"https:\/\/www.sani-spa.fr\/collection\/\",\"logo\":{\"@type\":\"ImageObject\",\"inLanguage\":\"fr-FR\",\"@id\":\"https:\/\/www.sani-spa.fr\/collection\/#\/schema\/logo\/image\/\",\"url\":\"https:\/\/www.sani-spa.fr\/collection\/wp-collection\/uploads\/2017\/10\/logo-sani-spa-collection.png\",\"contentUrl\":\"https:\/\/www.sani-spa.fr\/collection\/wp-collection\/uploads\/2017\/10\/logo-sani-spa-collection.png\",\"width\":231,\"height\":54,\"caption\":\"Sani Spa Collection\"},\"image\":{\"@id\":\"https:\/\/www.sani-spa.fr\/collection\/#\/schema\/logo\/image\/\"},\"sameAs\":[\"https:\/\/www.facebook.com\/sarlsanispa\"]}]}<\/script>\n<!-- \/ Yoast SEO plugin. -->","yoast_head_json":{"title":"Module Wifi Balboa | Sani Spa Collection","robots":{"index":"index","follow":"follow","max-snippet":"max-snippet:-1","max-image-preview":"max-image-preview:large","max-video-preview":"max-video-preview:-1"},"canonical":"https:\/\/www.sani-spa.fr\/collection\/produit\/module-wifi-balboa\/","og_locale":"fr_FR","og_type":"article","og_title":"Module Wifi Balboa | Sani Spa Collection","og_description":"Module Wi-Fi Balboa Ayez le Contr\u00f4le de votre Spa \u00e0 distance avec l'option Wifi Compatible avec les boitiers de contr\u00f4le de la s\u00e9rie BP  Aide au param\u00e9trage :https:\/\/www.youtube.com\/watch?v=TW2hdibSscA  &nbsp;  Garantie 1 An  Compatible avec les boitiers de s\u00e9rie BP Balboa : (BP2100\/BP600\/BP6013\/BP200)","og_url":"https:\/\/www.sani-spa.fr\/collection\/produit\/module-wifi-balboa\/","og_site_name":"Sani Spa Collection","article_publisher":"https:\/\/www.facebook.com\/sarlsanispa","article_modified_time":"2024-06-13T21:45:09+00:00","og_image":[{"width":800,"height":800,"url":"http:\/\/www.sani-spa.fr\/collection\/wp-collection\/uploads\/2019\/08\/module-wi-fi-balboa.jpg","type":"image\/jpeg"}],"twitter_card":"summary_large_image","twitter_misc":{"Dur\u00e9e de lecture estim\u00e9e":"1 minute"},"schema":{"@context":"https:\/\/schema.org","@graph":[{"@type":"WebPage","@id":"https:\/\/www.sani-spa.fr\/collection\/produit\/module-wifi-balboa\/","url":"https:\/\/www.sani-spa.fr\/collection\/produit\/module-wifi-balboa\/","name":"Module Wifi Balboa | Sani Spa Collection","isPartOf":{"@id":"https:\/\/www.sani-spa.fr\/collection\/#website"},"primaryImageOfPage":{"@id":"https:\/\/www.sani-spa.fr\/collection\/produit\/module-wifi-balboa\/#primaryimage"},"image":{"@id":"https:\/\/www.sani-spa.fr\/collection\/produit\/module-wifi-balboa\/#primaryimage"},"thumbnailUrl":"https:\/\/www.sani-spa.fr\/collection\/wp-collection\/uploads\/2019\/08\/module-wi-fi-balboa.jpg","datePublished":"2019-08-14T22:24:36+00:00","dateModified":"2024-06-13T21:45:09+00:00","breadcrumb":{"@id":"https:\/\/www.sani-spa.fr\/collection\/produit\/module-wifi-balboa\/#breadcrumb"},"inLanguage":"fr-FR","potentialAction":[{"@type":"ReadAction","target":["https:\/\/www.sani-spa.fr\/collection\/produit\/module-wifi-balboa\/"]}]},{"@type":"ImageObject","inLanguage":"fr-FR","@id":"https:\/\/www.sani-spa.fr\/collection\/produit\/module-wifi-balboa\/#primaryimage","url":"https:\/\/www.sani-spa.fr\/collection\/wp-collection\/uploads\/2019\/08\/module-wi-fi-balboa.jpg","contentUrl":"https:\/\/www.sani-spa.fr\/collection\/wp-collection\/uploads\/2019\/08\/module-wi-fi-balboa.jpg","width":800,"height":800},{"@type":"BreadcrumbList","@id":"https:\/\/www.sani-spa.fr\/collection\/produit\/module-wifi-balboa\/#breadcrumb","itemListElement":[{"@type":"ListItem","position":1,"name":"Accueil","item":"https:\/\/www.sani-spa.fr\/collection\/"},{"@type":"ListItem","position":2,"name":"Sani Spa CollectionPi\u00e8ces D\u00e9tach\u00e9es &amp; Accessoires pour Spas","item":"https:\/\/www.sani-spa.fr\/collection\/"},{"@type":"ListItem","position":3,"name":"Module Wifi Balboa"}]},{"@type":"WebSite","@id":"https:\/\/www.sani-spa.fr\/collection\/#website","url":"https:\/\/www.sani-spa.fr\/collection\/","name":"Sani Spa Collection","description":"Boutique spas &amp; accessoires spa","publisher":{"@id":"https:\/\/www.sani-spa.fr\/collection\/#organization"},"potentialAction":[{"@type":"SearchAction","target":{"@type":"EntryPoint","urlTemplate":"https:\/\/www.sani-spa.fr\/collection\/?s={search_term_string}"},"query-input":{"@type":"PropertyValueSpecification","valueRequired":true,"valueName":"search_term_string"}}],"inLanguage":"fr-FR"},{"@type":"Organization","@id":"https:\/\/www.sani-spa.fr\/collection\/#organization","name":"Sani Spa Collection","url":"https:\/\/www.sani-spa.fr\/collection\/","logo":{"@type":"ImageObject","inLanguage":"fr-FR","@id":"https:\/\/www.sani-spa.fr\/collection\/#\/schema\/logo\/image\/","url":"https:\/\/www.sani-spa.fr\/collection\/wp-collection\/uploads\/2017\/10\/logo-sani-spa-collection.png","contentUrl":"https:\/\/www.sani-spa.fr\/collection\/wp-collection\/uploads\/2017\/10\/logo-sani-spa-collection.png","width":231,"height":54,"caption":"Sani Spa Collection"},"image":{"@id":"https:\/\/www.sani-spa.fr\/collection\/#\/schema\/logo\/image\/"},"sameAs":["https:\/\/www.facebook.com\/sarlsanispa"]}]}},"jetpack_sharing_enabled":true,"_links":{"self":[{"href":"https:\/\/www.sani-spa.fr\/collection\/wp-json\/wp\/v2\/product\/784","targetHints":{"allow":["GET"]}}],"collection":[{"href":"https:\/\/www.sani-spa.fr\/collection\/wp-json\/wp\/v2\/product"}],"about":[{"href":"https:\/\/www.sani-spa.fr\/collection\/wp-json\/wp\/v2\/types\/product"}],"replies":[{"embeddable":true,"href":"https:\/\/www.sani-spa.fr\/collection\/wp-json\/wp\/v2\/comments?post=784"}],"wp:featuredmedia":[{"embeddable":true,"href":"https:\/\/www.sani-spa.fr\/collection\/wp-json\/wp\/v2\/media\/785"}],"wp:attachment":[{"href":"https:\/\/www.sani-spa.fr\/collection\/wp-json\/wp\/v2\/media?parent=784"}],"wp:term":[{"taxonomy":"product_brand","embeddable":true,"href":"https:\/\/www.sani-spa.fr\/collection\/wp-json\/wp\/v2\/product_brand?post=784"},{"taxonomy":"product_cat","embeddable":true,"href":"https:\/\/www.sani-spa.fr\/collection\/wp-json\/wp\/v2\/product_cat?post=784"},{"taxonomy":"product_tag","embeddable":true,"href":"https:\/\/www.sani-spa.fr\/collection\/wp-json\/wp\/v2\/product_tag?post=784"}],"curies":[{"name":"wp","href":"https:\/\/api.w.org\/{rel}","templated":true}]}}