{"id":803,"date":"2019-08-15T11:40:17","date_gmt":"2019-08-15T09:40:17","guid":{"rendered":"https:\/\/www.sani-spa.fr\/collection\/?post_type=product&#038;p=803"},"modified":"2026-04-24T12:27:34","modified_gmt":"2026-04-24T10:27:34","slug":"pack-balboa-retrofit-gs523dzvl801d","status":"publish","type":"product","link":"https:\/\/www.sani-spa.fr\/collection\/produit\/pack-balboa-retrofit-gs523dzvl801d\/","title":{"rendered":"Pack Balboa Retrofit GS523DZ+VL801D"},"content":{"rendered":"<p>Gr\u00e2ce au nouveau Kit de remplacement complet Balboa, il est d\u00e9sormais possible de remplacer des syst\u00e8mes de contr\u00f4les devenus v\u00e9tustes et obsol\u00e8tes. Choisir un kit de remplacement Balboa, c&#8217;est s&#8217;assurer un mat\u00e9riel de qualit\u00e9.<\/p>\n<p>&nbsp;<\/p>\n<p>Ce syst\u00e8me permet la gestion de :<\/p>\n<ul>\n<li><a href=\"https:\/\/www.sani-spa.fr\/collection\/categorie-produit\/pieces-detachees\/pompes-circulation\/\">1 pompe de circulation<\/a><\/li>\n<li><a href=\"https:\/\/www.sani-spa.fr\/collection\/categorie-produit\/pieces-detachees\/pompes-massage\/\">1 pompe Bi-vitesses<\/a><\/li>\n<li><a href=\"https:\/\/www.sani-spa.fr\/collection\/categorie-produit\/pieces-detachees\/blower\/\">1 blower<\/a><\/li>\n<li>2 pompe 1 vitesse<\/li>\n<li><a href=\"https:\/\/www.sani-spa.fr\/collection\/produit\/ozonateur-balboa-spa\/\">1 Ozonateur<\/a><\/li>\n<li>1 R\u00e9chauffeur Balboa 3Kw M7<\/li>\n<li>1 R\u00e9chauffeur auxiliaire 220\/240V<\/li>\n<\/ul>\n","protected":false},"excerpt":{"rendered":"<h3 style=\"text-align: center;\"><strong>PRODUCTION ARR\u00caT\u00c9E PAR LE FABRICANT<\/strong><\/h3>\n<p><strong>Syst\u00e8me \u00e9lectronique complet VL801D + GS523DZ<\/strong><\/p>\n<p>Comprend :<\/p>\n<ul>\n<li>Un boitier de contr\u00f4le GS523DZ + Un r\u00e9chauffeur 3kW M7<\/li>\n<li>Un clavier de commandes VL801D<\/li>\n<li>6 C\u00e2bles AMP pour Pompe 1 vitesse \/ Blower \/ Aux \/ Ozonateur<\/li>\n<li>1 C\u00e2ble AMP pour Pompe Bi-vitesses<\/li>\n<li>1 C\u00e2ble + Douille + Ampoule BALBOA pour l&#8217;\u00e9clairage<\/li>\n<\/ul>\n<p>&nbsp;<\/p>\n","protected":false},"featured_media":813,"comment_status":"open","ping_status":"closed","template":"","meta":[],"product_brand":[],"product_cat":[18,27,48],"product_tag":[],"class_list":{"0":"post-803","1":"product","2":"type-product","3":"status-publish","4":"has-post-thumbnail","6":"product_cat-pieces-detachees","7":"product_cat-boitier-controle","8":"product_cat-retrofit-kit","9":"product_shipping_class-boitier-de-controle-complet","11":"first","12":"outofstock","13":"taxable","14":"shipping-taxable","15":"purchasable","16":"product-type-simple"},"yoast_head":"<!-- This site is optimized with the Yoast SEO plugin v27.0 - https:\/\/yoast.com\/product\/yoast-seo-wordpress\/ -->\n<title>Pack Balboa Retrofit GS523DZ+VL801D | Sani Spa Collection<\/title>\n<meta name=\"description\" content=\"Pack Balboa Retrofit GS523DZ+VL801D : remplacement complet pour spa, gestion pompes, blower, ozonateur, lumi\u00e8re et chauffe 3 kW\" \/>\n<meta name=\"robots\" content=\"index, follow, max-snippet:-1, max-image-preview:large, max-video-preview:-1\" \/>\n<link rel=\"canonical\" href=\"https:\/\/www.sani-spa.fr\/collection\/produit\/pack-balboa-retrofit-gs523dzvl801d\/\" \/>\n<meta property=\"og:locale\" content=\"fr_FR\" \/>\n<meta property=\"og:type\" content=\"article\" \/>\n<meta property=\"og:title\" content=\"Pack Balboa Retrofit GS523DZ+VL801D | Sani Spa Collection\" \/>\n<meta property=\"og:description\" content=\"Pack Balboa Retrofit GS523DZ+VL801D : remplacement complet pour spa, gestion pompes, blower, ozonateur, lumi\u00e8re et chauffe 3 kW\" \/>\n<meta property=\"og:url\" content=\"https:\/\/www.sani-spa.fr\/collection\/produit\/pack-balboa-retrofit-gs523dzvl801d\/\" \/>\n<meta property=\"og:site_name\" content=\"Sani Spa Collection\" \/>\n<meta property=\"article:publisher\" content=\"https:\/\/www.facebook.com\/sarlsanispa\" \/>\n<meta property=\"article:modified_time\" content=\"2026-04-24T10:27:34+00:00\" \/>\n<meta property=\"og:image\" content=\"http:\/\/www.sani-spa.fr\/collection\/wp-collection\/uploads\/2019\/08\/54217-z.jpg\" \/>\n\t<meta property=\"og:image:width\" content=\"390\" \/>\n\t<meta property=\"og:image:height\" content=\"390\" \/>\n\t<meta property=\"og:image:type\" content=\"image\/jpeg\" \/>\n<meta name=\"twitter:card\" content=\"summary_large_image\" \/>\n<meta name=\"twitter:label1\" content=\"Dur\u00e9e de lecture estim\u00e9e\" \/>\n\t<meta name=\"twitter:data1\" content=\"1 minute\" \/>\n<script type=\"application\/ld+json\" class=\"yoast-schema-graph\">{\"@context\":\"https:\/\/schema.org\",\"@graph\":[{\"@type\":\"WebPage\",\"@id\":\"https:\/\/www.sani-spa.fr\/collection\/produit\/pack-balboa-retrofit-gs523dzvl801d\/\",\"url\":\"https:\/\/www.sani-spa.fr\/collection\/produit\/pack-balboa-retrofit-gs523dzvl801d\/\",\"name\":\"Pack Balboa Retrofit GS523DZ+VL801D | Sani Spa Collection\",\"isPartOf\":{\"@id\":\"https:\/\/www.sani-spa.fr\/collection\/#website\"},\"primaryImageOfPage\":{\"@id\":\"https:\/\/www.sani-spa.fr\/collection\/produit\/pack-balboa-retrofit-gs523dzvl801d\/#primaryimage\"},\"image\":{\"@id\":\"https:\/\/www.sani-spa.fr\/collection\/produit\/pack-balboa-retrofit-gs523dzvl801d\/#primaryimage\"},\"thumbnailUrl\":\"https:\/\/www.sani-spa.fr\/collection\/wp-collection\/uploads\/2019\/08\/54217-z.jpg\",\"datePublished\":\"2019-08-15T09:40:17+00:00\",\"dateModified\":\"2026-04-24T10:27:34+00:00\",\"description\":\"Pack Balboa Retrofit GS523DZ+VL801D : remplacement complet pour spa, gestion pompes, blower, ozonateur, lumi\u00e8re et chauffe 3 kW\",\"breadcrumb\":{\"@id\":\"https:\/\/www.sani-spa.fr\/collection\/produit\/pack-balboa-retrofit-gs523dzvl801d\/#breadcrumb\"},\"inLanguage\":\"fr-FR\",\"potentialAction\":[{\"@type\":\"ReadAction\",\"target\":[\"https:\/\/www.sani-spa.fr\/collection\/produit\/pack-balboa-retrofit-gs523dzvl801d\/\"]}]},{\"@type\":\"ImageObject\",\"inLanguage\":\"fr-FR\",\"@id\":\"https:\/\/www.sani-spa.fr\/collection\/produit\/pack-balboa-retrofit-gs523dzvl801d\/#primaryimage\",\"url\":\"https:\/\/www.sani-spa.fr\/collection\/wp-collection\/uploads\/2019\/08\/54217-z.jpg\",\"contentUrl\":\"https:\/\/www.sani-spa.fr\/collection\/wp-collection\/uploads\/2019\/08\/54217-z.jpg\",\"width\":390,\"height\":390},{\"@type\":\"BreadcrumbList\",\"@id\":\"https:\/\/www.sani-spa.fr\/collection\/produit\/pack-balboa-retrofit-gs523dzvl801d\/#breadcrumb\",\"itemListElement\":[{\"@type\":\"ListItem\",\"position\":1,\"name\":\"Accueil\",\"item\":\"https:\/\/www.sani-spa.fr\/collection\/\"},{\"@type\":\"ListItem\",\"position\":2,\"name\":\"Sani Spa CollectionPi\u00e8ces D\u00e9tach\u00e9es &amp; Accessoires pour Spas\",\"item\":\"https:\/\/www.sani-spa.fr\/collection\/\"},{\"@type\":\"ListItem\",\"position\":3,\"name\":\"Pack Balboa Retrofit GS523DZ+VL801D\"}]},{\"@type\":\"WebSite\",\"@id\":\"https:\/\/www.sani-spa.fr\/collection\/#website\",\"url\":\"https:\/\/www.sani-spa.fr\/collection\/\",\"name\":\"Sani Spa Collection\",\"description\":\"Boutique spas &amp; accessoires spa\",\"publisher\":{\"@id\":\"https:\/\/www.sani-spa.fr\/collection\/#organization\"},\"potentialAction\":[{\"@type\":\"SearchAction\",\"target\":{\"@type\":\"EntryPoint\",\"urlTemplate\":\"https:\/\/www.sani-spa.fr\/collection\/?s={search_term_string}\"},\"query-input\":{\"@type\":\"PropertyValueSpecification\",\"valueRequired\":true,\"valueName\":\"search_term_string\"}}],\"inLanguage\":\"fr-FR\"},{\"@type\":\"Organization\",\"@id\":\"https:\/\/www.sani-spa.fr\/collection\/#organization\",\"name\":\"Sani Spa Collection\",\"url\":\"https:\/\/www.sani-spa.fr\/collection\/\",\"logo\":{\"@type\":\"ImageObject\",\"inLanguage\":\"fr-FR\",\"@id\":\"https:\/\/www.sani-spa.fr\/collection\/#\/schema\/logo\/image\/\",\"url\":\"https:\/\/www.sani-spa.fr\/collection\/wp-collection\/uploads\/2017\/10\/logo-sani-spa-collection.png\",\"contentUrl\":\"https:\/\/www.sani-spa.fr\/collection\/wp-collection\/uploads\/2017\/10\/logo-sani-spa-collection.png\",\"width\":231,\"height\":54,\"caption\":\"Sani Spa Collection\"},\"image\":{\"@id\":\"https:\/\/www.sani-spa.fr\/collection\/#\/schema\/logo\/image\/\"},\"sameAs\":[\"https:\/\/www.facebook.com\/sarlsanispa\"]}]}<\/script>\n<!-- \/ Yoast SEO plugin. -->","yoast_head_json":{"title":"Pack Balboa Retrofit GS523DZ+VL801D | Sani Spa Collection","description":"Pack Balboa Retrofit GS523DZ+VL801D : remplacement complet pour spa, gestion pompes, blower, ozonateur, lumi\u00e8re et chauffe 3 kW","robots":{"index":"index","follow":"follow","max-snippet":"max-snippet:-1","max-image-preview":"max-image-preview:large","max-video-preview":"max-video-preview:-1"},"canonical":"https:\/\/www.sani-spa.fr\/collection\/produit\/pack-balboa-retrofit-gs523dzvl801d\/","og_locale":"fr_FR","og_type":"article","og_title":"Pack Balboa Retrofit GS523DZ+VL801D | Sani Spa Collection","og_description":"Pack Balboa Retrofit GS523DZ+VL801D : remplacement complet pour spa, gestion pompes, blower, ozonateur, lumi\u00e8re et chauffe 3 kW","og_url":"https:\/\/www.sani-spa.fr\/collection\/produit\/pack-balboa-retrofit-gs523dzvl801d\/","og_site_name":"Sani Spa Collection","article_publisher":"https:\/\/www.facebook.com\/sarlsanispa","article_modified_time":"2026-04-24T10:27:34+00:00","og_image":[{"width":390,"height":390,"url":"http:\/\/www.sani-spa.fr\/collection\/wp-collection\/uploads\/2019\/08\/54217-z.jpg","type":"image\/jpeg"}],"twitter_card":"summary_large_image","twitter_misc":{"Dur\u00e9e de lecture estim\u00e9e":"1 minute"},"schema":{"@context":"https:\/\/schema.org","@graph":[{"@type":"WebPage","@id":"https:\/\/www.sani-spa.fr\/collection\/produit\/pack-balboa-retrofit-gs523dzvl801d\/","url":"https:\/\/www.sani-spa.fr\/collection\/produit\/pack-balboa-retrofit-gs523dzvl801d\/","name":"Pack Balboa Retrofit GS523DZ+VL801D | Sani Spa Collection","isPartOf":{"@id":"https:\/\/www.sani-spa.fr\/collection\/#website"},"primaryImageOfPage":{"@id":"https:\/\/www.sani-spa.fr\/collection\/produit\/pack-balboa-retrofit-gs523dzvl801d\/#primaryimage"},"image":{"@id":"https:\/\/www.sani-spa.fr\/collection\/produit\/pack-balboa-retrofit-gs523dzvl801d\/#primaryimage"},"thumbnailUrl":"https:\/\/www.sani-spa.fr\/collection\/wp-collection\/uploads\/2019\/08\/54217-z.jpg","datePublished":"2019-08-15T09:40:17+00:00","dateModified":"2026-04-24T10:27:34+00:00","description":"Pack Balboa Retrofit GS523DZ+VL801D : remplacement complet pour spa, gestion pompes, blower, ozonateur, lumi\u00e8re et chauffe 3 kW","breadcrumb":{"@id":"https:\/\/www.sani-spa.fr\/collection\/produit\/pack-balboa-retrofit-gs523dzvl801d\/#breadcrumb"},"inLanguage":"fr-FR","potentialAction":[{"@type":"ReadAction","target":["https:\/\/www.sani-spa.fr\/collection\/produit\/pack-balboa-retrofit-gs523dzvl801d\/"]}]},{"@type":"ImageObject","inLanguage":"fr-FR","@id":"https:\/\/www.sani-spa.fr\/collection\/produit\/pack-balboa-retrofit-gs523dzvl801d\/#primaryimage","url":"https:\/\/www.sani-spa.fr\/collection\/wp-collection\/uploads\/2019\/08\/54217-z.jpg","contentUrl":"https:\/\/www.sani-spa.fr\/collection\/wp-collection\/uploads\/2019\/08\/54217-z.jpg","width":390,"height":390},{"@type":"BreadcrumbList","@id":"https:\/\/www.sani-spa.fr\/collection\/produit\/pack-balboa-retrofit-gs523dzvl801d\/#breadcrumb","itemListElement":[{"@type":"ListItem","position":1,"name":"Accueil","item":"https:\/\/www.sani-spa.fr\/collection\/"},{"@type":"ListItem","position":2,"name":"Sani Spa CollectionPi\u00e8ces D\u00e9tach\u00e9es &amp; Accessoires pour Spas","item":"https:\/\/www.sani-spa.fr\/collection\/"},{"@type":"ListItem","position":3,"name":"Pack Balboa Retrofit GS523DZ+VL801D"}]},{"@type":"WebSite","@id":"https:\/\/www.sani-spa.fr\/collection\/#website","url":"https:\/\/www.sani-spa.fr\/collection\/","name":"Sani Spa Collection","description":"Boutique spas &amp; accessoires spa","publisher":{"@id":"https:\/\/www.sani-spa.fr\/collection\/#organization"},"potentialAction":[{"@type":"SearchAction","target":{"@type":"EntryPoint","urlTemplate":"https:\/\/www.sani-spa.fr\/collection\/?s={search_term_string}"},"query-input":{"@type":"PropertyValueSpecification","valueRequired":true,"valueName":"search_term_string"}}],"inLanguage":"fr-FR"},{"@type":"Organization","@id":"https:\/\/www.sani-spa.fr\/collection\/#organization","name":"Sani Spa Collection","url":"https:\/\/www.sani-spa.fr\/collection\/","logo":{"@type":"ImageObject","inLanguage":"fr-FR","@id":"https:\/\/www.sani-spa.fr\/collection\/#\/schema\/logo\/image\/","url":"https:\/\/www.sani-spa.fr\/collection\/wp-collection\/uploads\/2017\/10\/logo-sani-spa-collection.png","contentUrl":"https:\/\/www.sani-spa.fr\/collection\/wp-collection\/uploads\/2017\/10\/logo-sani-spa-collection.png","width":231,"height":54,"caption":"Sani Spa Collection"},"image":{"@id":"https:\/\/www.sani-spa.fr\/collection\/#\/schema\/logo\/image\/"},"sameAs":["https:\/\/www.facebook.com\/sarlsanispa"]}]}},"jetpack_sharing_enabled":true,"_links":{"self":[{"href":"https:\/\/www.sani-spa.fr\/collection\/wp-json\/wp\/v2\/product\/803","targetHints":{"allow":["GET"]}}],"collection":[{"href":"https:\/\/www.sani-spa.fr\/collection\/wp-json\/wp\/v2\/product"}],"about":[{"href":"https:\/\/www.sani-spa.fr\/collection\/wp-json\/wp\/v2\/types\/product"}],"replies":[{"embeddable":true,"href":"https:\/\/www.sani-spa.fr\/collection\/wp-json\/wp\/v2\/comments?post=803"}],"wp:featuredmedia":[{"embeddable":true,"href":"https:\/\/www.sani-spa.fr\/collection\/wp-json\/wp\/v2\/media\/813"}],"wp:attachment":[{"href":"https:\/\/www.sani-spa.fr\/collection\/wp-json\/wp\/v2\/media?parent=803"}],"wp:term":[{"taxonomy":"product_brand","embeddable":true,"href":"https:\/\/www.sani-spa.fr\/collection\/wp-json\/wp\/v2\/product_brand?post=803"},{"taxonomy":"product_cat","embeddable":true,"href":"https:\/\/www.sani-spa.fr\/collection\/wp-json\/wp\/v2\/product_cat?post=803"},{"taxonomy":"product_tag","embeddable":true,"href":"https:\/\/www.sani-spa.fr\/collection\/wp-json\/wp\/v2\/product_tag?post=803"}],"curies":[{"name":"wp","href":"https:\/\/api.w.org\/{rel}","templated":true}]}}