{"id":839,"date":"2019-08-22T00:41:00","date_gmt":"2019-08-21T22:41:00","guid":{"rendered":"https:\/\/www.sani-spa.fr\/collection\/?post_type=product&#038;p=839"},"modified":"2026-02-12T11:49:50","modified_gmt":"2026-02-12T10:49:50","slug":"clavier-de-controle-balboa-ml551","status":"publish","type":"product","link":"https:\/\/www.sani-spa.fr\/collection\/produit\/clavier-de-controle-balboa-ml551\/","title":{"rendered":"Clavier de Contr\u00f4le Balboa ML551"},"content":{"rendered":"<p>Uniquement compatible avec les Boitiers de Contr\u00f4le Balboa de s\u00e9rie GL :<\/p>\n<p><a href=\"https:\/\/www.sani-spa.fr\/collection\/produit\/boitier-de-controle-rechauffeur-gl2000-m3\/\">GL2000<\/a>\/<a href=\"https:\/\/www.sani-spa.fr\/collection\/produit\/boitier-de-controle-rechauffeur-gl2001-m3-copie\/\">GL2001<\/a>\/GL8000<\/p>\n<p>&nbsp;<\/p>\n<p><a href=\"http:\/\/www.balboawatergroup.com\/Topside-Spa-Panels\">NOTICE CLAVIER DE CONTROLE\u00a0<\/a><\/p>\n<p>Garantie 1 An<\/p>\n","protected":false},"excerpt":{"rendered":"<p>Clavier de Contr\u00f4le Balboa ML551<\/p>\n<p>Ecran LCD<br \/>\nDimensions: L 18.8 cm x H 8.4cm<\/p>\n<p>Compos\u00e9 de 7 boutons:<br \/>\nMode : Programmation<br \/>\nWarm : Augmenter la temp\u00e9rature<br \/>\nCool : Diminuer la temp\u00e9rature<br \/>\nJet 1 :\u00a0 Pompe 1<br \/>\nJet 2 : Pompe 2<br \/>\nBlower<br \/>\nLight : Eclairage LED<\/p>\n<p>&nbsp;<\/p>\n","protected":false},"featured_media":840,"comment_status":"open","ping_status":"closed","template":"","meta":[],"product_brand":[],"product_cat":[18,29,39],"product_tag":[],"class_list":{"0":"post-839","1":"product","2":"type-product","3":"status-publish","4":"has-post-thumbnail","6":"product_cat-pieces-detachees","7":"product_cat-clavier","8":"product_cat-balboa-clavier","9":"product_shipping_class-claviers","11":"first","12":"instock","13":"taxable","14":"shipping-taxable","15":"purchasable","16":"product-type-simple"},"yoast_head":"<!-- This site is optimized with the Yoast SEO plugin v27.0 - https:\/\/yoast.com\/product\/yoast-seo-wordpress\/ -->\n<title>Clavier de Contr\u00f4le Balboa ML551 | Sani Spa Collection<\/title>\n<meta name=\"robots\" content=\"index, follow, max-snippet:-1, max-image-preview:large, max-video-preview:-1\" \/>\n<link rel=\"canonical\" href=\"https:\/\/www.sani-spa.fr\/collection\/produit\/clavier-de-controle-balboa-ml551\/\" \/>\n<meta property=\"og:locale\" content=\"fr_FR\" \/>\n<meta property=\"og:type\" content=\"article\" \/>\n<meta property=\"og:title\" content=\"Clavier de Contr\u00f4le Balboa ML551 | Sani Spa Collection\" \/>\n<meta property=\"og:description\" content=\"Clavier de Contr\u00f4le Balboa ML551  Ecran LCD Dimensions: L 18.8 cm x H 8.4cm  Compos\u00e9 de 7 boutons: Mode : Programmation Warm : Augmenter la temp\u00e9rature Cool : Diminuer la temp\u00e9rature Jet 1 :\u00a0 Pompe 1 Jet 2 : Pompe 2 Blower Light : Eclairage LED  &nbsp;\" \/>\n<meta property=\"og:url\" content=\"https:\/\/www.sani-spa.fr\/collection\/produit\/clavier-de-controle-balboa-ml551\/\" \/>\n<meta property=\"og:site_name\" content=\"Sani Spa Collection\" \/>\n<meta property=\"article:publisher\" content=\"https:\/\/www.facebook.com\/sarlsanispa\" \/>\n<meta property=\"article:modified_time\" content=\"2026-02-12T10:49:50+00:00\" \/>\n<meta property=\"og:image\" content=\"https:\/\/www.sani-spa.fr\/collection\/wp-collection\/uploads\/2019\/08\/balboa-ml551-clavier-de-commande-pour-spa-P-1223233-3137239_1.jpg\" \/>\n\t<meta property=\"og:image:width\" content=\"470\" \/>\n\t<meta property=\"og:image:height\" content=\"470\" \/>\n\t<meta property=\"og:image:type\" content=\"image\/jpeg\" \/>\n<meta name=\"twitter:card\" content=\"summary_large_image\" \/>\n<script type=\"application\/ld+json\" class=\"yoast-schema-graph\">{\"@context\":\"https:\/\/schema.org\",\"@graph\":[{\"@type\":\"WebPage\",\"@id\":\"https:\/\/www.sani-spa.fr\/collection\/produit\/clavier-de-controle-balboa-ml551\/\",\"url\":\"https:\/\/www.sani-spa.fr\/collection\/produit\/clavier-de-controle-balboa-ml551\/\",\"name\":\"Clavier de Contr\u00f4le Balboa ML551 | Sani Spa Collection\",\"isPartOf\":{\"@id\":\"https:\/\/www.sani-spa.fr\/collection\/#website\"},\"primaryImageOfPage\":{\"@id\":\"https:\/\/www.sani-spa.fr\/collection\/produit\/clavier-de-controle-balboa-ml551\/#primaryimage\"},\"image\":{\"@id\":\"https:\/\/www.sani-spa.fr\/collection\/produit\/clavier-de-controle-balboa-ml551\/#primaryimage\"},\"thumbnailUrl\":\"https:\/\/www.sani-spa.fr\/collection\/wp-collection\/uploads\/2019\/08\/balboa-ml551-clavier-de-commande-pour-spa-P-1223233-3137239_1.jpg\",\"datePublished\":\"2019-08-21T22:41:00+00:00\",\"dateModified\":\"2026-02-12T10:49:50+00:00\",\"breadcrumb\":{\"@id\":\"https:\/\/www.sani-spa.fr\/collection\/produit\/clavier-de-controle-balboa-ml551\/#breadcrumb\"},\"inLanguage\":\"fr-FR\",\"potentialAction\":[{\"@type\":\"ReadAction\",\"target\":[\"https:\/\/www.sani-spa.fr\/collection\/produit\/clavier-de-controle-balboa-ml551\/\"]}]},{\"@type\":\"ImageObject\",\"inLanguage\":\"fr-FR\",\"@id\":\"https:\/\/www.sani-spa.fr\/collection\/produit\/clavier-de-controle-balboa-ml551\/#primaryimage\",\"url\":\"https:\/\/www.sani-spa.fr\/collection\/wp-collection\/uploads\/2019\/08\/balboa-ml551-clavier-de-commande-pour-spa-P-1223233-3137239_1.jpg\",\"contentUrl\":\"https:\/\/www.sani-spa.fr\/collection\/wp-collection\/uploads\/2019\/08\/balboa-ml551-clavier-de-commande-pour-spa-P-1223233-3137239_1.jpg\",\"width\":470,\"height\":470},{\"@type\":\"BreadcrumbList\",\"@id\":\"https:\/\/www.sani-spa.fr\/collection\/produit\/clavier-de-controle-balboa-ml551\/#breadcrumb\",\"itemListElement\":[{\"@type\":\"ListItem\",\"position\":1,\"name\":\"Accueil\",\"item\":\"https:\/\/www.sani-spa.fr\/collection\/\"},{\"@type\":\"ListItem\",\"position\":2,\"name\":\"Sani Spa CollectionPi\u00e8ces D\u00e9tach\u00e9es &amp; Accessoires pour Spas\",\"item\":\"https:\/\/www.sani-spa.fr\/collection\/\"},{\"@type\":\"ListItem\",\"position\":3,\"name\":\"Clavier de Contr\u00f4le Balboa ML551\"}]},{\"@type\":\"WebSite\",\"@id\":\"https:\/\/www.sani-spa.fr\/collection\/#website\",\"url\":\"https:\/\/www.sani-spa.fr\/collection\/\",\"name\":\"Sani Spa Collection\",\"description\":\"Boutique spas &amp; accessoires spa\",\"publisher\":{\"@id\":\"https:\/\/www.sani-spa.fr\/collection\/#organization\"},\"potentialAction\":[{\"@type\":\"SearchAction\",\"target\":{\"@type\":\"EntryPoint\",\"urlTemplate\":\"https:\/\/www.sani-spa.fr\/collection\/?s={search_term_string}\"},\"query-input\":{\"@type\":\"PropertyValueSpecification\",\"valueRequired\":true,\"valueName\":\"search_term_string\"}}],\"inLanguage\":\"fr-FR\"},{\"@type\":\"Organization\",\"@id\":\"https:\/\/www.sani-spa.fr\/collection\/#organization\",\"name\":\"Sani Spa Collection\",\"url\":\"https:\/\/www.sani-spa.fr\/collection\/\",\"logo\":{\"@type\":\"ImageObject\",\"inLanguage\":\"fr-FR\",\"@id\":\"https:\/\/www.sani-spa.fr\/collection\/#\/schema\/logo\/image\/\",\"url\":\"https:\/\/www.sani-spa.fr\/collection\/wp-collection\/uploads\/2017\/10\/logo-sani-spa-collection.png\",\"contentUrl\":\"https:\/\/www.sani-spa.fr\/collection\/wp-collection\/uploads\/2017\/10\/logo-sani-spa-collection.png\",\"width\":231,\"height\":54,\"caption\":\"Sani Spa Collection\"},\"image\":{\"@id\":\"https:\/\/www.sani-spa.fr\/collection\/#\/schema\/logo\/image\/\"},\"sameAs\":[\"https:\/\/www.facebook.com\/sarlsanispa\"]}]}<\/script>\n<!-- \/ Yoast SEO plugin. -->","yoast_head_json":{"title":"Clavier de Contr\u00f4le Balboa ML551 | Sani Spa Collection","robots":{"index":"index","follow":"follow","max-snippet":"max-snippet:-1","max-image-preview":"max-image-preview:large","max-video-preview":"max-video-preview:-1"},"canonical":"https:\/\/www.sani-spa.fr\/collection\/produit\/clavier-de-controle-balboa-ml551\/","og_locale":"fr_FR","og_type":"article","og_title":"Clavier de Contr\u00f4le Balboa ML551 | Sani Spa Collection","og_description":"Clavier de Contr\u00f4le Balboa ML551  Ecran LCD Dimensions: L 18.8 cm x H 8.4cm  Compos\u00e9 de 7 boutons: Mode : Programmation Warm : Augmenter la temp\u00e9rature Cool : Diminuer la temp\u00e9rature Jet 1 :\u00a0 Pompe 1 Jet 2 : Pompe 2 Blower Light : Eclairage LED  &nbsp;","og_url":"https:\/\/www.sani-spa.fr\/collection\/produit\/clavier-de-controle-balboa-ml551\/","og_site_name":"Sani Spa Collection","article_publisher":"https:\/\/www.facebook.com\/sarlsanispa","article_modified_time":"2026-02-12T10:49:50+00:00","og_image":[{"width":470,"height":470,"url":"https:\/\/www.sani-spa.fr\/collection\/wp-collection\/uploads\/2019\/08\/balboa-ml551-clavier-de-commande-pour-spa-P-1223233-3137239_1.jpg","type":"image\/jpeg"}],"twitter_card":"summary_large_image","schema":{"@context":"https:\/\/schema.org","@graph":[{"@type":"WebPage","@id":"https:\/\/www.sani-spa.fr\/collection\/produit\/clavier-de-controle-balboa-ml551\/","url":"https:\/\/www.sani-spa.fr\/collection\/produit\/clavier-de-controle-balboa-ml551\/","name":"Clavier de Contr\u00f4le Balboa ML551 | Sani Spa Collection","isPartOf":{"@id":"https:\/\/www.sani-spa.fr\/collection\/#website"},"primaryImageOfPage":{"@id":"https:\/\/www.sani-spa.fr\/collection\/produit\/clavier-de-controle-balboa-ml551\/#primaryimage"},"image":{"@id":"https:\/\/www.sani-spa.fr\/collection\/produit\/clavier-de-controle-balboa-ml551\/#primaryimage"},"thumbnailUrl":"https:\/\/www.sani-spa.fr\/collection\/wp-collection\/uploads\/2019\/08\/balboa-ml551-clavier-de-commande-pour-spa-P-1223233-3137239_1.jpg","datePublished":"2019-08-21T22:41:00+00:00","dateModified":"2026-02-12T10:49:50+00:00","breadcrumb":{"@id":"https:\/\/www.sani-spa.fr\/collection\/produit\/clavier-de-controle-balboa-ml551\/#breadcrumb"},"inLanguage":"fr-FR","potentialAction":[{"@type":"ReadAction","target":["https:\/\/www.sani-spa.fr\/collection\/produit\/clavier-de-controle-balboa-ml551\/"]}]},{"@type":"ImageObject","inLanguage":"fr-FR","@id":"https:\/\/www.sani-spa.fr\/collection\/produit\/clavier-de-controle-balboa-ml551\/#primaryimage","url":"https:\/\/www.sani-spa.fr\/collection\/wp-collection\/uploads\/2019\/08\/balboa-ml551-clavier-de-commande-pour-spa-P-1223233-3137239_1.jpg","contentUrl":"https:\/\/www.sani-spa.fr\/collection\/wp-collection\/uploads\/2019\/08\/balboa-ml551-clavier-de-commande-pour-spa-P-1223233-3137239_1.jpg","width":470,"height":470},{"@type":"BreadcrumbList","@id":"https:\/\/www.sani-spa.fr\/collection\/produit\/clavier-de-controle-balboa-ml551\/#breadcrumb","itemListElement":[{"@type":"ListItem","position":1,"name":"Accueil","item":"https:\/\/www.sani-spa.fr\/collection\/"},{"@type":"ListItem","position":2,"name":"Sani Spa CollectionPi\u00e8ces D\u00e9tach\u00e9es &amp; Accessoires pour Spas","item":"https:\/\/www.sani-spa.fr\/collection\/"},{"@type":"ListItem","position":3,"name":"Clavier de Contr\u00f4le Balboa ML551"}]},{"@type":"WebSite","@id":"https:\/\/www.sani-spa.fr\/collection\/#website","url":"https:\/\/www.sani-spa.fr\/collection\/","name":"Sani Spa Collection","description":"Boutique spas &amp; accessoires spa","publisher":{"@id":"https:\/\/www.sani-spa.fr\/collection\/#organization"},"potentialAction":[{"@type":"SearchAction","target":{"@type":"EntryPoint","urlTemplate":"https:\/\/www.sani-spa.fr\/collection\/?s={search_term_string}"},"query-input":{"@type":"PropertyValueSpecification","valueRequired":true,"valueName":"search_term_string"}}],"inLanguage":"fr-FR"},{"@type":"Organization","@id":"https:\/\/www.sani-spa.fr\/collection\/#organization","name":"Sani Spa Collection","url":"https:\/\/www.sani-spa.fr\/collection\/","logo":{"@type":"ImageObject","inLanguage":"fr-FR","@id":"https:\/\/www.sani-spa.fr\/collection\/#\/schema\/logo\/image\/","url":"https:\/\/www.sani-spa.fr\/collection\/wp-collection\/uploads\/2017\/10\/logo-sani-spa-collection.png","contentUrl":"https:\/\/www.sani-spa.fr\/collection\/wp-collection\/uploads\/2017\/10\/logo-sani-spa-collection.png","width":231,"height":54,"caption":"Sani Spa Collection"},"image":{"@id":"https:\/\/www.sani-spa.fr\/collection\/#\/schema\/logo\/image\/"},"sameAs":["https:\/\/www.facebook.com\/sarlsanispa"]}]}},"jetpack_sharing_enabled":true,"_links":{"self":[{"href":"https:\/\/www.sani-spa.fr\/collection\/wp-json\/wp\/v2\/product\/839","targetHints":{"allow":["GET"]}}],"collection":[{"href":"https:\/\/www.sani-spa.fr\/collection\/wp-json\/wp\/v2\/product"}],"about":[{"href":"https:\/\/www.sani-spa.fr\/collection\/wp-json\/wp\/v2\/types\/product"}],"replies":[{"embeddable":true,"href":"https:\/\/www.sani-spa.fr\/collection\/wp-json\/wp\/v2\/comments?post=839"}],"wp:featuredmedia":[{"embeddable":true,"href":"https:\/\/www.sani-spa.fr\/collection\/wp-json\/wp\/v2\/media\/840"}],"wp:attachment":[{"href":"https:\/\/www.sani-spa.fr\/collection\/wp-json\/wp\/v2\/media?parent=839"}],"wp:term":[{"taxonomy":"product_brand","embeddable":true,"href":"https:\/\/www.sani-spa.fr\/collection\/wp-json\/wp\/v2\/product_brand?post=839"},{"taxonomy":"product_cat","embeddable":true,"href":"https:\/\/www.sani-spa.fr\/collection\/wp-json\/wp\/v2\/product_cat?post=839"},{"taxonomy":"product_tag","embeddable":true,"href":"https:\/\/www.sani-spa.fr\/collection\/wp-json\/wp\/v2\/product_tag?post=839"}],"curies":[{"name":"wp","href":"https:\/\/api.w.org\/{rel}","templated":true}]}}