{"id":847,"date":"2019-08-22T17:49:55","date_gmt":"2019-08-22T15:49:55","guid":{"rendered":"https:\/\/www.sani-spa.fr\/collection\/?post_type=product&#038;p=847"},"modified":"2025-12-29T09:58:06","modified_gmt":"2025-12-29T08:58:06","slug":"colmateur-de-fuite-fix-a-leak-909ml","status":"publish","type":"product","link":"https:\/\/www.sani-spa.fr\/collection\/produit\/colmateur-de-fuite-fix-a-leak-909ml\/","title":{"rendered":"Colmateur de Fuite Fix a Leak"},"content":{"rendered":"<div><b>Utilisation<\/b><\/div>\n<div><\/div>\n<div>D\u00e9terminer la perte d&#8217;eau sur une dur\u00e9e de 24 heures pour adapter ensuite la quantit\u00e9 de produit \u00e0 utiliser.<\/div>\n<div><\/div>\n<div>\n<ul>\n<li><b>Bien secouer la bouteille<\/b>, FIX A LEAK est un liquide lourd et dense, cette \u00e9tape est tr\u00e8s importante.<\/li>\n<li>Enlevez <b>TOUS<\/b> les filtres et cartouches de votre spa.<\/li>\n<li>Ouvrez <b>TOUS<\/b> les jets de votre spa<\/li>\n<li>Ajouter <b>FIX A LEAK<\/b> directement dans l&#8217;eau du spa. Verser le liquide directement <b>dans le skimmer<\/b> de votre spa (endroit ou se trouve le filtre cartouche) les pompes en marche.<\/li>\n<li>Utilisez environ 50 g du produit\/1000 litres pour les fuites dans les spas<\/li>\n<li>Relancez r\u00e9guli\u00e8rement les pompes de votre spa pendant 6 \u00e0 8 heures<\/li>\n<li>Laissez votre spa en filtration continue pendant cette p\u00e9riode.<\/li>\n<li>Ne pas utiliser le spa pendant cette p\u00e9riode<\/li>\n<li>Marquez le niveau d&#8217;eau et contr\u00f4lez le pendant 2 \u00e0 3 jours apr\u00e8s le traitement.<\/li>\n<li>Pour les grosses fuites videz votre spa apr\u00e8s traitement et laissez s\u00e9cher pendant 4 \u00e0 5 jours.<\/li>\n<\/ul>\n<\/div>\n","protected":false},"excerpt":{"rendered":"<div>\n<p>Colmateur de fuites <strong>Fix a Leak<\/strong><br \/>\nLiquide permettant de r\u00e9parer les fuites sur les spas et spas de nage.<\/p>\n<p>&nbsp;<\/p>\n<p><b>FIX A LEAK<\/b> est un produit concentr\u00e9 sp\u00e9cialement con\u00e7u pour r\u00e9parer les fuites des spas et piscines. Il est efficace pour les fuites de cuves ou de tuyauterie.<\/p>\n<div><\/div>\n<div><b>FIX A LEAK<\/b> bouche les trous jusqu&#8217;\u00e0 un diam\u00e8tre de 3.5mm. Le produit est bien entendu totalement \u00e9tanche<\/div>\n<\/div>\n<div><\/div>\n","protected":false},"featured_media":848,"comment_status":"open","ping_status":"closed","template":"","meta":[],"product_brand":[],"product_cat":[18,32,17,56],"product_tag":[],"class_list":{"0":"post-847","1":"product","2":"type-product","3":"status-publish","4":"has-post-thumbnail","6":"product_cat-pieces-detachees","7":"product_cat-accessoires","8":"product_cat-accessoires-spas","9":"product_cat-au-detail","11":"first","12":"instock","13":"featured","14":"taxable","15":"shipping-taxable","16":"purchasable","17":"product-type-variable"},"yoast_head":"<!-- This site is optimized with the Yoast SEO plugin v27.0 - https:\/\/yoast.com\/product\/yoast-seo-wordpress\/ -->\n<title>Colmateur de Fuite Fix a Leak | Sani Spa Collection<\/title>\n<meta name=\"description\" content=\"Colmateur de fuite pour spa et spa de nage \u2013 id\u00e9al pour les petites fuites ou suintements. Facile \u00e0 utiliser, agit rapidement.\" \/>\n<meta name=\"robots\" content=\"index, follow, max-snippet:-1, max-image-preview:large, max-video-preview:-1\" \/>\n<link rel=\"canonical\" href=\"https:\/\/www.sani-spa.fr\/collection\/produit\/colmateur-de-fuite-fix-a-leak-909ml\/\" \/>\n<meta property=\"og:locale\" content=\"fr_FR\" \/>\n<meta property=\"og:type\" content=\"article\" \/>\n<meta property=\"og:title\" content=\"Colmateur de Fuite Fix a Leak | Sani Spa Collection\" \/>\n<meta property=\"og:description\" content=\"Colmateur de fuite pour spa et spa de nage \u2013 id\u00e9al pour les petites fuites ou suintements. Facile \u00e0 utiliser, agit rapidement.\" \/>\n<meta property=\"og:url\" content=\"https:\/\/www.sani-spa.fr\/collection\/produit\/colmateur-de-fuite-fix-a-leak-909ml\/\" \/>\n<meta property=\"og:site_name\" content=\"Sani Spa Collection\" \/>\n<meta property=\"article:publisher\" content=\"https:\/\/www.facebook.com\/sarlsanispa\" \/>\n<meta property=\"article:modified_time\" content=\"2025-12-29T08:58:06+00:00\" \/>\n<meta property=\"og:image\" content=\"http:\/\/www.sani-spa.fr\/collection\/wp-collection\/uploads\/2019\/08\/fix-a-leak.jpg\" \/>\n\t<meta property=\"og:image:width\" content=\"500\" \/>\n\t<meta property=\"og:image:height\" content=\"500\" \/>\n\t<meta property=\"og:image:type\" content=\"image\/jpeg\" \/>\n<meta name=\"twitter:card\" content=\"summary_large_image\" \/>\n<meta name=\"twitter:label1\" content=\"Dur\u00e9e de lecture estim\u00e9e\" \/>\n\t<meta name=\"twitter:data1\" content=\"2 minutes\" \/>\n<script type=\"application\/ld+json\" class=\"yoast-schema-graph\">{\"@context\":\"https:\/\/schema.org\",\"@graph\":[{\"@type\":\"WebPage\",\"@id\":\"https:\/\/www.sani-spa.fr\/collection\/produit\/colmateur-de-fuite-fix-a-leak-909ml\/\",\"url\":\"https:\/\/www.sani-spa.fr\/collection\/produit\/colmateur-de-fuite-fix-a-leak-909ml\/\",\"name\":\"Colmateur de Fuite Fix a Leak | Sani Spa Collection\",\"isPartOf\":{\"@id\":\"https:\/\/www.sani-spa.fr\/collection\/#website\"},\"primaryImageOfPage\":{\"@id\":\"https:\/\/www.sani-spa.fr\/collection\/produit\/colmateur-de-fuite-fix-a-leak-909ml\/#primaryimage\"},\"image\":{\"@id\":\"https:\/\/www.sani-spa.fr\/collection\/produit\/colmateur-de-fuite-fix-a-leak-909ml\/#primaryimage\"},\"thumbnailUrl\":\"https:\/\/www.sani-spa.fr\/collection\/wp-collection\/uploads\/2019\/08\/fix-a-leak.jpg\",\"datePublished\":\"2019-08-22T15:49:55+00:00\",\"dateModified\":\"2025-12-29T08:58:06+00:00\",\"description\":\"Colmateur de fuite pour spa et spa de nage \u2013 id\u00e9al pour les petites fuites ou suintements. Facile \u00e0 utiliser, agit rapidement.\",\"breadcrumb\":{\"@id\":\"https:\/\/www.sani-spa.fr\/collection\/produit\/colmateur-de-fuite-fix-a-leak-909ml\/#breadcrumb\"},\"inLanguage\":\"fr-FR\",\"potentialAction\":[{\"@type\":\"ReadAction\",\"target\":[\"https:\/\/www.sani-spa.fr\/collection\/produit\/colmateur-de-fuite-fix-a-leak-909ml\/\"]}]},{\"@type\":\"ImageObject\",\"inLanguage\":\"fr-FR\",\"@id\":\"https:\/\/www.sani-spa.fr\/collection\/produit\/colmateur-de-fuite-fix-a-leak-909ml\/#primaryimage\",\"url\":\"https:\/\/www.sani-spa.fr\/collection\/wp-collection\/uploads\/2019\/08\/fix-a-leak.jpg\",\"contentUrl\":\"https:\/\/www.sani-spa.fr\/collection\/wp-collection\/uploads\/2019\/08\/fix-a-leak.jpg\",\"width\":500,\"height\":500},{\"@type\":\"BreadcrumbList\",\"@id\":\"https:\/\/www.sani-spa.fr\/collection\/produit\/colmateur-de-fuite-fix-a-leak-909ml\/#breadcrumb\",\"itemListElement\":[{\"@type\":\"ListItem\",\"position\":1,\"name\":\"Accueil\",\"item\":\"https:\/\/www.sani-spa.fr\/collection\/\"},{\"@type\":\"ListItem\",\"position\":2,\"name\":\"Sani Spa CollectionPi\u00e8ces D\u00e9tach\u00e9es &amp; Accessoires pour Spas\",\"item\":\"https:\/\/www.sani-spa.fr\/collection\/\"},{\"@type\":\"ListItem\",\"position\":3,\"name\":\"Colmateur de Fuite Fix a Leak\"}]},{\"@type\":\"WebSite\",\"@id\":\"https:\/\/www.sani-spa.fr\/collection\/#website\",\"url\":\"https:\/\/www.sani-spa.fr\/collection\/\",\"name\":\"Sani Spa Collection\",\"description\":\"Boutique spas &amp; accessoires spa\",\"publisher\":{\"@id\":\"https:\/\/www.sani-spa.fr\/collection\/#organization\"},\"potentialAction\":[{\"@type\":\"SearchAction\",\"target\":{\"@type\":\"EntryPoint\",\"urlTemplate\":\"https:\/\/www.sani-spa.fr\/collection\/?s={search_term_string}\"},\"query-input\":{\"@type\":\"PropertyValueSpecification\",\"valueRequired\":true,\"valueName\":\"search_term_string\"}}],\"inLanguage\":\"fr-FR\"},{\"@type\":\"Organization\",\"@id\":\"https:\/\/www.sani-spa.fr\/collection\/#organization\",\"name\":\"Sani Spa Collection\",\"url\":\"https:\/\/www.sani-spa.fr\/collection\/\",\"logo\":{\"@type\":\"ImageObject\",\"inLanguage\":\"fr-FR\",\"@id\":\"https:\/\/www.sani-spa.fr\/collection\/#\/schema\/logo\/image\/\",\"url\":\"https:\/\/www.sani-spa.fr\/collection\/wp-collection\/uploads\/2017\/10\/logo-sani-spa-collection.png\",\"contentUrl\":\"https:\/\/www.sani-spa.fr\/collection\/wp-collection\/uploads\/2017\/10\/logo-sani-spa-collection.png\",\"width\":231,\"height\":54,\"caption\":\"Sani Spa Collection\"},\"image\":{\"@id\":\"https:\/\/www.sani-spa.fr\/collection\/#\/schema\/logo\/image\/\"},\"sameAs\":[\"https:\/\/www.facebook.com\/sarlsanispa\"]}]}<\/script>\n<!-- \/ Yoast SEO plugin. -->","yoast_head_json":{"title":"Colmateur de Fuite Fix a Leak | Sani Spa Collection","description":"Colmateur de fuite pour spa et spa de nage \u2013 id\u00e9al pour les petites fuites ou suintements. Facile \u00e0 utiliser, agit rapidement.","robots":{"index":"index","follow":"follow","max-snippet":"max-snippet:-1","max-image-preview":"max-image-preview:large","max-video-preview":"max-video-preview:-1"},"canonical":"https:\/\/www.sani-spa.fr\/collection\/produit\/colmateur-de-fuite-fix-a-leak-909ml\/","og_locale":"fr_FR","og_type":"article","og_title":"Colmateur de Fuite Fix a Leak | Sani Spa Collection","og_description":"Colmateur de fuite pour spa et spa de nage \u2013 id\u00e9al pour les petites fuites ou suintements. Facile \u00e0 utiliser, agit rapidement.","og_url":"https:\/\/www.sani-spa.fr\/collection\/produit\/colmateur-de-fuite-fix-a-leak-909ml\/","og_site_name":"Sani Spa Collection","article_publisher":"https:\/\/www.facebook.com\/sarlsanispa","article_modified_time":"2025-12-29T08:58:06+00:00","og_image":[{"width":500,"height":500,"url":"http:\/\/www.sani-spa.fr\/collection\/wp-collection\/uploads\/2019\/08\/fix-a-leak.jpg","type":"image\/jpeg"}],"twitter_card":"summary_large_image","twitter_misc":{"Dur\u00e9e de lecture estim\u00e9e":"2 minutes"},"schema":{"@context":"https:\/\/schema.org","@graph":[{"@type":"WebPage","@id":"https:\/\/www.sani-spa.fr\/collection\/produit\/colmateur-de-fuite-fix-a-leak-909ml\/","url":"https:\/\/www.sani-spa.fr\/collection\/produit\/colmateur-de-fuite-fix-a-leak-909ml\/","name":"Colmateur de Fuite Fix a Leak | Sani Spa Collection","isPartOf":{"@id":"https:\/\/www.sani-spa.fr\/collection\/#website"},"primaryImageOfPage":{"@id":"https:\/\/www.sani-spa.fr\/collection\/produit\/colmateur-de-fuite-fix-a-leak-909ml\/#primaryimage"},"image":{"@id":"https:\/\/www.sani-spa.fr\/collection\/produit\/colmateur-de-fuite-fix-a-leak-909ml\/#primaryimage"},"thumbnailUrl":"https:\/\/www.sani-spa.fr\/collection\/wp-collection\/uploads\/2019\/08\/fix-a-leak.jpg","datePublished":"2019-08-22T15:49:55+00:00","dateModified":"2025-12-29T08:58:06+00:00","description":"Colmateur de fuite pour spa et spa de nage \u2013 id\u00e9al pour les petites fuites ou suintements. Facile \u00e0 utiliser, agit rapidement.","breadcrumb":{"@id":"https:\/\/www.sani-spa.fr\/collection\/produit\/colmateur-de-fuite-fix-a-leak-909ml\/#breadcrumb"},"inLanguage":"fr-FR","potentialAction":[{"@type":"ReadAction","target":["https:\/\/www.sani-spa.fr\/collection\/produit\/colmateur-de-fuite-fix-a-leak-909ml\/"]}]},{"@type":"ImageObject","inLanguage":"fr-FR","@id":"https:\/\/www.sani-spa.fr\/collection\/produit\/colmateur-de-fuite-fix-a-leak-909ml\/#primaryimage","url":"https:\/\/www.sani-spa.fr\/collection\/wp-collection\/uploads\/2019\/08\/fix-a-leak.jpg","contentUrl":"https:\/\/www.sani-spa.fr\/collection\/wp-collection\/uploads\/2019\/08\/fix-a-leak.jpg","width":500,"height":500},{"@type":"BreadcrumbList","@id":"https:\/\/www.sani-spa.fr\/collection\/produit\/colmateur-de-fuite-fix-a-leak-909ml\/#breadcrumb","itemListElement":[{"@type":"ListItem","position":1,"name":"Accueil","item":"https:\/\/www.sani-spa.fr\/collection\/"},{"@type":"ListItem","position":2,"name":"Sani Spa CollectionPi\u00e8ces D\u00e9tach\u00e9es &amp; Accessoires pour Spas","item":"https:\/\/www.sani-spa.fr\/collection\/"},{"@type":"ListItem","position":3,"name":"Colmateur de Fuite Fix a Leak"}]},{"@type":"WebSite","@id":"https:\/\/www.sani-spa.fr\/collection\/#website","url":"https:\/\/www.sani-spa.fr\/collection\/","name":"Sani Spa Collection","description":"Boutique spas &amp; accessoires spa","publisher":{"@id":"https:\/\/www.sani-spa.fr\/collection\/#organization"},"potentialAction":[{"@type":"SearchAction","target":{"@type":"EntryPoint","urlTemplate":"https:\/\/www.sani-spa.fr\/collection\/?s={search_term_string}"},"query-input":{"@type":"PropertyValueSpecification","valueRequired":true,"valueName":"search_term_string"}}],"inLanguage":"fr-FR"},{"@type":"Organization","@id":"https:\/\/www.sani-spa.fr\/collection\/#organization","name":"Sani Spa Collection","url":"https:\/\/www.sani-spa.fr\/collection\/","logo":{"@type":"ImageObject","inLanguage":"fr-FR","@id":"https:\/\/www.sani-spa.fr\/collection\/#\/schema\/logo\/image\/","url":"https:\/\/www.sani-spa.fr\/collection\/wp-collection\/uploads\/2017\/10\/logo-sani-spa-collection.png","contentUrl":"https:\/\/www.sani-spa.fr\/collection\/wp-collection\/uploads\/2017\/10\/logo-sani-spa-collection.png","width":231,"height":54,"caption":"Sani Spa Collection"},"image":{"@id":"https:\/\/www.sani-spa.fr\/collection\/#\/schema\/logo\/image\/"},"sameAs":["https:\/\/www.facebook.com\/sarlsanispa"]}]}},"jetpack_sharing_enabled":true,"_links":{"self":[{"href":"https:\/\/www.sani-spa.fr\/collection\/wp-json\/wp\/v2\/product\/847","targetHints":{"allow":["GET"]}}],"collection":[{"href":"https:\/\/www.sani-spa.fr\/collection\/wp-json\/wp\/v2\/product"}],"about":[{"href":"https:\/\/www.sani-spa.fr\/collection\/wp-json\/wp\/v2\/types\/product"}],"replies":[{"embeddable":true,"href":"https:\/\/www.sani-spa.fr\/collection\/wp-json\/wp\/v2\/comments?post=847"}],"wp:featuredmedia":[{"embeddable":true,"href":"https:\/\/www.sani-spa.fr\/collection\/wp-json\/wp\/v2\/media\/848"}],"wp:attachment":[{"href":"https:\/\/www.sani-spa.fr\/collection\/wp-json\/wp\/v2\/media?parent=847"}],"wp:term":[{"taxonomy":"product_brand","embeddable":true,"href":"https:\/\/www.sani-spa.fr\/collection\/wp-json\/wp\/v2\/product_brand?post=847"},{"taxonomy":"product_cat","embeddable":true,"href":"https:\/\/www.sani-spa.fr\/collection\/wp-json\/wp\/v2\/product_cat?post=847"},{"taxonomy":"product_tag","embeddable":true,"href":"https:\/\/www.sani-spa.fr\/collection\/wp-json\/wp\/v2\/product_tag?post=847"}],"curies":[{"name":"wp","href":"https:\/\/api.w.org\/{rel}","templated":true}]}}