{"id":901,"date":"2020-01-15T08:58:46","date_gmt":"2020-01-15T07:58:46","guid":{"rendered":"https:\/\/www.sani-spa.fr\/collection\/?post_type=product&#038;p=901"},"modified":"2020-11-10T17:25:28","modified_gmt":"2020-11-10T16:25:28","slug":"recharge-n4espa","status":"publish","type":"product","link":"https:\/\/www.sani-spa.fr\/collection\/produit\/recharge-n4espa\/","title":{"rendered":"Recharge N4Espa"},"content":{"rendered":"<h3>Filtre de rechange<\/h3>\n<h5>Composition :<\/h5>\n<ul class=\"list-icons\">\n<li class=\"text-justify\"><i class=\"fa fa-check-square-o pr-10\"><\/i>un filtre N4ESpa.<\/li>\n<li class=\"text-justify\"><i class=\"fa fa-check-square-o pr-10\"><\/i>des billes de c\u00e8dre d&#8217;Hinoki.<\/li>\n<li class=\"text-justify\"><i class=\"fa fa-check-square-o pr-10\"><\/i>une cartouche de coton synth\u00e9tique.<\/li>\n<\/ul>\n","protected":false},"excerpt":{"rendered":"<ul class=\"list-icons\">\n<li class=\"text-justify\"><i class=\"fa fa-check-square-o pr-10\"><\/i>G\u00e9n\u00e8re une eau douce aux effets apaisants et adoucissants pour les peaux sensibles et irrit\u00e9es (ecz\u00e9ma, psoriasis, etc&#8230;).<\/li>\n<li class=\"text-justify\"><i class=\"fa fa-check-square-o pr-10\"><\/i>Permet de filtrer le chlore et autres contaminants et absorbe en permanence des m\u00e9taux lourds tels que le plomb.<\/li>\n<li class=\"text-justify\"><i class=\"fa fa-check-square-o pr-10\"><\/i>Permet une \u00e9conomie d&#8217;eau jusqu&#8217;\u00e0 30%.<\/li>\n<li class=\"text-justify\"><i class=\"fa fa-check-square-o pr-10\"><\/i>Permet une \u00e9conomie de gel douche et de shampoing.<\/li>\n<li class=\"text-justify\"><i class=\"fa fa-check-square-o pr-10\"><\/i>Produit un effet SPA de d\u00e9tente en profondeur, en r\u00e9duisant les tensions musculaires et en soulageant les douleurs.<\/li>\n<li class=\"text-justify\"><i class=\"fa fa-check-square-o pr-10\"><\/i>Permet l&#8217;ionisation de l&#8217;eau gr\u00e2ce \u00e0 la tourmaline contenue dans le filtre.<\/li>\n<\/ul>\n","protected":false},"featured_media":902,"comment_status":"open","ping_status":"closed","template":"","meta":[],"product_brand":[],"product_cat":[32,17],"product_tag":[],"class_list":{"0":"post-901","1":"product","2":"type-product","3":"status-publish","4":"has-post-thumbnail","6":"product_cat-accessoires","7":"product_cat-accessoires-spas","9":"first","10":"outofstock","11":"taxable","12":"shipping-taxable","13":"purchasable","14":"product-type-simple"},"yoast_head":"<!-- This site is optimized with the Yoast SEO plugin v27.0 - https:\/\/yoast.com\/product\/yoast-seo-wordpress\/ -->\n<title>Recharge N4Espa | Sani Spa Collection<\/title>\n<meta name=\"robots\" content=\"index, follow, max-snippet:-1, max-image-preview:large, max-video-preview:-1\" \/>\n<link rel=\"canonical\" href=\"https:\/\/www.sani-spa.fr\/collection\/produit\/recharge-n4espa\/\" \/>\n<meta property=\"og:locale\" content=\"fr_FR\" \/>\n<meta property=\"og:type\" content=\"article\" \/>\n<meta property=\"og:title\" content=\"Recharge N4Espa | Sani Spa Collection\" \/>\n<meta property=\"og:description\" content=\"G\u00e9n\u00e8re une eau douce aux effets apaisants et adoucissants pour les peaux sensibles et irrit\u00e9es (ecz\u00e9ma, psoriasis, etc...).  Permet de filtrer le chlore et autres contaminants et absorbe en permanence des m\u00e9taux lourds tels que le plomb.  Permet une \u00e9conomie d&#039;eau jusqu&#039;\u00e0 30%.  Permet une \u00e9conomie de gel douche et de shampoing.  Produit un effet SPA de d\u00e9tente en profondeur, en r\u00e9duisant les tensions musculaires et en soulageant les douleurs.  Permet l&#039;ionisation de l&#039;eau gr\u00e2ce \u00e0 la tourmaline contenue dans le filtre.\" \/>\n<meta property=\"og:url\" content=\"https:\/\/www.sani-spa.fr\/collection\/produit\/recharge-n4espa\/\" \/>\n<meta property=\"og:site_name\" content=\"Sani Spa Collection\" \/>\n<meta property=\"article:publisher\" content=\"https:\/\/www.facebook.com\/sarlsanispa\" \/>\n<meta property=\"article:modified_time\" content=\"2020-11-10T16:25:28+00:00\" \/>\n<meta property=\"og:image\" content=\"https:\/\/www.sani-spa.fr\/collection\/wp-collection\/uploads\/2020\/01\/Ceramiques_Filtre_400.png\" \/>\n\t<meta property=\"og:image:width\" content=\"400\" \/>\n\t<meta property=\"og:image:height\" content=\"197\" \/>\n\t<meta property=\"og:image:type\" content=\"image\/png\" \/>\n<meta name=\"twitter:card\" content=\"summary_large_image\" \/>\n<script type=\"application\/ld+json\" class=\"yoast-schema-graph\">{\"@context\":\"https:\/\/schema.org\",\"@graph\":[{\"@type\":\"WebPage\",\"@id\":\"https:\/\/www.sani-spa.fr\/collection\/produit\/recharge-n4espa\/\",\"url\":\"https:\/\/www.sani-spa.fr\/collection\/produit\/recharge-n4espa\/\",\"name\":\"Recharge N4Espa | Sani Spa Collection\",\"isPartOf\":{\"@id\":\"https:\/\/www.sani-spa.fr\/collection\/#website\"},\"primaryImageOfPage\":{\"@id\":\"https:\/\/www.sani-spa.fr\/collection\/produit\/recharge-n4espa\/#primaryimage\"},\"image\":{\"@id\":\"https:\/\/www.sani-spa.fr\/collection\/produit\/recharge-n4espa\/#primaryimage\"},\"thumbnailUrl\":\"https:\/\/www.sani-spa.fr\/collection\/wp-collection\/uploads\/2020\/01\/Ceramiques_Filtre_400.png\",\"datePublished\":\"2020-01-15T07:58:46+00:00\",\"dateModified\":\"2020-11-10T16:25:28+00:00\",\"breadcrumb\":{\"@id\":\"https:\/\/www.sani-spa.fr\/collection\/produit\/recharge-n4espa\/#breadcrumb\"},\"inLanguage\":\"fr-FR\",\"potentialAction\":[{\"@type\":\"ReadAction\",\"target\":[\"https:\/\/www.sani-spa.fr\/collection\/produit\/recharge-n4espa\/\"]}]},{\"@type\":\"ImageObject\",\"inLanguage\":\"fr-FR\",\"@id\":\"https:\/\/www.sani-spa.fr\/collection\/produit\/recharge-n4espa\/#primaryimage\",\"url\":\"https:\/\/www.sani-spa.fr\/collection\/wp-collection\/uploads\/2020\/01\/Ceramiques_Filtre_400.png\",\"contentUrl\":\"https:\/\/www.sani-spa.fr\/collection\/wp-collection\/uploads\/2020\/01\/Ceramiques_Filtre_400.png\",\"width\":400,\"height\":197},{\"@type\":\"BreadcrumbList\",\"@id\":\"https:\/\/www.sani-spa.fr\/collection\/produit\/recharge-n4espa\/#breadcrumb\",\"itemListElement\":[{\"@type\":\"ListItem\",\"position\":1,\"name\":\"Accueil\",\"item\":\"https:\/\/www.sani-spa.fr\/collection\/\"},{\"@type\":\"ListItem\",\"position\":2,\"name\":\"Sani Spa CollectionPi\u00e8ces D\u00e9tach\u00e9es &amp; Accessoires pour Spas\",\"item\":\"https:\/\/www.sani-spa.fr\/collection\/\"},{\"@type\":\"ListItem\",\"position\":3,\"name\":\"Recharge N4Espa\"}]},{\"@type\":\"WebSite\",\"@id\":\"https:\/\/www.sani-spa.fr\/collection\/#website\",\"url\":\"https:\/\/www.sani-spa.fr\/collection\/\",\"name\":\"Sani Spa Collection\",\"description\":\"Boutique spas &amp; accessoires spa\",\"publisher\":{\"@id\":\"https:\/\/www.sani-spa.fr\/collection\/#organization\"},\"potentialAction\":[{\"@type\":\"SearchAction\",\"target\":{\"@type\":\"EntryPoint\",\"urlTemplate\":\"https:\/\/www.sani-spa.fr\/collection\/?s={search_term_string}\"},\"query-input\":{\"@type\":\"PropertyValueSpecification\",\"valueRequired\":true,\"valueName\":\"search_term_string\"}}],\"inLanguage\":\"fr-FR\"},{\"@type\":\"Organization\",\"@id\":\"https:\/\/www.sani-spa.fr\/collection\/#organization\",\"name\":\"Sani Spa Collection\",\"url\":\"https:\/\/www.sani-spa.fr\/collection\/\",\"logo\":{\"@type\":\"ImageObject\",\"inLanguage\":\"fr-FR\",\"@id\":\"https:\/\/www.sani-spa.fr\/collection\/#\/schema\/logo\/image\/\",\"url\":\"https:\/\/www.sani-spa.fr\/collection\/wp-collection\/uploads\/2017\/10\/logo-sani-spa-collection.png\",\"contentUrl\":\"https:\/\/www.sani-spa.fr\/collection\/wp-collection\/uploads\/2017\/10\/logo-sani-spa-collection.png\",\"width\":231,\"height\":54,\"caption\":\"Sani Spa Collection\"},\"image\":{\"@id\":\"https:\/\/www.sani-spa.fr\/collection\/#\/schema\/logo\/image\/\"},\"sameAs\":[\"https:\/\/www.facebook.com\/sarlsanispa\"]}]}<\/script>\n<!-- \/ Yoast SEO plugin. -->","yoast_head_json":{"title":"Recharge N4Espa | Sani Spa Collection","robots":{"index":"index","follow":"follow","max-snippet":"max-snippet:-1","max-image-preview":"max-image-preview:large","max-video-preview":"max-video-preview:-1"},"canonical":"https:\/\/www.sani-spa.fr\/collection\/produit\/recharge-n4espa\/","og_locale":"fr_FR","og_type":"article","og_title":"Recharge N4Espa | Sani Spa Collection","og_description":"G\u00e9n\u00e8re une eau douce aux effets apaisants et adoucissants pour les peaux sensibles et irrit\u00e9es (ecz\u00e9ma, psoriasis, etc...).  Permet de filtrer le chlore et autres contaminants et absorbe en permanence des m\u00e9taux lourds tels que le plomb.  Permet une \u00e9conomie d'eau jusqu'\u00e0 30%.  Permet une \u00e9conomie de gel douche et de shampoing.  Produit un effet SPA de d\u00e9tente en profondeur, en r\u00e9duisant les tensions musculaires et en soulageant les douleurs.  Permet l'ionisation de l'eau gr\u00e2ce \u00e0 la tourmaline contenue dans le filtre.","og_url":"https:\/\/www.sani-spa.fr\/collection\/produit\/recharge-n4espa\/","og_site_name":"Sani Spa Collection","article_publisher":"https:\/\/www.facebook.com\/sarlsanispa","article_modified_time":"2020-11-10T16:25:28+00:00","og_image":[{"width":400,"height":197,"url":"https:\/\/www.sani-spa.fr\/collection\/wp-collection\/uploads\/2020\/01\/Ceramiques_Filtre_400.png","type":"image\/png"}],"twitter_card":"summary_large_image","schema":{"@context":"https:\/\/schema.org","@graph":[{"@type":"WebPage","@id":"https:\/\/www.sani-spa.fr\/collection\/produit\/recharge-n4espa\/","url":"https:\/\/www.sani-spa.fr\/collection\/produit\/recharge-n4espa\/","name":"Recharge N4Espa | Sani Spa Collection","isPartOf":{"@id":"https:\/\/www.sani-spa.fr\/collection\/#website"},"primaryImageOfPage":{"@id":"https:\/\/www.sani-spa.fr\/collection\/produit\/recharge-n4espa\/#primaryimage"},"image":{"@id":"https:\/\/www.sani-spa.fr\/collection\/produit\/recharge-n4espa\/#primaryimage"},"thumbnailUrl":"https:\/\/www.sani-spa.fr\/collection\/wp-collection\/uploads\/2020\/01\/Ceramiques_Filtre_400.png","datePublished":"2020-01-15T07:58:46+00:00","dateModified":"2020-11-10T16:25:28+00:00","breadcrumb":{"@id":"https:\/\/www.sani-spa.fr\/collection\/produit\/recharge-n4espa\/#breadcrumb"},"inLanguage":"fr-FR","potentialAction":[{"@type":"ReadAction","target":["https:\/\/www.sani-spa.fr\/collection\/produit\/recharge-n4espa\/"]}]},{"@type":"ImageObject","inLanguage":"fr-FR","@id":"https:\/\/www.sani-spa.fr\/collection\/produit\/recharge-n4espa\/#primaryimage","url":"https:\/\/www.sani-spa.fr\/collection\/wp-collection\/uploads\/2020\/01\/Ceramiques_Filtre_400.png","contentUrl":"https:\/\/www.sani-spa.fr\/collection\/wp-collection\/uploads\/2020\/01\/Ceramiques_Filtre_400.png","width":400,"height":197},{"@type":"BreadcrumbList","@id":"https:\/\/www.sani-spa.fr\/collection\/produit\/recharge-n4espa\/#breadcrumb","itemListElement":[{"@type":"ListItem","position":1,"name":"Accueil","item":"https:\/\/www.sani-spa.fr\/collection\/"},{"@type":"ListItem","position":2,"name":"Sani Spa CollectionPi\u00e8ces D\u00e9tach\u00e9es &amp; Accessoires pour Spas","item":"https:\/\/www.sani-spa.fr\/collection\/"},{"@type":"ListItem","position":3,"name":"Recharge N4Espa"}]},{"@type":"WebSite","@id":"https:\/\/www.sani-spa.fr\/collection\/#website","url":"https:\/\/www.sani-spa.fr\/collection\/","name":"Sani Spa Collection","description":"Boutique spas &amp; accessoires spa","publisher":{"@id":"https:\/\/www.sani-spa.fr\/collection\/#organization"},"potentialAction":[{"@type":"SearchAction","target":{"@type":"EntryPoint","urlTemplate":"https:\/\/www.sani-spa.fr\/collection\/?s={search_term_string}"},"query-input":{"@type":"PropertyValueSpecification","valueRequired":true,"valueName":"search_term_string"}}],"inLanguage":"fr-FR"},{"@type":"Organization","@id":"https:\/\/www.sani-spa.fr\/collection\/#organization","name":"Sani Spa Collection","url":"https:\/\/www.sani-spa.fr\/collection\/","logo":{"@type":"ImageObject","inLanguage":"fr-FR","@id":"https:\/\/www.sani-spa.fr\/collection\/#\/schema\/logo\/image\/","url":"https:\/\/www.sani-spa.fr\/collection\/wp-collection\/uploads\/2017\/10\/logo-sani-spa-collection.png","contentUrl":"https:\/\/www.sani-spa.fr\/collection\/wp-collection\/uploads\/2017\/10\/logo-sani-spa-collection.png","width":231,"height":54,"caption":"Sani Spa Collection"},"image":{"@id":"https:\/\/www.sani-spa.fr\/collection\/#\/schema\/logo\/image\/"},"sameAs":["https:\/\/www.facebook.com\/sarlsanispa"]}]}},"jetpack_sharing_enabled":true,"_links":{"self":[{"href":"https:\/\/www.sani-spa.fr\/collection\/wp-json\/wp\/v2\/product\/901","targetHints":{"allow":["GET"]}}],"collection":[{"href":"https:\/\/www.sani-spa.fr\/collection\/wp-json\/wp\/v2\/product"}],"about":[{"href":"https:\/\/www.sani-spa.fr\/collection\/wp-json\/wp\/v2\/types\/product"}],"replies":[{"embeddable":true,"href":"https:\/\/www.sani-spa.fr\/collection\/wp-json\/wp\/v2\/comments?post=901"}],"wp:featuredmedia":[{"embeddable":true,"href":"https:\/\/www.sani-spa.fr\/collection\/wp-json\/wp\/v2\/media\/902"}],"wp:attachment":[{"href":"https:\/\/www.sani-spa.fr\/collection\/wp-json\/wp\/v2\/media?parent=901"}],"wp:term":[{"taxonomy":"product_brand","embeddable":true,"href":"https:\/\/www.sani-spa.fr\/collection\/wp-json\/wp\/v2\/product_brand?post=901"},{"taxonomy":"product_cat","embeddable":true,"href":"https:\/\/www.sani-spa.fr\/collection\/wp-json\/wp\/v2\/product_cat?post=901"},{"taxonomy":"product_tag","embeddable":true,"href":"https:\/\/www.sani-spa.fr\/collection\/wp-json\/wp\/v2\/product_tag?post=901"}],"curies":[{"name":"wp","href":"https:\/\/api.w.org\/{rel}","templated":true}]}}