{"id":904,"date":"2020-01-15T09:04:42","date_gmt":"2020-01-15T08:04:42","guid":{"rendered":"https:\/\/www.sani-spa.fr\/collection\/?post_type=product&#038;p=904"},"modified":"2023-02-07T17:13:21","modified_gmt":"2023-02-07T16:13:21","slug":"corps-de-pompe-waterway-euroexecutive","status":"publish","type":"product","link":"https:\/\/www.sani-spa.fr\/collection\/produit\/corps-de-pompe-waterway-euroexecutive\/","title":{"rendered":"Corps de pompe Waterway Euroexecutive"},"content":{"rendered":"<p>Comprend :<\/p>\n<ul>\n<li>Flasque avant<\/li>\n<li>Flasque arri\u00e8re<\/li>\n<li>Joint de flasque<\/li>\n<li>Garniture m\u00e9canique<\/li>\n<li>Turbine<\/li>\n<\/ul>\n<p>Compatible pour tuyauterie en aspiration et refoulement 2&#8243;(pouces)<\/p>\n","protected":false},"excerpt":{"rendered":"<p><b>Dimensions<\/b><br \/>\nLargeur : 204 mm<br \/>\nHauteur : 214 mm<br \/>\nEntraxe des points de fixation : 147 mm diagonal, 104 mm horizontal\/vertical. Ce corps est compatible avec des moteurs 56-Frame mono-vitesse et bi-vitesse.<\/p>\n<p><b>Raccordements<br \/>\n<\/b>Refoulement : embout\u00a0m\u00e2le filet\u00e9 d&#8217;un diam\u00e8tre ext\u00e9rieur de\u00a0<a class=\"underline\" href=\"https:\/\/www.tubs.fr\/union-de-pompe-78-mm-pour-tuyau-p-560.html\">78 mm<\/a><br \/>\nAspiration : embout m\u00e2le filet\u00e9 d&#8217;un diam\u00e8tre ext\u00e9rieur de\u00a0<a class=\"underline\" href=\"https:\/\/www.tubs.fr\/union-de-pompe-78-mm-pour-tuyau-p-560.html\">78 mm<\/a> ou de\u00a0<a class=\"underline\" href=\"https:\/\/www.tubs.fr\/union-de-pompe-94-mm-pour-tuyau-p-609.html\">94 mm<\/a><br \/>\nCe corps de pompe se raccorde normalement \u00e0 un tuyau en\u00a0<a class=\"underline\" href=\"https:\/\/www.tubs.fr\/tube-rigide-p-96.html\">2 pouces<\/a><\/p>\n","protected":false},"featured_media":905,"comment_status":"open","ping_status":"closed","template":"","meta":[],"product_brand":[],"product_cat":[18,35],"product_tag":[],"class_list":{"0":"post-904","1":"product","2":"type-product","3":"status-publish","4":"has-post-thumbnail","6":"product_cat-pieces-detachees","7":"product_cat-pieces-pour-pompes-de-spas","9":"first","10":"instock","11":"taxable","12":"shipping-taxable","13":"purchasable","14":"product-type-simple"},"yoast_head":"<!-- This site is optimized with the Yoast SEO plugin v27.0 - https:\/\/yoast.com\/product\/yoast-seo-wordpress\/ -->\n<title>Corps de pompe Waterway Euroexecutive | Sani Spa Collection<\/title>\n<meta name=\"robots\" content=\"index, follow, max-snippet:-1, max-image-preview:large, max-video-preview:-1\" \/>\n<link rel=\"canonical\" href=\"https:\/\/www.sani-spa.fr\/collection\/produit\/corps-de-pompe-waterway-euroexecutive\/\" \/>\n<meta property=\"og:locale\" content=\"fr_FR\" \/>\n<meta property=\"og:type\" content=\"article\" \/>\n<meta property=\"og:title\" content=\"Corps de pompe Waterway Euroexecutive | Sani Spa Collection\" \/>\n<meta property=\"og:description\" content=\"Dimensions Largeur : 204 mm Hauteur : 214 mm Entraxe des points de fixation : 147 mm diagonal, 104 mm horizontal\/vertical. Ce corps est compatible avec des moteurs 56-Frame mono-vitesse et bi-vitesse.  Raccordements Refoulement : embout\u00a0m\u00e2le filet\u00e9 d&#039;un diam\u00e8tre ext\u00e9rieur de\u00a078 mm Aspiration : embout m\u00e2le filet\u00e9 d&#039;un diam\u00e8tre ext\u00e9rieur de\u00a078 mm ou de\u00a094 mm Ce corps de pompe se raccorde normalement \u00e0 un tuyau en\u00a02 pouces\" \/>\n<meta property=\"og:url\" content=\"https:\/\/www.sani-spa.fr\/collection\/produit\/corps-de-pompe-waterway-euroexecutive\/\" \/>\n<meta property=\"og:site_name\" content=\"Sani Spa Collection\" \/>\n<meta property=\"article:publisher\" content=\"https:\/\/www.facebook.com\/sarlsanispa\" \/>\n<meta property=\"article:modified_time\" content=\"2023-02-07T16:13:21+00:00\" \/>\n<meta property=\"og:image\" content=\"https:\/\/www.sani-spa.fr\/collection\/wp-collection\/uploads\/2020\/01\/CorpsExecutive56Frame1-im-0x0.jpg\" \/>\n\t<meta property=\"og:image:width\" content=\"1000\" \/>\n\t<meta property=\"og:image:height\" content=\"800\" \/>\n\t<meta property=\"og:image:type\" content=\"image\/jpeg\" \/>\n<meta name=\"twitter:card\" content=\"summary_large_image\" \/>\n<script type=\"application\/ld+json\" class=\"yoast-schema-graph\">{\"@context\":\"https:\/\/schema.org\",\"@graph\":[{\"@type\":\"WebPage\",\"@id\":\"https:\/\/www.sani-spa.fr\/collection\/produit\/corps-de-pompe-waterway-euroexecutive\/\",\"url\":\"https:\/\/www.sani-spa.fr\/collection\/produit\/corps-de-pompe-waterway-euroexecutive\/\",\"name\":\"Corps de pompe Waterway Euroexecutive | Sani Spa Collection\",\"isPartOf\":{\"@id\":\"https:\/\/www.sani-spa.fr\/collection\/#website\"},\"primaryImageOfPage\":{\"@id\":\"https:\/\/www.sani-spa.fr\/collection\/produit\/corps-de-pompe-waterway-euroexecutive\/#primaryimage\"},\"image\":{\"@id\":\"https:\/\/www.sani-spa.fr\/collection\/produit\/corps-de-pompe-waterway-euroexecutive\/#primaryimage\"},\"thumbnailUrl\":\"https:\/\/www.sani-spa.fr\/collection\/wp-collection\/uploads\/2020\/01\/CorpsExecutive56Frame1-im-0x0.jpg\",\"datePublished\":\"2020-01-15T08:04:42+00:00\",\"dateModified\":\"2023-02-07T16:13:21+00:00\",\"breadcrumb\":{\"@id\":\"https:\/\/www.sani-spa.fr\/collection\/produit\/corps-de-pompe-waterway-euroexecutive\/#breadcrumb\"},\"inLanguage\":\"fr-FR\",\"potentialAction\":[{\"@type\":\"ReadAction\",\"target\":[\"https:\/\/www.sani-spa.fr\/collection\/produit\/corps-de-pompe-waterway-euroexecutive\/\"]}]},{\"@type\":\"ImageObject\",\"inLanguage\":\"fr-FR\",\"@id\":\"https:\/\/www.sani-spa.fr\/collection\/produit\/corps-de-pompe-waterway-euroexecutive\/#primaryimage\",\"url\":\"https:\/\/www.sani-spa.fr\/collection\/wp-collection\/uploads\/2020\/01\/CorpsExecutive56Frame1-im-0x0.jpg\",\"contentUrl\":\"https:\/\/www.sani-spa.fr\/collection\/wp-collection\/uploads\/2020\/01\/CorpsExecutive56Frame1-im-0x0.jpg\",\"width\":1000,\"height\":800},{\"@type\":\"BreadcrumbList\",\"@id\":\"https:\/\/www.sani-spa.fr\/collection\/produit\/corps-de-pompe-waterway-euroexecutive\/#breadcrumb\",\"itemListElement\":[{\"@type\":\"ListItem\",\"position\":1,\"name\":\"Accueil\",\"item\":\"https:\/\/www.sani-spa.fr\/collection\/\"},{\"@type\":\"ListItem\",\"position\":2,\"name\":\"Sani Spa CollectionPi\u00e8ces D\u00e9tach\u00e9es &amp; Accessoires pour Spas\",\"item\":\"https:\/\/www.sani-spa.fr\/collection\/\"},{\"@type\":\"ListItem\",\"position\":3,\"name\":\"Corps de pompe Waterway Euroexecutive\"}]},{\"@type\":\"WebSite\",\"@id\":\"https:\/\/www.sani-spa.fr\/collection\/#website\",\"url\":\"https:\/\/www.sani-spa.fr\/collection\/\",\"name\":\"Sani Spa Collection\",\"description\":\"Boutique spas &amp; accessoires spa\",\"publisher\":{\"@id\":\"https:\/\/www.sani-spa.fr\/collection\/#organization\"},\"potentialAction\":[{\"@type\":\"SearchAction\",\"target\":{\"@type\":\"EntryPoint\",\"urlTemplate\":\"https:\/\/www.sani-spa.fr\/collection\/?s={search_term_string}\"},\"query-input\":{\"@type\":\"PropertyValueSpecification\",\"valueRequired\":true,\"valueName\":\"search_term_string\"}}],\"inLanguage\":\"fr-FR\"},{\"@type\":\"Organization\",\"@id\":\"https:\/\/www.sani-spa.fr\/collection\/#organization\",\"name\":\"Sani Spa Collection\",\"url\":\"https:\/\/www.sani-spa.fr\/collection\/\",\"logo\":{\"@type\":\"ImageObject\",\"inLanguage\":\"fr-FR\",\"@id\":\"https:\/\/www.sani-spa.fr\/collection\/#\/schema\/logo\/image\/\",\"url\":\"https:\/\/www.sani-spa.fr\/collection\/wp-collection\/uploads\/2017\/10\/logo-sani-spa-collection.png\",\"contentUrl\":\"https:\/\/www.sani-spa.fr\/collection\/wp-collection\/uploads\/2017\/10\/logo-sani-spa-collection.png\",\"width\":231,\"height\":54,\"caption\":\"Sani Spa Collection\"},\"image\":{\"@id\":\"https:\/\/www.sani-spa.fr\/collection\/#\/schema\/logo\/image\/\"},\"sameAs\":[\"https:\/\/www.facebook.com\/sarlsanispa\"]}]}<\/script>\n<!-- \/ Yoast SEO plugin. -->","yoast_head_json":{"title":"Corps de pompe Waterway Euroexecutive | Sani Spa Collection","robots":{"index":"index","follow":"follow","max-snippet":"max-snippet:-1","max-image-preview":"max-image-preview:large","max-video-preview":"max-video-preview:-1"},"canonical":"https:\/\/www.sani-spa.fr\/collection\/produit\/corps-de-pompe-waterway-euroexecutive\/","og_locale":"fr_FR","og_type":"article","og_title":"Corps de pompe Waterway Euroexecutive | Sani Spa Collection","og_description":"Dimensions Largeur : 204 mm Hauteur : 214 mm Entraxe des points de fixation : 147 mm diagonal, 104 mm horizontal\/vertical. Ce corps est compatible avec des moteurs 56-Frame mono-vitesse et bi-vitesse.  Raccordements Refoulement : embout\u00a0m\u00e2le filet\u00e9 d'un diam\u00e8tre ext\u00e9rieur de\u00a078 mm Aspiration : embout m\u00e2le filet\u00e9 d'un diam\u00e8tre ext\u00e9rieur de\u00a078 mm ou de\u00a094 mm Ce corps de pompe se raccorde normalement \u00e0 un tuyau en\u00a02 pouces","og_url":"https:\/\/www.sani-spa.fr\/collection\/produit\/corps-de-pompe-waterway-euroexecutive\/","og_site_name":"Sani Spa Collection","article_publisher":"https:\/\/www.facebook.com\/sarlsanispa","article_modified_time":"2023-02-07T16:13:21+00:00","og_image":[{"width":1000,"height":800,"url":"https:\/\/www.sani-spa.fr\/collection\/wp-collection\/uploads\/2020\/01\/CorpsExecutive56Frame1-im-0x0.jpg","type":"image\/jpeg"}],"twitter_card":"summary_large_image","schema":{"@context":"https:\/\/schema.org","@graph":[{"@type":"WebPage","@id":"https:\/\/www.sani-spa.fr\/collection\/produit\/corps-de-pompe-waterway-euroexecutive\/","url":"https:\/\/www.sani-spa.fr\/collection\/produit\/corps-de-pompe-waterway-euroexecutive\/","name":"Corps de pompe Waterway Euroexecutive | Sani Spa Collection","isPartOf":{"@id":"https:\/\/www.sani-spa.fr\/collection\/#website"},"primaryImageOfPage":{"@id":"https:\/\/www.sani-spa.fr\/collection\/produit\/corps-de-pompe-waterway-euroexecutive\/#primaryimage"},"image":{"@id":"https:\/\/www.sani-spa.fr\/collection\/produit\/corps-de-pompe-waterway-euroexecutive\/#primaryimage"},"thumbnailUrl":"https:\/\/www.sani-spa.fr\/collection\/wp-collection\/uploads\/2020\/01\/CorpsExecutive56Frame1-im-0x0.jpg","datePublished":"2020-01-15T08:04:42+00:00","dateModified":"2023-02-07T16:13:21+00:00","breadcrumb":{"@id":"https:\/\/www.sani-spa.fr\/collection\/produit\/corps-de-pompe-waterway-euroexecutive\/#breadcrumb"},"inLanguage":"fr-FR","potentialAction":[{"@type":"ReadAction","target":["https:\/\/www.sani-spa.fr\/collection\/produit\/corps-de-pompe-waterway-euroexecutive\/"]}]},{"@type":"ImageObject","inLanguage":"fr-FR","@id":"https:\/\/www.sani-spa.fr\/collection\/produit\/corps-de-pompe-waterway-euroexecutive\/#primaryimage","url":"https:\/\/www.sani-spa.fr\/collection\/wp-collection\/uploads\/2020\/01\/CorpsExecutive56Frame1-im-0x0.jpg","contentUrl":"https:\/\/www.sani-spa.fr\/collection\/wp-collection\/uploads\/2020\/01\/CorpsExecutive56Frame1-im-0x0.jpg","width":1000,"height":800},{"@type":"BreadcrumbList","@id":"https:\/\/www.sani-spa.fr\/collection\/produit\/corps-de-pompe-waterway-euroexecutive\/#breadcrumb","itemListElement":[{"@type":"ListItem","position":1,"name":"Accueil","item":"https:\/\/www.sani-spa.fr\/collection\/"},{"@type":"ListItem","position":2,"name":"Sani Spa CollectionPi\u00e8ces D\u00e9tach\u00e9es &amp; Accessoires pour Spas","item":"https:\/\/www.sani-spa.fr\/collection\/"},{"@type":"ListItem","position":3,"name":"Corps de pompe Waterway Euroexecutive"}]},{"@type":"WebSite","@id":"https:\/\/www.sani-spa.fr\/collection\/#website","url":"https:\/\/www.sani-spa.fr\/collection\/","name":"Sani Spa Collection","description":"Boutique spas &amp; accessoires spa","publisher":{"@id":"https:\/\/www.sani-spa.fr\/collection\/#organization"},"potentialAction":[{"@type":"SearchAction","target":{"@type":"EntryPoint","urlTemplate":"https:\/\/www.sani-spa.fr\/collection\/?s={search_term_string}"},"query-input":{"@type":"PropertyValueSpecification","valueRequired":true,"valueName":"search_term_string"}}],"inLanguage":"fr-FR"},{"@type":"Organization","@id":"https:\/\/www.sani-spa.fr\/collection\/#organization","name":"Sani Spa Collection","url":"https:\/\/www.sani-spa.fr\/collection\/","logo":{"@type":"ImageObject","inLanguage":"fr-FR","@id":"https:\/\/www.sani-spa.fr\/collection\/#\/schema\/logo\/image\/","url":"https:\/\/www.sani-spa.fr\/collection\/wp-collection\/uploads\/2017\/10\/logo-sani-spa-collection.png","contentUrl":"https:\/\/www.sani-spa.fr\/collection\/wp-collection\/uploads\/2017\/10\/logo-sani-spa-collection.png","width":231,"height":54,"caption":"Sani Spa Collection"},"image":{"@id":"https:\/\/www.sani-spa.fr\/collection\/#\/schema\/logo\/image\/"},"sameAs":["https:\/\/www.facebook.com\/sarlsanispa"]}]}},"jetpack_sharing_enabled":true,"_links":{"self":[{"href":"https:\/\/www.sani-spa.fr\/collection\/wp-json\/wp\/v2\/product\/904","targetHints":{"allow":["GET"]}}],"collection":[{"href":"https:\/\/www.sani-spa.fr\/collection\/wp-json\/wp\/v2\/product"}],"about":[{"href":"https:\/\/www.sani-spa.fr\/collection\/wp-json\/wp\/v2\/types\/product"}],"replies":[{"embeddable":true,"href":"https:\/\/www.sani-spa.fr\/collection\/wp-json\/wp\/v2\/comments?post=904"}],"wp:featuredmedia":[{"embeddable":true,"href":"https:\/\/www.sani-spa.fr\/collection\/wp-json\/wp\/v2\/media\/905"}],"wp:attachment":[{"href":"https:\/\/www.sani-spa.fr\/collection\/wp-json\/wp\/v2\/media?parent=904"}],"wp:term":[{"taxonomy":"product_brand","embeddable":true,"href":"https:\/\/www.sani-spa.fr\/collection\/wp-json\/wp\/v2\/product_brand?post=904"},{"taxonomy":"product_cat","embeddable":true,"href":"https:\/\/www.sani-spa.fr\/collection\/wp-json\/wp\/v2\/product_cat?post=904"},{"taxonomy":"product_tag","embeddable":true,"href":"https:\/\/www.sani-spa.fr\/collection\/wp-json\/wp\/v2\/product_tag?post=904"}],"curies":[{"name":"wp","href":"https:\/\/api.w.org\/{rel}","templated":true}]}}