{"id":908,"date":"2020-01-21T16:18:17","date_gmt":"2020-01-21T15:18:17","guid":{"rendered":"https:\/\/www.sani-spa.fr\/collection\/?post_type=product&#038;p=908"},"modified":"2023-06-26T09:01:37","modified_gmt":"2023-06-26T07:01:37","slug":"oxygen-actif-spatime","status":"publish","type":"product","link":"https:\/\/www.sani-spa.fr\/collection\/produit\/oxygen-actif-spatime\/","title":{"rendered":"Oxyg\u00e8ne Actif Spatime"},"content":{"rendered":"<h2>APPLICATION<\/h2>\n<ul>\n<li>Les granul\u00e9s d&#8217;oxyg\u00e8ne actif Spatime d\u00e9sinfectent l&#8217;eau de votre Spa en douceur. Gr\u00e2ce \u00e0 l&#8217;utilisation de cette m\u00e9thode sans chlore, l&#8217;eau est plus douce pour la peau et les cheveux et n&#8217;a pas d&#8217;odeur. Pour renforcer l&#8217;efficacit\u00e9 des granul\u00e9s, vous devez utiliser en compl\u00e9ment Activateur Oxyg\u00e8ne Actif Spatime.<\/li>\n<\/ul>\n<h2>LES AVANTAGES:<\/h2>\n<ul>\n<li>Grand confort de baignade sans chlore et sans odeur, doux pour la peau et les cheveux<\/li>\n<li>Doux pour la peau, confirm\u00e9 par des tests dermatologiques<\/li>\n<li>Ne contient aucun m\u00e9tal<\/li>\n<li>Se dissout rapidement<\/li>\n<li>Se dissout compl\u00e8tement sans r\u00e9sidus<\/li>\n<\/ul>\n<h2>DESCRIPTION :<\/h2>\n<ul>\n<li>Granul\u00e9s d&#8217;oxyg\u00e8ne actifs blancs \u00e0 dissolution rapide<\/li>\n<li>Contient du Bis(peroxymonosulfate)bis(sulfate) de penapotassium<\/li>\n<\/ul>\n<h2>RECOMMANDATION \/ DOSAGE :<\/h2>\n<ul>\n<li>Contr\u00f4ler ma teneur en oxyg\u00e8ne actif \u00e0 l&#8217;aide de bandelettes d&#8217;analyses imp\u00e9rativement d\u00e8s que les granul\u00e9s sont enti\u00e8rement dissous pour une mesure correcte. La valeur doit \u00eatre au minimum de 8mg\/L. Si cette valeur n&#8217;est pas atteinte, ajouter une nouvelle fois la m\u00eame quantit\u00e9. Ajouter les granul\u00e9s directement dans l&#8217;eau du spa avant chaque utilisation, filtration en fonctionnement. En cas d&#8217;utilisation intensive du spa, la quantit\u00e9 doit \u00eatre doubl\u00e9e pour obtenir une d\u00e9sinfection suffisante.<\/li>\n<li>Dosage : 10-20g de granul\u00e9s par m3 avant chaque baignade<\/li>\n<\/ul>\n<p>Poids net : 1Kg<\/p>\n","protected":false},"excerpt":{"rendered":"<p><strong>OXYG\u00c8NE ACTIF\u00a0<\/strong> par Bayrol<\/p>\n<p>Les granul\u00e9s d&#8217;oxyg\u00e8nes actifs Spatimeont pour fonction la d\u00e9sinfection de l&#8217;eau de votre spa. Aucune pr\u00e9sence de chlore. Pas d&#8217;odeur et n&#8217;est pas agressif pour la peau.<\/p>\n<p>Ce produit est sous forme de granul\u00e9s \u00e0 dissolution rapide.<\/p>\n","protected":false},"featured_media":909,"comment_status":"open","ping_status":"closed","template":"","meta":[],"product_brand":[],"product_cat":[33,56,71],"product_tag":[],"class_list":{"0":"post-908","1":"product","2":"type-product","3":"status-publish","4":"has-post-thumbnail","6":"product_cat-produits-dentretien","7":"product_cat-au-detail","8":"product_cat-desinfection-de-leau-de-votre-spa","9":"product_shipping_class-produits","11":"first","12":"instock","13":"taxable","14":"shipping-taxable","15":"purchasable","16":"product-type-simple"},"yoast_head":"<!-- This site is optimized with the Yoast SEO plugin v27.0 - https:\/\/yoast.com\/product\/yoast-seo-wordpress\/ -->\n<title>Oxyg\u00e8ne Actif Spatime | Sani Spa Collection<\/title>\n<meta name=\"robots\" content=\"index, follow, max-snippet:-1, max-image-preview:large, max-video-preview:-1\" \/>\n<link rel=\"canonical\" href=\"https:\/\/www.sani-spa.fr\/collection\/produit\/oxygen-actif-spatime\/\" \/>\n<meta property=\"og:locale\" content=\"fr_FR\" \/>\n<meta property=\"og:type\" content=\"article\" \/>\n<meta property=\"og:title\" content=\"Oxyg\u00e8ne Actif Spatime | Sani Spa Collection\" \/>\n<meta property=\"og:description\" content=\"OXYG\u00c8NE ACTIF\u00a0 par Bayrol  Les granul\u00e9s d&#039;oxyg\u00e8nes actifs Spatimeont pour fonction la d\u00e9sinfection de l&#039;eau de votre spa. Aucune pr\u00e9sence de chlore. Pas d&#039;odeur et n&#039;est pas agressif pour la peau.  Ce produit est sous forme de granul\u00e9s \u00e0 dissolution rapide.\" \/>\n<meta property=\"og:url\" content=\"https:\/\/www.sani-spa.fr\/collection\/produit\/oxygen-actif-spatime\/\" \/>\n<meta property=\"og:site_name\" content=\"Sani Spa Collection\" \/>\n<meta property=\"article:publisher\" content=\"https:\/\/www.facebook.com\/sarlsanispa\" \/>\n<meta property=\"article:modified_time\" content=\"2023-06-26T07:01:37+00:00\" \/>\n<meta property=\"og:image\" content=\"http:\/\/www.sani-spa.fr\/collection\/wp-collection\/uploads\/2020\/01\/spatime_fr_oxygene_actif_granules_-1.jpg\" \/>\n\t<meta property=\"og:image:width\" content=\"600\" \/>\n\t<meta property=\"og:image:height\" content=\"600\" \/>\n\t<meta property=\"og:image:type\" content=\"image\/jpeg\" \/>\n<meta name=\"twitter:card\" content=\"summary_large_image\" \/>\n<meta name=\"twitter:label1\" content=\"Dur\u00e9e de lecture estim\u00e9e\" \/>\n\t<meta name=\"twitter:data1\" content=\"1 minute\" \/>\n<script type=\"application\/ld+json\" class=\"yoast-schema-graph\">{\"@context\":\"https:\/\/schema.org\",\"@graph\":[{\"@type\":\"WebPage\",\"@id\":\"https:\/\/www.sani-spa.fr\/collection\/produit\/oxygen-actif-spatime\/\",\"url\":\"https:\/\/www.sani-spa.fr\/collection\/produit\/oxygen-actif-spatime\/\",\"name\":\"Oxyg\u00e8ne Actif Spatime | Sani Spa Collection\",\"isPartOf\":{\"@id\":\"https:\/\/www.sani-spa.fr\/collection\/#website\"},\"primaryImageOfPage\":{\"@id\":\"https:\/\/www.sani-spa.fr\/collection\/produit\/oxygen-actif-spatime\/#primaryimage\"},\"image\":{\"@id\":\"https:\/\/www.sani-spa.fr\/collection\/produit\/oxygen-actif-spatime\/#primaryimage\"},\"thumbnailUrl\":\"https:\/\/www.sani-spa.fr\/collection\/wp-collection\/uploads\/2020\/01\/spatime_fr_oxygene_actif_granules_-1.jpg\",\"datePublished\":\"2020-01-21T15:18:17+00:00\",\"dateModified\":\"2023-06-26T07:01:37+00:00\",\"breadcrumb\":{\"@id\":\"https:\/\/www.sani-spa.fr\/collection\/produit\/oxygen-actif-spatime\/#breadcrumb\"},\"inLanguage\":\"fr-FR\",\"potentialAction\":[{\"@type\":\"ReadAction\",\"target\":[\"https:\/\/www.sani-spa.fr\/collection\/produit\/oxygen-actif-spatime\/\"]}]},{\"@type\":\"ImageObject\",\"inLanguage\":\"fr-FR\",\"@id\":\"https:\/\/www.sani-spa.fr\/collection\/produit\/oxygen-actif-spatime\/#primaryimage\",\"url\":\"https:\/\/www.sani-spa.fr\/collection\/wp-collection\/uploads\/2020\/01\/spatime_fr_oxygene_actif_granules_-1.jpg\",\"contentUrl\":\"https:\/\/www.sani-spa.fr\/collection\/wp-collection\/uploads\/2020\/01\/spatime_fr_oxygene_actif_granules_-1.jpg\",\"width\":600,\"height\":600},{\"@type\":\"BreadcrumbList\",\"@id\":\"https:\/\/www.sani-spa.fr\/collection\/produit\/oxygen-actif-spatime\/#breadcrumb\",\"itemListElement\":[{\"@type\":\"ListItem\",\"position\":1,\"name\":\"Accueil\",\"item\":\"https:\/\/www.sani-spa.fr\/collection\/\"},{\"@type\":\"ListItem\",\"position\":2,\"name\":\"Sani Spa CollectionPi\u00e8ces D\u00e9tach\u00e9es &amp; Accessoires pour Spas\",\"item\":\"https:\/\/www.sani-spa.fr\/collection\/\"},{\"@type\":\"ListItem\",\"position\":3,\"name\":\"Oxyg\u00e8ne Actif Spatime\"}]},{\"@type\":\"WebSite\",\"@id\":\"https:\/\/www.sani-spa.fr\/collection\/#website\",\"url\":\"https:\/\/www.sani-spa.fr\/collection\/\",\"name\":\"Sani Spa Collection\",\"description\":\"Boutique spas &amp; accessoires spa\",\"publisher\":{\"@id\":\"https:\/\/www.sani-spa.fr\/collection\/#organization\"},\"potentialAction\":[{\"@type\":\"SearchAction\",\"target\":{\"@type\":\"EntryPoint\",\"urlTemplate\":\"https:\/\/www.sani-spa.fr\/collection\/?s={search_term_string}\"},\"query-input\":{\"@type\":\"PropertyValueSpecification\",\"valueRequired\":true,\"valueName\":\"search_term_string\"}}],\"inLanguage\":\"fr-FR\"},{\"@type\":\"Organization\",\"@id\":\"https:\/\/www.sani-spa.fr\/collection\/#organization\",\"name\":\"Sani Spa Collection\",\"url\":\"https:\/\/www.sani-spa.fr\/collection\/\",\"logo\":{\"@type\":\"ImageObject\",\"inLanguage\":\"fr-FR\",\"@id\":\"https:\/\/www.sani-spa.fr\/collection\/#\/schema\/logo\/image\/\",\"url\":\"https:\/\/www.sani-spa.fr\/collection\/wp-collection\/uploads\/2017\/10\/logo-sani-spa-collection.png\",\"contentUrl\":\"https:\/\/www.sani-spa.fr\/collection\/wp-collection\/uploads\/2017\/10\/logo-sani-spa-collection.png\",\"width\":231,\"height\":54,\"caption\":\"Sani Spa Collection\"},\"image\":{\"@id\":\"https:\/\/www.sani-spa.fr\/collection\/#\/schema\/logo\/image\/\"},\"sameAs\":[\"https:\/\/www.facebook.com\/sarlsanispa\"]}]}<\/script>\n<!-- \/ Yoast SEO plugin. -->","yoast_head_json":{"title":"Oxyg\u00e8ne Actif Spatime | Sani Spa Collection","robots":{"index":"index","follow":"follow","max-snippet":"max-snippet:-1","max-image-preview":"max-image-preview:large","max-video-preview":"max-video-preview:-1"},"canonical":"https:\/\/www.sani-spa.fr\/collection\/produit\/oxygen-actif-spatime\/","og_locale":"fr_FR","og_type":"article","og_title":"Oxyg\u00e8ne Actif Spatime | Sani Spa Collection","og_description":"OXYG\u00c8NE ACTIF\u00a0 par Bayrol  Les granul\u00e9s d'oxyg\u00e8nes actifs Spatimeont pour fonction la d\u00e9sinfection de l'eau de votre spa. Aucune pr\u00e9sence de chlore. Pas d'odeur et n'est pas agressif pour la peau.  Ce produit est sous forme de granul\u00e9s \u00e0 dissolution rapide.","og_url":"https:\/\/www.sani-spa.fr\/collection\/produit\/oxygen-actif-spatime\/","og_site_name":"Sani Spa Collection","article_publisher":"https:\/\/www.facebook.com\/sarlsanispa","article_modified_time":"2023-06-26T07:01:37+00:00","og_image":[{"width":600,"height":600,"url":"http:\/\/www.sani-spa.fr\/collection\/wp-collection\/uploads\/2020\/01\/spatime_fr_oxygene_actif_granules_-1.jpg","type":"image\/jpeg"}],"twitter_card":"summary_large_image","twitter_misc":{"Dur\u00e9e de lecture estim\u00e9e":"1 minute"},"schema":{"@context":"https:\/\/schema.org","@graph":[{"@type":"WebPage","@id":"https:\/\/www.sani-spa.fr\/collection\/produit\/oxygen-actif-spatime\/","url":"https:\/\/www.sani-spa.fr\/collection\/produit\/oxygen-actif-spatime\/","name":"Oxyg\u00e8ne Actif Spatime | Sani Spa Collection","isPartOf":{"@id":"https:\/\/www.sani-spa.fr\/collection\/#website"},"primaryImageOfPage":{"@id":"https:\/\/www.sani-spa.fr\/collection\/produit\/oxygen-actif-spatime\/#primaryimage"},"image":{"@id":"https:\/\/www.sani-spa.fr\/collection\/produit\/oxygen-actif-spatime\/#primaryimage"},"thumbnailUrl":"https:\/\/www.sani-spa.fr\/collection\/wp-collection\/uploads\/2020\/01\/spatime_fr_oxygene_actif_granules_-1.jpg","datePublished":"2020-01-21T15:18:17+00:00","dateModified":"2023-06-26T07:01:37+00:00","breadcrumb":{"@id":"https:\/\/www.sani-spa.fr\/collection\/produit\/oxygen-actif-spatime\/#breadcrumb"},"inLanguage":"fr-FR","potentialAction":[{"@type":"ReadAction","target":["https:\/\/www.sani-spa.fr\/collection\/produit\/oxygen-actif-spatime\/"]}]},{"@type":"ImageObject","inLanguage":"fr-FR","@id":"https:\/\/www.sani-spa.fr\/collection\/produit\/oxygen-actif-spatime\/#primaryimage","url":"https:\/\/www.sani-spa.fr\/collection\/wp-collection\/uploads\/2020\/01\/spatime_fr_oxygene_actif_granules_-1.jpg","contentUrl":"https:\/\/www.sani-spa.fr\/collection\/wp-collection\/uploads\/2020\/01\/spatime_fr_oxygene_actif_granules_-1.jpg","width":600,"height":600},{"@type":"BreadcrumbList","@id":"https:\/\/www.sani-spa.fr\/collection\/produit\/oxygen-actif-spatime\/#breadcrumb","itemListElement":[{"@type":"ListItem","position":1,"name":"Accueil","item":"https:\/\/www.sani-spa.fr\/collection\/"},{"@type":"ListItem","position":2,"name":"Sani Spa CollectionPi\u00e8ces D\u00e9tach\u00e9es &amp; Accessoires pour Spas","item":"https:\/\/www.sani-spa.fr\/collection\/"},{"@type":"ListItem","position":3,"name":"Oxyg\u00e8ne Actif Spatime"}]},{"@type":"WebSite","@id":"https:\/\/www.sani-spa.fr\/collection\/#website","url":"https:\/\/www.sani-spa.fr\/collection\/","name":"Sani Spa Collection","description":"Boutique spas &amp; accessoires spa","publisher":{"@id":"https:\/\/www.sani-spa.fr\/collection\/#organization"},"potentialAction":[{"@type":"SearchAction","target":{"@type":"EntryPoint","urlTemplate":"https:\/\/www.sani-spa.fr\/collection\/?s={search_term_string}"},"query-input":{"@type":"PropertyValueSpecification","valueRequired":true,"valueName":"search_term_string"}}],"inLanguage":"fr-FR"},{"@type":"Organization","@id":"https:\/\/www.sani-spa.fr\/collection\/#organization","name":"Sani Spa Collection","url":"https:\/\/www.sani-spa.fr\/collection\/","logo":{"@type":"ImageObject","inLanguage":"fr-FR","@id":"https:\/\/www.sani-spa.fr\/collection\/#\/schema\/logo\/image\/","url":"https:\/\/www.sani-spa.fr\/collection\/wp-collection\/uploads\/2017\/10\/logo-sani-spa-collection.png","contentUrl":"https:\/\/www.sani-spa.fr\/collection\/wp-collection\/uploads\/2017\/10\/logo-sani-spa-collection.png","width":231,"height":54,"caption":"Sani Spa Collection"},"image":{"@id":"https:\/\/www.sani-spa.fr\/collection\/#\/schema\/logo\/image\/"},"sameAs":["https:\/\/www.facebook.com\/sarlsanispa"]}]}},"jetpack_sharing_enabled":true,"_links":{"self":[{"href":"https:\/\/www.sani-spa.fr\/collection\/wp-json\/wp\/v2\/product\/908","targetHints":{"allow":["GET"]}}],"collection":[{"href":"https:\/\/www.sani-spa.fr\/collection\/wp-json\/wp\/v2\/product"}],"about":[{"href":"https:\/\/www.sani-spa.fr\/collection\/wp-json\/wp\/v2\/types\/product"}],"replies":[{"embeddable":true,"href":"https:\/\/www.sani-spa.fr\/collection\/wp-json\/wp\/v2\/comments?post=908"}],"wp:featuredmedia":[{"embeddable":true,"href":"https:\/\/www.sani-spa.fr\/collection\/wp-json\/wp\/v2\/media\/909"}],"wp:attachment":[{"href":"https:\/\/www.sani-spa.fr\/collection\/wp-json\/wp\/v2\/media?parent=908"}],"wp:term":[{"taxonomy":"product_brand","embeddable":true,"href":"https:\/\/www.sani-spa.fr\/collection\/wp-json\/wp\/v2\/product_brand?post=908"},{"taxonomy":"product_cat","embeddable":true,"href":"https:\/\/www.sani-spa.fr\/collection\/wp-json\/wp\/v2\/product_cat?post=908"},{"taxonomy":"product_tag","embeddable":true,"href":"https:\/\/www.sani-spa.fr\/collection\/wp-json\/wp\/v2\/product_tag?post=908"}],"curies":[{"name":"wp","href":"https:\/\/api.w.org\/{rel}","templated":true}]}}