{"id":910,"date":"2020-01-21T16:21:13","date_gmt":"2020-01-21T15:21:13","guid":{"rendered":"https:\/\/www.sani-spa.fr\/collection\/?post_type=product&#038;p=910"},"modified":"2023-06-26T08:56:53","modified_gmt":"2023-06-26T06:56:53","slug":"activateur-oxygen-actif","status":"publish","type":"product","link":"https:\/\/www.sani-spa.fr\/collection\/produit\/activateur-oxygen-actif\/","title":{"rendered":"Activateur Oxyg\u00e8ne Actif"},"content":{"rendered":"<h2>APPLICATION<\/h2>\n<ul>\n<li>L&#8217;Activateur Oxyg\u00e8ne Actif Spatime renforce l&#8217;effet des granul\u00e9s d&#8217;oxyg\u00e8ne actif et augmente leur pouvoir d\u00e9sinfectant. l&#8217;efficacit\u00e9 de l&#8217;activateur est garantie seulement en combinaison avec des granul\u00e9s d&#8217;oxyg\u00e8ne actif SpaTime.<\/li>\n<\/ul>\n<h2>LES AVANTAGES:<\/h2>\n<ul>\n<li>Ne contient aucun m\u00e9tal<\/li>\n<li>Ne provoque pas de mousse<\/li>\n<li>N&#8217;influence pas le pH<\/li>\n<\/ul>\n<h2>DESCRIPTION :<\/h2>\n<ul>\n<li>Liquide algicide concentr\u00e9.<\/li>\n<li>Contient du Polym\u00e8re de N-m\u00e9thylm\u00e9thanamine(chloromethyl)oxirane<\/li>\n<\/ul>\n<h2>RECOMMANDATION \/ DOSAGE :<\/h2>\n<ul>\n<li>Doser tout d&#8217;abord les granul\u00e9s d&#8217;oxyg\u00e8ne actif, puis ajouter l&#8217;activateur directement dans l&#8217;eau du spa, filtration en fonctionnement.<\/li>\n<li>Dosage : 20 ml de produit par m3 par semaine<\/li>\n<\/ul>\n<p>Contenance : 1L<\/p>\n","protected":false},"excerpt":{"rendered":"<p><strong>Activateur Oxyg\u00e8ne Actif Spatime<\/strong> par Bayrol<\/p>\n<p>L&#8217;Activateur d&#8217;Oxyg\u00e8ne Actif Spatime accroit l&#8217;effet des granul\u00e9s d&#8217;oxyg\u00e8ne actif et renforce leur pouvoir d\u00e9sinfectant.<\/p>\n<p>Ce produit est sous forme de liquide algicide concentr\u00e9.<\/p>\n","protected":false},"featured_media":911,"comment_status":"open","ping_status":"closed","template":"","meta":[],"product_brand":[],"product_cat":[33,56,71],"product_tag":[],"class_list":{"0":"post-910","1":"product","2":"type-product","3":"status-publish","4":"has-post-thumbnail","6":"product_cat-produits-dentretien","7":"product_cat-au-detail","8":"product_cat-desinfection-de-leau-de-votre-spa","10":"first","11":"instock","12":"taxable","13":"shipping-taxable","14":"purchasable","15":"product-type-simple"},"yoast_head":"<!-- This site is optimized with the Yoast SEO plugin v27.0 - https:\/\/yoast.com\/product\/yoast-seo-wordpress\/ -->\n<title>Activateur Oxyg\u00e8ne Actif | Sani Spa Collection<\/title>\n<meta name=\"robots\" content=\"index, follow, max-snippet:-1, max-image-preview:large, max-video-preview:-1\" \/>\n<link rel=\"canonical\" href=\"https:\/\/www.sani-spa.fr\/collection\/produit\/activateur-oxygen-actif\/\" \/>\n<meta property=\"og:locale\" content=\"fr_FR\" \/>\n<meta property=\"og:type\" content=\"article\" \/>\n<meta property=\"og:title\" content=\"Activateur Oxyg\u00e8ne Actif | Sani Spa Collection\" \/>\n<meta property=\"og:description\" content=\"Activateur Oxyg\u00e8ne Actif Spatime par Bayrol  L&#039;Activateur d&#039;Oxyg\u00e8ne Actif Spatime accroit l&#039;effet des granul\u00e9s d&#039;oxyg\u00e8ne actif et renforce leur pouvoir d\u00e9sinfectant.  Ce produit est sous forme de liquide algicide concentr\u00e9.\" \/>\n<meta property=\"og:url\" content=\"https:\/\/www.sani-spa.fr\/collection\/produit\/activateur-oxygen-actif\/\" \/>\n<meta property=\"og:site_name\" content=\"Sani Spa Collection\" \/>\n<meta property=\"article:publisher\" content=\"https:\/\/www.facebook.com\/sarlsanispa\" \/>\n<meta property=\"article:modified_time\" content=\"2023-06-26T06:56:53+00:00\" \/>\n<meta property=\"og:image\" content=\"http:\/\/www.sani-spa.fr\/collection\/wp-collection\/uploads\/2020\/01\/spatime_fr_activateur_oxygen_actif_-1.jpg\" \/>\n\t<meta property=\"og:image:width\" content=\"600\" \/>\n\t<meta property=\"og:image:height\" content=\"600\" \/>\n\t<meta property=\"og:image:type\" content=\"image\/jpeg\" \/>\n<meta name=\"twitter:card\" content=\"summary_large_image\" \/>\n<meta name=\"twitter:label1\" content=\"Dur\u00e9e de lecture estim\u00e9e\" \/>\n\t<meta name=\"twitter:data1\" content=\"1 minute\" \/>\n<script type=\"application\/ld+json\" class=\"yoast-schema-graph\">{\"@context\":\"https:\/\/schema.org\",\"@graph\":[{\"@type\":\"WebPage\",\"@id\":\"https:\/\/www.sani-spa.fr\/collection\/produit\/activateur-oxygen-actif\/\",\"url\":\"https:\/\/www.sani-spa.fr\/collection\/produit\/activateur-oxygen-actif\/\",\"name\":\"Activateur Oxyg\u00e8ne Actif | Sani Spa Collection\",\"isPartOf\":{\"@id\":\"https:\/\/www.sani-spa.fr\/collection\/#website\"},\"primaryImageOfPage\":{\"@id\":\"https:\/\/www.sani-spa.fr\/collection\/produit\/activateur-oxygen-actif\/#primaryimage\"},\"image\":{\"@id\":\"https:\/\/www.sani-spa.fr\/collection\/produit\/activateur-oxygen-actif\/#primaryimage\"},\"thumbnailUrl\":\"https:\/\/www.sani-spa.fr\/collection\/wp-collection\/uploads\/2020\/01\/spatime_fr_activateur_oxygen_actif_-1.jpg\",\"datePublished\":\"2020-01-21T15:21:13+00:00\",\"dateModified\":\"2023-06-26T06:56:53+00:00\",\"breadcrumb\":{\"@id\":\"https:\/\/www.sani-spa.fr\/collection\/produit\/activateur-oxygen-actif\/#breadcrumb\"},\"inLanguage\":\"fr-FR\",\"potentialAction\":[{\"@type\":\"ReadAction\",\"target\":[\"https:\/\/www.sani-spa.fr\/collection\/produit\/activateur-oxygen-actif\/\"]}]},{\"@type\":\"ImageObject\",\"inLanguage\":\"fr-FR\",\"@id\":\"https:\/\/www.sani-spa.fr\/collection\/produit\/activateur-oxygen-actif\/#primaryimage\",\"url\":\"https:\/\/www.sani-spa.fr\/collection\/wp-collection\/uploads\/2020\/01\/spatime_fr_activateur_oxygen_actif_-1.jpg\",\"contentUrl\":\"https:\/\/www.sani-spa.fr\/collection\/wp-collection\/uploads\/2020\/01\/spatime_fr_activateur_oxygen_actif_-1.jpg\",\"width\":600,\"height\":600},{\"@type\":\"BreadcrumbList\",\"@id\":\"https:\/\/www.sani-spa.fr\/collection\/produit\/activateur-oxygen-actif\/#breadcrumb\",\"itemListElement\":[{\"@type\":\"ListItem\",\"position\":1,\"name\":\"Accueil\",\"item\":\"https:\/\/www.sani-spa.fr\/collection\/\"},{\"@type\":\"ListItem\",\"position\":2,\"name\":\"Sani Spa CollectionPi\u00e8ces D\u00e9tach\u00e9es &amp; Accessoires pour Spas\",\"item\":\"https:\/\/www.sani-spa.fr\/collection\/\"},{\"@type\":\"ListItem\",\"position\":3,\"name\":\"Activateur Oxyg\u00e8ne Actif\"}]},{\"@type\":\"WebSite\",\"@id\":\"https:\/\/www.sani-spa.fr\/collection\/#website\",\"url\":\"https:\/\/www.sani-spa.fr\/collection\/\",\"name\":\"Sani Spa Collection\",\"description\":\"Boutique spas &amp; accessoires spa\",\"publisher\":{\"@id\":\"https:\/\/www.sani-spa.fr\/collection\/#organization\"},\"potentialAction\":[{\"@type\":\"SearchAction\",\"target\":{\"@type\":\"EntryPoint\",\"urlTemplate\":\"https:\/\/www.sani-spa.fr\/collection\/?s={search_term_string}\"},\"query-input\":{\"@type\":\"PropertyValueSpecification\",\"valueRequired\":true,\"valueName\":\"search_term_string\"}}],\"inLanguage\":\"fr-FR\"},{\"@type\":\"Organization\",\"@id\":\"https:\/\/www.sani-spa.fr\/collection\/#organization\",\"name\":\"Sani Spa Collection\",\"url\":\"https:\/\/www.sani-spa.fr\/collection\/\",\"logo\":{\"@type\":\"ImageObject\",\"inLanguage\":\"fr-FR\",\"@id\":\"https:\/\/www.sani-spa.fr\/collection\/#\/schema\/logo\/image\/\",\"url\":\"https:\/\/www.sani-spa.fr\/collection\/wp-collection\/uploads\/2017\/10\/logo-sani-spa-collection.png\",\"contentUrl\":\"https:\/\/www.sani-spa.fr\/collection\/wp-collection\/uploads\/2017\/10\/logo-sani-spa-collection.png\",\"width\":231,\"height\":54,\"caption\":\"Sani Spa Collection\"},\"image\":{\"@id\":\"https:\/\/www.sani-spa.fr\/collection\/#\/schema\/logo\/image\/\"},\"sameAs\":[\"https:\/\/www.facebook.com\/sarlsanispa\"]}]}<\/script>\n<!-- \/ Yoast SEO plugin. -->","yoast_head_json":{"title":"Activateur Oxyg\u00e8ne Actif | Sani Spa Collection","robots":{"index":"index","follow":"follow","max-snippet":"max-snippet:-1","max-image-preview":"max-image-preview:large","max-video-preview":"max-video-preview:-1"},"canonical":"https:\/\/www.sani-spa.fr\/collection\/produit\/activateur-oxygen-actif\/","og_locale":"fr_FR","og_type":"article","og_title":"Activateur Oxyg\u00e8ne Actif | Sani Spa Collection","og_description":"Activateur Oxyg\u00e8ne Actif Spatime par Bayrol  L'Activateur d'Oxyg\u00e8ne Actif Spatime accroit l'effet des granul\u00e9s d'oxyg\u00e8ne actif et renforce leur pouvoir d\u00e9sinfectant.  Ce produit est sous forme de liquide algicide concentr\u00e9.","og_url":"https:\/\/www.sani-spa.fr\/collection\/produit\/activateur-oxygen-actif\/","og_site_name":"Sani Spa Collection","article_publisher":"https:\/\/www.facebook.com\/sarlsanispa","article_modified_time":"2023-06-26T06:56:53+00:00","og_image":[{"width":600,"height":600,"url":"http:\/\/www.sani-spa.fr\/collection\/wp-collection\/uploads\/2020\/01\/spatime_fr_activateur_oxygen_actif_-1.jpg","type":"image\/jpeg"}],"twitter_card":"summary_large_image","twitter_misc":{"Dur\u00e9e de lecture estim\u00e9e":"1 minute"},"schema":{"@context":"https:\/\/schema.org","@graph":[{"@type":"WebPage","@id":"https:\/\/www.sani-spa.fr\/collection\/produit\/activateur-oxygen-actif\/","url":"https:\/\/www.sani-spa.fr\/collection\/produit\/activateur-oxygen-actif\/","name":"Activateur Oxyg\u00e8ne Actif | Sani Spa Collection","isPartOf":{"@id":"https:\/\/www.sani-spa.fr\/collection\/#website"},"primaryImageOfPage":{"@id":"https:\/\/www.sani-spa.fr\/collection\/produit\/activateur-oxygen-actif\/#primaryimage"},"image":{"@id":"https:\/\/www.sani-spa.fr\/collection\/produit\/activateur-oxygen-actif\/#primaryimage"},"thumbnailUrl":"https:\/\/www.sani-spa.fr\/collection\/wp-collection\/uploads\/2020\/01\/spatime_fr_activateur_oxygen_actif_-1.jpg","datePublished":"2020-01-21T15:21:13+00:00","dateModified":"2023-06-26T06:56:53+00:00","breadcrumb":{"@id":"https:\/\/www.sani-spa.fr\/collection\/produit\/activateur-oxygen-actif\/#breadcrumb"},"inLanguage":"fr-FR","potentialAction":[{"@type":"ReadAction","target":["https:\/\/www.sani-spa.fr\/collection\/produit\/activateur-oxygen-actif\/"]}]},{"@type":"ImageObject","inLanguage":"fr-FR","@id":"https:\/\/www.sani-spa.fr\/collection\/produit\/activateur-oxygen-actif\/#primaryimage","url":"https:\/\/www.sani-spa.fr\/collection\/wp-collection\/uploads\/2020\/01\/spatime_fr_activateur_oxygen_actif_-1.jpg","contentUrl":"https:\/\/www.sani-spa.fr\/collection\/wp-collection\/uploads\/2020\/01\/spatime_fr_activateur_oxygen_actif_-1.jpg","width":600,"height":600},{"@type":"BreadcrumbList","@id":"https:\/\/www.sani-spa.fr\/collection\/produit\/activateur-oxygen-actif\/#breadcrumb","itemListElement":[{"@type":"ListItem","position":1,"name":"Accueil","item":"https:\/\/www.sani-spa.fr\/collection\/"},{"@type":"ListItem","position":2,"name":"Sani Spa CollectionPi\u00e8ces D\u00e9tach\u00e9es &amp; Accessoires pour Spas","item":"https:\/\/www.sani-spa.fr\/collection\/"},{"@type":"ListItem","position":3,"name":"Activateur Oxyg\u00e8ne Actif"}]},{"@type":"WebSite","@id":"https:\/\/www.sani-spa.fr\/collection\/#website","url":"https:\/\/www.sani-spa.fr\/collection\/","name":"Sani Spa Collection","description":"Boutique spas &amp; accessoires spa","publisher":{"@id":"https:\/\/www.sani-spa.fr\/collection\/#organization"},"potentialAction":[{"@type":"SearchAction","target":{"@type":"EntryPoint","urlTemplate":"https:\/\/www.sani-spa.fr\/collection\/?s={search_term_string}"},"query-input":{"@type":"PropertyValueSpecification","valueRequired":true,"valueName":"search_term_string"}}],"inLanguage":"fr-FR"},{"@type":"Organization","@id":"https:\/\/www.sani-spa.fr\/collection\/#organization","name":"Sani Spa Collection","url":"https:\/\/www.sani-spa.fr\/collection\/","logo":{"@type":"ImageObject","inLanguage":"fr-FR","@id":"https:\/\/www.sani-spa.fr\/collection\/#\/schema\/logo\/image\/","url":"https:\/\/www.sani-spa.fr\/collection\/wp-collection\/uploads\/2017\/10\/logo-sani-spa-collection.png","contentUrl":"https:\/\/www.sani-spa.fr\/collection\/wp-collection\/uploads\/2017\/10\/logo-sani-spa-collection.png","width":231,"height":54,"caption":"Sani Spa Collection"},"image":{"@id":"https:\/\/www.sani-spa.fr\/collection\/#\/schema\/logo\/image\/"},"sameAs":["https:\/\/www.facebook.com\/sarlsanispa"]}]}},"jetpack_sharing_enabled":true,"_links":{"self":[{"href":"https:\/\/www.sani-spa.fr\/collection\/wp-json\/wp\/v2\/product\/910","targetHints":{"allow":["GET"]}}],"collection":[{"href":"https:\/\/www.sani-spa.fr\/collection\/wp-json\/wp\/v2\/product"}],"about":[{"href":"https:\/\/www.sani-spa.fr\/collection\/wp-json\/wp\/v2\/types\/product"}],"replies":[{"embeddable":true,"href":"https:\/\/www.sani-spa.fr\/collection\/wp-json\/wp\/v2\/comments?post=910"}],"wp:featuredmedia":[{"embeddable":true,"href":"https:\/\/www.sani-spa.fr\/collection\/wp-json\/wp\/v2\/media\/911"}],"wp:attachment":[{"href":"https:\/\/www.sani-spa.fr\/collection\/wp-json\/wp\/v2\/media?parent=910"}],"wp:term":[{"taxonomy":"product_brand","embeddable":true,"href":"https:\/\/www.sani-spa.fr\/collection\/wp-json\/wp\/v2\/product_brand?post=910"},{"taxonomy":"product_cat","embeddable":true,"href":"https:\/\/www.sani-spa.fr\/collection\/wp-json\/wp\/v2\/product_cat?post=910"},{"taxonomy":"product_tag","embeddable":true,"href":"https:\/\/www.sani-spa.fr\/collection\/wp-json\/wp\/v2\/product_tag?post=910"}],"curies":[{"name":"wp","href":"https:\/\/api.w.org\/{rel}","templated":true}]}}