{"id":916,"date":"2020-01-21T16:59:11","date_gmt":"2020-01-21T15:59:11","guid":{"rendered":"https:\/\/www.sani-spa.fr\/collection\/?post_type=product&#038;p=916"},"modified":"2022-11-29T16:34:22","modified_gmt":"2022-11-29T15:34:22","slug":"anti-calcaire-spatime-bayrol","status":"publish","type":"product","link":"https:\/\/www.sani-spa.fr\/collection\/produit\/anti-calcaire-spatime-bayrol\/","title":{"rendered":"Anti Calcaire Spatime Bayrol"},"content":{"rendered":"<h2>APPLICATION<\/h2>\n<ul>\n<li>L&#8217;Anti-Calcaire Spa time pr\u00e9vient la formation des d\u00e9p\u00f4ts calcaires sur les parois et les conduites de votre Spa.<\/li>\n<\/ul>\n<h2>LES AVANTAGES:<\/h2>\n<ul>\n<li>Stable en pr\u00e9sence de chlore<\/li>\n<li>R\u00e9sistant au chlore<\/li>\n<li>Evite les t\u00e2ches<\/li>\n<li>Emp\u00eache l&#8217;eau de se troubler<\/li>\n<li>Sans phosphate<\/li>\n<\/ul>\n<h2>DESCRIPTION :<\/h2>\n<ul>\n<li>Liquide sans odeur<\/li>\n<li>Contient de l&#8217;acide polycarbonique<\/li>\n<\/ul>\n<h2>RECOMMANDATION \/ DOSAGE :<\/h2>\n<ul>\n<li>Ajouter l&#8217;Anti-calcaire Spatime directement dans l&#8217;eau de votre Spa, filtration en fonctionnement, imm\u00e9diatement apr\u00e8s chaque remplissage et avant l&#8217;ajout des produits d&#8217;entretien de l&#8217;eau.<\/li>\n<li>Dosage : 20 \u00e0 30 ml D&#8217;anti-Calcaire par m3.<\/li>\n<\/ul>\n<p>Poids net : 1L<\/p>\n","protected":false},"excerpt":{"rendered":"<p><b>Anti Calcaire Spatime\u00a0<\/b><br \/>\nL&#8217;Anti-calcaire Spatime \u00e9vite qu&#8217;une formation de d\u00e9p\u00f4t de calcaire se fixe sur la paroi votre spa ainsi que dans la tuyauterie. \u00a0Ce produit est sous forme liquide et est sans odeur.<\/p>\n","protected":false},"featured_media":917,"comment_status":"open","ping_status":"closed","template":"","meta":[],"product_brand":[],"product_cat":[33,56,73],"product_tag":[],"class_list":{"0":"post-916","1":"product","2":"type-product","3":"status-publish","4":"has-post-thumbnail","6":"product_cat-produits-dentretien","7":"product_cat-au-detail","8":"product_cat-anti-calcaire","9":"product_shipping_class-produits","11":"first","12":"instock","13":"featured","14":"taxable","15":"shipping-taxable","16":"purchasable","17":"product-type-simple"},"yoast_head":"<!-- This site is optimized with the Yoast SEO plugin v27.0 - https:\/\/yoast.com\/product\/yoast-seo-wordpress\/ -->\n<title>Anti Calcaire Spatime Bayrol | Sani Spa Collection<\/title>\n<meta name=\"robots\" content=\"index, follow, max-snippet:-1, max-image-preview:large, max-video-preview:-1\" \/>\n<link rel=\"canonical\" href=\"https:\/\/www.sani-spa.fr\/collection\/produit\/anti-calcaire-spatime-bayrol\/\" \/>\n<meta property=\"og:locale\" content=\"fr_FR\" \/>\n<meta property=\"og:type\" content=\"article\" \/>\n<meta property=\"og:title\" content=\"Anti Calcaire Spatime Bayrol | Sani Spa Collection\" \/>\n<meta property=\"og:description\" content=\"Anti Calcaire Spatime\u00a0 L&#039;Anti-calcaire Spatime \u00e9vite qu&#039;une formation de d\u00e9p\u00f4t de calcaire se fixe sur la paroi votre spa ainsi que dans la tuyauterie. \u00a0Ce produit est sous forme liquide et est sans odeur.\" \/>\n<meta property=\"og:url\" content=\"https:\/\/www.sani-spa.fr\/collection\/produit\/anti-calcaire-spatime-bayrol\/\" \/>\n<meta property=\"og:site_name\" content=\"Sani Spa Collection\" \/>\n<meta property=\"article:publisher\" content=\"https:\/\/www.facebook.com\/sarlsanispa\" \/>\n<meta property=\"article:modified_time\" content=\"2022-11-29T15:34:22+00:00\" \/>\n<meta property=\"og:image\" content=\"https:\/\/www.sani-spa.fr\/collection\/wp-collection\/uploads\/2020\/01\/anti-calcaire-spatime-bayrol-1l_1.jpg\" \/>\n\t<meta property=\"og:image:width\" content=\"600\" \/>\n\t<meta property=\"og:image:height\" content=\"600\" \/>\n\t<meta property=\"og:image:type\" content=\"image\/jpeg\" \/>\n<meta name=\"twitter:card\" content=\"summary_large_image\" \/>\n<script type=\"application\/ld+json\" class=\"yoast-schema-graph\">{\"@context\":\"https:\/\/schema.org\",\"@graph\":[{\"@type\":\"WebPage\",\"@id\":\"https:\/\/www.sani-spa.fr\/collection\/produit\/anti-calcaire-spatime-bayrol\/\",\"url\":\"https:\/\/www.sani-spa.fr\/collection\/produit\/anti-calcaire-spatime-bayrol\/\",\"name\":\"Anti Calcaire Spatime Bayrol | Sani Spa Collection\",\"isPartOf\":{\"@id\":\"https:\/\/www.sani-spa.fr\/collection\/#website\"},\"primaryImageOfPage\":{\"@id\":\"https:\/\/www.sani-spa.fr\/collection\/produit\/anti-calcaire-spatime-bayrol\/#primaryimage\"},\"image\":{\"@id\":\"https:\/\/www.sani-spa.fr\/collection\/produit\/anti-calcaire-spatime-bayrol\/#primaryimage\"},\"thumbnailUrl\":\"https:\/\/www.sani-spa.fr\/collection\/wp-collection\/uploads\/2020\/01\/anti-calcaire-spatime-bayrol-1l_1.jpg\",\"datePublished\":\"2020-01-21T15:59:11+00:00\",\"dateModified\":\"2022-11-29T15:34:22+00:00\",\"breadcrumb\":{\"@id\":\"https:\/\/www.sani-spa.fr\/collection\/produit\/anti-calcaire-spatime-bayrol\/#breadcrumb\"},\"inLanguage\":\"fr-FR\",\"potentialAction\":[{\"@type\":\"ReadAction\",\"target\":[\"https:\/\/www.sani-spa.fr\/collection\/produit\/anti-calcaire-spatime-bayrol\/\"]}]},{\"@type\":\"ImageObject\",\"inLanguage\":\"fr-FR\",\"@id\":\"https:\/\/www.sani-spa.fr\/collection\/produit\/anti-calcaire-spatime-bayrol\/#primaryimage\",\"url\":\"https:\/\/www.sani-spa.fr\/collection\/wp-collection\/uploads\/2020\/01\/anti-calcaire-spatime-bayrol-1l_1.jpg\",\"contentUrl\":\"https:\/\/www.sani-spa.fr\/collection\/wp-collection\/uploads\/2020\/01\/anti-calcaire-spatime-bayrol-1l_1.jpg\",\"width\":600,\"height\":600},{\"@type\":\"BreadcrumbList\",\"@id\":\"https:\/\/www.sani-spa.fr\/collection\/produit\/anti-calcaire-spatime-bayrol\/#breadcrumb\",\"itemListElement\":[{\"@type\":\"ListItem\",\"position\":1,\"name\":\"Accueil\",\"item\":\"https:\/\/www.sani-spa.fr\/collection\/\"},{\"@type\":\"ListItem\",\"position\":2,\"name\":\"Sani Spa CollectionPi\u00e8ces D\u00e9tach\u00e9es &amp; Accessoires pour Spas\",\"item\":\"https:\/\/www.sani-spa.fr\/collection\/\"},{\"@type\":\"ListItem\",\"position\":3,\"name\":\"Anti Calcaire Spatime Bayrol\"}]},{\"@type\":\"WebSite\",\"@id\":\"https:\/\/www.sani-spa.fr\/collection\/#website\",\"url\":\"https:\/\/www.sani-spa.fr\/collection\/\",\"name\":\"Sani Spa Collection\",\"description\":\"Boutique spas &amp; accessoires spa\",\"publisher\":{\"@id\":\"https:\/\/www.sani-spa.fr\/collection\/#organization\"},\"potentialAction\":[{\"@type\":\"SearchAction\",\"target\":{\"@type\":\"EntryPoint\",\"urlTemplate\":\"https:\/\/www.sani-spa.fr\/collection\/?s={search_term_string}\"},\"query-input\":{\"@type\":\"PropertyValueSpecification\",\"valueRequired\":true,\"valueName\":\"search_term_string\"}}],\"inLanguage\":\"fr-FR\"},{\"@type\":\"Organization\",\"@id\":\"https:\/\/www.sani-spa.fr\/collection\/#organization\",\"name\":\"Sani Spa Collection\",\"url\":\"https:\/\/www.sani-spa.fr\/collection\/\",\"logo\":{\"@type\":\"ImageObject\",\"inLanguage\":\"fr-FR\",\"@id\":\"https:\/\/www.sani-spa.fr\/collection\/#\/schema\/logo\/image\/\",\"url\":\"https:\/\/www.sani-spa.fr\/collection\/wp-collection\/uploads\/2017\/10\/logo-sani-spa-collection.png\",\"contentUrl\":\"https:\/\/www.sani-spa.fr\/collection\/wp-collection\/uploads\/2017\/10\/logo-sani-spa-collection.png\",\"width\":231,\"height\":54,\"caption\":\"Sani Spa Collection\"},\"image\":{\"@id\":\"https:\/\/www.sani-spa.fr\/collection\/#\/schema\/logo\/image\/\"},\"sameAs\":[\"https:\/\/www.facebook.com\/sarlsanispa\"]}]}<\/script>\n<!-- \/ Yoast SEO plugin. -->","yoast_head_json":{"title":"Anti Calcaire Spatime Bayrol | Sani Spa Collection","robots":{"index":"index","follow":"follow","max-snippet":"max-snippet:-1","max-image-preview":"max-image-preview:large","max-video-preview":"max-video-preview:-1"},"canonical":"https:\/\/www.sani-spa.fr\/collection\/produit\/anti-calcaire-spatime-bayrol\/","og_locale":"fr_FR","og_type":"article","og_title":"Anti Calcaire Spatime Bayrol | Sani Spa Collection","og_description":"Anti Calcaire Spatime\u00a0 L'Anti-calcaire Spatime \u00e9vite qu'une formation de d\u00e9p\u00f4t de calcaire se fixe sur la paroi votre spa ainsi que dans la tuyauterie. \u00a0Ce produit est sous forme liquide et est sans odeur.","og_url":"https:\/\/www.sani-spa.fr\/collection\/produit\/anti-calcaire-spatime-bayrol\/","og_site_name":"Sani Spa Collection","article_publisher":"https:\/\/www.facebook.com\/sarlsanispa","article_modified_time":"2022-11-29T15:34:22+00:00","og_image":[{"width":600,"height":600,"url":"https:\/\/www.sani-spa.fr\/collection\/wp-collection\/uploads\/2020\/01\/anti-calcaire-spatime-bayrol-1l_1.jpg","type":"image\/jpeg"}],"twitter_card":"summary_large_image","schema":{"@context":"https:\/\/schema.org","@graph":[{"@type":"WebPage","@id":"https:\/\/www.sani-spa.fr\/collection\/produit\/anti-calcaire-spatime-bayrol\/","url":"https:\/\/www.sani-spa.fr\/collection\/produit\/anti-calcaire-spatime-bayrol\/","name":"Anti Calcaire Spatime Bayrol | Sani Spa Collection","isPartOf":{"@id":"https:\/\/www.sani-spa.fr\/collection\/#website"},"primaryImageOfPage":{"@id":"https:\/\/www.sani-spa.fr\/collection\/produit\/anti-calcaire-spatime-bayrol\/#primaryimage"},"image":{"@id":"https:\/\/www.sani-spa.fr\/collection\/produit\/anti-calcaire-spatime-bayrol\/#primaryimage"},"thumbnailUrl":"https:\/\/www.sani-spa.fr\/collection\/wp-collection\/uploads\/2020\/01\/anti-calcaire-spatime-bayrol-1l_1.jpg","datePublished":"2020-01-21T15:59:11+00:00","dateModified":"2022-11-29T15:34:22+00:00","breadcrumb":{"@id":"https:\/\/www.sani-spa.fr\/collection\/produit\/anti-calcaire-spatime-bayrol\/#breadcrumb"},"inLanguage":"fr-FR","potentialAction":[{"@type":"ReadAction","target":["https:\/\/www.sani-spa.fr\/collection\/produit\/anti-calcaire-spatime-bayrol\/"]}]},{"@type":"ImageObject","inLanguage":"fr-FR","@id":"https:\/\/www.sani-spa.fr\/collection\/produit\/anti-calcaire-spatime-bayrol\/#primaryimage","url":"https:\/\/www.sani-spa.fr\/collection\/wp-collection\/uploads\/2020\/01\/anti-calcaire-spatime-bayrol-1l_1.jpg","contentUrl":"https:\/\/www.sani-spa.fr\/collection\/wp-collection\/uploads\/2020\/01\/anti-calcaire-spatime-bayrol-1l_1.jpg","width":600,"height":600},{"@type":"BreadcrumbList","@id":"https:\/\/www.sani-spa.fr\/collection\/produit\/anti-calcaire-spatime-bayrol\/#breadcrumb","itemListElement":[{"@type":"ListItem","position":1,"name":"Accueil","item":"https:\/\/www.sani-spa.fr\/collection\/"},{"@type":"ListItem","position":2,"name":"Sani Spa CollectionPi\u00e8ces D\u00e9tach\u00e9es &amp; Accessoires pour Spas","item":"https:\/\/www.sani-spa.fr\/collection\/"},{"@type":"ListItem","position":3,"name":"Anti Calcaire Spatime Bayrol"}]},{"@type":"WebSite","@id":"https:\/\/www.sani-spa.fr\/collection\/#website","url":"https:\/\/www.sani-spa.fr\/collection\/","name":"Sani Spa Collection","description":"Boutique spas &amp; accessoires spa","publisher":{"@id":"https:\/\/www.sani-spa.fr\/collection\/#organization"},"potentialAction":[{"@type":"SearchAction","target":{"@type":"EntryPoint","urlTemplate":"https:\/\/www.sani-spa.fr\/collection\/?s={search_term_string}"},"query-input":{"@type":"PropertyValueSpecification","valueRequired":true,"valueName":"search_term_string"}}],"inLanguage":"fr-FR"},{"@type":"Organization","@id":"https:\/\/www.sani-spa.fr\/collection\/#organization","name":"Sani Spa Collection","url":"https:\/\/www.sani-spa.fr\/collection\/","logo":{"@type":"ImageObject","inLanguage":"fr-FR","@id":"https:\/\/www.sani-spa.fr\/collection\/#\/schema\/logo\/image\/","url":"https:\/\/www.sani-spa.fr\/collection\/wp-collection\/uploads\/2017\/10\/logo-sani-spa-collection.png","contentUrl":"https:\/\/www.sani-spa.fr\/collection\/wp-collection\/uploads\/2017\/10\/logo-sani-spa-collection.png","width":231,"height":54,"caption":"Sani Spa Collection"},"image":{"@id":"https:\/\/www.sani-spa.fr\/collection\/#\/schema\/logo\/image\/"},"sameAs":["https:\/\/www.facebook.com\/sarlsanispa"]}]}},"jetpack_sharing_enabled":true,"_links":{"self":[{"href":"https:\/\/www.sani-spa.fr\/collection\/wp-json\/wp\/v2\/product\/916","targetHints":{"allow":["GET"]}}],"collection":[{"href":"https:\/\/www.sani-spa.fr\/collection\/wp-json\/wp\/v2\/product"}],"about":[{"href":"https:\/\/www.sani-spa.fr\/collection\/wp-json\/wp\/v2\/types\/product"}],"replies":[{"embeddable":true,"href":"https:\/\/www.sani-spa.fr\/collection\/wp-json\/wp\/v2\/comments?post=916"}],"wp:featuredmedia":[{"embeddable":true,"href":"https:\/\/www.sani-spa.fr\/collection\/wp-json\/wp\/v2\/media\/917"}],"wp:attachment":[{"href":"https:\/\/www.sani-spa.fr\/collection\/wp-json\/wp\/v2\/media?parent=916"}],"wp:term":[{"taxonomy":"product_brand","embeddable":true,"href":"https:\/\/www.sani-spa.fr\/collection\/wp-json\/wp\/v2\/product_brand?post=916"},{"taxonomy":"product_cat","embeddable":true,"href":"https:\/\/www.sani-spa.fr\/collection\/wp-json\/wp\/v2\/product_cat?post=916"},{"taxonomy":"product_tag","embeddable":true,"href":"https:\/\/www.sani-spa.fr\/collection\/wp-json\/wp\/v2\/product_tag?post=916"}],"curies":[{"name":"wp","href":"https:\/\/api.w.org\/{rel}","templated":true}]}}