{"id":920,"date":"2020-01-21T17:03:35","date_gmt":"2020-01-21T16:03:35","guid":{"rendered":"https:\/\/www.sani-spa.fr\/collection\/?post_type=product&#038;p=920"},"modified":"2022-11-29T16:32:34","modified_gmt":"2022-11-29T15:32:34","slug":"bandelettes-danalyses-deau-spatime","status":"publish","type":"product","link":"https:\/\/www.sani-spa.fr\/collection\/produit\/bandelettes-danalyses-deau-spatime\/","title":{"rendered":"Bandelettes d&#8217;Analyses d&#8217;Eau Spatime"},"content":{"rendered":"<h2>LES AVANTAGES:<\/h2>\n<ul>\n<li>Mesure 5 donn\u00e9es diff\u00e9rentes avec seulement 1 bandelette<\/li>\n<li>Simple d&#8217;utilisation<\/li>\n<li>Lecture rapide des r\u00e9sultats<\/li>\n<\/ul>\n<h2>DESCRIPTION :<\/h2>\n<ul>\n<li>Bandelettes Test avec 5 tampons de mesure.<\/li>\n<\/ul>\n<h2>RECOMMANDATION \/ DOSAGE :<\/h2>\n<ul>\n<li>Tremper enti\u00e8rement la bandelette dans l&#8217;eau, en effectuant des va et vient pendant 5 secondes puis la retirer. Ne pas secouer la bandelette et comparer imm\u00e9diatement aux nuanciers pour conna\u00eetre la valeur de pH et, selon votre m\u00e9thode de traitement, la valeur d&#8217;oxyg\u00e8ne actif.<\/li>\n<li>Attendre 10 secondes suppl\u00e9mentaires puis comparer aux nuanciers concern\u00e9s pour conna\u00eetre les valeurs de duret\u00e9 de l&#8217;eau, l&#8217;alcalinit\u00e9 et, selon votre m\u00e9thode de traitement, de chlore ou brome.<\/li>\n<\/ul>\n<p>Nombre de bandelettes : 50 bandelettes par boite<\/p>\n","protected":false},"excerpt":{"rendered":"<p><strong>Bandelettes d&#8217;analyses de l&#8217;eau Spatime<\/strong> par Bayrol<\/p>\n<p>Les Bandelettes 5 analyses Spatime mesurent :<\/p>\n<ul>\n<li>PH<\/li>\n<li>chlore<\/li>\n<li>oxyg\u00e8ne actif<\/li>\n<li>alcalinit\u00e9<\/li>\n<li>duret\u00e9 de l&#8217;eau.<\/li>\n<\/ul>\n<p>Simple d&#8217;utilisation pour une analyse de votre eau optimale.<\/p>\n","protected":false},"featured_media":921,"comment_status":"open","ping_status":"closed","template":"","meta":[],"product_brand":[],"product_cat":[33,56,75],"product_tag":[],"class_list":{"0":"post-920","1":"product","2":"type-product","3":"status-publish","4":"has-post-thumbnail","6":"product_cat-produits-dentretien","7":"product_cat-au-detail","8":"product_cat-test-analyse-de-la-qualite-de-leau-de-votre-spa","9":"product_shipping_class-produits","11":"first","12":"instock","13":"taxable","14":"shipping-taxable","15":"purchasable","16":"product-type-simple"},"yoast_head":"<!-- This site is optimized with the Yoast SEO plugin v27.0 - https:\/\/yoast.com\/product\/yoast-seo-wordpress\/ -->\n<title>Bandelettes d&#039;Analyses d&#039;Eau Spatime | Sani Spa Collection<\/title>\n<meta name=\"robots\" content=\"index, follow, max-snippet:-1, max-image-preview:large, max-video-preview:-1\" \/>\n<link rel=\"canonical\" href=\"https:\/\/www.sani-spa.fr\/collection\/produit\/bandelettes-danalyses-deau-spatime\/\" \/>\n<meta property=\"og:locale\" content=\"fr_FR\" \/>\n<meta property=\"og:type\" content=\"article\" \/>\n<meta property=\"og:title\" content=\"Bandelettes d&#039;Analyses d&#039;Eau Spatime | Sani Spa Collection\" \/>\n<meta property=\"og:description\" content=\"Bandelettes d&#039;analyses de l&#039;eau Spatime par Bayrol  Les Bandelettes 5 analyses Spatime mesurent :   PH  chlore  oxyg\u00e8ne actif  alcalinit\u00e9  duret\u00e9 de l&#039;eau.  Simple d&#039;utilisation pour une analyse de votre eau optimale.\" \/>\n<meta property=\"og:url\" content=\"https:\/\/www.sani-spa.fr\/collection\/produit\/bandelettes-danalyses-deau-spatime\/\" \/>\n<meta property=\"og:site_name\" content=\"Sani Spa Collection\" \/>\n<meta property=\"article:publisher\" content=\"https:\/\/www.facebook.com\/sarlsanispa\" \/>\n<meta property=\"article:modified_time\" content=\"2022-11-29T15:32:34+00:00\" \/>\n<meta property=\"og:image\" content=\"https:\/\/www.sani-spa.fr\/collection\/wp-collection\/uploads\/2020\/01\/spatime_fr_bandelettes_5_analyses_-_1.jpg\" \/>\n\t<meta property=\"og:image:width\" content=\"600\" \/>\n\t<meta property=\"og:image:height\" content=\"600\" \/>\n\t<meta property=\"og:image:type\" content=\"image\/jpeg\" \/>\n<meta name=\"twitter:card\" content=\"summary_large_image\" \/>\n<meta name=\"twitter:label1\" content=\"Dur\u00e9e de lecture estim\u00e9e\" \/>\n\t<meta name=\"twitter:data1\" content=\"1 minute\" \/>\n<script type=\"application\/ld+json\" class=\"yoast-schema-graph\">{\"@context\":\"https:\/\/schema.org\",\"@graph\":[{\"@type\":\"WebPage\",\"@id\":\"https:\/\/www.sani-spa.fr\/collection\/produit\/bandelettes-danalyses-deau-spatime\/\",\"url\":\"https:\/\/www.sani-spa.fr\/collection\/produit\/bandelettes-danalyses-deau-spatime\/\",\"name\":\"Bandelettes d'Analyses d'Eau Spatime | Sani Spa Collection\",\"isPartOf\":{\"@id\":\"https:\/\/www.sani-spa.fr\/collection\/#website\"},\"primaryImageOfPage\":{\"@id\":\"https:\/\/www.sani-spa.fr\/collection\/produit\/bandelettes-danalyses-deau-spatime\/#primaryimage\"},\"image\":{\"@id\":\"https:\/\/www.sani-spa.fr\/collection\/produit\/bandelettes-danalyses-deau-spatime\/#primaryimage\"},\"thumbnailUrl\":\"https:\/\/www.sani-spa.fr\/collection\/wp-collection\/uploads\/2020\/01\/spatime_fr_bandelettes_5_analyses_-_1.jpg\",\"datePublished\":\"2020-01-21T16:03:35+00:00\",\"dateModified\":\"2022-11-29T15:32:34+00:00\",\"breadcrumb\":{\"@id\":\"https:\/\/www.sani-spa.fr\/collection\/produit\/bandelettes-danalyses-deau-spatime\/#breadcrumb\"},\"inLanguage\":\"fr-FR\",\"potentialAction\":[{\"@type\":\"ReadAction\",\"target\":[\"https:\/\/www.sani-spa.fr\/collection\/produit\/bandelettes-danalyses-deau-spatime\/\"]}]},{\"@type\":\"ImageObject\",\"inLanguage\":\"fr-FR\",\"@id\":\"https:\/\/www.sani-spa.fr\/collection\/produit\/bandelettes-danalyses-deau-spatime\/#primaryimage\",\"url\":\"https:\/\/www.sani-spa.fr\/collection\/wp-collection\/uploads\/2020\/01\/spatime_fr_bandelettes_5_analyses_-_1.jpg\",\"contentUrl\":\"https:\/\/www.sani-spa.fr\/collection\/wp-collection\/uploads\/2020\/01\/spatime_fr_bandelettes_5_analyses_-_1.jpg\",\"width\":600,\"height\":600},{\"@type\":\"BreadcrumbList\",\"@id\":\"https:\/\/www.sani-spa.fr\/collection\/produit\/bandelettes-danalyses-deau-spatime\/#breadcrumb\",\"itemListElement\":[{\"@type\":\"ListItem\",\"position\":1,\"name\":\"Accueil\",\"item\":\"https:\/\/www.sani-spa.fr\/collection\/\"},{\"@type\":\"ListItem\",\"position\":2,\"name\":\"Sani Spa CollectionPi\u00e8ces D\u00e9tach\u00e9es &amp; Accessoires pour Spas\",\"item\":\"https:\/\/www.sani-spa.fr\/collection\/\"},{\"@type\":\"ListItem\",\"position\":3,\"name\":\"Bandelettes d&#8217;Analyses d&#8217;Eau Spatime\"}]},{\"@type\":\"WebSite\",\"@id\":\"https:\/\/www.sani-spa.fr\/collection\/#website\",\"url\":\"https:\/\/www.sani-spa.fr\/collection\/\",\"name\":\"Sani Spa Collection\",\"description\":\"Boutique spas &amp; accessoires spa\",\"publisher\":{\"@id\":\"https:\/\/www.sani-spa.fr\/collection\/#organization\"},\"potentialAction\":[{\"@type\":\"SearchAction\",\"target\":{\"@type\":\"EntryPoint\",\"urlTemplate\":\"https:\/\/www.sani-spa.fr\/collection\/?s={search_term_string}\"},\"query-input\":{\"@type\":\"PropertyValueSpecification\",\"valueRequired\":true,\"valueName\":\"search_term_string\"}}],\"inLanguage\":\"fr-FR\"},{\"@type\":\"Organization\",\"@id\":\"https:\/\/www.sani-spa.fr\/collection\/#organization\",\"name\":\"Sani Spa Collection\",\"url\":\"https:\/\/www.sani-spa.fr\/collection\/\",\"logo\":{\"@type\":\"ImageObject\",\"inLanguage\":\"fr-FR\",\"@id\":\"https:\/\/www.sani-spa.fr\/collection\/#\/schema\/logo\/image\/\",\"url\":\"https:\/\/www.sani-spa.fr\/collection\/wp-collection\/uploads\/2017\/10\/logo-sani-spa-collection.png\",\"contentUrl\":\"https:\/\/www.sani-spa.fr\/collection\/wp-collection\/uploads\/2017\/10\/logo-sani-spa-collection.png\",\"width\":231,\"height\":54,\"caption\":\"Sani Spa Collection\"},\"image\":{\"@id\":\"https:\/\/www.sani-spa.fr\/collection\/#\/schema\/logo\/image\/\"},\"sameAs\":[\"https:\/\/www.facebook.com\/sarlsanispa\"]}]}<\/script>\n<!-- \/ Yoast SEO plugin. -->","yoast_head_json":{"title":"Bandelettes d'Analyses d'Eau Spatime | Sani Spa Collection","robots":{"index":"index","follow":"follow","max-snippet":"max-snippet:-1","max-image-preview":"max-image-preview:large","max-video-preview":"max-video-preview:-1"},"canonical":"https:\/\/www.sani-spa.fr\/collection\/produit\/bandelettes-danalyses-deau-spatime\/","og_locale":"fr_FR","og_type":"article","og_title":"Bandelettes d'Analyses d'Eau Spatime | Sani Spa Collection","og_description":"Bandelettes d'analyses de l'eau Spatime par Bayrol  Les Bandelettes 5 analyses Spatime mesurent :   PH  chlore  oxyg\u00e8ne actif  alcalinit\u00e9  duret\u00e9 de l'eau.  Simple d'utilisation pour une analyse de votre eau optimale.","og_url":"https:\/\/www.sani-spa.fr\/collection\/produit\/bandelettes-danalyses-deau-spatime\/","og_site_name":"Sani Spa Collection","article_publisher":"https:\/\/www.facebook.com\/sarlsanispa","article_modified_time":"2022-11-29T15:32:34+00:00","og_image":[{"width":600,"height":600,"url":"https:\/\/www.sani-spa.fr\/collection\/wp-collection\/uploads\/2020\/01\/spatime_fr_bandelettes_5_analyses_-_1.jpg","type":"image\/jpeg"}],"twitter_card":"summary_large_image","twitter_misc":{"Dur\u00e9e de lecture estim\u00e9e":"1 minute"},"schema":{"@context":"https:\/\/schema.org","@graph":[{"@type":"WebPage","@id":"https:\/\/www.sani-spa.fr\/collection\/produit\/bandelettes-danalyses-deau-spatime\/","url":"https:\/\/www.sani-spa.fr\/collection\/produit\/bandelettes-danalyses-deau-spatime\/","name":"Bandelettes d'Analyses d'Eau Spatime | Sani Spa Collection","isPartOf":{"@id":"https:\/\/www.sani-spa.fr\/collection\/#website"},"primaryImageOfPage":{"@id":"https:\/\/www.sani-spa.fr\/collection\/produit\/bandelettes-danalyses-deau-spatime\/#primaryimage"},"image":{"@id":"https:\/\/www.sani-spa.fr\/collection\/produit\/bandelettes-danalyses-deau-spatime\/#primaryimage"},"thumbnailUrl":"https:\/\/www.sani-spa.fr\/collection\/wp-collection\/uploads\/2020\/01\/spatime_fr_bandelettes_5_analyses_-_1.jpg","datePublished":"2020-01-21T16:03:35+00:00","dateModified":"2022-11-29T15:32:34+00:00","breadcrumb":{"@id":"https:\/\/www.sani-spa.fr\/collection\/produit\/bandelettes-danalyses-deau-spatime\/#breadcrumb"},"inLanguage":"fr-FR","potentialAction":[{"@type":"ReadAction","target":["https:\/\/www.sani-spa.fr\/collection\/produit\/bandelettes-danalyses-deau-spatime\/"]}]},{"@type":"ImageObject","inLanguage":"fr-FR","@id":"https:\/\/www.sani-spa.fr\/collection\/produit\/bandelettes-danalyses-deau-spatime\/#primaryimage","url":"https:\/\/www.sani-spa.fr\/collection\/wp-collection\/uploads\/2020\/01\/spatime_fr_bandelettes_5_analyses_-_1.jpg","contentUrl":"https:\/\/www.sani-spa.fr\/collection\/wp-collection\/uploads\/2020\/01\/spatime_fr_bandelettes_5_analyses_-_1.jpg","width":600,"height":600},{"@type":"BreadcrumbList","@id":"https:\/\/www.sani-spa.fr\/collection\/produit\/bandelettes-danalyses-deau-spatime\/#breadcrumb","itemListElement":[{"@type":"ListItem","position":1,"name":"Accueil","item":"https:\/\/www.sani-spa.fr\/collection\/"},{"@type":"ListItem","position":2,"name":"Sani Spa CollectionPi\u00e8ces D\u00e9tach\u00e9es &amp; Accessoires pour Spas","item":"https:\/\/www.sani-spa.fr\/collection\/"},{"@type":"ListItem","position":3,"name":"Bandelettes d&#8217;Analyses d&#8217;Eau Spatime"}]},{"@type":"WebSite","@id":"https:\/\/www.sani-spa.fr\/collection\/#website","url":"https:\/\/www.sani-spa.fr\/collection\/","name":"Sani Spa Collection","description":"Boutique spas &amp; accessoires spa","publisher":{"@id":"https:\/\/www.sani-spa.fr\/collection\/#organization"},"potentialAction":[{"@type":"SearchAction","target":{"@type":"EntryPoint","urlTemplate":"https:\/\/www.sani-spa.fr\/collection\/?s={search_term_string}"},"query-input":{"@type":"PropertyValueSpecification","valueRequired":true,"valueName":"search_term_string"}}],"inLanguage":"fr-FR"},{"@type":"Organization","@id":"https:\/\/www.sani-spa.fr\/collection\/#organization","name":"Sani Spa Collection","url":"https:\/\/www.sani-spa.fr\/collection\/","logo":{"@type":"ImageObject","inLanguage":"fr-FR","@id":"https:\/\/www.sani-spa.fr\/collection\/#\/schema\/logo\/image\/","url":"https:\/\/www.sani-spa.fr\/collection\/wp-collection\/uploads\/2017\/10\/logo-sani-spa-collection.png","contentUrl":"https:\/\/www.sani-spa.fr\/collection\/wp-collection\/uploads\/2017\/10\/logo-sani-spa-collection.png","width":231,"height":54,"caption":"Sani Spa Collection"},"image":{"@id":"https:\/\/www.sani-spa.fr\/collection\/#\/schema\/logo\/image\/"},"sameAs":["https:\/\/www.facebook.com\/sarlsanispa"]}]}},"jetpack_sharing_enabled":true,"_links":{"self":[{"href":"https:\/\/www.sani-spa.fr\/collection\/wp-json\/wp\/v2\/product\/920","targetHints":{"allow":["GET"]}}],"collection":[{"href":"https:\/\/www.sani-spa.fr\/collection\/wp-json\/wp\/v2\/product"}],"about":[{"href":"https:\/\/www.sani-spa.fr\/collection\/wp-json\/wp\/v2\/types\/product"}],"replies":[{"embeddable":true,"href":"https:\/\/www.sani-spa.fr\/collection\/wp-json\/wp\/v2\/comments?post=920"}],"wp:featuredmedia":[{"embeddable":true,"href":"https:\/\/www.sani-spa.fr\/collection\/wp-json\/wp\/v2\/media\/921"}],"wp:attachment":[{"href":"https:\/\/www.sani-spa.fr\/collection\/wp-json\/wp\/v2\/media?parent=920"}],"wp:term":[{"taxonomy":"product_brand","embeddable":true,"href":"https:\/\/www.sani-spa.fr\/collection\/wp-json\/wp\/v2\/product_brand?post=920"},{"taxonomy":"product_cat","embeddable":true,"href":"https:\/\/www.sani-spa.fr\/collection\/wp-json\/wp\/v2\/product_cat?post=920"},{"taxonomy":"product_tag","embeddable":true,"href":"https:\/\/www.sani-spa.fr\/collection\/wp-json\/wp\/v2\/product_tag?post=920"}],"curies":[{"name":"wp","href":"https:\/\/api.w.org\/{rel}","templated":true}]}}